{"id":335364,"date":"2019-05-23T16:20:11","date_gmt":"2019-05-23T13:20:15","guid":{"rendered":"https:\/\/sharks.ee\/vunder_2019\/product\/akriliniai-dazu-rinkinys-sennelier-artist\/"},"modified":"2019-09-16T15:03:59","modified_gmt":"2019-09-16T12:03:59","slug":"akriliniai-dazu-rinkinys-sennelier-artist","status":"publish","type":"product","link":"https:\/\/hobstop.ee\/lt\/produktas\/akriliniai-dazu-rinkinys-sennelier-artist\/","title":{"rendered":"Akriliniai da\u017e\u0173 rinkinys Sennelier Artist"},"content":{"rendered":"<p>\u201eSennelier\u201c menininkams skirtos kokyb\u0117s akrilini\u0173 da\u017e\u0173 linijos tikslas buvo sukurti meninink\u0173 klas\u0117s akrilini\u0173 da\u017e\u0173 linij\u0105, kuri\u0173 konsistencija ir atvaizdavimo paj\u0117gumai yra tokie patys, kaip ir itin kokybi\u0161k\u0173 aliejini\u0173 da\u017e\u0173. Da\u017e\u0173 tekst\u016bra yra pana\u0161i \u012f past\u0105, kremin\u0117 ir tir\u0161ta, atskleid\u017eianti pastebimus teptuk\u0173 ar menteli\u0173 pot\u0117pius.  \u0160ie da\u017eai pasi\u017eymi dideliu pigmento kiekiu (pirminiais pigmentais), parinktais siekiant u\u017etikrinti optimal\u0173 spalv\u0173 stabilum\u0105.  \u201eSennelier\u201c i\u0161laiko amat\u0173 gamybos tradicij\u0105, o gaminiams yra taikoma grie\u017eta ir nuolatin\u0117 kokyb\u0117s kontrol\u0117. Kiekvienas gamybos etapas yra kruop\u0161\u010diai i\u0161bandomas laboratorijoje.  Produktas tiekiamas rinkai tik po serijos bandym\u0173, patvirtinan\u010di\u0173, kad jis atitinka labai specifinius spalv\u0173, atsparumo blukimui, nuoseklumo, sodrumo, kokyb\u0117s, pH ir d\u017eiovinimo reikalavimus. Itin kokybi\u0161ki akrilo da\u017eai \u201eSennelier\u201c si\u016blo galimyb\u0119 dirbti sluoksniais arba \u0161lapia technika, juos galima derinti ir su kitomis technikomis, pvz., pastele, anglimi ar tu\u0161u, sluoksniavimu ir kuriant kolia\u017eus bei \u012fvairi\u0173 med\u017eiag\u0173 mozaikose. Juos galima naudoti lauke arba studijoje. Da\u017eai  labai gerai sukimba su daugeliu neriebi\u0173 pavir\u0161i\u0173: popieriumi, drobe, kartonu, mediena, audiniu, cementu, gipsu, tam tikr\u0173 r\u016b\u0161i\u0173 plastiku ir metalu. Juos galima tepti teptuku, tapymo ar metaline mentele, da\u017eus galima ant pavir\u0161iaus spausti tiesiai i\u0161 t\u016bbeles, kad gautum\u0117te storas linijas arba netgi u\u017etepti pir\u0161tais. Jie puikiai tinka fonui ir gali b\u016bti mai\u0161omi su priedais, norint modifikuoti da\u017e\u0173 tekst\u016br\u0105, klampum\u0105, skaidrum\u0105 ar \u0161viesum\u0105.  \u201eSennelier\u201c itin auk\u0161tos kokyb\u0117s akriliniai da\u017eai yra beveik bekvapiai ir greitai d\u017ei\u016bsta, sukurdami ilgalaik\u0119, netirpi\u0105 ir neai\u017e\u0117jan\u010di\u0105, negeltonuojan\u010di\u0105, vandeniui atspari\u0105 pl\u0117vel\u0119. Da\u017eams i\u0161d\u017ei\u016bvus galintys atsirasti pakitimai, priklausomai nuo atspalvio, yra labai ma\u017ei arba j\u0173 i\u0161 viso n\u0117ra.<\/p>\n","protected":false},"excerpt":{"rendered":"<p>\u201eSennelier\u201c menininkams skirtos kokyb\u0117s akrilini\u0173 da\u017e\u0173 linijos tikslas buvo sukurti meninink\u0173 klas\u0117s akrilini\u0173 da\u017e\u0173 linij\u0105, kuri\u0173 konsistencija ir atvaizdavimo paj\u0117gumai yra tokie patys, kaip ir itin kokybi\u0161k\u0173 aliejini\u0173 da\u017e\u0173. Da\u017e\u0173 tekst\u016bra yra pana\u0161i \u012f past\u0105, kremin\u0117 ir tir\u0161ta, atskleid\u017eianti pastebimus teptuk\u0173 ar menteli\u0173 pot\u0117pius. \u0160ie da\u017eai pasi\u017eymi dideliu pigmento kiekiu (pirminiais pigmentais), parinktais siekiant u\u017etikrinti optimal\u0173 spalv\u0173 stabilum\u0105. \u201eSennelier\u201c i\u0161laiko amat\u0173 gamybos tradicij\u0105, o gaminiams yra taikoma grie\u017eta ir nuolatin\u0117 kokyb\u0117s kontrol\u0117. Kiekvienas gamybos etapas yra kruop\u0161\u010diai i\u0161bandomas laboratorijoje. Produktas tiekiamas rinkai tik po serijos bandym\u0173, patvirtinan\u010di\u0173, kad jis atitinka labai specifinius spalv\u0173, atsparumo blukimui, nuoseklumo, sodrumo, kokyb\u0117s, pH ir d\u017eiovinimo reikalavimus. Itin kokybi\u0161ki akrilo da\u017eai \u201eSennelier\u201c si\u016blo galimyb\u0119 dirbti sluoksniais arba \u0161lapia technika, juos galima derinti ir su kitomis technikomis, pvz., pastele, anglimi ar tu\u0161u, sluoksniavimu ir kuriant kolia\u017eus bei \u012fvairi\u0173 med\u017eiag\u0173 mozaikose. Juos galima naudoti lauke arba studijoje. Da\u017eai labai gerai sukimba su daugeliu neriebi\u0173 pavir\u0161i\u0173: popieriumi, drobe, kartonu, mediena, audiniu, cementu, gipsu, tam tikr\u0173 r\u016b\u0161i\u0173 plastiku ir metalu. Juos galima tepti teptuku, tapymo ar metaline mentele, da\u017eus galima ant pavir\u0161iaus spausti tiesiai i\u0161 t\u016bbeles, kad gautum\u0117te storas linijas arba netgi u\u017etepti pir\u0161tais. Jie puikiai tinka fonui ir gali b\u016bti mai\u0161omi su priedais, norint modifikuoti da\u017e\u0173 tekst\u016br\u0105, klampum\u0105, &hellip; <a href=\"https:\/\/hobstop.ee\/lt\/produktas\/akriliniai-dazu-rinkinys-sennelier-artist\/\">T\u0119sinys<\/a><\/p>\n","protected":false},"featured_media":352996,"comment_status":"closed","ping_status":"closed","template":"","meta":{"_acf_changed":false,"ep_exclude_from_search":false},"product_cat":[18995,16124,17981],"product_tag":[],"class_list":{"0":"post-335364","1":"product","2":"type-product","3":"status-publish","4":"has-post-thumbnail","6":"product_cat-akriliniai-dazai-4","7":"product_cat-dailes-prekes","8":"product_cat-dazai-ir-priedai-tapybai","9":"pa_kma-20408","11":"first","12":"instock","13":"taxable","14":"shipping-taxable","15":"purchasable","16":"product-type-variable"},"acf":[],"yoast_head":"<!-- This site is optimized with the Yoast SEO plugin v24.1 - https:\/\/yoast.com\/wordpress\/plugins\/seo\/ -->\n<title>Akriliniai da\u017e\u0173 rinkinys Sennelier Artist &#8211; Skizze<\/title>\n<meta name=\"robots\" content=\"noindex, follow, max-snippet:-1, max-image-preview:large, max-video-preview:-1\" \/>\n<meta property=\"og:locale\" content=\"lt_LT\" \/>\n<meta property=\"og:type\" content=\"article\" \/>\n<meta property=\"og:title\" content=\"Akriliniai da\u017e\u0173 rinkinys Sennelier Artist &#8211; Skizze\" \/>\n<meta property=\"og:description\" content=\"\u201eSennelier\u201c menininkams skirtos kokyb\u0117s akrilini\u0173 da\u017e\u0173 linijos tikslas buvo sukurti meninink\u0173 klas\u0117s akrilini\u0173 da\u017e\u0173 linij\u0105, kuri\u0173 konsistencija ir atvaizdavimo paj\u0117gumai yra tokie patys, kaip ir itin kokybi\u0161k\u0173 aliejini\u0173 da\u017e\u0173. Da\u017e\u0173 tekst\u016bra yra pana\u0161i \u012f past\u0105, kremin\u0117 ir tir\u0161ta, atskleid\u017eianti pastebimus teptuk\u0173 ar menteli\u0173 pot\u0117pius. \u0160ie da\u017eai pasi\u017eymi dideliu pigmento kiekiu (pirminiais pigmentais), parinktais siekiant u\u017etikrinti optimal\u0173 spalv\u0173 stabilum\u0105. \u201eSennelier\u201c i\u0161laiko amat\u0173 gamybos tradicij\u0105, o gaminiams yra taikoma grie\u017eta ir nuolatin\u0117 kokyb\u0117s kontrol\u0117. Kiekvienas gamybos etapas yra kruop\u0161\u010diai i\u0161bandomas laboratorijoje. Produktas tiekiamas rinkai tik po serijos bandym\u0173, patvirtinan\u010di\u0173, kad jis atitinka labai specifinius spalv\u0173, atsparumo blukimui, nuoseklumo, sodrumo, kokyb\u0117s, pH ir d\u017eiovinimo reikalavimus. Itin kokybi\u0161ki akrilo da\u017eai \u201eSennelier\u201c si\u016blo galimyb\u0119 dirbti sluoksniais arba \u0161lapia technika, juos galima derinti ir su kitomis technikomis, pvz., pastele, anglimi ar tu\u0161u, sluoksniavimu ir kuriant kolia\u017eus bei \u012fvairi\u0173 med\u017eiag\u0173 mozaikose. Juos galima naudoti lauke arba studijoje. Da\u017eai labai gerai sukimba su daugeliu neriebi\u0173 pavir\u0161i\u0173: popieriumi, drobe, kartonu, mediena, audiniu, cementu, gipsu, tam tikr\u0173 r\u016b\u0161i\u0173 plastiku ir metalu. Juos galima tepti teptuku, tapymo ar metaline mentele, da\u017eus galima ant pavir\u0161iaus spausti tiesiai i\u0161 t\u016bbeles, kad gautum\u0117te storas linijas arba netgi u\u017etepti pir\u0161tais. Jie puikiai tinka fonui ir gali b\u016bti mai\u0161omi su priedais, norint modifikuoti da\u017e\u0173 tekst\u016br\u0105, klampum\u0105, &hellip; T\u0119sinys\" \/>\n<meta property=\"og:url\" content=\"https:\/\/hobstop.ee\/lt\/produktas\/akriliniai-dazu-rinkinys-sennelier-artist\/\" \/>\n<meta property=\"og:site_name\" content=\"Skizze\" \/>\n<meta property=\"article:publisher\" content=\"http:\/\/www.facebook.com\/VunderSkizze\" \/>\n<meta property=\"article:modified_time\" content=\"2019-09-16T12:03:59+00:00\" \/>\n<meta property=\"og:image\" content=\"https:\/\/hobstop.ee\/media\/5006.jpg\" \/>\n\t<meta property=\"og:image:width\" content=\"1024\" \/>\n\t<meta property=\"og:image:height\" content=\"768\" \/>\n\t<meta property=\"og:image:type\" content=\"image\/jpeg\" \/>\n<meta name=\"twitter:card\" content=\"summary_large_image\" \/>\n<meta name=\"twitter:label1\" content=\"Est. reading time\" \/>\n\t<meta name=\"twitter:data1\" content=\"1 minute\" \/>\n<script type=\"application\/ld+json\" class=\"yoast-schema-graph\">{\"@context\":\"https:\/\/schema.org\",\"@graph\":[{\"@type\":\"WebPage\",\"@id\":\"https:\/\/hobstop.ee\/lt\/produktas\/akriliniai-dazu-rinkinys-sennelier-artist\/\",\"url\":\"https:\/\/hobstop.ee\/lt\/produktas\/akriliniai-dazu-rinkinys-sennelier-artist\/\",\"name\":\"Akriliniai da\u017e\u0173 rinkinys Sennelier Artist &#8211; Skizze\",\"isPartOf\":{\"@id\":\"https:\/\/hobstop.ee\/lt\/#website\"},\"primaryImageOfPage\":{\"@id\":\"https:\/\/hobstop.ee\/lt\/produktas\/akriliniai-dazu-rinkinys-sennelier-artist\/#primaryimage\"},\"image\":{\"@id\":\"https:\/\/hobstop.ee\/lt\/produktas\/akriliniai-dazu-rinkinys-sennelier-artist\/#primaryimage\"},\"thumbnailUrl\":\"https:\/\/hobstop.ee\/media\/5006.jpg\",\"datePublished\":\"2019-05-23T13:20:15+00:00\",\"dateModified\":\"2019-09-16T12:03:59+00:00\",\"breadcrumb\":{\"@id\":\"https:\/\/hobstop.ee\/lt\/produktas\/akriliniai-dazu-rinkinys-sennelier-artist\/#breadcrumb\"},\"inLanguage\":\"lt\",\"potentialAction\":[{\"@type\":\"ReadAction\",\"target\":[\"https:\/\/hobstop.ee\/lt\/produktas\/akriliniai-dazu-rinkinys-sennelier-artist\/\"]}]},{\"@type\":\"ImageObject\",\"inLanguage\":\"lt\",\"@id\":\"https:\/\/hobstop.ee\/lt\/produktas\/akriliniai-dazu-rinkinys-sennelier-artist\/#primaryimage\",\"url\":\"https:\/\/hobstop.ee\/media\/5006.jpg\",\"contentUrl\":\"https:\/\/hobstop.ee\/media\/5006.jpg\",\"width\":1024,\"height\":768},{\"@type\":\"BreadcrumbList\",\"@id\":\"https:\/\/hobstop.ee\/lt\/produktas\/akriliniai-dazu-rinkinys-sennelier-artist\/#breadcrumb\",\"itemListElement\":[{\"@type\":\"ListItem\",\"position\":1,\"name\":\"Avaleht\",\"item\":\"https:\/\/hobstop.ee\/lt\/\"},{\"@type\":\"ListItem\",\"position\":2,\"name\":\"Parduotuv\u0117\",\"item\":\"https:\/\/hobstop.ee\/lt\/parduotuve\/\"},{\"@type\":\"ListItem\",\"position\":3,\"name\":\"Akriliniai da\u017e\u0173 rinkinys Sennelier Artist\"}]},{\"@type\":\"WebSite\",\"@id\":\"https:\/\/hobstop.ee\/lt\/#website\",\"url\":\"https:\/\/hobstop.ee\/lt\/\",\"name\":\"Skizze\",\"description\":\"Dail\u0117s, pom\u0117gi\u0173 ir mokykliniai reikm\u0117nys\",\"publisher\":{\"@id\":\"https:\/\/hobstop.ee\/lt\/#organization\"},\"potentialAction\":[{\"@type\":\"SearchAction\",\"target\":{\"@type\":\"EntryPoint\",\"urlTemplate\":\"https:\/\/hobstop.ee\/lt\/?s={search_term_string}\"},\"query-input\":{\"@type\":\"PropertyValueSpecification\",\"valueRequired\":true,\"valueName\":\"search_term_string\"}}],\"inLanguage\":\"lt\"},{\"@type\":\"Organization\",\"@id\":\"https:\/\/hobstop.ee\/lt\/#organization\",\"name\":\"Vunder AS\",\"url\":\"https:\/\/hobstop.ee\/lt\/\",\"logo\":{\"@type\":\"ImageObject\",\"inLanguage\":\"lt\",\"@id\":\"https:\/\/hobstop.ee\/lt\/#\/schema\/logo\/image\/\",\"url\":\"https:\/\/hobstop.ee\/media\/vunder-logo.png\",\"contentUrl\":\"https:\/\/hobstop.ee\/media\/vunder-logo.png\",\"width\":127,\"height\":55,\"caption\":\"Vunder AS\"},\"image\":{\"@id\":\"https:\/\/hobstop.ee\/lt\/#\/schema\/logo\/image\/\"},\"sameAs\":[\"http:\/\/www.facebook.com\/VunderSkizze\"]}]}<\/script>\n<!-- \/ Yoast SEO plugin. -->","yoast_head_json":{"title":"Akriliniai da\u017e\u0173 rinkinys Sennelier Artist &#8211; Skizze","robots":{"index":"noindex","follow":"follow","max-snippet":"max-snippet:-1","max-image-preview":"max-image-preview:large","max-video-preview":"max-video-preview:-1"},"og_locale":"lt_LT","og_type":"article","og_title":"Akriliniai da\u017e\u0173 rinkinys Sennelier Artist &#8211; Skizze","og_description":"\u201eSennelier\u201c menininkams skirtos kokyb\u0117s akrilini\u0173 da\u017e\u0173 linijos tikslas buvo sukurti meninink\u0173 klas\u0117s akrilini\u0173 da\u017e\u0173 linij\u0105, kuri\u0173 konsistencija ir atvaizdavimo paj\u0117gumai yra tokie patys, kaip ir itin kokybi\u0161k\u0173 aliejini\u0173 da\u017e\u0173. Da\u017e\u0173 tekst\u016bra yra pana\u0161i \u012f past\u0105, kremin\u0117 ir tir\u0161ta, atskleid\u017eianti pastebimus teptuk\u0173 ar menteli\u0173 pot\u0117pius. \u0160ie da\u017eai pasi\u017eymi dideliu pigmento kiekiu (pirminiais pigmentais), parinktais siekiant u\u017etikrinti optimal\u0173 spalv\u0173 stabilum\u0105. \u201eSennelier\u201c i\u0161laiko amat\u0173 gamybos tradicij\u0105, o gaminiams yra taikoma grie\u017eta ir nuolatin\u0117 kokyb\u0117s kontrol\u0117. Kiekvienas gamybos etapas yra kruop\u0161\u010diai i\u0161bandomas laboratorijoje. Produktas tiekiamas rinkai tik po serijos bandym\u0173, patvirtinan\u010di\u0173, kad jis atitinka labai specifinius spalv\u0173, atsparumo blukimui, nuoseklumo, sodrumo, kokyb\u0117s, pH ir d\u017eiovinimo reikalavimus. Itin kokybi\u0161ki akrilo da\u017eai \u201eSennelier\u201c si\u016blo galimyb\u0119 dirbti sluoksniais arba \u0161lapia technika, juos galima derinti ir su kitomis technikomis, pvz., pastele, anglimi ar tu\u0161u, sluoksniavimu ir kuriant kolia\u017eus bei \u012fvairi\u0173 med\u017eiag\u0173 mozaikose. Juos galima naudoti lauke arba studijoje. Da\u017eai labai gerai sukimba su daugeliu neriebi\u0173 pavir\u0161i\u0173: popieriumi, drobe, kartonu, mediena, audiniu, cementu, gipsu, tam tikr\u0173 r\u016b\u0161i\u0173 plastiku ir metalu. Juos galima tepti teptuku, tapymo ar metaline mentele, da\u017eus galima ant pavir\u0161iaus spausti tiesiai i\u0161 t\u016bbeles, kad gautum\u0117te storas linijas arba netgi u\u017etepti pir\u0161tais. Jie puikiai tinka fonui ir gali b\u016bti mai\u0161omi su priedais, norint modifikuoti da\u017e\u0173 tekst\u016br\u0105, klampum\u0105, &hellip; T\u0119sinys","og_url":"https:\/\/hobstop.ee\/lt\/produktas\/akriliniai-dazu-rinkinys-sennelier-artist\/","og_site_name":"Skizze","article_publisher":"http:\/\/www.facebook.com\/VunderSkizze","article_modified_time":"2019-09-16T12:03:59+00:00","og_image":[{"width":1024,"height":768,"url":"https:\/\/hobstop.ee\/media\/5006.jpg","type":"image\/jpeg"}],"twitter_card":"summary_large_image","twitter_misc":{"Est. reading time":"1 minute"},"schema":{"@context":"https:\/\/schema.org","@graph":[{"@type":"WebPage","@id":"https:\/\/hobstop.ee\/lt\/produktas\/akriliniai-dazu-rinkinys-sennelier-artist\/","url":"https:\/\/hobstop.ee\/lt\/produktas\/akriliniai-dazu-rinkinys-sennelier-artist\/","name":"Akriliniai da\u017e\u0173 rinkinys Sennelier Artist &#8211; Skizze","isPartOf":{"@id":"https:\/\/hobstop.ee\/lt\/#website"},"primaryImageOfPage":{"@id":"https:\/\/hobstop.ee\/lt\/produktas\/akriliniai-dazu-rinkinys-sennelier-artist\/#primaryimage"},"image":{"@id":"https:\/\/hobstop.ee\/lt\/produktas\/akriliniai-dazu-rinkinys-sennelier-artist\/#primaryimage"},"thumbnailUrl":"https:\/\/hobstop.ee\/media\/5006.jpg","datePublished":"2019-05-23T13:20:15+00:00","dateModified":"2019-09-16T12:03:59+00:00","breadcrumb":{"@id":"https:\/\/hobstop.ee\/lt\/produktas\/akriliniai-dazu-rinkinys-sennelier-artist\/#breadcrumb"},"inLanguage":"lt","potentialAction":[{"@type":"ReadAction","target":["https:\/\/hobstop.ee\/lt\/produktas\/akriliniai-dazu-rinkinys-sennelier-artist\/"]}]},{"@type":"ImageObject","inLanguage":"lt","@id":"https:\/\/hobstop.ee\/lt\/produktas\/akriliniai-dazu-rinkinys-sennelier-artist\/#primaryimage","url":"https:\/\/hobstop.ee\/media\/5006.jpg","contentUrl":"https:\/\/hobstop.ee\/media\/5006.jpg","width":1024,"height":768},{"@type":"BreadcrumbList","@id":"https:\/\/hobstop.ee\/lt\/produktas\/akriliniai-dazu-rinkinys-sennelier-artist\/#breadcrumb","itemListElement":[{"@type":"ListItem","position":1,"name":"Avaleht","item":"https:\/\/hobstop.ee\/lt\/"},{"@type":"ListItem","position":2,"name":"Parduotuv\u0117","item":"https:\/\/hobstop.ee\/lt\/parduotuve\/"},{"@type":"ListItem","position":3,"name":"Akriliniai da\u017e\u0173 rinkinys Sennelier Artist"}]},{"@type":"WebSite","@id":"https:\/\/hobstop.ee\/lt\/#website","url":"https:\/\/hobstop.ee\/lt\/","name":"Skizze","description":"Dail\u0117s, pom\u0117gi\u0173 ir mokykliniai reikm\u0117nys","publisher":{"@id":"https:\/\/hobstop.ee\/lt\/#organization"},"potentialAction":[{"@type":"SearchAction","target":{"@type":"EntryPoint","urlTemplate":"https:\/\/hobstop.ee\/lt\/?s={search_term_string}"},"query-input":{"@type":"PropertyValueSpecification","valueRequired":true,"valueName":"search_term_string"}}],"inLanguage":"lt"},{"@type":"Organization","@id":"https:\/\/hobstop.ee\/lt\/#organization","name":"Vunder AS","url":"https:\/\/hobstop.ee\/lt\/","logo":{"@type":"ImageObject","inLanguage":"lt","@id":"https:\/\/hobstop.ee\/lt\/#\/schema\/logo\/image\/","url":"https:\/\/hobstop.ee\/media\/vunder-logo.png","contentUrl":"https:\/\/hobstop.ee\/media\/vunder-logo.png","width":127,"height":55,"caption":"Vunder AS"},"image":{"@id":"https:\/\/hobstop.ee\/lt\/#\/schema\/logo\/image\/"},"sameAs":["http:\/\/www.facebook.com\/VunderSkizze"]}]}},"_links":{"self":[{"href":"https:\/\/hobstop.ee\/lt\/wp-json\/wp\/v2\/product\/335364","targetHints":{"allow":["GET"]}}],"collection":[{"href":"https:\/\/hobstop.ee\/lt\/wp-json\/wp\/v2\/product"}],"about":[{"href":"https:\/\/hobstop.ee\/lt\/wp-json\/wp\/v2\/types\/product"}],"replies":[{"embeddable":true,"href":"https:\/\/hobstop.ee\/lt\/wp-json\/wp\/v2\/comments?post=335364"}],"wp:featuredmedia":[{"embeddable":true,"href":"https:\/\/hobstop.ee\/lt\/wp-json\/wp\/v2\/media\/352996"}],"wp:attachment":[{"href":"https:\/\/hobstop.ee\/lt\/wp-json\/wp\/v2\/media?parent=335364"}],"wp:term":[{"taxonomy":"product_cat","embeddable":true,"href":"https:\/\/hobstop.ee\/lt\/wp-json\/wp\/v2\/product_cat?post=335364"},{"taxonomy":"product_tag","embeddable":true,"href":"https:\/\/hobstop.ee\/lt\/wp-json\/wp\/v2\/product_tag?post=335364"}],"curies":[{"name":"wp","href":"https:\/\/api.w.org\/{rel}","templated":true}]}}