{"id":335376,"date":"2019-05-23T16:20:28","date_gmt":"2019-05-23T13:20:34","guid":{"rendered":"https:\/\/sharks.ee\/vunder_2019\/product\/gruntas-liquitex\/"},"modified":"2019-05-23T16:20:34","modified_gmt":"2019-05-23T13:20:34","slug":"gruntas-liquitex","status":"publish","type":"product","link":"https:\/\/hobstop.ee\/lt\/produktas\/gruntas-liquitex\/","title":{"rendered":"Gruntas Liquitex"},"content":{"rendered":"<p>\u012egeriantiems pavir\u0161iams, pavyzd\u017eiui, drob\u0117ms, popieriui arba medienai skirtas klasikinis baltas gruntas. Akriliniams ir aliejiniams tapybos darbams suteikia tinkam\u0105 dyd\u012f, grubl\u0117t\u0105 pavir\u0161i\u0173 ir pagerina da\u017e\u0173 sugeriamum\u0105. Paprastai pakanka vieno sluoksnio. Puikiai dengiantis tradicinis nepermatomas titano baltas \u201egesso\u201c gruntas. Tapant aliejiniais da\u017eais rekomenduojama gruntuoti dvejais sluoksniais.<\/p>\n","protected":false},"excerpt":{"rendered":"<p>\u012egeriantiems pavir\u0161iams, pavyzd\u017eiui, drob\u0117ms, popieriui arba medienai skirtas klasikinis baltas gruntas. Akriliniams ir aliejiniams tapybos darbams suteikia tinkam\u0105 dyd\u012f, grubl\u0117t\u0105 pavir\u0161i\u0173 ir pagerina da\u017e\u0173 sugeriamum\u0105. Paprastai pakanka vieno sluoksnio. Puikiai dengiantis tradicinis nepermatomas titano baltas \u201egesso\u201c gruntas. Tapant aliejiniais da\u017eais rekomenduojama gruntuoti dvejais sluoksniais.<\/p>\n","protected":false},"featured_media":353848,"comment_status":"closed","ping_status":"closed","template":"","meta":{"_acf_changed":false,"ep_exclude_from_search":false},"product_cat":[16124,17981,14899],"product_tag":[],"class_list":{"0":"post-335376","1":"product","2":"type-product","3":"status-publish","4":"has-post-thumbnail","6":"product_cat-dailes-prekes","7":"product_cat-dazai-ir-priedai-tapybai","8":"product_cat-tooriistad-muud-meisterdamist","10":"first","11":"instock","12":"taxable","13":"shipping-taxable","14":"product-type-simple"},"acf":[],"yoast_head":"<!-- This site is optimized with the Yoast SEO plugin v24.1 - https:\/\/yoast.com\/wordpress\/plugins\/seo\/ -->\n<title>Gruntas Liquitex &#8211; Skizze<\/title>\n<meta name=\"robots\" content=\"noindex, follow, max-snippet:-1, max-image-preview:large, max-video-preview:-1\" \/>\n<meta property=\"og:locale\" content=\"lt_LT\" \/>\n<meta property=\"og:type\" content=\"article\" \/>\n<meta property=\"og:title\" content=\"Gruntas Liquitex &#8211; Skizze\" \/>\n<meta property=\"og:description\" content=\"\u012egeriantiems pavir\u0161iams, pavyzd\u017eiui, drob\u0117ms, popieriui arba medienai skirtas klasikinis baltas gruntas. Akriliniams ir aliejiniams tapybos darbams suteikia tinkam\u0105 dyd\u012f, grubl\u0117t\u0105 pavir\u0161i\u0173 ir pagerina da\u017e\u0173 sugeriamum\u0105. Paprastai pakanka vieno sluoksnio. Puikiai dengiantis tradicinis nepermatomas titano baltas \u201egesso\u201c gruntas. Tapant aliejiniais da\u017eais rekomenduojama gruntuoti dvejais sluoksniais.\" \/>\n<meta property=\"og:url\" content=\"https:\/\/hobstop.ee\/lt\/produktas\/gruntas-liquitex\/\" \/>\n<meta property=\"og:site_name\" content=\"Skizze\" \/>\n<meta property=\"article:publisher\" content=\"http:\/\/www.facebook.com\/VunderSkizze\" \/>\n<meta property=\"og:image\" content=\"https:\/\/hobstop.ee\/media\/5011.jpg\" \/>\n\t<meta property=\"og:image:width\" content=\"1024\" \/>\n\t<meta property=\"og:image:height\" content=\"768\" \/>\n\t<meta property=\"og:image:type\" content=\"image\/jpeg\" \/>\n<meta name=\"twitter:card\" content=\"summary_large_image\" \/>\n<script type=\"application\/ld+json\" class=\"yoast-schema-graph\">{\"@context\":\"https:\/\/schema.org\",\"@graph\":[{\"@type\":\"WebPage\",\"@id\":\"https:\/\/hobstop.ee\/lt\/produktas\/gruntas-liquitex\/\",\"url\":\"https:\/\/hobstop.ee\/lt\/produktas\/gruntas-liquitex\/\",\"name\":\"Gruntas Liquitex &#8211; Skizze\",\"isPartOf\":{\"@id\":\"https:\/\/hobstop.ee\/lt\/#website\"},\"primaryImageOfPage\":{\"@id\":\"https:\/\/hobstop.ee\/lt\/produktas\/gruntas-liquitex\/#primaryimage\"},\"image\":{\"@id\":\"https:\/\/hobstop.ee\/lt\/produktas\/gruntas-liquitex\/#primaryimage\"},\"thumbnailUrl\":\"https:\/\/hobstop.ee\/media\/5011.jpg\",\"datePublished\":\"2019-05-23T13:20:34+00:00\",\"dateModified\":\"2019-05-23T13:20:34+00:00\",\"breadcrumb\":{\"@id\":\"https:\/\/hobstop.ee\/lt\/produktas\/gruntas-liquitex\/#breadcrumb\"},\"inLanguage\":\"lt\",\"potentialAction\":[{\"@type\":\"ReadAction\",\"target\":[\"https:\/\/hobstop.ee\/lt\/produktas\/gruntas-liquitex\/\"]}]},{\"@type\":\"ImageObject\",\"inLanguage\":\"lt\",\"@id\":\"https:\/\/hobstop.ee\/lt\/produktas\/gruntas-liquitex\/#primaryimage\",\"url\":\"https:\/\/hobstop.ee\/media\/5011.jpg\",\"contentUrl\":\"https:\/\/hobstop.ee\/media\/5011.jpg\",\"width\":1024,\"height\":768},{\"@type\":\"BreadcrumbList\",\"@id\":\"https:\/\/hobstop.ee\/lt\/produktas\/gruntas-liquitex\/#breadcrumb\",\"itemListElement\":[{\"@type\":\"ListItem\",\"position\":1,\"name\":\"Avaleht\",\"item\":\"https:\/\/hobstop.ee\/lt\/\"},{\"@type\":\"ListItem\",\"position\":2,\"name\":\"Parduotuv\u0117\",\"item\":\"https:\/\/hobstop.ee\/lt\/parduotuve\/\"},{\"@type\":\"ListItem\",\"position\":3,\"name\":\"Gruntas Liquitex\"}]},{\"@type\":\"WebSite\",\"@id\":\"https:\/\/hobstop.ee\/lt\/#website\",\"url\":\"https:\/\/hobstop.ee\/lt\/\",\"name\":\"Skizze\",\"description\":\"Dail\u0117s, pom\u0117gi\u0173 ir mokykliniai reikm\u0117nys\",\"publisher\":{\"@id\":\"https:\/\/hobstop.ee\/lt\/#organization\"},\"potentialAction\":[{\"@type\":\"SearchAction\",\"target\":{\"@type\":\"EntryPoint\",\"urlTemplate\":\"https:\/\/hobstop.ee\/lt\/?s={search_term_string}\"},\"query-input\":{\"@type\":\"PropertyValueSpecification\",\"valueRequired\":true,\"valueName\":\"search_term_string\"}}],\"inLanguage\":\"lt\"},{\"@type\":\"Organization\",\"@id\":\"https:\/\/hobstop.ee\/lt\/#organization\",\"name\":\"Vunder AS\",\"url\":\"https:\/\/hobstop.ee\/lt\/\",\"logo\":{\"@type\":\"ImageObject\",\"inLanguage\":\"lt\",\"@id\":\"https:\/\/hobstop.ee\/lt\/#\/schema\/logo\/image\/\",\"url\":\"https:\/\/hobstop.ee\/media\/vunder-logo.png\",\"contentUrl\":\"https:\/\/hobstop.ee\/media\/vunder-logo.png\",\"width\":127,\"height\":55,\"caption\":\"Vunder AS\"},\"image\":{\"@id\":\"https:\/\/hobstop.ee\/lt\/#\/schema\/logo\/image\/\"},\"sameAs\":[\"http:\/\/www.facebook.com\/VunderSkizze\"]}]}<\/script>\n<!-- \/ Yoast SEO plugin. -->","yoast_head_json":{"title":"Gruntas Liquitex &#8211; Skizze","robots":{"index":"noindex","follow":"follow","max-snippet":"max-snippet:-1","max-image-preview":"max-image-preview:large","max-video-preview":"max-video-preview:-1"},"og_locale":"lt_LT","og_type":"article","og_title":"Gruntas Liquitex &#8211; Skizze","og_description":"\u012egeriantiems pavir\u0161iams, pavyzd\u017eiui, drob\u0117ms, popieriui arba medienai skirtas klasikinis baltas gruntas. Akriliniams ir aliejiniams tapybos darbams suteikia tinkam\u0105 dyd\u012f, grubl\u0117t\u0105 pavir\u0161i\u0173 ir pagerina da\u017e\u0173 sugeriamum\u0105. Paprastai pakanka vieno sluoksnio. Puikiai dengiantis tradicinis nepermatomas titano baltas \u201egesso\u201c gruntas. Tapant aliejiniais da\u017eais rekomenduojama gruntuoti dvejais sluoksniais.","og_url":"https:\/\/hobstop.ee\/lt\/produktas\/gruntas-liquitex\/","og_site_name":"Skizze","article_publisher":"http:\/\/www.facebook.com\/VunderSkizze","og_image":[{"width":1024,"height":768,"url":"https:\/\/hobstop.ee\/media\/5011.jpg","type":"image\/jpeg"}],"twitter_card":"summary_large_image","schema":{"@context":"https:\/\/schema.org","@graph":[{"@type":"WebPage","@id":"https:\/\/hobstop.ee\/lt\/produktas\/gruntas-liquitex\/","url":"https:\/\/hobstop.ee\/lt\/produktas\/gruntas-liquitex\/","name":"Gruntas Liquitex &#8211; Skizze","isPartOf":{"@id":"https:\/\/hobstop.ee\/lt\/#website"},"primaryImageOfPage":{"@id":"https:\/\/hobstop.ee\/lt\/produktas\/gruntas-liquitex\/#primaryimage"},"image":{"@id":"https:\/\/hobstop.ee\/lt\/produktas\/gruntas-liquitex\/#primaryimage"},"thumbnailUrl":"https:\/\/hobstop.ee\/media\/5011.jpg","datePublished":"2019-05-23T13:20:34+00:00","dateModified":"2019-05-23T13:20:34+00:00","breadcrumb":{"@id":"https:\/\/hobstop.ee\/lt\/produktas\/gruntas-liquitex\/#breadcrumb"},"inLanguage":"lt","potentialAction":[{"@type":"ReadAction","target":["https:\/\/hobstop.ee\/lt\/produktas\/gruntas-liquitex\/"]}]},{"@type":"ImageObject","inLanguage":"lt","@id":"https:\/\/hobstop.ee\/lt\/produktas\/gruntas-liquitex\/#primaryimage","url":"https:\/\/hobstop.ee\/media\/5011.jpg","contentUrl":"https:\/\/hobstop.ee\/media\/5011.jpg","width":1024,"height":768},{"@type":"BreadcrumbList","@id":"https:\/\/hobstop.ee\/lt\/produktas\/gruntas-liquitex\/#breadcrumb","itemListElement":[{"@type":"ListItem","position":1,"name":"Avaleht","item":"https:\/\/hobstop.ee\/lt\/"},{"@type":"ListItem","position":2,"name":"Parduotuv\u0117","item":"https:\/\/hobstop.ee\/lt\/parduotuve\/"},{"@type":"ListItem","position":3,"name":"Gruntas Liquitex"}]},{"@type":"WebSite","@id":"https:\/\/hobstop.ee\/lt\/#website","url":"https:\/\/hobstop.ee\/lt\/","name":"Skizze","description":"Dail\u0117s, pom\u0117gi\u0173 ir mokykliniai reikm\u0117nys","publisher":{"@id":"https:\/\/hobstop.ee\/lt\/#organization"},"potentialAction":[{"@type":"SearchAction","target":{"@type":"EntryPoint","urlTemplate":"https:\/\/hobstop.ee\/lt\/?s={search_term_string}"},"query-input":{"@type":"PropertyValueSpecification","valueRequired":true,"valueName":"search_term_string"}}],"inLanguage":"lt"},{"@type":"Organization","@id":"https:\/\/hobstop.ee\/lt\/#organization","name":"Vunder AS","url":"https:\/\/hobstop.ee\/lt\/","logo":{"@type":"ImageObject","inLanguage":"lt","@id":"https:\/\/hobstop.ee\/lt\/#\/schema\/logo\/image\/","url":"https:\/\/hobstop.ee\/media\/vunder-logo.png","contentUrl":"https:\/\/hobstop.ee\/media\/vunder-logo.png","width":127,"height":55,"caption":"Vunder AS"},"image":{"@id":"https:\/\/hobstop.ee\/lt\/#\/schema\/logo\/image\/"},"sameAs":["http:\/\/www.facebook.com\/VunderSkizze"]}]}},"_links":{"self":[{"href":"https:\/\/hobstop.ee\/lt\/wp-json\/wp\/v2\/product\/335376","targetHints":{"allow":["GET"]}}],"collection":[{"href":"https:\/\/hobstop.ee\/lt\/wp-json\/wp\/v2\/product"}],"about":[{"href":"https:\/\/hobstop.ee\/lt\/wp-json\/wp\/v2\/types\/product"}],"replies":[{"embeddable":true,"href":"https:\/\/hobstop.ee\/lt\/wp-json\/wp\/v2\/comments?post=335376"}],"wp:featuredmedia":[{"embeddable":true,"href":"https:\/\/hobstop.ee\/lt\/wp-json\/wp\/v2\/media\/353848"}],"wp:attachment":[{"href":"https:\/\/hobstop.ee\/lt\/wp-json\/wp\/v2\/media?parent=335376"}],"wp:term":[{"taxonomy":"product_cat","embeddable":true,"href":"https:\/\/hobstop.ee\/lt\/wp-json\/wp\/v2\/product_cat?post=335376"},{"taxonomy":"product_tag","embeddable":true,"href":"https:\/\/hobstop.ee\/lt\/wp-json\/wp\/v2\/product_tag?post=335376"}],"curies":[{"name":"wp","href":"https:\/\/api.w.org\/{rel}","templated":true}]}}