{"id":335380,"date":"2019-05-23T16:20:37","date_gmt":"2019-05-23T13:20:43","guid":{"rendered":"https:\/\/sharks.ee\/vunder_2019\/product\/akvareliniu-dazu-kubeliu-1-2-rinkinys-derwent-inktense\/"},"modified":"2019-05-23T16:20:43","modified_gmt":"2019-05-23T13:20:43","slug":"akvareliniu-dazu-kubeliu-1-2-rinkinys-derwent-inktense","status":"publish","type":"product","link":"https:\/\/hobstop.ee\/lt\/produktas\/akvareliniu-dazu-kubeliu-1-2-rinkinys-derwent-inktense\/","title":{"rendered":"Akvarelini\u0173 da\u017e\u0173 kubeli\u0173 1\/2 rinkinys Derwent Inktense"},"content":{"rendered":"<p>Akvarel\u0117s kubeli\u0173 \u201eDerwent Inktense\u201c sud\u0117tyje yra naudojama unikali \u201eInktense\u201c formul\u0117, kuri dar randama \u201eDerwent Inktense\u201c pie\u0161tukuose ir da\u017e\u0173 rinkini\u0173 serijose. Skirtingai nuo tradicin\u0117s akvarel\u0117s, nauji ry\u0161ki\u0173 da\u017e\u0173 pot\u0117piai nei\u0161tirpins jau i\u0161d\u017ei\u016bvusio pie\u0161inio akvarel\u0117s sluoksnio. \u201eInktense\u201c da\u017eai sukuria ry\u0161ki\u0105, intensyvi\u0105 tarsi ra\u0161alo spalv\u0105, kuri i\u0161d\u017ei\u016bvusi nepakinta. Visos spalvos yra visi\u0161kai atsparios \u0161viesos poveikiui, akvarele tinka pie\u0161ti ant popieriaus ir audinio \u012fvairiems dail\u0117s ir amat\u0173 projektams. Rinkin\u012f \u201eInktense Travel Set\u201c idealiai tinka pasiimti keliaujant, nes jame yra viskas, ko tik reikia.<\/p>\n<p>Komplekte yra:<br \/>\n12&#215;1\/2 \u201eDerwent Inktense\u201c pakuo\u010di\u0173<br \/>\nTeptukas su indeliu vandeniui<br \/>\nPlastikin\u0117 d\u0117\u017eut\u0117 su \u012fvairiais mai\u0161ymo pavir\u0161iais<\/p>\n","protected":false},"excerpt":{"rendered":"<p>Akvarel\u0117s kubeli\u0173 \u201eDerwent Inktense\u201c sud\u0117tyje yra naudojama unikali \u201eInktense\u201c formul\u0117, kuri dar randama \u201eDerwent Inktense\u201c pie\u0161tukuose ir da\u017e\u0173 rinkini\u0173 serijose. Skirtingai nuo tradicin\u0117s akvarel\u0117s, nauji ry\u0161ki\u0173 da\u017e\u0173 pot\u0117piai nei\u0161tirpins jau i\u0161d\u017ei\u016bvusio pie\u0161inio akvarel\u0117s sluoksnio. \u201eInktense\u201c da\u017eai sukuria ry\u0161ki\u0105, intensyvi\u0105 tarsi ra\u0161alo spalv\u0105, kuri i\u0161d\u017ei\u016bvusi nepakinta. Visos spalvos yra visi\u0161kai atsparios \u0161viesos poveikiui, akvarele tinka pie\u0161ti ant popieriaus ir audinio \u012fvairiems dail\u0117s ir amat\u0173 projektams. Rinkin\u012f \u201eInktense Travel Set\u201c idealiai tinka pasiimti keliaujant, nes jame yra viskas, ko tik reikia. Komplekte yra: 12&#215;1\/2 \u201eDerwent Inktense\u201c pakuo\u010di\u0173 Teptukas su indeliu vandeniui Plastikin\u0117 d\u0117\u017eut\u0117 su \u012fvairiais mai\u0161ymo pavir\u0161iais<\/p>\n","protected":false},"featured_media":353040,"comment_status":"closed","ping_status":"closed","template":"","meta":{"_acf_changed":false,"ep_exclude_from_search":false},"product_cat":[19001,16124,17981],"product_tag":[],"class_list":{"0":"post-335380","1":"product","2":"type-product","3":"status-publish","4":"has-post-thumbnail","6":"product_cat-akvareliniai-dazai-3","7":"product_cat-dailes-prekes","8":"product_cat-dazai-ir-priedai-tapybai","10":"first","11":"instock","12":"taxable","13":"shipping-taxable","14":"product-type-simple"},"acf":[],"yoast_head":"<!-- This site is optimized with the Yoast SEO plugin v24.1 - https:\/\/yoast.com\/wordpress\/plugins\/seo\/ -->\n<title>Akvarelini\u0173 da\u017e\u0173 kubeli\u0173 1\/2 rinkinys Derwent Inktense &#8211; Skizze<\/title>\n<meta name=\"robots\" content=\"noindex, follow, max-snippet:-1, max-image-preview:large, max-video-preview:-1\" \/>\n<meta property=\"og:locale\" content=\"lt_LT\" \/>\n<meta property=\"og:type\" content=\"article\" \/>\n<meta property=\"og:title\" content=\"Akvarelini\u0173 da\u017e\u0173 kubeli\u0173 1\/2 rinkinys Derwent Inktense &#8211; Skizze\" \/>\n<meta property=\"og:description\" content=\"Akvarel\u0117s kubeli\u0173 \u201eDerwent Inktense\u201c sud\u0117tyje yra naudojama unikali \u201eInktense\u201c formul\u0117, kuri dar randama \u201eDerwent Inktense\u201c pie\u0161tukuose ir da\u017e\u0173 rinkini\u0173 serijose. Skirtingai nuo tradicin\u0117s akvarel\u0117s, nauji ry\u0161ki\u0173 da\u017e\u0173 pot\u0117piai nei\u0161tirpins jau i\u0161d\u017ei\u016bvusio pie\u0161inio akvarel\u0117s sluoksnio. \u201eInktense\u201c da\u017eai sukuria ry\u0161ki\u0105, intensyvi\u0105 tarsi ra\u0161alo spalv\u0105, kuri i\u0161d\u017ei\u016bvusi nepakinta. Visos spalvos yra visi\u0161kai atsparios \u0161viesos poveikiui, akvarele tinka pie\u0161ti ant popieriaus ir audinio \u012fvairiems dail\u0117s ir amat\u0173 projektams. Rinkin\u012f \u201eInktense Travel Set\u201c idealiai tinka pasiimti keliaujant, nes jame yra viskas, ko tik reikia. Komplekte yra: 12&#215;1\/2 \u201eDerwent Inktense\u201c pakuo\u010di\u0173 Teptukas su indeliu vandeniui Plastikin\u0117 d\u0117\u017eut\u0117 su \u012fvairiais mai\u0161ymo pavir\u0161iais\" \/>\n<meta property=\"og:url\" content=\"https:\/\/hobstop.ee\/lt\/produktas\/akvareliniu-dazu-kubeliu-1-2-rinkinys-derwent-inktense\/\" \/>\n<meta property=\"og:site_name\" content=\"Skizze\" \/>\n<meta property=\"article:publisher\" content=\"http:\/\/www.facebook.com\/VunderSkizze\" \/>\n<meta property=\"og:image\" content=\"https:\/\/hobstop.ee\/media\/5012.jpg\" \/>\n\t<meta property=\"og:image:width\" content=\"1024\" \/>\n\t<meta property=\"og:image:height\" content=\"768\" \/>\n\t<meta property=\"og:image:type\" content=\"image\/jpeg\" \/>\n<meta name=\"twitter:card\" content=\"summary_large_image\" \/>\n<meta name=\"twitter:label1\" content=\"Est. reading time\" \/>\n\t<meta name=\"twitter:data1\" content=\"1 minute\" \/>\n<script type=\"application\/ld+json\" class=\"yoast-schema-graph\">{\"@context\":\"https:\/\/schema.org\",\"@graph\":[{\"@type\":\"WebPage\",\"@id\":\"https:\/\/hobstop.ee\/lt\/produktas\/akvareliniu-dazu-kubeliu-1-2-rinkinys-derwent-inktense\/\",\"url\":\"https:\/\/hobstop.ee\/lt\/produktas\/akvareliniu-dazu-kubeliu-1-2-rinkinys-derwent-inktense\/\",\"name\":\"Akvarelini\u0173 da\u017e\u0173 kubeli\u0173 1\/2 rinkinys Derwent Inktense &#8211; Skizze\",\"isPartOf\":{\"@id\":\"https:\/\/hobstop.ee\/lt\/#website\"},\"primaryImageOfPage\":{\"@id\":\"https:\/\/hobstop.ee\/lt\/produktas\/akvareliniu-dazu-kubeliu-1-2-rinkinys-derwent-inktense\/#primaryimage\"},\"image\":{\"@id\":\"https:\/\/hobstop.ee\/lt\/produktas\/akvareliniu-dazu-kubeliu-1-2-rinkinys-derwent-inktense\/#primaryimage\"},\"thumbnailUrl\":\"https:\/\/hobstop.ee\/media\/5012.jpg\",\"datePublished\":\"2019-05-23T13:20:43+00:00\",\"dateModified\":\"2019-05-23T13:20:43+00:00\",\"breadcrumb\":{\"@id\":\"https:\/\/hobstop.ee\/lt\/produktas\/akvareliniu-dazu-kubeliu-1-2-rinkinys-derwent-inktense\/#breadcrumb\"},\"inLanguage\":\"lt\",\"potentialAction\":[{\"@type\":\"ReadAction\",\"target\":[\"https:\/\/hobstop.ee\/lt\/produktas\/akvareliniu-dazu-kubeliu-1-2-rinkinys-derwent-inktense\/\"]}]},{\"@type\":\"ImageObject\",\"inLanguage\":\"lt\",\"@id\":\"https:\/\/hobstop.ee\/lt\/produktas\/akvareliniu-dazu-kubeliu-1-2-rinkinys-derwent-inktense\/#primaryimage\",\"url\":\"https:\/\/hobstop.ee\/media\/5012.jpg\",\"contentUrl\":\"https:\/\/hobstop.ee\/media\/5012.jpg\",\"width\":1024,\"height\":768},{\"@type\":\"BreadcrumbList\",\"@id\":\"https:\/\/hobstop.ee\/lt\/produktas\/akvareliniu-dazu-kubeliu-1-2-rinkinys-derwent-inktense\/#breadcrumb\",\"itemListElement\":[{\"@type\":\"ListItem\",\"position\":1,\"name\":\"Avaleht\",\"item\":\"https:\/\/hobstop.ee\/lt\/\"},{\"@type\":\"ListItem\",\"position\":2,\"name\":\"Parduotuv\u0117\",\"item\":\"https:\/\/hobstop.ee\/lt\/parduotuve\/\"},{\"@type\":\"ListItem\",\"position\":3,\"name\":\"Akvarelini\u0173 da\u017e\u0173 kubeli\u0173 1\/2 rinkinys Derwent Inktense\"}]},{\"@type\":\"WebSite\",\"@id\":\"https:\/\/hobstop.ee\/lt\/#website\",\"url\":\"https:\/\/hobstop.ee\/lt\/\",\"name\":\"Skizze\",\"description\":\"Dail\u0117s, pom\u0117gi\u0173 ir mokykliniai reikm\u0117nys\",\"publisher\":{\"@id\":\"https:\/\/hobstop.ee\/lt\/#organization\"},\"potentialAction\":[{\"@type\":\"SearchAction\",\"target\":{\"@type\":\"EntryPoint\",\"urlTemplate\":\"https:\/\/hobstop.ee\/lt\/?s={search_term_string}\"},\"query-input\":{\"@type\":\"PropertyValueSpecification\",\"valueRequired\":true,\"valueName\":\"search_term_string\"}}],\"inLanguage\":\"lt\"},{\"@type\":\"Organization\",\"@id\":\"https:\/\/hobstop.ee\/lt\/#organization\",\"name\":\"Vunder AS\",\"url\":\"https:\/\/hobstop.ee\/lt\/\",\"logo\":{\"@type\":\"ImageObject\",\"inLanguage\":\"lt\",\"@id\":\"https:\/\/hobstop.ee\/lt\/#\/schema\/logo\/image\/\",\"url\":\"https:\/\/hobstop.ee\/media\/vunder-logo.png\",\"contentUrl\":\"https:\/\/hobstop.ee\/media\/vunder-logo.png\",\"width\":127,\"height\":55,\"caption\":\"Vunder AS\"},\"image\":{\"@id\":\"https:\/\/hobstop.ee\/lt\/#\/schema\/logo\/image\/\"},\"sameAs\":[\"http:\/\/www.facebook.com\/VunderSkizze\"]}]}<\/script>\n<!-- \/ Yoast SEO plugin. -->","yoast_head_json":{"title":"Akvarelini\u0173 da\u017e\u0173 kubeli\u0173 1\/2 rinkinys Derwent Inktense &#8211; Skizze","robots":{"index":"noindex","follow":"follow","max-snippet":"max-snippet:-1","max-image-preview":"max-image-preview:large","max-video-preview":"max-video-preview:-1"},"og_locale":"lt_LT","og_type":"article","og_title":"Akvarelini\u0173 da\u017e\u0173 kubeli\u0173 1\/2 rinkinys Derwent Inktense &#8211; Skizze","og_description":"Akvarel\u0117s kubeli\u0173 \u201eDerwent Inktense\u201c sud\u0117tyje yra naudojama unikali \u201eInktense\u201c formul\u0117, kuri dar randama \u201eDerwent Inktense\u201c pie\u0161tukuose ir da\u017e\u0173 rinkini\u0173 serijose. Skirtingai nuo tradicin\u0117s akvarel\u0117s, nauji ry\u0161ki\u0173 da\u017e\u0173 pot\u0117piai nei\u0161tirpins jau i\u0161d\u017ei\u016bvusio pie\u0161inio akvarel\u0117s sluoksnio. \u201eInktense\u201c da\u017eai sukuria ry\u0161ki\u0105, intensyvi\u0105 tarsi ra\u0161alo spalv\u0105, kuri i\u0161d\u017ei\u016bvusi nepakinta. Visos spalvos yra visi\u0161kai atsparios \u0161viesos poveikiui, akvarele tinka pie\u0161ti ant popieriaus ir audinio \u012fvairiems dail\u0117s ir amat\u0173 projektams. Rinkin\u012f \u201eInktense Travel Set\u201c idealiai tinka pasiimti keliaujant, nes jame yra viskas, ko tik reikia. Komplekte yra: 12&#215;1\/2 \u201eDerwent Inktense\u201c pakuo\u010di\u0173 Teptukas su indeliu vandeniui Plastikin\u0117 d\u0117\u017eut\u0117 su \u012fvairiais mai\u0161ymo pavir\u0161iais","og_url":"https:\/\/hobstop.ee\/lt\/produktas\/akvareliniu-dazu-kubeliu-1-2-rinkinys-derwent-inktense\/","og_site_name":"Skizze","article_publisher":"http:\/\/www.facebook.com\/VunderSkizze","og_image":[{"width":1024,"height":768,"url":"https:\/\/hobstop.ee\/media\/5012.jpg","type":"image\/jpeg"}],"twitter_card":"summary_large_image","twitter_misc":{"Est. reading time":"1 minute"},"schema":{"@context":"https:\/\/schema.org","@graph":[{"@type":"WebPage","@id":"https:\/\/hobstop.ee\/lt\/produktas\/akvareliniu-dazu-kubeliu-1-2-rinkinys-derwent-inktense\/","url":"https:\/\/hobstop.ee\/lt\/produktas\/akvareliniu-dazu-kubeliu-1-2-rinkinys-derwent-inktense\/","name":"Akvarelini\u0173 da\u017e\u0173 kubeli\u0173 1\/2 rinkinys Derwent Inktense &#8211; Skizze","isPartOf":{"@id":"https:\/\/hobstop.ee\/lt\/#website"},"primaryImageOfPage":{"@id":"https:\/\/hobstop.ee\/lt\/produktas\/akvareliniu-dazu-kubeliu-1-2-rinkinys-derwent-inktense\/#primaryimage"},"image":{"@id":"https:\/\/hobstop.ee\/lt\/produktas\/akvareliniu-dazu-kubeliu-1-2-rinkinys-derwent-inktense\/#primaryimage"},"thumbnailUrl":"https:\/\/hobstop.ee\/media\/5012.jpg","datePublished":"2019-05-23T13:20:43+00:00","dateModified":"2019-05-23T13:20:43+00:00","breadcrumb":{"@id":"https:\/\/hobstop.ee\/lt\/produktas\/akvareliniu-dazu-kubeliu-1-2-rinkinys-derwent-inktense\/#breadcrumb"},"inLanguage":"lt","potentialAction":[{"@type":"ReadAction","target":["https:\/\/hobstop.ee\/lt\/produktas\/akvareliniu-dazu-kubeliu-1-2-rinkinys-derwent-inktense\/"]}]},{"@type":"ImageObject","inLanguage":"lt","@id":"https:\/\/hobstop.ee\/lt\/produktas\/akvareliniu-dazu-kubeliu-1-2-rinkinys-derwent-inktense\/#primaryimage","url":"https:\/\/hobstop.ee\/media\/5012.jpg","contentUrl":"https:\/\/hobstop.ee\/media\/5012.jpg","width":1024,"height":768},{"@type":"BreadcrumbList","@id":"https:\/\/hobstop.ee\/lt\/produktas\/akvareliniu-dazu-kubeliu-1-2-rinkinys-derwent-inktense\/#breadcrumb","itemListElement":[{"@type":"ListItem","position":1,"name":"Avaleht","item":"https:\/\/hobstop.ee\/lt\/"},{"@type":"ListItem","position":2,"name":"Parduotuv\u0117","item":"https:\/\/hobstop.ee\/lt\/parduotuve\/"},{"@type":"ListItem","position":3,"name":"Akvarelini\u0173 da\u017e\u0173 kubeli\u0173 1\/2 rinkinys Derwent Inktense"}]},{"@type":"WebSite","@id":"https:\/\/hobstop.ee\/lt\/#website","url":"https:\/\/hobstop.ee\/lt\/","name":"Skizze","description":"Dail\u0117s, pom\u0117gi\u0173 ir mokykliniai reikm\u0117nys","publisher":{"@id":"https:\/\/hobstop.ee\/lt\/#organization"},"potentialAction":[{"@type":"SearchAction","target":{"@type":"EntryPoint","urlTemplate":"https:\/\/hobstop.ee\/lt\/?s={search_term_string}"},"query-input":{"@type":"PropertyValueSpecification","valueRequired":true,"valueName":"search_term_string"}}],"inLanguage":"lt"},{"@type":"Organization","@id":"https:\/\/hobstop.ee\/lt\/#organization","name":"Vunder AS","url":"https:\/\/hobstop.ee\/lt\/","logo":{"@type":"ImageObject","inLanguage":"lt","@id":"https:\/\/hobstop.ee\/lt\/#\/schema\/logo\/image\/","url":"https:\/\/hobstop.ee\/media\/vunder-logo.png","contentUrl":"https:\/\/hobstop.ee\/media\/vunder-logo.png","width":127,"height":55,"caption":"Vunder AS"},"image":{"@id":"https:\/\/hobstop.ee\/lt\/#\/schema\/logo\/image\/"},"sameAs":["http:\/\/www.facebook.com\/VunderSkizze"]}]}},"_links":{"self":[{"href":"https:\/\/hobstop.ee\/lt\/wp-json\/wp\/v2\/product\/335380","targetHints":{"allow":["GET"]}}],"collection":[{"href":"https:\/\/hobstop.ee\/lt\/wp-json\/wp\/v2\/product"}],"about":[{"href":"https:\/\/hobstop.ee\/lt\/wp-json\/wp\/v2\/types\/product"}],"replies":[{"embeddable":true,"href":"https:\/\/hobstop.ee\/lt\/wp-json\/wp\/v2\/comments?post=335380"}],"wp:featuredmedia":[{"embeddable":true,"href":"https:\/\/hobstop.ee\/lt\/wp-json\/wp\/v2\/media\/353040"}],"wp:attachment":[{"href":"https:\/\/hobstop.ee\/lt\/wp-json\/wp\/v2\/media?parent=335380"}],"wp:term":[{"taxonomy":"product_cat","embeddable":true,"href":"https:\/\/hobstop.ee\/lt\/wp-json\/wp\/v2\/product_cat?post=335380"},{"taxonomy":"product_tag","embeddable":true,"href":"https:\/\/hobstop.ee\/lt\/wp-json\/wp\/v2\/product_tag?post=335380"}],"curies":[{"name":"wp","href":"https:\/\/api.w.org\/{rel}","templated":true}]}}