{"id":335384,"date":"2019-05-23T16:20:45","date_gmt":"2019-05-23T13:20:49","guid":{"rendered":"https:\/\/sharks.ee\/vunder_2019\/product\/akriliniai-dazu-rinkinys-marabu-artist\/"},"modified":"2019-05-23T16:20:49","modified_gmt":"2019-05-23T13:20:49","slug":"akriliniai-dazu-rinkinys-marabu-artist","status":"publish","type":"product","link":"https:\/\/hobstop.ee\/lt\/produktas\/akriliniai-dazu-rinkinys-marabu-artist\/","title":{"rendered":"Akriliniai da\u017e\u0173 rinkinys Marabu Artist"},"content":{"rendered":"<p>\u0160velnios konsistencijos, auk\u0161tos kokyb\u0117s vandens pagrindu pagaminti dailininkams skirti akriliniai da\u017eai. Puikiai tinka tapyti ant drob\u0117s, kartono, popieriaus, medienos ir \u012fvairi\u0173 kit\u0173 med\u017eiag\u0173. \u012e past\u0105 pana\u0161i konsistencija padeda sukurti lankst\u0173 da\u017e\u0173 sluoksn\u012f ir leid\u017eia i\u0161bandyti \u012fvairius pot\u0117pius. Da\u017e\u0173 sud\u0117tyje yra daug pigmento, tod\u0117l spalvos yra intensyvios, grynos ir spindin\u010dios. Akriliniai da\u017eai \u201eMarabu Artist\u201c tiesiog idealiai tinka pradedantiems dailininkams.<\/p>\n","protected":false},"excerpt":{"rendered":"<p>\u0160velnios konsistencijos, auk\u0161tos kokyb\u0117s vandens pagrindu pagaminti dailininkams skirti akriliniai da\u017eai. Puikiai tinka tapyti ant drob\u0117s, kartono, popieriaus, medienos ir \u012fvairi\u0173 kit\u0173 med\u017eiag\u0173. \u012e past\u0105 pana\u0161i konsistencija padeda sukurti lankst\u0173 da\u017e\u0173 sluoksn\u012f ir leid\u017eia i\u0161bandyti \u012fvairius pot\u0117pius. Da\u017e\u0173 sud\u0117tyje yra daug pigmento, tod\u0117l spalvos yra intensyvios, grynos ir spindin\u010dios. Akriliniai da\u017eai \u201eMarabu Artist\u201c tiesiog idealiai tinka pradedantiems dailininkams.<\/p>\n","protected":false},"featured_media":353052,"comment_status":"closed","ping_status":"closed","template":"","meta":{"_acf_changed":false,"ep_exclude_from_search":false},"product_cat":[18995,16124,17981],"product_tag":[],"class_list":{"0":"post-335384","1":"product","2":"type-product","3":"status-publish","4":"has-post-thumbnail","6":"product_cat-akriliniai-dazai-4","7":"product_cat-dailes-prekes","8":"product_cat-dazai-ir-priedai-tapybai","10":"first","11":"instock","12":"taxable","13":"shipping-taxable","14":"product-type-simple"},"acf":[],"yoast_head":"<!-- This site is optimized with the Yoast SEO plugin v24.1 - https:\/\/yoast.com\/wordpress\/plugins\/seo\/ -->\n<title>Akriliniai da\u017e\u0173 rinkinys Marabu Artist &#8211; Skizze<\/title>\n<meta name=\"robots\" content=\"noindex, follow, max-snippet:-1, max-image-preview:large, max-video-preview:-1\" \/>\n<meta property=\"og:locale\" content=\"lt_LT\" \/>\n<meta property=\"og:type\" content=\"article\" \/>\n<meta property=\"og:title\" content=\"Akriliniai da\u017e\u0173 rinkinys Marabu Artist &#8211; Skizze\" \/>\n<meta property=\"og:description\" content=\"\u0160velnios konsistencijos, auk\u0161tos kokyb\u0117s vandens pagrindu pagaminti dailininkams skirti akriliniai da\u017eai. Puikiai tinka tapyti ant drob\u0117s, kartono, popieriaus, medienos ir \u012fvairi\u0173 kit\u0173 med\u017eiag\u0173. \u012e past\u0105 pana\u0161i konsistencija padeda sukurti lankst\u0173 da\u017e\u0173 sluoksn\u012f ir leid\u017eia i\u0161bandyti \u012fvairius pot\u0117pius. Da\u017e\u0173 sud\u0117tyje yra daug pigmento, tod\u0117l spalvos yra intensyvios, grynos ir spindin\u010dios. Akriliniai da\u017eai \u201eMarabu Artist\u201c tiesiog idealiai tinka pradedantiems dailininkams.\" \/>\n<meta property=\"og:url\" content=\"https:\/\/hobstop.ee\/lt\/produktas\/akriliniai-dazu-rinkinys-marabu-artist\/\" \/>\n<meta property=\"og:site_name\" content=\"Skizze\" \/>\n<meta property=\"article:publisher\" content=\"http:\/\/www.facebook.com\/VunderSkizze\" \/>\n<meta property=\"og:image\" content=\"https:\/\/hobstop.ee\/media\/5013.jpg\" \/>\n\t<meta property=\"og:image:width\" content=\"1024\" \/>\n\t<meta property=\"og:image:height\" content=\"768\" \/>\n\t<meta property=\"og:image:type\" content=\"image\/jpeg\" \/>\n<meta name=\"twitter:card\" content=\"summary_large_image\" \/>\n<script type=\"application\/ld+json\" class=\"yoast-schema-graph\">{\"@context\":\"https:\/\/schema.org\",\"@graph\":[{\"@type\":\"WebPage\",\"@id\":\"https:\/\/hobstop.ee\/lt\/produktas\/akriliniai-dazu-rinkinys-marabu-artist\/\",\"url\":\"https:\/\/hobstop.ee\/lt\/produktas\/akriliniai-dazu-rinkinys-marabu-artist\/\",\"name\":\"Akriliniai da\u017e\u0173 rinkinys Marabu Artist &#8211; Skizze\",\"isPartOf\":{\"@id\":\"https:\/\/hobstop.ee\/lt\/#website\"},\"primaryImageOfPage\":{\"@id\":\"https:\/\/hobstop.ee\/lt\/produktas\/akriliniai-dazu-rinkinys-marabu-artist\/#primaryimage\"},\"image\":{\"@id\":\"https:\/\/hobstop.ee\/lt\/produktas\/akriliniai-dazu-rinkinys-marabu-artist\/#primaryimage\"},\"thumbnailUrl\":\"https:\/\/hobstop.ee\/media\/5013.jpg\",\"datePublished\":\"2019-05-23T13:20:49+00:00\",\"dateModified\":\"2019-05-23T13:20:49+00:00\",\"breadcrumb\":{\"@id\":\"https:\/\/hobstop.ee\/lt\/produktas\/akriliniai-dazu-rinkinys-marabu-artist\/#breadcrumb\"},\"inLanguage\":\"lt\",\"potentialAction\":[{\"@type\":\"ReadAction\",\"target\":[\"https:\/\/hobstop.ee\/lt\/produktas\/akriliniai-dazu-rinkinys-marabu-artist\/\"]}]},{\"@type\":\"ImageObject\",\"inLanguage\":\"lt\",\"@id\":\"https:\/\/hobstop.ee\/lt\/produktas\/akriliniai-dazu-rinkinys-marabu-artist\/#primaryimage\",\"url\":\"https:\/\/hobstop.ee\/media\/5013.jpg\",\"contentUrl\":\"https:\/\/hobstop.ee\/media\/5013.jpg\",\"width\":1024,\"height\":768},{\"@type\":\"BreadcrumbList\",\"@id\":\"https:\/\/hobstop.ee\/lt\/produktas\/akriliniai-dazu-rinkinys-marabu-artist\/#breadcrumb\",\"itemListElement\":[{\"@type\":\"ListItem\",\"position\":1,\"name\":\"Avaleht\",\"item\":\"https:\/\/hobstop.ee\/lt\/\"},{\"@type\":\"ListItem\",\"position\":2,\"name\":\"Parduotuv\u0117\",\"item\":\"https:\/\/hobstop.ee\/lt\/parduotuve\/\"},{\"@type\":\"ListItem\",\"position\":3,\"name\":\"Akriliniai da\u017e\u0173 rinkinys Marabu Artist\"}]},{\"@type\":\"WebSite\",\"@id\":\"https:\/\/hobstop.ee\/lt\/#website\",\"url\":\"https:\/\/hobstop.ee\/lt\/\",\"name\":\"Skizze\",\"description\":\"Dail\u0117s, pom\u0117gi\u0173 ir mokykliniai reikm\u0117nys\",\"publisher\":{\"@id\":\"https:\/\/hobstop.ee\/lt\/#organization\"},\"potentialAction\":[{\"@type\":\"SearchAction\",\"target\":{\"@type\":\"EntryPoint\",\"urlTemplate\":\"https:\/\/hobstop.ee\/lt\/?s={search_term_string}\"},\"query-input\":{\"@type\":\"PropertyValueSpecification\",\"valueRequired\":true,\"valueName\":\"search_term_string\"}}],\"inLanguage\":\"lt\"},{\"@type\":\"Organization\",\"@id\":\"https:\/\/hobstop.ee\/lt\/#organization\",\"name\":\"Vunder AS\",\"url\":\"https:\/\/hobstop.ee\/lt\/\",\"logo\":{\"@type\":\"ImageObject\",\"inLanguage\":\"lt\",\"@id\":\"https:\/\/hobstop.ee\/lt\/#\/schema\/logo\/image\/\",\"url\":\"https:\/\/hobstop.ee\/media\/vunder-logo.png\",\"contentUrl\":\"https:\/\/hobstop.ee\/media\/vunder-logo.png\",\"width\":127,\"height\":55,\"caption\":\"Vunder AS\"},\"image\":{\"@id\":\"https:\/\/hobstop.ee\/lt\/#\/schema\/logo\/image\/\"},\"sameAs\":[\"http:\/\/www.facebook.com\/VunderSkizze\"]}]}<\/script>\n<!-- \/ Yoast SEO plugin. -->","yoast_head_json":{"title":"Akriliniai da\u017e\u0173 rinkinys Marabu Artist &#8211; Skizze","robots":{"index":"noindex","follow":"follow","max-snippet":"max-snippet:-1","max-image-preview":"max-image-preview:large","max-video-preview":"max-video-preview:-1"},"og_locale":"lt_LT","og_type":"article","og_title":"Akriliniai da\u017e\u0173 rinkinys Marabu Artist &#8211; Skizze","og_description":"\u0160velnios konsistencijos, auk\u0161tos kokyb\u0117s vandens pagrindu pagaminti dailininkams skirti akriliniai da\u017eai. Puikiai tinka tapyti ant drob\u0117s, kartono, popieriaus, medienos ir \u012fvairi\u0173 kit\u0173 med\u017eiag\u0173. \u012e past\u0105 pana\u0161i konsistencija padeda sukurti lankst\u0173 da\u017e\u0173 sluoksn\u012f ir leid\u017eia i\u0161bandyti \u012fvairius pot\u0117pius. Da\u017e\u0173 sud\u0117tyje yra daug pigmento, tod\u0117l spalvos yra intensyvios, grynos ir spindin\u010dios. Akriliniai da\u017eai \u201eMarabu Artist\u201c tiesiog idealiai tinka pradedantiems dailininkams.","og_url":"https:\/\/hobstop.ee\/lt\/produktas\/akriliniai-dazu-rinkinys-marabu-artist\/","og_site_name":"Skizze","article_publisher":"http:\/\/www.facebook.com\/VunderSkizze","og_image":[{"width":1024,"height":768,"url":"https:\/\/hobstop.ee\/media\/5013.jpg","type":"image\/jpeg"}],"twitter_card":"summary_large_image","schema":{"@context":"https:\/\/schema.org","@graph":[{"@type":"WebPage","@id":"https:\/\/hobstop.ee\/lt\/produktas\/akriliniai-dazu-rinkinys-marabu-artist\/","url":"https:\/\/hobstop.ee\/lt\/produktas\/akriliniai-dazu-rinkinys-marabu-artist\/","name":"Akriliniai da\u017e\u0173 rinkinys Marabu Artist &#8211; Skizze","isPartOf":{"@id":"https:\/\/hobstop.ee\/lt\/#website"},"primaryImageOfPage":{"@id":"https:\/\/hobstop.ee\/lt\/produktas\/akriliniai-dazu-rinkinys-marabu-artist\/#primaryimage"},"image":{"@id":"https:\/\/hobstop.ee\/lt\/produktas\/akriliniai-dazu-rinkinys-marabu-artist\/#primaryimage"},"thumbnailUrl":"https:\/\/hobstop.ee\/media\/5013.jpg","datePublished":"2019-05-23T13:20:49+00:00","dateModified":"2019-05-23T13:20:49+00:00","breadcrumb":{"@id":"https:\/\/hobstop.ee\/lt\/produktas\/akriliniai-dazu-rinkinys-marabu-artist\/#breadcrumb"},"inLanguage":"lt","potentialAction":[{"@type":"ReadAction","target":["https:\/\/hobstop.ee\/lt\/produktas\/akriliniai-dazu-rinkinys-marabu-artist\/"]}]},{"@type":"ImageObject","inLanguage":"lt","@id":"https:\/\/hobstop.ee\/lt\/produktas\/akriliniai-dazu-rinkinys-marabu-artist\/#primaryimage","url":"https:\/\/hobstop.ee\/media\/5013.jpg","contentUrl":"https:\/\/hobstop.ee\/media\/5013.jpg","width":1024,"height":768},{"@type":"BreadcrumbList","@id":"https:\/\/hobstop.ee\/lt\/produktas\/akriliniai-dazu-rinkinys-marabu-artist\/#breadcrumb","itemListElement":[{"@type":"ListItem","position":1,"name":"Avaleht","item":"https:\/\/hobstop.ee\/lt\/"},{"@type":"ListItem","position":2,"name":"Parduotuv\u0117","item":"https:\/\/hobstop.ee\/lt\/parduotuve\/"},{"@type":"ListItem","position":3,"name":"Akriliniai da\u017e\u0173 rinkinys Marabu Artist"}]},{"@type":"WebSite","@id":"https:\/\/hobstop.ee\/lt\/#website","url":"https:\/\/hobstop.ee\/lt\/","name":"Skizze","description":"Dail\u0117s, pom\u0117gi\u0173 ir mokykliniai reikm\u0117nys","publisher":{"@id":"https:\/\/hobstop.ee\/lt\/#organization"},"potentialAction":[{"@type":"SearchAction","target":{"@type":"EntryPoint","urlTemplate":"https:\/\/hobstop.ee\/lt\/?s={search_term_string}"},"query-input":{"@type":"PropertyValueSpecification","valueRequired":true,"valueName":"search_term_string"}}],"inLanguage":"lt"},{"@type":"Organization","@id":"https:\/\/hobstop.ee\/lt\/#organization","name":"Vunder AS","url":"https:\/\/hobstop.ee\/lt\/","logo":{"@type":"ImageObject","inLanguage":"lt","@id":"https:\/\/hobstop.ee\/lt\/#\/schema\/logo\/image\/","url":"https:\/\/hobstop.ee\/media\/vunder-logo.png","contentUrl":"https:\/\/hobstop.ee\/media\/vunder-logo.png","width":127,"height":55,"caption":"Vunder AS"},"image":{"@id":"https:\/\/hobstop.ee\/lt\/#\/schema\/logo\/image\/"},"sameAs":["http:\/\/www.facebook.com\/VunderSkizze"]}]}},"_links":{"self":[{"href":"https:\/\/hobstop.ee\/lt\/wp-json\/wp\/v2\/product\/335384","targetHints":{"allow":["GET"]}}],"collection":[{"href":"https:\/\/hobstop.ee\/lt\/wp-json\/wp\/v2\/product"}],"about":[{"href":"https:\/\/hobstop.ee\/lt\/wp-json\/wp\/v2\/types\/product"}],"replies":[{"embeddable":true,"href":"https:\/\/hobstop.ee\/lt\/wp-json\/wp\/v2\/comments?post=335384"}],"wp:featuredmedia":[{"embeddable":true,"href":"https:\/\/hobstop.ee\/lt\/wp-json\/wp\/v2\/media\/353052"}],"wp:attachment":[{"href":"https:\/\/hobstop.ee\/lt\/wp-json\/wp\/v2\/media?parent=335384"}],"wp:term":[{"taxonomy":"product_cat","embeddable":true,"href":"https:\/\/hobstop.ee\/lt\/wp-json\/wp\/v2\/product_cat?post=335384"},{"taxonomy":"product_tag","embeddable":true,"href":"https:\/\/hobstop.ee\/lt\/wp-json\/wp\/v2\/product_tag?post=335384"}],"curies":[{"name":"wp","href":"https:\/\/api.w.org\/{rel}","templated":true}]}}