{"id":335392,"date":"2019-05-23T15:58:56","date_gmt":"2019-05-23T13:21:35","guid":{"rendered":"https:\/\/sharks.ee\/vunder_2019\/product\/polimerinis-molis-cernit-doll-500g\/"},"modified":"2019-05-23T16:21:35","modified_gmt":"2019-05-23T13:21:35","slug":"polimerinis-molis-cernit-doll-500g","status":"publish","type":"product","link":"https:\/\/hobstop.ee\/lt\/produktas\/polimerinis-molis-cernit-doll-500g\/","title":{"rendered":"Polimerinis molis Cernit Doll 500g"},"content":{"rendered":"<p>L\u0117l\u0117ms gaminti i\u0161 polimerinio molio \u201eCernit\u201c tiesiog idealiai tinka \u201eCernit Doll\u201c serija. Pusiau permatomos spalvos su porceliano \u0161vyt\u0117jimu ir skaidri \u201eCernit Doll\u201c polimerinio molio k\u016bno spalva puikiai imituoja odos atspalvius. Visi\u0161kai i\u0161d\u017ei\u016bsta 15\u201330 minu\u010di\u0173 i\u0161degus i\u0161 anksto \u012fkaitintoje orkait\u0117je prie 110\u2013130\u00b0C temperat\u016bros. Ko\u010diojama ir minkoma med\u017eiaga tampa plasti\u0161ka ir gerai formuojama \u012fvairiomis kryptimis. Galima tampyti kaip te\u0161l\u0105 ir vynioti kaip audin\u012f. I\u0161keptas molis \u012fgauna od\u0105 primenant\u012f atspalv\u012f. Kaip ir kitas polimerinio molio \u201eCernit\u201c spalvas, \u201eDoll\u201c serijos spalvas galima mai\u0161yti tarpusavyje ir i\u0161gauti j\u016bs\u0173 norim\u0105 tiksl\u0173 atspalv\u012f. I\u0161 \u201eCernit Doll\u201c polimerinio molio pagamint\u0173 l\u0117li\u0173 ne\u0161lifuokite, nes grubl\u0117tas molio pavir\u0161ius atrodo tikrovi\u0161kiau. I\u0161degtas tampa pana\u0161us \u012f porcelian\u0105 \u2013 itin tvirtas, j\u012f galima gr\u0119\u017eti ir \u0161lifuoti. Da\u017eymui galima naudoti akrilinius da\u017eus, dekoratyvinius miltelius ir lak\u0105.<\/p>\n","protected":false},"excerpt":{"rendered":"<p>L\u0117l\u0117ms gaminti i\u0161 polimerinio molio \u201eCernit\u201c tiesiog idealiai tinka \u201eCernit Doll\u201c serija. Pusiau permatomos spalvos su porceliano \u0161vyt\u0117jimu ir skaidri \u201eCernit Doll\u201c polimerinio molio k\u016bno spalva puikiai imituoja odos atspalvius. Visi\u0161kai i\u0161d\u017ei\u016bsta 15\u201330 minu\u010di\u0173 i\u0161degus i\u0161 anksto \u012fkaitintoje orkait\u0117je prie 110\u2013130\u00b0C temperat\u016bros. Ko\u010diojama ir minkoma med\u017eiaga tampa plasti\u0161ka ir gerai formuojama \u012fvairiomis kryptimis. Galima tampyti kaip te\u0161l\u0105 ir vynioti kaip audin\u012f. I\u0161keptas molis \u012fgauna od\u0105 primenant\u012f atspalv\u012f. Kaip ir kitas polimerinio molio \u201eCernit\u201c spalvas, \u201eDoll\u201c serijos spalvas galima mai\u0161yti tarpusavyje ir i\u0161gauti j\u016bs\u0173 norim\u0105 tiksl\u0173 atspalv\u012f. I\u0161 \u201eCernit Doll\u201c polimerinio molio pagamint\u0173 l\u0117li\u0173 ne\u0161lifuokite, nes grubl\u0117tas molio pavir\u0161ius atrodo tikrovi\u0161kiau. I\u0161degtas tampa pana\u0161us \u012f porcelian\u0105 \u2013 itin tvirtas, j\u012f galima gr\u0119\u017eti ir \u0161lifuoti. Da\u017eymui galima naudoti akrilinius da\u017eus, dekoratyvinius miltelius ir lak\u0105.<\/p>\n","protected":false},"featured_media":352784,"comment_status":"closed","ping_status":"closed","template":"","meta":{"_acf_changed":false,"ep_exclude_from_search":false},"product_cat":[20087,15010,17919],"product_tag":[],"class_list":{"0":"post-335392","1":"product","2":"type-product","3":"status-publish","4":"has-post-thumbnail","6":"product_cat-medziagos-ir-priemones-lipdymui","7":"product_cat-polimerinis-molis","8":"product_cat-pomegiu-prekes","10":"first","11":"instock","12":"taxable","13":"shipping-taxable","14":"product-type-variable"},"acf":[],"yoast_head":"<!-- This site is optimized with the Yoast SEO plugin v24.1 - https:\/\/yoast.com\/wordpress\/plugins\/seo\/ -->\n<title>Polimerinis molis Cernit Doll 500g &#8211; Skizze<\/title>\n<meta name=\"robots\" content=\"noindex, follow, max-snippet:-1, max-image-preview:large, max-video-preview:-1\" \/>\n<meta property=\"og:locale\" content=\"lt_LT\" \/>\n<meta property=\"og:type\" content=\"article\" \/>\n<meta property=\"og:title\" content=\"Polimerinis molis Cernit Doll 500g &#8211; Skizze\" \/>\n<meta property=\"og:description\" content=\"L\u0117l\u0117ms gaminti i\u0161 polimerinio molio \u201eCernit\u201c tiesiog idealiai tinka \u201eCernit Doll\u201c serija. Pusiau permatomos spalvos su porceliano \u0161vyt\u0117jimu ir skaidri \u201eCernit Doll\u201c polimerinio molio k\u016bno spalva puikiai imituoja odos atspalvius. Visi\u0161kai i\u0161d\u017ei\u016bsta 15\u201330 minu\u010di\u0173 i\u0161degus i\u0161 anksto \u012fkaitintoje orkait\u0117je prie 110\u2013130\u00b0C temperat\u016bros. Ko\u010diojama ir minkoma med\u017eiaga tampa plasti\u0161ka ir gerai formuojama \u012fvairiomis kryptimis. Galima tampyti kaip te\u0161l\u0105 ir vynioti kaip audin\u012f. I\u0161keptas molis \u012fgauna od\u0105 primenant\u012f atspalv\u012f. Kaip ir kitas polimerinio molio \u201eCernit\u201c spalvas, \u201eDoll\u201c serijos spalvas galima mai\u0161yti tarpusavyje ir i\u0161gauti j\u016bs\u0173 norim\u0105 tiksl\u0173 atspalv\u012f. I\u0161 \u201eCernit Doll\u201c polimerinio molio pagamint\u0173 l\u0117li\u0173 ne\u0161lifuokite, nes grubl\u0117tas molio pavir\u0161ius atrodo tikrovi\u0161kiau. I\u0161degtas tampa pana\u0161us \u012f porcelian\u0105 \u2013 itin tvirtas, j\u012f galima gr\u0119\u017eti ir \u0161lifuoti. Da\u017eymui galima naudoti akrilinius da\u017eus, dekoratyvinius miltelius ir lak\u0105.\" \/>\n<meta property=\"og:url\" content=\"https:\/\/hobstop.ee\/lt\/produktas\/polimerinis-molis-cernit-doll-500g\/\" \/>\n<meta property=\"og:site_name\" content=\"Skizze\" \/>\n<meta property=\"article:publisher\" content=\"http:\/\/www.facebook.com\/VunderSkizze\" \/>\n<meta property=\"og:image\" content=\"https:\/\/hobstop.ee\/media\/2177.jpg\" \/>\n\t<meta property=\"og:image:width\" content=\"1024\" \/>\n\t<meta property=\"og:image:height\" content=\"768\" \/>\n\t<meta property=\"og:image:type\" content=\"image\/jpeg\" \/>\n<meta name=\"twitter:card\" content=\"summary_large_image\" \/>\n<meta name=\"twitter:label1\" content=\"Est. reading time\" \/>\n\t<meta name=\"twitter:data1\" content=\"1 minute\" \/>\n<script type=\"application\/ld+json\" class=\"yoast-schema-graph\">{\"@context\":\"https:\/\/schema.org\",\"@graph\":[{\"@type\":\"WebPage\",\"@id\":\"https:\/\/hobstop.ee\/lt\/produktas\/polimerinis-molis-cernit-doll-500g\/\",\"url\":\"https:\/\/hobstop.ee\/lt\/produktas\/polimerinis-molis-cernit-doll-500g\/\",\"name\":\"Polimerinis molis Cernit Doll 500g &#8211; Skizze\",\"isPartOf\":{\"@id\":\"https:\/\/hobstop.ee\/lt\/#website\"},\"primaryImageOfPage\":{\"@id\":\"https:\/\/hobstop.ee\/lt\/produktas\/polimerinis-molis-cernit-doll-500g\/#primaryimage\"},\"image\":{\"@id\":\"https:\/\/hobstop.ee\/lt\/produktas\/polimerinis-molis-cernit-doll-500g\/#primaryimage\"},\"thumbnailUrl\":\"https:\/\/hobstop.ee\/media\/2177.jpg\",\"datePublished\":\"2019-05-23T13:21:35+00:00\",\"dateModified\":\"2019-05-23T13:21:35+00:00\",\"breadcrumb\":{\"@id\":\"https:\/\/hobstop.ee\/lt\/produktas\/polimerinis-molis-cernit-doll-500g\/#breadcrumb\"},\"inLanguage\":\"lt\",\"potentialAction\":[{\"@type\":\"ReadAction\",\"target\":[\"https:\/\/hobstop.ee\/lt\/produktas\/polimerinis-molis-cernit-doll-500g\/\"]}]},{\"@type\":\"ImageObject\",\"inLanguage\":\"lt\",\"@id\":\"https:\/\/hobstop.ee\/lt\/produktas\/polimerinis-molis-cernit-doll-500g\/#primaryimage\",\"url\":\"https:\/\/hobstop.ee\/media\/2177.jpg\",\"contentUrl\":\"https:\/\/hobstop.ee\/media\/2177.jpg\",\"width\":1024,\"height\":768},{\"@type\":\"BreadcrumbList\",\"@id\":\"https:\/\/hobstop.ee\/lt\/produktas\/polimerinis-molis-cernit-doll-500g\/#breadcrumb\",\"itemListElement\":[{\"@type\":\"ListItem\",\"position\":1,\"name\":\"Avaleht\",\"item\":\"https:\/\/hobstop.ee\/lt\/\"},{\"@type\":\"ListItem\",\"position\":2,\"name\":\"Parduotuv\u0117\",\"item\":\"https:\/\/hobstop.ee\/lt\/parduotuve\/\"},{\"@type\":\"ListItem\",\"position\":3,\"name\":\"Polimerinis molis Cernit Doll 500g\"}]},{\"@type\":\"WebSite\",\"@id\":\"https:\/\/hobstop.ee\/lt\/#website\",\"url\":\"https:\/\/hobstop.ee\/lt\/\",\"name\":\"Skizze\",\"description\":\"Dail\u0117s, pom\u0117gi\u0173 ir mokykliniai reikm\u0117nys\",\"publisher\":{\"@id\":\"https:\/\/hobstop.ee\/lt\/#organization\"},\"potentialAction\":[{\"@type\":\"SearchAction\",\"target\":{\"@type\":\"EntryPoint\",\"urlTemplate\":\"https:\/\/hobstop.ee\/lt\/?s={search_term_string}\"},\"query-input\":{\"@type\":\"PropertyValueSpecification\",\"valueRequired\":true,\"valueName\":\"search_term_string\"}}],\"inLanguage\":\"lt\"},{\"@type\":\"Organization\",\"@id\":\"https:\/\/hobstop.ee\/lt\/#organization\",\"name\":\"Vunder AS\",\"url\":\"https:\/\/hobstop.ee\/lt\/\",\"logo\":{\"@type\":\"ImageObject\",\"inLanguage\":\"lt\",\"@id\":\"https:\/\/hobstop.ee\/lt\/#\/schema\/logo\/image\/\",\"url\":\"https:\/\/hobstop.ee\/media\/vunder-logo.png\",\"contentUrl\":\"https:\/\/hobstop.ee\/media\/vunder-logo.png\",\"width\":127,\"height\":55,\"caption\":\"Vunder AS\"},\"image\":{\"@id\":\"https:\/\/hobstop.ee\/lt\/#\/schema\/logo\/image\/\"},\"sameAs\":[\"http:\/\/www.facebook.com\/VunderSkizze\"]}]}<\/script>\n<!-- \/ Yoast SEO plugin. -->","yoast_head_json":{"title":"Polimerinis molis Cernit Doll 500g &#8211; Skizze","robots":{"index":"noindex","follow":"follow","max-snippet":"max-snippet:-1","max-image-preview":"max-image-preview:large","max-video-preview":"max-video-preview:-1"},"og_locale":"lt_LT","og_type":"article","og_title":"Polimerinis molis Cernit Doll 500g &#8211; Skizze","og_description":"L\u0117l\u0117ms gaminti i\u0161 polimerinio molio \u201eCernit\u201c tiesiog idealiai tinka \u201eCernit Doll\u201c serija. Pusiau permatomos spalvos su porceliano \u0161vyt\u0117jimu ir skaidri \u201eCernit Doll\u201c polimerinio molio k\u016bno spalva puikiai imituoja odos atspalvius. Visi\u0161kai i\u0161d\u017ei\u016bsta 15\u201330 minu\u010di\u0173 i\u0161degus i\u0161 anksto \u012fkaitintoje orkait\u0117je prie 110\u2013130\u00b0C temperat\u016bros. Ko\u010diojama ir minkoma med\u017eiaga tampa plasti\u0161ka ir gerai formuojama \u012fvairiomis kryptimis. Galima tampyti kaip te\u0161l\u0105 ir vynioti kaip audin\u012f. I\u0161keptas molis \u012fgauna od\u0105 primenant\u012f atspalv\u012f. Kaip ir kitas polimerinio molio \u201eCernit\u201c spalvas, \u201eDoll\u201c serijos spalvas galima mai\u0161yti tarpusavyje ir i\u0161gauti j\u016bs\u0173 norim\u0105 tiksl\u0173 atspalv\u012f. I\u0161 \u201eCernit Doll\u201c polimerinio molio pagamint\u0173 l\u0117li\u0173 ne\u0161lifuokite, nes grubl\u0117tas molio pavir\u0161ius atrodo tikrovi\u0161kiau. I\u0161degtas tampa pana\u0161us \u012f porcelian\u0105 \u2013 itin tvirtas, j\u012f galima gr\u0119\u017eti ir \u0161lifuoti. Da\u017eymui galima naudoti akrilinius da\u017eus, dekoratyvinius miltelius ir lak\u0105.","og_url":"https:\/\/hobstop.ee\/lt\/produktas\/polimerinis-molis-cernit-doll-500g\/","og_site_name":"Skizze","article_publisher":"http:\/\/www.facebook.com\/VunderSkizze","og_image":[{"width":1024,"height":768,"url":"https:\/\/hobstop.ee\/media\/2177.jpg","type":"image\/jpeg"}],"twitter_card":"summary_large_image","twitter_misc":{"Est. reading time":"1 minute"},"schema":{"@context":"https:\/\/schema.org","@graph":[{"@type":"WebPage","@id":"https:\/\/hobstop.ee\/lt\/produktas\/polimerinis-molis-cernit-doll-500g\/","url":"https:\/\/hobstop.ee\/lt\/produktas\/polimerinis-molis-cernit-doll-500g\/","name":"Polimerinis molis Cernit Doll 500g &#8211; Skizze","isPartOf":{"@id":"https:\/\/hobstop.ee\/lt\/#website"},"primaryImageOfPage":{"@id":"https:\/\/hobstop.ee\/lt\/produktas\/polimerinis-molis-cernit-doll-500g\/#primaryimage"},"image":{"@id":"https:\/\/hobstop.ee\/lt\/produktas\/polimerinis-molis-cernit-doll-500g\/#primaryimage"},"thumbnailUrl":"https:\/\/hobstop.ee\/media\/2177.jpg","datePublished":"2019-05-23T13:21:35+00:00","dateModified":"2019-05-23T13:21:35+00:00","breadcrumb":{"@id":"https:\/\/hobstop.ee\/lt\/produktas\/polimerinis-molis-cernit-doll-500g\/#breadcrumb"},"inLanguage":"lt","potentialAction":[{"@type":"ReadAction","target":["https:\/\/hobstop.ee\/lt\/produktas\/polimerinis-molis-cernit-doll-500g\/"]}]},{"@type":"ImageObject","inLanguage":"lt","@id":"https:\/\/hobstop.ee\/lt\/produktas\/polimerinis-molis-cernit-doll-500g\/#primaryimage","url":"https:\/\/hobstop.ee\/media\/2177.jpg","contentUrl":"https:\/\/hobstop.ee\/media\/2177.jpg","width":1024,"height":768},{"@type":"BreadcrumbList","@id":"https:\/\/hobstop.ee\/lt\/produktas\/polimerinis-molis-cernit-doll-500g\/#breadcrumb","itemListElement":[{"@type":"ListItem","position":1,"name":"Avaleht","item":"https:\/\/hobstop.ee\/lt\/"},{"@type":"ListItem","position":2,"name":"Parduotuv\u0117","item":"https:\/\/hobstop.ee\/lt\/parduotuve\/"},{"@type":"ListItem","position":3,"name":"Polimerinis molis Cernit Doll 500g"}]},{"@type":"WebSite","@id":"https:\/\/hobstop.ee\/lt\/#website","url":"https:\/\/hobstop.ee\/lt\/","name":"Skizze","description":"Dail\u0117s, pom\u0117gi\u0173 ir mokykliniai reikm\u0117nys","publisher":{"@id":"https:\/\/hobstop.ee\/lt\/#organization"},"potentialAction":[{"@type":"SearchAction","target":{"@type":"EntryPoint","urlTemplate":"https:\/\/hobstop.ee\/lt\/?s={search_term_string}"},"query-input":{"@type":"PropertyValueSpecification","valueRequired":true,"valueName":"search_term_string"}}],"inLanguage":"lt"},{"@type":"Organization","@id":"https:\/\/hobstop.ee\/lt\/#organization","name":"Vunder AS","url":"https:\/\/hobstop.ee\/lt\/","logo":{"@type":"ImageObject","inLanguage":"lt","@id":"https:\/\/hobstop.ee\/lt\/#\/schema\/logo\/image\/","url":"https:\/\/hobstop.ee\/media\/vunder-logo.png","contentUrl":"https:\/\/hobstop.ee\/media\/vunder-logo.png","width":127,"height":55,"caption":"Vunder AS"},"image":{"@id":"https:\/\/hobstop.ee\/lt\/#\/schema\/logo\/image\/"},"sameAs":["http:\/\/www.facebook.com\/VunderSkizze"]}]}},"_links":{"self":[{"href":"https:\/\/hobstop.ee\/lt\/wp-json\/wp\/v2\/product\/335392","targetHints":{"allow":["GET"]}}],"collection":[{"href":"https:\/\/hobstop.ee\/lt\/wp-json\/wp\/v2\/product"}],"about":[{"href":"https:\/\/hobstop.ee\/lt\/wp-json\/wp\/v2\/types\/product"}],"replies":[{"embeddable":true,"href":"https:\/\/hobstop.ee\/lt\/wp-json\/wp\/v2\/comments?post=335392"}],"wp:featuredmedia":[{"embeddable":true,"href":"https:\/\/hobstop.ee\/lt\/wp-json\/wp\/v2\/media\/352784"}],"wp:attachment":[{"href":"https:\/\/hobstop.ee\/lt\/wp-json\/wp\/v2\/media?parent=335392"}],"wp:term":[{"taxonomy":"product_cat","embeddable":true,"href":"https:\/\/hobstop.ee\/lt\/wp-json\/wp\/v2\/product_cat?post=335392"},{"taxonomy":"product_tag","embeddable":true,"href":"https:\/\/hobstop.ee\/lt\/wp-json\/wp\/v2\/product_tag?post=335392"}],"curies":[{"name":"wp","href":"https:\/\/api.w.org\/{rel}","templated":true}]}}