{"id":339447,"date":"2019-11-20T12:30:53","date_gmt":"2019-11-20T10:31:02","guid":{"rendered":"https:\/\/sharks.ee\/vunder_2019\/product\/dvipuse-lipni-juosta-rayher-skaidrus\/"},"modified":"2019-11-20T12:31:02","modified_gmt":"2019-11-20T10:31:02","slug":"dvipuse-lipni-juosta-rayher-skaidrus","status":"publish","type":"product","link":"https:\/\/hobstop.ee\/lt\/produktas\/dvipuse-lipni-juosta-rayher-skaidrus\/","title":{"rendered":"Dvipus\u0117 lipni juosta Rayher skaidrus"},"content":{"rendered":"<p>Esate labai reikl\u016bs klijavimo kokybei? Auk\u0161tos kokyb\u0117s dvipus\u0117 lipni juostel\u0117 \u201eRayher\u201c yra skirta skrebinimui ir smulkiems popieriaus darbams \u2013 ji tinka visur, kur reikia nematom\u0173 klij\u0173! \u0160i labai skaidri dvipus\u0117 lipni juostel\u0117 yra beveik nepastebima. J\u0105 galima nukirpti arba nupl\u0117\u0161ti, tod\u0117l nereikia nei klij\u0173, nei \u017eirkli\u0173. Itin skaidri lipni juostel\u0117 ypa\u010d tinka labai plonam ir per\u0161vie\u010diamam popieriui ir darbams prie stiklo klijuoti. \u0160ia lipnia dvipuse juostele galima profesionaliai priklijuoti ir j\u016bs\u0173 pa\u010di\u0173 pagamint\u0173 kvietim\u0173 skaidrias vidines korteles. Lipnios juostel\u0117s sud\u0117tyje yra n\u0117ra r\u016bg\u0161\u010di\u0173, tod\u0117l suklijuotos nuotraukos nepageltonuos.<\/p>\n","protected":false},"excerpt":{"rendered":"<p>Esate labai reikl\u016bs klijavimo kokybei? Auk\u0161tos kokyb\u0117s dvipus\u0117 lipni juostel\u0117 \u201eRayher\u201c yra skirta skrebinimui ir smulkiems popieriaus darbams \u2013 ji tinka visur, kur reikia nematom\u0173 klij\u0173! \u0160i labai skaidri dvipus\u0117 lipni juostel\u0117 yra beveik nepastebima. J\u0105 galima nukirpti arba nupl\u0117\u0161ti, tod\u0117l nereikia nei klij\u0173, nei \u017eirkli\u0173. Itin skaidri lipni juostel\u0117 ypa\u010d tinka labai plonam ir per\u0161vie\u010diamam popieriui ir darbams prie stiklo klijuoti. \u0160ia lipnia dvipuse juostele galima profesionaliai priklijuoti ir j\u016bs\u0173 pa\u010di\u0173 pagamint\u0173 kvietim\u0173 skaidrias vidines korteles. Lipnios juostel\u0117s sud\u0117tyje yra n\u0117ra r\u016bg\u0161\u010di\u0173, tod\u0117l suklijuotos nuotraukos nepageltonuos.<\/p>\n","protected":false},"featured_media":353148,"comment_status":"closed","ping_status":"closed","template":"","meta":{"_acf_changed":false,"ep_exclude_from_search":false},"product_cat":[20361],"product_tag":[],"class_list":{"0":"post-339447","1":"product","2":"type-product","3":"status-publish","4":"has-post-thumbnail","6":"product_cat-maaramata","8":"first","9":"instock","10":"taxable","11":"shipping-taxable","12":"product-type-simple"},"acf":[],"yoast_head":"<!-- This site is optimized with the Yoast SEO plugin v24.1 - https:\/\/yoast.com\/wordpress\/plugins\/seo\/ -->\n<title>Dvipus\u0117 lipni juosta Rayher skaidrus &#8211; Skizze<\/title>\n<meta name=\"robots\" content=\"noindex, follow, max-snippet:-1, max-image-preview:large, max-video-preview:-1\" \/>\n<meta property=\"og:locale\" content=\"lt_LT\" \/>\n<meta property=\"og:type\" content=\"article\" \/>\n<meta property=\"og:title\" content=\"Dvipus\u0117 lipni juosta Rayher skaidrus &#8211; Skizze\" \/>\n<meta property=\"og:description\" content=\"Esate labai reikl\u016bs klijavimo kokybei? Auk\u0161tos kokyb\u0117s dvipus\u0117 lipni juostel\u0117 \u201eRayher\u201c yra skirta skrebinimui ir smulkiems popieriaus darbams \u2013 ji tinka visur, kur reikia nematom\u0173 klij\u0173! \u0160i labai skaidri dvipus\u0117 lipni juostel\u0117 yra beveik nepastebima. J\u0105 galima nukirpti arba nupl\u0117\u0161ti, tod\u0117l nereikia nei klij\u0173, nei \u017eirkli\u0173. Itin skaidri lipni juostel\u0117 ypa\u010d tinka labai plonam ir per\u0161vie\u010diamam popieriui ir darbams prie stiklo klijuoti. \u0160ia lipnia dvipuse juostele galima profesionaliai priklijuoti ir j\u016bs\u0173 pa\u010di\u0173 pagamint\u0173 kvietim\u0173 skaidrias vidines korteles. Lipnios juostel\u0117s sud\u0117tyje yra n\u0117ra r\u016bg\u0161\u010di\u0173, tod\u0117l suklijuotos nuotraukos nepageltonuos.\" \/>\n<meta property=\"og:url\" content=\"https:\/\/hobstop.ee\/lt\/produktas\/dvipuse-lipni-juosta-rayher-skaidrus\/\" \/>\n<meta property=\"og:site_name\" content=\"Skizze\" \/>\n<meta property=\"article:publisher\" content=\"http:\/\/www.facebook.com\/VunderSkizze\" \/>\n<meta property=\"og:image\" content=\"https:\/\/hobstop.ee\/media\/4873.jpg\" \/>\n\t<meta property=\"og:image:width\" content=\"1024\" \/>\n\t<meta property=\"og:image:height\" content=\"768\" \/>\n\t<meta property=\"og:image:type\" content=\"image\/jpeg\" \/>\n<meta name=\"twitter:card\" content=\"summary_large_image\" \/>\n<meta name=\"twitter:label1\" content=\"Est. reading time\" \/>\n\t<meta name=\"twitter:data1\" content=\"1 minute\" \/>\n<script type=\"application\/ld+json\" class=\"yoast-schema-graph\">{\"@context\":\"https:\/\/schema.org\",\"@graph\":[{\"@type\":\"WebPage\",\"@id\":\"https:\/\/hobstop.ee\/lt\/produktas\/dvipuse-lipni-juosta-rayher-skaidrus\/\",\"url\":\"https:\/\/hobstop.ee\/lt\/produktas\/dvipuse-lipni-juosta-rayher-skaidrus\/\",\"name\":\"Dvipus\u0117 lipni juosta Rayher skaidrus &#8211; Skizze\",\"isPartOf\":{\"@id\":\"https:\/\/hobstop.ee\/lt\/#website\"},\"primaryImageOfPage\":{\"@id\":\"https:\/\/hobstop.ee\/lt\/produktas\/dvipuse-lipni-juosta-rayher-skaidrus\/#primaryimage\"},\"image\":{\"@id\":\"https:\/\/hobstop.ee\/lt\/produktas\/dvipuse-lipni-juosta-rayher-skaidrus\/#primaryimage\"},\"thumbnailUrl\":\"https:\/\/hobstop.ee\/media\/4873.jpg\",\"datePublished\":\"2019-11-20T10:31:02+00:00\",\"dateModified\":\"2019-11-20T10:31:02+00:00\",\"breadcrumb\":{\"@id\":\"https:\/\/hobstop.ee\/lt\/produktas\/dvipuse-lipni-juosta-rayher-skaidrus\/#breadcrumb\"},\"inLanguage\":\"lt\",\"potentialAction\":[{\"@type\":\"ReadAction\",\"target\":[\"https:\/\/hobstop.ee\/lt\/produktas\/dvipuse-lipni-juosta-rayher-skaidrus\/\"]}]},{\"@type\":\"ImageObject\",\"inLanguage\":\"lt\",\"@id\":\"https:\/\/hobstop.ee\/lt\/produktas\/dvipuse-lipni-juosta-rayher-skaidrus\/#primaryimage\",\"url\":\"https:\/\/hobstop.ee\/media\/4873.jpg\",\"contentUrl\":\"https:\/\/hobstop.ee\/media\/4873.jpg\",\"width\":1024,\"height\":768},{\"@type\":\"BreadcrumbList\",\"@id\":\"https:\/\/hobstop.ee\/lt\/produktas\/dvipuse-lipni-juosta-rayher-skaidrus\/#breadcrumb\",\"itemListElement\":[{\"@type\":\"ListItem\",\"position\":1,\"name\":\"Avaleht\",\"item\":\"https:\/\/hobstop.ee\/lt\/\"},{\"@type\":\"ListItem\",\"position\":2,\"name\":\"Parduotuv\u0117\",\"item\":\"https:\/\/hobstop.ee\/lt\/parduotuve\/\"},{\"@type\":\"ListItem\",\"position\":3,\"name\":\"Dvipus\u0117 lipni juosta Rayher skaidrus\"}]},{\"@type\":\"WebSite\",\"@id\":\"https:\/\/hobstop.ee\/lt\/#website\",\"url\":\"https:\/\/hobstop.ee\/lt\/\",\"name\":\"Skizze\",\"description\":\"Dail\u0117s, pom\u0117gi\u0173 ir mokykliniai reikm\u0117nys\",\"publisher\":{\"@id\":\"https:\/\/hobstop.ee\/lt\/#organization\"},\"potentialAction\":[{\"@type\":\"SearchAction\",\"target\":{\"@type\":\"EntryPoint\",\"urlTemplate\":\"https:\/\/hobstop.ee\/lt\/?s={search_term_string}\"},\"query-input\":{\"@type\":\"PropertyValueSpecification\",\"valueRequired\":true,\"valueName\":\"search_term_string\"}}],\"inLanguage\":\"lt\"},{\"@type\":\"Organization\",\"@id\":\"https:\/\/hobstop.ee\/lt\/#organization\",\"name\":\"Vunder AS\",\"url\":\"https:\/\/hobstop.ee\/lt\/\",\"logo\":{\"@type\":\"ImageObject\",\"inLanguage\":\"lt\",\"@id\":\"https:\/\/hobstop.ee\/lt\/#\/schema\/logo\/image\/\",\"url\":\"https:\/\/hobstop.ee\/media\/vunder-logo.png\",\"contentUrl\":\"https:\/\/hobstop.ee\/media\/vunder-logo.png\",\"width\":127,\"height\":55,\"caption\":\"Vunder AS\"},\"image\":{\"@id\":\"https:\/\/hobstop.ee\/lt\/#\/schema\/logo\/image\/\"},\"sameAs\":[\"http:\/\/www.facebook.com\/VunderSkizze\"]}]}<\/script>\n<!-- \/ Yoast SEO plugin. -->","yoast_head_json":{"title":"Dvipus\u0117 lipni juosta Rayher skaidrus &#8211; Skizze","robots":{"index":"noindex","follow":"follow","max-snippet":"max-snippet:-1","max-image-preview":"max-image-preview:large","max-video-preview":"max-video-preview:-1"},"og_locale":"lt_LT","og_type":"article","og_title":"Dvipus\u0117 lipni juosta Rayher skaidrus &#8211; Skizze","og_description":"Esate labai reikl\u016bs klijavimo kokybei? Auk\u0161tos kokyb\u0117s dvipus\u0117 lipni juostel\u0117 \u201eRayher\u201c yra skirta skrebinimui ir smulkiems popieriaus darbams \u2013 ji tinka visur, kur reikia nematom\u0173 klij\u0173! \u0160i labai skaidri dvipus\u0117 lipni juostel\u0117 yra beveik nepastebima. J\u0105 galima nukirpti arba nupl\u0117\u0161ti, tod\u0117l nereikia nei klij\u0173, nei \u017eirkli\u0173. Itin skaidri lipni juostel\u0117 ypa\u010d tinka labai plonam ir per\u0161vie\u010diamam popieriui ir darbams prie stiklo klijuoti. \u0160ia lipnia dvipuse juostele galima profesionaliai priklijuoti ir j\u016bs\u0173 pa\u010di\u0173 pagamint\u0173 kvietim\u0173 skaidrias vidines korteles. Lipnios juostel\u0117s sud\u0117tyje yra n\u0117ra r\u016bg\u0161\u010di\u0173, tod\u0117l suklijuotos nuotraukos nepageltonuos.","og_url":"https:\/\/hobstop.ee\/lt\/produktas\/dvipuse-lipni-juosta-rayher-skaidrus\/","og_site_name":"Skizze","article_publisher":"http:\/\/www.facebook.com\/VunderSkizze","og_image":[{"width":1024,"height":768,"url":"https:\/\/hobstop.ee\/media\/4873.jpg","type":"image\/jpeg"}],"twitter_card":"summary_large_image","twitter_misc":{"Est. reading time":"1 minute"},"schema":{"@context":"https:\/\/schema.org","@graph":[{"@type":"WebPage","@id":"https:\/\/hobstop.ee\/lt\/produktas\/dvipuse-lipni-juosta-rayher-skaidrus\/","url":"https:\/\/hobstop.ee\/lt\/produktas\/dvipuse-lipni-juosta-rayher-skaidrus\/","name":"Dvipus\u0117 lipni juosta Rayher skaidrus &#8211; Skizze","isPartOf":{"@id":"https:\/\/hobstop.ee\/lt\/#website"},"primaryImageOfPage":{"@id":"https:\/\/hobstop.ee\/lt\/produktas\/dvipuse-lipni-juosta-rayher-skaidrus\/#primaryimage"},"image":{"@id":"https:\/\/hobstop.ee\/lt\/produktas\/dvipuse-lipni-juosta-rayher-skaidrus\/#primaryimage"},"thumbnailUrl":"https:\/\/hobstop.ee\/media\/4873.jpg","datePublished":"2019-11-20T10:31:02+00:00","dateModified":"2019-11-20T10:31:02+00:00","breadcrumb":{"@id":"https:\/\/hobstop.ee\/lt\/produktas\/dvipuse-lipni-juosta-rayher-skaidrus\/#breadcrumb"},"inLanguage":"lt","potentialAction":[{"@type":"ReadAction","target":["https:\/\/hobstop.ee\/lt\/produktas\/dvipuse-lipni-juosta-rayher-skaidrus\/"]}]},{"@type":"ImageObject","inLanguage":"lt","@id":"https:\/\/hobstop.ee\/lt\/produktas\/dvipuse-lipni-juosta-rayher-skaidrus\/#primaryimage","url":"https:\/\/hobstop.ee\/media\/4873.jpg","contentUrl":"https:\/\/hobstop.ee\/media\/4873.jpg","width":1024,"height":768},{"@type":"BreadcrumbList","@id":"https:\/\/hobstop.ee\/lt\/produktas\/dvipuse-lipni-juosta-rayher-skaidrus\/#breadcrumb","itemListElement":[{"@type":"ListItem","position":1,"name":"Avaleht","item":"https:\/\/hobstop.ee\/lt\/"},{"@type":"ListItem","position":2,"name":"Parduotuv\u0117","item":"https:\/\/hobstop.ee\/lt\/parduotuve\/"},{"@type":"ListItem","position":3,"name":"Dvipus\u0117 lipni juosta Rayher skaidrus"}]},{"@type":"WebSite","@id":"https:\/\/hobstop.ee\/lt\/#website","url":"https:\/\/hobstop.ee\/lt\/","name":"Skizze","description":"Dail\u0117s, pom\u0117gi\u0173 ir mokykliniai reikm\u0117nys","publisher":{"@id":"https:\/\/hobstop.ee\/lt\/#organization"},"potentialAction":[{"@type":"SearchAction","target":{"@type":"EntryPoint","urlTemplate":"https:\/\/hobstop.ee\/lt\/?s={search_term_string}"},"query-input":{"@type":"PropertyValueSpecification","valueRequired":true,"valueName":"search_term_string"}}],"inLanguage":"lt"},{"@type":"Organization","@id":"https:\/\/hobstop.ee\/lt\/#organization","name":"Vunder AS","url":"https:\/\/hobstop.ee\/lt\/","logo":{"@type":"ImageObject","inLanguage":"lt","@id":"https:\/\/hobstop.ee\/lt\/#\/schema\/logo\/image\/","url":"https:\/\/hobstop.ee\/media\/vunder-logo.png","contentUrl":"https:\/\/hobstop.ee\/media\/vunder-logo.png","width":127,"height":55,"caption":"Vunder AS"},"image":{"@id":"https:\/\/hobstop.ee\/lt\/#\/schema\/logo\/image\/"},"sameAs":["http:\/\/www.facebook.com\/VunderSkizze"]}]}},"_links":{"self":[{"href":"https:\/\/hobstop.ee\/lt\/wp-json\/wp\/v2\/product\/339447","targetHints":{"allow":["GET"]}}],"collection":[{"href":"https:\/\/hobstop.ee\/lt\/wp-json\/wp\/v2\/product"}],"about":[{"href":"https:\/\/hobstop.ee\/lt\/wp-json\/wp\/v2\/types\/product"}],"replies":[{"embeddable":true,"href":"https:\/\/hobstop.ee\/lt\/wp-json\/wp\/v2\/comments?post=339447"}],"wp:featuredmedia":[{"embeddable":true,"href":"https:\/\/hobstop.ee\/lt\/wp-json\/wp\/v2\/media\/353148"}],"wp:attachment":[{"href":"https:\/\/hobstop.ee\/lt\/wp-json\/wp\/v2\/media?parent=339447"}],"wp:term":[{"taxonomy":"product_cat","embeddable":true,"href":"https:\/\/hobstop.ee\/lt\/wp-json\/wp\/v2\/product_cat?post=339447"},{"taxonomy":"product_tag","embeddable":true,"href":"https:\/\/hobstop.ee\/lt\/wp-json\/wp\/v2\/product_tag?post=339447"}],"curies":[{"name":"wp","href":"https:\/\/api.w.org\/{rel}","templated":true}]}}