{"id":339451,"date":"2019-11-20T12:31:04","date_gmt":"2019-11-20T10:31:10","guid":{"rendered":"https:\/\/sharks.ee\/vunder_2019\/product\/dvipuse-lipni-juosta-rayher-extra-strong-skaidrus\/"},"modified":"2019-11-20T12:31:10","modified_gmt":"2019-11-20T10:31:10","slug":"dvipuse-lipni-juosta-rayher-extra-strong-skaidrus","status":"publish","type":"product","link":"https:\/\/hobstop.ee\/lt\/produktas\/dvipuse-lipni-juosta-rayher-extra-strong-skaidrus\/","title":{"rendered":"Dvipus\u0117 lipni juosta Rayher Extra-Strong skaidrus"},"content":{"rendered":"<p>Nor\u0117tum\u0117te klijuoti ne tik popieri\u0173, bet ir blizgu\u010dius, karoliukus, blizgius \u017evynelius ir karulius? Tuomet i\u0161bandykite \u0161i\u0105 ypa\u010d tvirt\u0105, skaidri\u0105 ir kar\u0161\u010diui atspari\u0105 dvipus\u0119 lipni\u0105 juostel\u0119 \u201eRayher\u201c. Su tvirta dvipuse lipnia juostele gal\u0117site kal\u0117dinius \u017eaisliukus papuo\u0161ti blizgu\u010diais, stiklines arbatini\u0173 \u017evaku\u010di\u0173 \u017evakides dekoruoti mozaika i\u0161 blizgi\u0173 akmen\u0117li\u0173 arba prilipdyti dekoratyvin\u0119 metalo juostel\u0119. Ji prilimpa prie daugumos pavir\u0161i\u0173 \u2013 stiklo, papj\u0117 ma\u0161\u0117, medienos, metalo ir popieriaus. Lipnios juostel\u0117s sud\u0117tyje yra n\u0117ra r\u016bg\u0161\u010di\u0173, tod\u0117l suklijuotos nuotraukos nepageltonuos.<\/p>\n","protected":false},"excerpt":{"rendered":"<p>Nor\u0117tum\u0117te klijuoti ne tik popieri\u0173, bet ir blizgu\u010dius, karoliukus, blizgius \u017evynelius ir karulius? Tuomet i\u0161bandykite \u0161i\u0105 ypa\u010d tvirt\u0105, skaidri\u0105 ir kar\u0161\u010diui atspari\u0105 dvipus\u0119 lipni\u0105 juostel\u0119 \u201eRayher\u201c. Su tvirta dvipuse lipnia juostele gal\u0117site kal\u0117dinius \u017eaisliukus papuo\u0161ti blizgu\u010diais, stiklines arbatini\u0173 \u017evaku\u010di\u0173 \u017evakides dekoruoti mozaika i\u0161 blizgi\u0173 akmen\u0117li\u0173 arba prilipdyti dekoratyvin\u0119 metalo juostel\u0119. Ji prilimpa prie daugumos pavir\u0161i\u0173 \u2013 stiklo, papj\u0117 ma\u0161\u0117, medienos, metalo ir popieriaus. Lipnios juostel\u0117s sud\u0117tyje yra n\u0117ra r\u016bg\u0161\u010di\u0173, tod\u0117l suklijuotos nuotraukos nepageltonuos.<\/p>\n","protected":false},"featured_media":353144,"comment_status":"closed","ping_status":"closed","template":"","meta":{"_acf_changed":false,"ep_exclude_from_search":false},"product_cat":[20361],"product_tag":[],"class_list":{"0":"post-339451","1":"product","2":"type-product","3":"status-publish","4":"has-post-thumbnail","6":"product_cat-maaramata","8":"first","9":"instock","10":"taxable","11":"shipping-taxable","12":"product-type-simple"},"acf":[],"yoast_head":"<!-- This site is optimized with the Yoast SEO plugin v24.1 - https:\/\/yoast.com\/wordpress\/plugins\/seo\/ -->\n<title>Dvipus\u0117 lipni juosta Rayher Extra-Strong skaidrus &#8211; Skizze<\/title>\n<meta name=\"robots\" content=\"noindex, follow, max-snippet:-1, max-image-preview:large, max-video-preview:-1\" \/>\n<meta property=\"og:locale\" content=\"lt_LT\" \/>\n<meta property=\"og:type\" content=\"article\" \/>\n<meta property=\"og:title\" content=\"Dvipus\u0117 lipni juosta Rayher Extra-Strong skaidrus &#8211; Skizze\" \/>\n<meta property=\"og:description\" content=\"Nor\u0117tum\u0117te klijuoti ne tik popieri\u0173, bet ir blizgu\u010dius, karoliukus, blizgius \u017evynelius ir karulius? Tuomet i\u0161bandykite \u0161i\u0105 ypa\u010d tvirt\u0105, skaidri\u0105 ir kar\u0161\u010diui atspari\u0105 dvipus\u0119 lipni\u0105 juostel\u0119 \u201eRayher\u201c. Su tvirta dvipuse lipnia juostele gal\u0117site kal\u0117dinius \u017eaisliukus papuo\u0161ti blizgu\u010diais, stiklines arbatini\u0173 \u017evaku\u010di\u0173 \u017evakides dekoruoti mozaika i\u0161 blizgi\u0173 akmen\u0117li\u0173 arba prilipdyti dekoratyvin\u0119 metalo juostel\u0119. Ji prilimpa prie daugumos pavir\u0161i\u0173 \u2013 stiklo, papj\u0117 ma\u0161\u0117, medienos, metalo ir popieriaus. Lipnios juostel\u0117s sud\u0117tyje yra n\u0117ra r\u016bg\u0161\u010di\u0173, tod\u0117l suklijuotos nuotraukos nepageltonuos.\" \/>\n<meta property=\"og:url\" content=\"https:\/\/hobstop.ee\/lt\/produktas\/dvipuse-lipni-juosta-rayher-extra-strong-skaidrus\/\" \/>\n<meta property=\"og:site_name\" content=\"Skizze\" \/>\n<meta property=\"article:publisher\" content=\"http:\/\/www.facebook.com\/VunderSkizze\" \/>\n<meta property=\"og:image\" content=\"https:\/\/hobstop.ee\/media\/4874.jpg\" \/>\n\t<meta property=\"og:image:width\" content=\"1024\" \/>\n\t<meta property=\"og:image:height\" content=\"768\" \/>\n\t<meta property=\"og:image:type\" content=\"image\/jpeg\" \/>\n<meta name=\"twitter:card\" content=\"summary_large_image\" \/>\n<script type=\"application\/ld+json\" class=\"yoast-schema-graph\">{\"@context\":\"https:\/\/schema.org\",\"@graph\":[{\"@type\":\"WebPage\",\"@id\":\"https:\/\/hobstop.ee\/lt\/produktas\/dvipuse-lipni-juosta-rayher-extra-strong-skaidrus\/\",\"url\":\"https:\/\/hobstop.ee\/lt\/produktas\/dvipuse-lipni-juosta-rayher-extra-strong-skaidrus\/\",\"name\":\"Dvipus\u0117 lipni juosta Rayher Extra-Strong skaidrus &#8211; Skizze\",\"isPartOf\":{\"@id\":\"https:\/\/hobstop.ee\/lt\/#website\"},\"primaryImageOfPage\":{\"@id\":\"https:\/\/hobstop.ee\/lt\/produktas\/dvipuse-lipni-juosta-rayher-extra-strong-skaidrus\/#primaryimage\"},\"image\":{\"@id\":\"https:\/\/hobstop.ee\/lt\/produktas\/dvipuse-lipni-juosta-rayher-extra-strong-skaidrus\/#primaryimage\"},\"thumbnailUrl\":\"https:\/\/hobstop.ee\/media\/4874.jpg\",\"datePublished\":\"2019-11-20T10:31:10+00:00\",\"dateModified\":\"2019-11-20T10:31:10+00:00\",\"breadcrumb\":{\"@id\":\"https:\/\/hobstop.ee\/lt\/produktas\/dvipuse-lipni-juosta-rayher-extra-strong-skaidrus\/#breadcrumb\"},\"inLanguage\":\"lt\",\"potentialAction\":[{\"@type\":\"ReadAction\",\"target\":[\"https:\/\/hobstop.ee\/lt\/produktas\/dvipuse-lipni-juosta-rayher-extra-strong-skaidrus\/\"]}]},{\"@type\":\"ImageObject\",\"inLanguage\":\"lt\",\"@id\":\"https:\/\/hobstop.ee\/lt\/produktas\/dvipuse-lipni-juosta-rayher-extra-strong-skaidrus\/#primaryimage\",\"url\":\"https:\/\/hobstop.ee\/media\/4874.jpg\",\"contentUrl\":\"https:\/\/hobstop.ee\/media\/4874.jpg\",\"width\":1024,\"height\":768},{\"@type\":\"BreadcrumbList\",\"@id\":\"https:\/\/hobstop.ee\/lt\/produktas\/dvipuse-lipni-juosta-rayher-extra-strong-skaidrus\/#breadcrumb\",\"itemListElement\":[{\"@type\":\"ListItem\",\"position\":1,\"name\":\"Avaleht\",\"item\":\"https:\/\/hobstop.ee\/lt\/\"},{\"@type\":\"ListItem\",\"position\":2,\"name\":\"Parduotuv\u0117\",\"item\":\"https:\/\/hobstop.ee\/lt\/parduotuve\/\"},{\"@type\":\"ListItem\",\"position\":3,\"name\":\"Dvipus\u0117 lipni juosta Rayher Extra-Strong skaidrus\"}]},{\"@type\":\"WebSite\",\"@id\":\"https:\/\/hobstop.ee\/lt\/#website\",\"url\":\"https:\/\/hobstop.ee\/lt\/\",\"name\":\"Skizze\",\"description\":\"Dail\u0117s, pom\u0117gi\u0173 ir mokykliniai reikm\u0117nys\",\"publisher\":{\"@id\":\"https:\/\/hobstop.ee\/lt\/#organization\"},\"potentialAction\":[{\"@type\":\"SearchAction\",\"target\":{\"@type\":\"EntryPoint\",\"urlTemplate\":\"https:\/\/hobstop.ee\/lt\/?s={search_term_string}\"},\"query-input\":{\"@type\":\"PropertyValueSpecification\",\"valueRequired\":true,\"valueName\":\"search_term_string\"}}],\"inLanguage\":\"lt\"},{\"@type\":\"Organization\",\"@id\":\"https:\/\/hobstop.ee\/lt\/#organization\",\"name\":\"Vunder AS\",\"url\":\"https:\/\/hobstop.ee\/lt\/\",\"logo\":{\"@type\":\"ImageObject\",\"inLanguage\":\"lt\",\"@id\":\"https:\/\/hobstop.ee\/lt\/#\/schema\/logo\/image\/\",\"url\":\"https:\/\/hobstop.ee\/media\/vunder-logo.png\",\"contentUrl\":\"https:\/\/hobstop.ee\/media\/vunder-logo.png\",\"width\":127,\"height\":55,\"caption\":\"Vunder AS\"},\"image\":{\"@id\":\"https:\/\/hobstop.ee\/lt\/#\/schema\/logo\/image\/\"},\"sameAs\":[\"http:\/\/www.facebook.com\/VunderSkizze\"]}]}<\/script>\n<!-- \/ Yoast SEO plugin. -->","yoast_head_json":{"title":"Dvipus\u0117 lipni juosta Rayher Extra-Strong skaidrus &#8211; Skizze","robots":{"index":"noindex","follow":"follow","max-snippet":"max-snippet:-1","max-image-preview":"max-image-preview:large","max-video-preview":"max-video-preview:-1"},"og_locale":"lt_LT","og_type":"article","og_title":"Dvipus\u0117 lipni juosta Rayher Extra-Strong skaidrus &#8211; Skizze","og_description":"Nor\u0117tum\u0117te klijuoti ne tik popieri\u0173, bet ir blizgu\u010dius, karoliukus, blizgius \u017evynelius ir karulius? Tuomet i\u0161bandykite \u0161i\u0105 ypa\u010d tvirt\u0105, skaidri\u0105 ir kar\u0161\u010diui atspari\u0105 dvipus\u0119 lipni\u0105 juostel\u0119 \u201eRayher\u201c. Su tvirta dvipuse lipnia juostele gal\u0117site kal\u0117dinius \u017eaisliukus papuo\u0161ti blizgu\u010diais, stiklines arbatini\u0173 \u017evaku\u010di\u0173 \u017evakides dekoruoti mozaika i\u0161 blizgi\u0173 akmen\u0117li\u0173 arba prilipdyti dekoratyvin\u0119 metalo juostel\u0119. Ji prilimpa prie daugumos pavir\u0161i\u0173 \u2013 stiklo, papj\u0117 ma\u0161\u0117, medienos, metalo ir popieriaus. Lipnios juostel\u0117s sud\u0117tyje yra n\u0117ra r\u016bg\u0161\u010di\u0173, tod\u0117l suklijuotos nuotraukos nepageltonuos.","og_url":"https:\/\/hobstop.ee\/lt\/produktas\/dvipuse-lipni-juosta-rayher-extra-strong-skaidrus\/","og_site_name":"Skizze","article_publisher":"http:\/\/www.facebook.com\/VunderSkizze","og_image":[{"width":1024,"height":768,"url":"https:\/\/hobstop.ee\/media\/4874.jpg","type":"image\/jpeg"}],"twitter_card":"summary_large_image","schema":{"@context":"https:\/\/schema.org","@graph":[{"@type":"WebPage","@id":"https:\/\/hobstop.ee\/lt\/produktas\/dvipuse-lipni-juosta-rayher-extra-strong-skaidrus\/","url":"https:\/\/hobstop.ee\/lt\/produktas\/dvipuse-lipni-juosta-rayher-extra-strong-skaidrus\/","name":"Dvipus\u0117 lipni juosta Rayher Extra-Strong skaidrus &#8211; Skizze","isPartOf":{"@id":"https:\/\/hobstop.ee\/lt\/#website"},"primaryImageOfPage":{"@id":"https:\/\/hobstop.ee\/lt\/produktas\/dvipuse-lipni-juosta-rayher-extra-strong-skaidrus\/#primaryimage"},"image":{"@id":"https:\/\/hobstop.ee\/lt\/produktas\/dvipuse-lipni-juosta-rayher-extra-strong-skaidrus\/#primaryimage"},"thumbnailUrl":"https:\/\/hobstop.ee\/media\/4874.jpg","datePublished":"2019-11-20T10:31:10+00:00","dateModified":"2019-11-20T10:31:10+00:00","breadcrumb":{"@id":"https:\/\/hobstop.ee\/lt\/produktas\/dvipuse-lipni-juosta-rayher-extra-strong-skaidrus\/#breadcrumb"},"inLanguage":"lt","potentialAction":[{"@type":"ReadAction","target":["https:\/\/hobstop.ee\/lt\/produktas\/dvipuse-lipni-juosta-rayher-extra-strong-skaidrus\/"]}]},{"@type":"ImageObject","inLanguage":"lt","@id":"https:\/\/hobstop.ee\/lt\/produktas\/dvipuse-lipni-juosta-rayher-extra-strong-skaidrus\/#primaryimage","url":"https:\/\/hobstop.ee\/media\/4874.jpg","contentUrl":"https:\/\/hobstop.ee\/media\/4874.jpg","width":1024,"height":768},{"@type":"BreadcrumbList","@id":"https:\/\/hobstop.ee\/lt\/produktas\/dvipuse-lipni-juosta-rayher-extra-strong-skaidrus\/#breadcrumb","itemListElement":[{"@type":"ListItem","position":1,"name":"Avaleht","item":"https:\/\/hobstop.ee\/lt\/"},{"@type":"ListItem","position":2,"name":"Parduotuv\u0117","item":"https:\/\/hobstop.ee\/lt\/parduotuve\/"},{"@type":"ListItem","position":3,"name":"Dvipus\u0117 lipni juosta Rayher Extra-Strong skaidrus"}]},{"@type":"WebSite","@id":"https:\/\/hobstop.ee\/lt\/#website","url":"https:\/\/hobstop.ee\/lt\/","name":"Skizze","description":"Dail\u0117s, pom\u0117gi\u0173 ir mokykliniai reikm\u0117nys","publisher":{"@id":"https:\/\/hobstop.ee\/lt\/#organization"},"potentialAction":[{"@type":"SearchAction","target":{"@type":"EntryPoint","urlTemplate":"https:\/\/hobstop.ee\/lt\/?s={search_term_string}"},"query-input":{"@type":"PropertyValueSpecification","valueRequired":true,"valueName":"search_term_string"}}],"inLanguage":"lt"},{"@type":"Organization","@id":"https:\/\/hobstop.ee\/lt\/#organization","name":"Vunder AS","url":"https:\/\/hobstop.ee\/lt\/","logo":{"@type":"ImageObject","inLanguage":"lt","@id":"https:\/\/hobstop.ee\/lt\/#\/schema\/logo\/image\/","url":"https:\/\/hobstop.ee\/media\/vunder-logo.png","contentUrl":"https:\/\/hobstop.ee\/media\/vunder-logo.png","width":127,"height":55,"caption":"Vunder AS"},"image":{"@id":"https:\/\/hobstop.ee\/lt\/#\/schema\/logo\/image\/"},"sameAs":["http:\/\/www.facebook.com\/VunderSkizze"]}]}},"_links":{"self":[{"href":"https:\/\/hobstop.ee\/lt\/wp-json\/wp\/v2\/product\/339451","targetHints":{"allow":["GET"]}}],"collection":[{"href":"https:\/\/hobstop.ee\/lt\/wp-json\/wp\/v2\/product"}],"about":[{"href":"https:\/\/hobstop.ee\/lt\/wp-json\/wp\/v2\/types\/product"}],"replies":[{"embeddable":true,"href":"https:\/\/hobstop.ee\/lt\/wp-json\/wp\/v2\/comments?post=339451"}],"wp:featuredmedia":[{"embeddable":true,"href":"https:\/\/hobstop.ee\/lt\/wp-json\/wp\/v2\/media\/353144"}],"wp:attachment":[{"href":"https:\/\/hobstop.ee\/lt\/wp-json\/wp\/v2\/media?parent=339451"}],"wp:term":[{"taxonomy":"product_cat","embeddable":true,"href":"https:\/\/hobstop.ee\/lt\/wp-json\/wp\/v2\/product_cat?post=339451"},{"taxonomy":"product_tag","embeddable":true,"href":"https:\/\/hobstop.ee\/lt\/wp-json\/wp\/v2\/product_tag?post=339451"}],"curies":[{"name":"wp","href":"https:\/\/api.w.org\/{rel}","templated":true}]}}