{"id":339471,"date":"2019-11-20T12:32:04","date_gmt":"2019-11-20T10:32:14","guid":{"rendered":"https:\/\/sharks.ee\/vunder_2019\/product\/gertuve-maped-picnik-adult-concept-500ml\/"},"modified":"2019-11-20T12:32:14","modified_gmt":"2019-11-20T10:32:14","slug":"gertuve-maped-picnik-adult-concept-500ml","status":"publish","type":"product","link":"https:\/\/hobstop.ee\/lt\/produktas\/gertuve-maped-picnik-adult-concept-500ml\/","title":{"rendered":"Gertuv\u0117 Maped Picnik Adult Concept 500ml"},"content":{"rendered":"<p>Pasitelkdama savo patirt\u012f \u201eMaped\u201c kuria ir gamina kokybi\u0161kus mokyklinius produktus \u2013 tokia ir yra nauja g\u0117rim\u0173 ir maisto ind\u0173 serija \u201eMaped Picnik\u201c. Stalo reikmen\u0173 serija \u201eMaped Picnik Adult\u201c pad\u0117s maloniai praleisti laisvalaik\u012f.<br \/>\nVandens buteli\u0173 serija \u201eMaped Picnik Adult\u201c pasi\u017eymi itin sandariu, paspaud\u017eiant atsidaran\u010diu dangteliu, kuris sandariai u\u017edaromas pasinaudojus. Butelis yra pagamintas i\u0161 tritano \u2013 itin patvarios ir skaidrios tarsi stiklas med\u017eiagos. Ant butelio kaklelio u\u017ededam\u0105 dangtel\u012f galima naudoti kaip puodel\u012f. Vandens butelis \u201eMaped Picnik Adult\u201c yra lengvai plaunamas: j\u012f galima plauti indaplov\u0117je, pla\u010diu kakleliu, o butelio antgal\u012f galima atsukti ir \u0161variai i\u0161plauti. Vandens buteli\u0173 \u201eMaped Picnik Adult\u201c sud\u0117tyje n\u0117ra BPA, juos galima plauti indaplov\u0117je.<br \/>\n&#8211; Visi\u0161kai sandarus ir nepratekantis<br \/>\n&#8211; Lengvai plaunamas, pla\u010diu kakleliu. Antgal\u012f galima atsukti ir \u0161variai i\u0161plauti<\/p>\n","protected":false},"excerpt":{"rendered":"<p>Pasitelkdama savo patirt\u012f \u201eMaped\u201c kuria ir gamina kokybi\u0161kus mokyklinius produktus \u2013 tokia ir yra nauja g\u0117rim\u0173 ir maisto ind\u0173 serija \u201eMaped Picnik\u201c. Stalo reikmen\u0173 serija \u201eMaped Picnik Adult\u201c pad\u0117s maloniai praleisti laisvalaik\u012f. Vandens buteli\u0173 serija \u201eMaped Picnik Adult\u201c pasi\u017eymi itin sandariu, paspaud\u017eiant atsidaran\u010diu dangteliu, kuris sandariai u\u017edaromas pasinaudojus. Butelis yra pagamintas i\u0161 tritano \u2013 itin patvarios ir skaidrios tarsi stiklas med\u017eiagos. Ant butelio kaklelio u\u017ededam\u0105 dangtel\u012f galima naudoti kaip puodel\u012f. Vandens butelis \u201eMaped Picnik Adult\u201c yra lengvai plaunamas: j\u012f galima plauti indaplov\u0117je, pla\u010diu kakleliu, o butelio antgal\u012f galima atsukti ir \u0161variai i\u0161plauti. Vandens buteli\u0173 \u201eMaped Picnik Adult\u201c sud\u0117tyje n\u0117ra BPA, juos galima plauti indaplov\u0117je. &#8211; Visi\u0161kai sandarus ir nepratekantis &#8211; Lengvai plaunamas, pla\u010diu kakleliu. Antgal\u012f galima atsukti ir \u0161variai i\u0161plauti<\/p>\n","protected":false},"featured_media":352944,"comment_status":"closed","ping_status":"closed","template":"","meta":{"_acf_changed":false,"ep_exclude_from_search":false},"product_cat":[20361],"product_tag":[],"class_list":{"0":"post-339471","1":"product","2":"type-product","3":"status-publish","4":"has-post-thumbnail","6":"product_cat-maaramata","8":"first","9":"instock","10":"taxable","11":"shipping-taxable","12":"product-type-simple"},"acf":[],"yoast_head":"<!-- This site is optimized with the Yoast SEO plugin v24.1 - https:\/\/yoast.com\/wordpress\/plugins\/seo\/ -->\n<title>Gertuv\u0117 Maped Picnik Adult Concept 500ml &#8211; Skizze<\/title>\n<meta name=\"robots\" content=\"noindex, follow, max-snippet:-1, max-image-preview:large, max-video-preview:-1\" \/>\n<meta property=\"og:locale\" content=\"lt_LT\" \/>\n<meta property=\"og:type\" content=\"article\" \/>\n<meta property=\"og:title\" content=\"Gertuv\u0117 Maped Picnik Adult Concept 500ml &#8211; Skizze\" \/>\n<meta property=\"og:description\" content=\"Pasitelkdama savo patirt\u012f \u201eMaped\u201c kuria ir gamina kokybi\u0161kus mokyklinius produktus \u2013 tokia ir yra nauja g\u0117rim\u0173 ir maisto ind\u0173 serija \u201eMaped Picnik\u201c. Stalo reikmen\u0173 serija \u201eMaped Picnik Adult\u201c pad\u0117s maloniai praleisti laisvalaik\u012f. Vandens buteli\u0173 serija \u201eMaped Picnik Adult\u201c pasi\u017eymi itin sandariu, paspaud\u017eiant atsidaran\u010diu dangteliu, kuris sandariai u\u017edaromas pasinaudojus. Butelis yra pagamintas i\u0161 tritano \u2013 itin patvarios ir skaidrios tarsi stiklas med\u017eiagos. Ant butelio kaklelio u\u017ededam\u0105 dangtel\u012f galima naudoti kaip puodel\u012f. Vandens butelis \u201eMaped Picnik Adult\u201c yra lengvai plaunamas: j\u012f galima plauti indaplov\u0117je, pla\u010diu kakleliu, o butelio antgal\u012f galima atsukti ir \u0161variai i\u0161plauti. Vandens buteli\u0173 \u201eMaped Picnik Adult\u201c sud\u0117tyje n\u0117ra BPA, juos galima plauti indaplov\u0117je. &#8211; Visi\u0161kai sandarus ir nepratekantis &#8211; Lengvai plaunamas, pla\u010diu kakleliu. Antgal\u012f galima atsukti ir \u0161variai i\u0161plauti\" \/>\n<meta property=\"og:url\" content=\"https:\/\/hobstop.ee\/lt\/produktas\/gertuve-maped-picnik-adult-concept-500ml\/\" \/>\n<meta property=\"og:site_name\" content=\"Skizze\" \/>\n<meta property=\"article:publisher\" content=\"http:\/\/www.facebook.com\/VunderSkizze\" \/>\n<meta property=\"og:image\" content=\"https:\/\/hobstop.ee\/media\/4979.jpg\" \/>\n\t<meta property=\"og:image:width\" content=\"1024\" \/>\n\t<meta property=\"og:image:height\" content=\"768\" \/>\n\t<meta property=\"og:image:type\" content=\"image\/jpeg\" \/>\n<meta name=\"twitter:card\" content=\"summary_large_image\" \/>\n<meta name=\"twitter:label1\" content=\"Est. reading time\" \/>\n\t<meta name=\"twitter:data1\" content=\"1 minute\" \/>\n<script type=\"application\/ld+json\" class=\"yoast-schema-graph\">{\"@context\":\"https:\/\/schema.org\",\"@graph\":[{\"@type\":\"WebPage\",\"@id\":\"https:\/\/hobstop.ee\/lt\/produktas\/gertuve-maped-picnik-adult-concept-500ml\/\",\"url\":\"https:\/\/hobstop.ee\/lt\/produktas\/gertuve-maped-picnik-adult-concept-500ml\/\",\"name\":\"Gertuv\u0117 Maped Picnik Adult Concept 500ml &#8211; Skizze\",\"isPartOf\":{\"@id\":\"https:\/\/hobstop.ee\/lt\/#website\"},\"primaryImageOfPage\":{\"@id\":\"https:\/\/hobstop.ee\/lt\/produktas\/gertuve-maped-picnik-adult-concept-500ml\/#primaryimage\"},\"image\":{\"@id\":\"https:\/\/hobstop.ee\/lt\/produktas\/gertuve-maped-picnik-adult-concept-500ml\/#primaryimage\"},\"thumbnailUrl\":\"https:\/\/hobstop.ee\/media\/4979.jpg\",\"datePublished\":\"2019-11-20T10:32:14+00:00\",\"dateModified\":\"2019-11-20T10:32:14+00:00\",\"breadcrumb\":{\"@id\":\"https:\/\/hobstop.ee\/lt\/produktas\/gertuve-maped-picnik-adult-concept-500ml\/#breadcrumb\"},\"inLanguage\":\"lt\",\"potentialAction\":[{\"@type\":\"ReadAction\",\"target\":[\"https:\/\/hobstop.ee\/lt\/produktas\/gertuve-maped-picnik-adult-concept-500ml\/\"]}]},{\"@type\":\"ImageObject\",\"inLanguage\":\"lt\",\"@id\":\"https:\/\/hobstop.ee\/lt\/produktas\/gertuve-maped-picnik-adult-concept-500ml\/#primaryimage\",\"url\":\"https:\/\/hobstop.ee\/media\/4979.jpg\",\"contentUrl\":\"https:\/\/hobstop.ee\/media\/4979.jpg\",\"width\":1024,\"height\":768},{\"@type\":\"BreadcrumbList\",\"@id\":\"https:\/\/hobstop.ee\/lt\/produktas\/gertuve-maped-picnik-adult-concept-500ml\/#breadcrumb\",\"itemListElement\":[{\"@type\":\"ListItem\",\"position\":1,\"name\":\"Avaleht\",\"item\":\"https:\/\/hobstop.ee\/lt\/\"},{\"@type\":\"ListItem\",\"position\":2,\"name\":\"Parduotuv\u0117\",\"item\":\"https:\/\/hobstop.ee\/lt\/parduotuve\/\"},{\"@type\":\"ListItem\",\"position\":3,\"name\":\"Gertuv\u0117 Maped Picnik Adult Concept 500ml\"}]},{\"@type\":\"WebSite\",\"@id\":\"https:\/\/hobstop.ee\/lt\/#website\",\"url\":\"https:\/\/hobstop.ee\/lt\/\",\"name\":\"Skizze\",\"description\":\"Dail\u0117s, pom\u0117gi\u0173 ir mokykliniai reikm\u0117nys\",\"publisher\":{\"@id\":\"https:\/\/hobstop.ee\/lt\/#organization\"},\"potentialAction\":[{\"@type\":\"SearchAction\",\"target\":{\"@type\":\"EntryPoint\",\"urlTemplate\":\"https:\/\/hobstop.ee\/lt\/?s={search_term_string}\"},\"query-input\":{\"@type\":\"PropertyValueSpecification\",\"valueRequired\":true,\"valueName\":\"search_term_string\"}}],\"inLanguage\":\"lt\"},{\"@type\":\"Organization\",\"@id\":\"https:\/\/hobstop.ee\/lt\/#organization\",\"name\":\"Vunder AS\",\"url\":\"https:\/\/hobstop.ee\/lt\/\",\"logo\":{\"@type\":\"ImageObject\",\"inLanguage\":\"lt\",\"@id\":\"https:\/\/hobstop.ee\/lt\/#\/schema\/logo\/image\/\",\"url\":\"https:\/\/hobstop.ee\/media\/vunder-logo.png\",\"contentUrl\":\"https:\/\/hobstop.ee\/media\/vunder-logo.png\",\"width\":127,\"height\":55,\"caption\":\"Vunder AS\"},\"image\":{\"@id\":\"https:\/\/hobstop.ee\/lt\/#\/schema\/logo\/image\/\"},\"sameAs\":[\"http:\/\/www.facebook.com\/VunderSkizze\"]}]}<\/script>\n<!-- \/ Yoast SEO plugin. -->","yoast_head_json":{"title":"Gertuv\u0117 Maped Picnik Adult Concept 500ml &#8211; Skizze","robots":{"index":"noindex","follow":"follow","max-snippet":"max-snippet:-1","max-image-preview":"max-image-preview:large","max-video-preview":"max-video-preview:-1"},"og_locale":"lt_LT","og_type":"article","og_title":"Gertuv\u0117 Maped Picnik Adult Concept 500ml &#8211; Skizze","og_description":"Pasitelkdama savo patirt\u012f \u201eMaped\u201c kuria ir gamina kokybi\u0161kus mokyklinius produktus \u2013 tokia ir yra nauja g\u0117rim\u0173 ir maisto ind\u0173 serija \u201eMaped Picnik\u201c. Stalo reikmen\u0173 serija \u201eMaped Picnik Adult\u201c pad\u0117s maloniai praleisti laisvalaik\u012f. Vandens buteli\u0173 serija \u201eMaped Picnik Adult\u201c pasi\u017eymi itin sandariu, paspaud\u017eiant atsidaran\u010diu dangteliu, kuris sandariai u\u017edaromas pasinaudojus. Butelis yra pagamintas i\u0161 tritano \u2013 itin patvarios ir skaidrios tarsi stiklas med\u017eiagos. Ant butelio kaklelio u\u017ededam\u0105 dangtel\u012f galima naudoti kaip puodel\u012f. Vandens butelis \u201eMaped Picnik Adult\u201c yra lengvai plaunamas: j\u012f galima plauti indaplov\u0117je, pla\u010diu kakleliu, o butelio antgal\u012f galima atsukti ir \u0161variai i\u0161plauti. Vandens buteli\u0173 \u201eMaped Picnik Adult\u201c sud\u0117tyje n\u0117ra BPA, juos galima plauti indaplov\u0117je. &#8211; Visi\u0161kai sandarus ir nepratekantis &#8211; Lengvai plaunamas, pla\u010diu kakleliu. Antgal\u012f galima atsukti ir \u0161variai i\u0161plauti","og_url":"https:\/\/hobstop.ee\/lt\/produktas\/gertuve-maped-picnik-adult-concept-500ml\/","og_site_name":"Skizze","article_publisher":"http:\/\/www.facebook.com\/VunderSkizze","og_image":[{"width":1024,"height":768,"url":"https:\/\/hobstop.ee\/media\/4979.jpg","type":"image\/jpeg"}],"twitter_card":"summary_large_image","twitter_misc":{"Est. reading time":"1 minute"},"schema":{"@context":"https:\/\/schema.org","@graph":[{"@type":"WebPage","@id":"https:\/\/hobstop.ee\/lt\/produktas\/gertuve-maped-picnik-adult-concept-500ml\/","url":"https:\/\/hobstop.ee\/lt\/produktas\/gertuve-maped-picnik-adult-concept-500ml\/","name":"Gertuv\u0117 Maped Picnik Adult Concept 500ml &#8211; Skizze","isPartOf":{"@id":"https:\/\/hobstop.ee\/lt\/#website"},"primaryImageOfPage":{"@id":"https:\/\/hobstop.ee\/lt\/produktas\/gertuve-maped-picnik-adult-concept-500ml\/#primaryimage"},"image":{"@id":"https:\/\/hobstop.ee\/lt\/produktas\/gertuve-maped-picnik-adult-concept-500ml\/#primaryimage"},"thumbnailUrl":"https:\/\/hobstop.ee\/media\/4979.jpg","datePublished":"2019-11-20T10:32:14+00:00","dateModified":"2019-11-20T10:32:14+00:00","breadcrumb":{"@id":"https:\/\/hobstop.ee\/lt\/produktas\/gertuve-maped-picnik-adult-concept-500ml\/#breadcrumb"},"inLanguage":"lt","potentialAction":[{"@type":"ReadAction","target":["https:\/\/hobstop.ee\/lt\/produktas\/gertuve-maped-picnik-adult-concept-500ml\/"]}]},{"@type":"ImageObject","inLanguage":"lt","@id":"https:\/\/hobstop.ee\/lt\/produktas\/gertuve-maped-picnik-adult-concept-500ml\/#primaryimage","url":"https:\/\/hobstop.ee\/media\/4979.jpg","contentUrl":"https:\/\/hobstop.ee\/media\/4979.jpg","width":1024,"height":768},{"@type":"BreadcrumbList","@id":"https:\/\/hobstop.ee\/lt\/produktas\/gertuve-maped-picnik-adult-concept-500ml\/#breadcrumb","itemListElement":[{"@type":"ListItem","position":1,"name":"Avaleht","item":"https:\/\/hobstop.ee\/lt\/"},{"@type":"ListItem","position":2,"name":"Parduotuv\u0117","item":"https:\/\/hobstop.ee\/lt\/parduotuve\/"},{"@type":"ListItem","position":3,"name":"Gertuv\u0117 Maped Picnik Adult Concept 500ml"}]},{"@type":"WebSite","@id":"https:\/\/hobstop.ee\/lt\/#website","url":"https:\/\/hobstop.ee\/lt\/","name":"Skizze","description":"Dail\u0117s, pom\u0117gi\u0173 ir mokykliniai reikm\u0117nys","publisher":{"@id":"https:\/\/hobstop.ee\/lt\/#organization"},"potentialAction":[{"@type":"SearchAction","target":{"@type":"EntryPoint","urlTemplate":"https:\/\/hobstop.ee\/lt\/?s={search_term_string}"},"query-input":{"@type":"PropertyValueSpecification","valueRequired":true,"valueName":"search_term_string"}}],"inLanguage":"lt"},{"@type":"Organization","@id":"https:\/\/hobstop.ee\/lt\/#organization","name":"Vunder AS","url":"https:\/\/hobstop.ee\/lt\/","logo":{"@type":"ImageObject","inLanguage":"lt","@id":"https:\/\/hobstop.ee\/lt\/#\/schema\/logo\/image\/","url":"https:\/\/hobstop.ee\/media\/vunder-logo.png","contentUrl":"https:\/\/hobstop.ee\/media\/vunder-logo.png","width":127,"height":55,"caption":"Vunder AS"},"image":{"@id":"https:\/\/hobstop.ee\/lt\/#\/schema\/logo\/image\/"},"sameAs":["http:\/\/www.facebook.com\/VunderSkizze"]}]}},"_links":{"self":[{"href":"https:\/\/hobstop.ee\/lt\/wp-json\/wp\/v2\/product\/339471","targetHints":{"allow":["GET"]}}],"collection":[{"href":"https:\/\/hobstop.ee\/lt\/wp-json\/wp\/v2\/product"}],"about":[{"href":"https:\/\/hobstop.ee\/lt\/wp-json\/wp\/v2\/types\/product"}],"replies":[{"embeddable":true,"href":"https:\/\/hobstop.ee\/lt\/wp-json\/wp\/v2\/comments?post=339471"}],"wp:featuredmedia":[{"embeddable":true,"href":"https:\/\/hobstop.ee\/lt\/wp-json\/wp\/v2\/media\/352944"}],"wp:attachment":[{"href":"https:\/\/hobstop.ee\/lt\/wp-json\/wp\/v2\/media?parent=339471"}],"wp:term":[{"taxonomy":"product_cat","embeddable":true,"href":"https:\/\/hobstop.ee\/lt\/wp-json\/wp\/v2\/product_cat?post=339471"},{"taxonomy":"product_tag","embeddable":true,"href":"https:\/\/hobstop.ee\/lt\/wp-json\/wp\/v2\/product_tag?post=339471"}],"curies":[{"name":"wp","href":"https:\/\/api.w.org\/{rel}","templated":true}]}}