{"id":339475,"date":"2019-11-20T12:32:18","date_gmt":"2019-11-20T10:32:28","guid":{"rendered":"https:\/\/sharks.ee\/vunder_2019\/product\/priespieciu-dezute-lekste-maped-picnik-adult-concept\/"},"modified":"2019-11-20T12:32:28","modified_gmt":"2019-11-20T10:32:28","slug":"priespieciu-dezute-lekste-maped-picnik-adult-concept","status":"publish","type":"product","link":"https:\/\/hobstop.ee\/lt\/produktas\/priespieciu-dezute-lekste-maped-picnik-adult-concept\/","title":{"rendered":"Prie\u0161pie\u010di\u0173 d\u0117\u017eut\u0117-l\u0117k\u0161t\u0117 Maped Picnik Adult Concept"},"content":{"rendered":"<p>Pasitelkdama savo patirt\u012f \u201eMaped\u201c kuria ir gamina kokybi\u0161kus mokyklinius produktus \u2013 tokia ir yra nauja g\u0117rim\u0173 ir maisto ind\u0173 serija \u201eMaped Picnik\u201c. Stalo reikmen\u0173 serija \u201eMaped Picnik Adult\u201c pad\u0117s maloniai praleisti laisvalaik\u012f.<br \/>\n\u201eAdult Concept\u201c serijos l\u0117k\u0161t\u0117s dangtel\u012f galima atidaryti lengvai pasukus, vienu judesiu. Ji yra visi\u0161kai sandari, tod\u0117l saugiai gal\u0117site laikyti patiekalus su pada\u017eais; jos dangtelyje yra speciali ertm\u0117, tod\u0117l maist\u0105 galima pa\u0161ildyti mikrobangin\u0117je krosnel\u0117je. Piet\u0173 l\u0117k\u0161\u010di\u0173 \u201eMaped Picnik Adult Concept\u201c sud\u0117tyje n\u0117ra BPA, jas galima plauti indaplov\u0117je.<br \/>\n&#8211; Lengvai atidaroma vienu paprastu judesiu, tiesiog atsukite dangtel\u012f<br \/>\n&#8211; Visi\u0161kai sandari<br \/>\n&#8211; Lengvai valoma \u2013 galima plauti indaplov\u0117je, n\u0117ra a\u0161tri\u0173 kamp\u0173<\/p>\n","protected":false},"excerpt":{"rendered":"<p>Pasitelkdama savo patirt\u012f \u201eMaped\u201c kuria ir gamina kokybi\u0161kus mokyklinius produktus \u2013 tokia ir yra nauja g\u0117rim\u0173 ir maisto ind\u0173 serija \u201eMaped Picnik\u201c. Stalo reikmen\u0173 serija \u201eMaped Picnik Adult\u201c pad\u0117s maloniai praleisti laisvalaik\u012f. \u201eAdult Concept\u201c serijos l\u0117k\u0161t\u0117s dangtel\u012f galima atidaryti lengvai pasukus, vienu judesiu. Ji yra visi\u0161kai sandari, tod\u0117l saugiai gal\u0117site laikyti patiekalus su pada\u017eais; jos dangtelyje yra speciali ertm\u0117, tod\u0117l maist\u0105 galima pa\u0161ildyti mikrobangin\u0117je krosnel\u0117je. Piet\u0173 l\u0117k\u0161\u010di\u0173 \u201eMaped Picnik Adult Concept\u201c sud\u0117tyje n\u0117ra BPA, jas galima plauti indaplov\u0117je. &#8211; Lengvai atidaroma vienu paprastu judesiu, tiesiog atsukite dangtel\u012f &#8211; Visi\u0161kai sandari &#8211; Lengvai valoma \u2013 galima plauti indaplov\u0117je, n\u0117ra a\u0161tri\u0173 kamp\u0173<\/p>\n","protected":false},"featured_media":352960,"comment_status":"closed","ping_status":"closed","template":"","meta":{"_acf_changed":false,"ep_exclude_from_search":false},"product_cat":[20361],"product_tag":[],"class_list":{"0":"post-339475","1":"product","2":"type-product","3":"status-publish","4":"has-post-thumbnail","6":"product_cat-maaramata","8":"first","9":"instock","10":"taxable","11":"shipping-taxable","12":"product-type-simple"},"acf":[],"yoast_head":"<!-- This site is optimized with the Yoast SEO plugin v24.1 - https:\/\/yoast.com\/wordpress\/plugins\/seo\/ -->\n<title>Prie\u0161pie\u010di\u0173 d\u0117\u017eut\u0117-l\u0117k\u0161t\u0117 Maped Picnik Adult Concept &#8211; Skizze<\/title>\n<meta name=\"robots\" content=\"noindex, follow, max-snippet:-1, max-image-preview:large, max-video-preview:-1\" \/>\n<meta property=\"og:locale\" content=\"lt_LT\" \/>\n<meta property=\"og:type\" content=\"article\" \/>\n<meta property=\"og:title\" content=\"Prie\u0161pie\u010di\u0173 d\u0117\u017eut\u0117-l\u0117k\u0161t\u0117 Maped Picnik Adult Concept &#8211; Skizze\" \/>\n<meta property=\"og:description\" content=\"Pasitelkdama savo patirt\u012f \u201eMaped\u201c kuria ir gamina kokybi\u0161kus mokyklinius produktus \u2013 tokia ir yra nauja g\u0117rim\u0173 ir maisto ind\u0173 serija \u201eMaped Picnik\u201c. Stalo reikmen\u0173 serija \u201eMaped Picnik Adult\u201c pad\u0117s maloniai praleisti laisvalaik\u012f. \u201eAdult Concept\u201c serijos l\u0117k\u0161t\u0117s dangtel\u012f galima atidaryti lengvai pasukus, vienu judesiu. Ji yra visi\u0161kai sandari, tod\u0117l saugiai gal\u0117site laikyti patiekalus su pada\u017eais; jos dangtelyje yra speciali ertm\u0117, tod\u0117l maist\u0105 galima pa\u0161ildyti mikrobangin\u0117je krosnel\u0117je. Piet\u0173 l\u0117k\u0161\u010di\u0173 \u201eMaped Picnik Adult Concept\u201c sud\u0117tyje n\u0117ra BPA, jas galima plauti indaplov\u0117je. &#8211; Lengvai atidaroma vienu paprastu judesiu, tiesiog atsukite dangtel\u012f &#8211; Visi\u0161kai sandari &#8211; Lengvai valoma \u2013 galima plauti indaplov\u0117je, n\u0117ra a\u0161tri\u0173 kamp\u0173\" \/>\n<meta property=\"og:url\" content=\"https:\/\/hobstop.ee\/lt\/produktas\/priespieciu-dezute-lekste-maped-picnik-adult-concept\/\" \/>\n<meta property=\"og:site_name\" content=\"Skizze\" \/>\n<meta property=\"article:publisher\" content=\"http:\/\/www.facebook.com\/VunderSkizze\" \/>\n<meta property=\"og:image\" content=\"https:\/\/hobstop.ee\/media\/4980.jpg\" \/>\n\t<meta property=\"og:image:width\" content=\"1024\" \/>\n\t<meta property=\"og:image:height\" content=\"768\" \/>\n\t<meta property=\"og:image:type\" content=\"image\/jpeg\" \/>\n<meta name=\"twitter:card\" content=\"summary_large_image\" \/>\n<meta name=\"twitter:label1\" content=\"Est. reading time\" \/>\n\t<meta name=\"twitter:data1\" content=\"1 minute\" \/>\n<script type=\"application\/ld+json\" class=\"yoast-schema-graph\">{\"@context\":\"https:\/\/schema.org\",\"@graph\":[{\"@type\":\"WebPage\",\"@id\":\"https:\/\/hobstop.ee\/lt\/produktas\/priespieciu-dezute-lekste-maped-picnik-adult-concept\/\",\"url\":\"https:\/\/hobstop.ee\/lt\/produktas\/priespieciu-dezute-lekste-maped-picnik-adult-concept\/\",\"name\":\"Prie\u0161pie\u010di\u0173 d\u0117\u017eut\u0117-l\u0117k\u0161t\u0117 Maped Picnik Adult Concept &#8211; Skizze\",\"isPartOf\":{\"@id\":\"https:\/\/hobstop.ee\/lt\/#website\"},\"primaryImageOfPage\":{\"@id\":\"https:\/\/hobstop.ee\/lt\/produktas\/priespieciu-dezute-lekste-maped-picnik-adult-concept\/#primaryimage\"},\"image\":{\"@id\":\"https:\/\/hobstop.ee\/lt\/produktas\/priespieciu-dezute-lekste-maped-picnik-adult-concept\/#primaryimage\"},\"thumbnailUrl\":\"https:\/\/hobstop.ee\/media\/4980.jpg\",\"datePublished\":\"2019-11-20T10:32:28+00:00\",\"dateModified\":\"2019-11-20T10:32:28+00:00\",\"breadcrumb\":{\"@id\":\"https:\/\/hobstop.ee\/lt\/produktas\/priespieciu-dezute-lekste-maped-picnik-adult-concept\/#breadcrumb\"},\"inLanguage\":\"lt\",\"potentialAction\":[{\"@type\":\"ReadAction\",\"target\":[\"https:\/\/hobstop.ee\/lt\/produktas\/priespieciu-dezute-lekste-maped-picnik-adult-concept\/\"]}]},{\"@type\":\"ImageObject\",\"inLanguage\":\"lt\",\"@id\":\"https:\/\/hobstop.ee\/lt\/produktas\/priespieciu-dezute-lekste-maped-picnik-adult-concept\/#primaryimage\",\"url\":\"https:\/\/hobstop.ee\/media\/4980.jpg\",\"contentUrl\":\"https:\/\/hobstop.ee\/media\/4980.jpg\",\"width\":1024,\"height\":768},{\"@type\":\"BreadcrumbList\",\"@id\":\"https:\/\/hobstop.ee\/lt\/produktas\/priespieciu-dezute-lekste-maped-picnik-adult-concept\/#breadcrumb\",\"itemListElement\":[{\"@type\":\"ListItem\",\"position\":1,\"name\":\"Avaleht\",\"item\":\"https:\/\/hobstop.ee\/lt\/\"},{\"@type\":\"ListItem\",\"position\":2,\"name\":\"Parduotuv\u0117\",\"item\":\"https:\/\/hobstop.ee\/lt\/parduotuve\/\"},{\"@type\":\"ListItem\",\"position\":3,\"name\":\"Prie\u0161pie\u010di\u0173 d\u0117\u017eut\u0117-l\u0117k\u0161t\u0117 Maped Picnik Adult Concept\"}]},{\"@type\":\"WebSite\",\"@id\":\"https:\/\/hobstop.ee\/lt\/#website\",\"url\":\"https:\/\/hobstop.ee\/lt\/\",\"name\":\"Skizze\",\"description\":\"Dail\u0117s, pom\u0117gi\u0173 ir mokykliniai reikm\u0117nys\",\"publisher\":{\"@id\":\"https:\/\/hobstop.ee\/lt\/#organization\"},\"potentialAction\":[{\"@type\":\"SearchAction\",\"target\":{\"@type\":\"EntryPoint\",\"urlTemplate\":\"https:\/\/hobstop.ee\/lt\/?s={search_term_string}\"},\"query-input\":{\"@type\":\"PropertyValueSpecification\",\"valueRequired\":true,\"valueName\":\"search_term_string\"}}],\"inLanguage\":\"lt\"},{\"@type\":\"Organization\",\"@id\":\"https:\/\/hobstop.ee\/lt\/#organization\",\"name\":\"Vunder AS\",\"url\":\"https:\/\/hobstop.ee\/lt\/\",\"logo\":{\"@type\":\"ImageObject\",\"inLanguage\":\"lt\",\"@id\":\"https:\/\/hobstop.ee\/lt\/#\/schema\/logo\/image\/\",\"url\":\"https:\/\/hobstop.ee\/media\/vunder-logo.png\",\"contentUrl\":\"https:\/\/hobstop.ee\/media\/vunder-logo.png\",\"width\":127,\"height\":55,\"caption\":\"Vunder AS\"},\"image\":{\"@id\":\"https:\/\/hobstop.ee\/lt\/#\/schema\/logo\/image\/\"},\"sameAs\":[\"http:\/\/www.facebook.com\/VunderSkizze\"]}]}<\/script>\n<!-- \/ Yoast SEO plugin. -->","yoast_head_json":{"title":"Prie\u0161pie\u010di\u0173 d\u0117\u017eut\u0117-l\u0117k\u0161t\u0117 Maped Picnik Adult Concept &#8211; Skizze","robots":{"index":"noindex","follow":"follow","max-snippet":"max-snippet:-1","max-image-preview":"max-image-preview:large","max-video-preview":"max-video-preview:-1"},"og_locale":"lt_LT","og_type":"article","og_title":"Prie\u0161pie\u010di\u0173 d\u0117\u017eut\u0117-l\u0117k\u0161t\u0117 Maped Picnik Adult Concept &#8211; Skizze","og_description":"Pasitelkdama savo patirt\u012f \u201eMaped\u201c kuria ir gamina kokybi\u0161kus mokyklinius produktus \u2013 tokia ir yra nauja g\u0117rim\u0173 ir maisto ind\u0173 serija \u201eMaped Picnik\u201c. Stalo reikmen\u0173 serija \u201eMaped Picnik Adult\u201c pad\u0117s maloniai praleisti laisvalaik\u012f. \u201eAdult Concept\u201c serijos l\u0117k\u0161t\u0117s dangtel\u012f galima atidaryti lengvai pasukus, vienu judesiu. Ji yra visi\u0161kai sandari, tod\u0117l saugiai gal\u0117site laikyti patiekalus su pada\u017eais; jos dangtelyje yra speciali ertm\u0117, tod\u0117l maist\u0105 galima pa\u0161ildyti mikrobangin\u0117je krosnel\u0117je. Piet\u0173 l\u0117k\u0161\u010di\u0173 \u201eMaped Picnik Adult Concept\u201c sud\u0117tyje n\u0117ra BPA, jas galima plauti indaplov\u0117je. &#8211; Lengvai atidaroma vienu paprastu judesiu, tiesiog atsukite dangtel\u012f &#8211; Visi\u0161kai sandari &#8211; Lengvai valoma \u2013 galima plauti indaplov\u0117je, n\u0117ra a\u0161tri\u0173 kamp\u0173","og_url":"https:\/\/hobstop.ee\/lt\/produktas\/priespieciu-dezute-lekste-maped-picnik-adult-concept\/","og_site_name":"Skizze","article_publisher":"http:\/\/www.facebook.com\/VunderSkizze","og_image":[{"width":1024,"height":768,"url":"https:\/\/hobstop.ee\/media\/4980.jpg","type":"image\/jpeg"}],"twitter_card":"summary_large_image","twitter_misc":{"Est. reading time":"1 minute"},"schema":{"@context":"https:\/\/schema.org","@graph":[{"@type":"WebPage","@id":"https:\/\/hobstop.ee\/lt\/produktas\/priespieciu-dezute-lekste-maped-picnik-adult-concept\/","url":"https:\/\/hobstop.ee\/lt\/produktas\/priespieciu-dezute-lekste-maped-picnik-adult-concept\/","name":"Prie\u0161pie\u010di\u0173 d\u0117\u017eut\u0117-l\u0117k\u0161t\u0117 Maped Picnik Adult Concept &#8211; Skizze","isPartOf":{"@id":"https:\/\/hobstop.ee\/lt\/#website"},"primaryImageOfPage":{"@id":"https:\/\/hobstop.ee\/lt\/produktas\/priespieciu-dezute-lekste-maped-picnik-adult-concept\/#primaryimage"},"image":{"@id":"https:\/\/hobstop.ee\/lt\/produktas\/priespieciu-dezute-lekste-maped-picnik-adult-concept\/#primaryimage"},"thumbnailUrl":"https:\/\/hobstop.ee\/media\/4980.jpg","datePublished":"2019-11-20T10:32:28+00:00","dateModified":"2019-11-20T10:32:28+00:00","breadcrumb":{"@id":"https:\/\/hobstop.ee\/lt\/produktas\/priespieciu-dezute-lekste-maped-picnik-adult-concept\/#breadcrumb"},"inLanguage":"lt","potentialAction":[{"@type":"ReadAction","target":["https:\/\/hobstop.ee\/lt\/produktas\/priespieciu-dezute-lekste-maped-picnik-adult-concept\/"]}]},{"@type":"ImageObject","inLanguage":"lt","@id":"https:\/\/hobstop.ee\/lt\/produktas\/priespieciu-dezute-lekste-maped-picnik-adult-concept\/#primaryimage","url":"https:\/\/hobstop.ee\/media\/4980.jpg","contentUrl":"https:\/\/hobstop.ee\/media\/4980.jpg","width":1024,"height":768},{"@type":"BreadcrumbList","@id":"https:\/\/hobstop.ee\/lt\/produktas\/priespieciu-dezute-lekste-maped-picnik-adult-concept\/#breadcrumb","itemListElement":[{"@type":"ListItem","position":1,"name":"Avaleht","item":"https:\/\/hobstop.ee\/lt\/"},{"@type":"ListItem","position":2,"name":"Parduotuv\u0117","item":"https:\/\/hobstop.ee\/lt\/parduotuve\/"},{"@type":"ListItem","position":3,"name":"Prie\u0161pie\u010di\u0173 d\u0117\u017eut\u0117-l\u0117k\u0161t\u0117 Maped Picnik Adult Concept"}]},{"@type":"WebSite","@id":"https:\/\/hobstop.ee\/lt\/#website","url":"https:\/\/hobstop.ee\/lt\/","name":"Skizze","description":"Dail\u0117s, pom\u0117gi\u0173 ir mokykliniai reikm\u0117nys","publisher":{"@id":"https:\/\/hobstop.ee\/lt\/#organization"},"potentialAction":[{"@type":"SearchAction","target":{"@type":"EntryPoint","urlTemplate":"https:\/\/hobstop.ee\/lt\/?s={search_term_string}"},"query-input":{"@type":"PropertyValueSpecification","valueRequired":true,"valueName":"search_term_string"}}],"inLanguage":"lt"},{"@type":"Organization","@id":"https:\/\/hobstop.ee\/lt\/#organization","name":"Vunder AS","url":"https:\/\/hobstop.ee\/lt\/","logo":{"@type":"ImageObject","inLanguage":"lt","@id":"https:\/\/hobstop.ee\/lt\/#\/schema\/logo\/image\/","url":"https:\/\/hobstop.ee\/media\/vunder-logo.png","contentUrl":"https:\/\/hobstop.ee\/media\/vunder-logo.png","width":127,"height":55,"caption":"Vunder AS"},"image":{"@id":"https:\/\/hobstop.ee\/lt\/#\/schema\/logo\/image\/"},"sameAs":["http:\/\/www.facebook.com\/VunderSkizze"]}]}},"_links":{"self":[{"href":"https:\/\/hobstop.ee\/lt\/wp-json\/wp\/v2\/product\/339475","targetHints":{"allow":["GET"]}}],"collection":[{"href":"https:\/\/hobstop.ee\/lt\/wp-json\/wp\/v2\/product"}],"about":[{"href":"https:\/\/hobstop.ee\/lt\/wp-json\/wp\/v2\/types\/product"}],"replies":[{"embeddable":true,"href":"https:\/\/hobstop.ee\/lt\/wp-json\/wp\/v2\/comments?post=339475"}],"wp:featuredmedia":[{"embeddable":true,"href":"https:\/\/hobstop.ee\/lt\/wp-json\/wp\/v2\/media\/352960"}],"wp:attachment":[{"href":"https:\/\/hobstop.ee\/lt\/wp-json\/wp\/v2\/media?parent=339475"}],"wp:term":[{"taxonomy":"product_cat","embeddable":true,"href":"https:\/\/hobstop.ee\/lt\/wp-json\/wp\/v2\/product_cat?post=339475"},{"taxonomy":"product_tag","embeddable":true,"href":"https:\/\/hobstop.ee\/lt\/wp-json\/wp\/v2\/product_tag?post=339475"}],"curies":[{"name":"wp","href":"https:\/\/api.w.org\/{rel}","templated":true}]}}