{"id":339479,"date":"2019-11-20T12:32:32","date_gmt":"2019-11-20T10:32:42","guid":{"rendered":"https:\/\/sharks.ee\/vunder_2019\/product\/stalo-irankiai-maped-picnik-adult-concept-3vnt\/"},"modified":"2019-11-20T12:32:42","modified_gmt":"2019-11-20T10:32:42","slug":"stalo-irankiai-maped-picnik-adult-concept-3vnt","status":"publish","type":"product","link":"https:\/\/hobstop.ee\/lt\/produktas\/stalo-irankiai-maped-picnik-adult-concept-3vnt\/","title":{"rendered":"Stalo \u012frankiai Maped Picnik Adult Concept 3vnt."},"content":{"rendered":"<p>Pasitelkdama savo patirt\u012f \u201eMaped\u201c kuria ir gamina kokybi\u0161kus mokyklinius produktus \u2013 tokia ir yra nauja g\u0117rim\u0173 ir maisto ind\u0173 serija \u201eMaped Picnik\u201c. Stalo reikmen\u0173 serija \u201eMaped Picnik Adult\u201c pad\u0117s maloniai praleisti laisvalaik\u012f.<br \/>\n\u201eMaped Picnik Adult\u201c stalo \u012franki\u0173 rinkinyje yra ner\u016bdijan\u010dio plieno \u0161akut\u0117, peilis ir \u0161auk\u0161telis. \u012erankiai yra nedideli, tod\u0117l pasinaudojus juos galima sud\u0117ti \u012f \u201eMaped Picnik\u201c l\u0117k\u0161t\u0119. Lengvai valomi \u2013 galima plauti indaplov\u0117je.<\/p>\n","protected":false},"excerpt":{"rendered":"<p>Pasitelkdama savo patirt\u012f \u201eMaped\u201c kuria ir gamina kokybi\u0161kus mokyklinius produktus \u2013 tokia ir yra nauja g\u0117rim\u0173 ir maisto ind\u0173 serija \u201eMaped Picnik\u201c. Stalo reikmen\u0173 serija \u201eMaped Picnik Adult\u201c pad\u0117s maloniai praleisti laisvalaik\u012f. \u201eMaped Picnik Adult\u201c stalo \u012franki\u0173 rinkinyje yra ner\u016bdijan\u010dio plieno \u0161akut\u0117, peilis ir \u0161auk\u0161telis. \u012erankiai yra nedideli, tod\u0117l pasinaudojus juos galima sud\u0117ti \u012f \u201eMaped Picnik\u201c l\u0117k\u0161t\u0119. Lengvai valomi \u2013 galima plauti indaplov\u0117je.<\/p>\n","protected":false},"featured_media":352952,"comment_status":"closed","ping_status":"closed","template":"","meta":{"_acf_changed":false,"ep_exclude_from_search":false},"product_cat":[20361],"product_tag":[],"class_list":{"0":"post-339479","1":"product","2":"type-product","3":"status-publish","4":"has-post-thumbnail","6":"product_cat-maaramata","8":"first","9":"instock","10":"taxable","11":"shipping-taxable","12":"product-type-simple"},"acf":[],"yoast_head":"<!-- This site is optimized with the Yoast SEO plugin v24.1 - https:\/\/yoast.com\/wordpress\/plugins\/seo\/ -->\n<title>Stalo \u012frankiai Maped Picnik Adult Concept 3vnt. &#8211; Skizze<\/title>\n<meta name=\"robots\" content=\"noindex, follow, max-snippet:-1, max-image-preview:large, max-video-preview:-1\" \/>\n<meta property=\"og:locale\" content=\"lt_LT\" \/>\n<meta property=\"og:type\" content=\"article\" \/>\n<meta property=\"og:title\" content=\"Stalo \u012frankiai Maped Picnik Adult Concept 3vnt. &#8211; Skizze\" \/>\n<meta property=\"og:description\" content=\"Pasitelkdama savo patirt\u012f \u201eMaped\u201c kuria ir gamina kokybi\u0161kus mokyklinius produktus \u2013 tokia ir yra nauja g\u0117rim\u0173 ir maisto ind\u0173 serija \u201eMaped Picnik\u201c. Stalo reikmen\u0173 serija \u201eMaped Picnik Adult\u201c pad\u0117s maloniai praleisti laisvalaik\u012f. \u201eMaped Picnik Adult\u201c stalo \u012franki\u0173 rinkinyje yra ner\u016bdijan\u010dio plieno \u0161akut\u0117, peilis ir \u0161auk\u0161telis. \u012erankiai yra nedideli, tod\u0117l pasinaudojus juos galima sud\u0117ti \u012f \u201eMaped Picnik\u201c l\u0117k\u0161t\u0119. Lengvai valomi \u2013 galima plauti indaplov\u0117je.\" \/>\n<meta property=\"og:url\" content=\"https:\/\/hobstop.ee\/lt\/produktas\/stalo-irankiai-maped-picnik-adult-concept-3vnt\/\" \/>\n<meta property=\"og:site_name\" content=\"Skizze\" \/>\n<meta property=\"article:publisher\" content=\"http:\/\/www.facebook.com\/VunderSkizze\" \/>\n<meta property=\"og:image\" content=\"https:\/\/hobstop.ee\/media\/4981.jpg\" \/>\n\t<meta property=\"og:image:width\" content=\"1024\" \/>\n\t<meta property=\"og:image:height\" content=\"768\" \/>\n\t<meta property=\"og:image:type\" content=\"image\/jpeg\" \/>\n<meta name=\"twitter:card\" content=\"summary_large_image\" \/>\n<script type=\"application\/ld+json\" class=\"yoast-schema-graph\">{\"@context\":\"https:\/\/schema.org\",\"@graph\":[{\"@type\":\"WebPage\",\"@id\":\"https:\/\/hobstop.ee\/lt\/produktas\/stalo-irankiai-maped-picnik-adult-concept-3vnt\/\",\"url\":\"https:\/\/hobstop.ee\/lt\/produktas\/stalo-irankiai-maped-picnik-adult-concept-3vnt\/\",\"name\":\"Stalo \u012frankiai Maped Picnik Adult Concept 3vnt. &#8211; Skizze\",\"isPartOf\":{\"@id\":\"https:\/\/www.hobstop.ee\/lt\/#website\"},\"primaryImageOfPage\":{\"@id\":\"https:\/\/hobstop.ee\/lt\/produktas\/stalo-irankiai-maped-picnik-adult-concept-3vnt\/#primaryimage\"},\"image\":{\"@id\":\"https:\/\/hobstop.ee\/lt\/produktas\/stalo-irankiai-maped-picnik-adult-concept-3vnt\/#primaryimage\"},\"thumbnailUrl\":\"https:\/\/hobstop.ee\/media\/4981.jpg\",\"datePublished\":\"2019-11-20T10:32:42+00:00\",\"dateModified\":\"2019-11-20T10:32:42+00:00\",\"breadcrumb\":{\"@id\":\"https:\/\/hobstop.ee\/lt\/produktas\/stalo-irankiai-maped-picnik-adult-concept-3vnt\/#breadcrumb\"},\"inLanguage\":\"lt\",\"potentialAction\":[{\"@type\":\"ReadAction\",\"target\":[\"https:\/\/hobstop.ee\/lt\/produktas\/stalo-irankiai-maped-picnik-adult-concept-3vnt\/\"]}]},{\"@type\":\"ImageObject\",\"inLanguage\":\"lt\",\"@id\":\"https:\/\/hobstop.ee\/lt\/produktas\/stalo-irankiai-maped-picnik-adult-concept-3vnt\/#primaryimage\",\"url\":\"https:\/\/hobstop.ee\/media\/4981.jpg\",\"contentUrl\":\"https:\/\/hobstop.ee\/media\/4981.jpg\",\"width\":1024,\"height\":768},{\"@type\":\"BreadcrumbList\",\"@id\":\"https:\/\/hobstop.ee\/lt\/produktas\/stalo-irankiai-maped-picnik-adult-concept-3vnt\/#breadcrumb\",\"itemListElement\":[{\"@type\":\"ListItem\",\"position\":1,\"name\":\"Avaleht\",\"item\":\"https:\/\/www.hobstop.ee\/lt\/\"},{\"@type\":\"ListItem\",\"position\":2,\"name\":\"Parduotuv\u0117\",\"item\":\"https:\/\/www.hobstop.ee\/lt\/parduotuve\/\"},{\"@type\":\"ListItem\",\"position\":3,\"name\":\"Stalo \u012frankiai Maped Picnik Adult Concept 3vnt.\"}]},{\"@type\":\"WebSite\",\"@id\":\"https:\/\/www.hobstop.ee\/lt\/#website\",\"url\":\"https:\/\/www.hobstop.ee\/lt\/\",\"name\":\"Skizze\",\"description\":\"Dail\u0117s, pom\u0117gi\u0173 ir mokykliniai reikm\u0117nys\",\"publisher\":{\"@id\":\"https:\/\/www.hobstop.ee\/lt\/#organization\"},\"potentialAction\":[{\"@type\":\"SearchAction\",\"target\":{\"@type\":\"EntryPoint\",\"urlTemplate\":\"https:\/\/www.hobstop.ee\/lt\/?s={search_term_string}\"},\"query-input\":{\"@type\":\"PropertyValueSpecification\",\"valueRequired\":true,\"valueName\":\"search_term_string\"}}],\"inLanguage\":\"lt\"},{\"@type\":\"Organization\",\"@id\":\"https:\/\/www.hobstop.ee\/lt\/#organization\",\"name\":\"Vunder AS\",\"url\":\"https:\/\/www.hobstop.ee\/lt\/\",\"logo\":{\"@type\":\"ImageObject\",\"inLanguage\":\"lt\",\"@id\":\"https:\/\/www.hobstop.ee\/lt\/#\/schema\/logo\/image\/\",\"url\":\"https:\/\/hobstop.ee\/media\/vunder-logo.png\",\"contentUrl\":\"https:\/\/hobstop.ee\/media\/vunder-logo.png\",\"width\":127,\"height\":55,\"caption\":\"Vunder AS\"},\"image\":{\"@id\":\"https:\/\/www.hobstop.ee\/lt\/#\/schema\/logo\/image\/\"},\"sameAs\":[\"http:\/\/www.facebook.com\/VunderSkizze\"]}]}<\/script>\n<!-- \/ Yoast SEO plugin. -->","yoast_head_json":{"title":"Stalo \u012frankiai Maped Picnik Adult Concept 3vnt. &#8211; Skizze","robots":{"index":"noindex","follow":"follow","max-snippet":"max-snippet:-1","max-image-preview":"max-image-preview:large","max-video-preview":"max-video-preview:-1"},"og_locale":"lt_LT","og_type":"article","og_title":"Stalo \u012frankiai Maped Picnik Adult Concept 3vnt. &#8211; Skizze","og_description":"Pasitelkdama savo patirt\u012f \u201eMaped\u201c kuria ir gamina kokybi\u0161kus mokyklinius produktus \u2013 tokia ir yra nauja g\u0117rim\u0173 ir maisto ind\u0173 serija \u201eMaped Picnik\u201c. Stalo reikmen\u0173 serija \u201eMaped Picnik Adult\u201c pad\u0117s maloniai praleisti laisvalaik\u012f. \u201eMaped Picnik Adult\u201c stalo \u012franki\u0173 rinkinyje yra ner\u016bdijan\u010dio plieno \u0161akut\u0117, peilis ir \u0161auk\u0161telis. \u012erankiai yra nedideli, tod\u0117l pasinaudojus juos galima sud\u0117ti \u012f \u201eMaped Picnik\u201c l\u0117k\u0161t\u0119. Lengvai valomi \u2013 galima plauti indaplov\u0117je.","og_url":"https:\/\/hobstop.ee\/lt\/produktas\/stalo-irankiai-maped-picnik-adult-concept-3vnt\/","og_site_name":"Skizze","article_publisher":"http:\/\/www.facebook.com\/VunderSkizze","og_image":[{"width":1024,"height":768,"url":"https:\/\/hobstop.ee\/media\/4981.jpg","type":"image\/jpeg"}],"twitter_card":"summary_large_image","schema":{"@context":"https:\/\/schema.org","@graph":[{"@type":"WebPage","@id":"https:\/\/hobstop.ee\/lt\/produktas\/stalo-irankiai-maped-picnik-adult-concept-3vnt\/","url":"https:\/\/hobstop.ee\/lt\/produktas\/stalo-irankiai-maped-picnik-adult-concept-3vnt\/","name":"Stalo \u012frankiai Maped Picnik Adult Concept 3vnt. &#8211; Skizze","isPartOf":{"@id":"https:\/\/www.hobstop.ee\/lt\/#website"},"primaryImageOfPage":{"@id":"https:\/\/hobstop.ee\/lt\/produktas\/stalo-irankiai-maped-picnik-adult-concept-3vnt\/#primaryimage"},"image":{"@id":"https:\/\/hobstop.ee\/lt\/produktas\/stalo-irankiai-maped-picnik-adult-concept-3vnt\/#primaryimage"},"thumbnailUrl":"https:\/\/hobstop.ee\/media\/4981.jpg","datePublished":"2019-11-20T10:32:42+00:00","dateModified":"2019-11-20T10:32:42+00:00","breadcrumb":{"@id":"https:\/\/hobstop.ee\/lt\/produktas\/stalo-irankiai-maped-picnik-adult-concept-3vnt\/#breadcrumb"},"inLanguage":"lt","potentialAction":[{"@type":"ReadAction","target":["https:\/\/hobstop.ee\/lt\/produktas\/stalo-irankiai-maped-picnik-adult-concept-3vnt\/"]}]},{"@type":"ImageObject","inLanguage":"lt","@id":"https:\/\/hobstop.ee\/lt\/produktas\/stalo-irankiai-maped-picnik-adult-concept-3vnt\/#primaryimage","url":"https:\/\/hobstop.ee\/media\/4981.jpg","contentUrl":"https:\/\/hobstop.ee\/media\/4981.jpg","width":1024,"height":768},{"@type":"BreadcrumbList","@id":"https:\/\/hobstop.ee\/lt\/produktas\/stalo-irankiai-maped-picnik-adult-concept-3vnt\/#breadcrumb","itemListElement":[{"@type":"ListItem","position":1,"name":"Avaleht","item":"https:\/\/www.hobstop.ee\/lt\/"},{"@type":"ListItem","position":2,"name":"Parduotuv\u0117","item":"https:\/\/www.hobstop.ee\/lt\/parduotuve\/"},{"@type":"ListItem","position":3,"name":"Stalo \u012frankiai Maped Picnik Adult Concept 3vnt."}]},{"@type":"WebSite","@id":"https:\/\/www.hobstop.ee\/lt\/#website","url":"https:\/\/www.hobstop.ee\/lt\/","name":"Skizze","description":"Dail\u0117s, pom\u0117gi\u0173 ir mokykliniai reikm\u0117nys","publisher":{"@id":"https:\/\/www.hobstop.ee\/lt\/#organization"},"potentialAction":[{"@type":"SearchAction","target":{"@type":"EntryPoint","urlTemplate":"https:\/\/www.hobstop.ee\/lt\/?s={search_term_string}"},"query-input":{"@type":"PropertyValueSpecification","valueRequired":true,"valueName":"search_term_string"}}],"inLanguage":"lt"},{"@type":"Organization","@id":"https:\/\/www.hobstop.ee\/lt\/#organization","name":"Vunder AS","url":"https:\/\/www.hobstop.ee\/lt\/","logo":{"@type":"ImageObject","inLanguage":"lt","@id":"https:\/\/www.hobstop.ee\/lt\/#\/schema\/logo\/image\/","url":"https:\/\/hobstop.ee\/media\/vunder-logo.png","contentUrl":"https:\/\/hobstop.ee\/media\/vunder-logo.png","width":127,"height":55,"caption":"Vunder AS"},"image":{"@id":"https:\/\/www.hobstop.ee\/lt\/#\/schema\/logo\/image\/"},"sameAs":["http:\/\/www.facebook.com\/VunderSkizze"]}]}},"_links":{"self":[{"href":"https:\/\/hobstop.ee\/lt\/wp-json\/wp\/v2\/product\/339479","targetHints":{"allow":["GET"]}}],"collection":[{"href":"https:\/\/hobstop.ee\/lt\/wp-json\/wp\/v2\/product"}],"about":[{"href":"https:\/\/hobstop.ee\/lt\/wp-json\/wp\/v2\/types\/product"}],"replies":[{"embeddable":true,"href":"https:\/\/hobstop.ee\/lt\/wp-json\/wp\/v2\/comments?post=339479"}],"wp:featuredmedia":[{"embeddable":true,"href":"https:\/\/hobstop.ee\/lt\/wp-json\/wp\/v2\/media\/352952"}],"wp:attachment":[{"href":"https:\/\/hobstop.ee\/lt\/wp-json\/wp\/v2\/media?parent=339479"}],"wp:term":[{"taxonomy":"product_cat","embeddable":true,"href":"https:\/\/hobstop.ee\/lt\/wp-json\/wp\/v2\/product_cat?post=339479"},{"taxonomy":"product_tag","embeddable":true,"href":"https:\/\/hobstop.ee\/lt\/wp-json\/wp\/v2\/product_tag?post=339479"}],"curies":[{"name":"wp","href":"https:\/\/api.w.org\/{rel}","templated":true}]}}