{"id":339491,"date":"2019-11-20T12:33:10","date_gmt":"2019-11-20T10:33:20","guid":{"rendered":"https:\/\/sharks.ee\/vunder_2019\/product\/putoplastis-kapa-line\/"},"modified":"2019-11-20T12:33:20","modified_gmt":"2019-11-20T10:33:20","slug":"putoplastis-kapa-line","status":"publish","type":"product","link":"https:\/\/hobstop.ee\/lt\/produktas\/putoplastis-kapa-line\/","title":{"rendered":"Putoplastis Kapa Line"},"content":{"rendered":"<p>Baltos matinio pavir\u0161iaus kompozitin\u0117s put\u0173 kartono plok\u0161t\u0117s \u201eKapa Line\u201c. I\u0161 abiej\u0173 pusi\u0173 dengta kartonu, tod\u0117l plok\u0161t\u0117 yra tvirta ir stabili. Ji yra lengva, gana lanksti, lengvai apdorojama. Tinka naudoti \u0161ilkografijoje, formavimo ir dizaino darbams, modeliams daryti ir pan.<\/p>\n","protected":false},"excerpt":{"rendered":"<p>Baltos matinio pavir\u0161iaus kompozitin\u0117s put\u0173 kartono plok\u0161t\u0117s \u201eKapa Line\u201c. I\u0161 abiej\u0173 pusi\u0173 dengta kartonu, tod\u0117l plok\u0161t\u0117 yra tvirta ir stabili. Ji yra lengva, gana lanksti, lengvai apdorojama. Tinka naudoti \u0161ilkografijoje, formavimo ir dizaino darbams, modeliams daryti ir pan.<\/p>\n","protected":false},"featured_media":353252,"comment_status":"closed","ping_status":"closed","template":"","meta":{"_acf_changed":false,"ep_exclude_from_search":false},"product_cat":[20361],"product_tag":[],"class_list":{"0":"post-339491","1":"product","2":"type-product","3":"status-publish","4":"has-post-thumbnail","6":"product_cat-maaramata","8":"first","9":"instock","10":"taxable","11":"shipping-taxable","12":"product-type-simple"},"acf":[],"yoast_head":"<!-- This site is optimized with the Yoast SEO plugin v24.1 - https:\/\/yoast.com\/wordpress\/plugins\/seo\/ -->\n<title>Putoplastis Kapa Line &#8211; Skizze<\/title>\n<meta name=\"robots\" content=\"noindex, follow, max-snippet:-1, max-image-preview:large, max-video-preview:-1\" \/>\n<meta property=\"og:locale\" content=\"lt_LT\" \/>\n<meta property=\"og:type\" content=\"article\" \/>\n<meta property=\"og:title\" content=\"Putoplastis Kapa Line &#8211; Skizze\" \/>\n<meta property=\"og:description\" content=\"Baltos matinio pavir\u0161iaus kompozitin\u0117s put\u0173 kartono plok\u0161t\u0117s \u201eKapa Line\u201c. I\u0161 abiej\u0173 pusi\u0173 dengta kartonu, tod\u0117l plok\u0161t\u0117 yra tvirta ir stabili. Ji yra lengva, gana lanksti, lengvai apdorojama. Tinka naudoti \u0161ilkografijoje, formavimo ir dizaino darbams, modeliams daryti ir pan.\" \/>\n<meta property=\"og:url\" content=\"https:\/\/hobstop.ee\/lt\/produktas\/putoplastis-kapa-line\/\" \/>\n<meta property=\"og:site_name\" content=\"Skizze\" \/>\n<meta property=\"article:publisher\" content=\"http:\/\/www.facebook.com\/VunderSkizze\" \/>\n<meta property=\"og:image\" content=\"https:\/\/hobstop.ee\/media\/5015.jpg\" \/>\n\t<meta property=\"og:image:width\" content=\"1024\" \/>\n\t<meta property=\"og:image:height\" content=\"768\" \/>\n\t<meta property=\"og:image:type\" content=\"image\/jpeg\" \/>\n<meta name=\"twitter:card\" content=\"summary_large_image\" \/>\n<script type=\"application\/ld+json\" class=\"yoast-schema-graph\">{\"@context\":\"https:\/\/schema.org\",\"@graph\":[{\"@type\":\"WebPage\",\"@id\":\"https:\/\/hobstop.ee\/lt\/produktas\/putoplastis-kapa-line\/\",\"url\":\"https:\/\/hobstop.ee\/lt\/produktas\/putoplastis-kapa-line\/\",\"name\":\"Putoplastis Kapa Line &#8211; Skizze\",\"isPartOf\":{\"@id\":\"https:\/\/hobstop.ee\/lt\/#website\"},\"primaryImageOfPage\":{\"@id\":\"https:\/\/hobstop.ee\/lt\/produktas\/putoplastis-kapa-line\/#primaryimage\"},\"image\":{\"@id\":\"https:\/\/hobstop.ee\/lt\/produktas\/putoplastis-kapa-line\/#primaryimage\"},\"thumbnailUrl\":\"https:\/\/hobstop.ee\/media\/5015.jpg\",\"datePublished\":\"2019-11-20T10:33:20+00:00\",\"dateModified\":\"2019-11-20T10:33:20+00:00\",\"breadcrumb\":{\"@id\":\"https:\/\/hobstop.ee\/lt\/produktas\/putoplastis-kapa-line\/#breadcrumb\"},\"inLanguage\":\"lt\",\"potentialAction\":[{\"@type\":\"ReadAction\",\"target\":[\"https:\/\/hobstop.ee\/lt\/produktas\/putoplastis-kapa-line\/\"]}]},{\"@type\":\"ImageObject\",\"inLanguage\":\"lt\",\"@id\":\"https:\/\/hobstop.ee\/lt\/produktas\/putoplastis-kapa-line\/#primaryimage\",\"url\":\"https:\/\/hobstop.ee\/media\/5015.jpg\",\"contentUrl\":\"https:\/\/hobstop.ee\/media\/5015.jpg\",\"width\":1024,\"height\":768},{\"@type\":\"BreadcrumbList\",\"@id\":\"https:\/\/hobstop.ee\/lt\/produktas\/putoplastis-kapa-line\/#breadcrumb\",\"itemListElement\":[{\"@type\":\"ListItem\",\"position\":1,\"name\":\"Avaleht\",\"item\":\"https:\/\/hobstop.ee\/lt\/\"},{\"@type\":\"ListItem\",\"position\":2,\"name\":\"Parduotuv\u0117\",\"item\":\"https:\/\/hobstop.ee\/lt\/parduotuve\/\"},{\"@type\":\"ListItem\",\"position\":3,\"name\":\"Putoplastis Kapa Line\"}]},{\"@type\":\"WebSite\",\"@id\":\"https:\/\/hobstop.ee\/lt\/#website\",\"url\":\"https:\/\/hobstop.ee\/lt\/\",\"name\":\"Skizze\",\"description\":\"Dail\u0117s, pom\u0117gi\u0173 ir mokykliniai reikm\u0117nys\",\"publisher\":{\"@id\":\"https:\/\/hobstop.ee\/lt\/#organization\"},\"potentialAction\":[{\"@type\":\"SearchAction\",\"target\":{\"@type\":\"EntryPoint\",\"urlTemplate\":\"https:\/\/hobstop.ee\/lt\/?s={search_term_string}\"},\"query-input\":{\"@type\":\"PropertyValueSpecification\",\"valueRequired\":true,\"valueName\":\"search_term_string\"}}],\"inLanguage\":\"lt\"},{\"@type\":\"Organization\",\"@id\":\"https:\/\/hobstop.ee\/lt\/#organization\",\"name\":\"Vunder AS\",\"url\":\"https:\/\/hobstop.ee\/lt\/\",\"logo\":{\"@type\":\"ImageObject\",\"inLanguage\":\"lt\",\"@id\":\"https:\/\/hobstop.ee\/lt\/#\/schema\/logo\/image\/\",\"url\":\"https:\/\/hobstop.ee\/media\/vunder-logo.png\",\"contentUrl\":\"https:\/\/hobstop.ee\/media\/vunder-logo.png\",\"width\":127,\"height\":55,\"caption\":\"Vunder AS\"},\"image\":{\"@id\":\"https:\/\/hobstop.ee\/lt\/#\/schema\/logo\/image\/\"},\"sameAs\":[\"http:\/\/www.facebook.com\/VunderSkizze\"]}]}<\/script>\n<!-- \/ Yoast SEO plugin. -->","yoast_head_json":{"title":"Putoplastis Kapa Line &#8211; Skizze","robots":{"index":"noindex","follow":"follow","max-snippet":"max-snippet:-1","max-image-preview":"max-image-preview:large","max-video-preview":"max-video-preview:-1"},"og_locale":"lt_LT","og_type":"article","og_title":"Putoplastis Kapa Line &#8211; Skizze","og_description":"Baltos matinio pavir\u0161iaus kompozitin\u0117s put\u0173 kartono plok\u0161t\u0117s \u201eKapa Line\u201c. I\u0161 abiej\u0173 pusi\u0173 dengta kartonu, tod\u0117l plok\u0161t\u0117 yra tvirta ir stabili. Ji yra lengva, gana lanksti, lengvai apdorojama. Tinka naudoti \u0161ilkografijoje, formavimo ir dizaino darbams, modeliams daryti ir pan.","og_url":"https:\/\/hobstop.ee\/lt\/produktas\/putoplastis-kapa-line\/","og_site_name":"Skizze","article_publisher":"http:\/\/www.facebook.com\/VunderSkizze","og_image":[{"width":1024,"height":768,"url":"https:\/\/hobstop.ee\/media\/5015.jpg","type":"image\/jpeg"}],"twitter_card":"summary_large_image","schema":{"@context":"https:\/\/schema.org","@graph":[{"@type":"WebPage","@id":"https:\/\/hobstop.ee\/lt\/produktas\/putoplastis-kapa-line\/","url":"https:\/\/hobstop.ee\/lt\/produktas\/putoplastis-kapa-line\/","name":"Putoplastis Kapa Line &#8211; Skizze","isPartOf":{"@id":"https:\/\/hobstop.ee\/lt\/#website"},"primaryImageOfPage":{"@id":"https:\/\/hobstop.ee\/lt\/produktas\/putoplastis-kapa-line\/#primaryimage"},"image":{"@id":"https:\/\/hobstop.ee\/lt\/produktas\/putoplastis-kapa-line\/#primaryimage"},"thumbnailUrl":"https:\/\/hobstop.ee\/media\/5015.jpg","datePublished":"2019-11-20T10:33:20+00:00","dateModified":"2019-11-20T10:33:20+00:00","breadcrumb":{"@id":"https:\/\/hobstop.ee\/lt\/produktas\/putoplastis-kapa-line\/#breadcrumb"},"inLanguage":"lt","potentialAction":[{"@type":"ReadAction","target":["https:\/\/hobstop.ee\/lt\/produktas\/putoplastis-kapa-line\/"]}]},{"@type":"ImageObject","inLanguage":"lt","@id":"https:\/\/hobstop.ee\/lt\/produktas\/putoplastis-kapa-line\/#primaryimage","url":"https:\/\/hobstop.ee\/media\/5015.jpg","contentUrl":"https:\/\/hobstop.ee\/media\/5015.jpg","width":1024,"height":768},{"@type":"BreadcrumbList","@id":"https:\/\/hobstop.ee\/lt\/produktas\/putoplastis-kapa-line\/#breadcrumb","itemListElement":[{"@type":"ListItem","position":1,"name":"Avaleht","item":"https:\/\/hobstop.ee\/lt\/"},{"@type":"ListItem","position":2,"name":"Parduotuv\u0117","item":"https:\/\/hobstop.ee\/lt\/parduotuve\/"},{"@type":"ListItem","position":3,"name":"Putoplastis Kapa Line"}]},{"@type":"WebSite","@id":"https:\/\/hobstop.ee\/lt\/#website","url":"https:\/\/hobstop.ee\/lt\/","name":"Skizze","description":"Dail\u0117s, pom\u0117gi\u0173 ir mokykliniai reikm\u0117nys","publisher":{"@id":"https:\/\/hobstop.ee\/lt\/#organization"},"potentialAction":[{"@type":"SearchAction","target":{"@type":"EntryPoint","urlTemplate":"https:\/\/hobstop.ee\/lt\/?s={search_term_string}"},"query-input":{"@type":"PropertyValueSpecification","valueRequired":true,"valueName":"search_term_string"}}],"inLanguage":"lt"},{"@type":"Organization","@id":"https:\/\/hobstop.ee\/lt\/#organization","name":"Vunder AS","url":"https:\/\/hobstop.ee\/lt\/","logo":{"@type":"ImageObject","inLanguage":"lt","@id":"https:\/\/hobstop.ee\/lt\/#\/schema\/logo\/image\/","url":"https:\/\/hobstop.ee\/media\/vunder-logo.png","contentUrl":"https:\/\/hobstop.ee\/media\/vunder-logo.png","width":127,"height":55,"caption":"Vunder AS"},"image":{"@id":"https:\/\/hobstop.ee\/lt\/#\/schema\/logo\/image\/"},"sameAs":["http:\/\/www.facebook.com\/VunderSkizze"]}]}},"_links":{"self":[{"href":"https:\/\/hobstop.ee\/lt\/wp-json\/wp\/v2\/product\/339491","targetHints":{"allow":["GET"]}}],"collection":[{"href":"https:\/\/hobstop.ee\/lt\/wp-json\/wp\/v2\/product"}],"about":[{"href":"https:\/\/hobstop.ee\/lt\/wp-json\/wp\/v2\/types\/product"}],"replies":[{"embeddable":true,"href":"https:\/\/hobstop.ee\/lt\/wp-json\/wp\/v2\/comments?post=339491"}],"wp:featuredmedia":[{"embeddable":true,"href":"https:\/\/hobstop.ee\/lt\/wp-json\/wp\/v2\/media\/353252"}],"wp:attachment":[{"href":"https:\/\/hobstop.ee\/lt\/wp-json\/wp\/v2\/media?parent=339491"}],"wp:term":[{"taxonomy":"product_cat","embeddable":true,"href":"https:\/\/hobstop.ee\/lt\/wp-json\/wp\/v2\/product_cat?post=339491"},{"taxonomy":"product_tag","embeddable":true,"href":"https:\/\/hobstop.ee\/lt\/wp-json\/wp\/v2\/product_tag?post=339491"}],"curies":[{"name":"wp","href":"https:\/\/api.w.org\/{rel}","templated":true}]}}