{"id":339495,"date":"2019-11-20T12:33:23","date_gmt":"2019-11-20T10:33:31","guid":{"rendered":"https:\/\/sharks.ee\/vunder_2019\/product\/tekstiles-dazai-marabu-textil-print-100ml\/"},"modified":"2019-11-20T12:33:31","modified_gmt":"2019-11-20T10:33:31","slug":"tekstiles-dazai-marabu-textil-print-100ml","status":"publish","type":"product","link":"https:\/\/hobstop.ee\/lt\/produktas\/tekstiles-dazai-marabu-textil-print-100ml\/","title":{"rendered":"Tekstil\u0117s da\u017eai Marabu Textil Print 100ml"},"content":{"rendered":"<p>Ry\u0161k\u016bs, vandens pagrindu pagaminti, matiniai, \u012fsp\u016bding\u0105 \u0161velni\u0105 apdail\u0105 suteikiantys \u0161ilkografijos da\u017eai \u201eMarabu Textil Print\u201c. Da\u017eai \u201eMarabu Textil Print\u201c yra specialiai sukurti spausdinimui naudojant r\u0117m\u0105 ir linorai\u017eio technikai. Bekvapiai, atspar\u016bs \u0161viesos poveikiui, tinka \u0161viesiems ir tamsiems audiniams, kuri\u0173 sud\u0117tyje yra ne daugiau nei 20 proc. sintetinio pluo\u0161to, da\u017eyti. \u201eMarabu Textil Print\u201c yra itin l\u0117tai d\u017ei\u016bstantys ir labai klamp\u016bs (jei reikia, skieskite su vandeniu). Da\u017eai turi b\u016bti pakankamai dr\u0117gni, kad nepalikt\u0173 volelio p\u0117dsak\u0173. Tolygiai u\u017etepti be persidengim\u0173 da\u017eai u\u017etikrina puik\u0173 rezultat\u0105. I\u0161d\u017ei\u016bvusius da\u017eus ant audinio 8 minutes u\u017efiksuokite iki 150\u00b0C \u012fkaitintoje orkait\u0117je arba dekoruot\u0105 audin\u012f lyginkite 3 minutes lygintuvu nenaudodami gar\u0173. U\u017efiksavus da\u017eus, audin\u012f galima skalbti 40\u00b0C temperat\u016broje. Puikus b\u016bdas dekoruoti krep\u0161ius, pagalves ir drabu\u017eius!<\/p>\n","protected":false},"excerpt":{"rendered":"<p>Ry\u0161k\u016bs, vandens pagrindu pagaminti, matiniai, \u012fsp\u016bding\u0105 \u0161velni\u0105 apdail\u0105 suteikiantys \u0161ilkografijos da\u017eai \u201eMarabu Textil Print\u201c. Da\u017eai \u201eMarabu Textil Print\u201c yra specialiai sukurti spausdinimui naudojant r\u0117m\u0105 ir linorai\u017eio technikai. Bekvapiai, atspar\u016bs \u0161viesos poveikiui, tinka \u0161viesiems ir tamsiems audiniams, kuri\u0173 sud\u0117tyje yra ne daugiau nei 20 proc. sintetinio pluo\u0161to, da\u017eyti. \u201eMarabu Textil Print\u201c yra itin l\u0117tai d\u017ei\u016bstantys ir labai klamp\u016bs (jei reikia, skieskite su vandeniu). Da\u017eai turi b\u016bti pakankamai dr\u0117gni, kad nepalikt\u0173 volelio p\u0117dsak\u0173. Tolygiai u\u017etepti be persidengim\u0173 da\u017eai u\u017etikrina puik\u0173 rezultat\u0105. I\u0161d\u017ei\u016bvusius da\u017eus ant audinio 8 minutes u\u017efiksuokite iki 150\u00b0C \u012fkaitintoje orkait\u0117je arba dekoruot\u0105 audin\u012f lyginkite 3 minutes lygintuvu nenaudodami gar\u0173. U\u017efiksavus da\u017eus, audin\u012f galima skalbti 40\u00b0C temperat\u016broje. Puikus b\u016bdas dekoruoti krep\u0161ius, pagalves ir drabu\u017eius!<\/p>\n","protected":false},"featured_media":353084,"comment_status":"closed","ping_status":"closed","template":"","meta":{"_acf_changed":false,"ep_exclude_from_search":false},"product_cat":[20361],"product_tag":[],"class_list":{"0":"post-339495","1":"product","2":"type-product","3":"status-publish","4":"has-post-thumbnail","6":"product_cat-maaramata","8":"first","9":"instock","10":"taxable","11":"shipping-taxable","12":"product-type-simple"},"acf":[],"yoast_head":"<!-- This site is optimized with the Yoast SEO plugin v24.1 - https:\/\/yoast.com\/wordpress\/plugins\/seo\/ -->\n<title>Tekstil\u0117s da\u017eai Marabu Textil Print 100ml &#8211; Skizze<\/title>\n<meta name=\"robots\" content=\"noindex, follow, max-snippet:-1, max-image-preview:large, max-video-preview:-1\" \/>\n<meta property=\"og:locale\" content=\"lt_LT\" \/>\n<meta property=\"og:type\" content=\"article\" \/>\n<meta property=\"og:title\" content=\"Tekstil\u0117s da\u017eai Marabu Textil Print 100ml &#8211; Skizze\" \/>\n<meta property=\"og:description\" content=\"Ry\u0161k\u016bs, vandens pagrindu pagaminti, matiniai, \u012fsp\u016bding\u0105 \u0161velni\u0105 apdail\u0105 suteikiantys \u0161ilkografijos da\u017eai \u201eMarabu Textil Print\u201c. Da\u017eai \u201eMarabu Textil Print\u201c yra specialiai sukurti spausdinimui naudojant r\u0117m\u0105 ir linorai\u017eio technikai. Bekvapiai, atspar\u016bs \u0161viesos poveikiui, tinka \u0161viesiems ir tamsiems audiniams, kuri\u0173 sud\u0117tyje yra ne daugiau nei 20 proc. sintetinio pluo\u0161to, da\u017eyti. \u201eMarabu Textil Print\u201c yra itin l\u0117tai d\u017ei\u016bstantys ir labai klamp\u016bs (jei reikia, skieskite su vandeniu). Da\u017eai turi b\u016bti pakankamai dr\u0117gni, kad nepalikt\u0173 volelio p\u0117dsak\u0173. Tolygiai u\u017etepti be persidengim\u0173 da\u017eai u\u017etikrina puik\u0173 rezultat\u0105. I\u0161d\u017ei\u016bvusius da\u017eus ant audinio 8 minutes u\u017efiksuokite iki 150\u00b0C \u012fkaitintoje orkait\u0117je arba dekoruot\u0105 audin\u012f lyginkite 3 minutes lygintuvu nenaudodami gar\u0173. U\u017efiksavus da\u017eus, audin\u012f galima skalbti 40\u00b0C temperat\u016broje. Puikus b\u016bdas dekoruoti krep\u0161ius, pagalves ir drabu\u017eius!\" \/>\n<meta property=\"og:url\" content=\"https:\/\/hobstop.ee\/lt\/produktas\/tekstiles-dazai-marabu-textil-print-100ml\/\" \/>\n<meta property=\"og:site_name\" content=\"Skizze\" \/>\n<meta property=\"article:publisher\" content=\"http:\/\/www.facebook.com\/VunderSkizze\" \/>\n<meta property=\"og:image\" content=\"https:\/\/hobstop.ee\/media\/5018.jpg\" \/>\n\t<meta property=\"og:image:width\" content=\"1024\" \/>\n\t<meta property=\"og:image:height\" content=\"768\" \/>\n\t<meta property=\"og:image:type\" content=\"image\/jpeg\" \/>\n<meta name=\"twitter:card\" content=\"summary_large_image\" \/>\n<meta name=\"twitter:label1\" content=\"Est. reading time\" \/>\n\t<meta name=\"twitter:data1\" content=\"1 minute\" \/>\n<script type=\"application\/ld+json\" class=\"yoast-schema-graph\">{\"@context\":\"https:\/\/schema.org\",\"@graph\":[{\"@type\":\"WebPage\",\"@id\":\"https:\/\/hobstop.ee\/lt\/produktas\/tekstiles-dazai-marabu-textil-print-100ml\/\",\"url\":\"https:\/\/hobstop.ee\/lt\/produktas\/tekstiles-dazai-marabu-textil-print-100ml\/\",\"name\":\"Tekstil\u0117s da\u017eai Marabu Textil Print 100ml &#8211; Skizze\",\"isPartOf\":{\"@id\":\"https:\/\/hobstop.ee\/lt\/#website\"},\"primaryImageOfPage\":{\"@id\":\"https:\/\/hobstop.ee\/lt\/produktas\/tekstiles-dazai-marabu-textil-print-100ml\/#primaryimage\"},\"image\":{\"@id\":\"https:\/\/hobstop.ee\/lt\/produktas\/tekstiles-dazai-marabu-textil-print-100ml\/#primaryimage\"},\"thumbnailUrl\":\"https:\/\/hobstop.ee\/media\/5018.jpg\",\"datePublished\":\"2019-11-20T10:33:31+00:00\",\"dateModified\":\"2019-11-20T10:33:31+00:00\",\"breadcrumb\":{\"@id\":\"https:\/\/hobstop.ee\/lt\/produktas\/tekstiles-dazai-marabu-textil-print-100ml\/#breadcrumb\"},\"inLanguage\":\"lt\",\"potentialAction\":[{\"@type\":\"ReadAction\",\"target\":[\"https:\/\/hobstop.ee\/lt\/produktas\/tekstiles-dazai-marabu-textil-print-100ml\/\"]}]},{\"@type\":\"ImageObject\",\"inLanguage\":\"lt\",\"@id\":\"https:\/\/hobstop.ee\/lt\/produktas\/tekstiles-dazai-marabu-textil-print-100ml\/#primaryimage\",\"url\":\"https:\/\/hobstop.ee\/media\/5018.jpg\",\"contentUrl\":\"https:\/\/hobstop.ee\/media\/5018.jpg\",\"width\":1024,\"height\":768},{\"@type\":\"BreadcrumbList\",\"@id\":\"https:\/\/hobstop.ee\/lt\/produktas\/tekstiles-dazai-marabu-textil-print-100ml\/#breadcrumb\",\"itemListElement\":[{\"@type\":\"ListItem\",\"position\":1,\"name\":\"Avaleht\",\"item\":\"https:\/\/hobstop.ee\/lt\/\"},{\"@type\":\"ListItem\",\"position\":2,\"name\":\"Parduotuv\u0117\",\"item\":\"https:\/\/hobstop.ee\/lt\/parduotuve\/\"},{\"@type\":\"ListItem\",\"position\":3,\"name\":\"Tekstil\u0117s da\u017eai Marabu Textil Print 100ml\"}]},{\"@type\":\"WebSite\",\"@id\":\"https:\/\/hobstop.ee\/lt\/#website\",\"url\":\"https:\/\/hobstop.ee\/lt\/\",\"name\":\"Skizze\",\"description\":\"Dail\u0117s, pom\u0117gi\u0173 ir mokykliniai reikm\u0117nys\",\"publisher\":{\"@id\":\"https:\/\/hobstop.ee\/lt\/#organization\"},\"potentialAction\":[{\"@type\":\"SearchAction\",\"target\":{\"@type\":\"EntryPoint\",\"urlTemplate\":\"https:\/\/hobstop.ee\/lt\/?s={search_term_string}\"},\"query-input\":{\"@type\":\"PropertyValueSpecification\",\"valueRequired\":true,\"valueName\":\"search_term_string\"}}],\"inLanguage\":\"lt\"},{\"@type\":\"Organization\",\"@id\":\"https:\/\/hobstop.ee\/lt\/#organization\",\"name\":\"Vunder AS\",\"url\":\"https:\/\/hobstop.ee\/lt\/\",\"logo\":{\"@type\":\"ImageObject\",\"inLanguage\":\"lt\",\"@id\":\"https:\/\/hobstop.ee\/lt\/#\/schema\/logo\/image\/\",\"url\":\"https:\/\/hobstop.ee\/media\/vunder-logo.png\",\"contentUrl\":\"https:\/\/hobstop.ee\/media\/vunder-logo.png\",\"width\":127,\"height\":55,\"caption\":\"Vunder AS\"},\"image\":{\"@id\":\"https:\/\/hobstop.ee\/lt\/#\/schema\/logo\/image\/\"},\"sameAs\":[\"http:\/\/www.facebook.com\/VunderSkizze\"]}]}<\/script>\n<!-- \/ Yoast SEO plugin. -->","yoast_head_json":{"title":"Tekstil\u0117s da\u017eai Marabu Textil Print 100ml &#8211; Skizze","robots":{"index":"noindex","follow":"follow","max-snippet":"max-snippet:-1","max-image-preview":"max-image-preview:large","max-video-preview":"max-video-preview:-1"},"og_locale":"lt_LT","og_type":"article","og_title":"Tekstil\u0117s da\u017eai Marabu Textil Print 100ml &#8211; Skizze","og_description":"Ry\u0161k\u016bs, vandens pagrindu pagaminti, matiniai, \u012fsp\u016bding\u0105 \u0161velni\u0105 apdail\u0105 suteikiantys \u0161ilkografijos da\u017eai \u201eMarabu Textil Print\u201c. Da\u017eai \u201eMarabu Textil Print\u201c yra specialiai sukurti spausdinimui naudojant r\u0117m\u0105 ir linorai\u017eio technikai. Bekvapiai, atspar\u016bs \u0161viesos poveikiui, tinka \u0161viesiems ir tamsiems audiniams, kuri\u0173 sud\u0117tyje yra ne daugiau nei 20 proc. sintetinio pluo\u0161to, da\u017eyti. \u201eMarabu Textil Print\u201c yra itin l\u0117tai d\u017ei\u016bstantys ir labai klamp\u016bs (jei reikia, skieskite su vandeniu). Da\u017eai turi b\u016bti pakankamai dr\u0117gni, kad nepalikt\u0173 volelio p\u0117dsak\u0173. Tolygiai u\u017etepti be persidengim\u0173 da\u017eai u\u017etikrina puik\u0173 rezultat\u0105. I\u0161d\u017ei\u016bvusius da\u017eus ant audinio 8 minutes u\u017efiksuokite iki 150\u00b0C \u012fkaitintoje orkait\u0117je arba dekoruot\u0105 audin\u012f lyginkite 3 minutes lygintuvu nenaudodami gar\u0173. U\u017efiksavus da\u017eus, audin\u012f galima skalbti 40\u00b0C temperat\u016broje. Puikus b\u016bdas dekoruoti krep\u0161ius, pagalves ir drabu\u017eius!","og_url":"https:\/\/hobstop.ee\/lt\/produktas\/tekstiles-dazai-marabu-textil-print-100ml\/","og_site_name":"Skizze","article_publisher":"http:\/\/www.facebook.com\/VunderSkizze","og_image":[{"width":1024,"height":768,"url":"https:\/\/hobstop.ee\/media\/5018.jpg","type":"image\/jpeg"}],"twitter_card":"summary_large_image","twitter_misc":{"Est. reading time":"1 minute"},"schema":{"@context":"https:\/\/schema.org","@graph":[{"@type":"WebPage","@id":"https:\/\/hobstop.ee\/lt\/produktas\/tekstiles-dazai-marabu-textil-print-100ml\/","url":"https:\/\/hobstop.ee\/lt\/produktas\/tekstiles-dazai-marabu-textil-print-100ml\/","name":"Tekstil\u0117s da\u017eai Marabu Textil Print 100ml &#8211; Skizze","isPartOf":{"@id":"https:\/\/hobstop.ee\/lt\/#website"},"primaryImageOfPage":{"@id":"https:\/\/hobstop.ee\/lt\/produktas\/tekstiles-dazai-marabu-textil-print-100ml\/#primaryimage"},"image":{"@id":"https:\/\/hobstop.ee\/lt\/produktas\/tekstiles-dazai-marabu-textil-print-100ml\/#primaryimage"},"thumbnailUrl":"https:\/\/hobstop.ee\/media\/5018.jpg","datePublished":"2019-11-20T10:33:31+00:00","dateModified":"2019-11-20T10:33:31+00:00","breadcrumb":{"@id":"https:\/\/hobstop.ee\/lt\/produktas\/tekstiles-dazai-marabu-textil-print-100ml\/#breadcrumb"},"inLanguage":"lt","potentialAction":[{"@type":"ReadAction","target":["https:\/\/hobstop.ee\/lt\/produktas\/tekstiles-dazai-marabu-textil-print-100ml\/"]}]},{"@type":"ImageObject","inLanguage":"lt","@id":"https:\/\/hobstop.ee\/lt\/produktas\/tekstiles-dazai-marabu-textil-print-100ml\/#primaryimage","url":"https:\/\/hobstop.ee\/media\/5018.jpg","contentUrl":"https:\/\/hobstop.ee\/media\/5018.jpg","width":1024,"height":768},{"@type":"BreadcrumbList","@id":"https:\/\/hobstop.ee\/lt\/produktas\/tekstiles-dazai-marabu-textil-print-100ml\/#breadcrumb","itemListElement":[{"@type":"ListItem","position":1,"name":"Avaleht","item":"https:\/\/hobstop.ee\/lt\/"},{"@type":"ListItem","position":2,"name":"Parduotuv\u0117","item":"https:\/\/hobstop.ee\/lt\/parduotuve\/"},{"@type":"ListItem","position":3,"name":"Tekstil\u0117s da\u017eai Marabu Textil Print 100ml"}]},{"@type":"WebSite","@id":"https:\/\/hobstop.ee\/lt\/#website","url":"https:\/\/hobstop.ee\/lt\/","name":"Skizze","description":"Dail\u0117s, pom\u0117gi\u0173 ir mokykliniai reikm\u0117nys","publisher":{"@id":"https:\/\/hobstop.ee\/lt\/#organization"},"potentialAction":[{"@type":"SearchAction","target":{"@type":"EntryPoint","urlTemplate":"https:\/\/hobstop.ee\/lt\/?s={search_term_string}"},"query-input":{"@type":"PropertyValueSpecification","valueRequired":true,"valueName":"search_term_string"}}],"inLanguage":"lt"},{"@type":"Organization","@id":"https:\/\/hobstop.ee\/lt\/#organization","name":"Vunder AS","url":"https:\/\/hobstop.ee\/lt\/","logo":{"@type":"ImageObject","inLanguage":"lt","@id":"https:\/\/hobstop.ee\/lt\/#\/schema\/logo\/image\/","url":"https:\/\/hobstop.ee\/media\/vunder-logo.png","contentUrl":"https:\/\/hobstop.ee\/media\/vunder-logo.png","width":127,"height":55,"caption":"Vunder AS"},"image":{"@id":"https:\/\/hobstop.ee\/lt\/#\/schema\/logo\/image\/"},"sameAs":["http:\/\/www.facebook.com\/VunderSkizze"]}]}},"_links":{"self":[{"href":"https:\/\/hobstop.ee\/lt\/wp-json\/wp\/v2\/product\/339495","targetHints":{"allow":["GET"]}}],"collection":[{"href":"https:\/\/hobstop.ee\/lt\/wp-json\/wp\/v2\/product"}],"about":[{"href":"https:\/\/hobstop.ee\/lt\/wp-json\/wp\/v2\/types\/product"}],"replies":[{"embeddable":true,"href":"https:\/\/hobstop.ee\/lt\/wp-json\/wp\/v2\/comments?post=339495"}],"wp:featuredmedia":[{"embeddable":true,"href":"https:\/\/hobstop.ee\/lt\/wp-json\/wp\/v2\/media\/353084"}],"wp:attachment":[{"href":"https:\/\/hobstop.ee\/lt\/wp-json\/wp\/v2\/media?parent=339495"}],"wp:term":[{"taxonomy":"product_cat","embeddable":true,"href":"https:\/\/hobstop.ee\/lt\/wp-json\/wp\/v2\/product_cat?post=339495"},{"taxonomy":"product_tag","embeddable":true,"href":"https:\/\/hobstop.ee\/lt\/wp-json\/wp\/v2\/product_tag?post=339495"}],"curies":[{"name":"wp","href":"https:\/\/api.w.org\/{rel}","templated":true}]}}