{"id":339503,"date":"2019-11-20T12:33:46","date_gmt":"2019-11-20T10:33:54","guid":{"rendered":"https:\/\/sharks.ee\/vunder_2019\/product\/tekstiles-dazai-marabu-textil-neon-15ml\/"},"modified":"2019-11-20T12:33:54","modified_gmt":"2019-11-20T10:33:54","slug":"tekstiles-dazai-marabu-textil-neon-15ml","status":"publish","type":"product","link":"https:\/\/hobstop.ee\/lt\/produktas\/tekstiles-dazai-marabu-textil-neon-15ml\/","title":{"rendered":"Tekstil\u0117s da\u017eai Marabu Textil Neon 15ml"},"content":{"rendered":"<p>Fluorescensiniai, vandens pagrindu pagaminti dienos \u0161viesoje \u0161vytintys \u0161veln\u016bs intensyvaus atspalvio da\u017eai \u201eMarabu Textil Neon\u201c. Bekvapiai, atspar\u016bs seil\u0117ms ir \u0161vie\u010diantys juodoje UV \u0161viesoje. Audinys neturi b\u016bti apdorotas spec. med\u017eiagomis ar mink\u0161tikliu (ne daugiau nei 20 proc. sintetinio pluo\u0161to). I\u0161d\u017ei\u016bvusius da\u017eus ant audinio 8 minutes u\u017efiksuokite iki 150\u00b0C \u012fkaitintoje orkait\u0117je arba dekoruot\u0105 audin\u012f lyginkite 3 minutes lygintuvu nenaudodami gar\u0173. U\u017efiksavus da\u017eus, audin\u012f galima skalbti 40\u00b0C temperat\u016broje.<\/p>\n","protected":false},"excerpt":{"rendered":"<p>Fluorescensiniai, vandens pagrindu pagaminti dienos \u0161viesoje \u0161vytintys \u0161veln\u016bs intensyvaus atspalvio da\u017eai \u201eMarabu Textil Neon\u201c. Bekvapiai, atspar\u016bs seil\u0117ms ir \u0161vie\u010diantys juodoje UV \u0161viesoje. Audinys neturi b\u016bti apdorotas spec. med\u017eiagomis ar mink\u0161tikliu (ne daugiau nei 20 proc. sintetinio pluo\u0161to). I\u0161d\u017ei\u016bvusius da\u017eus ant audinio 8 minutes u\u017efiksuokite iki 150\u00b0C \u012fkaitintoje orkait\u0117je arba dekoruot\u0105 audin\u012f lyginkite 3 minutes lygintuvu nenaudodami gar\u0173. U\u017efiksavus da\u017eus, audin\u012f galima skalbti 40\u00b0C temperat\u016broje.<\/p>\n","protected":false},"featured_media":353080,"comment_status":"closed","ping_status":"closed","template":"","meta":{"_acf_changed":false,"ep_exclude_from_search":false},"product_cat":[20361],"product_tag":[],"class_list":{"0":"post-339503","1":"product","2":"type-product","3":"status-publish","4":"has-post-thumbnail","6":"product_cat-maaramata","8":"first","9":"instock","10":"taxable","11":"shipping-taxable","12":"product-type-simple"},"acf":[],"yoast_head":"<!-- This site is optimized with the Yoast SEO plugin v24.1 - https:\/\/yoast.com\/wordpress\/plugins\/seo\/ -->\n<title>Tekstil\u0117s da\u017eai Marabu Textil Neon 15ml &#8211; Skizze<\/title>\n<meta name=\"robots\" content=\"noindex, follow, max-snippet:-1, max-image-preview:large, max-video-preview:-1\" \/>\n<meta property=\"og:locale\" content=\"lt_LT\" \/>\n<meta property=\"og:type\" content=\"article\" \/>\n<meta property=\"og:title\" content=\"Tekstil\u0117s da\u017eai Marabu Textil Neon 15ml &#8211; Skizze\" \/>\n<meta property=\"og:description\" content=\"Fluorescensiniai, vandens pagrindu pagaminti dienos \u0161viesoje \u0161vytintys \u0161veln\u016bs intensyvaus atspalvio da\u017eai \u201eMarabu Textil Neon\u201c. Bekvapiai, atspar\u016bs seil\u0117ms ir \u0161vie\u010diantys juodoje UV \u0161viesoje. Audinys neturi b\u016bti apdorotas spec. med\u017eiagomis ar mink\u0161tikliu (ne daugiau nei 20 proc. sintetinio pluo\u0161to). I\u0161d\u017ei\u016bvusius da\u017eus ant audinio 8 minutes u\u017efiksuokite iki 150\u00b0C \u012fkaitintoje orkait\u0117je arba dekoruot\u0105 audin\u012f lyginkite 3 minutes lygintuvu nenaudodami gar\u0173. U\u017efiksavus da\u017eus, audin\u012f galima skalbti 40\u00b0C temperat\u016broje.\" \/>\n<meta property=\"og:url\" content=\"https:\/\/hobstop.ee\/lt\/produktas\/tekstiles-dazai-marabu-textil-neon-15ml\/\" \/>\n<meta property=\"og:site_name\" content=\"Skizze\" \/>\n<meta property=\"article:publisher\" content=\"http:\/\/www.facebook.com\/VunderSkizze\" \/>\n<meta property=\"og:image\" content=\"https:\/\/hobstop.ee\/media\/5020.jpg\" \/>\n\t<meta property=\"og:image:width\" content=\"1024\" \/>\n\t<meta property=\"og:image:height\" content=\"768\" \/>\n\t<meta property=\"og:image:type\" content=\"image\/jpeg\" \/>\n<meta name=\"twitter:card\" content=\"summary_large_image\" \/>\n<script type=\"application\/ld+json\" class=\"yoast-schema-graph\">{\"@context\":\"https:\/\/schema.org\",\"@graph\":[{\"@type\":\"WebPage\",\"@id\":\"https:\/\/hobstop.ee\/lt\/produktas\/tekstiles-dazai-marabu-textil-neon-15ml\/\",\"url\":\"https:\/\/hobstop.ee\/lt\/produktas\/tekstiles-dazai-marabu-textil-neon-15ml\/\",\"name\":\"Tekstil\u0117s da\u017eai Marabu Textil Neon 15ml &#8211; Skizze\",\"isPartOf\":{\"@id\":\"https:\/\/www.hobstop.ee\/lt\/#website\"},\"primaryImageOfPage\":{\"@id\":\"https:\/\/hobstop.ee\/lt\/produktas\/tekstiles-dazai-marabu-textil-neon-15ml\/#primaryimage\"},\"image\":{\"@id\":\"https:\/\/hobstop.ee\/lt\/produktas\/tekstiles-dazai-marabu-textil-neon-15ml\/#primaryimage\"},\"thumbnailUrl\":\"https:\/\/hobstop.ee\/media\/5020.jpg\",\"datePublished\":\"2019-11-20T10:33:54+00:00\",\"dateModified\":\"2019-11-20T10:33:54+00:00\",\"breadcrumb\":{\"@id\":\"https:\/\/hobstop.ee\/lt\/produktas\/tekstiles-dazai-marabu-textil-neon-15ml\/#breadcrumb\"},\"inLanguage\":\"lt\",\"potentialAction\":[{\"@type\":\"ReadAction\",\"target\":[\"https:\/\/hobstop.ee\/lt\/produktas\/tekstiles-dazai-marabu-textil-neon-15ml\/\"]}]},{\"@type\":\"ImageObject\",\"inLanguage\":\"lt\",\"@id\":\"https:\/\/hobstop.ee\/lt\/produktas\/tekstiles-dazai-marabu-textil-neon-15ml\/#primaryimage\",\"url\":\"https:\/\/hobstop.ee\/media\/5020.jpg\",\"contentUrl\":\"https:\/\/hobstop.ee\/media\/5020.jpg\",\"width\":1024,\"height\":768},{\"@type\":\"BreadcrumbList\",\"@id\":\"https:\/\/hobstop.ee\/lt\/produktas\/tekstiles-dazai-marabu-textil-neon-15ml\/#breadcrumb\",\"itemListElement\":[{\"@type\":\"ListItem\",\"position\":1,\"name\":\"Avaleht\",\"item\":\"https:\/\/hobstop.ee\/lt\/\"},{\"@type\":\"ListItem\",\"position\":2,\"name\":\"Parduotuv\u0117\",\"item\":\"https:\/\/www.hobstop.ee\/lt\/parduotuve\/\"},{\"@type\":\"ListItem\",\"position\":3,\"name\":\"Tekstil\u0117s da\u017eai Marabu Textil Neon 15ml\"}]},{\"@type\":\"WebSite\",\"@id\":\"https:\/\/www.hobstop.ee\/lt\/#website\",\"url\":\"https:\/\/www.hobstop.ee\/lt\/\",\"name\":\"Skizze\",\"description\":\"Dail\u0117s, pom\u0117gi\u0173 ir mokykliniai reikm\u0117nys\",\"publisher\":{\"@id\":\"https:\/\/www.hobstop.ee\/lt\/#organization\"},\"potentialAction\":[{\"@type\":\"SearchAction\",\"target\":{\"@type\":\"EntryPoint\",\"urlTemplate\":\"https:\/\/www.hobstop.ee\/lt\/?s={search_term_string}\"},\"query-input\":{\"@type\":\"PropertyValueSpecification\",\"valueRequired\":true,\"valueName\":\"search_term_string\"}}],\"inLanguage\":\"lt\"},{\"@type\":\"Organization\",\"@id\":\"https:\/\/www.hobstop.ee\/lt\/#organization\",\"name\":\"Vunder AS\",\"url\":\"https:\/\/www.hobstop.ee\/lt\/\",\"logo\":{\"@type\":\"ImageObject\",\"inLanguage\":\"lt\",\"@id\":\"https:\/\/www.hobstop.ee\/lt\/#\/schema\/logo\/image\/\",\"url\":\"https:\/\/hobstop.ee\/media\/vunder-logo.png\",\"contentUrl\":\"https:\/\/hobstop.ee\/media\/vunder-logo.png\",\"width\":127,\"height\":55,\"caption\":\"Vunder AS\"},\"image\":{\"@id\":\"https:\/\/www.hobstop.ee\/lt\/#\/schema\/logo\/image\/\"},\"sameAs\":[\"http:\/\/www.facebook.com\/VunderSkizze\"]}]}<\/script>\n<!-- \/ Yoast SEO plugin. -->","yoast_head_json":{"title":"Tekstil\u0117s da\u017eai Marabu Textil Neon 15ml &#8211; Skizze","robots":{"index":"noindex","follow":"follow","max-snippet":"max-snippet:-1","max-image-preview":"max-image-preview:large","max-video-preview":"max-video-preview:-1"},"og_locale":"lt_LT","og_type":"article","og_title":"Tekstil\u0117s da\u017eai Marabu Textil Neon 15ml &#8211; Skizze","og_description":"Fluorescensiniai, vandens pagrindu pagaminti dienos \u0161viesoje \u0161vytintys \u0161veln\u016bs intensyvaus atspalvio da\u017eai \u201eMarabu Textil Neon\u201c. Bekvapiai, atspar\u016bs seil\u0117ms ir \u0161vie\u010diantys juodoje UV \u0161viesoje. Audinys neturi b\u016bti apdorotas spec. med\u017eiagomis ar mink\u0161tikliu (ne daugiau nei 20 proc. sintetinio pluo\u0161to). I\u0161d\u017ei\u016bvusius da\u017eus ant audinio 8 minutes u\u017efiksuokite iki 150\u00b0C \u012fkaitintoje orkait\u0117je arba dekoruot\u0105 audin\u012f lyginkite 3 minutes lygintuvu nenaudodami gar\u0173. U\u017efiksavus da\u017eus, audin\u012f galima skalbti 40\u00b0C temperat\u016broje.","og_url":"https:\/\/hobstop.ee\/lt\/produktas\/tekstiles-dazai-marabu-textil-neon-15ml\/","og_site_name":"Skizze","article_publisher":"http:\/\/www.facebook.com\/VunderSkizze","og_image":[{"width":1024,"height":768,"url":"https:\/\/hobstop.ee\/media\/5020.jpg","type":"image\/jpeg"}],"twitter_card":"summary_large_image","schema":{"@context":"https:\/\/schema.org","@graph":[{"@type":"WebPage","@id":"https:\/\/hobstop.ee\/lt\/produktas\/tekstiles-dazai-marabu-textil-neon-15ml\/","url":"https:\/\/hobstop.ee\/lt\/produktas\/tekstiles-dazai-marabu-textil-neon-15ml\/","name":"Tekstil\u0117s da\u017eai Marabu Textil Neon 15ml &#8211; Skizze","isPartOf":{"@id":"https:\/\/www.hobstop.ee\/lt\/#website"},"primaryImageOfPage":{"@id":"https:\/\/hobstop.ee\/lt\/produktas\/tekstiles-dazai-marabu-textil-neon-15ml\/#primaryimage"},"image":{"@id":"https:\/\/hobstop.ee\/lt\/produktas\/tekstiles-dazai-marabu-textil-neon-15ml\/#primaryimage"},"thumbnailUrl":"https:\/\/hobstop.ee\/media\/5020.jpg","datePublished":"2019-11-20T10:33:54+00:00","dateModified":"2019-11-20T10:33:54+00:00","breadcrumb":{"@id":"https:\/\/hobstop.ee\/lt\/produktas\/tekstiles-dazai-marabu-textil-neon-15ml\/#breadcrumb"},"inLanguage":"lt","potentialAction":[{"@type":"ReadAction","target":["https:\/\/hobstop.ee\/lt\/produktas\/tekstiles-dazai-marabu-textil-neon-15ml\/"]}]},{"@type":"ImageObject","inLanguage":"lt","@id":"https:\/\/hobstop.ee\/lt\/produktas\/tekstiles-dazai-marabu-textil-neon-15ml\/#primaryimage","url":"https:\/\/hobstop.ee\/media\/5020.jpg","contentUrl":"https:\/\/hobstop.ee\/media\/5020.jpg","width":1024,"height":768},{"@type":"BreadcrumbList","@id":"https:\/\/hobstop.ee\/lt\/produktas\/tekstiles-dazai-marabu-textil-neon-15ml\/#breadcrumb","itemListElement":[{"@type":"ListItem","position":1,"name":"Avaleht","item":"https:\/\/hobstop.ee\/lt\/"},{"@type":"ListItem","position":2,"name":"Parduotuv\u0117","item":"https:\/\/www.hobstop.ee\/lt\/parduotuve\/"},{"@type":"ListItem","position":3,"name":"Tekstil\u0117s da\u017eai Marabu Textil Neon 15ml"}]},{"@type":"WebSite","@id":"https:\/\/www.hobstop.ee\/lt\/#website","url":"https:\/\/www.hobstop.ee\/lt\/","name":"Skizze","description":"Dail\u0117s, pom\u0117gi\u0173 ir mokykliniai reikm\u0117nys","publisher":{"@id":"https:\/\/www.hobstop.ee\/lt\/#organization"},"potentialAction":[{"@type":"SearchAction","target":{"@type":"EntryPoint","urlTemplate":"https:\/\/www.hobstop.ee\/lt\/?s={search_term_string}"},"query-input":{"@type":"PropertyValueSpecification","valueRequired":true,"valueName":"search_term_string"}}],"inLanguage":"lt"},{"@type":"Organization","@id":"https:\/\/www.hobstop.ee\/lt\/#organization","name":"Vunder AS","url":"https:\/\/www.hobstop.ee\/lt\/","logo":{"@type":"ImageObject","inLanguage":"lt","@id":"https:\/\/www.hobstop.ee\/lt\/#\/schema\/logo\/image\/","url":"https:\/\/hobstop.ee\/media\/vunder-logo.png","contentUrl":"https:\/\/hobstop.ee\/media\/vunder-logo.png","width":127,"height":55,"caption":"Vunder AS"},"image":{"@id":"https:\/\/www.hobstop.ee\/lt\/#\/schema\/logo\/image\/"},"sameAs":["http:\/\/www.facebook.com\/VunderSkizze"]}]}},"_links":{"self":[{"href":"https:\/\/hobstop.ee\/lt\/wp-json\/wp\/v2\/product\/339503","targetHints":{"allow":["GET"]}}],"collection":[{"href":"https:\/\/hobstop.ee\/lt\/wp-json\/wp\/v2\/product"}],"about":[{"href":"https:\/\/hobstop.ee\/lt\/wp-json\/wp\/v2\/types\/product"}],"replies":[{"embeddable":true,"href":"https:\/\/hobstop.ee\/lt\/wp-json\/wp\/v2\/comments?post=339503"}],"wp:featuredmedia":[{"embeddable":true,"href":"https:\/\/hobstop.ee\/lt\/wp-json\/wp\/v2\/media\/353080"}],"wp:attachment":[{"href":"https:\/\/hobstop.ee\/lt\/wp-json\/wp\/v2\/media?parent=339503"}],"wp:term":[{"taxonomy":"product_cat","embeddable":true,"href":"https:\/\/hobstop.ee\/lt\/wp-json\/wp\/v2\/product_cat?post=339503"},{"taxonomy":"product_tag","embeddable":true,"href":"https:\/\/hobstop.ee\/lt\/wp-json\/wp\/v2\/product_tag?post=339503"}],"curies":[{"name":"wp","href":"https:\/\/api.w.org\/{rel}","templated":true}]}}