{"id":339519,"date":"2019-11-20T12:34:37","date_gmt":"2019-11-20T10:34:50","guid":{"rendered":"https:\/\/sharks.ee\/vunder_2019\/product\/lino-spausdinimo-rinkinys-audiniams-marabu\/"},"modified":"2019-11-20T12:34:50","modified_gmt":"2019-11-20T10:34:50","slug":"lino-spausdinimo-rinkinys-audiniams-marabu","status":"publish","type":"product","link":"https:\/\/hobstop.ee\/lt\/produktas\/lino-spausdinimo-rinkinys-audiniams-marabu\/","title":{"rendered":"Lino spausdinimo rinkinys audiniams Marabu"},"content":{"rendered":"<p>Reljefinio spausdinimo rinkinys su priedais, skirtas spaudai ant tekstil\u0117s vandeniniais da\u017eais. Reljefin\u0117je spaudoje dalis spaudinio yra i\u0161kili, taigi, yra atspausdinamos i\u0161kilusios formos dalys ir pavir\u0161iai. Tai \u2013 taip vadinamas tiesiogin\u0117s spaudos procesas, t.y. spausdinimo plok\u0161t\u0117 da\u017eus tiesiogiai perkelia ant audinio. \u0160iame \u201eMarabu\u201c rinkinyje yra viskas, ko tik reikia sukurti nuostabius reljefin\u0117s spaudos k\u016brinius. Ypatingas priedas yra mink\u0161ta spausdinimo plok\u0161t\u0117, su kuria darbas ypa\u010d lengvas. Atspausdintus ra\u0161tus galima nuspalvinti tekstil\u0117s akvareliniais da\u017eais \u201eMarabu Textil Aquarelle\u201c. Vandens pagrindu pagaminti nesustand\u0117jantys da\u017eai \u201eMarabu Textil Print\u201c yra atspar\u016bs seil\u0117ms, dekoruot\u0105 audin\u012f galima skalbti 40\u00b0C. Bekvapiai, atspar\u016bs \u0161viesos poveikiui, tinka \u0161viesiems ir tamsiems audiniams, kuri\u0173 sud\u0117tyje yra ne daugiau nei 20 proc. sintetinio pluo\u0161to, da\u017eyti. I\u0161d\u017ei\u016bvusius da\u017eus ant audinio 8 minutes u\u017efiksuokite iki 150\u00b0C \u012fkaitintoje orkait\u0117je arba dekoruot\u0105 audin\u012f lyginkite 3 minutes lygintuvu nenaudodami gar\u0173. Prie\u0161 naudojim\u0105 da\u017eus i\u0161mai\u0161ykite; panaudotus \u012frankius i\u0161plaukite vandeniu.<\/p>\n<p>Rinkinyje yra:<br \/>\nDa\u017eai \u201eMarabu Textil Print\u201c 100ml (anglies juodi)<br \/>\nTekstil\u0117s vandeniniai da\u017eai, 2x15ml (rausvai raudoni, citrinos spalvos)<br \/>\nVolelis su kempine (60mm)<br \/>\nLitografijos pjoviklis su 2 a\u0161menimis (2 ir 5 dydis)<br \/>\nMink\u0161ta spausdinimo plok\u0161t\u0117 (gumin\u0117 spaudos plok\u0161t\u0117, 155x90x7mm)<br \/>\nApvalus teptukas sintetiniais plaukeliais \u201eMarabu Universal\u201c, 12 dydis<\/p>\n","protected":false},"excerpt":{"rendered":"<p>Reljefinio spausdinimo rinkinys su priedais, skirtas spaudai ant tekstil\u0117s vandeniniais da\u017eais. Reljefin\u0117je spaudoje dalis spaudinio yra i\u0161kili, taigi, yra atspausdinamos i\u0161kilusios formos dalys ir pavir\u0161iai. Tai \u2013 taip vadinamas tiesiogin\u0117s spaudos procesas, t.y. spausdinimo plok\u0161t\u0117 da\u017eus tiesiogiai perkelia ant audinio. \u0160iame \u201eMarabu\u201c rinkinyje yra viskas, ko tik reikia sukurti nuostabius reljefin\u0117s spaudos k\u016brinius. Ypatingas priedas yra mink\u0161ta spausdinimo plok\u0161t\u0117, su kuria darbas ypa\u010d lengvas. Atspausdintus ra\u0161tus galima nuspalvinti tekstil\u0117s akvareliniais da\u017eais \u201eMarabu Textil Aquarelle\u201c. Vandens pagrindu pagaminti nesustand\u0117jantys da\u017eai \u201eMarabu Textil Print\u201c yra atspar\u016bs seil\u0117ms, dekoruot\u0105 audin\u012f galima skalbti 40\u00b0C. Bekvapiai, atspar\u016bs \u0161viesos poveikiui, tinka \u0161viesiems ir tamsiems audiniams, kuri\u0173 sud\u0117tyje yra ne daugiau nei 20 proc. sintetinio pluo\u0161to, da\u017eyti. I\u0161d\u017ei\u016bvusius da\u017eus ant audinio 8 minutes u\u017efiksuokite iki 150\u00b0C \u012fkaitintoje orkait\u0117je arba dekoruot\u0105 audin\u012f lyginkite 3 minutes lygintuvu nenaudodami gar\u0173. Prie\u0161 naudojim\u0105 da\u017eus i\u0161mai\u0161ykite; panaudotus \u012frankius i\u0161plaukite vandeniu. Rinkinyje yra: Da\u017eai \u201eMarabu Textil Print\u201c 100ml (anglies juodi) Tekstil\u0117s vandeniniai da\u017eai, 2x15ml (rausvai raudoni, citrinos spalvos) Volelis su kempine (60mm) Litografijos pjoviklis su 2 a\u0161menimis (2 ir 5 dydis) Mink\u0161ta spausdinimo plok\u0161t\u0117 (gumin\u0117 spaudos plok\u0161t\u0117, 155x90x7mm) Apvalus teptukas sintetiniais plaukeliais \u201eMarabu Universal\u201c, 12 dydis<\/p>\n","protected":false},"featured_media":353100,"comment_status":"closed","ping_status":"closed","template":"","meta":{"_acf_changed":false,"ep_exclude_from_search":false},"product_cat":[20361],"product_tag":[],"class_list":{"0":"post-339519","1":"product","2":"type-product","3":"status-publish","4":"has-post-thumbnail","6":"product_cat-maaramata","8":"first","9":"instock","10":"taxable","11":"shipping-taxable","12":"product-type-simple"},"acf":[],"yoast_head":"<!-- This site is optimized with the Yoast SEO plugin v24.1 - https:\/\/yoast.com\/wordpress\/plugins\/seo\/ -->\n<title>Lino spausdinimo rinkinys audiniams Marabu &#8211; Skizze<\/title>\n<meta name=\"robots\" content=\"noindex, follow, max-snippet:-1, max-image-preview:large, max-video-preview:-1\" \/>\n<meta property=\"og:locale\" content=\"lt_LT\" \/>\n<meta property=\"og:type\" content=\"article\" \/>\n<meta property=\"og:title\" content=\"Lino spausdinimo rinkinys audiniams Marabu &#8211; Skizze\" \/>\n<meta property=\"og:description\" content=\"Reljefinio spausdinimo rinkinys su priedais, skirtas spaudai ant tekstil\u0117s vandeniniais da\u017eais. Reljefin\u0117je spaudoje dalis spaudinio yra i\u0161kili, taigi, yra atspausdinamos i\u0161kilusios formos dalys ir pavir\u0161iai. Tai \u2013 taip vadinamas tiesiogin\u0117s spaudos procesas, t.y. spausdinimo plok\u0161t\u0117 da\u017eus tiesiogiai perkelia ant audinio. \u0160iame \u201eMarabu\u201c rinkinyje yra viskas, ko tik reikia sukurti nuostabius reljefin\u0117s spaudos k\u016brinius. Ypatingas priedas yra mink\u0161ta spausdinimo plok\u0161t\u0117, su kuria darbas ypa\u010d lengvas. Atspausdintus ra\u0161tus galima nuspalvinti tekstil\u0117s akvareliniais da\u017eais \u201eMarabu Textil Aquarelle\u201c. Vandens pagrindu pagaminti nesustand\u0117jantys da\u017eai \u201eMarabu Textil Print\u201c yra atspar\u016bs seil\u0117ms, dekoruot\u0105 audin\u012f galima skalbti 40\u00b0C. Bekvapiai, atspar\u016bs \u0161viesos poveikiui, tinka \u0161viesiems ir tamsiems audiniams, kuri\u0173 sud\u0117tyje yra ne daugiau nei 20 proc. sintetinio pluo\u0161to, da\u017eyti. I\u0161d\u017ei\u016bvusius da\u017eus ant audinio 8 minutes u\u017efiksuokite iki 150\u00b0C \u012fkaitintoje orkait\u0117je arba dekoruot\u0105 audin\u012f lyginkite 3 minutes lygintuvu nenaudodami gar\u0173. Prie\u0161 naudojim\u0105 da\u017eus i\u0161mai\u0161ykite; panaudotus \u012frankius i\u0161plaukite vandeniu. Rinkinyje yra: Da\u017eai \u201eMarabu Textil Print\u201c 100ml (anglies juodi) Tekstil\u0117s vandeniniai da\u017eai, 2x15ml (rausvai raudoni, citrinos spalvos) Volelis su kempine (60mm) Litografijos pjoviklis su 2 a\u0161menimis (2 ir 5 dydis) Mink\u0161ta spausdinimo plok\u0161t\u0117 (gumin\u0117 spaudos plok\u0161t\u0117, 155x90x7mm) Apvalus teptukas sintetiniais plaukeliais \u201eMarabu Universal\u201c, 12 dydis\" \/>\n<meta property=\"og:url\" content=\"https:\/\/hobstop.ee\/lt\/produktas\/lino-spausdinimo-rinkinys-audiniams-marabu\/\" \/>\n<meta property=\"og:site_name\" content=\"Skizze\" \/>\n<meta property=\"article:publisher\" content=\"http:\/\/www.facebook.com\/VunderSkizze\" \/>\n<meta property=\"og:image\" content=\"https:\/\/hobstop.ee\/media\/5025.jpg\" \/>\n\t<meta property=\"og:image:width\" content=\"1024\" \/>\n\t<meta property=\"og:image:height\" content=\"768\" \/>\n\t<meta property=\"og:image:type\" content=\"image\/jpeg\" \/>\n<meta name=\"twitter:card\" content=\"summary_large_image\" \/>\n<meta name=\"twitter:label1\" content=\"Est. reading time\" \/>\n\t<meta name=\"twitter:data1\" content=\"1 minute\" \/>\n<script type=\"application\/ld+json\" class=\"yoast-schema-graph\">{\"@context\":\"https:\/\/schema.org\",\"@graph\":[{\"@type\":\"WebPage\",\"@id\":\"https:\/\/hobstop.ee\/lt\/produktas\/lino-spausdinimo-rinkinys-audiniams-marabu\/\",\"url\":\"https:\/\/hobstop.ee\/lt\/produktas\/lino-spausdinimo-rinkinys-audiniams-marabu\/\",\"name\":\"Lino spausdinimo rinkinys audiniams Marabu &#8211; Skizze\",\"isPartOf\":{\"@id\":\"https:\/\/www.hobstop.ee\/lt\/#website\"},\"primaryImageOfPage\":{\"@id\":\"https:\/\/hobstop.ee\/lt\/produktas\/lino-spausdinimo-rinkinys-audiniams-marabu\/#primaryimage\"},\"image\":{\"@id\":\"https:\/\/hobstop.ee\/lt\/produktas\/lino-spausdinimo-rinkinys-audiniams-marabu\/#primaryimage\"},\"thumbnailUrl\":\"https:\/\/hobstop.ee\/media\/5025.jpg\",\"datePublished\":\"2019-11-20T10:34:50+00:00\",\"dateModified\":\"2019-11-20T10:34:50+00:00\",\"breadcrumb\":{\"@id\":\"https:\/\/hobstop.ee\/lt\/produktas\/lino-spausdinimo-rinkinys-audiniams-marabu\/#breadcrumb\"},\"inLanguage\":\"lt\",\"potentialAction\":[{\"@type\":\"ReadAction\",\"target\":[\"https:\/\/hobstop.ee\/lt\/produktas\/lino-spausdinimo-rinkinys-audiniams-marabu\/\"]}]},{\"@type\":\"ImageObject\",\"inLanguage\":\"lt\",\"@id\":\"https:\/\/hobstop.ee\/lt\/produktas\/lino-spausdinimo-rinkinys-audiniams-marabu\/#primaryimage\",\"url\":\"https:\/\/hobstop.ee\/media\/5025.jpg\",\"contentUrl\":\"https:\/\/hobstop.ee\/media\/5025.jpg\",\"width\":1024,\"height\":768},{\"@type\":\"BreadcrumbList\",\"@id\":\"https:\/\/hobstop.ee\/lt\/produktas\/lino-spausdinimo-rinkinys-audiniams-marabu\/#breadcrumb\",\"itemListElement\":[{\"@type\":\"ListItem\",\"position\":1,\"name\":\"Avaleht\",\"item\":\"https:\/\/hobstop.ee\/lt\/\"},{\"@type\":\"ListItem\",\"position\":2,\"name\":\"Parduotuv\u0117\",\"item\":\"https:\/\/www.hobstop.ee\/lt\/parduotuve\/\"},{\"@type\":\"ListItem\",\"position\":3,\"name\":\"Lino spausdinimo rinkinys audiniams Marabu\"}]},{\"@type\":\"WebSite\",\"@id\":\"https:\/\/www.hobstop.ee\/lt\/#website\",\"url\":\"https:\/\/www.hobstop.ee\/lt\/\",\"name\":\"Skizze\",\"description\":\"Dail\u0117s, pom\u0117gi\u0173 ir mokykliniai reikm\u0117nys\",\"publisher\":{\"@id\":\"https:\/\/www.hobstop.ee\/lt\/#organization\"},\"potentialAction\":[{\"@type\":\"SearchAction\",\"target\":{\"@type\":\"EntryPoint\",\"urlTemplate\":\"https:\/\/www.hobstop.ee\/lt\/?s={search_term_string}\"},\"query-input\":{\"@type\":\"PropertyValueSpecification\",\"valueRequired\":true,\"valueName\":\"search_term_string\"}}],\"inLanguage\":\"lt\"},{\"@type\":\"Organization\",\"@id\":\"https:\/\/www.hobstop.ee\/lt\/#organization\",\"name\":\"Vunder AS\",\"url\":\"https:\/\/www.hobstop.ee\/lt\/\",\"logo\":{\"@type\":\"ImageObject\",\"inLanguage\":\"lt\",\"@id\":\"https:\/\/www.hobstop.ee\/lt\/#\/schema\/logo\/image\/\",\"url\":\"https:\/\/hobstop.ee\/media\/vunder-logo.png\",\"contentUrl\":\"https:\/\/hobstop.ee\/media\/vunder-logo.png\",\"width\":127,\"height\":55,\"caption\":\"Vunder AS\"},\"image\":{\"@id\":\"https:\/\/www.hobstop.ee\/lt\/#\/schema\/logo\/image\/\"},\"sameAs\":[\"http:\/\/www.facebook.com\/VunderSkizze\"]}]}<\/script>\n<!-- \/ Yoast SEO plugin. -->","yoast_head_json":{"title":"Lino spausdinimo rinkinys audiniams Marabu &#8211; Skizze","robots":{"index":"noindex","follow":"follow","max-snippet":"max-snippet:-1","max-image-preview":"max-image-preview:large","max-video-preview":"max-video-preview:-1"},"og_locale":"lt_LT","og_type":"article","og_title":"Lino spausdinimo rinkinys audiniams Marabu &#8211; Skizze","og_description":"Reljefinio spausdinimo rinkinys su priedais, skirtas spaudai ant tekstil\u0117s vandeniniais da\u017eais. Reljefin\u0117je spaudoje dalis spaudinio yra i\u0161kili, taigi, yra atspausdinamos i\u0161kilusios formos dalys ir pavir\u0161iai. Tai \u2013 taip vadinamas tiesiogin\u0117s spaudos procesas, t.y. spausdinimo plok\u0161t\u0117 da\u017eus tiesiogiai perkelia ant audinio. \u0160iame \u201eMarabu\u201c rinkinyje yra viskas, ko tik reikia sukurti nuostabius reljefin\u0117s spaudos k\u016brinius. Ypatingas priedas yra mink\u0161ta spausdinimo plok\u0161t\u0117, su kuria darbas ypa\u010d lengvas. Atspausdintus ra\u0161tus galima nuspalvinti tekstil\u0117s akvareliniais da\u017eais \u201eMarabu Textil Aquarelle\u201c. Vandens pagrindu pagaminti nesustand\u0117jantys da\u017eai \u201eMarabu Textil Print\u201c yra atspar\u016bs seil\u0117ms, dekoruot\u0105 audin\u012f galima skalbti 40\u00b0C. Bekvapiai, atspar\u016bs \u0161viesos poveikiui, tinka \u0161viesiems ir tamsiems audiniams, kuri\u0173 sud\u0117tyje yra ne daugiau nei 20 proc. sintetinio pluo\u0161to, da\u017eyti. I\u0161d\u017ei\u016bvusius da\u017eus ant audinio 8 minutes u\u017efiksuokite iki 150\u00b0C \u012fkaitintoje orkait\u0117je arba dekoruot\u0105 audin\u012f lyginkite 3 minutes lygintuvu nenaudodami gar\u0173. Prie\u0161 naudojim\u0105 da\u017eus i\u0161mai\u0161ykite; panaudotus \u012frankius i\u0161plaukite vandeniu. Rinkinyje yra: Da\u017eai \u201eMarabu Textil Print\u201c 100ml (anglies juodi) Tekstil\u0117s vandeniniai da\u017eai, 2x15ml (rausvai raudoni, citrinos spalvos) Volelis su kempine (60mm) Litografijos pjoviklis su 2 a\u0161menimis (2 ir 5 dydis) Mink\u0161ta spausdinimo plok\u0161t\u0117 (gumin\u0117 spaudos plok\u0161t\u0117, 155x90x7mm) Apvalus teptukas sintetiniais plaukeliais \u201eMarabu Universal\u201c, 12 dydis","og_url":"https:\/\/hobstop.ee\/lt\/produktas\/lino-spausdinimo-rinkinys-audiniams-marabu\/","og_site_name":"Skizze","article_publisher":"http:\/\/www.facebook.com\/VunderSkizze","og_image":[{"width":1024,"height":768,"url":"https:\/\/hobstop.ee\/media\/5025.jpg","type":"image\/jpeg"}],"twitter_card":"summary_large_image","twitter_misc":{"Est. reading time":"1 minute"},"schema":{"@context":"https:\/\/schema.org","@graph":[{"@type":"WebPage","@id":"https:\/\/hobstop.ee\/lt\/produktas\/lino-spausdinimo-rinkinys-audiniams-marabu\/","url":"https:\/\/hobstop.ee\/lt\/produktas\/lino-spausdinimo-rinkinys-audiniams-marabu\/","name":"Lino spausdinimo rinkinys audiniams Marabu &#8211; Skizze","isPartOf":{"@id":"https:\/\/www.hobstop.ee\/lt\/#website"},"primaryImageOfPage":{"@id":"https:\/\/hobstop.ee\/lt\/produktas\/lino-spausdinimo-rinkinys-audiniams-marabu\/#primaryimage"},"image":{"@id":"https:\/\/hobstop.ee\/lt\/produktas\/lino-spausdinimo-rinkinys-audiniams-marabu\/#primaryimage"},"thumbnailUrl":"https:\/\/hobstop.ee\/media\/5025.jpg","datePublished":"2019-11-20T10:34:50+00:00","dateModified":"2019-11-20T10:34:50+00:00","breadcrumb":{"@id":"https:\/\/hobstop.ee\/lt\/produktas\/lino-spausdinimo-rinkinys-audiniams-marabu\/#breadcrumb"},"inLanguage":"lt","potentialAction":[{"@type":"ReadAction","target":["https:\/\/hobstop.ee\/lt\/produktas\/lino-spausdinimo-rinkinys-audiniams-marabu\/"]}]},{"@type":"ImageObject","inLanguage":"lt","@id":"https:\/\/hobstop.ee\/lt\/produktas\/lino-spausdinimo-rinkinys-audiniams-marabu\/#primaryimage","url":"https:\/\/hobstop.ee\/media\/5025.jpg","contentUrl":"https:\/\/hobstop.ee\/media\/5025.jpg","width":1024,"height":768},{"@type":"BreadcrumbList","@id":"https:\/\/hobstop.ee\/lt\/produktas\/lino-spausdinimo-rinkinys-audiniams-marabu\/#breadcrumb","itemListElement":[{"@type":"ListItem","position":1,"name":"Avaleht","item":"https:\/\/hobstop.ee\/lt\/"},{"@type":"ListItem","position":2,"name":"Parduotuv\u0117","item":"https:\/\/www.hobstop.ee\/lt\/parduotuve\/"},{"@type":"ListItem","position":3,"name":"Lino spausdinimo rinkinys audiniams Marabu"}]},{"@type":"WebSite","@id":"https:\/\/www.hobstop.ee\/lt\/#website","url":"https:\/\/www.hobstop.ee\/lt\/","name":"Skizze","description":"Dail\u0117s, pom\u0117gi\u0173 ir mokykliniai reikm\u0117nys","publisher":{"@id":"https:\/\/www.hobstop.ee\/lt\/#organization"},"potentialAction":[{"@type":"SearchAction","target":{"@type":"EntryPoint","urlTemplate":"https:\/\/www.hobstop.ee\/lt\/?s={search_term_string}"},"query-input":{"@type":"PropertyValueSpecification","valueRequired":true,"valueName":"search_term_string"}}],"inLanguage":"lt"},{"@type":"Organization","@id":"https:\/\/www.hobstop.ee\/lt\/#organization","name":"Vunder AS","url":"https:\/\/www.hobstop.ee\/lt\/","logo":{"@type":"ImageObject","inLanguage":"lt","@id":"https:\/\/www.hobstop.ee\/lt\/#\/schema\/logo\/image\/","url":"https:\/\/hobstop.ee\/media\/vunder-logo.png","contentUrl":"https:\/\/hobstop.ee\/media\/vunder-logo.png","width":127,"height":55,"caption":"Vunder AS"},"image":{"@id":"https:\/\/www.hobstop.ee\/lt\/#\/schema\/logo\/image\/"},"sameAs":["http:\/\/www.facebook.com\/VunderSkizze"]}]}},"_links":{"self":[{"href":"https:\/\/hobstop.ee\/lt\/wp-json\/wp\/v2\/product\/339519","targetHints":{"allow":["GET"]}}],"collection":[{"href":"https:\/\/hobstop.ee\/lt\/wp-json\/wp\/v2\/product"}],"about":[{"href":"https:\/\/hobstop.ee\/lt\/wp-json\/wp\/v2\/types\/product"}],"replies":[{"embeddable":true,"href":"https:\/\/hobstop.ee\/lt\/wp-json\/wp\/v2\/comments?post=339519"}],"wp:featuredmedia":[{"embeddable":true,"href":"https:\/\/hobstop.ee\/lt\/wp-json\/wp\/v2\/media\/353100"}],"wp:attachment":[{"href":"https:\/\/hobstop.ee\/lt\/wp-json\/wp\/v2\/media?parent=339519"}],"wp:term":[{"taxonomy":"product_cat","embeddable":true,"href":"https:\/\/hobstop.ee\/lt\/wp-json\/wp\/v2\/product_cat?post=339519"},{"taxonomy":"product_tag","embeddable":true,"href":"https:\/\/hobstop.ee\/lt\/wp-json\/wp\/v2\/product_tag?post=339519"}],"curies":[{"name":"wp","href":"https:\/\/api.w.org\/{rel}","templated":true}]}}