{"id":339523,"date":"2019-11-20T12:34:54","date_gmt":"2019-11-20T10:35:05","guid":{"rendered":"https:\/\/sharks.ee\/vunder_2019\/product\/silkografijos-rinkinys-audiniams-marabu\/"},"modified":"2019-11-20T12:35:05","modified_gmt":"2019-11-20T10:35:05","slug":"silkografijos-rinkinys-audiniams-marabu","status":"publish","type":"product","link":"https:\/\/hobstop.ee\/lt\/produktas\/silkografijos-rinkinys-audiniams-marabu\/","title":{"rendered":"\u0160ilkografijos rinkinys audiniams Marabu"},"content":{"rendered":"<p>Spausdinimo rinkinys su priedais, skirtas spaudai ant tekstil\u0117s da\u017eais. \u0160ilkografija \u2013 tai spausdinimo b\u016bdas, kai spausdinimo da\u017eai ant audinio yra dengiami per smulk\u0173 tinklel\u012f. Audinio vietose, kuriose vaizdas neturi b\u016bti atspausdintas, tinklelio angos nepraleid\u017eia ra\u0161alo. Vandens pagrindu pagaminti nesustand\u0117jantys da\u017eai \u201eMarabu Textil Print\u201c yra atspar\u016bs seil\u0117ms, dekoruot\u0105 audin\u012f galima skalbti 40\u00b0C. Bekvapiai, atspar\u016bs \u0161viesos poveikiui, tinka \u0161viesiems ir tamsiems audiniams, kuri\u0173 sud\u0117tyje yra ne daugiau nei 20 proc. sintetinio pluo\u0161to, da\u017eyti. I\u0161d\u017ei\u016bvusius da\u017eus ant audinio 8 minutes u\u017efiksuokite iki 150\u00b0C \u012fkaitintoje orkait\u0117je arba dekoruot\u0105 audin\u012f lyginkite 3 minutes lygintuvu nenaudodami gar\u0173. Prie\u0161 naudojim\u0105 da\u017eus i\u0161mai\u0161ykite; panaudotus \u012frankius i\u0161plaukite vandeniu.<\/p>\n<p>Rinkinyje yra:<br \/>\nDa\u017eai \u201eMarabu Textil Print\u201c 100 ml (anglies juodi)<br \/>\nR\u0117mas (250x188mm; 51T\/130)<br \/>\nMentel\u0117 (102x73mm)<br \/>\nTapybos mentel\u0117<\/p>\n","protected":false},"excerpt":{"rendered":"<p>Spausdinimo rinkinys su priedais, skirtas spaudai ant tekstil\u0117s da\u017eais. \u0160ilkografija \u2013 tai spausdinimo b\u016bdas, kai spausdinimo da\u017eai ant audinio yra dengiami per smulk\u0173 tinklel\u012f. Audinio vietose, kuriose vaizdas neturi b\u016bti atspausdintas, tinklelio angos nepraleid\u017eia ra\u0161alo. Vandens pagrindu pagaminti nesustand\u0117jantys da\u017eai \u201eMarabu Textil Print\u201c yra atspar\u016bs seil\u0117ms, dekoruot\u0105 audin\u012f galima skalbti 40\u00b0C. Bekvapiai, atspar\u016bs \u0161viesos poveikiui, tinka \u0161viesiems ir tamsiems audiniams, kuri\u0173 sud\u0117tyje yra ne daugiau nei 20 proc. sintetinio pluo\u0161to, da\u017eyti. I\u0161d\u017ei\u016bvusius da\u017eus ant audinio 8 minutes u\u017efiksuokite iki 150\u00b0C \u012fkaitintoje orkait\u0117je arba dekoruot\u0105 audin\u012f lyginkite 3 minutes lygintuvu nenaudodami gar\u0173. Prie\u0161 naudojim\u0105 da\u017eus i\u0161mai\u0161ykite; panaudotus \u012frankius i\u0161plaukite vandeniu. Rinkinyje yra: Da\u017eai \u201eMarabu Textil Print\u201c 100 ml (anglies juodi) R\u0117mas (250x188mm; 51T\/130) Mentel\u0117 (102x73mm) Tapybos mentel\u0117<\/p>\n","protected":false},"featured_media":353104,"comment_status":"closed","ping_status":"closed","template":"","meta":{"_acf_changed":false,"ep_exclude_from_search":false},"product_cat":[20361],"product_tag":[],"class_list":{"0":"post-339523","1":"product","2":"type-product","3":"status-publish","4":"has-post-thumbnail","6":"product_cat-maaramata","8":"first","9":"instock","10":"taxable","11":"shipping-taxable","12":"product-type-simple"},"acf":[],"yoast_head":"<!-- This site is optimized with the Yoast SEO plugin v24.1 - https:\/\/yoast.com\/wordpress\/plugins\/seo\/ -->\n<title>\u0160ilkografijos rinkinys audiniams Marabu &#8211; Skizze<\/title>\n<meta name=\"robots\" content=\"noindex, follow, max-snippet:-1, max-image-preview:large, max-video-preview:-1\" \/>\n<meta property=\"og:locale\" content=\"lt_LT\" \/>\n<meta property=\"og:type\" content=\"article\" \/>\n<meta property=\"og:title\" content=\"\u0160ilkografijos rinkinys audiniams Marabu &#8211; Skizze\" \/>\n<meta property=\"og:description\" content=\"Spausdinimo rinkinys su priedais, skirtas spaudai ant tekstil\u0117s da\u017eais. \u0160ilkografija \u2013 tai spausdinimo b\u016bdas, kai spausdinimo da\u017eai ant audinio yra dengiami per smulk\u0173 tinklel\u012f. Audinio vietose, kuriose vaizdas neturi b\u016bti atspausdintas, tinklelio angos nepraleid\u017eia ra\u0161alo. Vandens pagrindu pagaminti nesustand\u0117jantys da\u017eai \u201eMarabu Textil Print\u201c yra atspar\u016bs seil\u0117ms, dekoruot\u0105 audin\u012f galima skalbti 40\u00b0C. Bekvapiai, atspar\u016bs \u0161viesos poveikiui, tinka \u0161viesiems ir tamsiems audiniams, kuri\u0173 sud\u0117tyje yra ne daugiau nei 20 proc. sintetinio pluo\u0161to, da\u017eyti. I\u0161d\u017ei\u016bvusius da\u017eus ant audinio 8 minutes u\u017efiksuokite iki 150\u00b0C \u012fkaitintoje orkait\u0117je arba dekoruot\u0105 audin\u012f lyginkite 3 minutes lygintuvu nenaudodami gar\u0173. Prie\u0161 naudojim\u0105 da\u017eus i\u0161mai\u0161ykite; panaudotus \u012frankius i\u0161plaukite vandeniu. Rinkinyje yra: Da\u017eai \u201eMarabu Textil Print\u201c 100 ml (anglies juodi) R\u0117mas (250x188mm; 51T\/130) Mentel\u0117 (102x73mm) Tapybos mentel\u0117\" \/>\n<meta property=\"og:url\" content=\"https:\/\/hobstop.ee\/lt\/produktas\/silkografijos-rinkinys-audiniams-marabu\/\" \/>\n<meta property=\"og:site_name\" content=\"Skizze\" \/>\n<meta property=\"article:publisher\" content=\"http:\/\/www.facebook.com\/VunderSkizze\" \/>\n<meta property=\"og:image\" content=\"https:\/\/hobstop.ee\/media\/5026.jpg\" \/>\n\t<meta property=\"og:image:width\" content=\"1024\" \/>\n\t<meta property=\"og:image:height\" content=\"768\" \/>\n\t<meta property=\"og:image:type\" content=\"image\/jpeg\" \/>\n<meta name=\"twitter:card\" content=\"summary_large_image\" \/>\n<meta name=\"twitter:label1\" content=\"Est. reading time\" \/>\n\t<meta name=\"twitter:data1\" content=\"1 minute\" \/>\n<script type=\"application\/ld+json\" class=\"yoast-schema-graph\">{\"@context\":\"https:\/\/schema.org\",\"@graph\":[{\"@type\":\"WebPage\",\"@id\":\"https:\/\/hobstop.ee\/lt\/produktas\/silkografijos-rinkinys-audiniams-marabu\/\",\"url\":\"https:\/\/hobstop.ee\/lt\/produktas\/silkografijos-rinkinys-audiniams-marabu\/\",\"name\":\"\u0160ilkografijos rinkinys audiniams Marabu &#8211; Skizze\",\"isPartOf\":{\"@id\":\"https:\/\/hobstop.ee\/lt\/#website\"},\"primaryImageOfPage\":{\"@id\":\"https:\/\/hobstop.ee\/lt\/produktas\/silkografijos-rinkinys-audiniams-marabu\/#primaryimage\"},\"image\":{\"@id\":\"https:\/\/hobstop.ee\/lt\/produktas\/silkografijos-rinkinys-audiniams-marabu\/#primaryimage\"},\"thumbnailUrl\":\"https:\/\/hobstop.ee\/media\/5026.jpg\",\"datePublished\":\"2019-11-20T10:35:05+00:00\",\"dateModified\":\"2019-11-20T10:35:05+00:00\",\"breadcrumb\":{\"@id\":\"https:\/\/hobstop.ee\/lt\/produktas\/silkografijos-rinkinys-audiniams-marabu\/#breadcrumb\"},\"inLanguage\":\"lt\",\"potentialAction\":[{\"@type\":\"ReadAction\",\"target\":[\"https:\/\/hobstop.ee\/lt\/produktas\/silkografijos-rinkinys-audiniams-marabu\/\"]}]},{\"@type\":\"ImageObject\",\"inLanguage\":\"lt\",\"@id\":\"https:\/\/hobstop.ee\/lt\/produktas\/silkografijos-rinkinys-audiniams-marabu\/#primaryimage\",\"url\":\"https:\/\/hobstop.ee\/media\/5026.jpg\",\"contentUrl\":\"https:\/\/hobstop.ee\/media\/5026.jpg\",\"width\":1024,\"height\":768},{\"@type\":\"BreadcrumbList\",\"@id\":\"https:\/\/hobstop.ee\/lt\/produktas\/silkografijos-rinkinys-audiniams-marabu\/#breadcrumb\",\"itemListElement\":[{\"@type\":\"ListItem\",\"position\":1,\"name\":\"Avaleht\",\"item\":\"https:\/\/hobstop.ee\/lt\/\"},{\"@type\":\"ListItem\",\"position\":2,\"name\":\"Parduotuv\u0117\",\"item\":\"https:\/\/hobstop.ee\/lt\/parduotuve\/\"},{\"@type\":\"ListItem\",\"position\":3,\"name\":\"\u0160ilkografijos rinkinys audiniams Marabu\"}]},{\"@type\":\"WebSite\",\"@id\":\"https:\/\/hobstop.ee\/lt\/#website\",\"url\":\"https:\/\/hobstop.ee\/lt\/\",\"name\":\"Skizze\",\"description\":\"Dail\u0117s, pom\u0117gi\u0173 ir mokykliniai reikm\u0117nys\",\"publisher\":{\"@id\":\"https:\/\/hobstop.ee\/lt\/#organization\"},\"potentialAction\":[{\"@type\":\"SearchAction\",\"target\":{\"@type\":\"EntryPoint\",\"urlTemplate\":\"https:\/\/hobstop.ee\/lt\/?s={search_term_string}\"},\"query-input\":{\"@type\":\"PropertyValueSpecification\",\"valueRequired\":true,\"valueName\":\"search_term_string\"}}],\"inLanguage\":\"lt\"},{\"@type\":\"Organization\",\"@id\":\"https:\/\/hobstop.ee\/lt\/#organization\",\"name\":\"Vunder AS\",\"url\":\"https:\/\/hobstop.ee\/lt\/\",\"logo\":{\"@type\":\"ImageObject\",\"inLanguage\":\"lt\",\"@id\":\"https:\/\/hobstop.ee\/lt\/#\/schema\/logo\/image\/\",\"url\":\"https:\/\/hobstop.ee\/media\/vunder-logo.png\",\"contentUrl\":\"https:\/\/hobstop.ee\/media\/vunder-logo.png\",\"width\":127,\"height\":55,\"caption\":\"Vunder AS\"},\"image\":{\"@id\":\"https:\/\/hobstop.ee\/lt\/#\/schema\/logo\/image\/\"},\"sameAs\":[\"http:\/\/www.facebook.com\/VunderSkizze\"]}]}<\/script>\n<!-- \/ Yoast SEO plugin. -->","yoast_head_json":{"title":"\u0160ilkografijos rinkinys audiniams Marabu &#8211; Skizze","robots":{"index":"noindex","follow":"follow","max-snippet":"max-snippet:-1","max-image-preview":"max-image-preview:large","max-video-preview":"max-video-preview:-1"},"og_locale":"lt_LT","og_type":"article","og_title":"\u0160ilkografijos rinkinys audiniams Marabu &#8211; Skizze","og_description":"Spausdinimo rinkinys su priedais, skirtas spaudai ant tekstil\u0117s da\u017eais. \u0160ilkografija \u2013 tai spausdinimo b\u016bdas, kai spausdinimo da\u017eai ant audinio yra dengiami per smulk\u0173 tinklel\u012f. Audinio vietose, kuriose vaizdas neturi b\u016bti atspausdintas, tinklelio angos nepraleid\u017eia ra\u0161alo. Vandens pagrindu pagaminti nesustand\u0117jantys da\u017eai \u201eMarabu Textil Print\u201c yra atspar\u016bs seil\u0117ms, dekoruot\u0105 audin\u012f galima skalbti 40\u00b0C. Bekvapiai, atspar\u016bs \u0161viesos poveikiui, tinka \u0161viesiems ir tamsiems audiniams, kuri\u0173 sud\u0117tyje yra ne daugiau nei 20 proc. sintetinio pluo\u0161to, da\u017eyti. I\u0161d\u017ei\u016bvusius da\u017eus ant audinio 8 minutes u\u017efiksuokite iki 150\u00b0C \u012fkaitintoje orkait\u0117je arba dekoruot\u0105 audin\u012f lyginkite 3 minutes lygintuvu nenaudodami gar\u0173. Prie\u0161 naudojim\u0105 da\u017eus i\u0161mai\u0161ykite; panaudotus \u012frankius i\u0161plaukite vandeniu. Rinkinyje yra: Da\u017eai \u201eMarabu Textil Print\u201c 100 ml (anglies juodi) R\u0117mas (250x188mm; 51T\/130) Mentel\u0117 (102x73mm) Tapybos mentel\u0117","og_url":"https:\/\/hobstop.ee\/lt\/produktas\/silkografijos-rinkinys-audiniams-marabu\/","og_site_name":"Skizze","article_publisher":"http:\/\/www.facebook.com\/VunderSkizze","og_image":[{"width":1024,"height":768,"url":"https:\/\/hobstop.ee\/media\/5026.jpg","type":"image\/jpeg"}],"twitter_card":"summary_large_image","twitter_misc":{"Est. reading time":"1 minute"},"schema":{"@context":"https:\/\/schema.org","@graph":[{"@type":"WebPage","@id":"https:\/\/hobstop.ee\/lt\/produktas\/silkografijos-rinkinys-audiniams-marabu\/","url":"https:\/\/hobstop.ee\/lt\/produktas\/silkografijos-rinkinys-audiniams-marabu\/","name":"\u0160ilkografijos rinkinys audiniams Marabu &#8211; Skizze","isPartOf":{"@id":"https:\/\/hobstop.ee\/lt\/#website"},"primaryImageOfPage":{"@id":"https:\/\/hobstop.ee\/lt\/produktas\/silkografijos-rinkinys-audiniams-marabu\/#primaryimage"},"image":{"@id":"https:\/\/hobstop.ee\/lt\/produktas\/silkografijos-rinkinys-audiniams-marabu\/#primaryimage"},"thumbnailUrl":"https:\/\/hobstop.ee\/media\/5026.jpg","datePublished":"2019-11-20T10:35:05+00:00","dateModified":"2019-11-20T10:35:05+00:00","breadcrumb":{"@id":"https:\/\/hobstop.ee\/lt\/produktas\/silkografijos-rinkinys-audiniams-marabu\/#breadcrumb"},"inLanguage":"lt","potentialAction":[{"@type":"ReadAction","target":["https:\/\/hobstop.ee\/lt\/produktas\/silkografijos-rinkinys-audiniams-marabu\/"]}]},{"@type":"ImageObject","inLanguage":"lt","@id":"https:\/\/hobstop.ee\/lt\/produktas\/silkografijos-rinkinys-audiniams-marabu\/#primaryimage","url":"https:\/\/hobstop.ee\/media\/5026.jpg","contentUrl":"https:\/\/hobstop.ee\/media\/5026.jpg","width":1024,"height":768},{"@type":"BreadcrumbList","@id":"https:\/\/hobstop.ee\/lt\/produktas\/silkografijos-rinkinys-audiniams-marabu\/#breadcrumb","itemListElement":[{"@type":"ListItem","position":1,"name":"Avaleht","item":"https:\/\/hobstop.ee\/lt\/"},{"@type":"ListItem","position":2,"name":"Parduotuv\u0117","item":"https:\/\/hobstop.ee\/lt\/parduotuve\/"},{"@type":"ListItem","position":3,"name":"\u0160ilkografijos rinkinys audiniams Marabu"}]},{"@type":"WebSite","@id":"https:\/\/hobstop.ee\/lt\/#website","url":"https:\/\/hobstop.ee\/lt\/","name":"Skizze","description":"Dail\u0117s, pom\u0117gi\u0173 ir mokykliniai reikm\u0117nys","publisher":{"@id":"https:\/\/hobstop.ee\/lt\/#organization"},"potentialAction":[{"@type":"SearchAction","target":{"@type":"EntryPoint","urlTemplate":"https:\/\/hobstop.ee\/lt\/?s={search_term_string}"},"query-input":{"@type":"PropertyValueSpecification","valueRequired":true,"valueName":"search_term_string"}}],"inLanguage":"lt"},{"@type":"Organization","@id":"https:\/\/hobstop.ee\/lt\/#organization","name":"Vunder AS","url":"https:\/\/hobstop.ee\/lt\/","logo":{"@type":"ImageObject","inLanguage":"lt","@id":"https:\/\/hobstop.ee\/lt\/#\/schema\/logo\/image\/","url":"https:\/\/hobstop.ee\/media\/vunder-logo.png","contentUrl":"https:\/\/hobstop.ee\/media\/vunder-logo.png","width":127,"height":55,"caption":"Vunder AS"},"image":{"@id":"https:\/\/hobstop.ee\/lt\/#\/schema\/logo\/image\/"},"sameAs":["http:\/\/www.facebook.com\/VunderSkizze"]}]}},"_links":{"self":[{"href":"https:\/\/hobstop.ee\/lt\/wp-json\/wp\/v2\/product\/339523","targetHints":{"allow":["GET"]}}],"collection":[{"href":"https:\/\/hobstop.ee\/lt\/wp-json\/wp\/v2\/product"}],"about":[{"href":"https:\/\/hobstop.ee\/lt\/wp-json\/wp\/v2\/types\/product"}],"replies":[{"embeddable":true,"href":"https:\/\/hobstop.ee\/lt\/wp-json\/wp\/v2\/comments?post=339523"}],"wp:featuredmedia":[{"embeddable":true,"href":"https:\/\/hobstop.ee\/lt\/wp-json\/wp\/v2\/media\/353104"}],"wp:attachment":[{"href":"https:\/\/hobstop.ee\/lt\/wp-json\/wp\/v2\/media?parent=339523"}],"wp:term":[{"taxonomy":"product_cat","embeddable":true,"href":"https:\/\/hobstop.ee\/lt\/wp-json\/wp\/v2\/product_cat?post=339523"},{"taxonomy":"product_tag","embeddable":true,"href":"https:\/\/hobstop.ee\/lt\/wp-json\/wp\/v2\/product_tag?post=339523"}],"curies":[{"name":"wp","href":"https:\/\/api.w.org\/{rel}","templated":true}]}}