{"id":339527,"date":"2019-11-20T12:35:10","date_gmt":"2019-11-20T10:35:21","guid":{"rendered":"https:\/\/sharks.ee\/vunder_2019\/product\/perkelimo-ant-tekstiles-priedu-rinkinys-marabu\/"},"modified":"2019-11-20T12:35:21","modified_gmt":"2019-11-20T10:35:21","slug":"perkelimo-ant-tekstiles-priedu-rinkinys-marabu","status":"publish","type":"product","link":"https:\/\/hobstop.ee\/lt\/produktas\/perkelimo-ant-tekstiles-priedu-rinkinys-marabu\/","title":{"rendered":"Perk\u0117limo ant tekstil\u0117s pried\u0173 rinkinys Marabu"},"content":{"rendered":"<p>Lazeriniu spausdintuvu spausdint\u0173 spaudini\u0173 perk\u0117limas ant audinio. Tirpiklio pagrindu pagamintos skaidrios perk\u0117limo priemon\u0117s \u201eMarabu Textil Transfer\u201c ir hermetiko \u201eMarabu Texil Protect\u201c derinys yra greitai d\u017ei\u016bstantis ir malonus liesti \u2013 i\u0161 ties\u0173 \u012fsp\u016bdingas. Tinka \u0161viesiems audiniams, kuri\u0173 sud\u0117tyje yra ne daugiau nei 20 proc. sintetinio pluo\u0161to dekoruoti. U\u017etep\u0119 hermetiko ir palauk\u0119, kol jis i\u0161d\u017eius, da\u017eus ant audinio 8 minutes u\u017efiksuokite iki 150\u00b0C \u012fkaitintoje orkait\u0117je arba dekoruot\u0105 audin\u012f lyginkite 3 minutes lygintuvu nenaudodami gar\u0173. Puikiai tinka dekoruoti drabu\u017eius arba nam\u0173 apyvokos daiktus.<\/p>\n<p>Rinkinyje yra:<br \/>\nPriemon\u0117 \u201eMarabu Textil Transfer\u201c, 50ml<br \/>\nPriemon\u0117 \u201eMarabu Textil Protect\u201c, 50ml<br \/>\nPlok\u0161\u010dias teptukas sintetiniais plaukeliais \u201eMarabu Decoration&#038;Hobby\u201c, 16 dydis<br \/>\nMentel\u0117 (102x73mm)<\/p>\n","protected":false},"excerpt":{"rendered":"<p>Lazeriniu spausdintuvu spausdint\u0173 spaudini\u0173 perk\u0117limas ant audinio. Tirpiklio pagrindu pagamintos skaidrios perk\u0117limo priemon\u0117s \u201eMarabu Textil Transfer\u201c ir hermetiko \u201eMarabu Texil Protect\u201c derinys yra greitai d\u017ei\u016bstantis ir malonus liesti \u2013 i\u0161 ties\u0173 \u012fsp\u016bdingas. Tinka \u0161viesiems audiniams, kuri\u0173 sud\u0117tyje yra ne daugiau nei 20 proc. sintetinio pluo\u0161to dekoruoti. U\u017etep\u0119 hermetiko ir palauk\u0119, kol jis i\u0161d\u017eius, da\u017eus ant audinio 8 minutes u\u017efiksuokite iki 150\u00b0C \u012fkaitintoje orkait\u0117je arba dekoruot\u0105 audin\u012f lyginkite 3 minutes lygintuvu nenaudodami gar\u0173. Puikiai tinka dekoruoti drabu\u017eius arba nam\u0173 apyvokos daiktus. Rinkinyje yra: Priemon\u0117 \u201eMarabu Textil Transfer\u201c, 50ml Priemon\u0117 \u201eMarabu Textil Protect\u201c, 50ml Plok\u0161\u010dias teptukas sintetiniais plaukeliais \u201eMarabu Decoration&#038;Hobby\u201c, 16 dydis Mentel\u0117 (102x73mm)<\/p>\n","protected":false},"featured_media":353108,"comment_status":"closed","ping_status":"closed","template":"","meta":{"_acf_changed":false,"ep_exclude_from_search":false},"product_cat":[20361],"product_tag":[],"class_list":{"0":"post-339527","1":"product","2":"type-product","3":"status-publish","4":"has-post-thumbnail","6":"product_cat-maaramata","8":"first","9":"instock","10":"taxable","11":"shipping-taxable","12":"product-type-simple"},"acf":[],"yoast_head":"<!-- This site is optimized with the Yoast SEO plugin v24.1 - https:\/\/yoast.com\/wordpress\/plugins\/seo\/ -->\n<title>Perk\u0117limo ant tekstil\u0117s pried\u0173 rinkinys Marabu &#8211; Skizze<\/title>\n<meta name=\"robots\" content=\"noindex, follow, max-snippet:-1, max-image-preview:large, max-video-preview:-1\" \/>\n<meta property=\"og:locale\" content=\"lt_LT\" \/>\n<meta property=\"og:type\" content=\"article\" \/>\n<meta property=\"og:title\" content=\"Perk\u0117limo ant tekstil\u0117s pried\u0173 rinkinys Marabu &#8211; Skizze\" \/>\n<meta property=\"og:description\" content=\"Lazeriniu spausdintuvu spausdint\u0173 spaudini\u0173 perk\u0117limas ant audinio. Tirpiklio pagrindu pagamintos skaidrios perk\u0117limo priemon\u0117s \u201eMarabu Textil Transfer\u201c ir hermetiko \u201eMarabu Texil Protect\u201c derinys yra greitai d\u017ei\u016bstantis ir malonus liesti \u2013 i\u0161 ties\u0173 \u012fsp\u016bdingas. Tinka \u0161viesiems audiniams, kuri\u0173 sud\u0117tyje yra ne daugiau nei 20 proc. sintetinio pluo\u0161to dekoruoti. U\u017etep\u0119 hermetiko ir palauk\u0119, kol jis i\u0161d\u017eius, da\u017eus ant audinio 8 minutes u\u017efiksuokite iki 150\u00b0C \u012fkaitintoje orkait\u0117je arba dekoruot\u0105 audin\u012f lyginkite 3 minutes lygintuvu nenaudodami gar\u0173. Puikiai tinka dekoruoti drabu\u017eius arba nam\u0173 apyvokos daiktus. Rinkinyje yra: Priemon\u0117 \u201eMarabu Textil Transfer\u201c, 50ml Priemon\u0117 \u201eMarabu Textil Protect\u201c, 50ml Plok\u0161\u010dias teptukas sintetiniais plaukeliais \u201eMarabu Decoration&#038;Hobby\u201c, 16 dydis Mentel\u0117 (102x73mm)\" \/>\n<meta property=\"og:url\" content=\"https:\/\/hobstop.ee\/lt\/produktas\/perkelimo-ant-tekstiles-priedu-rinkinys-marabu\/\" \/>\n<meta property=\"og:site_name\" content=\"Skizze\" \/>\n<meta property=\"article:publisher\" content=\"http:\/\/www.facebook.com\/VunderSkizze\" \/>\n<meta property=\"og:image\" content=\"https:\/\/hobstop.ee\/media\/5028.jpg\" \/>\n\t<meta property=\"og:image:width\" content=\"1024\" \/>\n\t<meta property=\"og:image:height\" content=\"768\" \/>\n\t<meta property=\"og:image:type\" content=\"image\/jpeg\" \/>\n<meta name=\"twitter:card\" content=\"summary_large_image\" \/>\n<meta name=\"twitter:label1\" content=\"Est. reading time\" \/>\n\t<meta name=\"twitter:data1\" content=\"1 minute\" \/>\n<script type=\"application\/ld+json\" class=\"yoast-schema-graph\">{\"@context\":\"https:\/\/schema.org\",\"@graph\":[{\"@type\":\"WebPage\",\"@id\":\"https:\/\/hobstop.ee\/lt\/produktas\/perkelimo-ant-tekstiles-priedu-rinkinys-marabu\/\",\"url\":\"https:\/\/hobstop.ee\/lt\/produktas\/perkelimo-ant-tekstiles-priedu-rinkinys-marabu\/\",\"name\":\"Perk\u0117limo ant tekstil\u0117s pried\u0173 rinkinys Marabu &#8211; Skizze\",\"isPartOf\":{\"@id\":\"https:\/\/www.hobstop.ee\/lt\/#website\"},\"primaryImageOfPage\":{\"@id\":\"https:\/\/hobstop.ee\/lt\/produktas\/perkelimo-ant-tekstiles-priedu-rinkinys-marabu\/#primaryimage\"},\"image\":{\"@id\":\"https:\/\/hobstop.ee\/lt\/produktas\/perkelimo-ant-tekstiles-priedu-rinkinys-marabu\/#primaryimage\"},\"thumbnailUrl\":\"https:\/\/hobstop.ee\/media\/5028.jpg\",\"datePublished\":\"2019-11-20T10:35:21+00:00\",\"dateModified\":\"2019-11-20T10:35:21+00:00\",\"breadcrumb\":{\"@id\":\"https:\/\/hobstop.ee\/lt\/produktas\/perkelimo-ant-tekstiles-priedu-rinkinys-marabu\/#breadcrumb\"},\"inLanguage\":\"lt\",\"potentialAction\":[{\"@type\":\"ReadAction\",\"target\":[\"https:\/\/hobstop.ee\/lt\/produktas\/perkelimo-ant-tekstiles-priedu-rinkinys-marabu\/\"]}]},{\"@type\":\"ImageObject\",\"inLanguage\":\"lt\",\"@id\":\"https:\/\/hobstop.ee\/lt\/produktas\/perkelimo-ant-tekstiles-priedu-rinkinys-marabu\/#primaryimage\",\"url\":\"https:\/\/hobstop.ee\/media\/5028.jpg\",\"contentUrl\":\"https:\/\/hobstop.ee\/media\/5028.jpg\",\"width\":1024,\"height\":768},{\"@type\":\"BreadcrumbList\",\"@id\":\"https:\/\/hobstop.ee\/lt\/produktas\/perkelimo-ant-tekstiles-priedu-rinkinys-marabu\/#breadcrumb\",\"itemListElement\":[{\"@type\":\"ListItem\",\"position\":1,\"name\":\"Avaleht\",\"item\":\"https:\/\/hobstop.ee\/lt\/\"},{\"@type\":\"ListItem\",\"position\":2,\"name\":\"Parduotuv\u0117\",\"item\":\"https:\/\/www.hobstop.ee\/lt\/parduotuve\/\"},{\"@type\":\"ListItem\",\"position\":3,\"name\":\"Perk\u0117limo ant tekstil\u0117s pried\u0173 rinkinys Marabu\"}]},{\"@type\":\"WebSite\",\"@id\":\"https:\/\/www.hobstop.ee\/lt\/#website\",\"url\":\"https:\/\/www.hobstop.ee\/lt\/\",\"name\":\"Skizze\",\"description\":\"Dail\u0117s, pom\u0117gi\u0173 ir mokykliniai reikm\u0117nys\",\"publisher\":{\"@id\":\"https:\/\/www.hobstop.ee\/lt\/#organization\"},\"potentialAction\":[{\"@type\":\"SearchAction\",\"target\":{\"@type\":\"EntryPoint\",\"urlTemplate\":\"https:\/\/www.hobstop.ee\/lt\/?s={search_term_string}\"},\"query-input\":{\"@type\":\"PropertyValueSpecification\",\"valueRequired\":true,\"valueName\":\"search_term_string\"}}],\"inLanguage\":\"lt\"},{\"@type\":\"Organization\",\"@id\":\"https:\/\/www.hobstop.ee\/lt\/#organization\",\"name\":\"Vunder AS\",\"url\":\"https:\/\/www.hobstop.ee\/lt\/\",\"logo\":{\"@type\":\"ImageObject\",\"inLanguage\":\"lt\",\"@id\":\"https:\/\/www.hobstop.ee\/lt\/#\/schema\/logo\/image\/\",\"url\":\"https:\/\/hobstop.ee\/media\/vunder-logo.png\",\"contentUrl\":\"https:\/\/hobstop.ee\/media\/vunder-logo.png\",\"width\":127,\"height\":55,\"caption\":\"Vunder AS\"},\"image\":{\"@id\":\"https:\/\/www.hobstop.ee\/lt\/#\/schema\/logo\/image\/\"},\"sameAs\":[\"http:\/\/www.facebook.com\/VunderSkizze\"]}]}<\/script>\n<!-- \/ Yoast SEO plugin. -->","yoast_head_json":{"title":"Perk\u0117limo ant tekstil\u0117s pried\u0173 rinkinys Marabu &#8211; Skizze","robots":{"index":"noindex","follow":"follow","max-snippet":"max-snippet:-1","max-image-preview":"max-image-preview:large","max-video-preview":"max-video-preview:-1"},"og_locale":"lt_LT","og_type":"article","og_title":"Perk\u0117limo ant tekstil\u0117s pried\u0173 rinkinys Marabu &#8211; Skizze","og_description":"Lazeriniu spausdintuvu spausdint\u0173 spaudini\u0173 perk\u0117limas ant audinio. Tirpiklio pagrindu pagamintos skaidrios perk\u0117limo priemon\u0117s \u201eMarabu Textil Transfer\u201c ir hermetiko \u201eMarabu Texil Protect\u201c derinys yra greitai d\u017ei\u016bstantis ir malonus liesti \u2013 i\u0161 ties\u0173 \u012fsp\u016bdingas. Tinka \u0161viesiems audiniams, kuri\u0173 sud\u0117tyje yra ne daugiau nei 20 proc. sintetinio pluo\u0161to dekoruoti. U\u017etep\u0119 hermetiko ir palauk\u0119, kol jis i\u0161d\u017eius, da\u017eus ant audinio 8 minutes u\u017efiksuokite iki 150\u00b0C \u012fkaitintoje orkait\u0117je arba dekoruot\u0105 audin\u012f lyginkite 3 minutes lygintuvu nenaudodami gar\u0173. Puikiai tinka dekoruoti drabu\u017eius arba nam\u0173 apyvokos daiktus. Rinkinyje yra: Priemon\u0117 \u201eMarabu Textil Transfer\u201c, 50ml Priemon\u0117 \u201eMarabu Textil Protect\u201c, 50ml Plok\u0161\u010dias teptukas sintetiniais plaukeliais \u201eMarabu Decoration&#038;Hobby\u201c, 16 dydis Mentel\u0117 (102x73mm)","og_url":"https:\/\/hobstop.ee\/lt\/produktas\/perkelimo-ant-tekstiles-priedu-rinkinys-marabu\/","og_site_name":"Skizze","article_publisher":"http:\/\/www.facebook.com\/VunderSkizze","og_image":[{"width":1024,"height":768,"url":"https:\/\/hobstop.ee\/media\/5028.jpg","type":"image\/jpeg"}],"twitter_card":"summary_large_image","twitter_misc":{"Est. reading time":"1 minute"},"schema":{"@context":"https:\/\/schema.org","@graph":[{"@type":"WebPage","@id":"https:\/\/hobstop.ee\/lt\/produktas\/perkelimo-ant-tekstiles-priedu-rinkinys-marabu\/","url":"https:\/\/hobstop.ee\/lt\/produktas\/perkelimo-ant-tekstiles-priedu-rinkinys-marabu\/","name":"Perk\u0117limo ant tekstil\u0117s pried\u0173 rinkinys Marabu &#8211; Skizze","isPartOf":{"@id":"https:\/\/www.hobstop.ee\/lt\/#website"},"primaryImageOfPage":{"@id":"https:\/\/hobstop.ee\/lt\/produktas\/perkelimo-ant-tekstiles-priedu-rinkinys-marabu\/#primaryimage"},"image":{"@id":"https:\/\/hobstop.ee\/lt\/produktas\/perkelimo-ant-tekstiles-priedu-rinkinys-marabu\/#primaryimage"},"thumbnailUrl":"https:\/\/hobstop.ee\/media\/5028.jpg","datePublished":"2019-11-20T10:35:21+00:00","dateModified":"2019-11-20T10:35:21+00:00","breadcrumb":{"@id":"https:\/\/hobstop.ee\/lt\/produktas\/perkelimo-ant-tekstiles-priedu-rinkinys-marabu\/#breadcrumb"},"inLanguage":"lt","potentialAction":[{"@type":"ReadAction","target":["https:\/\/hobstop.ee\/lt\/produktas\/perkelimo-ant-tekstiles-priedu-rinkinys-marabu\/"]}]},{"@type":"ImageObject","inLanguage":"lt","@id":"https:\/\/hobstop.ee\/lt\/produktas\/perkelimo-ant-tekstiles-priedu-rinkinys-marabu\/#primaryimage","url":"https:\/\/hobstop.ee\/media\/5028.jpg","contentUrl":"https:\/\/hobstop.ee\/media\/5028.jpg","width":1024,"height":768},{"@type":"BreadcrumbList","@id":"https:\/\/hobstop.ee\/lt\/produktas\/perkelimo-ant-tekstiles-priedu-rinkinys-marabu\/#breadcrumb","itemListElement":[{"@type":"ListItem","position":1,"name":"Avaleht","item":"https:\/\/hobstop.ee\/lt\/"},{"@type":"ListItem","position":2,"name":"Parduotuv\u0117","item":"https:\/\/www.hobstop.ee\/lt\/parduotuve\/"},{"@type":"ListItem","position":3,"name":"Perk\u0117limo ant tekstil\u0117s pried\u0173 rinkinys Marabu"}]},{"@type":"WebSite","@id":"https:\/\/www.hobstop.ee\/lt\/#website","url":"https:\/\/www.hobstop.ee\/lt\/","name":"Skizze","description":"Dail\u0117s, pom\u0117gi\u0173 ir mokykliniai reikm\u0117nys","publisher":{"@id":"https:\/\/www.hobstop.ee\/lt\/#organization"},"potentialAction":[{"@type":"SearchAction","target":{"@type":"EntryPoint","urlTemplate":"https:\/\/www.hobstop.ee\/lt\/?s={search_term_string}"},"query-input":{"@type":"PropertyValueSpecification","valueRequired":true,"valueName":"search_term_string"}}],"inLanguage":"lt"},{"@type":"Organization","@id":"https:\/\/www.hobstop.ee\/lt\/#organization","name":"Vunder AS","url":"https:\/\/www.hobstop.ee\/lt\/","logo":{"@type":"ImageObject","inLanguage":"lt","@id":"https:\/\/www.hobstop.ee\/lt\/#\/schema\/logo\/image\/","url":"https:\/\/hobstop.ee\/media\/vunder-logo.png","contentUrl":"https:\/\/hobstop.ee\/media\/vunder-logo.png","width":127,"height":55,"caption":"Vunder AS"},"image":{"@id":"https:\/\/www.hobstop.ee\/lt\/#\/schema\/logo\/image\/"},"sameAs":["http:\/\/www.facebook.com\/VunderSkizze"]}]}},"_links":{"self":[{"href":"https:\/\/hobstop.ee\/lt\/wp-json\/wp\/v2\/product\/339527","targetHints":{"allow":["GET"]}}],"collection":[{"href":"https:\/\/hobstop.ee\/lt\/wp-json\/wp\/v2\/product"}],"about":[{"href":"https:\/\/hobstop.ee\/lt\/wp-json\/wp\/v2\/types\/product"}],"replies":[{"embeddable":true,"href":"https:\/\/hobstop.ee\/lt\/wp-json\/wp\/v2\/comments?post=339527"}],"wp:featuredmedia":[{"embeddable":true,"href":"https:\/\/hobstop.ee\/lt\/wp-json\/wp\/v2\/media\/353108"}],"wp:attachment":[{"href":"https:\/\/hobstop.ee\/lt\/wp-json\/wp\/v2\/media?parent=339527"}],"wp:term":[{"taxonomy":"product_cat","embeddable":true,"href":"https:\/\/hobstop.ee\/lt\/wp-json\/wp\/v2\/product_cat?post=339527"},{"taxonomy":"product_tag","embeddable":true,"href":"https:\/\/hobstop.ee\/lt\/wp-json\/wp\/v2\/product_tag?post=339527"}],"curies":[{"name":"wp","href":"https:\/\/api.w.org\/{rel}","templated":true}]}}