{"id":339559,"date":"2019-11-20T12:39:50","date_gmt":"2019-11-20T10:39:55","guid":{"rendered":"https:\/\/sharks.ee\/vunder_2019\/product\/lakas-akriliniams-dazams-liquitex-high-gloss\/"},"modified":"2019-11-20T12:39:55","modified_gmt":"2019-11-20T10:39:55","slug":"lakas-akriliniams-dazams-liquitex-high-gloss","status":"publish","type":"product","link":"https:\/\/hobstop.ee\/lt\/produktas\/lakas-akriliniams-dazams-liquitex-high-gloss\/","title":{"rendered":"Lakas akriliniams da\u017eams Liquitex high gloss"},"content":{"rendered":"<p>Savo akriliniais da\u017eais nutapyt\u0105 paveiksl\u0105 padenkite permatomu, itin blizgiu, orui laid\u017eiu, patvariu ir nuo UV spinduli\u0173 saugan\u010diu akriliniu laku \u201eLiquitex High Gloss Varnish\u201c. Gryno akrilo polimero lakas suteiks k\u016briniui blizgesio, j\u012f apsaugos ir neleis kauptis purvui. I\u0161d\u017ei\u016bv\u0119s lakas tampa nelipnus, kietas ir suteikia darbui patvarumo, tod\u0117l puikiai tinka transportuojamiems ir parodose eksponuojamiems darbams dengti. Jis taip pat i\u0161lygina pavir\u0161iaus blizges\u012f, i\u0161ry\u0161kina ir pasodrina spalvas. Lakas \u201eLiquitex High Gloss Varnish\u201c apsaugo da\u017eus nuo kenksmingo UV spinduli\u0173 poveikio bei dr\u0117gm\u0117s, kar\u0161\u010dio ir UV spinduli\u0173 sukelt\u0173 spalv\u0173 pakitimo (geltonumo ir miglumo). Turi puikias dengiam\u0105sias savybes (nelieka teptuko pot\u0117pi\u0173). Priklausomai nuo substrato, leid\u017eia prasiskverbti pavir\u0161iaus dr\u0117gmei ir kv\u0117puoti. Dr\u0117gnas yra pusiau matinis, i\u0161d\u017ei\u016bv\u0119s tampa blizgus.<\/p>\n<p>Naudojimas:<br \/>\n&#8211; Lakas yra ilgalaikis, tod\u0117l pirmiausia i\u0161bandykite j\u012f ant bandinio.<br \/>\n&#8211; Prie\u0161 lakuodami \u012fsitikinkite, kad paveikslo pavir\u0161ius yra visi\u0161kai sausas (priklausomai nuo da\u017e\u0173 storio, d\u017ei\u016bsta nuo 72 valand\u0173 iki dviej\u0173 savai\u010di\u0173).<br \/>\n&#8211; \u012esitikinkite, kad patalpa yra gerai v\u0117dinama, \u0161vari ir nedulk\u0117ta.<br \/>\n&#8211; Paveiksl\u0105 pad\u0117kite ant lygaus pavir\u0161iaus, visada lakuokite horizontalioje pad\u0117tyje.<br \/>\n&#8211; Prie\u0161 naudojim\u0105 \u0161velniai i\u0161mai\u0161ykite.<br \/>\n&#8211; Lakuokite ilgais, vienodais pot\u0117piais, pavir\u0161i\u0173 denkite nuo vir\u0161aus \u012f apa\u010di\u0105 i\u0161 vienos pus\u0117s \u012f kit\u0105; nelakuokite laku nepadengt\u0173 viet\u0173 \u2013 palaukite, kol lako sluoksnis nud\u017eius ir tada nulakuokite dar kart\u0105.<br \/>\n&#8211; Lakuodami \u017ei\u016br\u0117kite, kad nesusidaryt\u0173 oro burbuliuk\u0173, pasteb\u0117j\u0119 juos nedelsdami i\u0161lyginkite pavir\u0161i\u0173.<br \/>\n&#8211; Lakuokite ne daugiau kaip trimis plonais sluoksniais, prie\u0161 lakuodami nauj\u0105 sluoksn\u012f, palaukite bent tris valandas.<\/p>\n<p>Netinkamas naudojimas:<br \/>\n&#8211; Lako per daug nesuplakite ir netepkite per smarkiai, nes ant pavir\u0161iaus gali susidaryti burbuliuk\u0173, o i\u0161d\u017ei\u016bv\u0119s paveikslas atrodys nery\u0161kus ir miglotas.<br \/>\n&#8211; Nedenkite voleliu arba teptuku su kempin\u0117le.<br \/>\n&#8211; Neskieskite vandeniu.<br \/>\n&#8211; Nelakuokite storu sluoksniu, bet keliais plonais, kad nelikt\u0173 teptuko pot\u0117pi\u0173, nutek\u0117jusi\u0173 la\u0161\u0173 ir miglotumo.<br \/>\n&#8211; Nelakuokite jau kart\u0105 laku padengt\u0173 ir dar nei\u0161d\u017ei\u016bvusi\u0173 viet\u0173, nes darbas atrodys blankus.<br \/>\n&#8211; Nulakuoto pavir\u0161iaus nevalykite.<br \/>\n&#8211; Lakuokite tik akriliniais da\u017eais tapytus darbus.<\/p>\n","protected":false},"excerpt":{"rendered":"<p>Savo akriliniais da\u017eais nutapyt\u0105 paveiksl\u0105 padenkite permatomu, itin blizgiu, orui laid\u017eiu, patvariu ir nuo UV spinduli\u0173 saugan\u010diu akriliniu laku \u201eLiquitex High Gloss Varnish\u201c. Gryno akrilo polimero lakas suteiks k\u016briniui blizgesio, j\u012f apsaugos ir neleis kauptis purvui. I\u0161d\u017ei\u016bv\u0119s lakas tampa nelipnus, kietas ir suteikia darbui patvarumo, tod\u0117l puikiai tinka transportuojamiems ir parodose eksponuojamiems darbams dengti. Jis taip pat i\u0161lygina pavir\u0161iaus blizges\u012f, i\u0161ry\u0161kina ir pasodrina spalvas. Lakas \u201eLiquitex High Gloss Varnish\u201c apsaugo da\u017eus nuo kenksmingo UV spinduli\u0173 poveikio bei dr\u0117gm\u0117s, kar\u0161\u010dio ir UV spinduli\u0173 sukelt\u0173 spalv\u0173 pakitimo (geltonumo ir miglumo). Turi puikias dengiam\u0105sias savybes (nelieka teptuko pot\u0117pi\u0173). Priklausomai nuo substrato, leid\u017eia prasiskverbti pavir\u0161iaus dr\u0117gmei ir kv\u0117puoti. Dr\u0117gnas yra pusiau matinis, i\u0161d\u017ei\u016bv\u0119s tampa blizgus. Naudojimas: &#8211; Lakas yra ilgalaikis, tod\u0117l pirmiausia i\u0161bandykite j\u012f ant bandinio. &#8211; Prie\u0161 lakuodami \u012fsitikinkite, kad paveikslo pavir\u0161ius yra visi\u0161kai sausas (priklausomai nuo da\u017e\u0173 storio, d\u017ei\u016bsta nuo 72 valand\u0173 iki dviej\u0173 savai\u010di\u0173). &#8211; \u012esitikinkite, kad patalpa yra gerai v\u0117dinama, \u0161vari ir nedulk\u0117ta. &#8211; Paveiksl\u0105 pad\u0117kite ant lygaus pavir\u0161iaus, visada lakuokite horizontalioje pad\u0117tyje. &#8211; Prie\u0161 naudojim\u0105 \u0161velniai i\u0161mai\u0161ykite. &#8211; Lakuokite ilgais, vienodais pot\u0117piais, pavir\u0161i\u0173 denkite nuo vir\u0161aus \u012f apa\u010di\u0105 i\u0161 vienos pus\u0117s \u012f kit\u0105; nelakuokite laku nepadengt\u0173 viet\u0173 \u2013 palaukite, kol lako sluoksnis nud\u017eius ir tada nulakuokite dar kart\u0105. &#8211; &hellip; <a href=\"https:\/\/hobstop.ee\/lt\/produktas\/lakas-akriliniams-dazams-liquitex-high-gloss\/\">T\u0119sinys<\/a><\/p>\n","protected":false},"featured_media":353792,"comment_status":"closed","ping_status":"closed","template":"","meta":{"_acf_changed":false,"ep_exclude_from_search":false},"product_cat":[20361],"product_tag":[],"class_list":{"0":"post-339559","1":"product","2":"type-product","3":"status-publish","4":"has-post-thumbnail","6":"product_cat-maaramata","8":"first","9":"instock","10":"taxable","11":"shipping-taxable","12":"product-type-simple"},"acf":[],"yoast_head":"<!-- This site is optimized with the Yoast SEO plugin v24.1 - https:\/\/yoast.com\/wordpress\/plugins\/seo\/ -->\n<title>Lakas akriliniams da\u017eams Liquitex high gloss &#8211; Skizze<\/title>\n<meta name=\"robots\" content=\"noindex, follow, max-snippet:-1, max-image-preview:large, max-video-preview:-1\" \/>\n<meta property=\"og:locale\" content=\"lt_LT\" \/>\n<meta property=\"og:type\" content=\"article\" \/>\n<meta property=\"og:title\" content=\"Lakas akriliniams da\u017eams Liquitex high gloss &#8211; Skizze\" \/>\n<meta property=\"og:description\" content=\"Savo akriliniais da\u017eais nutapyt\u0105 paveiksl\u0105 padenkite permatomu, itin blizgiu, orui laid\u017eiu, patvariu ir nuo UV spinduli\u0173 saugan\u010diu akriliniu laku \u201eLiquitex High Gloss Varnish\u201c. Gryno akrilo polimero lakas suteiks k\u016briniui blizgesio, j\u012f apsaugos ir neleis kauptis purvui. I\u0161d\u017ei\u016bv\u0119s lakas tampa nelipnus, kietas ir suteikia darbui patvarumo, tod\u0117l puikiai tinka transportuojamiems ir parodose eksponuojamiems darbams dengti. Jis taip pat i\u0161lygina pavir\u0161iaus blizges\u012f, i\u0161ry\u0161kina ir pasodrina spalvas. Lakas \u201eLiquitex High Gloss Varnish\u201c apsaugo da\u017eus nuo kenksmingo UV spinduli\u0173 poveikio bei dr\u0117gm\u0117s, kar\u0161\u010dio ir UV spinduli\u0173 sukelt\u0173 spalv\u0173 pakitimo (geltonumo ir miglumo). Turi puikias dengiam\u0105sias savybes (nelieka teptuko pot\u0117pi\u0173). Priklausomai nuo substrato, leid\u017eia prasiskverbti pavir\u0161iaus dr\u0117gmei ir kv\u0117puoti. Dr\u0117gnas yra pusiau matinis, i\u0161d\u017ei\u016bv\u0119s tampa blizgus. Naudojimas: &#8211; Lakas yra ilgalaikis, tod\u0117l pirmiausia i\u0161bandykite j\u012f ant bandinio. &#8211; Prie\u0161 lakuodami \u012fsitikinkite, kad paveikslo pavir\u0161ius yra visi\u0161kai sausas (priklausomai nuo da\u017e\u0173 storio, d\u017ei\u016bsta nuo 72 valand\u0173 iki dviej\u0173 savai\u010di\u0173). &#8211; \u012esitikinkite, kad patalpa yra gerai v\u0117dinama, \u0161vari ir nedulk\u0117ta. &#8211; Paveiksl\u0105 pad\u0117kite ant lygaus pavir\u0161iaus, visada lakuokite horizontalioje pad\u0117tyje. &#8211; Prie\u0161 naudojim\u0105 \u0161velniai i\u0161mai\u0161ykite. &#8211; Lakuokite ilgais, vienodais pot\u0117piais, pavir\u0161i\u0173 denkite nuo vir\u0161aus \u012f apa\u010di\u0105 i\u0161 vienos pus\u0117s \u012f kit\u0105; nelakuokite laku nepadengt\u0173 viet\u0173 \u2013 palaukite, kol lako sluoksnis nud\u017eius ir tada nulakuokite dar kart\u0105. &#8211; &hellip; T\u0119sinys\" \/>\n<meta property=\"og:url\" content=\"https:\/\/hobstop.ee\/lt\/produktas\/lakas-akriliniams-dazams-liquitex-high-gloss\/\" \/>\n<meta property=\"og:site_name\" content=\"Skizze\" \/>\n<meta property=\"article:publisher\" content=\"http:\/\/www.facebook.com\/VunderSkizze\" \/>\n<meta property=\"og:image\" content=\"https:\/\/hobstop.ee\/media\/5039.jpg\" \/>\n\t<meta property=\"og:image:width\" content=\"1024\" \/>\n\t<meta property=\"og:image:height\" content=\"768\" \/>\n\t<meta property=\"og:image:type\" content=\"image\/jpeg\" \/>\n<meta name=\"twitter:card\" content=\"summary_large_image\" \/>\n<meta name=\"twitter:label1\" content=\"Est. reading time\" \/>\n\t<meta name=\"twitter:data1\" content=\"2 minutes\" \/>\n<script type=\"application\/ld+json\" class=\"yoast-schema-graph\">{\"@context\":\"https:\/\/schema.org\",\"@graph\":[{\"@type\":\"WebPage\",\"@id\":\"https:\/\/hobstop.ee\/lt\/produktas\/lakas-akriliniams-dazams-liquitex-high-gloss\/\",\"url\":\"https:\/\/hobstop.ee\/lt\/produktas\/lakas-akriliniams-dazams-liquitex-high-gloss\/\",\"name\":\"Lakas akriliniams da\u017eams Liquitex high gloss &#8211; Skizze\",\"isPartOf\":{\"@id\":\"https:\/\/hobstop.ee\/lt\/#website\"},\"primaryImageOfPage\":{\"@id\":\"https:\/\/hobstop.ee\/lt\/produktas\/lakas-akriliniams-dazams-liquitex-high-gloss\/#primaryimage\"},\"image\":{\"@id\":\"https:\/\/hobstop.ee\/lt\/produktas\/lakas-akriliniams-dazams-liquitex-high-gloss\/#primaryimage\"},\"thumbnailUrl\":\"https:\/\/hobstop.ee\/media\/5039.jpg\",\"datePublished\":\"2019-11-20T10:39:55+00:00\",\"dateModified\":\"2019-11-20T10:39:55+00:00\",\"breadcrumb\":{\"@id\":\"https:\/\/hobstop.ee\/lt\/produktas\/lakas-akriliniams-dazams-liquitex-high-gloss\/#breadcrumb\"},\"inLanguage\":\"lt\",\"potentialAction\":[{\"@type\":\"ReadAction\",\"target\":[\"https:\/\/hobstop.ee\/lt\/produktas\/lakas-akriliniams-dazams-liquitex-high-gloss\/\"]}]},{\"@type\":\"ImageObject\",\"inLanguage\":\"lt\",\"@id\":\"https:\/\/hobstop.ee\/lt\/produktas\/lakas-akriliniams-dazams-liquitex-high-gloss\/#primaryimage\",\"url\":\"https:\/\/hobstop.ee\/media\/5039.jpg\",\"contentUrl\":\"https:\/\/hobstop.ee\/media\/5039.jpg\",\"width\":1024,\"height\":768},{\"@type\":\"BreadcrumbList\",\"@id\":\"https:\/\/hobstop.ee\/lt\/produktas\/lakas-akriliniams-dazams-liquitex-high-gloss\/#breadcrumb\",\"itemListElement\":[{\"@type\":\"ListItem\",\"position\":1,\"name\":\"Avaleht\",\"item\":\"https:\/\/hobstop.ee\/lt\/\"},{\"@type\":\"ListItem\",\"position\":2,\"name\":\"Parduotuv\u0117\",\"item\":\"https:\/\/hobstop.ee\/lt\/parduotuve\/\"},{\"@type\":\"ListItem\",\"position\":3,\"name\":\"Lakas akriliniams da\u017eams Liquitex high gloss\"}]},{\"@type\":\"WebSite\",\"@id\":\"https:\/\/hobstop.ee\/lt\/#website\",\"url\":\"https:\/\/hobstop.ee\/lt\/\",\"name\":\"Skizze\",\"description\":\"Dail\u0117s, pom\u0117gi\u0173 ir mokykliniai reikm\u0117nys\",\"publisher\":{\"@id\":\"https:\/\/hobstop.ee\/lt\/#organization\"},\"potentialAction\":[{\"@type\":\"SearchAction\",\"target\":{\"@type\":\"EntryPoint\",\"urlTemplate\":\"https:\/\/hobstop.ee\/lt\/?s={search_term_string}\"},\"query-input\":{\"@type\":\"PropertyValueSpecification\",\"valueRequired\":true,\"valueName\":\"search_term_string\"}}],\"inLanguage\":\"lt\"},{\"@type\":\"Organization\",\"@id\":\"https:\/\/hobstop.ee\/lt\/#organization\",\"name\":\"Vunder AS\",\"url\":\"https:\/\/hobstop.ee\/lt\/\",\"logo\":{\"@type\":\"ImageObject\",\"inLanguage\":\"lt\",\"@id\":\"https:\/\/hobstop.ee\/lt\/#\/schema\/logo\/image\/\",\"url\":\"https:\/\/hobstop.ee\/media\/vunder-logo.png\",\"contentUrl\":\"https:\/\/hobstop.ee\/media\/vunder-logo.png\",\"width\":127,\"height\":55,\"caption\":\"Vunder AS\"},\"image\":{\"@id\":\"https:\/\/hobstop.ee\/lt\/#\/schema\/logo\/image\/\"},\"sameAs\":[\"http:\/\/www.facebook.com\/VunderSkizze\"]}]}<\/script>\n<!-- \/ Yoast SEO plugin. -->","yoast_head_json":{"title":"Lakas akriliniams da\u017eams Liquitex high gloss &#8211; Skizze","robots":{"index":"noindex","follow":"follow","max-snippet":"max-snippet:-1","max-image-preview":"max-image-preview:large","max-video-preview":"max-video-preview:-1"},"og_locale":"lt_LT","og_type":"article","og_title":"Lakas akriliniams da\u017eams Liquitex high gloss &#8211; Skizze","og_description":"Savo akriliniais da\u017eais nutapyt\u0105 paveiksl\u0105 padenkite permatomu, itin blizgiu, orui laid\u017eiu, patvariu ir nuo UV spinduli\u0173 saugan\u010diu akriliniu laku \u201eLiquitex High Gloss Varnish\u201c. Gryno akrilo polimero lakas suteiks k\u016briniui blizgesio, j\u012f apsaugos ir neleis kauptis purvui. I\u0161d\u017ei\u016bv\u0119s lakas tampa nelipnus, kietas ir suteikia darbui patvarumo, tod\u0117l puikiai tinka transportuojamiems ir parodose eksponuojamiems darbams dengti. Jis taip pat i\u0161lygina pavir\u0161iaus blizges\u012f, i\u0161ry\u0161kina ir pasodrina spalvas. Lakas \u201eLiquitex High Gloss Varnish\u201c apsaugo da\u017eus nuo kenksmingo UV spinduli\u0173 poveikio bei dr\u0117gm\u0117s, kar\u0161\u010dio ir UV spinduli\u0173 sukelt\u0173 spalv\u0173 pakitimo (geltonumo ir miglumo). Turi puikias dengiam\u0105sias savybes (nelieka teptuko pot\u0117pi\u0173). Priklausomai nuo substrato, leid\u017eia prasiskverbti pavir\u0161iaus dr\u0117gmei ir kv\u0117puoti. Dr\u0117gnas yra pusiau matinis, i\u0161d\u017ei\u016bv\u0119s tampa blizgus. Naudojimas: &#8211; Lakas yra ilgalaikis, tod\u0117l pirmiausia i\u0161bandykite j\u012f ant bandinio. &#8211; Prie\u0161 lakuodami \u012fsitikinkite, kad paveikslo pavir\u0161ius yra visi\u0161kai sausas (priklausomai nuo da\u017e\u0173 storio, d\u017ei\u016bsta nuo 72 valand\u0173 iki dviej\u0173 savai\u010di\u0173). &#8211; \u012esitikinkite, kad patalpa yra gerai v\u0117dinama, \u0161vari ir nedulk\u0117ta. &#8211; Paveiksl\u0105 pad\u0117kite ant lygaus pavir\u0161iaus, visada lakuokite horizontalioje pad\u0117tyje. &#8211; Prie\u0161 naudojim\u0105 \u0161velniai i\u0161mai\u0161ykite. &#8211; Lakuokite ilgais, vienodais pot\u0117piais, pavir\u0161i\u0173 denkite nuo vir\u0161aus \u012f apa\u010di\u0105 i\u0161 vienos pus\u0117s \u012f kit\u0105; nelakuokite laku nepadengt\u0173 viet\u0173 \u2013 palaukite, kol lako sluoksnis nud\u017eius ir tada nulakuokite dar kart\u0105. &#8211; &hellip; T\u0119sinys","og_url":"https:\/\/hobstop.ee\/lt\/produktas\/lakas-akriliniams-dazams-liquitex-high-gloss\/","og_site_name":"Skizze","article_publisher":"http:\/\/www.facebook.com\/VunderSkizze","og_image":[{"width":1024,"height":768,"url":"https:\/\/hobstop.ee\/media\/5039.jpg","type":"image\/jpeg"}],"twitter_card":"summary_large_image","twitter_misc":{"Est. reading time":"2 minutes"},"schema":{"@context":"https:\/\/schema.org","@graph":[{"@type":"WebPage","@id":"https:\/\/hobstop.ee\/lt\/produktas\/lakas-akriliniams-dazams-liquitex-high-gloss\/","url":"https:\/\/hobstop.ee\/lt\/produktas\/lakas-akriliniams-dazams-liquitex-high-gloss\/","name":"Lakas akriliniams da\u017eams Liquitex high gloss &#8211; Skizze","isPartOf":{"@id":"https:\/\/hobstop.ee\/lt\/#website"},"primaryImageOfPage":{"@id":"https:\/\/hobstop.ee\/lt\/produktas\/lakas-akriliniams-dazams-liquitex-high-gloss\/#primaryimage"},"image":{"@id":"https:\/\/hobstop.ee\/lt\/produktas\/lakas-akriliniams-dazams-liquitex-high-gloss\/#primaryimage"},"thumbnailUrl":"https:\/\/hobstop.ee\/media\/5039.jpg","datePublished":"2019-11-20T10:39:55+00:00","dateModified":"2019-11-20T10:39:55+00:00","breadcrumb":{"@id":"https:\/\/hobstop.ee\/lt\/produktas\/lakas-akriliniams-dazams-liquitex-high-gloss\/#breadcrumb"},"inLanguage":"lt","potentialAction":[{"@type":"ReadAction","target":["https:\/\/hobstop.ee\/lt\/produktas\/lakas-akriliniams-dazams-liquitex-high-gloss\/"]}]},{"@type":"ImageObject","inLanguage":"lt","@id":"https:\/\/hobstop.ee\/lt\/produktas\/lakas-akriliniams-dazams-liquitex-high-gloss\/#primaryimage","url":"https:\/\/hobstop.ee\/media\/5039.jpg","contentUrl":"https:\/\/hobstop.ee\/media\/5039.jpg","width":1024,"height":768},{"@type":"BreadcrumbList","@id":"https:\/\/hobstop.ee\/lt\/produktas\/lakas-akriliniams-dazams-liquitex-high-gloss\/#breadcrumb","itemListElement":[{"@type":"ListItem","position":1,"name":"Avaleht","item":"https:\/\/hobstop.ee\/lt\/"},{"@type":"ListItem","position":2,"name":"Parduotuv\u0117","item":"https:\/\/hobstop.ee\/lt\/parduotuve\/"},{"@type":"ListItem","position":3,"name":"Lakas akriliniams da\u017eams Liquitex high gloss"}]},{"@type":"WebSite","@id":"https:\/\/hobstop.ee\/lt\/#website","url":"https:\/\/hobstop.ee\/lt\/","name":"Skizze","description":"Dail\u0117s, pom\u0117gi\u0173 ir mokykliniai reikm\u0117nys","publisher":{"@id":"https:\/\/hobstop.ee\/lt\/#organization"},"potentialAction":[{"@type":"SearchAction","target":{"@type":"EntryPoint","urlTemplate":"https:\/\/hobstop.ee\/lt\/?s={search_term_string}"},"query-input":{"@type":"PropertyValueSpecification","valueRequired":true,"valueName":"search_term_string"}}],"inLanguage":"lt"},{"@type":"Organization","@id":"https:\/\/hobstop.ee\/lt\/#organization","name":"Vunder AS","url":"https:\/\/hobstop.ee\/lt\/","logo":{"@type":"ImageObject","inLanguage":"lt","@id":"https:\/\/hobstop.ee\/lt\/#\/schema\/logo\/image\/","url":"https:\/\/hobstop.ee\/media\/vunder-logo.png","contentUrl":"https:\/\/hobstop.ee\/media\/vunder-logo.png","width":127,"height":55,"caption":"Vunder AS"},"image":{"@id":"https:\/\/hobstop.ee\/lt\/#\/schema\/logo\/image\/"},"sameAs":["http:\/\/www.facebook.com\/VunderSkizze"]}]}},"_links":{"self":[{"href":"https:\/\/hobstop.ee\/lt\/wp-json\/wp\/v2\/product\/339559","targetHints":{"allow":["GET"]}}],"collection":[{"href":"https:\/\/hobstop.ee\/lt\/wp-json\/wp\/v2\/product"}],"about":[{"href":"https:\/\/hobstop.ee\/lt\/wp-json\/wp\/v2\/types\/product"}],"replies":[{"embeddable":true,"href":"https:\/\/hobstop.ee\/lt\/wp-json\/wp\/v2\/comments?post=339559"}],"wp:featuredmedia":[{"embeddable":true,"href":"https:\/\/hobstop.ee\/lt\/wp-json\/wp\/v2\/media\/353792"}],"wp:attachment":[{"href":"https:\/\/hobstop.ee\/lt\/wp-json\/wp\/v2\/media?parent=339559"}],"wp:term":[{"taxonomy":"product_cat","embeddable":true,"href":"https:\/\/hobstop.ee\/lt\/wp-json\/wp\/v2\/product_cat?post=339559"},{"taxonomy":"product_tag","embeddable":true,"href":"https:\/\/hobstop.ee\/lt\/wp-json\/wp\/v2\/product_tag?post=339559"}],"curies":[{"name":"wp","href":"https:\/\/api.w.org\/{rel}","templated":true}]}}