{"id":339563,"date":"2019-11-20T12:39:57","date_gmt":"2019-11-20T10:40:03","guid":{"rendered":"https:\/\/sharks.ee\/vunder_2019\/product\/washi-dekoratyvi-lipni-juostele-mt-erik-bruun\/"},"modified":"2019-11-20T12:40:03","modified_gmt":"2019-11-20T10:40:03","slug":"washi-dekoratyvi-lipni-juostele-mt-erik-bruun","status":"publish","type":"product","link":"https:\/\/hobstop.ee\/lt\/produktas\/washi-dekoratyvi-lipni-juostele-mt-erik-bruun\/","title":{"rendered":"Washi dekoratyvi lipni juostel\u0117 mt Erik Bruun"},"content":{"rendered":"<p>Japoni\u0161ka lipnia dekoratyvine juostele \u201eWashi\u201c galite dekoruoti visk\u0105, k\u0105 tik panor\u0117j\u0119 \u2013 d\u0117\u017eutes ar atvirukus, indus ar baldus. Tinka daugeliui pavir\u0161i\u0173, pavyzd\u017eiui, popieriui, medienai, metalui, porcelianui, stiklui ir kt. Pramoniniu b\u016bdu pagaminta lipni juostel\u0117 yra itin kokybi\u0161ka, tvirta ir plona. Labai tvirtai prilimpa, ta\u010diau yra lengvai atpl\u0117\u0161iama, nepalieka klij\u0173 \u017eym\u0117s.<br \/>\nSuomijos grafinis dizaineris Erikas Bruunas gim\u0117 Vypuryje 1926 m. baland\u017eio 7 d. Savo vaikyst\u0119 E. Bruunas praleido \u0161alia Vypurio esan\u010diame Seinijo miestelyje, kuris nuo 1944 m. priklauso Rusijai. Karo metu \u0161eima persik\u0117l\u0117 \u012f Helsink\u012f, kur E. Bruuno prad\u0117jo Men\u0173 ir Dizaino universitete studijuoti grafin\u012f dizain\u0105. 1950 m. jis gavo grafikos dizainerio diplom\u0105, o 1953 m. \u012fk\u016br\u0117 savo grafinio dizaino \u012fmon\u0119. E. Bruunas suk\u016br\u0117 daug logotip\u0173, prek\u0117s \u017eenkl\u0173 ir j\u0173 apra\u0161ym\u0173, plakat\u0173, knyg\u0173 iliustracij\u0173, medienos perdirbimo pramon\u0117s \u012fmoni\u0173 metini\u0173 ataskait\u0173 apipavidalinim\u0105 ir net Suomijos pinig\u0173 dizain\u0105. Paskutinis jo i\u0161\u0161\u016bkis \u2013 bendras projektas su interjero bendrove \u201eVallila Interiours\u201c kuriant tekstil\u0119. Da\u017eniausia jo plakat\u0173, atviru\u010di\u0173 ir spaud\u0173 tema yra nuostabi Suomijos gamta. Jis nemokamai suk\u016br\u0117 Suomijos gamtos apsaugos s\u0105jungos \u017eenkl\u0105, kuriame atsispingi jo gili meil\u0117 gamtai ir r\u016bpestis d\u0117l jos. 2007 m. E. Bruunui buvo suteiktas \u201ePro Finlandia\u201c medalis. Pa\u017eym\u0117dama Eriko Bruuno ilgalaik\u012f ind\u0117l\u012f \u012f Suomijos men\u0105, Suomijos meno taryba jam suteik\u0117 profesoriaus vard\u0105.<\/p>\n","protected":false},"excerpt":{"rendered":"<p>Japoni\u0161ka lipnia dekoratyvine juostele \u201eWashi\u201c galite dekoruoti visk\u0105, k\u0105 tik panor\u0117j\u0119 \u2013 d\u0117\u017eutes ar atvirukus, indus ar baldus. Tinka daugeliui pavir\u0161i\u0173, pavyzd\u017eiui, popieriui, medienai, metalui, porcelianui, stiklui ir kt. Pramoniniu b\u016bdu pagaminta lipni juostel\u0117 yra itin kokybi\u0161ka, tvirta ir plona. Labai tvirtai prilimpa, ta\u010diau yra lengvai atpl\u0117\u0161iama, nepalieka klij\u0173 \u017eym\u0117s. Suomijos grafinis dizaineris Erikas Bruunas gim\u0117 Vypuryje 1926 m. baland\u017eio 7 d. Savo vaikyst\u0119 E. Bruunas praleido \u0161alia Vypurio esan\u010diame Seinijo miestelyje, kuris nuo 1944 m. priklauso Rusijai. Karo metu \u0161eima persik\u0117l\u0117 \u012f Helsink\u012f, kur E. Bruuno prad\u0117jo Men\u0173 ir Dizaino universitete studijuoti grafin\u012f dizain\u0105. 1950 m. jis gavo grafikos dizainerio diplom\u0105, o 1953 m. \u012fk\u016br\u0117 savo grafinio dizaino \u012fmon\u0119. E. Bruunas suk\u016br\u0117 daug logotip\u0173, prek\u0117s \u017eenkl\u0173 ir j\u0173 apra\u0161ym\u0173, plakat\u0173, knyg\u0173 iliustracij\u0173, medienos perdirbimo pramon\u0117s \u012fmoni\u0173 metini\u0173 ataskait\u0173 apipavidalinim\u0105 ir net Suomijos pinig\u0173 dizain\u0105. Paskutinis jo i\u0161\u0161\u016bkis \u2013 bendras projektas su interjero bendrove \u201eVallila Interiours\u201c kuriant tekstil\u0119. Da\u017eniausia jo plakat\u0173, atviru\u010di\u0173 ir spaud\u0173 tema yra nuostabi Suomijos gamta. Jis nemokamai suk\u016br\u0117 Suomijos gamtos apsaugos s\u0105jungos \u017eenkl\u0105, kuriame atsispingi jo gili meil\u0117 gamtai ir r\u016bpestis d\u0117l jos. 2007 m. E. Bruunui buvo suteiktas \u201ePro Finlandia\u201c medalis. Pa\u017eym\u0117dama Eriko Bruuno ilgalaik\u012f ind\u0117l\u012f \u012f Suomijos men\u0105, Suomijos meno taryba jam suteik\u0117 profesoriaus &hellip; <a href=\"https:\/\/hobstop.ee\/lt\/produktas\/washi-dekoratyvi-lipni-juostele-mt-erik-bruun\/\">T\u0119sinys<\/a><\/p>\n","protected":false},"featured_media":353248,"comment_status":"closed","ping_status":"closed","template":"","meta":{"_acf_changed":false,"ep_exclude_from_search":false},"product_cat":[20361],"product_tag":[],"class_list":{"0":"post-339563","1":"product","2":"type-product","3":"status-publish","4":"has-post-thumbnail","6":"product_cat-maaramata","8":"first","9":"instock","10":"taxable","11":"shipping-taxable","12":"product-type-simple"},"acf":[],"yoast_head":"<!-- This site is optimized with the Yoast SEO plugin v24.1 - https:\/\/yoast.com\/wordpress\/plugins\/seo\/ -->\n<title>Washi dekoratyvi lipni juostel\u0117 mt Erik Bruun &#8211; Skizze<\/title>\n<meta name=\"robots\" content=\"noindex, follow, max-snippet:-1, max-image-preview:large, max-video-preview:-1\" \/>\n<meta property=\"og:locale\" content=\"lt_LT\" \/>\n<meta property=\"og:type\" content=\"article\" \/>\n<meta property=\"og:title\" content=\"Washi dekoratyvi lipni juostel\u0117 mt Erik Bruun &#8211; Skizze\" \/>\n<meta property=\"og:description\" content=\"Japoni\u0161ka lipnia dekoratyvine juostele \u201eWashi\u201c galite dekoruoti visk\u0105, k\u0105 tik panor\u0117j\u0119 \u2013 d\u0117\u017eutes ar atvirukus, indus ar baldus. Tinka daugeliui pavir\u0161i\u0173, pavyzd\u017eiui, popieriui, medienai, metalui, porcelianui, stiklui ir kt. Pramoniniu b\u016bdu pagaminta lipni juostel\u0117 yra itin kokybi\u0161ka, tvirta ir plona. Labai tvirtai prilimpa, ta\u010diau yra lengvai atpl\u0117\u0161iama, nepalieka klij\u0173 \u017eym\u0117s. Suomijos grafinis dizaineris Erikas Bruunas gim\u0117 Vypuryje 1926 m. baland\u017eio 7 d. Savo vaikyst\u0119 E. Bruunas praleido \u0161alia Vypurio esan\u010diame Seinijo miestelyje, kuris nuo 1944 m. priklauso Rusijai. Karo metu \u0161eima persik\u0117l\u0117 \u012f Helsink\u012f, kur E. Bruuno prad\u0117jo Men\u0173 ir Dizaino universitete studijuoti grafin\u012f dizain\u0105. 1950 m. jis gavo grafikos dizainerio diplom\u0105, o 1953 m. \u012fk\u016br\u0117 savo grafinio dizaino \u012fmon\u0119. E. Bruunas suk\u016br\u0117 daug logotip\u0173, prek\u0117s \u017eenkl\u0173 ir j\u0173 apra\u0161ym\u0173, plakat\u0173, knyg\u0173 iliustracij\u0173, medienos perdirbimo pramon\u0117s \u012fmoni\u0173 metini\u0173 ataskait\u0173 apipavidalinim\u0105 ir net Suomijos pinig\u0173 dizain\u0105. Paskutinis jo i\u0161\u0161\u016bkis \u2013 bendras projektas su interjero bendrove \u201eVallila Interiours\u201c kuriant tekstil\u0119. Da\u017eniausia jo plakat\u0173, atviru\u010di\u0173 ir spaud\u0173 tema yra nuostabi Suomijos gamta. Jis nemokamai suk\u016br\u0117 Suomijos gamtos apsaugos s\u0105jungos \u017eenkl\u0105, kuriame atsispingi jo gili meil\u0117 gamtai ir r\u016bpestis d\u0117l jos. 2007 m. E. Bruunui buvo suteiktas \u201ePro Finlandia\u201c medalis. Pa\u017eym\u0117dama Eriko Bruuno ilgalaik\u012f ind\u0117l\u012f \u012f Suomijos men\u0105, Suomijos meno taryba jam suteik\u0117 profesoriaus &hellip; T\u0119sinys\" \/>\n<meta property=\"og:url\" content=\"https:\/\/hobstop.ee\/lt\/produktas\/washi-dekoratyvi-lipni-juostele-mt-erik-bruun\/\" \/>\n<meta property=\"og:site_name\" content=\"Skizze\" \/>\n<meta property=\"article:publisher\" content=\"http:\/\/www.facebook.com\/VunderSkizze\" \/>\n<meta property=\"og:image\" content=\"https:\/\/www.hobstop.ee\/media\/5041.jpg\" \/>\n\t<meta property=\"og:image:width\" content=\"1024\" \/>\n\t<meta property=\"og:image:height\" content=\"768\" \/>\n\t<meta property=\"og:image:type\" content=\"image\/jpeg\" \/>\n<meta name=\"twitter:card\" content=\"summary_large_image\" \/>\n<meta name=\"twitter:label1\" content=\"Est. reading time\" \/>\n\t<meta name=\"twitter:data1\" content=\"1 minute\" \/>\n<script type=\"application\/ld+json\" class=\"yoast-schema-graph\">{\"@context\":\"https:\/\/schema.org\",\"@graph\":[{\"@type\":\"WebPage\",\"@id\":\"https:\/\/hobstop.ee\/lt\/produktas\/washi-dekoratyvi-lipni-juostele-mt-erik-bruun\/\",\"url\":\"https:\/\/hobstop.ee\/lt\/produktas\/washi-dekoratyvi-lipni-juostele-mt-erik-bruun\/\",\"name\":\"Washi dekoratyvi lipni juostel\u0117 mt Erik Bruun &#8211; Skizze\",\"isPartOf\":{\"@id\":\"https:\/\/hobstop.ee\/lt\/#website\"},\"primaryImageOfPage\":{\"@id\":\"https:\/\/hobstop.ee\/lt\/produktas\/washi-dekoratyvi-lipni-juostele-mt-erik-bruun\/#primaryimage\"},\"image\":{\"@id\":\"https:\/\/hobstop.ee\/lt\/produktas\/washi-dekoratyvi-lipni-juostele-mt-erik-bruun\/#primaryimage\"},\"thumbnailUrl\":\"https:\/\/hobstop.ee\/media\/5041.jpg\",\"datePublished\":\"2019-11-20T10:40:03+00:00\",\"dateModified\":\"2019-11-20T10:40:03+00:00\",\"breadcrumb\":{\"@id\":\"https:\/\/hobstop.ee\/lt\/produktas\/washi-dekoratyvi-lipni-juostele-mt-erik-bruun\/#breadcrumb\"},\"inLanguage\":\"lt\",\"potentialAction\":[{\"@type\":\"ReadAction\",\"target\":[\"https:\/\/hobstop.ee\/lt\/produktas\/washi-dekoratyvi-lipni-juostele-mt-erik-bruun\/\"]}]},{\"@type\":\"ImageObject\",\"inLanguage\":\"lt\",\"@id\":\"https:\/\/hobstop.ee\/lt\/produktas\/washi-dekoratyvi-lipni-juostele-mt-erik-bruun\/#primaryimage\",\"url\":\"https:\/\/hobstop.ee\/media\/5041.jpg\",\"contentUrl\":\"https:\/\/hobstop.ee\/media\/5041.jpg\",\"width\":1024,\"height\":768},{\"@type\":\"BreadcrumbList\",\"@id\":\"https:\/\/hobstop.ee\/lt\/produktas\/washi-dekoratyvi-lipni-juostele-mt-erik-bruun\/#breadcrumb\",\"itemListElement\":[{\"@type\":\"ListItem\",\"position\":1,\"name\":\"Avaleht\",\"item\":\"https:\/\/hobstop.ee\/lt\/\"},{\"@type\":\"ListItem\",\"position\":2,\"name\":\"Parduotuv\u0117\",\"item\":\"https:\/\/hobstop.ee\/lt\/parduotuve\/\"},{\"@type\":\"ListItem\",\"position\":3,\"name\":\"Washi dekoratyvi lipni juostel\u0117 mt Erik Bruun\"}]},{\"@type\":\"WebSite\",\"@id\":\"https:\/\/hobstop.ee\/lt\/#website\",\"url\":\"https:\/\/hobstop.ee\/lt\/\",\"name\":\"Skizze\",\"description\":\"Dail\u0117s, pom\u0117gi\u0173 ir mokykliniai reikm\u0117nys\",\"publisher\":{\"@id\":\"https:\/\/hobstop.ee\/lt\/#organization\"},\"potentialAction\":[{\"@type\":\"SearchAction\",\"target\":{\"@type\":\"EntryPoint\",\"urlTemplate\":\"https:\/\/hobstop.ee\/lt\/?s={search_term_string}\"},\"query-input\":{\"@type\":\"PropertyValueSpecification\",\"valueRequired\":true,\"valueName\":\"search_term_string\"}}],\"inLanguage\":\"lt\"},{\"@type\":\"Organization\",\"@id\":\"https:\/\/hobstop.ee\/lt\/#organization\",\"name\":\"Vunder AS\",\"url\":\"https:\/\/hobstop.ee\/lt\/\",\"logo\":{\"@type\":\"ImageObject\",\"inLanguage\":\"lt\",\"@id\":\"https:\/\/hobstop.ee\/lt\/#\/schema\/logo\/image\/\",\"url\":\"https:\/\/hobstop.ee\/media\/vunder-logo.png\",\"contentUrl\":\"https:\/\/hobstop.ee\/media\/vunder-logo.png\",\"width\":127,\"height\":55,\"caption\":\"Vunder AS\"},\"image\":{\"@id\":\"https:\/\/hobstop.ee\/lt\/#\/schema\/logo\/image\/\"},\"sameAs\":[\"http:\/\/www.facebook.com\/VunderSkizze\"]}]}<\/script>\n<!-- \/ Yoast SEO plugin. -->","yoast_head_json":{"title":"Washi dekoratyvi lipni juostel\u0117 mt Erik Bruun &#8211; Skizze","robots":{"index":"noindex","follow":"follow","max-snippet":"max-snippet:-1","max-image-preview":"max-image-preview:large","max-video-preview":"max-video-preview:-1"},"og_locale":"lt_LT","og_type":"article","og_title":"Washi dekoratyvi lipni juostel\u0117 mt Erik Bruun &#8211; Skizze","og_description":"Japoni\u0161ka lipnia dekoratyvine juostele \u201eWashi\u201c galite dekoruoti visk\u0105, k\u0105 tik panor\u0117j\u0119 \u2013 d\u0117\u017eutes ar atvirukus, indus ar baldus. Tinka daugeliui pavir\u0161i\u0173, pavyzd\u017eiui, popieriui, medienai, metalui, porcelianui, stiklui ir kt. Pramoniniu b\u016bdu pagaminta lipni juostel\u0117 yra itin kokybi\u0161ka, tvirta ir plona. Labai tvirtai prilimpa, ta\u010diau yra lengvai atpl\u0117\u0161iama, nepalieka klij\u0173 \u017eym\u0117s. Suomijos grafinis dizaineris Erikas Bruunas gim\u0117 Vypuryje 1926 m. baland\u017eio 7 d. Savo vaikyst\u0119 E. Bruunas praleido \u0161alia Vypurio esan\u010diame Seinijo miestelyje, kuris nuo 1944 m. priklauso Rusijai. Karo metu \u0161eima persik\u0117l\u0117 \u012f Helsink\u012f, kur E. Bruuno prad\u0117jo Men\u0173 ir Dizaino universitete studijuoti grafin\u012f dizain\u0105. 1950 m. jis gavo grafikos dizainerio diplom\u0105, o 1953 m. \u012fk\u016br\u0117 savo grafinio dizaino \u012fmon\u0119. E. Bruunas suk\u016br\u0117 daug logotip\u0173, prek\u0117s \u017eenkl\u0173 ir j\u0173 apra\u0161ym\u0173, plakat\u0173, knyg\u0173 iliustracij\u0173, medienos perdirbimo pramon\u0117s \u012fmoni\u0173 metini\u0173 ataskait\u0173 apipavidalinim\u0105 ir net Suomijos pinig\u0173 dizain\u0105. Paskutinis jo i\u0161\u0161\u016bkis \u2013 bendras projektas su interjero bendrove \u201eVallila Interiours\u201c kuriant tekstil\u0119. Da\u017eniausia jo plakat\u0173, atviru\u010di\u0173 ir spaud\u0173 tema yra nuostabi Suomijos gamta. Jis nemokamai suk\u016br\u0117 Suomijos gamtos apsaugos s\u0105jungos \u017eenkl\u0105, kuriame atsispingi jo gili meil\u0117 gamtai ir r\u016bpestis d\u0117l jos. 2007 m. E. Bruunui buvo suteiktas \u201ePro Finlandia\u201c medalis. Pa\u017eym\u0117dama Eriko Bruuno ilgalaik\u012f ind\u0117l\u012f \u012f Suomijos men\u0105, Suomijos meno taryba jam suteik\u0117 profesoriaus &hellip; T\u0119sinys","og_url":"https:\/\/hobstop.ee\/lt\/produktas\/washi-dekoratyvi-lipni-juostele-mt-erik-bruun\/","og_site_name":"Skizze","article_publisher":"http:\/\/www.facebook.com\/VunderSkizze","og_image":[{"width":1024,"height":768,"url":"https:\/\/www.hobstop.ee\/media\/5041.jpg","type":"image\/jpeg"}],"twitter_card":"summary_large_image","twitter_misc":{"Est. reading time":"1 minute"},"schema":{"@context":"https:\/\/schema.org","@graph":[{"@type":"WebPage","@id":"https:\/\/hobstop.ee\/lt\/produktas\/washi-dekoratyvi-lipni-juostele-mt-erik-bruun\/","url":"https:\/\/hobstop.ee\/lt\/produktas\/washi-dekoratyvi-lipni-juostele-mt-erik-bruun\/","name":"Washi dekoratyvi lipni juostel\u0117 mt Erik Bruun &#8211; Skizze","isPartOf":{"@id":"https:\/\/hobstop.ee\/lt\/#website"},"primaryImageOfPage":{"@id":"https:\/\/hobstop.ee\/lt\/produktas\/washi-dekoratyvi-lipni-juostele-mt-erik-bruun\/#primaryimage"},"image":{"@id":"https:\/\/hobstop.ee\/lt\/produktas\/washi-dekoratyvi-lipni-juostele-mt-erik-bruun\/#primaryimage"},"thumbnailUrl":"https:\/\/hobstop.ee\/media\/5041.jpg","datePublished":"2019-11-20T10:40:03+00:00","dateModified":"2019-11-20T10:40:03+00:00","breadcrumb":{"@id":"https:\/\/hobstop.ee\/lt\/produktas\/washi-dekoratyvi-lipni-juostele-mt-erik-bruun\/#breadcrumb"},"inLanguage":"lt","potentialAction":[{"@type":"ReadAction","target":["https:\/\/hobstop.ee\/lt\/produktas\/washi-dekoratyvi-lipni-juostele-mt-erik-bruun\/"]}]},{"@type":"ImageObject","inLanguage":"lt","@id":"https:\/\/hobstop.ee\/lt\/produktas\/washi-dekoratyvi-lipni-juostele-mt-erik-bruun\/#primaryimage","url":"https:\/\/hobstop.ee\/media\/5041.jpg","contentUrl":"https:\/\/hobstop.ee\/media\/5041.jpg","width":1024,"height":768},{"@type":"BreadcrumbList","@id":"https:\/\/hobstop.ee\/lt\/produktas\/washi-dekoratyvi-lipni-juostele-mt-erik-bruun\/#breadcrumb","itemListElement":[{"@type":"ListItem","position":1,"name":"Avaleht","item":"https:\/\/hobstop.ee\/lt\/"},{"@type":"ListItem","position":2,"name":"Parduotuv\u0117","item":"https:\/\/hobstop.ee\/lt\/parduotuve\/"},{"@type":"ListItem","position":3,"name":"Washi dekoratyvi lipni juostel\u0117 mt Erik Bruun"}]},{"@type":"WebSite","@id":"https:\/\/hobstop.ee\/lt\/#website","url":"https:\/\/hobstop.ee\/lt\/","name":"Skizze","description":"Dail\u0117s, pom\u0117gi\u0173 ir mokykliniai reikm\u0117nys","publisher":{"@id":"https:\/\/hobstop.ee\/lt\/#organization"},"potentialAction":[{"@type":"SearchAction","target":{"@type":"EntryPoint","urlTemplate":"https:\/\/hobstop.ee\/lt\/?s={search_term_string}"},"query-input":{"@type":"PropertyValueSpecification","valueRequired":true,"valueName":"search_term_string"}}],"inLanguage":"lt"},{"@type":"Organization","@id":"https:\/\/hobstop.ee\/lt\/#organization","name":"Vunder AS","url":"https:\/\/hobstop.ee\/lt\/","logo":{"@type":"ImageObject","inLanguage":"lt","@id":"https:\/\/hobstop.ee\/lt\/#\/schema\/logo\/image\/","url":"https:\/\/hobstop.ee\/media\/vunder-logo.png","contentUrl":"https:\/\/hobstop.ee\/media\/vunder-logo.png","width":127,"height":55,"caption":"Vunder AS"},"image":{"@id":"https:\/\/hobstop.ee\/lt\/#\/schema\/logo\/image\/"},"sameAs":["http:\/\/www.facebook.com\/VunderSkizze"]}]}},"_links":{"self":[{"href":"https:\/\/hobstop.ee\/lt\/wp-json\/wp\/v2\/product\/339563","targetHints":{"allow":["GET"]}}],"collection":[{"href":"https:\/\/hobstop.ee\/lt\/wp-json\/wp\/v2\/product"}],"about":[{"href":"https:\/\/hobstop.ee\/lt\/wp-json\/wp\/v2\/types\/product"}],"replies":[{"embeddable":true,"href":"https:\/\/hobstop.ee\/lt\/wp-json\/wp\/v2\/comments?post=339563"}],"wp:featuredmedia":[{"embeddable":true,"href":"https:\/\/hobstop.ee\/lt\/wp-json\/wp\/v2\/media\/353248"}],"wp:attachment":[{"href":"https:\/\/hobstop.ee\/lt\/wp-json\/wp\/v2\/media?parent=339563"}],"wp:term":[{"taxonomy":"product_cat","embeddable":true,"href":"https:\/\/hobstop.ee\/lt\/wp-json\/wp\/v2\/product_cat?post=339563"},{"taxonomy":"product_tag","embeddable":true,"href":"https:\/\/hobstop.ee\/lt\/wp-json\/wp\/v2\/product_tag?post=339563"}],"curies":[{"name":"wp","href":"https:\/\/api.w.org\/{rel}","templated":true}]}}