{"id":339571,"date":"2019-11-20T12:40:13","date_gmt":"2019-11-20T10:40:19","guid":{"rendered":"https:\/\/sharks.ee\/vunder_2019\/product\/parkeris-manuscript-curve\/"},"modified":"2019-11-20T12:40:19","modified_gmt":"2019-11-20T10:40:19","slug":"parkeris-manuscript-curve","status":"publish","type":"product","link":"https:\/\/hobstop.ee\/lt\/produktas\/parkeris-manuscript-curve\/","title":{"rendered":"Parkeris Manuscript Curve"},"content":{"rendered":"<p>Nesvarbu, ar tai kreiv\u0117s, br\u016bk\u0161tel\u0117jimai, kaligrafija ar rankdarbiai \u2013 auk\u0161\u010diausios kokyb\u0117s spalvotas \u201eManuscript Curve\u201c parkeris tinka viskam \u2013 linijoms br\u0117\u017eti, kaligrafijai ir bandantiems \u012fvairius \u0161riftus. Patogus ir stilingas auk\u0161\u010diausios kokyb\u0117s \u201eManuscript Curve\u201c parkeris tinka visai su dailyra\u0161\u010diu susijusiai veiklai. \u0160io ra\u0161iklio plunksnas galima keisti, jis u\u017etikrina skland\u0173 ra\u0161alo sraut\u0105 ir kokybi\u0161k\u0105 darb\u0105. Lygus kotelis ir patogi juoda suimama dalis paver\u010dia \u0161\u012f ra\u0161ikl\u012f idealia ra\u0161ymo priemone bet kuriai u\u017eduo\u010diai ar k\u016brybai.<\/p>\n<p>Rinkinyje yra:<br \/>\nParkeris \u201eManuscript Curve\u201c<br \/>\nBet kokiems u\u017era\u0161ams tinkama irid\u017eio pluksna<br \/>\n1 ra\u0161alo kapsul\u0117<\/p>\n","protected":false},"excerpt":{"rendered":"<p>Nesvarbu, ar tai kreiv\u0117s, br\u016bk\u0161tel\u0117jimai, kaligrafija ar rankdarbiai \u2013 auk\u0161\u010diausios kokyb\u0117s spalvotas \u201eManuscript Curve\u201c parkeris tinka viskam \u2013 linijoms br\u0117\u017eti, kaligrafijai ir bandantiems \u012fvairius \u0161riftus. Patogus ir stilingas auk\u0161\u010diausios kokyb\u0117s \u201eManuscript Curve\u201c parkeris tinka visai su dailyra\u0161\u010diu susijusiai veiklai. \u0160io ra\u0161iklio plunksnas galima keisti, jis u\u017etikrina skland\u0173 ra\u0161alo sraut\u0105 ir kokybi\u0161k\u0105 darb\u0105. Lygus kotelis ir patogi juoda suimama dalis paver\u010dia \u0161\u012f ra\u0161ikl\u012f idealia ra\u0161ymo priemone bet kuriai u\u017eduo\u010diai ar k\u016brybai. Rinkinyje yra: Parkeris \u201eManuscript Curve\u201c Bet kokiems u\u017era\u0161ams tinkama irid\u017eio pluksna 1 ra\u0161alo kapsul\u0117<\/p>\n","protected":false},"featured_media":353204,"comment_status":"closed","ping_status":"closed","template":"","meta":{"_acf_changed":false,"ep_exclude_from_search":false},"product_cat":[20361],"product_tag":[],"class_list":{"0":"post-339571","1":"product","2":"type-product","3":"status-publish","4":"has-post-thumbnail","6":"product_cat-maaramata","8":"first","9":"instock","10":"taxable","11":"shipping-taxable","12":"product-type-simple"},"acf":[],"yoast_head":"<!-- This site is optimized with the Yoast SEO plugin v24.1 - https:\/\/yoast.com\/wordpress\/plugins\/seo\/ -->\n<title>Parkeris Manuscript Curve &#8211; Skizze<\/title>\n<meta name=\"robots\" content=\"noindex, follow, max-snippet:-1, max-image-preview:large, max-video-preview:-1\" \/>\n<meta property=\"og:locale\" content=\"lt_LT\" \/>\n<meta property=\"og:type\" content=\"article\" \/>\n<meta property=\"og:title\" content=\"Parkeris Manuscript Curve &#8211; Skizze\" \/>\n<meta property=\"og:description\" content=\"Nesvarbu, ar tai kreiv\u0117s, br\u016bk\u0161tel\u0117jimai, kaligrafija ar rankdarbiai \u2013 auk\u0161\u010diausios kokyb\u0117s spalvotas \u201eManuscript Curve\u201c parkeris tinka viskam \u2013 linijoms br\u0117\u017eti, kaligrafijai ir bandantiems \u012fvairius \u0161riftus. Patogus ir stilingas auk\u0161\u010diausios kokyb\u0117s \u201eManuscript Curve\u201c parkeris tinka visai su dailyra\u0161\u010diu susijusiai veiklai. \u0160io ra\u0161iklio plunksnas galima keisti, jis u\u017etikrina skland\u0173 ra\u0161alo sraut\u0105 ir kokybi\u0161k\u0105 darb\u0105. Lygus kotelis ir patogi juoda suimama dalis paver\u010dia \u0161\u012f ra\u0161ikl\u012f idealia ra\u0161ymo priemone bet kuriai u\u017eduo\u010diai ar k\u016brybai. Rinkinyje yra: Parkeris \u201eManuscript Curve\u201c Bet kokiems u\u017era\u0161ams tinkama irid\u017eio pluksna 1 ra\u0161alo kapsul\u0117\" \/>\n<meta property=\"og:url\" content=\"https:\/\/hobstop.ee\/lt\/produktas\/parkeris-manuscript-curve\/\" \/>\n<meta property=\"og:site_name\" content=\"Skizze\" \/>\n<meta property=\"article:publisher\" content=\"http:\/\/www.facebook.com\/VunderSkizze\" \/>\n<meta property=\"og:image\" content=\"https:\/\/hobstop.ee\/media\/5044.JPG\" \/>\n\t<meta property=\"og:image:width\" content=\"1024\" \/>\n\t<meta property=\"og:image:height\" content=\"768\" \/>\n\t<meta property=\"og:image:type\" content=\"image\/jpeg\" \/>\n<meta name=\"twitter:card\" content=\"summary_large_image\" \/>\n<meta name=\"twitter:label1\" content=\"Est. reading time\" \/>\n\t<meta name=\"twitter:data1\" content=\"1 minute\" \/>\n<script type=\"application\/ld+json\" class=\"yoast-schema-graph\">{\"@context\":\"https:\/\/schema.org\",\"@graph\":[{\"@type\":\"WebPage\",\"@id\":\"https:\/\/hobstop.ee\/lt\/produktas\/parkeris-manuscript-curve\/\",\"url\":\"https:\/\/hobstop.ee\/lt\/produktas\/parkeris-manuscript-curve\/\",\"name\":\"Parkeris Manuscript Curve &#8211; Skizze\",\"isPartOf\":{\"@id\":\"https:\/\/hobstop.ee\/lt\/#website\"},\"primaryImageOfPage\":{\"@id\":\"https:\/\/hobstop.ee\/lt\/produktas\/parkeris-manuscript-curve\/#primaryimage\"},\"image\":{\"@id\":\"https:\/\/hobstop.ee\/lt\/produktas\/parkeris-manuscript-curve\/#primaryimage\"},\"thumbnailUrl\":\"https:\/\/hobstop.ee\/media\/5044.JPG\",\"datePublished\":\"2019-11-20T10:40:19+00:00\",\"dateModified\":\"2019-11-20T10:40:19+00:00\",\"breadcrumb\":{\"@id\":\"https:\/\/hobstop.ee\/lt\/produktas\/parkeris-manuscript-curve\/#breadcrumb\"},\"inLanguage\":\"lt\",\"potentialAction\":[{\"@type\":\"ReadAction\",\"target\":[\"https:\/\/hobstop.ee\/lt\/produktas\/parkeris-manuscript-curve\/\"]}]},{\"@type\":\"ImageObject\",\"inLanguage\":\"lt\",\"@id\":\"https:\/\/hobstop.ee\/lt\/produktas\/parkeris-manuscript-curve\/#primaryimage\",\"url\":\"https:\/\/hobstop.ee\/media\/5044.JPG\",\"contentUrl\":\"https:\/\/hobstop.ee\/media\/5044.JPG\",\"width\":1024,\"height\":768},{\"@type\":\"BreadcrumbList\",\"@id\":\"https:\/\/hobstop.ee\/lt\/produktas\/parkeris-manuscript-curve\/#breadcrumb\",\"itemListElement\":[{\"@type\":\"ListItem\",\"position\":1,\"name\":\"Avaleht\",\"item\":\"https:\/\/hobstop.ee\/lt\/\"},{\"@type\":\"ListItem\",\"position\":2,\"name\":\"Parduotuv\u0117\",\"item\":\"https:\/\/hobstop.ee\/lt\/parduotuve\/\"},{\"@type\":\"ListItem\",\"position\":3,\"name\":\"Parkeris Manuscript Curve\"}]},{\"@type\":\"WebSite\",\"@id\":\"https:\/\/hobstop.ee\/lt\/#website\",\"url\":\"https:\/\/hobstop.ee\/lt\/\",\"name\":\"Skizze\",\"description\":\"Dail\u0117s, pom\u0117gi\u0173 ir mokykliniai reikm\u0117nys\",\"publisher\":{\"@id\":\"https:\/\/hobstop.ee\/lt\/#organization\"},\"potentialAction\":[{\"@type\":\"SearchAction\",\"target\":{\"@type\":\"EntryPoint\",\"urlTemplate\":\"https:\/\/hobstop.ee\/lt\/?s={search_term_string}\"},\"query-input\":{\"@type\":\"PropertyValueSpecification\",\"valueRequired\":true,\"valueName\":\"search_term_string\"}}],\"inLanguage\":\"lt\"},{\"@type\":\"Organization\",\"@id\":\"https:\/\/hobstop.ee\/lt\/#organization\",\"name\":\"Vunder AS\",\"url\":\"https:\/\/hobstop.ee\/lt\/\",\"logo\":{\"@type\":\"ImageObject\",\"inLanguage\":\"lt\",\"@id\":\"https:\/\/hobstop.ee\/lt\/#\/schema\/logo\/image\/\",\"url\":\"https:\/\/hobstop.ee\/media\/vunder-logo.png\",\"contentUrl\":\"https:\/\/hobstop.ee\/media\/vunder-logo.png\",\"width\":127,\"height\":55,\"caption\":\"Vunder AS\"},\"image\":{\"@id\":\"https:\/\/hobstop.ee\/lt\/#\/schema\/logo\/image\/\"},\"sameAs\":[\"http:\/\/www.facebook.com\/VunderSkizze\"]}]}<\/script>\n<!-- \/ Yoast SEO plugin. -->","yoast_head_json":{"title":"Parkeris Manuscript Curve &#8211; Skizze","robots":{"index":"noindex","follow":"follow","max-snippet":"max-snippet:-1","max-image-preview":"max-image-preview:large","max-video-preview":"max-video-preview:-1"},"og_locale":"lt_LT","og_type":"article","og_title":"Parkeris Manuscript Curve &#8211; Skizze","og_description":"Nesvarbu, ar tai kreiv\u0117s, br\u016bk\u0161tel\u0117jimai, kaligrafija ar rankdarbiai \u2013 auk\u0161\u010diausios kokyb\u0117s spalvotas \u201eManuscript Curve\u201c parkeris tinka viskam \u2013 linijoms br\u0117\u017eti, kaligrafijai ir bandantiems \u012fvairius \u0161riftus. Patogus ir stilingas auk\u0161\u010diausios kokyb\u0117s \u201eManuscript Curve\u201c parkeris tinka visai su dailyra\u0161\u010diu susijusiai veiklai. \u0160io ra\u0161iklio plunksnas galima keisti, jis u\u017etikrina skland\u0173 ra\u0161alo sraut\u0105 ir kokybi\u0161k\u0105 darb\u0105. Lygus kotelis ir patogi juoda suimama dalis paver\u010dia \u0161\u012f ra\u0161ikl\u012f idealia ra\u0161ymo priemone bet kuriai u\u017eduo\u010diai ar k\u016brybai. Rinkinyje yra: Parkeris \u201eManuscript Curve\u201c Bet kokiems u\u017era\u0161ams tinkama irid\u017eio pluksna 1 ra\u0161alo kapsul\u0117","og_url":"https:\/\/hobstop.ee\/lt\/produktas\/parkeris-manuscript-curve\/","og_site_name":"Skizze","article_publisher":"http:\/\/www.facebook.com\/VunderSkizze","og_image":[{"width":1024,"height":768,"url":"https:\/\/hobstop.ee\/media\/5044.JPG","type":"image\/jpeg"}],"twitter_card":"summary_large_image","twitter_misc":{"Est. reading time":"1 minute"},"schema":{"@context":"https:\/\/schema.org","@graph":[{"@type":"WebPage","@id":"https:\/\/hobstop.ee\/lt\/produktas\/parkeris-manuscript-curve\/","url":"https:\/\/hobstop.ee\/lt\/produktas\/parkeris-manuscript-curve\/","name":"Parkeris Manuscript Curve &#8211; Skizze","isPartOf":{"@id":"https:\/\/hobstop.ee\/lt\/#website"},"primaryImageOfPage":{"@id":"https:\/\/hobstop.ee\/lt\/produktas\/parkeris-manuscript-curve\/#primaryimage"},"image":{"@id":"https:\/\/hobstop.ee\/lt\/produktas\/parkeris-manuscript-curve\/#primaryimage"},"thumbnailUrl":"https:\/\/hobstop.ee\/media\/5044.JPG","datePublished":"2019-11-20T10:40:19+00:00","dateModified":"2019-11-20T10:40:19+00:00","breadcrumb":{"@id":"https:\/\/hobstop.ee\/lt\/produktas\/parkeris-manuscript-curve\/#breadcrumb"},"inLanguage":"lt","potentialAction":[{"@type":"ReadAction","target":["https:\/\/hobstop.ee\/lt\/produktas\/parkeris-manuscript-curve\/"]}]},{"@type":"ImageObject","inLanguage":"lt","@id":"https:\/\/hobstop.ee\/lt\/produktas\/parkeris-manuscript-curve\/#primaryimage","url":"https:\/\/hobstop.ee\/media\/5044.JPG","contentUrl":"https:\/\/hobstop.ee\/media\/5044.JPG","width":1024,"height":768},{"@type":"BreadcrumbList","@id":"https:\/\/hobstop.ee\/lt\/produktas\/parkeris-manuscript-curve\/#breadcrumb","itemListElement":[{"@type":"ListItem","position":1,"name":"Avaleht","item":"https:\/\/hobstop.ee\/lt\/"},{"@type":"ListItem","position":2,"name":"Parduotuv\u0117","item":"https:\/\/hobstop.ee\/lt\/parduotuve\/"},{"@type":"ListItem","position":3,"name":"Parkeris Manuscript Curve"}]},{"@type":"WebSite","@id":"https:\/\/hobstop.ee\/lt\/#website","url":"https:\/\/hobstop.ee\/lt\/","name":"Skizze","description":"Dail\u0117s, pom\u0117gi\u0173 ir mokykliniai reikm\u0117nys","publisher":{"@id":"https:\/\/hobstop.ee\/lt\/#organization"},"potentialAction":[{"@type":"SearchAction","target":{"@type":"EntryPoint","urlTemplate":"https:\/\/hobstop.ee\/lt\/?s={search_term_string}"},"query-input":{"@type":"PropertyValueSpecification","valueRequired":true,"valueName":"search_term_string"}}],"inLanguage":"lt"},{"@type":"Organization","@id":"https:\/\/hobstop.ee\/lt\/#organization","name":"Vunder AS","url":"https:\/\/hobstop.ee\/lt\/","logo":{"@type":"ImageObject","inLanguage":"lt","@id":"https:\/\/hobstop.ee\/lt\/#\/schema\/logo\/image\/","url":"https:\/\/hobstop.ee\/media\/vunder-logo.png","contentUrl":"https:\/\/hobstop.ee\/media\/vunder-logo.png","width":127,"height":55,"caption":"Vunder AS"},"image":{"@id":"https:\/\/hobstop.ee\/lt\/#\/schema\/logo\/image\/"},"sameAs":["http:\/\/www.facebook.com\/VunderSkizze"]}]}},"_links":{"self":[{"href":"https:\/\/hobstop.ee\/lt\/wp-json\/wp\/v2\/product\/339571","targetHints":{"allow":["GET"]}}],"collection":[{"href":"https:\/\/hobstop.ee\/lt\/wp-json\/wp\/v2\/product"}],"about":[{"href":"https:\/\/hobstop.ee\/lt\/wp-json\/wp\/v2\/types\/product"}],"replies":[{"embeddable":true,"href":"https:\/\/hobstop.ee\/lt\/wp-json\/wp\/v2\/comments?post=339571"}],"wp:featuredmedia":[{"embeddable":true,"href":"https:\/\/hobstop.ee\/lt\/wp-json\/wp\/v2\/media\/353204"}],"wp:attachment":[{"href":"https:\/\/hobstop.ee\/lt\/wp-json\/wp\/v2\/media?parent=339571"}],"wp:term":[{"taxonomy":"product_cat","embeddable":true,"href":"https:\/\/hobstop.ee\/lt\/wp-json\/wp\/v2\/product_cat?post=339571"},{"taxonomy":"product_tag","embeddable":true,"href":"https:\/\/hobstop.ee\/lt\/wp-json\/wp\/v2\/product_tag?post=339571"}],"curies":[{"name":"wp","href":"https:\/\/api.w.org\/{rel}","templated":true}]}}