{"id":339575,"date":"2019-11-20T12:40:21","date_gmt":"2019-11-20T10:40:27","guid":{"rendered":"https:\/\/sharks.ee\/vunder_2019\/product\/tusas-kaligrafijai-manuscript-shimmerink-25ml\/"},"modified":"2019-11-20T12:40:27","modified_gmt":"2019-11-20T10:40:27","slug":"tusas-kaligrafijai-manuscript-shimmerink-25ml","status":"publish","type":"product","link":"https:\/\/hobstop.ee\/lt\/produktas\/tusas-kaligrafijai-manuscript-shimmerink-25ml\/","title":{"rendered":"Tu\u0161as kaligrafijai Manuscript ShimmerInk 25ml"},"content":{"rendered":"<p>Kurkite \u017e\u0117rin\u010dius u\u017era\u0161us su universaliu ra\u0161alu \u201eManuscript ShimmerInks\u201c. Tinka naudoti su plunksnako\u010diais, parkeriais ir net aerografais, nes galimyb\u0117s yra begalin\u0117s! \u0160is ra\u0161alas idealiai tinka \u0161iuolaikiniams kaligrafijos u\u017era\u0161ams kurti arba tiesiog suteikti unikalumo rankdarbiams. Supakuotas \u012f eleganti\u0161k\u0105 plastikin\u012f 25ml buteliuk\u0105. Jeigu naudojamas parkeryje, kad ra\u0161alas pratek\u0117t\u0173, rekomenduojame reguliariai j\u012f valyti.<\/p>\n","protected":false},"excerpt":{"rendered":"<p>Kurkite \u017e\u0117rin\u010dius u\u017era\u0161us su universaliu ra\u0161alu \u201eManuscript ShimmerInks\u201c. Tinka naudoti su plunksnako\u010diais, parkeriais ir net aerografais, nes galimyb\u0117s yra begalin\u0117s! \u0160is ra\u0161alas idealiai tinka \u0161iuolaikiniams kaligrafijos u\u017era\u0161ams kurti arba tiesiog suteikti unikalumo rankdarbiams. Supakuotas \u012f eleganti\u0161k\u0105 plastikin\u012f 25ml buteliuk\u0105. Jeigu naudojamas parkeryje, kad ra\u0161alas pratek\u0117t\u0173, rekomenduojame reguliariai j\u012f valyti.<\/p>\n","protected":false},"featured_media":353196,"comment_status":"closed","ping_status":"closed","template":"","meta":{"_acf_changed":false,"ep_exclude_from_search":false},"product_cat":[20361],"product_tag":[],"class_list":{"0":"post-339575","1":"product","2":"type-product","3":"status-publish","4":"has-post-thumbnail","6":"product_cat-maaramata","8":"first","9":"instock","10":"taxable","11":"shipping-taxable","12":"product-type-simple"},"acf":[],"yoast_head":"<!-- This site is optimized with the Yoast SEO plugin v24.1 - https:\/\/yoast.com\/wordpress\/plugins\/seo\/ -->\n<title>Tu\u0161as kaligrafijai Manuscript ShimmerInk 25ml &#8211; Skizze<\/title>\n<meta name=\"robots\" content=\"noindex, follow, max-snippet:-1, max-image-preview:large, max-video-preview:-1\" \/>\n<meta property=\"og:locale\" content=\"lt_LT\" \/>\n<meta property=\"og:type\" content=\"article\" \/>\n<meta property=\"og:title\" content=\"Tu\u0161as kaligrafijai Manuscript ShimmerInk 25ml &#8211; Skizze\" \/>\n<meta property=\"og:description\" content=\"Kurkite \u017e\u0117rin\u010dius u\u017era\u0161us su universaliu ra\u0161alu \u201eManuscript ShimmerInks\u201c. Tinka naudoti su plunksnako\u010diais, parkeriais ir net aerografais, nes galimyb\u0117s yra begalin\u0117s! \u0160is ra\u0161alas idealiai tinka \u0161iuolaikiniams kaligrafijos u\u017era\u0161ams kurti arba tiesiog suteikti unikalumo rankdarbiams. Supakuotas \u012f eleganti\u0161k\u0105 plastikin\u012f 25ml buteliuk\u0105. Jeigu naudojamas parkeryje, kad ra\u0161alas pratek\u0117t\u0173, rekomenduojame reguliariai j\u012f valyti.\" \/>\n<meta property=\"og:url\" content=\"https:\/\/hobstop.ee\/lt\/produktas\/tusas-kaligrafijai-manuscript-shimmerink-25ml\/\" \/>\n<meta property=\"og:site_name\" content=\"Skizze\" \/>\n<meta property=\"article:publisher\" content=\"http:\/\/www.facebook.com\/VunderSkizze\" \/>\n<meta property=\"og:image\" content=\"https:\/\/hobstop.ee\/media\/5045.jpg\" \/>\n\t<meta property=\"og:image:width\" content=\"1024\" \/>\n\t<meta property=\"og:image:height\" content=\"768\" \/>\n\t<meta property=\"og:image:type\" content=\"image\/jpeg\" \/>\n<meta name=\"twitter:card\" content=\"summary_large_image\" \/>\n<script type=\"application\/ld+json\" class=\"yoast-schema-graph\">{\"@context\":\"https:\/\/schema.org\",\"@graph\":[{\"@type\":\"WebPage\",\"@id\":\"https:\/\/hobstop.ee\/lt\/produktas\/tusas-kaligrafijai-manuscript-shimmerink-25ml\/\",\"url\":\"https:\/\/hobstop.ee\/lt\/produktas\/tusas-kaligrafijai-manuscript-shimmerink-25ml\/\",\"name\":\"Tu\u0161as kaligrafijai Manuscript ShimmerInk 25ml &#8211; Skizze\",\"isPartOf\":{\"@id\":\"https:\/\/hobstop.ee\/lt\/#website\"},\"primaryImageOfPage\":{\"@id\":\"https:\/\/hobstop.ee\/lt\/produktas\/tusas-kaligrafijai-manuscript-shimmerink-25ml\/#primaryimage\"},\"image\":{\"@id\":\"https:\/\/hobstop.ee\/lt\/produktas\/tusas-kaligrafijai-manuscript-shimmerink-25ml\/#primaryimage\"},\"thumbnailUrl\":\"https:\/\/hobstop.ee\/media\/5045.jpg\",\"datePublished\":\"2019-11-20T10:40:27+00:00\",\"dateModified\":\"2019-11-20T10:40:27+00:00\",\"breadcrumb\":{\"@id\":\"https:\/\/hobstop.ee\/lt\/produktas\/tusas-kaligrafijai-manuscript-shimmerink-25ml\/#breadcrumb\"},\"inLanguage\":\"lt\",\"potentialAction\":[{\"@type\":\"ReadAction\",\"target\":[\"https:\/\/hobstop.ee\/lt\/produktas\/tusas-kaligrafijai-manuscript-shimmerink-25ml\/\"]}]},{\"@type\":\"ImageObject\",\"inLanguage\":\"lt\",\"@id\":\"https:\/\/hobstop.ee\/lt\/produktas\/tusas-kaligrafijai-manuscript-shimmerink-25ml\/#primaryimage\",\"url\":\"https:\/\/hobstop.ee\/media\/5045.jpg\",\"contentUrl\":\"https:\/\/hobstop.ee\/media\/5045.jpg\",\"width\":1024,\"height\":768},{\"@type\":\"BreadcrumbList\",\"@id\":\"https:\/\/hobstop.ee\/lt\/produktas\/tusas-kaligrafijai-manuscript-shimmerink-25ml\/#breadcrumb\",\"itemListElement\":[{\"@type\":\"ListItem\",\"position\":1,\"name\":\"Avaleht\",\"item\":\"https:\/\/hobstop.ee\/lt\/\"},{\"@type\":\"ListItem\",\"position\":2,\"name\":\"Parduotuv\u0117\",\"item\":\"https:\/\/hobstop.ee\/lt\/parduotuve\/\"},{\"@type\":\"ListItem\",\"position\":3,\"name\":\"Tu\u0161as kaligrafijai Manuscript ShimmerInk 25ml\"}]},{\"@type\":\"WebSite\",\"@id\":\"https:\/\/hobstop.ee\/lt\/#website\",\"url\":\"https:\/\/hobstop.ee\/lt\/\",\"name\":\"Skizze\",\"description\":\"Dail\u0117s, pom\u0117gi\u0173 ir mokykliniai reikm\u0117nys\",\"publisher\":{\"@id\":\"https:\/\/hobstop.ee\/lt\/#organization\"},\"potentialAction\":[{\"@type\":\"SearchAction\",\"target\":{\"@type\":\"EntryPoint\",\"urlTemplate\":\"https:\/\/hobstop.ee\/lt\/?s={search_term_string}\"},\"query-input\":{\"@type\":\"PropertyValueSpecification\",\"valueRequired\":true,\"valueName\":\"search_term_string\"}}],\"inLanguage\":\"lt\"},{\"@type\":\"Organization\",\"@id\":\"https:\/\/hobstop.ee\/lt\/#organization\",\"name\":\"Vunder AS\",\"url\":\"https:\/\/hobstop.ee\/lt\/\",\"logo\":{\"@type\":\"ImageObject\",\"inLanguage\":\"lt\",\"@id\":\"https:\/\/hobstop.ee\/lt\/#\/schema\/logo\/image\/\",\"url\":\"https:\/\/hobstop.ee\/media\/vunder-logo.png\",\"contentUrl\":\"https:\/\/hobstop.ee\/media\/vunder-logo.png\",\"width\":127,\"height\":55,\"caption\":\"Vunder AS\"},\"image\":{\"@id\":\"https:\/\/hobstop.ee\/lt\/#\/schema\/logo\/image\/\"},\"sameAs\":[\"http:\/\/www.facebook.com\/VunderSkizze\"]}]}<\/script>\n<!-- \/ Yoast SEO plugin. -->","yoast_head_json":{"title":"Tu\u0161as kaligrafijai Manuscript ShimmerInk 25ml &#8211; Skizze","robots":{"index":"noindex","follow":"follow","max-snippet":"max-snippet:-1","max-image-preview":"max-image-preview:large","max-video-preview":"max-video-preview:-1"},"og_locale":"lt_LT","og_type":"article","og_title":"Tu\u0161as kaligrafijai Manuscript ShimmerInk 25ml &#8211; Skizze","og_description":"Kurkite \u017e\u0117rin\u010dius u\u017era\u0161us su universaliu ra\u0161alu \u201eManuscript ShimmerInks\u201c. Tinka naudoti su plunksnako\u010diais, parkeriais ir net aerografais, nes galimyb\u0117s yra begalin\u0117s! \u0160is ra\u0161alas idealiai tinka \u0161iuolaikiniams kaligrafijos u\u017era\u0161ams kurti arba tiesiog suteikti unikalumo rankdarbiams. Supakuotas \u012f eleganti\u0161k\u0105 plastikin\u012f 25ml buteliuk\u0105. Jeigu naudojamas parkeryje, kad ra\u0161alas pratek\u0117t\u0173, rekomenduojame reguliariai j\u012f valyti.","og_url":"https:\/\/hobstop.ee\/lt\/produktas\/tusas-kaligrafijai-manuscript-shimmerink-25ml\/","og_site_name":"Skizze","article_publisher":"http:\/\/www.facebook.com\/VunderSkizze","og_image":[{"width":1024,"height":768,"url":"https:\/\/hobstop.ee\/media\/5045.jpg","type":"image\/jpeg"}],"twitter_card":"summary_large_image","schema":{"@context":"https:\/\/schema.org","@graph":[{"@type":"WebPage","@id":"https:\/\/hobstop.ee\/lt\/produktas\/tusas-kaligrafijai-manuscript-shimmerink-25ml\/","url":"https:\/\/hobstop.ee\/lt\/produktas\/tusas-kaligrafijai-manuscript-shimmerink-25ml\/","name":"Tu\u0161as kaligrafijai Manuscript ShimmerInk 25ml &#8211; Skizze","isPartOf":{"@id":"https:\/\/hobstop.ee\/lt\/#website"},"primaryImageOfPage":{"@id":"https:\/\/hobstop.ee\/lt\/produktas\/tusas-kaligrafijai-manuscript-shimmerink-25ml\/#primaryimage"},"image":{"@id":"https:\/\/hobstop.ee\/lt\/produktas\/tusas-kaligrafijai-manuscript-shimmerink-25ml\/#primaryimage"},"thumbnailUrl":"https:\/\/hobstop.ee\/media\/5045.jpg","datePublished":"2019-11-20T10:40:27+00:00","dateModified":"2019-11-20T10:40:27+00:00","breadcrumb":{"@id":"https:\/\/hobstop.ee\/lt\/produktas\/tusas-kaligrafijai-manuscript-shimmerink-25ml\/#breadcrumb"},"inLanguage":"lt","potentialAction":[{"@type":"ReadAction","target":["https:\/\/hobstop.ee\/lt\/produktas\/tusas-kaligrafijai-manuscript-shimmerink-25ml\/"]}]},{"@type":"ImageObject","inLanguage":"lt","@id":"https:\/\/hobstop.ee\/lt\/produktas\/tusas-kaligrafijai-manuscript-shimmerink-25ml\/#primaryimage","url":"https:\/\/hobstop.ee\/media\/5045.jpg","contentUrl":"https:\/\/hobstop.ee\/media\/5045.jpg","width":1024,"height":768},{"@type":"BreadcrumbList","@id":"https:\/\/hobstop.ee\/lt\/produktas\/tusas-kaligrafijai-manuscript-shimmerink-25ml\/#breadcrumb","itemListElement":[{"@type":"ListItem","position":1,"name":"Avaleht","item":"https:\/\/hobstop.ee\/lt\/"},{"@type":"ListItem","position":2,"name":"Parduotuv\u0117","item":"https:\/\/hobstop.ee\/lt\/parduotuve\/"},{"@type":"ListItem","position":3,"name":"Tu\u0161as kaligrafijai Manuscript ShimmerInk 25ml"}]},{"@type":"WebSite","@id":"https:\/\/hobstop.ee\/lt\/#website","url":"https:\/\/hobstop.ee\/lt\/","name":"Skizze","description":"Dail\u0117s, pom\u0117gi\u0173 ir mokykliniai reikm\u0117nys","publisher":{"@id":"https:\/\/hobstop.ee\/lt\/#organization"},"potentialAction":[{"@type":"SearchAction","target":{"@type":"EntryPoint","urlTemplate":"https:\/\/hobstop.ee\/lt\/?s={search_term_string}"},"query-input":{"@type":"PropertyValueSpecification","valueRequired":true,"valueName":"search_term_string"}}],"inLanguage":"lt"},{"@type":"Organization","@id":"https:\/\/hobstop.ee\/lt\/#organization","name":"Vunder AS","url":"https:\/\/hobstop.ee\/lt\/","logo":{"@type":"ImageObject","inLanguage":"lt","@id":"https:\/\/hobstop.ee\/lt\/#\/schema\/logo\/image\/","url":"https:\/\/hobstop.ee\/media\/vunder-logo.png","contentUrl":"https:\/\/hobstop.ee\/media\/vunder-logo.png","width":127,"height":55,"caption":"Vunder AS"},"image":{"@id":"https:\/\/hobstop.ee\/lt\/#\/schema\/logo\/image\/"},"sameAs":["http:\/\/www.facebook.com\/VunderSkizze"]}]}},"_links":{"self":[{"href":"https:\/\/hobstop.ee\/lt\/wp-json\/wp\/v2\/product\/339575","targetHints":{"allow":["GET"]}}],"collection":[{"href":"https:\/\/hobstop.ee\/lt\/wp-json\/wp\/v2\/product"}],"about":[{"href":"https:\/\/hobstop.ee\/lt\/wp-json\/wp\/v2\/types\/product"}],"replies":[{"embeddable":true,"href":"https:\/\/hobstop.ee\/lt\/wp-json\/wp\/v2\/comments?post=339575"}],"wp:featuredmedia":[{"embeddable":true,"href":"https:\/\/hobstop.ee\/lt\/wp-json\/wp\/v2\/media\/353196"}],"wp:attachment":[{"href":"https:\/\/hobstop.ee\/lt\/wp-json\/wp\/v2\/media?parent=339575"}],"wp:term":[{"taxonomy":"product_cat","embeddable":true,"href":"https:\/\/hobstop.ee\/lt\/wp-json\/wp\/v2\/product_cat?post=339575"},{"taxonomy":"product_tag","embeddable":true,"href":"https:\/\/hobstop.ee\/lt\/wp-json\/wp\/v2\/product_tag?post=339575"}],"curies":[{"name":"wp","href":"https:\/\/api.w.org\/{rel}","templated":true}]}}