{"id":339583,"date":"2019-11-20T12:40:38","date_gmt":"2019-11-20T10:40:43","guid":{"rendered":"https:\/\/sharks.ee\/vunder_2019\/product\/universalus-klijai-aleenes-super-thick-tacky\/"},"modified":"2019-11-20T12:40:43","modified_gmt":"2019-11-20T10:40:43","slug":"universalus-klijai-aleenes-super-thick-tacky","status":"publish","type":"product","link":"https:\/\/hobstop.ee\/lt\/produktas\/universalus-klijai-aleenes-super-thick-tacky\/","title":{"rendered":"Universal\u016bs klijai Aleene&#8217;s Super Thick Tacky"},"content":{"rendered":"<p>Tai klijai, kuri\u0173 nereikia kaitinti, ta\u010diau yra tokie patys tvirti, tarsi i\u0161 klij\u0173 pistoleto! D\u0117l savo ne\u012ftik\u0117tinai tir\u0161tos konsistencijos klijai \u201eSuper Thick Tacky Glue\u201c greitai prilimpa ir suklijuoja sunkiai klijuojamus daiktus, tod\u0117l puikiai tinka darbui su sud\u0117tingais projektais ir ma\u017eais daiktais, kuriuos reikia skubiai suklijuoti. \u0160ie universal\u016bs klijai i\u0161d\u017ei\u016bv\u0119 tampa skaidr\u016bs ir yra atspar\u016bs \u0161ilumai ir \u0161al\u010diui, tod\u0117l patikimi ir tinka \u012fvairiems poreikiams. Idealiai tinka veltiniui, g\u0117li\u0173 putplas\u010diui, keramikai, akmeniui, stiklui, audiniams, odai ir brangakmeniams klijuoti.<\/p>\n<p>&#8211; Nenuodingi, pagaminti vandens pagrindu, pakei\u010dia kaitinamus klij\u0173 pistoleto klijus.<br \/>\n&#8211; Universal\u016bs.<br \/>\n&#8211; Itin tir\u0161tos konsistencijos, nenutekantys.<br \/>\n&#8211; Suklijuoja per akimirk\u0105.<br \/>\n&#8211; Atspar\u016bs kar\u0161\u010diui ir \u0161al\u010diui.<br \/>\n&#8211; Greitai suklijuoja.<br \/>\n&#8211; I\u0161d\u017ei\u016bv\u0119 tampa skaidr\u016bs.<\/p>\n","protected":false},"excerpt":{"rendered":"<p>Tai klijai, kuri\u0173 nereikia kaitinti, ta\u010diau yra tokie patys tvirti, tarsi i\u0161 klij\u0173 pistoleto! D\u0117l savo ne\u012ftik\u0117tinai tir\u0161tos konsistencijos klijai \u201eSuper Thick Tacky Glue\u201c greitai prilimpa ir suklijuoja sunkiai klijuojamus daiktus, tod\u0117l puikiai tinka darbui su sud\u0117tingais projektais ir ma\u017eais daiktais, kuriuos reikia skubiai suklijuoti. \u0160ie universal\u016bs klijai i\u0161d\u017ei\u016bv\u0119 tampa skaidr\u016bs ir yra atspar\u016bs \u0161ilumai ir \u0161al\u010diui, tod\u0117l patikimi ir tinka \u012fvairiems poreikiams. Idealiai tinka veltiniui, g\u0117li\u0173 putplas\u010diui, keramikai, akmeniui, stiklui, audiniams, odai ir brangakmeniams klijuoti. &#8211; Nenuodingi, pagaminti vandens pagrindu, pakei\u010dia kaitinamus klij\u0173 pistoleto klijus. &#8211; Universal\u016bs. &#8211; Itin tir\u0161tos konsistencijos, nenutekantys. &#8211; Suklijuoja per akimirk\u0105. &#8211; Atspar\u016bs kar\u0161\u010diui ir \u0161al\u010diui. &#8211; Greitai suklijuoja. &#8211; I\u0161d\u017ei\u016bv\u0119 tampa skaidr\u016bs.<\/p>\n","protected":false},"featured_media":353192,"comment_status":"closed","ping_status":"closed","template":"","meta":{"_acf_changed":false,"ep_exclude_from_search":false},"product_cat":[20361],"product_tag":[],"class_list":{"0":"post-339583","1":"product","2":"type-product","3":"status-publish","4":"has-post-thumbnail","6":"product_cat-maaramata","8":"first","9":"instock","10":"taxable","11":"shipping-taxable","12":"product-type-simple"},"acf":[],"yoast_head":"<!-- This site is optimized with the Yoast SEO plugin v24.1 - https:\/\/yoast.com\/wordpress\/plugins\/seo\/ -->\n<title>Universal\u016bs klijai Aleene&#039;s Super Thick Tacky &#8211; Skizze<\/title>\n<meta name=\"robots\" content=\"noindex, follow, max-snippet:-1, max-image-preview:large, max-video-preview:-1\" \/>\n<meta property=\"og:locale\" content=\"lt_LT\" \/>\n<meta property=\"og:type\" content=\"article\" \/>\n<meta property=\"og:title\" content=\"Universal\u016bs klijai Aleene&#039;s Super Thick Tacky &#8211; Skizze\" \/>\n<meta property=\"og:description\" content=\"Tai klijai, kuri\u0173 nereikia kaitinti, ta\u010diau yra tokie patys tvirti, tarsi i\u0161 klij\u0173 pistoleto! D\u0117l savo ne\u012ftik\u0117tinai tir\u0161tos konsistencijos klijai \u201eSuper Thick Tacky Glue\u201c greitai prilimpa ir suklijuoja sunkiai klijuojamus daiktus, tod\u0117l puikiai tinka darbui su sud\u0117tingais projektais ir ma\u017eais daiktais, kuriuos reikia skubiai suklijuoti. \u0160ie universal\u016bs klijai i\u0161d\u017ei\u016bv\u0119 tampa skaidr\u016bs ir yra atspar\u016bs \u0161ilumai ir \u0161al\u010diui, tod\u0117l patikimi ir tinka \u012fvairiems poreikiams. Idealiai tinka veltiniui, g\u0117li\u0173 putplas\u010diui, keramikai, akmeniui, stiklui, audiniams, odai ir brangakmeniams klijuoti. &#8211; Nenuodingi, pagaminti vandens pagrindu, pakei\u010dia kaitinamus klij\u0173 pistoleto klijus. &#8211; Universal\u016bs. &#8211; Itin tir\u0161tos konsistencijos, nenutekantys. &#8211; Suklijuoja per akimirk\u0105. &#8211; Atspar\u016bs kar\u0161\u010diui ir \u0161al\u010diui. &#8211; Greitai suklijuoja. &#8211; I\u0161d\u017ei\u016bv\u0119 tampa skaidr\u016bs.\" \/>\n<meta property=\"og:url\" content=\"https:\/\/hobstop.ee\/lt\/produktas\/universalus-klijai-aleenes-super-thick-tacky\/\" \/>\n<meta property=\"og:site_name\" content=\"Skizze\" \/>\n<meta property=\"article:publisher\" content=\"http:\/\/www.facebook.com\/VunderSkizze\" \/>\n<meta property=\"og:image\" content=\"https:\/\/hobstop.ee\/media\/5047.jpg\" \/>\n\t<meta property=\"og:image:width\" content=\"1024\" \/>\n\t<meta property=\"og:image:height\" content=\"768\" \/>\n\t<meta property=\"og:image:type\" content=\"image\/jpeg\" \/>\n<meta name=\"twitter:card\" content=\"summary_large_image\" \/>\n<meta name=\"twitter:label1\" content=\"Est. reading time\" \/>\n\t<meta name=\"twitter:data1\" content=\"1 minute\" \/>\n<script type=\"application\/ld+json\" class=\"yoast-schema-graph\">{\"@context\":\"https:\/\/schema.org\",\"@graph\":[{\"@type\":\"WebPage\",\"@id\":\"https:\/\/hobstop.ee\/lt\/produktas\/universalus-klijai-aleenes-super-thick-tacky\/\",\"url\":\"https:\/\/hobstop.ee\/lt\/produktas\/universalus-klijai-aleenes-super-thick-tacky\/\",\"name\":\"Universal\u016bs klijai Aleene's Super Thick Tacky &#8211; Skizze\",\"isPartOf\":{\"@id\":\"https:\/\/hobstop.ee\/lt\/#website\"},\"primaryImageOfPage\":{\"@id\":\"https:\/\/hobstop.ee\/lt\/produktas\/universalus-klijai-aleenes-super-thick-tacky\/#primaryimage\"},\"image\":{\"@id\":\"https:\/\/hobstop.ee\/lt\/produktas\/universalus-klijai-aleenes-super-thick-tacky\/#primaryimage\"},\"thumbnailUrl\":\"https:\/\/hobstop.ee\/media\/5047.jpg\",\"datePublished\":\"2019-11-20T10:40:43+00:00\",\"dateModified\":\"2019-11-20T10:40:43+00:00\",\"breadcrumb\":{\"@id\":\"https:\/\/hobstop.ee\/lt\/produktas\/universalus-klijai-aleenes-super-thick-tacky\/#breadcrumb\"},\"inLanguage\":\"lt\",\"potentialAction\":[{\"@type\":\"ReadAction\",\"target\":[\"https:\/\/hobstop.ee\/lt\/produktas\/universalus-klijai-aleenes-super-thick-tacky\/\"]}]},{\"@type\":\"ImageObject\",\"inLanguage\":\"lt\",\"@id\":\"https:\/\/hobstop.ee\/lt\/produktas\/universalus-klijai-aleenes-super-thick-tacky\/#primaryimage\",\"url\":\"https:\/\/hobstop.ee\/media\/5047.jpg\",\"contentUrl\":\"https:\/\/hobstop.ee\/media\/5047.jpg\",\"width\":1024,\"height\":768},{\"@type\":\"BreadcrumbList\",\"@id\":\"https:\/\/hobstop.ee\/lt\/produktas\/universalus-klijai-aleenes-super-thick-tacky\/#breadcrumb\",\"itemListElement\":[{\"@type\":\"ListItem\",\"position\":1,\"name\":\"Avaleht\",\"item\":\"https:\/\/hobstop.ee\/lt\/\"},{\"@type\":\"ListItem\",\"position\":2,\"name\":\"Parduotuv\u0117\",\"item\":\"https:\/\/hobstop.ee\/lt\/parduotuve\/\"},{\"@type\":\"ListItem\",\"position\":3,\"name\":\"Universal\u016bs klijai Aleene&#8217;s Super Thick Tacky\"}]},{\"@type\":\"WebSite\",\"@id\":\"https:\/\/hobstop.ee\/lt\/#website\",\"url\":\"https:\/\/hobstop.ee\/lt\/\",\"name\":\"Skizze\",\"description\":\"Dail\u0117s, pom\u0117gi\u0173 ir mokykliniai reikm\u0117nys\",\"publisher\":{\"@id\":\"https:\/\/hobstop.ee\/lt\/#organization\"},\"potentialAction\":[{\"@type\":\"SearchAction\",\"target\":{\"@type\":\"EntryPoint\",\"urlTemplate\":\"https:\/\/hobstop.ee\/lt\/?s={search_term_string}\"},\"query-input\":{\"@type\":\"PropertyValueSpecification\",\"valueRequired\":true,\"valueName\":\"search_term_string\"}}],\"inLanguage\":\"lt\"},{\"@type\":\"Organization\",\"@id\":\"https:\/\/hobstop.ee\/lt\/#organization\",\"name\":\"Vunder AS\",\"url\":\"https:\/\/hobstop.ee\/lt\/\",\"logo\":{\"@type\":\"ImageObject\",\"inLanguage\":\"lt\",\"@id\":\"https:\/\/hobstop.ee\/lt\/#\/schema\/logo\/image\/\",\"url\":\"https:\/\/hobstop.ee\/media\/vunder-logo.png\",\"contentUrl\":\"https:\/\/hobstop.ee\/media\/vunder-logo.png\",\"width\":127,\"height\":55,\"caption\":\"Vunder AS\"},\"image\":{\"@id\":\"https:\/\/hobstop.ee\/lt\/#\/schema\/logo\/image\/\"},\"sameAs\":[\"http:\/\/www.facebook.com\/VunderSkizze\"]}]}<\/script>\n<!-- \/ Yoast SEO plugin. -->","yoast_head_json":{"title":"Universal\u016bs klijai Aleene's Super Thick Tacky &#8211; Skizze","robots":{"index":"noindex","follow":"follow","max-snippet":"max-snippet:-1","max-image-preview":"max-image-preview:large","max-video-preview":"max-video-preview:-1"},"og_locale":"lt_LT","og_type":"article","og_title":"Universal\u016bs klijai Aleene's Super Thick Tacky &#8211; Skizze","og_description":"Tai klijai, kuri\u0173 nereikia kaitinti, ta\u010diau yra tokie patys tvirti, tarsi i\u0161 klij\u0173 pistoleto! D\u0117l savo ne\u012ftik\u0117tinai tir\u0161tos konsistencijos klijai \u201eSuper Thick Tacky Glue\u201c greitai prilimpa ir suklijuoja sunkiai klijuojamus daiktus, tod\u0117l puikiai tinka darbui su sud\u0117tingais projektais ir ma\u017eais daiktais, kuriuos reikia skubiai suklijuoti. \u0160ie universal\u016bs klijai i\u0161d\u017ei\u016bv\u0119 tampa skaidr\u016bs ir yra atspar\u016bs \u0161ilumai ir \u0161al\u010diui, tod\u0117l patikimi ir tinka \u012fvairiems poreikiams. Idealiai tinka veltiniui, g\u0117li\u0173 putplas\u010diui, keramikai, akmeniui, stiklui, audiniams, odai ir brangakmeniams klijuoti. &#8211; Nenuodingi, pagaminti vandens pagrindu, pakei\u010dia kaitinamus klij\u0173 pistoleto klijus. &#8211; Universal\u016bs. &#8211; Itin tir\u0161tos konsistencijos, nenutekantys. &#8211; Suklijuoja per akimirk\u0105. &#8211; Atspar\u016bs kar\u0161\u010diui ir \u0161al\u010diui. &#8211; Greitai suklijuoja. &#8211; I\u0161d\u017ei\u016bv\u0119 tampa skaidr\u016bs.","og_url":"https:\/\/hobstop.ee\/lt\/produktas\/universalus-klijai-aleenes-super-thick-tacky\/","og_site_name":"Skizze","article_publisher":"http:\/\/www.facebook.com\/VunderSkizze","og_image":[{"width":1024,"height":768,"url":"https:\/\/hobstop.ee\/media\/5047.jpg","type":"image\/jpeg"}],"twitter_card":"summary_large_image","twitter_misc":{"Est. reading time":"1 minute"},"schema":{"@context":"https:\/\/schema.org","@graph":[{"@type":"WebPage","@id":"https:\/\/hobstop.ee\/lt\/produktas\/universalus-klijai-aleenes-super-thick-tacky\/","url":"https:\/\/hobstop.ee\/lt\/produktas\/universalus-klijai-aleenes-super-thick-tacky\/","name":"Universal\u016bs klijai Aleene's Super Thick Tacky &#8211; Skizze","isPartOf":{"@id":"https:\/\/hobstop.ee\/lt\/#website"},"primaryImageOfPage":{"@id":"https:\/\/hobstop.ee\/lt\/produktas\/universalus-klijai-aleenes-super-thick-tacky\/#primaryimage"},"image":{"@id":"https:\/\/hobstop.ee\/lt\/produktas\/universalus-klijai-aleenes-super-thick-tacky\/#primaryimage"},"thumbnailUrl":"https:\/\/hobstop.ee\/media\/5047.jpg","datePublished":"2019-11-20T10:40:43+00:00","dateModified":"2019-11-20T10:40:43+00:00","breadcrumb":{"@id":"https:\/\/hobstop.ee\/lt\/produktas\/universalus-klijai-aleenes-super-thick-tacky\/#breadcrumb"},"inLanguage":"lt","potentialAction":[{"@type":"ReadAction","target":["https:\/\/hobstop.ee\/lt\/produktas\/universalus-klijai-aleenes-super-thick-tacky\/"]}]},{"@type":"ImageObject","inLanguage":"lt","@id":"https:\/\/hobstop.ee\/lt\/produktas\/universalus-klijai-aleenes-super-thick-tacky\/#primaryimage","url":"https:\/\/hobstop.ee\/media\/5047.jpg","contentUrl":"https:\/\/hobstop.ee\/media\/5047.jpg","width":1024,"height":768},{"@type":"BreadcrumbList","@id":"https:\/\/hobstop.ee\/lt\/produktas\/universalus-klijai-aleenes-super-thick-tacky\/#breadcrumb","itemListElement":[{"@type":"ListItem","position":1,"name":"Avaleht","item":"https:\/\/hobstop.ee\/lt\/"},{"@type":"ListItem","position":2,"name":"Parduotuv\u0117","item":"https:\/\/hobstop.ee\/lt\/parduotuve\/"},{"@type":"ListItem","position":3,"name":"Universal\u016bs klijai Aleene&#8217;s Super Thick Tacky"}]},{"@type":"WebSite","@id":"https:\/\/hobstop.ee\/lt\/#website","url":"https:\/\/hobstop.ee\/lt\/","name":"Skizze","description":"Dail\u0117s, pom\u0117gi\u0173 ir mokykliniai reikm\u0117nys","publisher":{"@id":"https:\/\/hobstop.ee\/lt\/#organization"},"potentialAction":[{"@type":"SearchAction","target":{"@type":"EntryPoint","urlTemplate":"https:\/\/hobstop.ee\/lt\/?s={search_term_string}"},"query-input":{"@type":"PropertyValueSpecification","valueRequired":true,"valueName":"search_term_string"}}],"inLanguage":"lt"},{"@type":"Organization","@id":"https:\/\/hobstop.ee\/lt\/#organization","name":"Vunder AS","url":"https:\/\/hobstop.ee\/lt\/","logo":{"@type":"ImageObject","inLanguage":"lt","@id":"https:\/\/hobstop.ee\/lt\/#\/schema\/logo\/image\/","url":"https:\/\/hobstop.ee\/media\/vunder-logo.png","contentUrl":"https:\/\/hobstop.ee\/media\/vunder-logo.png","width":127,"height":55,"caption":"Vunder AS"},"image":{"@id":"https:\/\/hobstop.ee\/lt\/#\/schema\/logo\/image\/"},"sameAs":["http:\/\/www.facebook.com\/VunderSkizze"]}]}},"_links":{"self":[{"href":"https:\/\/hobstop.ee\/lt\/wp-json\/wp\/v2\/product\/339583","targetHints":{"allow":["GET"]}}],"collection":[{"href":"https:\/\/hobstop.ee\/lt\/wp-json\/wp\/v2\/product"}],"about":[{"href":"https:\/\/hobstop.ee\/lt\/wp-json\/wp\/v2\/types\/product"}],"replies":[{"embeddable":true,"href":"https:\/\/hobstop.ee\/lt\/wp-json\/wp\/v2\/comments?post=339583"}],"wp:featuredmedia":[{"embeddable":true,"href":"https:\/\/hobstop.ee\/lt\/wp-json\/wp\/v2\/media\/353192"}],"wp:attachment":[{"href":"https:\/\/hobstop.ee\/lt\/wp-json\/wp\/v2\/media?parent=339583"}],"wp:term":[{"taxonomy":"product_cat","embeddable":true,"href":"https:\/\/hobstop.ee\/lt\/wp-json\/wp\/v2\/product_cat?post=339583"},{"taxonomy":"product_tag","embeddable":true,"href":"https:\/\/hobstop.ee\/lt\/wp-json\/wp\/v2\/product_tag?post=339583"}],"curies":[{"name":"wp","href":"https:\/\/api.w.org\/{rel}","templated":true}]}}