{"id":339591,"date":"2019-11-20T12:40:53","date_gmt":"2019-11-20T10:40:59","guid":{"rendered":"https:\/\/sharks.ee\/vunder_2019\/product\/tekstiles-klijai-aleenes-no-sew\/"},"modified":"2019-11-20T12:40:59","modified_gmt":"2019-11-20T10:40:59","slug":"tekstiles-klijai-aleenes-no-sew","status":"publish","type":"product","link":"https:\/\/hobstop.ee\/lt\/produktas\/tekstiles-klijai-aleenes-no-sew\/","title":{"rendered":"Tekstil\u0117s klijai Aleene&#8217;s No-Sew"},"content":{"rendered":"<p>Siuvant kartais prireikia \u0161iek tiek pagalbos. Tekstil\u0117s klijai \u201eAleene\u2019s No-Sew\u201c pasi\u017eymi unikalia sud\u0117timi, kuri puikiai tinka laikinai suklijuoti siuvamas detales. Jie neapvels j\u016bs\u0173 siuvimo adatos ir i\u0161liks tol, kol bus i\u0161skalbti, taigi siuvinys laikysis tvirtai, kol j\u012f siusite. Idealiai tinka siuvimo projektams, audiniams, apdailai, aplikacijoms si\u016bti.<\/p>\n<p>&#8211; Puikiai tinkantys siuvamiems daiktams sutvirtinti laikini tekstil\u0117s klijai.<br \/>\n&#8211; Tinka dekoruoti nat\u016bralius ir sintetinius audinius.<br \/>\n&#8211; Nenuodingi.<br \/>\n&#8211; I\u0161d\u017ei\u016bv\u0119 tampa skaidr\u016bs.<br \/>\n&#8211; Tvirtai suklijuoja kol i\u0161skalbiami.<\/p>\n","protected":false},"excerpt":{"rendered":"<p>Siuvant kartais prireikia \u0161iek tiek pagalbos. Tekstil\u0117s klijai \u201eAleene\u2019s No-Sew\u201c pasi\u017eymi unikalia sud\u0117timi, kuri puikiai tinka laikinai suklijuoti siuvamas detales. Jie neapvels j\u016bs\u0173 siuvimo adatos ir i\u0161liks tol, kol bus i\u0161skalbti, taigi siuvinys laikysis tvirtai, kol j\u012f siusite. Idealiai tinka siuvimo projektams, audiniams, apdailai, aplikacijoms si\u016bti. &#8211; Puikiai tinkantys siuvamiems daiktams sutvirtinti laikini tekstil\u0117s klijai. &#8211; Tinka dekoruoti nat\u016bralius ir sintetinius audinius. &#8211; Nenuodingi. &#8211; I\u0161d\u017ei\u016bv\u0119 tampa skaidr\u016bs. &#8211; Tvirtai suklijuoja kol i\u0161skalbiami.<\/p>\n","protected":false},"featured_media":353184,"comment_status":"closed","ping_status":"closed","template":"","meta":{"_acf_changed":false,"ep_exclude_from_search":false},"product_cat":[20361],"product_tag":[],"class_list":{"0":"post-339591","1":"product","2":"type-product","3":"status-publish","4":"has-post-thumbnail","6":"product_cat-maaramata","8":"first","9":"instock","10":"taxable","11":"shipping-taxable","12":"product-type-simple"},"acf":[],"yoast_head":"<!-- This site is optimized with the Yoast SEO plugin v24.1 - https:\/\/yoast.com\/wordpress\/plugins\/seo\/ -->\n<title>Tekstil\u0117s klijai Aleene&#039;s No-Sew &#8211; Skizze<\/title>\n<meta name=\"robots\" content=\"noindex, follow, max-snippet:-1, max-image-preview:large, max-video-preview:-1\" \/>\n<meta property=\"og:locale\" content=\"lt_LT\" \/>\n<meta property=\"og:type\" content=\"article\" \/>\n<meta property=\"og:title\" content=\"Tekstil\u0117s klijai Aleene&#039;s No-Sew &#8211; Skizze\" \/>\n<meta property=\"og:description\" content=\"Siuvant kartais prireikia \u0161iek tiek pagalbos. Tekstil\u0117s klijai \u201eAleene\u2019s No-Sew\u201c pasi\u017eymi unikalia sud\u0117timi, kuri puikiai tinka laikinai suklijuoti siuvamas detales. Jie neapvels j\u016bs\u0173 siuvimo adatos ir i\u0161liks tol, kol bus i\u0161skalbti, taigi siuvinys laikysis tvirtai, kol j\u012f siusite. Idealiai tinka siuvimo projektams, audiniams, apdailai, aplikacijoms si\u016bti. &#8211; Puikiai tinkantys siuvamiems daiktams sutvirtinti laikini tekstil\u0117s klijai. &#8211; Tinka dekoruoti nat\u016bralius ir sintetinius audinius. &#8211; Nenuodingi. &#8211; I\u0161d\u017ei\u016bv\u0119 tampa skaidr\u016bs. &#8211; Tvirtai suklijuoja kol i\u0161skalbiami.\" \/>\n<meta property=\"og:url\" content=\"https:\/\/hobstop.ee\/lt\/produktas\/tekstiles-klijai-aleenes-no-sew\/\" \/>\n<meta property=\"og:site_name\" content=\"Skizze\" \/>\n<meta property=\"article:publisher\" content=\"http:\/\/www.facebook.com\/VunderSkizze\" \/>\n<meta property=\"og:image\" content=\"https:\/\/hobstop.ee\/media\/5049.jpg\" \/>\n\t<meta property=\"og:image:width\" content=\"1024\" \/>\n\t<meta property=\"og:image:height\" content=\"768\" \/>\n\t<meta property=\"og:image:type\" content=\"image\/jpeg\" \/>\n<meta name=\"twitter:card\" content=\"summary_large_image\" \/>\n<script type=\"application\/ld+json\" class=\"yoast-schema-graph\">{\"@context\":\"https:\/\/schema.org\",\"@graph\":[{\"@type\":\"WebPage\",\"@id\":\"https:\/\/hobstop.ee\/lt\/produktas\/tekstiles-klijai-aleenes-no-sew\/\",\"url\":\"https:\/\/hobstop.ee\/lt\/produktas\/tekstiles-klijai-aleenes-no-sew\/\",\"name\":\"Tekstil\u0117s klijai Aleene's No-Sew &#8211; Skizze\",\"isPartOf\":{\"@id\":\"https:\/\/hobstop.ee\/lt\/#website\"},\"primaryImageOfPage\":{\"@id\":\"https:\/\/hobstop.ee\/lt\/produktas\/tekstiles-klijai-aleenes-no-sew\/#primaryimage\"},\"image\":{\"@id\":\"https:\/\/hobstop.ee\/lt\/produktas\/tekstiles-klijai-aleenes-no-sew\/#primaryimage\"},\"thumbnailUrl\":\"https:\/\/hobstop.ee\/media\/5049.jpg\",\"datePublished\":\"2019-11-20T10:40:59+00:00\",\"dateModified\":\"2019-11-20T10:40:59+00:00\",\"breadcrumb\":{\"@id\":\"https:\/\/hobstop.ee\/lt\/produktas\/tekstiles-klijai-aleenes-no-sew\/#breadcrumb\"},\"inLanguage\":\"lt\",\"potentialAction\":[{\"@type\":\"ReadAction\",\"target\":[\"https:\/\/hobstop.ee\/lt\/produktas\/tekstiles-klijai-aleenes-no-sew\/\"]}]},{\"@type\":\"ImageObject\",\"inLanguage\":\"lt\",\"@id\":\"https:\/\/hobstop.ee\/lt\/produktas\/tekstiles-klijai-aleenes-no-sew\/#primaryimage\",\"url\":\"https:\/\/hobstop.ee\/media\/5049.jpg\",\"contentUrl\":\"https:\/\/hobstop.ee\/media\/5049.jpg\",\"width\":1024,\"height\":768},{\"@type\":\"BreadcrumbList\",\"@id\":\"https:\/\/hobstop.ee\/lt\/produktas\/tekstiles-klijai-aleenes-no-sew\/#breadcrumb\",\"itemListElement\":[{\"@type\":\"ListItem\",\"position\":1,\"name\":\"Avaleht\",\"item\":\"https:\/\/hobstop.ee\/lt\/\"},{\"@type\":\"ListItem\",\"position\":2,\"name\":\"Parduotuv\u0117\",\"item\":\"https:\/\/hobstop.ee\/lt\/parduotuve\/\"},{\"@type\":\"ListItem\",\"position\":3,\"name\":\"Tekstil\u0117s klijai Aleene&#8217;s No-Sew\"}]},{\"@type\":\"WebSite\",\"@id\":\"https:\/\/hobstop.ee\/lt\/#website\",\"url\":\"https:\/\/hobstop.ee\/lt\/\",\"name\":\"Skizze\",\"description\":\"Dail\u0117s, pom\u0117gi\u0173 ir mokykliniai reikm\u0117nys\",\"publisher\":{\"@id\":\"https:\/\/hobstop.ee\/lt\/#organization\"},\"potentialAction\":[{\"@type\":\"SearchAction\",\"target\":{\"@type\":\"EntryPoint\",\"urlTemplate\":\"https:\/\/hobstop.ee\/lt\/?s={search_term_string}\"},\"query-input\":{\"@type\":\"PropertyValueSpecification\",\"valueRequired\":true,\"valueName\":\"search_term_string\"}}],\"inLanguage\":\"lt\"},{\"@type\":\"Organization\",\"@id\":\"https:\/\/hobstop.ee\/lt\/#organization\",\"name\":\"Vunder AS\",\"url\":\"https:\/\/hobstop.ee\/lt\/\",\"logo\":{\"@type\":\"ImageObject\",\"inLanguage\":\"lt\",\"@id\":\"https:\/\/hobstop.ee\/lt\/#\/schema\/logo\/image\/\",\"url\":\"https:\/\/hobstop.ee\/media\/vunder-logo.png\",\"contentUrl\":\"https:\/\/hobstop.ee\/media\/vunder-logo.png\",\"width\":127,\"height\":55,\"caption\":\"Vunder AS\"},\"image\":{\"@id\":\"https:\/\/hobstop.ee\/lt\/#\/schema\/logo\/image\/\"},\"sameAs\":[\"http:\/\/www.facebook.com\/VunderSkizze\"]}]}<\/script>\n<!-- \/ Yoast SEO plugin. -->","yoast_head_json":{"title":"Tekstil\u0117s klijai Aleene's No-Sew &#8211; Skizze","robots":{"index":"noindex","follow":"follow","max-snippet":"max-snippet:-1","max-image-preview":"max-image-preview:large","max-video-preview":"max-video-preview:-1"},"og_locale":"lt_LT","og_type":"article","og_title":"Tekstil\u0117s klijai Aleene's No-Sew &#8211; Skizze","og_description":"Siuvant kartais prireikia \u0161iek tiek pagalbos. Tekstil\u0117s klijai \u201eAleene\u2019s No-Sew\u201c pasi\u017eymi unikalia sud\u0117timi, kuri puikiai tinka laikinai suklijuoti siuvamas detales. Jie neapvels j\u016bs\u0173 siuvimo adatos ir i\u0161liks tol, kol bus i\u0161skalbti, taigi siuvinys laikysis tvirtai, kol j\u012f siusite. Idealiai tinka siuvimo projektams, audiniams, apdailai, aplikacijoms si\u016bti. &#8211; Puikiai tinkantys siuvamiems daiktams sutvirtinti laikini tekstil\u0117s klijai. &#8211; Tinka dekoruoti nat\u016bralius ir sintetinius audinius. &#8211; Nenuodingi. &#8211; I\u0161d\u017ei\u016bv\u0119 tampa skaidr\u016bs. &#8211; Tvirtai suklijuoja kol i\u0161skalbiami.","og_url":"https:\/\/hobstop.ee\/lt\/produktas\/tekstiles-klijai-aleenes-no-sew\/","og_site_name":"Skizze","article_publisher":"http:\/\/www.facebook.com\/VunderSkizze","og_image":[{"width":1024,"height":768,"url":"https:\/\/hobstop.ee\/media\/5049.jpg","type":"image\/jpeg"}],"twitter_card":"summary_large_image","schema":{"@context":"https:\/\/schema.org","@graph":[{"@type":"WebPage","@id":"https:\/\/hobstop.ee\/lt\/produktas\/tekstiles-klijai-aleenes-no-sew\/","url":"https:\/\/hobstop.ee\/lt\/produktas\/tekstiles-klijai-aleenes-no-sew\/","name":"Tekstil\u0117s klijai Aleene's No-Sew &#8211; Skizze","isPartOf":{"@id":"https:\/\/hobstop.ee\/lt\/#website"},"primaryImageOfPage":{"@id":"https:\/\/hobstop.ee\/lt\/produktas\/tekstiles-klijai-aleenes-no-sew\/#primaryimage"},"image":{"@id":"https:\/\/hobstop.ee\/lt\/produktas\/tekstiles-klijai-aleenes-no-sew\/#primaryimage"},"thumbnailUrl":"https:\/\/hobstop.ee\/media\/5049.jpg","datePublished":"2019-11-20T10:40:59+00:00","dateModified":"2019-11-20T10:40:59+00:00","breadcrumb":{"@id":"https:\/\/hobstop.ee\/lt\/produktas\/tekstiles-klijai-aleenes-no-sew\/#breadcrumb"},"inLanguage":"lt","potentialAction":[{"@type":"ReadAction","target":["https:\/\/hobstop.ee\/lt\/produktas\/tekstiles-klijai-aleenes-no-sew\/"]}]},{"@type":"ImageObject","inLanguage":"lt","@id":"https:\/\/hobstop.ee\/lt\/produktas\/tekstiles-klijai-aleenes-no-sew\/#primaryimage","url":"https:\/\/hobstop.ee\/media\/5049.jpg","contentUrl":"https:\/\/hobstop.ee\/media\/5049.jpg","width":1024,"height":768},{"@type":"BreadcrumbList","@id":"https:\/\/hobstop.ee\/lt\/produktas\/tekstiles-klijai-aleenes-no-sew\/#breadcrumb","itemListElement":[{"@type":"ListItem","position":1,"name":"Avaleht","item":"https:\/\/hobstop.ee\/lt\/"},{"@type":"ListItem","position":2,"name":"Parduotuv\u0117","item":"https:\/\/hobstop.ee\/lt\/parduotuve\/"},{"@type":"ListItem","position":3,"name":"Tekstil\u0117s klijai Aleene&#8217;s No-Sew"}]},{"@type":"WebSite","@id":"https:\/\/hobstop.ee\/lt\/#website","url":"https:\/\/hobstop.ee\/lt\/","name":"Skizze","description":"Dail\u0117s, pom\u0117gi\u0173 ir mokykliniai reikm\u0117nys","publisher":{"@id":"https:\/\/hobstop.ee\/lt\/#organization"},"potentialAction":[{"@type":"SearchAction","target":{"@type":"EntryPoint","urlTemplate":"https:\/\/hobstop.ee\/lt\/?s={search_term_string}"},"query-input":{"@type":"PropertyValueSpecification","valueRequired":true,"valueName":"search_term_string"}}],"inLanguage":"lt"},{"@type":"Organization","@id":"https:\/\/hobstop.ee\/lt\/#organization","name":"Vunder AS","url":"https:\/\/hobstop.ee\/lt\/","logo":{"@type":"ImageObject","inLanguage":"lt","@id":"https:\/\/hobstop.ee\/lt\/#\/schema\/logo\/image\/","url":"https:\/\/hobstop.ee\/media\/vunder-logo.png","contentUrl":"https:\/\/hobstop.ee\/media\/vunder-logo.png","width":127,"height":55,"caption":"Vunder AS"},"image":{"@id":"https:\/\/hobstop.ee\/lt\/#\/schema\/logo\/image\/"},"sameAs":["http:\/\/www.facebook.com\/VunderSkizze"]}]}},"_links":{"self":[{"href":"https:\/\/hobstop.ee\/lt\/wp-json\/wp\/v2\/product\/339591","targetHints":{"allow":["GET"]}}],"collection":[{"href":"https:\/\/hobstop.ee\/lt\/wp-json\/wp\/v2\/product"}],"about":[{"href":"https:\/\/hobstop.ee\/lt\/wp-json\/wp\/v2\/types\/product"}],"replies":[{"embeddable":true,"href":"https:\/\/hobstop.ee\/lt\/wp-json\/wp\/v2\/comments?post=339591"}],"wp:featuredmedia":[{"embeddable":true,"href":"https:\/\/hobstop.ee\/lt\/wp-json\/wp\/v2\/media\/353184"}],"wp:attachment":[{"href":"https:\/\/hobstop.ee\/lt\/wp-json\/wp\/v2\/media?parent=339591"}],"wp:term":[{"taxonomy":"product_cat","embeddable":true,"href":"https:\/\/hobstop.ee\/lt\/wp-json\/wp\/v2\/product_cat?post=339591"},{"taxonomy":"product_tag","embeddable":true,"href":"https:\/\/hobstop.ee\/lt\/wp-json\/wp\/v2\/product_tag?post=339591"}],"curies":[{"name":"wp","href":"https:\/\/api.w.org\/{rel}","templated":true}]}}