{"id":339595,"date":"2019-11-20T12:41:01","date_gmt":"2019-11-20T10:41:06","guid":{"rendered":"https:\/\/sharks.ee\/vunder_2019\/product\/tekstiles-klijai-aleenes-tack-it-overover\/"},"modified":"2019-11-20T12:41:06","modified_gmt":"2019-11-20T10:41:06","slug":"tekstiles-klijai-aleenes-tack-it-overover","status":"publish","type":"product","link":"https:\/\/hobstop.ee\/lt\/produktas\/tekstiles-klijai-aleenes-tack-it-overover\/","title":{"rendered":"Tekstil\u0117s klijai Aleene&#8217;s Tack-It Over&#038;Over"},"content":{"rendered":"<p>Ar kada pagalvojote, kad tik vienam vakarui gal\u0117tum\u0117te prid\u0117ti pagra\u017einim\u0173 prie palaidin\u0117s ar i\u0161 esam\u0173 drabu\u017ei\u0173 sukurti derant\u012f kostium\u0105 prid\u0117dami tik kelias laikinas detales? Laimei, \u201eAleene&#8217;s Tack-It Over &#038; Over\u201c klijais galima laikinai prie \u012fvairiausi\u0173 pavir\u0161i\u0173 priklijuoti \u012fvairius daiktus, pavyzd\u017eiui, aplikacijas, dekoratyvinius elementus, sagas ir pan. Universaliais ir laikinai klijuojan\u010diais klijais savo rankdarbiuose gal\u0117site pasidaryti klij\u0173 ta\u0161kus. Klijai idealiai tinka aplikacijoms, blizgu\u010diams, juostel\u0117ms, apdailai, metalui, medienai, popieriui, plastikui, stiklui ir trafaretams suklijuoti.  Nerekomenduojama klijuoti \u0161ilko, odos, viskoz\u0117s ir poliesterio.<\/p>\n<p>&#8211; Tinka prie audini\u0173 laikinai priklijuoti aplikacijas, apdail\u0105 ir pan.<br \/>\n&#8211; Nenuodingi.<br \/>\n&#8211; Laikino poveikio.<br \/>\n&#8211; I\u0161d\u017ei\u016bv\u0119 tampa skaidr\u016bs ir lankst\u016bs.<br \/>\n&#8211; Puikiai tinka klij\u0173 ta\u0161kams daryti.<\/p>\n","protected":false},"excerpt":{"rendered":"<p>Ar kada pagalvojote, kad tik vienam vakarui gal\u0117tum\u0117te prid\u0117ti pagra\u017einim\u0173 prie palaidin\u0117s ar i\u0161 esam\u0173 drabu\u017ei\u0173 sukurti derant\u012f kostium\u0105 prid\u0117dami tik kelias laikinas detales? Laimei, \u201eAleene&#8217;s Tack-It Over &#038; Over\u201c klijais galima laikinai prie \u012fvairiausi\u0173 pavir\u0161i\u0173 priklijuoti \u012fvairius daiktus, pavyzd\u017eiui, aplikacijas, dekoratyvinius elementus, sagas ir pan. Universaliais ir laikinai klijuojan\u010diais klijais savo rankdarbiuose gal\u0117site pasidaryti klij\u0173 ta\u0161kus. Klijai idealiai tinka aplikacijoms, blizgu\u010diams, juostel\u0117ms, apdailai, metalui, medienai, popieriui, plastikui, stiklui ir trafaretams suklijuoti. Nerekomenduojama klijuoti \u0161ilko, odos, viskoz\u0117s ir poliesterio. &#8211; Tinka prie audini\u0173 laikinai priklijuoti aplikacijas, apdail\u0105 ir pan. &#8211; Nenuodingi. &#8211; Laikino poveikio. &#8211; I\u0161d\u017ei\u016bv\u0119 tampa skaidr\u016bs ir lankst\u016bs. &#8211; Puikiai tinka klij\u0173 ta\u0161kams daryti.<\/p>\n","protected":false},"featured_media":353180,"comment_status":"closed","ping_status":"closed","template":"","meta":{"_acf_changed":false,"ep_exclude_from_search":false},"product_cat":[20361],"product_tag":[],"class_list":{"0":"post-339595","1":"product","2":"type-product","3":"status-publish","4":"has-post-thumbnail","6":"product_cat-maaramata","8":"first","9":"instock","10":"taxable","11":"shipping-taxable","12":"product-type-simple"},"acf":[],"yoast_head":"<!-- This site is optimized with the Yoast SEO plugin v24.1 - https:\/\/yoast.com\/wordpress\/plugins\/seo\/ -->\n<title>Tekstil\u0117s klijai Aleene&#039;s Tack-It Over&amp;Over &#8211; Skizze<\/title>\n<meta name=\"robots\" content=\"noindex, follow, max-snippet:-1, max-image-preview:large, max-video-preview:-1\" \/>\n<meta property=\"og:locale\" content=\"lt_LT\" \/>\n<meta property=\"og:type\" content=\"article\" \/>\n<meta property=\"og:title\" content=\"Tekstil\u0117s klijai Aleene&#039;s Tack-It Over&amp;Over &#8211; Skizze\" \/>\n<meta property=\"og:description\" content=\"Ar kada pagalvojote, kad tik vienam vakarui gal\u0117tum\u0117te prid\u0117ti pagra\u017einim\u0173 prie palaidin\u0117s ar i\u0161 esam\u0173 drabu\u017ei\u0173 sukurti derant\u012f kostium\u0105 prid\u0117dami tik kelias laikinas detales? Laimei, \u201eAleene&#8217;s Tack-It Over &#038; Over\u201c klijais galima laikinai prie \u012fvairiausi\u0173 pavir\u0161i\u0173 priklijuoti \u012fvairius daiktus, pavyzd\u017eiui, aplikacijas, dekoratyvinius elementus, sagas ir pan. Universaliais ir laikinai klijuojan\u010diais klijais savo rankdarbiuose gal\u0117site pasidaryti klij\u0173 ta\u0161kus. Klijai idealiai tinka aplikacijoms, blizgu\u010diams, juostel\u0117ms, apdailai, metalui, medienai, popieriui, plastikui, stiklui ir trafaretams suklijuoti. Nerekomenduojama klijuoti \u0161ilko, odos, viskoz\u0117s ir poliesterio. &#8211; Tinka prie audini\u0173 laikinai priklijuoti aplikacijas, apdail\u0105 ir pan. &#8211; Nenuodingi. &#8211; Laikino poveikio. &#8211; I\u0161d\u017ei\u016bv\u0119 tampa skaidr\u016bs ir lankst\u016bs. &#8211; Puikiai tinka klij\u0173 ta\u0161kams daryti.\" \/>\n<meta property=\"og:url\" content=\"https:\/\/hobstop.ee\/lt\/produktas\/tekstiles-klijai-aleenes-tack-it-overover\/\" \/>\n<meta property=\"og:site_name\" content=\"Skizze\" \/>\n<meta property=\"article:publisher\" content=\"http:\/\/www.facebook.com\/VunderSkizze\" \/>\n<meta property=\"og:image\" content=\"https:\/\/hobstop.ee\/media\/5050.jpg\" \/>\n\t<meta property=\"og:image:width\" content=\"1024\" \/>\n\t<meta property=\"og:image:height\" content=\"768\" \/>\n\t<meta property=\"og:image:type\" content=\"image\/jpeg\" \/>\n<meta name=\"twitter:card\" content=\"summary_large_image\" \/>\n<meta name=\"twitter:label1\" content=\"Est. reading time\" \/>\n\t<meta name=\"twitter:data1\" content=\"1 minute\" \/>\n<script type=\"application\/ld+json\" class=\"yoast-schema-graph\">{\"@context\":\"https:\/\/schema.org\",\"@graph\":[{\"@type\":\"WebPage\",\"@id\":\"https:\/\/hobstop.ee\/lt\/produktas\/tekstiles-klijai-aleenes-tack-it-overover\/\",\"url\":\"https:\/\/hobstop.ee\/lt\/produktas\/tekstiles-klijai-aleenes-tack-it-overover\/\",\"name\":\"Tekstil\u0117s klijai Aleene's Tack-It Over&Over &#8211; Skizze\",\"isPartOf\":{\"@id\":\"https:\/\/hobstop.ee\/lt\/#website\"},\"primaryImageOfPage\":{\"@id\":\"https:\/\/hobstop.ee\/lt\/produktas\/tekstiles-klijai-aleenes-tack-it-overover\/#primaryimage\"},\"image\":{\"@id\":\"https:\/\/hobstop.ee\/lt\/produktas\/tekstiles-klijai-aleenes-tack-it-overover\/#primaryimage\"},\"thumbnailUrl\":\"https:\/\/hobstop.ee\/media\/5050.jpg\",\"datePublished\":\"2019-11-20T10:41:06+00:00\",\"dateModified\":\"2019-11-20T10:41:06+00:00\",\"breadcrumb\":{\"@id\":\"https:\/\/hobstop.ee\/lt\/produktas\/tekstiles-klijai-aleenes-tack-it-overover\/#breadcrumb\"},\"inLanguage\":\"lt\",\"potentialAction\":[{\"@type\":\"ReadAction\",\"target\":[\"https:\/\/hobstop.ee\/lt\/produktas\/tekstiles-klijai-aleenes-tack-it-overover\/\"]}]},{\"@type\":\"ImageObject\",\"inLanguage\":\"lt\",\"@id\":\"https:\/\/hobstop.ee\/lt\/produktas\/tekstiles-klijai-aleenes-tack-it-overover\/#primaryimage\",\"url\":\"https:\/\/hobstop.ee\/media\/5050.jpg\",\"contentUrl\":\"https:\/\/hobstop.ee\/media\/5050.jpg\",\"width\":1024,\"height\":768},{\"@type\":\"BreadcrumbList\",\"@id\":\"https:\/\/hobstop.ee\/lt\/produktas\/tekstiles-klijai-aleenes-tack-it-overover\/#breadcrumb\",\"itemListElement\":[{\"@type\":\"ListItem\",\"position\":1,\"name\":\"Avaleht\",\"item\":\"https:\/\/hobstop.ee\/lt\/\"},{\"@type\":\"ListItem\",\"position\":2,\"name\":\"Parduotuv\u0117\",\"item\":\"https:\/\/hobstop.ee\/lt\/parduotuve\/\"},{\"@type\":\"ListItem\",\"position\":3,\"name\":\"Tekstil\u0117s klijai Aleene&#8217;s Tack-It Over&#038;Over\"}]},{\"@type\":\"WebSite\",\"@id\":\"https:\/\/hobstop.ee\/lt\/#website\",\"url\":\"https:\/\/hobstop.ee\/lt\/\",\"name\":\"Skizze\",\"description\":\"Dail\u0117s, pom\u0117gi\u0173 ir mokykliniai reikm\u0117nys\",\"publisher\":{\"@id\":\"https:\/\/hobstop.ee\/lt\/#organization\"},\"potentialAction\":[{\"@type\":\"SearchAction\",\"target\":{\"@type\":\"EntryPoint\",\"urlTemplate\":\"https:\/\/hobstop.ee\/lt\/?s={search_term_string}\"},\"query-input\":{\"@type\":\"PropertyValueSpecification\",\"valueRequired\":true,\"valueName\":\"search_term_string\"}}],\"inLanguage\":\"lt\"},{\"@type\":\"Organization\",\"@id\":\"https:\/\/hobstop.ee\/lt\/#organization\",\"name\":\"Vunder AS\",\"url\":\"https:\/\/hobstop.ee\/lt\/\",\"logo\":{\"@type\":\"ImageObject\",\"inLanguage\":\"lt\",\"@id\":\"https:\/\/hobstop.ee\/lt\/#\/schema\/logo\/image\/\",\"url\":\"https:\/\/hobstop.ee\/media\/vunder-logo.png\",\"contentUrl\":\"https:\/\/hobstop.ee\/media\/vunder-logo.png\",\"width\":127,\"height\":55,\"caption\":\"Vunder AS\"},\"image\":{\"@id\":\"https:\/\/hobstop.ee\/lt\/#\/schema\/logo\/image\/\"},\"sameAs\":[\"http:\/\/www.facebook.com\/VunderSkizze\"]}]}<\/script>\n<!-- \/ Yoast SEO plugin. -->","yoast_head_json":{"title":"Tekstil\u0117s klijai Aleene's Tack-It Over&Over &#8211; Skizze","robots":{"index":"noindex","follow":"follow","max-snippet":"max-snippet:-1","max-image-preview":"max-image-preview:large","max-video-preview":"max-video-preview:-1"},"og_locale":"lt_LT","og_type":"article","og_title":"Tekstil\u0117s klijai Aleene's Tack-It Over&Over &#8211; Skizze","og_description":"Ar kada pagalvojote, kad tik vienam vakarui gal\u0117tum\u0117te prid\u0117ti pagra\u017einim\u0173 prie palaidin\u0117s ar i\u0161 esam\u0173 drabu\u017ei\u0173 sukurti derant\u012f kostium\u0105 prid\u0117dami tik kelias laikinas detales? Laimei, \u201eAleene&#8217;s Tack-It Over &#038; Over\u201c klijais galima laikinai prie \u012fvairiausi\u0173 pavir\u0161i\u0173 priklijuoti \u012fvairius daiktus, pavyzd\u017eiui, aplikacijas, dekoratyvinius elementus, sagas ir pan. Universaliais ir laikinai klijuojan\u010diais klijais savo rankdarbiuose gal\u0117site pasidaryti klij\u0173 ta\u0161kus. Klijai idealiai tinka aplikacijoms, blizgu\u010diams, juostel\u0117ms, apdailai, metalui, medienai, popieriui, plastikui, stiklui ir trafaretams suklijuoti. Nerekomenduojama klijuoti \u0161ilko, odos, viskoz\u0117s ir poliesterio. &#8211; Tinka prie audini\u0173 laikinai priklijuoti aplikacijas, apdail\u0105 ir pan. &#8211; Nenuodingi. &#8211; Laikino poveikio. &#8211; I\u0161d\u017ei\u016bv\u0119 tampa skaidr\u016bs ir lankst\u016bs. &#8211; Puikiai tinka klij\u0173 ta\u0161kams daryti.","og_url":"https:\/\/hobstop.ee\/lt\/produktas\/tekstiles-klijai-aleenes-tack-it-overover\/","og_site_name":"Skizze","article_publisher":"http:\/\/www.facebook.com\/VunderSkizze","og_image":[{"width":1024,"height":768,"url":"https:\/\/hobstop.ee\/media\/5050.jpg","type":"image\/jpeg"}],"twitter_card":"summary_large_image","twitter_misc":{"Est. reading time":"1 minute"},"schema":{"@context":"https:\/\/schema.org","@graph":[{"@type":"WebPage","@id":"https:\/\/hobstop.ee\/lt\/produktas\/tekstiles-klijai-aleenes-tack-it-overover\/","url":"https:\/\/hobstop.ee\/lt\/produktas\/tekstiles-klijai-aleenes-tack-it-overover\/","name":"Tekstil\u0117s klijai Aleene's Tack-It Over&Over &#8211; Skizze","isPartOf":{"@id":"https:\/\/hobstop.ee\/lt\/#website"},"primaryImageOfPage":{"@id":"https:\/\/hobstop.ee\/lt\/produktas\/tekstiles-klijai-aleenes-tack-it-overover\/#primaryimage"},"image":{"@id":"https:\/\/hobstop.ee\/lt\/produktas\/tekstiles-klijai-aleenes-tack-it-overover\/#primaryimage"},"thumbnailUrl":"https:\/\/hobstop.ee\/media\/5050.jpg","datePublished":"2019-11-20T10:41:06+00:00","dateModified":"2019-11-20T10:41:06+00:00","breadcrumb":{"@id":"https:\/\/hobstop.ee\/lt\/produktas\/tekstiles-klijai-aleenes-tack-it-overover\/#breadcrumb"},"inLanguage":"lt","potentialAction":[{"@type":"ReadAction","target":["https:\/\/hobstop.ee\/lt\/produktas\/tekstiles-klijai-aleenes-tack-it-overover\/"]}]},{"@type":"ImageObject","inLanguage":"lt","@id":"https:\/\/hobstop.ee\/lt\/produktas\/tekstiles-klijai-aleenes-tack-it-overover\/#primaryimage","url":"https:\/\/hobstop.ee\/media\/5050.jpg","contentUrl":"https:\/\/hobstop.ee\/media\/5050.jpg","width":1024,"height":768},{"@type":"BreadcrumbList","@id":"https:\/\/hobstop.ee\/lt\/produktas\/tekstiles-klijai-aleenes-tack-it-overover\/#breadcrumb","itemListElement":[{"@type":"ListItem","position":1,"name":"Avaleht","item":"https:\/\/hobstop.ee\/lt\/"},{"@type":"ListItem","position":2,"name":"Parduotuv\u0117","item":"https:\/\/hobstop.ee\/lt\/parduotuve\/"},{"@type":"ListItem","position":3,"name":"Tekstil\u0117s klijai Aleene&#8217;s Tack-It Over&#038;Over"}]},{"@type":"WebSite","@id":"https:\/\/hobstop.ee\/lt\/#website","url":"https:\/\/hobstop.ee\/lt\/","name":"Skizze","description":"Dail\u0117s, pom\u0117gi\u0173 ir mokykliniai reikm\u0117nys","publisher":{"@id":"https:\/\/hobstop.ee\/lt\/#organization"},"potentialAction":[{"@type":"SearchAction","target":{"@type":"EntryPoint","urlTemplate":"https:\/\/hobstop.ee\/lt\/?s={search_term_string}"},"query-input":{"@type":"PropertyValueSpecification","valueRequired":true,"valueName":"search_term_string"}}],"inLanguage":"lt"},{"@type":"Organization","@id":"https:\/\/hobstop.ee\/lt\/#organization","name":"Vunder AS","url":"https:\/\/hobstop.ee\/lt\/","logo":{"@type":"ImageObject","inLanguage":"lt","@id":"https:\/\/hobstop.ee\/lt\/#\/schema\/logo\/image\/","url":"https:\/\/hobstop.ee\/media\/vunder-logo.png","contentUrl":"https:\/\/hobstop.ee\/media\/vunder-logo.png","width":127,"height":55,"caption":"Vunder AS"},"image":{"@id":"https:\/\/hobstop.ee\/lt\/#\/schema\/logo\/image\/"},"sameAs":["http:\/\/www.facebook.com\/VunderSkizze"]}]}},"_links":{"self":[{"href":"https:\/\/hobstop.ee\/lt\/wp-json\/wp\/v2\/product\/339595","targetHints":{"allow":["GET"]}}],"collection":[{"href":"https:\/\/hobstop.ee\/lt\/wp-json\/wp\/v2\/product"}],"about":[{"href":"https:\/\/hobstop.ee\/lt\/wp-json\/wp\/v2\/types\/product"}],"replies":[{"embeddable":true,"href":"https:\/\/hobstop.ee\/lt\/wp-json\/wp\/v2\/comments?post=339595"}],"wp:featuredmedia":[{"embeddable":true,"href":"https:\/\/hobstop.ee\/lt\/wp-json\/wp\/v2\/media\/353180"}],"wp:attachment":[{"href":"https:\/\/hobstop.ee\/lt\/wp-json\/wp\/v2\/media?parent=339595"}],"wp:term":[{"taxonomy":"product_cat","embeddable":true,"href":"https:\/\/hobstop.ee\/lt\/wp-json\/wp\/v2\/product_cat?post=339595"},{"taxonomy":"product_tag","embeddable":true,"href":"https:\/\/hobstop.ee\/lt\/wp-json\/wp\/v2\/product_tag?post=339595"}],"curies":[{"name":"wp","href":"https:\/\/api.w.org\/{rel}","templated":true}]}}