{"id":339599,"date":"2019-11-20T12:41:09","date_gmt":"2019-11-20T10:41:15","guid":{"rendered":"https:\/\/sharks.ee\/vunder_2019\/product\/pramoniniai-klijai-aleenes-super-gel\/"},"modified":"2019-11-20T12:41:15","modified_gmt":"2019-11-20T10:41:15","slug":"pramoniniai-klijai-aleenes-super-gel","status":"publish","type":"product","link":"https:\/\/hobstop.ee\/lt\/produktas\/pramoniniai-klijai-aleenes-super-gel\/","title":{"rendered":"Pramoniniai klijai Aleene&#8217;s Super Gel"},"content":{"rendered":"<p>Kas gi nenor\u0117t\u0173 ypa\u010d gerai klijuojan\u010di\u0173 universali\u0173 klij\u0173, kurie gali b\u016bti naudojami beveik viskam?! \u201eAleene Super Gel\u201c klijai tinka tiek akytiems, tiek pusiau por\u0117tiems pavir\u0161iams, tod\u0117l tai yra vieninteliai klijai, tinkantys \u012fvairiems sud\u0117tingiems projektams ir remontui. Idealiai tinka papuo\u0161alams, keramikai, med\u017eiui, odai, metalui, gumai ir plastikui klijuoti. Kad klijai b\u016bt\u0173 visada po ranka, \u012fsimeskite \u0161ias ma\u017eas t\u016bbeles \u012f \u012franki\u0173 d\u0117\u017e\u0119, kelionin\u012f krep\u0161\u012f.<\/p>\n<p>&#8211; Komplekte yra trys ma\u017eos 3ml t\u016bbel\u0117s, kurios puikiai tinka laikyti stal\u010diuje, rankin\u0117je ar \u012franki\u0173 d\u0117\u017e\u0117je.<br \/>\n&#8211; Per kelias sekundes suklijuoja akytas ir pusiau akytas med\u017eiagas.<br \/>\n&#8211; Itin tvirtai klijuojantys.<br \/>\n&#8211; Ilgalaikiai.<br \/>\n&#8211; I\u0161d\u017ei\u016bv\u0119 tampa skaidr\u016bs.<br \/>\n&#8211; Tir\u0161ti, netek\u016bs gelin\u0117s konsistencijos.<br \/>\n&#8211; Atspar\u016bs vandeniui ir ultravioletiniams spinduliams.<\/p>\n","protected":false},"excerpt":{"rendered":"<p>Kas gi nenor\u0117t\u0173 ypa\u010d gerai klijuojan\u010di\u0173 universali\u0173 klij\u0173, kurie gali b\u016bti naudojami beveik viskam?! \u201eAleene Super Gel\u201c klijai tinka tiek akytiems, tiek pusiau por\u0117tiems pavir\u0161iams, tod\u0117l tai yra vieninteliai klijai, tinkantys \u012fvairiems sud\u0117tingiems projektams ir remontui. Idealiai tinka papuo\u0161alams, keramikai, med\u017eiui, odai, metalui, gumai ir plastikui klijuoti. Kad klijai b\u016bt\u0173 visada po ranka, \u012fsimeskite \u0161ias ma\u017eas t\u016bbeles \u012f \u012franki\u0173 d\u0117\u017e\u0119, kelionin\u012f krep\u0161\u012f. &#8211; Komplekte yra trys ma\u017eos 3ml t\u016bbel\u0117s, kurios puikiai tinka laikyti stal\u010diuje, rankin\u0117je ar \u012franki\u0173 d\u0117\u017e\u0117je. &#8211; Per kelias sekundes suklijuoja akytas ir pusiau akytas med\u017eiagas. &#8211; Itin tvirtai klijuojantys. &#8211; Ilgalaikiai. &#8211; I\u0161d\u017ei\u016bv\u0119 tampa skaidr\u016bs. &#8211; Tir\u0161ti, netek\u016bs gelin\u0117s konsistencijos. &#8211; Atspar\u016bs vandeniui ir ultravioletiniams spinduliams.<\/p>\n","protected":false},"featured_media":353176,"comment_status":"closed","ping_status":"closed","template":"","meta":{"_acf_changed":false,"ep_exclude_from_search":false},"product_cat":[20361],"product_tag":[],"class_list":{"0":"post-339599","1":"product","2":"type-product","3":"status-publish","4":"has-post-thumbnail","6":"product_cat-maaramata","8":"first","9":"instock","10":"taxable","11":"shipping-taxable","12":"product-type-simple"},"acf":[],"yoast_head":"<!-- This site is optimized with the Yoast SEO plugin v24.1 - https:\/\/yoast.com\/wordpress\/plugins\/seo\/ -->\n<title>Pramoniniai klijai Aleene&#039;s Super Gel &#8211; Skizze<\/title>\n<meta name=\"robots\" content=\"noindex, follow, max-snippet:-1, max-image-preview:large, max-video-preview:-1\" \/>\n<meta property=\"og:locale\" content=\"lt_LT\" \/>\n<meta property=\"og:type\" content=\"article\" \/>\n<meta property=\"og:title\" content=\"Pramoniniai klijai Aleene&#039;s Super Gel &#8211; Skizze\" \/>\n<meta property=\"og:description\" content=\"Kas gi nenor\u0117t\u0173 ypa\u010d gerai klijuojan\u010di\u0173 universali\u0173 klij\u0173, kurie gali b\u016bti naudojami beveik viskam?! \u201eAleene Super Gel\u201c klijai tinka tiek akytiems, tiek pusiau por\u0117tiems pavir\u0161iams, tod\u0117l tai yra vieninteliai klijai, tinkantys \u012fvairiems sud\u0117tingiems projektams ir remontui. Idealiai tinka papuo\u0161alams, keramikai, med\u017eiui, odai, metalui, gumai ir plastikui klijuoti. Kad klijai b\u016bt\u0173 visada po ranka, \u012fsimeskite \u0161ias ma\u017eas t\u016bbeles \u012f \u012franki\u0173 d\u0117\u017e\u0119, kelionin\u012f krep\u0161\u012f. &#8211; Komplekte yra trys ma\u017eos 3ml t\u016bbel\u0117s, kurios puikiai tinka laikyti stal\u010diuje, rankin\u0117je ar \u012franki\u0173 d\u0117\u017e\u0117je. &#8211; Per kelias sekundes suklijuoja akytas ir pusiau akytas med\u017eiagas. &#8211; Itin tvirtai klijuojantys. &#8211; Ilgalaikiai. &#8211; I\u0161d\u017ei\u016bv\u0119 tampa skaidr\u016bs. &#8211; Tir\u0161ti, netek\u016bs gelin\u0117s konsistencijos. &#8211; Atspar\u016bs vandeniui ir ultravioletiniams spinduliams.\" \/>\n<meta property=\"og:url\" content=\"https:\/\/hobstop.ee\/lt\/produktas\/pramoniniai-klijai-aleenes-super-gel\/\" \/>\n<meta property=\"og:site_name\" content=\"Skizze\" \/>\n<meta property=\"article:publisher\" content=\"http:\/\/www.facebook.com\/VunderSkizze\" \/>\n<meta property=\"og:image\" content=\"https:\/\/hobstop.ee\/media\/5051.jpg\" \/>\n\t<meta property=\"og:image:width\" content=\"1024\" \/>\n\t<meta property=\"og:image:height\" content=\"768\" \/>\n\t<meta property=\"og:image:type\" content=\"image\/jpeg\" \/>\n<meta name=\"twitter:card\" content=\"summary_large_image\" \/>\n<meta name=\"twitter:label1\" content=\"Est. reading time\" \/>\n\t<meta name=\"twitter:data1\" content=\"1 minute\" \/>\n<script type=\"application\/ld+json\" class=\"yoast-schema-graph\">{\"@context\":\"https:\/\/schema.org\",\"@graph\":[{\"@type\":\"WebPage\",\"@id\":\"https:\/\/hobstop.ee\/lt\/produktas\/pramoniniai-klijai-aleenes-super-gel\/\",\"url\":\"https:\/\/hobstop.ee\/lt\/produktas\/pramoniniai-klijai-aleenes-super-gel\/\",\"name\":\"Pramoniniai klijai Aleene's Super Gel &#8211; Skizze\",\"isPartOf\":{\"@id\":\"https:\/\/www.hobstop.ee\/lt\/#website\"},\"primaryImageOfPage\":{\"@id\":\"https:\/\/hobstop.ee\/lt\/produktas\/pramoniniai-klijai-aleenes-super-gel\/#primaryimage\"},\"image\":{\"@id\":\"https:\/\/hobstop.ee\/lt\/produktas\/pramoniniai-klijai-aleenes-super-gel\/#primaryimage\"},\"thumbnailUrl\":\"https:\/\/hobstop.ee\/media\/5051.jpg\",\"datePublished\":\"2019-11-20T10:41:15+00:00\",\"dateModified\":\"2019-11-20T10:41:15+00:00\",\"breadcrumb\":{\"@id\":\"https:\/\/hobstop.ee\/lt\/produktas\/pramoniniai-klijai-aleenes-super-gel\/#breadcrumb\"},\"inLanguage\":\"lt\",\"potentialAction\":[{\"@type\":\"ReadAction\",\"target\":[\"https:\/\/hobstop.ee\/lt\/produktas\/pramoniniai-klijai-aleenes-super-gel\/\"]}]},{\"@type\":\"ImageObject\",\"inLanguage\":\"lt\",\"@id\":\"https:\/\/hobstop.ee\/lt\/produktas\/pramoniniai-klijai-aleenes-super-gel\/#primaryimage\",\"url\":\"https:\/\/hobstop.ee\/media\/5051.jpg\",\"contentUrl\":\"https:\/\/hobstop.ee\/media\/5051.jpg\",\"width\":1024,\"height\":768},{\"@type\":\"BreadcrumbList\",\"@id\":\"https:\/\/hobstop.ee\/lt\/produktas\/pramoniniai-klijai-aleenes-super-gel\/#breadcrumb\",\"itemListElement\":[{\"@type\":\"ListItem\",\"position\":1,\"name\":\"Avaleht\",\"item\":\"https:\/\/hobstop.ee\/lt\/\"},{\"@type\":\"ListItem\",\"position\":2,\"name\":\"Parduotuv\u0117\",\"item\":\"https:\/\/www.hobstop.ee\/lt\/parduotuve\/\"},{\"@type\":\"ListItem\",\"position\":3,\"name\":\"Pramoniniai klijai Aleene&#8217;s Super Gel\"}]},{\"@type\":\"WebSite\",\"@id\":\"https:\/\/www.hobstop.ee\/lt\/#website\",\"url\":\"https:\/\/www.hobstop.ee\/lt\/\",\"name\":\"Skizze\",\"description\":\"Dail\u0117s, pom\u0117gi\u0173 ir mokykliniai reikm\u0117nys\",\"publisher\":{\"@id\":\"https:\/\/www.hobstop.ee\/lt\/#organization\"},\"potentialAction\":[{\"@type\":\"SearchAction\",\"target\":{\"@type\":\"EntryPoint\",\"urlTemplate\":\"https:\/\/www.hobstop.ee\/lt\/?s={search_term_string}\"},\"query-input\":{\"@type\":\"PropertyValueSpecification\",\"valueRequired\":true,\"valueName\":\"search_term_string\"}}],\"inLanguage\":\"lt\"},{\"@type\":\"Organization\",\"@id\":\"https:\/\/www.hobstop.ee\/lt\/#organization\",\"name\":\"Vunder AS\",\"url\":\"https:\/\/www.hobstop.ee\/lt\/\",\"logo\":{\"@type\":\"ImageObject\",\"inLanguage\":\"lt\",\"@id\":\"https:\/\/www.hobstop.ee\/lt\/#\/schema\/logo\/image\/\",\"url\":\"https:\/\/hobstop.ee\/media\/vunder-logo.png\",\"contentUrl\":\"https:\/\/hobstop.ee\/media\/vunder-logo.png\",\"width\":127,\"height\":55,\"caption\":\"Vunder AS\"},\"image\":{\"@id\":\"https:\/\/www.hobstop.ee\/lt\/#\/schema\/logo\/image\/\"},\"sameAs\":[\"http:\/\/www.facebook.com\/VunderSkizze\"]}]}<\/script>\n<!-- \/ Yoast SEO plugin. -->","yoast_head_json":{"title":"Pramoniniai klijai Aleene's Super Gel &#8211; Skizze","robots":{"index":"noindex","follow":"follow","max-snippet":"max-snippet:-1","max-image-preview":"max-image-preview:large","max-video-preview":"max-video-preview:-1"},"og_locale":"lt_LT","og_type":"article","og_title":"Pramoniniai klijai Aleene's Super Gel &#8211; Skizze","og_description":"Kas gi nenor\u0117t\u0173 ypa\u010d gerai klijuojan\u010di\u0173 universali\u0173 klij\u0173, kurie gali b\u016bti naudojami beveik viskam?! \u201eAleene Super Gel\u201c klijai tinka tiek akytiems, tiek pusiau por\u0117tiems pavir\u0161iams, tod\u0117l tai yra vieninteliai klijai, tinkantys \u012fvairiems sud\u0117tingiems projektams ir remontui. Idealiai tinka papuo\u0161alams, keramikai, med\u017eiui, odai, metalui, gumai ir plastikui klijuoti. Kad klijai b\u016bt\u0173 visada po ranka, \u012fsimeskite \u0161ias ma\u017eas t\u016bbeles \u012f \u012franki\u0173 d\u0117\u017e\u0119, kelionin\u012f krep\u0161\u012f. &#8211; Komplekte yra trys ma\u017eos 3ml t\u016bbel\u0117s, kurios puikiai tinka laikyti stal\u010diuje, rankin\u0117je ar \u012franki\u0173 d\u0117\u017e\u0117je. &#8211; Per kelias sekundes suklijuoja akytas ir pusiau akytas med\u017eiagas. &#8211; Itin tvirtai klijuojantys. &#8211; Ilgalaikiai. &#8211; I\u0161d\u017ei\u016bv\u0119 tampa skaidr\u016bs. &#8211; Tir\u0161ti, netek\u016bs gelin\u0117s konsistencijos. &#8211; Atspar\u016bs vandeniui ir ultravioletiniams spinduliams.","og_url":"https:\/\/hobstop.ee\/lt\/produktas\/pramoniniai-klijai-aleenes-super-gel\/","og_site_name":"Skizze","article_publisher":"http:\/\/www.facebook.com\/VunderSkizze","og_image":[{"width":1024,"height":768,"url":"https:\/\/hobstop.ee\/media\/5051.jpg","type":"image\/jpeg"}],"twitter_card":"summary_large_image","twitter_misc":{"Est. reading time":"1 minute"},"schema":{"@context":"https:\/\/schema.org","@graph":[{"@type":"WebPage","@id":"https:\/\/hobstop.ee\/lt\/produktas\/pramoniniai-klijai-aleenes-super-gel\/","url":"https:\/\/hobstop.ee\/lt\/produktas\/pramoniniai-klijai-aleenes-super-gel\/","name":"Pramoniniai klijai Aleene's Super Gel &#8211; Skizze","isPartOf":{"@id":"https:\/\/www.hobstop.ee\/lt\/#website"},"primaryImageOfPage":{"@id":"https:\/\/hobstop.ee\/lt\/produktas\/pramoniniai-klijai-aleenes-super-gel\/#primaryimage"},"image":{"@id":"https:\/\/hobstop.ee\/lt\/produktas\/pramoniniai-klijai-aleenes-super-gel\/#primaryimage"},"thumbnailUrl":"https:\/\/hobstop.ee\/media\/5051.jpg","datePublished":"2019-11-20T10:41:15+00:00","dateModified":"2019-11-20T10:41:15+00:00","breadcrumb":{"@id":"https:\/\/hobstop.ee\/lt\/produktas\/pramoniniai-klijai-aleenes-super-gel\/#breadcrumb"},"inLanguage":"lt","potentialAction":[{"@type":"ReadAction","target":["https:\/\/hobstop.ee\/lt\/produktas\/pramoniniai-klijai-aleenes-super-gel\/"]}]},{"@type":"ImageObject","inLanguage":"lt","@id":"https:\/\/hobstop.ee\/lt\/produktas\/pramoniniai-klijai-aleenes-super-gel\/#primaryimage","url":"https:\/\/hobstop.ee\/media\/5051.jpg","contentUrl":"https:\/\/hobstop.ee\/media\/5051.jpg","width":1024,"height":768},{"@type":"BreadcrumbList","@id":"https:\/\/hobstop.ee\/lt\/produktas\/pramoniniai-klijai-aleenes-super-gel\/#breadcrumb","itemListElement":[{"@type":"ListItem","position":1,"name":"Avaleht","item":"https:\/\/hobstop.ee\/lt\/"},{"@type":"ListItem","position":2,"name":"Parduotuv\u0117","item":"https:\/\/www.hobstop.ee\/lt\/parduotuve\/"},{"@type":"ListItem","position":3,"name":"Pramoniniai klijai Aleene&#8217;s Super Gel"}]},{"@type":"WebSite","@id":"https:\/\/www.hobstop.ee\/lt\/#website","url":"https:\/\/www.hobstop.ee\/lt\/","name":"Skizze","description":"Dail\u0117s, pom\u0117gi\u0173 ir mokykliniai reikm\u0117nys","publisher":{"@id":"https:\/\/www.hobstop.ee\/lt\/#organization"},"potentialAction":[{"@type":"SearchAction","target":{"@type":"EntryPoint","urlTemplate":"https:\/\/www.hobstop.ee\/lt\/?s={search_term_string}"},"query-input":{"@type":"PropertyValueSpecification","valueRequired":true,"valueName":"search_term_string"}}],"inLanguage":"lt"},{"@type":"Organization","@id":"https:\/\/www.hobstop.ee\/lt\/#organization","name":"Vunder AS","url":"https:\/\/www.hobstop.ee\/lt\/","logo":{"@type":"ImageObject","inLanguage":"lt","@id":"https:\/\/www.hobstop.ee\/lt\/#\/schema\/logo\/image\/","url":"https:\/\/hobstop.ee\/media\/vunder-logo.png","contentUrl":"https:\/\/hobstop.ee\/media\/vunder-logo.png","width":127,"height":55,"caption":"Vunder AS"},"image":{"@id":"https:\/\/www.hobstop.ee\/lt\/#\/schema\/logo\/image\/"},"sameAs":["http:\/\/www.facebook.com\/VunderSkizze"]}]}},"_links":{"self":[{"href":"https:\/\/hobstop.ee\/lt\/wp-json\/wp\/v2\/product\/339599","targetHints":{"allow":["GET"]}}],"collection":[{"href":"https:\/\/hobstop.ee\/lt\/wp-json\/wp\/v2\/product"}],"about":[{"href":"https:\/\/hobstop.ee\/lt\/wp-json\/wp\/v2\/types\/product"}],"replies":[{"embeddable":true,"href":"https:\/\/hobstop.ee\/lt\/wp-json\/wp\/v2\/comments?post=339599"}],"wp:featuredmedia":[{"embeddable":true,"href":"https:\/\/hobstop.ee\/lt\/wp-json\/wp\/v2\/media\/353176"}],"wp:attachment":[{"href":"https:\/\/hobstop.ee\/lt\/wp-json\/wp\/v2\/media?parent=339599"}],"wp:term":[{"taxonomy":"product_cat","embeddable":true,"href":"https:\/\/hobstop.ee\/lt\/wp-json\/wp\/v2\/product_cat?post=339599"},{"taxonomy":"product_tag","embeddable":true,"href":"https:\/\/hobstop.ee\/lt\/wp-json\/wp\/v2\/product_tag?post=339599"}],"curies":[{"name":"wp","href":"https:\/\/api.w.org\/{rel}","templated":true}]}}