{"id":339603,"date":"2019-11-20T12:41:17","date_gmt":"2019-11-20T10:41:23","guid":{"rendered":"https:\/\/sharks.ee\/vunder_2019\/product\/piestukas-kaligrafijai-manuscript-lettering-pencil\/"},"modified":"2019-11-20T12:41:23","modified_gmt":"2019-11-20T10:41:23","slug":"piestukas-kaligrafijai-manuscript-lettering-pencil","status":"publish","type":"product","link":"https:\/\/hobstop.ee\/lt\/produktas\/piestukas-kaligrafijai-manuscript-lettering-pencil\/","title":{"rendered":"Pie\u0161tukas kaligrafijai Manuscript Lettering Pencil"},"content":{"rendered":"<p>Kaligrafinis pie\u0161tukas yra unikalus ir nepana\u0161us \u012f bet kur\u012f kit\u0105! Specialia dilde pasidarykite norimos formos grafitin\u012f antgal\u012f ir sukurkite unikal\u0173 \u0161ifr\u0105. Puikus \u012frankis kaligrafijai, \u0161rift\u0173 k\u016brimui, eskizavimui ar iliustracijoms pie\u0161ti \u2013 idealiai tinka bet kokiam k\u016brybiniam projektui! \u0160is medinis pie\u0161tukas yra ergonomi\u0161kas ir patogus suimti, kai pie\u0161iate ar u\u017esiimate \u0161rift\u0173 ra\u0161ymu ir kaligrafija.<\/p>\n<p>Rinkinyje yra:<br \/>\nJuodos spalvos pie\u0161tukas su apvalia grafitine \u0161erdele.<br \/>\nT\u016bbel\u0117 su juodomis plok\u0161\u010diomis ir apvaliomis grafitin\u0117mis \u0161erdel\u0117mis.<br \/>\n\u0160erdeli\u0173 smailinimo dild\u0117, kuri pad\u0117s sukurti unikalius \u0161riftus.<\/p>\n","protected":false},"excerpt":{"rendered":"<p>Kaligrafinis pie\u0161tukas yra unikalus ir nepana\u0161us \u012f bet kur\u012f kit\u0105! Specialia dilde pasidarykite norimos formos grafitin\u012f antgal\u012f ir sukurkite unikal\u0173 \u0161ifr\u0105. Puikus \u012frankis kaligrafijai, \u0161rift\u0173 k\u016brimui, eskizavimui ar iliustracijoms pie\u0161ti \u2013 idealiai tinka bet kokiam k\u016brybiniam projektui! \u0160is medinis pie\u0161tukas yra ergonomi\u0161kas ir patogus suimti, kai pie\u0161iate ar u\u017esiimate \u0161rift\u0173 ra\u0161ymu ir kaligrafija. Rinkinyje yra: Juodos spalvos pie\u0161tukas su apvalia grafitine \u0161erdele. T\u016bbel\u0117 su juodomis plok\u0161\u010diomis ir apvaliomis grafitin\u0117mis \u0161erdel\u0117mis. \u0160erdeli\u0173 smailinimo dild\u0117, kuri pad\u0117s sukurti unikalius \u0161riftus.<\/p>\n","protected":false},"featured_media":353208,"comment_status":"closed","ping_status":"closed","template":"","meta":{"_acf_changed":false,"ep_exclude_from_search":false},"product_cat":[20361],"product_tag":[],"class_list":{"0":"post-339603","1":"product","2":"type-product","3":"status-publish","4":"has-post-thumbnail","6":"product_cat-maaramata","8":"first","9":"instock","10":"taxable","11":"shipping-taxable","12":"product-type-simple"},"acf":[],"yoast_head":"<!-- This site is optimized with the Yoast SEO plugin v24.1 - https:\/\/yoast.com\/wordpress\/plugins\/seo\/ -->\n<title>Pie\u0161tukas kaligrafijai Manuscript Lettering Pencil &#8211; Skizze<\/title>\n<meta name=\"robots\" content=\"noindex, follow, max-snippet:-1, max-image-preview:large, max-video-preview:-1\" \/>\n<meta property=\"og:locale\" content=\"lt_LT\" \/>\n<meta property=\"og:type\" content=\"article\" \/>\n<meta property=\"og:title\" content=\"Pie\u0161tukas kaligrafijai Manuscript Lettering Pencil &#8211; Skizze\" \/>\n<meta property=\"og:description\" content=\"Kaligrafinis pie\u0161tukas yra unikalus ir nepana\u0161us \u012f bet kur\u012f kit\u0105! Specialia dilde pasidarykite norimos formos grafitin\u012f antgal\u012f ir sukurkite unikal\u0173 \u0161ifr\u0105. Puikus \u012frankis kaligrafijai, \u0161rift\u0173 k\u016brimui, eskizavimui ar iliustracijoms pie\u0161ti \u2013 idealiai tinka bet kokiam k\u016brybiniam projektui! \u0160is medinis pie\u0161tukas yra ergonomi\u0161kas ir patogus suimti, kai pie\u0161iate ar u\u017esiimate \u0161rift\u0173 ra\u0161ymu ir kaligrafija. Rinkinyje yra: Juodos spalvos pie\u0161tukas su apvalia grafitine \u0161erdele. T\u016bbel\u0117 su juodomis plok\u0161\u010diomis ir apvaliomis grafitin\u0117mis \u0161erdel\u0117mis. \u0160erdeli\u0173 smailinimo dild\u0117, kuri pad\u0117s sukurti unikalius \u0161riftus.\" \/>\n<meta property=\"og:url\" content=\"https:\/\/hobstop.ee\/lt\/produktas\/piestukas-kaligrafijai-manuscript-lettering-pencil\/\" \/>\n<meta property=\"og:site_name\" content=\"Skizze\" \/>\n<meta property=\"article:publisher\" content=\"http:\/\/www.facebook.com\/VunderSkizze\" \/>\n<meta property=\"og:image\" content=\"https:\/\/hobstop.ee\/media\/5052.JPG\" \/>\n\t<meta property=\"og:image:width\" content=\"1024\" \/>\n\t<meta property=\"og:image:height\" content=\"768\" \/>\n\t<meta property=\"og:image:type\" content=\"image\/jpeg\" \/>\n<meta name=\"twitter:card\" content=\"summary_large_image\" \/>\n<script type=\"application\/ld+json\" class=\"yoast-schema-graph\">{\"@context\":\"https:\/\/schema.org\",\"@graph\":[{\"@type\":\"WebPage\",\"@id\":\"https:\/\/hobstop.ee\/lt\/produktas\/piestukas-kaligrafijai-manuscript-lettering-pencil\/\",\"url\":\"https:\/\/hobstop.ee\/lt\/produktas\/piestukas-kaligrafijai-manuscript-lettering-pencil\/\",\"name\":\"Pie\u0161tukas kaligrafijai Manuscript Lettering Pencil &#8211; Skizze\",\"isPartOf\":{\"@id\":\"https:\/\/hobstop.ee\/lt\/#website\"},\"primaryImageOfPage\":{\"@id\":\"https:\/\/hobstop.ee\/lt\/produktas\/piestukas-kaligrafijai-manuscript-lettering-pencil\/#primaryimage\"},\"image\":{\"@id\":\"https:\/\/hobstop.ee\/lt\/produktas\/piestukas-kaligrafijai-manuscript-lettering-pencil\/#primaryimage\"},\"thumbnailUrl\":\"https:\/\/hobstop.ee\/media\/5052.JPG\",\"datePublished\":\"2019-11-20T10:41:23+00:00\",\"dateModified\":\"2019-11-20T10:41:23+00:00\",\"breadcrumb\":{\"@id\":\"https:\/\/hobstop.ee\/lt\/produktas\/piestukas-kaligrafijai-manuscript-lettering-pencil\/#breadcrumb\"},\"inLanguage\":\"lt\",\"potentialAction\":[{\"@type\":\"ReadAction\",\"target\":[\"https:\/\/hobstop.ee\/lt\/produktas\/piestukas-kaligrafijai-manuscript-lettering-pencil\/\"]}]},{\"@type\":\"ImageObject\",\"inLanguage\":\"lt\",\"@id\":\"https:\/\/hobstop.ee\/lt\/produktas\/piestukas-kaligrafijai-manuscript-lettering-pencil\/#primaryimage\",\"url\":\"https:\/\/hobstop.ee\/media\/5052.JPG\",\"contentUrl\":\"https:\/\/hobstop.ee\/media\/5052.JPG\",\"width\":1024,\"height\":768},{\"@type\":\"BreadcrumbList\",\"@id\":\"https:\/\/hobstop.ee\/lt\/produktas\/piestukas-kaligrafijai-manuscript-lettering-pencil\/#breadcrumb\",\"itemListElement\":[{\"@type\":\"ListItem\",\"position\":1,\"name\":\"Avaleht\",\"item\":\"https:\/\/hobstop.ee\/lt\/\"},{\"@type\":\"ListItem\",\"position\":2,\"name\":\"Parduotuv\u0117\",\"item\":\"https:\/\/hobstop.ee\/lt\/parduotuve\/\"},{\"@type\":\"ListItem\",\"position\":3,\"name\":\"Pie\u0161tukas kaligrafijai Manuscript Lettering Pencil\"}]},{\"@type\":\"WebSite\",\"@id\":\"https:\/\/hobstop.ee\/lt\/#website\",\"url\":\"https:\/\/hobstop.ee\/lt\/\",\"name\":\"Skizze\",\"description\":\"Dail\u0117s, pom\u0117gi\u0173 ir mokykliniai reikm\u0117nys\",\"publisher\":{\"@id\":\"https:\/\/hobstop.ee\/lt\/#organization\"},\"potentialAction\":[{\"@type\":\"SearchAction\",\"target\":{\"@type\":\"EntryPoint\",\"urlTemplate\":\"https:\/\/hobstop.ee\/lt\/?s={search_term_string}\"},\"query-input\":{\"@type\":\"PropertyValueSpecification\",\"valueRequired\":true,\"valueName\":\"search_term_string\"}}],\"inLanguage\":\"lt\"},{\"@type\":\"Organization\",\"@id\":\"https:\/\/hobstop.ee\/lt\/#organization\",\"name\":\"Vunder AS\",\"url\":\"https:\/\/hobstop.ee\/lt\/\",\"logo\":{\"@type\":\"ImageObject\",\"inLanguage\":\"lt\",\"@id\":\"https:\/\/hobstop.ee\/lt\/#\/schema\/logo\/image\/\",\"url\":\"https:\/\/hobstop.ee\/media\/vunder-logo.png\",\"contentUrl\":\"https:\/\/hobstop.ee\/media\/vunder-logo.png\",\"width\":127,\"height\":55,\"caption\":\"Vunder AS\"},\"image\":{\"@id\":\"https:\/\/hobstop.ee\/lt\/#\/schema\/logo\/image\/\"},\"sameAs\":[\"http:\/\/www.facebook.com\/VunderSkizze\"]}]}<\/script>\n<!-- \/ Yoast SEO plugin. -->","yoast_head_json":{"title":"Pie\u0161tukas kaligrafijai Manuscript Lettering Pencil &#8211; Skizze","robots":{"index":"noindex","follow":"follow","max-snippet":"max-snippet:-1","max-image-preview":"max-image-preview:large","max-video-preview":"max-video-preview:-1"},"og_locale":"lt_LT","og_type":"article","og_title":"Pie\u0161tukas kaligrafijai Manuscript Lettering Pencil &#8211; Skizze","og_description":"Kaligrafinis pie\u0161tukas yra unikalus ir nepana\u0161us \u012f bet kur\u012f kit\u0105! Specialia dilde pasidarykite norimos formos grafitin\u012f antgal\u012f ir sukurkite unikal\u0173 \u0161ifr\u0105. Puikus \u012frankis kaligrafijai, \u0161rift\u0173 k\u016brimui, eskizavimui ar iliustracijoms pie\u0161ti \u2013 idealiai tinka bet kokiam k\u016brybiniam projektui! \u0160is medinis pie\u0161tukas yra ergonomi\u0161kas ir patogus suimti, kai pie\u0161iate ar u\u017esiimate \u0161rift\u0173 ra\u0161ymu ir kaligrafija. Rinkinyje yra: Juodos spalvos pie\u0161tukas su apvalia grafitine \u0161erdele. T\u016bbel\u0117 su juodomis plok\u0161\u010diomis ir apvaliomis grafitin\u0117mis \u0161erdel\u0117mis. \u0160erdeli\u0173 smailinimo dild\u0117, kuri pad\u0117s sukurti unikalius \u0161riftus.","og_url":"https:\/\/hobstop.ee\/lt\/produktas\/piestukas-kaligrafijai-manuscript-lettering-pencil\/","og_site_name":"Skizze","article_publisher":"http:\/\/www.facebook.com\/VunderSkizze","og_image":[{"width":1024,"height":768,"url":"https:\/\/hobstop.ee\/media\/5052.JPG","type":"image\/jpeg"}],"twitter_card":"summary_large_image","schema":{"@context":"https:\/\/schema.org","@graph":[{"@type":"WebPage","@id":"https:\/\/hobstop.ee\/lt\/produktas\/piestukas-kaligrafijai-manuscript-lettering-pencil\/","url":"https:\/\/hobstop.ee\/lt\/produktas\/piestukas-kaligrafijai-manuscript-lettering-pencil\/","name":"Pie\u0161tukas kaligrafijai Manuscript Lettering Pencil &#8211; Skizze","isPartOf":{"@id":"https:\/\/hobstop.ee\/lt\/#website"},"primaryImageOfPage":{"@id":"https:\/\/hobstop.ee\/lt\/produktas\/piestukas-kaligrafijai-manuscript-lettering-pencil\/#primaryimage"},"image":{"@id":"https:\/\/hobstop.ee\/lt\/produktas\/piestukas-kaligrafijai-manuscript-lettering-pencil\/#primaryimage"},"thumbnailUrl":"https:\/\/hobstop.ee\/media\/5052.JPG","datePublished":"2019-11-20T10:41:23+00:00","dateModified":"2019-11-20T10:41:23+00:00","breadcrumb":{"@id":"https:\/\/hobstop.ee\/lt\/produktas\/piestukas-kaligrafijai-manuscript-lettering-pencil\/#breadcrumb"},"inLanguage":"lt","potentialAction":[{"@type":"ReadAction","target":["https:\/\/hobstop.ee\/lt\/produktas\/piestukas-kaligrafijai-manuscript-lettering-pencil\/"]}]},{"@type":"ImageObject","inLanguage":"lt","@id":"https:\/\/hobstop.ee\/lt\/produktas\/piestukas-kaligrafijai-manuscript-lettering-pencil\/#primaryimage","url":"https:\/\/hobstop.ee\/media\/5052.JPG","contentUrl":"https:\/\/hobstop.ee\/media\/5052.JPG","width":1024,"height":768},{"@type":"BreadcrumbList","@id":"https:\/\/hobstop.ee\/lt\/produktas\/piestukas-kaligrafijai-manuscript-lettering-pencil\/#breadcrumb","itemListElement":[{"@type":"ListItem","position":1,"name":"Avaleht","item":"https:\/\/hobstop.ee\/lt\/"},{"@type":"ListItem","position":2,"name":"Parduotuv\u0117","item":"https:\/\/hobstop.ee\/lt\/parduotuve\/"},{"@type":"ListItem","position":3,"name":"Pie\u0161tukas kaligrafijai Manuscript Lettering Pencil"}]},{"@type":"WebSite","@id":"https:\/\/hobstop.ee\/lt\/#website","url":"https:\/\/hobstop.ee\/lt\/","name":"Skizze","description":"Dail\u0117s, pom\u0117gi\u0173 ir mokykliniai reikm\u0117nys","publisher":{"@id":"https:\/\/hobstop.ee\/lt\/#organization"},"potentialAction":[{"@type":"SearchAction","target":{"@type":"EntryPoint","urlTemplate":"https:\/\/hobstop.ee\/lt\/?s={search_term_string}"},"query-input":{"@type":"PropertyValueSpecification","valueRequired":true,"valueName":"search_term_string"}}],"inLanguage":"lt"},{"@type":"Organization","@id":"https:\/\/hobstop.ee\/lt\/#organization","name":"Vunder AS","url":"https:\/\/hobstop.ee\/lt\/","logo":{"@type":"ImageObject","inLanguage":"lt","@id":"https:\/\/hobstop.ee\/lt\/#\/schema\/logo\/image\/","url":"https:\/\/hobstop.ee\/media\/vunder-logo.png","contentUrl":"https:\/\/hobstop.ee\/media\/vunder-logo.png","width":127,"height":55,"caption":"Vunder AS"},"image":{"@id":"https:\/\/hobstop.ee\/lt\/#\/schema\/logo\/image\/"},"sameAs":["http:\/\/www.facebook.com\/VunderSkizze"]}]}},"_links":{"self":[{"href":"https:\/\/hobstop.ee\/lt\/wp-json\/wp\/v2\/product\/339603","targetHints":{"allow":["GET"]}}],"collection":[{"href":"https:\/\/hobstop.ee\/lt\/wp-json\/wp\/v2\/product"}],"about":[{"href":"https:\/\/hobstop.ee\/lt\/wp-json\/wp\/v2\/types\/product"}],"replies":[{"embeddable":true,"href":"https:\/\/hobstop.ee\/lt\/wp-json\/wp\/v2\/comments?post=339603"}],"wp:featuredmedia":[{"embeddable":true,"href":"https:\/\/hobstop.ee\/lt\/wp-json\/wp\/v2\/media\/353208"}],"wp:attachment":[{"href":"https:\/\/hobstop.ee\/lt\/wp-json\/wp\/v2\/media?parent=339603"}],"wp:term":[{"taxonomy":"product_cat","embeddable":true,"href":"https:\/\/hobstop.ee\/lt\/wp-json\/wp\/v2\/product_cat?post=339603"},{"taxonomy":"product_tag","embeddable":true,"href":"https:\/\/hobstop.ee\/lt\/wp-json\/wp\/v2\/product_tag?post=339603"}],"curies":[{"name":"wp","href":"https:\/\/api.w.org\/{rel}","templated":true}]}}