{"id":339619,"date":"2019-11-20T12:41:51","date_gmt":"2019-11-20T10:41:57","guid":{"rendered":"https:\/\/sharks.ee\/vunder_2019\/product\/akvarelinis-markeris-winsornewton\/"},"modified":"2019-11-20T12:41:57","modified_gmt":"2019-11-20T10:41:57","slug":"akvarelinis-markeris-winsornewton","status":"publish","type":"product","link":"https:\/\/hobstop.ee\/lt\/produktas\/akvarelinis-markeris-winsornewton\/","title":{"rendered":"Akvarelinis markeris Winsor&#038;Newton"},"content":{"rendered":"<p>Vandens pagrindu pagamint\u0173 akvarelini\u0173 markeri\u0173 \u201eWinsor&#038;Newton\u201c, sud\u0117tyje yra itin daug pigmento. Puiki\u0173 spalv\u0173 ir ai\u0161ki\u0173 linij\u0173 markeriai akvarelei suteiks nauj\u0173 matmen\u0173. Markeriai yra dviej\u0173 gal\u0173, tod\u0117l u\u017etikrinamas dar geresnis tikslumas ir kontrol\u0117. Vienas markerio galas yra plonas, o kitas \u2013 mink\u0161tas tarsi teptukas, tod\u0117l juo galima i\u0161gauti \u012fvairi\u0173 stori\u0173 linijas ir itin tikslias detales. Norint i\u0161gauti mink\u0161tus ir ry\u0161kius i\u0161sklaidytus efektus, da\u017eus galima mai\u0161yti su vandeniu.<\/p>\n","protected":false},"excerpt":{"rendered":"<p>Vandens pagrindu pagamint\u0173 akvarelini\u0173 markeri\u0173 \u201eWinsor&#038;Newton\u201c, sud\u0117tyje yra itin daug pigmento. Puiki\u0173 spalv\u0173 ir ai\u0161ki\u0173 linij\u0173 markeriai akvarelei suteiks nauj\u0173 matmen\u0173. Markeriai yra dviej\u0173 gal\u0173, tod\u0117l u\u017etikrinamas dar geresnis tikslumas ir kontrol\u0117. Vienas markerio galas yra plonas, o kitas \u2013 mink\u0161tas tarsi teptukas, tod\u0117l juo galima i\u0161gauti \u012fvairi\u0173 stori\u0173 linijas ir itin tikslias detales. Norint i\u0161gauti mink\u0161tus ir ry\u0161kius i\u0161sklaidytus efektus, da\u017eus galima mai\u0161yti su vandeniu.<\/p>\n","protected":false},"featured_media":354604,"comment_status":"closed","ping_status":"closed","template":"","meta":{"_acf_changed":false,"ep_exclude_from_search":false},"product_cat":[20361],"product_tag":[],"class_list":{"0":"post-339619","1":"product","2":"type-product","3":"status-publish","4":"has-post-thumbnail","6":"product_cat-maaramata","8":"first","9":"instock","10":"taxable","11":"shipping-taxable","12":"product-type-simple"},"acf":[],"yoast_head":"<!-- This site is optimized with the Yoast SEO plugin v24.1 - https:\/\/yoast.com\/wordpress\/plugins\/seo\/ -->\n<title>Akvarelinis markeris Winsor&amp;Newton &#8211; Skizze<\/title>\n<meta name=\"robots\" content=\"noindex, follow, max-snippet:-1, max-image-preview:large, max-video-preview:-1\" \/>\n<meta property=\"og:locale\" content=\"lt_LT\" \/>\n<meta property=\"og:type\" content=\"article\" \/>\n<meta property=\"og:title\" content=\"Akvarelinis markeris Winsor&amp;Newton &#8211; Skizze\" \/>\n<meta property=\"og:description\" content=\"Vandens pagrindu pagamint\u0173 akvarelini\u0173 markeri\u0173 \u201eWinsor&#038;Newton\u201c, sud\u0117tyje yra itin daug pigmento. Puiki\u0173 spalv\u0173 ir ai\u0161ki\u0173 linij\u0173 markeriai akvarelei suteiks nauj\u0173 matmen\u0173. Markeriai yra dviej\u0173 gal\u0173, tod\u0117l u\u017etikrinamas dar geresnis tikslumas ir kontrol\u0117. Vienas markerio galas yra plonas, o kitas \u2013 mink\u0161tas tarsi teptukas, tod\u0117l juo galima i\u0161gauti \u012fvairi\u0173 stori\u0173 linijas ir itin tikslias detales. Norint i\u0161gauti mink\u0161tus ir ry\u0161kius i\u0161sklaidytus efektus, da\u017eus galima mai\u0161yti su vandeniu.\" \/>\n<meta property=\"og:url\" content=\"https:\/\/hobstop.ee\/lt\/produktas\/akvarelinis-markeris-winsornewton\/\" \/>\n<meta property=\"og:site_name\" content=\"Skizze\" \/>\n<meta property=\"article:publisher\" content=\"http:\/\/www.facebook.com\/VunderSkizze\" \/>\n<meta property=\"og:image\" content=\"https:\/\/hobstop.ee\/media\/5060.jpg\" \/>\n\t<meta property=\"og:image:width\" content=\"1024\" \/>\n\t<meta property=\"og:image:height\" content=\"768\" \/>\n\t<meta property=\"og:image:type\" content=\"image\/jpeg\" \/>\n<meta name=\"twitter:card\" content=\"summary_large_image\" \/>\n<script type=\"application\/ld+json\" class=\"yoast-schema-graph\">{\"@context\":\"https:\/\/schema.org\",\"@graph\":[{\"@type\":\"WebPage\",\"@id\":\"https:\/\/hobstop.ee\/lt\/produktas\/akvarelinis-markeris-winsornewton\/\",\"url\":\"https:\/\/hobstop.ee\/lt\/produktas\/akvarelinis-markeris-winsornewton\/\",\"name\":\"Akvarelinis markeris Winsor&Newton &#8211; Skizze\",\"isPartOf\":{\"@id\":\"https:\/\/www.hobstop.ee\/lt\/#website\"},\"primaryImageOfPage\":{\"@id\":\"https:\/\/hobstop.ee\/lt\/produktas\/akvarelinis-markeris-winsornewton\/#primaryimage\"},\"image\":{\"@id\":\"https:\/\/hobstop.ee\/lt\/produktas\/akvarelinis-markeris-winsornewton\/#primaryimage\"},\"thumbnailUrl\":\"https:\/\/hobstop.ee\/media\/5060.jpg\",\"datePublished\":\"2019-11-20T10:41:57+00:00\",\"dateModified\":\"2019-11-20T10:41:57+00:00\",\"breadcrumb\":{\"@id\":\"https:\/\/hobstop.ee\/lt\/produktas\/akvarelinis-markeris-winsornewton\/#breadcrumb\"},\"inLanguage\":\"lt\",\"potentialAction\":[{\"@type\":\"ReadAction\",\"target\":[\"https:\/\/hobstop.ee\/lt\/produktas\/akvarelinis-markeris-winsornewton\/\"]}]},{\"@type\":\"ImageObject\",\"inLanguage\":\"lt\",\"@id\":\"https:\/\/hobstop.ee\/lt\/produktas\/akvarelinis-markeris-winsornewton\/#primaryimage\",\"url\":\"https:\/\/hobstop.ee\/media\/5060.jpg\",\"contentUrl\":\"https:\/\/hobstop.ee\/media\/5060.jpg\",\"width\":1024,\"height\":768},{\"@type\":\"BreadcrumbList\",\"@id\":\"https:\/\/hobstop.ee\/lt\/produktas\/akvarelinis-markeris-winsornewton\/#breadcrumb\",\"itemListElement\":[{\"@type\":\"ListItem\",\"position\":1,\"name\":\"Avaleht\",\"item\":\"https:\/\/hobstop.ee\/lt\/\"},{\"@type\":\"ListItem\",\"position\":2,\"name\":\"Parduotuv\u0117\",\"item\":\"https:\/\/www.hobstop.ee\/lt\/parduotuve\/\"},{\"@type\":\"ListItem\",\"position\":3,\"name\":\"Akvarelinis markeris Winsor&#038;Newton\"}]},{\"@type\":\"WebSite\",\"@id\":\"https:\/\/www.hobstop.ee\/lt\/#website\",\"url\":\"https:\/\/www.hobstop.ee\/lt\/\",\"name\":\"Skizze\",\"description\":\"Dail\u0117s, pom\u0117gi\u0173 ir mokykliniai reikm\u0117nys\",\"publisher\":{\"@id\":\"https:\/\/www.hobstop.ee\/lt\/#organization\"},\"potentialAction\":[{\"@type\":\"SearchAction\",\"target\":{\"@type\":\"EntryPoint\",\"urlTemplate\":\"https:\/\/www.hobstop.ee\/lt\/?s={search_term_string}\"},\"query-input\":{\"@type\":\"PropertyValueSpecification\",\"valueRequired\":true,\"valueName\":\"search_term_string\"}}],\"inLanguage\":\"lt\"},{\"@type\":\"Organization\",\"@id\":\"https:\/\/www.hobstop.ee\/lt\/#organization\",\"name\":\"Vunder AS\",\"url\":\"https:\/\/www.hobstop.ee\/lt\/\",\"logo\":{\"@type\":\"ImageObject\",\"inLanguage\":\"lt\",\"@id\":\"https:\/\/www.hobstop.ee\/lt\/#\/schema\/logo\/image\/\",\"url\":\"https:\/\/hobstop.ee\/media\/vunder-logo.png\",\"contentUrl\":\"https:\/\/hobstop.ee\/media\/vunder-logo.png\",\"width\":127,\"height\":55,\"caption\":\"Vunder AS\"},\"image\":{\"@id\":\"https:\/\/www.hobstop.ee\/lt\/#\/schema\/logo\/image\/\"},\"sameAs\":[\"http:\/\/www.facebook.com\/VunderSkizze\"]}]}<\/script>\n<!-- \/ Yoast SEO plugin. -->","yoast_head_json":{"title":"Akvarelinis markeris Winsor&Newton &#8211; Skizze","robots":{"index":"noindex","follow":"follow","max-snippet":"max-snippet:-1","max-image-preview":"max-image-preview:large","max-video-preview":"max-video-preview:-1"},"og_locale":"lt_LT","og_type":"article","og_title":"Akvarelinis markeris Winsor&Newton &#8211; Skizze","og_description":"Vandens pagrindu pagamint\u0173 akvarelini\u0173 markeri\u0173 \u201eWinsor&#038;Newton\u201c, sud\u0117tyje yra itin daug pigmento. Puiki\u0173 spalv\u0173 ir ai\u0161ki\u0173 linij\u0173 markeriai akvarelei suteiks nauj\u0173 matmen\u0173. Markeriai yra dviej\u0173 gal\u0173, tod\u0117l u\u017etikrinamas dar geresnis tikslumas ir kontrol\u0117. Vienas markerio galas yra plonas, o kitas \u2013 mink\u0161tas tarsi teptukas, tod\u0117l juo galima i\u0161gauti \u012fvairi\u0173 stori\u0173 linijas ir itin tikslias detales. Norint i\u0161gauti mink\u0161tus ir ry\u0161kius i\u0161sklaidytus efektus, da\u017eus galima mai\u0161yti su vandeniu.","og_url":"https:\/\/hobstop.ee\/lt\/produktas\/akvarelinis-markeris-winsornewton\/","og_site_name":"Skizze","article_publisher":"http:\/\/www.facebook.com\/VunderSkizze","og_image":[{"width":1024,"height":768,"url":"https:\/\/hobstop.ee\/media\/5060.jpg","type":"image\/jpeg"}],"twitter_card":"summary_large_image","schema":{"@context":"https:\/\/schema.org","@graph":[{"@type":"WebPage","@id":"https:\/\/hobstop.ee\/lt\/produktas\/akvarelinis-markeris-winsornewton\/","url":"https:\/\/hobstop.ee\/lt\/produktas\/akvarelinis-markeris-winsornewton\/","name":"Akvarelinis markeris Winsor&Newton &#8211; Skizze","isPartOf":{"@id":"https:\/\/www.hobstop.ee\/lt\/#website"},"primaryImageOfPage":{"@id":"https:\/\/hobstop.ee\/lt\/produktas\/akvarelinis-markeris-winsornewton\/#primaryimage"},"image":{"@id":"https:\/\/hobstop.ee\/lt\/produktas\/akvarelinis-markeris-winsornewton\/#primaryimage"},"thumbnailUrl":"https:\/\/hobstop.ee\/media\/5060.jpg","datePublished":"2019-11-20T10:41:57+00:00","dateModified":"2019-11-20T10:41:57+00:00","breadcrumb":{"@id":"https:\/\/hobstop.ee\/lt\/produktas\/akvarelinis-markeris-winsornewton\/#breadcrumb"},"inLanguage":"lt","potentialAction":[{"@type":"ReadAction","target":["https:\/\/hobstop.ee\/lt\/produktas\/akvarelinis-markeris-winsornewton\/"]}]},{"@type":"ImageObject","inLanguage":"lt","@id":"https:\/\/hobstop.ee\/lt\/produktas\/akvarelinis-markeris-winsornewton\/#primaryimage","url":"https:\/\/hobstop.ee\/media\/5060.jpg","contentUrl":"https:\/\/hobstop.ee\/media\/5060.jpg","width":1024,"height":768},{"@type":"BreadcrumbList","@id":"https:\/\/hobstop.ee\/lt\/produktas\/akvarelinis-markeris-winsornewton\/#breadcrumb","itemListElement":[{"@type":"ListItem","position":1,"name":"Avaleht","item":"https:\/\/hobstop.ee\/lt\/"},{"@type":"ListItem","position":2,"name":"Parduotuv\u0117","item":"https:\/\/www.hobstop.ee\/lt\/parduotuve\/"},{"@type":"ListItem","position":3,"name":"Akvarelinis markeris Winsor&#038;Newton"}]},{"@type":"WebSite","@id":"https:\/\/www.hobstop.ee\/lt\/#website","url":"https:\/\/www.hobstop.ee\/lt\/","name":"Skizze","description":"Dail\u0117s, pom\u0117gi\u0173 ir mokykliniai reikm\u0117nys","publisher":{"@id":"https:\/\/www.hobstop.ee\/lt\/#organization"},"potentialAction":[{"@type":"SearchAction","target":{"@type":"EntryPoint","urlTemplate":"https:\/\/www.hobstop.ee\/lt\/?s={search_term_string}"},"query-input":{"@type":"PropertyValueSpecification","valueRequired":true,"valueName":"search_term_string"}}],"inLanguage":"lt"},{"@type":"Organization","@id":"https:\/\/www.hobstop.ee\/lt\/#organization","name":"Vunder AS","url":"https:\/\/www.hobstop.ee\/lt\/","logo":{"@type":"ImageObject","inLanguage":"lt","@id":"https:\/\/www.hobstop.ee\/lt\/#\/schema\/logo\/image\/","url":"https:\/\/hobstop.ee\/media\/vunder-logo.png","contentUrl":"https:\/\/hobstop.ee\/media\/vunder-logo.png","width":127,"height":55,"caption":"Vunder AS"},"image":{"@id":"https:\/\/www.hobstop.ee\/lt\/#\/schema\/logo\/image\/"},"sameAs":["http:\/\/www.facebook.com\/VunderSkizze"]}]}},"_links":{"self":[{"href":"https:\/\/hobstop.ee\/lt\/wp-json\/wp\/v2\/product\/339619","targetHints":{"allow":["GET"]}}],"collection":[{"href":"https:\/\/hobstop.ee\/lt\/wp-json\/wp\/v2\/product"}],"about":[{"href":"https:\/\/hobstop.ee\/lt\/wp-json\/wp\/v2\/types\/product"}],"replies":[{"embeddable":true,"href":"https:\/\/hobstop.ee\/lt\/wp-json\/wp\/v2\/comments?post=339619"}],"wp:featuredmedia":[{"embeddable":true,"href":"https:\/\/hobstop.ee\/lt\/wp-json\/wp\/v2\/media\/354604"}],"wp:attachment":[{"href":"https:\/\/hobstop.ee\/lt\/wp-json\/wp\/v2\/media?parent=339619"}],"wp:term":[{"taxonomy":"product_cat","embeddable":true,"href":"https:\/\/hobstop.ee\/lt\/wp-json\/wp\/v2\/product_cat?post=339619"},{"taxonomy":"product_tag","embeddable":true,"href":"https:\/\/hobstop.ee\/lt\/wp-json\/wp\/v2\/product_tag?post=339619"}],"curies":[{"name":"wp","href":"https:\/\/api.w.org\/{rel}","templated":true}]}}