{"id":339631,"date":"2019-11-20T21:14:01","date_gmt":"2019-11-20T10:42:22","guid":{"rendered":"https:\/\/sharks.ee\/vunder_2019\/product\/meistravimo-komplektas-maped-creativ-colorplay-design-my-carriages\/"},"modified":"2019-11-20T12:42:22","modified_gmt":"2019-11-20T10:42:22","slug":"meistravimo-komplektas-maped-creativ-colorplay-design-my-carriages","status":"publish","type":"product","link":"https:\/\/hobstop.ee\/lt\/produktas\/meistravimo-komplektas-maped-creativ-colorplay-design-my-carriages\/","title":{"rendered":"Meistravimo komplektas Maped Creativ Color&#038;Play Design my Carriages"},"content":{"rendered":"<p>\u017daiskite ir sukurkite savo svajoni\u0173 pasaul\u012f su 2 \u012fvairi\u0173 veikl\u0173 rinkiniais. Linksmoje veikloje galima panaudoti daug \u012fvairi\u0173 technik\u0173 ir detali\u0173 ir sukurti spalvingus darbelius.<\/p>\n<p>Seka:<br \/>\n1) Kiekvien\u0105 ve\u017eim\u0105 papuo\u0161kite rinkinyje esan\u010diomis detal\u0117mis.<br \/>\n2) Ve\u017eimus surinkite be klij\u0173.<br \/>\n3) \u017daidim\u0105 pabaikite su poniu ir kitais priedais!<\/p>\n<p>Savyb\u0117s:<br \/>\n&#8211; Keli surenkami ir \u012fvairiomis detal\u0117mis dekoruojami kartoniniai maketai.<br \/>\n&#8211; Kelios valandos smagaus neleid\u017eian\u010dio nuobod\u017eiauti u\u017esi\u0117mimo.<\/p>\n<p>Rinkinyje yra:<br \/>\n2 ve\u017eimai<br \/>\nMedis<br \/>\nPonis<br \/>\nSmag\u016bs priedai<br \/>\n12 flomasteri\u0173<br \/>\nSi\u016blai<br \/>\nLipdukai<br \/>\nKaroliukai<br \/>\nBumbuliukai<br \/>\n5 t\u016bbel\u0117s blizgi\u0173 klij\u0173<br \/>\nMediniai segtukai<br \/>\nSpalvotas popierius<\/p>\n","protected":false},"excerpt":{"rendered":"<p>\u017daiskite ir sukurkite savo svajoni\u0173 pasaul\u012f su 2 \u012fvairi\u0173 veikl\u0173 rinkiniais. Linksmoje veikloje galima panaudoti daug \u012fvairi\u0173 technik\u0173 ir detali\u0173 ir sukurti spalvingus darbelius. Seka: 1) Kiekvien\u0105 ve\u017eim\u0105 papuo\u0161kite rinkinyje esan\u010diomis detal\u0117mis. 2) Ve\u017eimus surinkite be klij\u0173. 3) \u017daidim\u0105 pabaikite su poniu ir kitais priedais! Savyb\u0117s: &#8211; Keli surenkami ir \u012fvairiomis detal\u0117mis dekoruojami kartoniniai maketai. &#8211; Kelios valandos smagaus neleid\u017eian\u010dio nuobod\u017eiauti u\u017esi\u0117mimo. Rinkinyje yra: 2 ve\u017eimai Medis Ponis Smag\u016bs priedai 12 flomasteri\u0173 Si\u016blai Lipdukai Karoliukai Bumbuliukai 5 t\u016bbel\u0117s blizgi\u0173 klij\u0173 Mediniai segtukai Spalvotas popierius<\/p>\n","protected":false},"featured_media":0,"comment_status":"closed","ping_status":"closed","template":"","meta":{"_acf_changed":false,"ep_exclude_from_search":false},"product_cat":[20361],"product_tag":[],"class_list":{"0":"post-339631","1":"product","2":"type-product","3":"status-publish","5":"product_cat-maaramata","7":"first","8":"instock","9":"taxable","10":"shipping-taxable","11":"product-type-simple"},"acf":[],"yoast_head":"<!-- This site is optimized with the Yoast SEO plugin v24.1 - https:\/\/yoast.com\/wordpress\/plugins\/seo\/ -->\n<title>Meistravimo komplektas Maped Creativ Color&amp;Play Design my Carriages &#8211; Skizze<\/title>\n<meta name=\"robots\" content=\"noindex, follow, max-snippet:-1, max-image-preview:large, max-video-preview:-1\" \/>\n<meta property=\"og:locale\" content=\"lt_LT\" \/>\n<meta property=\"og:type\" content=\"article\" \/>\n<meta property=\"og:title\" content=\"Meistravimo komplektas Maped Creativ Color&amp;Play Design my Carriages &#8211; Skizze\" \/>\n<meta property=\"og:description\" content=\"\u017daiskite ir sukurkite savo svajoni\u0173 pasaul\u012f su 2 \u012fvairi\u0173 veikl\u0173 rinkiniais. Linksmoje veikloje galima panaudoti daug \u012fvairi\u0173 technik\u0173 ir detali\u0173 ir sukurti spalvingus darbelius. Seka: 1) Kiekvien\u0105 ve\u017eim\u0105 papuo\u0161kite rinkinyje esan\u010diomis detal\u0117mis. 2) Ve\u017eimus surinkite be klij\u0173. 3) \u017daidim\u0105 pabaikite su poniu ir kitais priedais! Savyb\u0117s: &#8211; Keli surenkami ir \u012fvairiomis detal\u0117mis dekoruojami kartoniniai maketai. &#8211; Kelios valandos smagaus neleid\u017eian\u010dio nuobod\u017eiauti u\u017esi\u0117mimo. Rinkinyje yra: 2 ve\u017eimai Medis Ponis Smag\u016bs priedai 12 flomasteri\u0173 Si\u016blai Lipdukai Karoliukai Bumbuliukai 5 t\u016bbel\u0117s blizgi\u0173 klij\u0173 Mediniai segtukai Spalvotas popierius\" \/>\n<meta property=\"og:url\" content=\"https:\/\/hobstop.ee\/lt\/produktas\/meistravimo-komplektas-maped-creativ-colorplay-design-my-carriages\/\" \/>\n<meta property=\"og:site_name\" content=\"Skizze\" \/>\n<meta property=\"article:publisher\" content=\"http:\/\/www.facebook.com\/VunderSkizze\" \/>\n<meta name=\"twitter:card\" content=\"summary_large_image\" \/>\n<script type=\"application\/ld+json\" class=\"yoast-schema-graph\">{\"@context\":\"https:\/\/schema.org\",\"@graph\":[{\"@type\":\"WebPage\",\"@id\":\"https:\/\/hobstop.ee\/lt\/produktas\/meistravimo-komplektas-maped-creativ-colorplay-design-my-carriages\/\",\"url\":\"https:\/\/hobstop.ee\/lt\/produktas\/meistravimo-komplektas-maped-creativ-colorplay-design-my-carriages\/\",\"name\":\"Meistravimo komplektas Maped Creativ Color&Play Design my Carriages &#8211; Skizze\",\"isPartOf\":{\"@id\":\"https:\/\/www.hobstop.ee\/lt\/#website\"},\"datePublished\":\"2019-11-20T10:42:22+00:00\",\"dateModified\":\"2019-11-20T10:42:22+00:00\",\"breadcrumb\":{\"@id\":\"https:\/\/hobstop.ee\/lt\/produktas\/meistravimo-komplektas-maped-creativ-colorplay-design-my-carriages\/#breadcrumb\"},\"inLanguage\":\"lt\",\"potentialAction\":[{\"@type\":\"ReadAction\",\"target\":[\"https:\/\/hobstop.ee\/lt\/produktas\/meistravimo-komplektas-maped-creativ-colorplay-design-my-carriages\/\"]}]},{\"@type\":\"BreadcrumbList\",\"@id\":\"https:\/\/hobstop.ee\/lt\/produktas\/meistravimo-komplektas-maped-creativ-colorplay-design-my-carriages\/#breadcrumb\",\"itemListElement\":[{\"@type\":\"ListItem\",\"position\":1,\"name\":\"Avaleht\",\"item\":\"https:\/\/hobstop.ee\/lt\/\"},{\"@type\":\"ListItem\",\"position\":2,\"name\":\"Parduotuv\u0117\",\"item\":\"https:\/\/www.hobstop.ee\/lt\/parduotuve\/\"},{\"@type\":\"ListItem\",\"position\":3,\"name\":\"Meistravimo komplektas Maped Creativ Color&#038;Play Design my Carriages\"}]},{\"@type\":\"WebSite\",\"@id\":\"https:\/\/www.hobstop.ee\/lt\/#website\",\"url\":\"https:\/\/www.hobstop.ee\/lt\/\",\"name\":\"Skizze\",\"description\":\"Dail\u0117s, pom\u0117gi\u0173 ir mokykliniai reikm\u0117nys\",\"publisher\":{\"@id\":\"https:\/\/www.hobstop.ee\/lt\/#organization\"},\"potentialAction\":[{\"@type\":\"SearchAction\",\"target\":{\"@type\":\"EntryPoint\",\"urlTemplate\":\"https:\/\/www.hobstop.ee\/lt\/?s={search_term_string}\"},\"query-input\":{\"@type\":\"PropertyValueSpecification\",\"valueRequired\":true,\"valueName\":\"search_term_string\"}}],\"inLanguage\":\"lt\"},{\"@type\":\"Organization\",\"@id\":\"https:\/\/www.hobstop.ee\/lt\/#organization\",\"name\":\"Vunder AS\",\"url\":\"https:\/\/www.hobstop.ee\/lt\/\",\"logo\":{\"@type\":\"ImageObject\",\"inLanguage\":\"lt\",\"@id\":\"https:\/\/www.hobstop.ee\/lt\/#\/schema\/logo\/image\/\",\"url\":\"https:\/\/hobstop.ee\/media\/vunder-logo.png\",\"contentUrl\":\"https:\/\/hobstop.ee\/media\/vunder-logo.png\",\"width\":127,\"height\":55,\"caption\":\"Vunder AS\"},\"image\":{\"@id\":\"https:\/\/www.hobstop.ee\/lt\/#\/schema\/logo\/image\/\"},\"sameAs\":[\"http:\/\/www.facebook.com\/VunderSkizze\"]}]}<\/script>\n<!-- \/ Yoast SEO plugin. -->","yoast_head_json":{"title":"Meistravimo komplektas Maped Creativ Color&Play Design my Carriages &#8211; Skizze","robots":{"index":"noindex","follow":"follow","max-snippet":"max-snippet:-1","max-image-preview":"max-image-preview:large","max-video-preview":"max-video-preview:-1"},"og_locale":"lt_LT","og_type":"article","og_title":"Meistravimo komplektas Maped Creativ Color&Play Design my Carriages &#8211; Skizze","og_description":"\u017daiskite ir sukurkite savo svajoni\u0173 pasaul\u012f su 2 \u012fvairi\u0173 veikl\u0173 rinkiniais. Linksmoje veikloje galima panaudoti daug \u012fvairi\u0173 technik\u0173 ir detali\u0173 ir sukurti spalvingus darbelius. Seka: 1) Kiekvien\u0105 ve\u017eim\u0105 papuo\u0161kite rinkinyje esan\u010diomis detal\u0117mis. 2) Ve\u017eimus surinkite be klij\u0173. 3) \u017daidim\u0105 pabaikite su poniu ir kitais priedais! Savyb\u0117s: &#8211; Keli surenkami ir \u012fvairiomis detal\u0117mis dekoruojami kartoniniai maketai. &#8211; Kelios valandos smagaus neleid\u017eian\u010dio nuobod\u017eiauti u\u017esi\u0117mimo. Rinkinyje yra: 2 ve\u017eimai Medis Ponis Smag\u016bs priedai 12 flomasteri\u0173 Si\u016blai Lipdukai Karoliukai Bumbuliukai 5 t\u016bbel\u0117s blizgi\u0173 klij\u0173 Mediniai segtukai Spalvotas popierius","og_url":"https:\/\/hobstop.ee\/lt\/produktas\/meistravimo-komplektas-maped-creativ-colorplay-design-my-carriages\/","og_site_name":"Skizze","article_publisher":"http:\/\/www.facebook.com\/VunderSkizze","twitter_card":"summary_large_image","schema":{"@context":"https:\/\/schema.org","@graph":[{"@type":"WebPage","@id":"https:\/\/hobstop.ee\/lt\/produktas\/meistravimo-komplektas-maped-creativ-colorplay-design-my-carriages\/","url":"https:\/\/hobstop.ee\/lt\/produktas\/meistravimo-komplektas-maped-creativ-colorplay-design-my-carriages\/","name":"Meistravimo komplektas Maped Creativ Color&Play Design my Carriages &#8211; Skizze","isPartOf":{"@id":"https:\/\/www.hobstop.ee\/lt\/#website"},"datePublished":"2019-11-20T10:42:22+00:00","dateModified":"2019-11-20T10:42:22+00:00","breadcrumb":{"@id":"https:\/\/hobstop.ee\/lt\/produktas\/meistravimo-komplektas-maped-creativ-colorplay-design-my-carriages\/#breadcrumb"},"inLanguage":"lt","potentialAction":[{"@type":"ReadAction","target":["https:\/\/hobstop.ee\/lt\/produktas\/meistravimo-komplektas-maped-creativ-colorplay-design-my-carriages\/"]}]},{"@type":"BreadcrumbList","@id":"https:\/\/hobstop.ee\/lt\/produktas\/meistravimo-komplektas-maped-creativ-colorplay-design-my-carriages\/#breadcrumb","itemListElement":[{"@type":"ListItem","position":1,"name":"Avaleht","item":"https:\/\/hobstop.ee\/lt\/"},{"@type":"ListItem","position":2,"name":"Parduotuv\u0117","item":"https:\/\/www.hobstop.ee\/lt\/parduotuve\/"},{"@type":"ListItem","position":3,"name":"Meistravimo komplektas Maped Creativ Color&#038;Play Design my Carriages"}]},{"@type":"WebSite","@id":"https:\/\/www.hobstop.ee\/lt\/#website","url":"https:\/\/www.hobstop.ee\/lt\/","name":"Skizze","description":"Dail\u0117s, pom\u0117gi\u0173 ir mokykliniai reikm\u0117nys","publisher":{"@id":"https:\/\/www.hobstop.ee\/lt\/#organization"},"potentialAction":[{"@type":"SearchAction","target":{"@type":"EntryPoint","urlTemplate":"https:\/\/www.hobstop.ee\/lt\/?s={search_term_string}"},"query-input":{"@type":"PropertyValueSpecification","valueRequired":true,"valueName":"search_term_string"}}],"inLanguage":"lt"},{"@type":"Organization","@id":"https:\/\/www.hobstop.ee\/lt\/#organization","name":"Vunder AS","url":"https:\/\/www.hobstop.ee\/lt\/","logo":{"@type":"ImageObject","inLanguage":"lt","@id":"https:\/\/www.hobstop.ee\/lt\/#\/schema\/logo\/image\/","url":"https:\/\/hobstop.ee\/media\/vunder-logo.png","contentUrl":"https:\/\/hobstop.ee\/media\/vunder-logo.png","width":127,"height":55,"caption":"Vunder AS"},"image":{"@id":"https:\/\/www.hobstop.ee\/lt\/#\/schema\/logo\/image\/"},"sameAs":["http:\/\/www.facebook.com\/VunderSkizze"]}]}},"_links":{"self":[{"href":"https:\/\/hobstop.ee\/lt\/wp-json\/wp\/v2\/product\/339631","targetHints":{"allow":["GET"]}}],"collection":[{"href":"https:\/\/hobstop.ee\/lt\/wp-json\/wp\/v2\/product"}],"about":[{"href":"https:\/\/hobstop.ee\/lt\/wp-json\/wp\/v2\/types\/product"}],"replies":[{"embeddable":true,"href":"https:\/\/hobstop.ee\/lt\/wp-json\/wp\/v2\/comments?post=339631"}],"wp:attachment":[{"href":"https:\/\/hobstop.ee\/lt\/wp-json\/wp\/v2\/media?parent=339631"}],"wp:term":[{"taxonomy":"product_cat","embeddable":true,"href":"https:\/\/hobstop.ee\/lt\/wp-json\/wp\/v2\/product_cat?post=339631"},{"taxonomy":"product_tag","embeddable":true,"href":"https:\/\/hobstop.ee\/lt\/wp-json\/wp\/v2\/product_tag?post=339631"}],"curies":[{"name":"wp","href":"https:\/\/api.w.org\/{rel}","templated":true}]}}