{"id":340872,"date":"2020-04-01T14:55:18","date_gmt":"2020-04-01T11:55:24","guid":{"rendered":"https:\/\/sharks.ee\/vunder_2019\/product\/kliju-pistoletas-rayher-su-maitinimo-elementu-zemai-temperaturai\/"},"modified":"2020-04-01T14:55:24","modified_gmt":"2020-04-01T11:55:24","slug":"kliju-pistoletas-rayher-su-maitinimo-elementu-zemai-temperaturai","status":"publish","type":"product","link":"https:\/\/hobstop.ee\/lt\/produktas\/kliju-pistoletas-rayher-su-maitinimo-elementu-zemai-temperaturai\/","title":{"rendered":"Klij\u0173 pistoletas Rayher su maitinimo elementu \u017eemai temperat\u016brai"},"content":{"rendered":"<p>\u017demos temperat\u016bros (klij\u0173 pie\u0161tukas i\u0161silydo ma\u017edaug prie 80\u00b0C) judesi\u0173 nevar\u017eantis klij\u0173 pistoletas be laido. Tinka \u012fvairiems pom\u0117giams ir rankdarbiams, gali b\u016bti naudojamas \u012fvairioms, net ir tokioms jautrioms med\u017eiagoms kaip polietileno putplastis, klijuoti. Maitinamas 4 AA baterijomis (komplekte n\u0117ra), naudojimo trukm\u0117 apie 70 minu\u010di\u0173.<\/p>\n","protected":false},"excerpt":{"rendered":"<p>\u017demos temperat\u016bros (klij\u0173 pie\u0161tukas i\u0161silydo ma\u017edaug prie 80\u00b0C) judesi\u0173 nevar\u017eantis klij\u0173 pistoletas be laido. Tinka \u012fvairiems pom\u0117giams ir rankdarbiams, gali b\u016bti naudojamas \u012fvairioms, net ir tokioms jautrioms med\u017eiagoms kaip polietileno putplastis, klijuoti. Maitinamas 4 AA baterijomis (komplekte n\u0117ra), naudojimo trukm\u0117 apie 70 minu\u010di\u0173.<\/p>\n","protected":false},"featured_media":353428,"comment_status":"closed","ping_status":"closed","template":"","meta":{"_acf_changed":false,"ep_exclude_from_search":false},"product_cat":[20361],"product_tag":[],"class_list":{"0":"post-340872","1":"product","2":"type-product","3":"status-publish","4":"has-post-thumbnail","6":"product_cat-maaramata","8":"first","9":"instock","10":"taxable","11":"shipping-taxable","12":"product-type-simple"},"acf":[],"yoast_head":"<!-- This site is optimized with the Yoast SEO plugin v24.1 - https:\/\/yoast.com\/wordpress\/plugins\/seo\/ -->\n<title>Klij\u0173 pistoletas Rayher su maitinimo elementu \u017eemai temperat\u016brai &#8211; Skizze<\/title>\n<meta name=\"robots\" content=\"noindex, follow, max-snippet:-1, max-image-preview:large, max-video-preview:-1\" \/>\n<meta property=\"og:locale\" content=\"lt_LT\" \/>\n<meta property=\"og:type\" content=\"article\" \/>\n<meta property=\"og:title\" content=\"Klij\u0173 pistoletas Rayher su maitinimo elementu \u017eemai temperat\u016brai &#8211; Skizze\" \/>\n<meta property=\"og:description\" content=\"\u017demos temperat\u016bros (klij\u0173 pie\u0161tukas i\u0161silydo ma\u017edaug prie 80\u00b0C) judesi\u0173 nevar\u017eantis klij\u0173 pistoletas be laido. Tinka \u012fvairiems pom\u0117giams ir rankdarbiams, gali b\u016bti naudojamas \u012fvairioms, net ir tokioms jautrioms med\u017eiagoms kaip polietileno putplastis, klijuoti. Maitinamas 4 AA baterijomis (komplekte n\u0117ra), naudojimo trukm\u0117 apie 70 minu\u010di\u0173.\" \/>\n<meta property=\"og:url\" content=\"https:\/\/hobstop.ee\/lt\/produktas\/kliju-pistoletas-rayher-su-maitinimo-elementu-zemai-temperaturai\/\" \/>\n<meta property=\"og:site_name\" content=\"Skizze\" \/>\n<meta property=\"article:publisher\" content=\"http:\/\/www.facebook.com\/VunderSkizze\" \/>\n<meta property=\"og:image\" content=\"https:\/\/hobstop.ee\/media\/4682.jpg\" \/>\n\t<meta property=\"og:image:width\" content=\"1024\" \/>\n\t<meta property=\"og:image:height\" content=\"768\" \/>\n\t<meta property=\"og:image:type\" content=\"image\/jpeg\" \/>\n<meta name=\"twitter:card\" content=\"summary_large_image\" \/>\n<script type=\"application\/ld+json\" class=\"yoast-schema-graph\">{\"@context\":\"https:\/\/schema.org\",\"@graph\":[{\"@type\":\"WebPage\",\"@id\":\"https:\/\/hobstop.ee\/lt\/produktas\/kliju-pistoletas-rayher-su-maitinimo-elementu-zemai-temperaturai\/\",\"url\":\"https:\/\/hobstop.ee\/lt\/produktas\/kliju-pistoletas-rayher-su-maitinimo-elementu-zemai-temperaturai\/\",\"name\":\"Klij\u0173 pistoletas Rayher su maitinimo elementu \u017eemai temperat\u016brai &#8211; Skizze\",\"isPartOf\":{\"@id\":\"https:\/\/hobstop.ee\/lt\/#website\"},\"primaryImageOfPage\":{\"@id\":\"https:\/\/hobstop.ee\/lt\/produktas\/kliju-pistoletas-rayher-su-maitinimo-elementu-zemai-temperaturai\/#primaryimage\"},\"image\":{\"@id\":\"https:\/\/hobstop.ee\/lt\/produktas\/kliju-pistoletas-rayher-su-maitinimo-elementu-zemai-temperaturai\/#primaryimage\"},\"thumbnailUrl\":\"https:\/\/hobstop.ee\/media\/4682.jpg\",\"datePublished\":\"2020-04-01T11:55:24+00:00\",\"dateModified\":\"2020-04-01T11:55:24+00:00\",\"breadcrumb\":{\"@id\":\"https:\/\/hobstop.ee\/lt\/produktas\/kliju-pistoletas-rayher-su-maitinimo-elementu-zemai-temperaturai\/#breadcrumb\"},\"inLanguage\":\"lt\",\"potentialAction\":[{\"@type\":\"ReadAction\",\"target\":[\"https:\/\/hobstop.ee\/lt\/produktas\/kliju-pistoletas-rayher-su-maitinimo-elementu-zemai-temperaturai\/\"]}]},{\"@type\":\"ImageObject\",\"inLanguage\":\"lt\",\"@id\":\"https:\/\/hobstop.ee\/lt\/produktas\/kliju-pistoletas-rayher-su-maitinimo-elementu-zemai-temperaturai\/#primaryimage\",\"url\":\"https:\/\/hobstop.ee\/media\/4682.jpg\",\"contentUrl\":\"https:\/\/hobstop.ee\/media\/4682.jpg\",\"width\":1024,\"height\":768},{\"@type\":\"BreadcrumbList\",\"@id\":\"https:\/\/hobstop.ee\/lt\/produktas\/kliju-pistoletas-rayher-su-maitinimo-elementu-zemai-temperaturai\/#breadcrumb\",\"itemListElement\":[{\"@type\":\"ListItem\",\"position\":1,\"name\":\"Avaleht\",\"item\":\"https:\/\/hobstop.ee\/lt\/\"},{\"@type\":\"ListItem\",\"position\":2,\"name\":\"Parduotuv\u0117\",\"item\":\"https:\/\/hobstop.ee\/lt\/parduotuve\/\"},{\"@type\":\"ListItem\",\"position\":3,\"name\":\"Klij\u0173 pistoletas Rayher su maitinimo elementu \u017eemai temperat\u016brai\"}]},{\"@type\":\"WebSite\",\"@id\":\"https:\/\/hobstop.ee\/lt\/#website\",\"url\":\"https:\/\/hobstop.ee\/lt\/\",\"name\":\"Skizze\",\"description\":\"Dail\u0117s, pom\u0117gi\u0173 ir mokykliniai reikm\u0117nys\",\"publisher\":{\"@id\":\"https:\/\/hobstop.ee\/lt\/#organization\"},\"potentialAction\":[{\"@type\":\"SearchAction\",\"target\":{\"@type\":\"EntryPoint\",\"urlTemplate\":\"https:\/\/hobstop.ee\/lt\/?s={search_term_string}\"},\"query-input\":{\"@type\":\"PropertyValueSpecification\",\"valueRequired\":true,\"valueName\":\"search_term_string\"}}],\"inLanguage\":\"lt\"},{\"@type\":\"Organization\",\"@id\":\"https:\/\/hobstop.ee\/lt\/#organization\",\"name\":\"Vunder AS\",\"url\":\"https:\/\/hobstop.ee\/lt\/\",\"logo\":{\"@type\":\"ImageObject\",\"inLanguage\":\"lt\",\"@id\":\"https:\/\/hobstop.ee\/lt\/#\/schema\/logo\/image\/\",\"url\":\"https:\/\/hobstop.ee\/media\/vunder-logo.png\",\"contentUrl\":\"https:\/\/hobstop.ee\/media\/vunder-logo.png\",\"width\":127,\"height\":55,\"caption\":\"Vunder AS\"},\"image\":{\"@id\":\"https:\/\/hobstop.ee\/lt\/#\/schema\/logo\/image\/\"},\"sameAs\":[\"http:\/\/www.facebook.com\/VunderSkizze\"]}]}<\/script>\n<!-- \/ Yoast SEO plugin. -->","yoast_head_json":{"title":"Klij\u0173 pistoletas Rayher su maitinimo elementu \u017eemai temperat\u016brai &#8211; Skizze","robots":{"index":"noindex","follow":"follow","max-snippet":"max-snippet:-1","max-image-preview":"max-image-preview:large","max-video-preview":"max-video-preview:-1"},"og_locale":"lt_LT","og_type":"article","og_title":"Klij\u0173 pistoletas Rayher su maitinimo elementu \u017eemai temperat\u016brai &#8211; Skizze","og_description":"\u017demos temperat\u016bros (klij\u0173 pie\u0161tukas i\u0161silydo ma\u017edaug prie 80\u00b0C) judesi\u0173 nevar\u017eantis klij\u0173 pistoletas be laido. Tinka \u012fvairiems pom\u0117giams ir rankdarbiams, gali b\u016bti naudojamas \u012fvairioms, net ir tokioms jautrioms med\u017eiagoms kaip polietileno putplastis, klijuoti. Maitinamas 4 AA baterijomis (komplekte n\u0117ra), naudojimo trukm\u0117 apie 70 minu\u010di\u0173.","og_url":"https:\/\/hobstop.ee\/lt\/produktas\/kliju-pistoletas-rayher-su-maitinimo-elementu-zemai-temperaturai\/","og_site_name":"Skizze","article_publisher":"http:\/\/www.facebook.com\/VunderSkizze","og_image":[{"width":1024,"height":768,"url":"https:\/\/hobstop.ee\/media\/4682.jpg","type":"image\/jpeg"}],"twitter_card":"summary_large_image","schema":{"@context":"https:\/\/schema.org","@graph":[{"@type":"WebPage","@id":"https:\/\/hobstop.ee\/lt\/produktas\/kliju-pistoletas-rayher-su-maitinimo-elementu-zemai-temperaturai\/","url":"https:\/\/hobstop.ee\/lt\/produktas\/kliju-pistoletas-rayher-su-maitinimo-elementu-zemai-temperaturai\/","name":"Klij\u0173 pistoletas Rayher su maitinimo elementu \u017eemai temperat\u016brai &#8211; Skizze","isPartOf":{"@id":"https:\/\/hobstop.ee\/lt\/#website"},"primaryImageOfPage":{"@id":"https:\/\/hobstop.ee\/lt\/produktas\/kliju-pistoletas-rayher-su-maitinimo-elementu-zemai-temperaturai\/#primaryimage"},"image":{"@id":"https:\/\/hobstop.ee\/lt\/produktas\/kliju-pistoletas-rayher-su-maitinimo-elementu-zemai-temperaturai\/#primaryimage"},"thumbnailUrl":"https:\/\/hobstop.ee\/media\/4682.jpg","datePublished":"2020-04-01T11:55:24+00:00","dateModified":"2020-04-01T11:55:24+00:00","breadcrumb":{"@id":"https:\/\/hobstop.ee\/lt\/produktas\/kliju-pistoletas-rayher-su-maitinimo-elementu-zemai-temperaturai\/#breadcrumb"},"inLanguage":"lt","potentialAction":[{"@type":"ReadAction","target":["https:\/\/hobstop.ee\/lt\/produktas\/kliju-pistoletas-rayher-su-maitinimo-elementu-zemai-temperaturai\/"]}]},{"@type":"ImageObject","inLanguage":"lt","@id":"https:\/\/hobstop.ee\/lt\/produktas\/kliju-pistoletas-rayher-su-maitinimo-elementu-zemai-temperaturai\/#primaryimage","url":"https:\/\/hobstop.ee\/media\/4682.jpg","contentUrl":"https:\/\/hobstop.ee\/media\/4682.jpg","width":1024,"height":768},{"@type":"BreadcrumbList","@id":"https:\/\/hobstop.ee\/lt\/produktas\/kliju-pistoletas-rayher-su-maitinimo-elementu-zemai-temperaturai\/#breadcrumb","itemListElement":[{"@type":"ListItem","position":1,"name":"Avaleht","item":"https:\/\/hobstop.ee\/lt\/"},{"@type":"ListItem","position":2,"name":"Parduotuv\u0117","item":"https:\/\/hobstop.ee\/lt\/parduotuve\/"},{"@type":"ListItem","position":3,"name":"Klij\u0173 pistoletas Rayher su maitinimo elementu \u017eemai temperat\u016brai"}]},{"@type":"WebSite","@id":"https:\/\/hobstop.ee\/lt\/#website","url":"https:\/\/hobstop.ee\/lt\/","name":"Skizze","description":"Dail\u0117s, pom\u0117gi\u0173 ir mokykliniai reikm\u0117nys","publisher":{"@id":"https:\/\/hobstop.ee\/lt\/#organization"},"potentialAction":[{"@type":"SearchAction","target":{"@type":"EntryPoint","urlTemplate":"https:\/\/hobstop.ee\/lt\/?s={search_term_string}"},"query-input":{"@type":"PropertyValueSpecification","valueRequired":true,"valueName":"search_term_string"}}],"inLanguage":"lt"},{"@type":"Organization","@id":"https:\/\/hobstop.ee\/lt\/#organization","name":"Vunder AS","url":"https:\/\/hobstop.ee\/lt\/","logo":{"@type":"ImageObject","inLanguage":"lt","@id":"https:\/\/hobstop.ee\/lt\/#\/schema\/logo\/image\/","url":"https:\/\/hobstop.ee\/media\/vunder-logo.png","contentUrl":"https:\/\/hobstop.ee\/media\/vunder-logo.png","width":127,"height":55,"caption":"Vunder AS"},"image":{"@id":"https:\/\/hobstop.ee\/lt\/#\/schema\/logo\/image\/"},"sameAs":["http:\/\/www.facebook.com\/VunderSkizze"]}]}},"_links":{"self":[{"href":"https:\/\/hobstop.ee\/lt\/wp-json\/wp\/v2\/product\/340872","targetHints":{"allow":["GET"]}}],"collection":[{"href":"https:\/\/hobstop.ee\/lt\/wp-json\/wp\/v2\/product"}],"about":[{"href":"https:\/\/hobstop.ee\/lt\/wp-json\/wp\/v2\/types\/product"}],"replies":[{"embeddable":true,"href":"https:\/\/hobstop.ee\/lt\/wp-json\/wp\/v2\/comments?post=340872"}],"wp:featuredmedia":[{"embeddable":true,"href":"https:\/\/hobstop.ee\/lt\/wp-json\/wp\/v2\/media\/353428"}],"wp:attachment":[{"href":"https:\/\/hobstop.ee\/lt\/wp-json\/wp\/v2\/media?parent=340872"}],"wp:term":[{"taxonomy":"product_cat","embeddable":true,"href":"https:\/\/hobstop.ee\/lt\/wp-json\/wp\/v2\/product_cat?post=340872"},{"taxonomy":"product_tag","embeddable":true,"href":"https:\/\/hobstop.ee\/lt\/wp-json\/wp\/v2\/product_tag?post=340872"}],"curies":[{"name":"wp","href":"https:\/\/api.w.org\/{rel}","templated":true}]}}