{"id":340892,"date":"2020-04-01T14:56:00","date_gmt":"2020-04-01T11:56:05","guid":{"rendered":"https:\/\/sharks.ee\/vunder_2019\/product\/medine-iskaba-durims-rayher\/"},"modified":"2020-04-01T14:56:05","modified_gmt":"2020-04-01T11:56:05","slug":"medine-iskaba-durims-rayher","status":"publish","type":"product","link":"https:\/\/hobstop.ee\/lt\/produktas\/medine-iskaba-durims-rayher\/","title":{"rendered":"Medin\u0117 i\u0161kaba durims Rayher"},"content":{"rendered":"<p>\u201ePra\u0161au netrukdyti\u201c \u2013 tai jau praeitis: dabar ant savo dur\u0173 rankenos galite pasikabinti ant \u0161ios medin\u0117s u\u017era\u0161yt\u0105 k\u016brybin\u0119 \u017einut\u0119. Norite netrukdomi i\u0161simiegoti, naujaved\u017ei\u0173 pora ar sve\u010diai nori \u0161iek tiek pails\u0117ti po did\u017eiosios \u0161vent\u0117s, vaikai miega popie\u010dio miego ar nori tiesiog ramiai pa\u017eaisti? \u2013 dur\u0173 rankenos kortel\u0117 gali b\u016bti eleganti\u0161ka ir moderni, juokinga ir spalvinga. Kreidiniais da\u017eais galite para\u0161yti ir kitas ma\u017eas \u017einutes.<\/p>\n","protected":false},"excerpt":{"rendered":"<p>\u201ePra\u0161au netrukdyti\u201c \u2013 tai jau praeitis: dabar ant savo dur\u0173 rankenos galite pasikabinti ant \u0161ios medin\u0117s u\u017era\u0161yt\u0105 k\u016brybin\u0119 \u017einut\u0119. Norite netrukdomi i\u0161simiegoti, naujaved\u017ei\u0173 pora ar sve\u010diai nori \u0161iek tiek pails\u0117ti po did\u017eiosios \u0161vent\u0117s, vaikai miega popie\u010dio miego ar nori tiesiog ramiai pa\u017eaisti? \u2013 dur\u0173 rankenos kortel\u0117 gali b\u016bti eleganti\u0161ka ir moderni, juokinga ir spalvinga. Kreidiniais da\u017eais galite para\u0161yti ir kitas ma\u017eas \u017einutes.<\/p>\n","protected":false},"featured_media":353412,"comment_status":"closed","ping_status":"closed","template":"","meta":{"_acf_changed":false,"ep_exclude_from_search":false},"product_cat":[20361],"product_tag":[],"class_list":{"0":"post-340892","1":"product","2":"type-product","3":"status-publish","4":"has-post-thumbnail","6":"product_cat-maaramata","8":"first","9":"instock","10":"taxable","11":"shipping-taxable","12":"product-type-simple"},"acf":[],"yoast_head":"<!-- This site is optimized with the Yoast SEO plugin v24.1 - https:\/\/yoast.com\/wordpress\/plugins\/seo\/ -->\n<title>Medin\u0117 i\u0161kaba durims Rayher &#8211; Skizze<\/title>\n<meta name=\"robots\" content=\"noindex, follow, max-snippet:-1, max-image-preview:large, max-video-preview:-1\" \/>\n<meta property=\"og:locale\" content=\"lt_LT\" \/>\n<meta property=\"og:type\" content=\"article\" \/>\n<meta property=\"og:title\" content=\"Medin\u0117 i\u0161kaba durims Rayher &#8211; Skizze\" \/>\n<meta property=\"og:description\" content=\"\u201ePra\u0161au netrukdyti\u201c \u2013 tai jau praeitis: dabar ant savo dur\u0173 rankenos galite pasikabinti ant \u0161ios medin\u0117s u\u017era\u0161yt\u0105 k\u016brybin\u0119 \u017einut\u0119. Norite netrukdomi i\u0161simiegoti, naujaved\u017ei\u0173 pora ar sve\u010diai nori \u0161iek tiek pails\u0117ti po did\u017eiosios \u0161vent\u0117s, vaikai miega popie\u010dio miego ar nori tiesiog ramiai pa\u017eaisti? \u2013 dur\u0173 rankenos kortel\u0117 gali b\u016bti eleganti\u0161ka ir moderni, juokinga ir spalvinga. Kreidiniais da\u017eais galite para\u0161yti ir kitas ma\u017eas \u017einutes.\" \/>\n<meta property=\"og:url\" content=\"https:\/\/hobstop.ee\/lt\/produktas\/medine-iskaba-durims-rayher\/\" \/>\n<meta property=\"og:site_name\" content=\"Skizze\" \/>\n<meta property=\"article:publisher\" content=\"http:\/\/www.facebook.com\/VunderSkizze\" \/>\n<meta property=\"og:image\" content=\"https:\/\/hobstop.ee\/media\/4863.jpg\" \/>\n\t<meta property=\"og:image:width\" content=\"1024\" \/>\n\t<meta property=\"og:image:height\" content=\"768\" \/>\n\t<meta property=\"og:image:type\" content=\"image\/jpeg\" \/>\n<meta name=\"twitter:card\" content=\"summary_large_image\" \/>\n<script type=\"application\/ld+json\" class=\"yoast-schema-graph\">{\"@context\":\"https:\/\/schema.org\",\"@graph\":[{\"@type\":\"WebPage\",\"@id\":\"https:\/\/hobstop.ee\/lt\/produktas\/medine-iskaba-durims-rayher\/\",\"url\":\"https:\/\/hobstop.ee\/lt\/produktas\/medine-iskaba-durims-rayher\/\",\"name\":\"Medin\u0117 i\u0161kaba durims Rayher &#8211; Skizze\",\"isPartOf\":{\"@id\":\"https:\/\/hobstop.ee\/lt\/#website\"},\"primaryImageOfPage\":{\"@id\":\"https:\/\/hobstop.ee\/lt\/produktas\/medine-iskaba-durims-rayher\/#primaryimage\"},\"image\":{\"@id\":\"https:\/\/hobstop.ee\/lt\/produktas\/medine-iskaba-durims-rayher\/#primaryimage\"},\"thumbnailUrl\":\"https:\/\/hobstop.ee\/media\/4863.jpg\",\"datePublished\":\"2020-04-01T11:56:05+00:00\",\"dateModified\":\"2020-04-01T11:56:05+00:00\",\"breadcrumb\":{\"@id\":\"https:\/\/hobstop.ee\/lt\/produktas\/medine-iskaba-durims-rayher\/#breadcrumb\"},\"inLanguage\":\"lt\",\"potentialAction\":[{\"@type\":\"ReadAction\",\"target\":[\"https:\/\/hobstop.ee\/lt\/produktas\/medine-iskaba-durims-rayher\/\"]}]},{\"@type\":\"ImageObject\",\"inLanguage\":\"lt\",\"@id\":\"https:\/\/hobstop.ee\/lt\/produktas\/medine-iskaba-durims-rayher\/#primaryimage\",\"url\":\"https:\/\/hobstop.ee\/media\/4863.jpg\",\"contentUrl\":\"https:\/\/hobstop.ee\/media\/4863.jpg\",\"width\":1024,\"height\":768},{\"@type\":\"BreadcrumbList\",\"@id\":\"https:\/\/hobstop.ee\/lt\/produktas\/medine-iskaba-durims-rayher\/#breadcrumb\",\"itemListElement\":[{\"@type\":\"ListItem\",\"position\":1,\"name\":\"Avaleht\",\"item\":\"https:\/\/hobstop.ee\/lt\/\"},{\"@type\":\"ListItem\",\"position\":2,\"name\":\"Parduotuv\u0117\",\"item\":\"https:\/\/hobstop.ee\/lt\/parduotuve\/\"},{\"@type\":\"ListItem\",\"position\":3,\"name\":\"Medin\u0117 i\u0161kaba durims Rayher\"}]},{\"@type\":\"WebSite\",\"@id\":\"https:\/\/hobstop.ee\/lt\/#website\",\"url\":\"https:\/\/hobstop.ee\/lt\/\",\"name\":\"Skizze\",\"description\":\"Dail\u0117s, pom\u0117gi\u0173 ir mokykliniai reikm\u0117nys\",\"publisher\":{\"@id\":\"https:\/\/hobstop.ee\/lt\/#organization\"},\"potentialAction\":[{\"@type\":\"SearchAction\",\"target\":{\"@type\":\"EntryPoint\",\"urlTemplate\":\"https:\/\/hobstop.ee\/lt\/?s={search_term_string}\"},\"query-input\":{\"@type\":\"PropertyValueSpecification\",\"valueRequired\":true,\"valueName\":\"search_term_string\"}}],\"inLanguage\":\"lt\"},{\"@type\":\"Organization\",\"@id\":\"https:\/\/hobstop.ee\/lt\/#organization\",\"name\":\"Vunder AS\",\"url\":\"https:\/\/hobstop.ee\/lt\/\",\"logo\":{\"@type\":\"ImageObject\",\"inLanguage\":\"lt\",\"@id\":\"https:\/\/hobstop.ee\/lt\/#\/schema\/logo\/image\/\",\"url\":\"https:\/\/hobstop.ee\/media\/vunder-logo.png\",\"contentUrl\":\"https:\/\/hobstop.ee\/media\/vunder-logo.png\",\"width\":127,\"height\":55,\"caption\":\"Vunder AS\"},\"image\":{\"@id\":\"https:\/\/hobstop.ee\/lt\/#\/schema\/logo\/image\/\"},\"sameAs\":[\"http:\/\/www.facebook.com\/VunderSkizze\"]}]}<\/script>\n<!-- \/ Yoast SEO plugin. -->","yoast_head_json":{"title":"Medin\u0117 i\u0161kaba durims Rayher &#8211; Skizze","robots":{"index":"noindex","follow":"follow","max-snippet":"max-snippet:-1","max-image-preview":"max-image-preview:large","max-video-preview":"max-video-preview:-1"},"og_locale":"lt_LT","og_type":"article","og_title":"Medin\u0117 i\u0161kaba durims Rayher &#8211; Skizze","og_description":"\u201ePra\u0161au netrukdyti\u201c \u2013 tai jau praeitis: dabar ant savo dur\u0173 rankenos galite pasikabinti ant \u0161ios medin\u0117s u\u017era\u0161yt\u0105 k\u016brybin\u0119 \u017einut\u0119. Norite netrukdomi i\u0161simiegoti, naujaved\u017ei\u0173 pora ar sve\u010diai nori \u0161iek tiek pails\u0117ti po did\u017eiosios \u0161vent\u0117s, vaikai miega popie\u010dio miego ar nori tiesiog ramiai pa\u017eaisti? \u2013 dur\u0173 rankenos kortel\u0117 gali b\u016bti eleganti\u0161ka ir moderni, juokinga ir spalvinga. Kreidiniais da\u017eais galite para\u0161yti ir kitas ma\u017eas \u017einutes.","og_url":"https:\/\/hobstop.ee\/lt\/produktas\/medine-iskaba-durims-rayher\/","og_site_name":"Skizze","article_publisher":"http:\/\/www.facebook.com\/VunderSkizze","og_image":[{"width":1024,"height":768,"url":"https:\/\/hobstop.ee\/media\/4863.jpg","type":"image\/jpeg"}],"twitter_card":"summary_large_image","schema":{"@context":"https:\/\/schema.org","@graph":[{"@type":"WebPage","@id":"https:\/\/hobstop.ee\/lt\/produktas\/medine-iskaba-durims-rayher\/","url":"https:\/\/hobstop.ee\/lt\/produktas\/medine-iskaba-durims-rayher\/","name":"Medin\u0117 i\u0161kaba durims Rayher &#8211; Skizze","isPartOf":{"@id":"https:\/\/hobstop.ee\/lt\/#website"},"primaryImageOfPage":{"@id":"https:\/\/hobstop.ee\/lt\/produktas\/medine-iskaba-durims-rayher\/#primaryimage"},"image":{"@id":"https:\/\/hobstop.ee\/lt\/produktas\/medine-iskaba-durims-rayher\/#primaryimage"},"thumbnailUrl":"https:\/\/hobstop.ee\/media\/4863.jpg","datePublished":"2020-04-01T11:56:05+00:00","dateModified":"2020-04-01T11:56:05+00:00","breadcrumb":{"@id":"https:\/\/hobstop.ee\/lt\/produktas\/medine-iskaba-durims-rayher\/#breadcrumb"},"inLanguage":"lt","potentialAction":[{"@type":"ReadAction","target":["https:\/\/hobstop.ee\/lt\/produktas\/medine-iskaba-durims-rayher\/"]}]},{"@type":"ImageObject","inLanguage":"lt","@id":"https:\/\/hobstop.ee\/lt\/produktas\/medine-iskaba-durims-rayher\/#primaryimage","url":"https:\/\/hobstop.ee\/media\/4863.jpg","contentUrl":"https:\/\/hobstop.ee\/media\/4863.jpg","width":1024,"height":768},{"@type":"BreadcrumbList","@id":"https:\/\/hobstop.ee\/lt\/produktas\/medine-iskaba-durims-rayher\/#breadcrumb","itemListElement":[{"@type":"ListItem","position":1,"name":"Avaleht","item":"https:\/\/hobstop.ee\/lt\/"},{"@type":"ListItem","position":2,"name":"Parduotuv\u0117","item":"https:\/\/hobstop.ee\/lt\/parduotuve\/"},{"@type":"ListItem","position":3,"name":"Medin\u0117 i\u0161kaba durims Rayher"}]},{"@type":"WebSite","@id":"https:\/\/hobstop.ee\/lt\/#website","url":"https:\/\/hobstop.ee\/lt\/","name":"Skizze","description":"Dail\u0117s, pom\u0117gi\u0173 ir mokykliniai reikm\u0117nys","publisher":{"@id":"https:\/\/hobstop.ee\/lt\/#organization"},"potentialAction":[{"@type":"SearchAction","target":{"@type":"EntryPoint","urlTemplate":"https:\/\/hobstop.ee\/lt\/?s={search_term_string}"},"query-input":{"@type":"PropertyValueSpecification","valueRequired":true,"valueName":"search_term_string"}}],"inLanguage":"lt"},{"@type":"Organization","@id":"https:\/\/hobstop.ee\/lt\/#organization","name":"Vunder AS","url":"https:\/\/hobstop.ee\/lt\/","logo":{"@type":"ImageObject","inLanguage":"lt","@id":"https:\/\/hobstop.ee\/lt\/#\/schema\/logo\/image\/","url":"https:\/\/hobstop.ee\/media\/vunder-logo.png","contentUrl":"https:\/\/hobstop.ee\/media\/vunder-logo.png","width":127,"height":55,"caption":"Vunder AS"},"image":{"@id":"https:\/\/hobstop.ee\/lt\/#\/schema\/logo\/image\/"},"sameAs":["http:\/\/www.facebook.com\/VunderSkizze"]}]}},"_links":{"self":[{"href":"https:\/\/hobstop.ee\/lt\/wp-json\/wp\/v2\/product\/340892","targetHints":{"allow":["GET"]}}],"collection":[{"href":"https:\/\/hobstop.ee\/lt\/wp-json\/wp\/v2\/product"}],"about":[{"href":"https:\/\/hobstop.ee\/lt\/wp-json\/wp\/v2\/types\/product"}],"replies":[{"embeddable":true,"href":"https:\/\/hobstop.ee\/lt\/wp-json\/wp\/v2\/comments?post=340892"}],"wp:featuredmedia":[{"embeddable":true,"href":"https:\/\/hobstop.ee\/lt\/wp-json\/wp\/v2\/media\/353412"}],"wp:attachment":[{"href":"https:\/\/hobstop.ee\/lt\/wp-json\/wp\/v2\/media?parent=340892"}],"wp:term":[{"taxonomy":"product_cat","embeddable":true,"href":"https:\/\/hobstop.ee\/lt\/wp-json\/wp\/v2\/product_cat?post=340892"},{"taxonomy":"product_tag","embeddable":true,"href":"https:\/\/hobstop.ee\/lt\/wp-json\/wp\/v2\/product_tag?post=340892"}],"curies":[{"name":"wp","href":"https:\/\/api.w.org\/{rel}","templated":true}]}}