{"id":340908,"date":"2020-04-01T14:56:33","date_gmt":"2020-04-01T11:56:39","guid":{"rendered":"https:\/\/sharks.ee\/vunder_2019\/product\/medinis-pagrindas-rayher\/"},"modified":"2020-04-01T14:56:39","modified_gmt":"2020-04-01T11:56:39","slug":"medinis-pagrindas-rayher","status":"publish","type":"product","link":"https:\/\/hobstop.ee\/lt\/produktas\/medinis-pagrindas-rayher\/","title":{"rendered":"Medinis pagrindas Rayher"},"content":{"rendered":"<p>Patrauklus ir prakti\u0161kas, modernus medinis pad\u0117klas. \u0160is pad\u0117klas visur ir visada atrodys gerai \u2013 virtuv\u0117je ant jo galite patiekti pusry\u010dius arba tiesiog \u0161iuo gra\u017eiu daiktu dekoruoti namus. K\u016brybingi \u017emon\u0117s visada suras begal\u0119 b\u016bd\u0173, kaip j\u012f panaudoti. Pad\u0117kl\u0105 galima dekoruoti servet\u0117li\u0173 technika, nuda\u017eyti kreidiniais da\u017eais, i\u0161deginti jame \u012fvairius ornamentus \u2013 galimybi\u0173 k\u016brybi\u0161kumui pasireik\u0161ti yra begal\u0117s. Nuda\u017eytas pad\u0117klas su dekoratyvin\u0117mis \u017evak\u0117mis arba arbatin\u0117mis \u017evakut\u0117mis yra puiki, i\u0161tisus metus tinkanti nam\u0173 dekoracija. Nor\u0117dami papuo\u0161ti savo virtuv\u0119, pad\u0117kl\u0105 galite dekoruoti mozaika, ant jo sustatyti savo m\u0117gstamus prieskonius ir alyvas. \u0160is paprastas medinis pad\u0117klas puikiai atrodo ir visai nedekoruotas, ta\u010diau yra labai universalus. Leiskite pasireik\u0161ti savo k\u016brybi\u0161kumui ir fantazijai.<\/p>\n","protected":false},"excerpt":{"rendered":"<p>Patrauklus ir prakti\u0161kas, modernus medinis pad\u0117klas. \u0160is pad\u0117klas visur ir visada atrodys gerai \u2013 virtuv\u0117je ant jo galite patiekti pusry\u010dius arba tiesiog \u0161iuo gra\u017eiu daiktu dekoruoti namus. K\u016brybingi \u017emon\u0117s visada suras begal\u0119 b\u016bd\u0173, kaip j\u012f panaudoti. Pad\u0117kl\u0105 galima dekoruoti servet\u0117li\u0173 technika, nuda\u017eyti kreidiniais da\u017eais, i\u0161deginti jame \u012fvairius ornamentus \u2013 galimybi\u0173 k\u016brybi\u0161kumui pasireik\u0161ti yra begal\u0117s. Nuda\u017eytas pad\u0117klas su dekoratyvin\u0117mis \u017evak\u0117mis arba arbatin\u0117mis \u017evakut\u0117mis yra puiki, i\u0161tisus metus tinkanti nam\u0173 dekoracija. Nor\u0117dami papuo\u0161ti savo virtuv\u0119, pad\u0117kl\u0105 galite dekoruoti mozaika, ant jo sustatyti savo m\u0117gstamus prieskonius ir alyvas. \u0160is paprastas medinis pad\u0117klas puikiai atrodo ir visai nedekoruotas, ta\u010diau yra labai universalus. Leiskite pasireik\u0161ti savo k\u016brybi\u0161kumui ir fantazijai.<\/p>\n","protected":false},"featured_media":353320,"comment_status":"closed","ping_status":"closed","template":"","meta":{"_acf_changed":false,"ep_exclude_from_search":false},"product_cat":[20361],"product_tag":[],"class_list":{"0":"post-340908","1":"product","2":"type-product","3":"status-publish","4":"has-post-thumbnail","6":"product_cat-maaramata","8":"first","9":"instock","10":"taxable","11":"shipping-taxable","12":"product-type-simple"},"acf":[],"yoast_head":"<!-- This site is optimized with the Yoast SEO plugin v24.1 - https:\/\/yoast.com\/wordpress\/plugins\/seo\/ -->\n<title>Medinis pagrindas Rayher &#8211; Skizze<\/title>\n<meta name=\"robots\" content=\"noindex, follow, max-snippet:-1, max-image-preview:large, max-video-preview:-1\" \/>\n<meta property=\"og:locale\" content=\"lt_LT\" \/>\n<meta property=\"og:type\" content=\"article\" \/>\n<meta property=\"og:title\" content=\"Medinis pagrindas Rayher &#8211; Skizze\" \/>\n<meta property=\"og:description\" content=\"Patrauklus ir prakti\u0161kas, modernus medinis pad\u0117klas. \u0160is pad\u0117klas visur ir visada atrodys gerai \u2013 virtuv\u0117je ant jo galite patiekti pusry\u010dius arba tiesiog \u0161iuo gra\u017eiu daiktu dekoruoti namus. K\u016brybingi \u017emon\u0117s visada suras begal\u0119 b\u016bd\u0173, kaip j\u012f panaudoti. Pad\u0117kl\u0105 galima dekoruoti servet\u0117li\u0173 technika, nuda\u017eyti kreidiniais da\u017eais, i\u0161deginti jame \u012fvairius ornamentus \u2013 galimybi\u0173 k\u016brybi\u0161kumui pasireik\u0161ti yra begal\u0117s. Nuda\u017eytas pad\u0117klas su dekoratyvin\u0117mis \u017evak\u0117mis arba arbatin\u0117mis \u017evakut\u0117mis yra puiki, i\u0161tisus metus tinkanti nam\u0173 dekoracija. Nor\u0117dami papuo\u0161ti savo virtuv\u0119, pad\u0117kl\u0105 galite dekoruoti mozaika, ant jo sustatyti savo m\u0117gstamus prieskonius ir alyvas. \u0160is paprastas medinis pad\u0117klas puikiai atrodo ir visai nedekoruotas, ta\u010diau yra labai universalus. Leiskite pasireik\u0161ti savo k\u016brybi\u0161kumui ir fantazijai.\" \/>\n<meta property=\"og:url\" content=\"https:\/\/hobstop.ee\/lt\/produktas\/medinis-pagrindas-rayher\/\" \/>\n<meta property=\"og:site_name\" content=\"Skizze\" \/>\n<meta property=\"article:publisher\" content=\"http:\/\/www.facebook.com\/VunderSkizze\" \/>\n<meta property=\"og:image\" content=\"https:\/\/hobstop.ee\/media\/4869.jpg\" \/>\n\t<meta property=\"og:image:width\" content=\"1024\" \/>\n\t<meta property=\"og:image:height\" content=\"768\" \/>\n\t<meta property=\"og:image:type\" content=\"image\/jpeg\" \/>\n<meta name=\"twitter:card\" content=\"summary_large_image\" \/>\n<meta name=\"twitter:label1\" content=\"Est. reading time\" \/>\n\t<meta name=\"twitter:data1\" content=\"1 minute\" \/>\n<script type=\"application\/ld+json\" class=\"yoast-schema-graph\">{\"@context\":\"https:\/\/schema.org\",\"@graph\":[{\"@type\":\"WebPage\",\"@id\":\"https:\/\/hobstop.ee\/lt\/produktas\/medinis-pagrindas-rayher\/\",\"url\":\"https:\/\/hobstop.ee\/lt\/produktas\/medinis-pagrindas-rayher\/\",\"name\":\"Medinis pagrindas Rayher &#8211; Skizze\",\"isPartOf\":{\"@id\":\"https:\/\/hobstop.ee\/lt\/#website\"},\"primaryImageOfPage\":{\"@id\":\"https:\/\/hobstop.ee\/lt\/produktas\/medinis-pagrindas-rayher\/#primaryimage\"},\"image\":{\"@id\":\"https:\/\/hobstop.ee\/lt\/produktas\/medinis-pagrindas-rayher\/#primaryimage\"},\"thumbnailUrl\":\"https:\/\/hobstop.ee\/media\/4869.jpg\",\"datePublished\":\"2020-04-01T11:56:39+00:00\",\"dateModified\":\"2020-04-01T11:56:39+00:00\",\"breadcrumb\":{\"@id\":\"https:\/\/hobstop.ee\/lt\/produktas\/medinis-pagrindas-rayher\/#breadcrumb\"},\"inLanguage\":\"lt\",\"potentialAction\":[{\"@type\":\"ReadAction\",\"target\":[\"https:\/\/hobstop.ee\/lt\/produktas\/medinis-pagrindas-rayher\/\"]}]},{\"@type\":\"ImageObject\",\"inLanguage\":\"lt\",\"@id\":\"https:\/\/hobstop.ee\/lt\/produktas\/medinis-pagrindas-rayher\/#primaryimage\",\"url\":\"https:\/\/hobstop.ee\/media\/4869.jpg\",\"contentUrl\":\"https:\/\/hobstop.ee\/media\/4869.jpg\",\"width\":1024,\"height\":768},{\"@type\":\"BreadcrumbList\",\"@id\":\"https:\/\/hobstop.ee\/lt\/produktas\/medinis-pagrindas-rayher\/#breadcrumb\",\"itemListElement\":[{\"@type\":\"ListItem\",\"position\":1,\"name\":\"Avaleht\",\"item\":\"https:\/\/hobstop.ee\/lt\/\"},{\"@type\":\"ListItem\",\"position\":2,\"name\":\"Parduotuv\u0117\",\"item\":\"https:\/\/hobstop.ee\/lt\/parduotuve\/\"},{\"@type\":\"ListItem\",\"position\":3,\"name\":\"Medinis pagrindas Rayher\"}]},{\"@type\":\"WebSite\",\"@id\":\"https:\/\/hobstop.ee\/lt\/#website\",\"url\":\"https:\/\/hobstop.ee\/lt\/\",\"name\":\"Skizze\",\"description\":\"Dail\u0117s, pom\u0117gi\u0173 ir mokykliniai reikm\u0117nys\",\"publisher\":{\"@id\":\"https:\/\/hobstop.ee\/lt\/#organization\"},\"potentialAction\":[{\"@type\":\"SearchAction\",\"target\":{\"@type\":\"EntryPoint\",\"urlTemplate\":\"https:\/\/hobstop.ee\/lt\/?s={search_term_string}\"},\"query-input\":{\"@type\":\"PropertyValueSpecification\",\"valueRequired\":true,\"valueName\":\"search_term_string\"}}],\"inLanguage\":\"lt\"},{\"@type\":\"Organization\",\"@id\":\"https:\/\/hobstop.ee\/lt\/#organization\",\"name\":\"Vunder AS\",\"url\":\"https:\/\/hobstop.ee\/lt\/\",\"logo\":{\"@type\":\"ImageObject\",\"inLanguage\":\"lt\",\"@id\":\"https:\/\/hobstop.ee\/lt\/#\/schema\/logo\/image\/\",\"url\":\"https:\/\/hobstop.ee\/media\/vunder-logo.png\",\"contentUrl\":\"https:\/\/hobstop.ee\/media\/vunder-logo.png\",\"width\":127,\"height\":55,\"caption\":\"Vunder AS\"},\"image\":{\"@id\":\"https:\/\/hobstop.ee\/lt\/#\/schema\/logo\/image\/\"},\"sameAs\":[\"http:\/\/www.facebook.com\/VunderSkizze\"]}]}<\/script>\n<!-- \/ Yoast SEO plugin. -->","yoast_head_json":{"title":"Medinis pagrindas Rayher &#8211; Skizze","robots":{"index":"noindex","follow":"follow","max-snippet":"max-snippet:-1","max-image-preview":"max-image-preview:large","max-video-preview":"max-video-preview:-1"},"og_locale":"lt_LT","og_type":"article","og_title":"Medinis pagrindas Rayher &#8211; Skizze","og_description":"Patrauklus ir prakti\u0161kas, modernus medinis pad\u0117klas. \u0160is pad\u0117klas visur ir visada atrodys gerai \u2013 virtuv\u0117je ant jo galite patiekti pusry\u010dius arba tiesiog \u0161iuo gra\u017eiu daiktu dekoruoti namus. K\u016brybingi \u017emon\u0117s visada suras begal\u0119 b\u016bd\u0173, kaip j\u012f panaudoti. Pad\u0117kl\u0105 galima dekoruoti servet\u0117li\u0173 technika, nuda\u017eyti kreidiniais da\u017eais, i\u0161deginti jame \u012fvairius ornamentus \u2013 galimybi\u0173 k\u016brybi\u0161kumui pasireik\u0161ti yra begal\u0117s. Nuda\u017eytas pad\u0117klas su dekoratyvin\u0117mis \u017evak\u0117mis arba arbatin\u0117mis \u017evakut\u0117mis yra puiki, i\u0161tisus metus tinkanti nam\u0173 dekoracija. Nor\u0117dami papuo\u0161ti savo virtuv\u0119, pad\u0117kl\u0105 galite dekoruoti mozaika, ant jo sustatyti savo m\u0117gstamus prieskonius ir alyvas. \u0160is paprastas medinis pad\u0117klas puikiai atrodo ir visai nedekoruotas, ta\u010diau yra labai universalus. Leiskite pasireik\u0161ti savo k\u016brybi\u0161kumui ir fantazijai.","og_url":"https:\/\/hobstop.ee\/lt\/produktas\/medinis-pagrindas-rayher\/","og_site_name":"Skizze","article_publisher":"http:\/\/www.facebook.com\/VunderSkizze","og_image":[{"width":1024,"height":768,"url":"https:\/\/hobstop.ee\/media\/4869.jpg","type":"image\/jpeg"}],"twitter_card":"summary_large_image","twitter_misc":{"Est. reading time":"1 minute"},"schema":{"@context":"https:\/\/schema.org","@graph":[{"@type":"WebPage","@id":"https:\/\/hobstop.ee\/lt\/produktas\/medinis-pagrindas-rayher\/","url":"https:\/\/hobstop.ee\/lt\/produktas\/medinis-pagrindas-rayher\/","name":"Medinis pagrindas Rayher &#8211; Skizze","isPartOf":{"@id":"https:\/\/hobstop.ee\/lt\/#website"},"primaryImageOfPage":{"@id":"https:\/\/hobstop.ee\/lt\/produktas\/medinis-pagrindas-rayher\/#primaryimage"},"image":{"@id":"https:\/\/hobstop.ee\/lt\/produktas\/medinis-pagrindas-rayher\/#primaryimage"},"thumbnailUrl":"https:\/\/hobstop.ee\/media\/4869.jpg","datePublished":"2020-04-01T11:56:39+00:00","dateModified":"2020-04-01T11:56:39+00:00","breadcrumb":{"@id":"https:\/\/hobstop.ee\/lt\/produktas\/medinis-pagrindas-rayher\/#breadcrumb"},"inLanguage":"lt","potentialAction":[{"@type":"ReadAction","target":["https:\/\/hobstop.ee\/lt\/produktas\/medinis-pagrindas-rayher\/"]}]},{"@type":"ImageObject","inLanguage":"lt","@id":"https:\/\/hobstop.ee\/lt\/produktas\/medinis-pagrindas-rayher\/#primaryimage","url":"https:\/\/hobstop.ee\/media\/4869.jpg","contentUrl":"https:\/\/hobstop.ee\/media\/4869.jpg","width":1024,"height":768},{"@type":"BreadcrumbList","@id":"https:\/\/hobstop.ee\/lt\/produktas\/medinis-pagrindas-rayher\/#breadcrumb","itemListElement":[{"@type":"ListItem","position":1,"name":"Avaleht","item":"https:\/\/hobstop.ee\/lt\/"},{"@type":"ListItem","position":2,"name":"Parduotuv\u0117","item":"https:\/\/hobstop.ee\/lt\/parduotuve\/"},{"@type":"ListItem","position":3,"name":"Medinis pagrindas Rayher"}]},{"@type":"WebSite","@id":"https:\/\/hobstop.ee\/lt\/#website","url":"https:\/\/hobstop.ee\/lt\/","name":"Skizze","description":"Dail\u0117s, pom\u0117gi\u0173 ir mokykliniai reikm\u0117nys","publisher":{"@id":"https:\/\/hobstop.ee\/lt\/#organization"},"potentialAction":[{"@type":"SearchAction","target":{"@type":"EntryPoint","urlTemplate":"https:\/\/hobstop.ee\/lt\/?s={search_term_string}"},"query-input":{"@type":"PropertyValueSpecification","valueRequired":true,"valueName":"search_term_string"}}],"inLanguage":"lt"},{"@type":"Organization","@id":"https:\/\/hobstop.ee\/lt\/#organization","name":"Vunder AS","url":"https:\/\/hobstop.ee\/lt\/","logo":{"@type":"ImageObject","inLanguage":"lt","@id":"https:\/\/hobstop.ee\/lt\/#\/schema\/logo\/image\/","url":"https:\/\/hobstop.ee\/media\/vunder-logo.png","contentUrl":"https:\/\/hobstop.ee\/media\/vunder-logo.png","width":127,"height":55,"caption":"Vunder AS"},"image":{"@id":"https:\/\/hobstop.ee\/lt\/#\/schema\/logo\/image\/"},"sameAs":["http:\/\/www.facebook.com\/VunderSkizze"]}]}},"_links":{"self":[{"href":"https:\/\/hobstop.ee\/lt\/wp-json\/wp\/v2\/product\/340908","targetHints":{"allow":["GET"]}}],"collection":[{"href":"https:\/\/hobstop.ee\/lt\/wp-json\/wp\/v2\/product"}],"about":[{"href":"https:\/\/hobstop.ee\/lt\/wp-json\/wp\/v2\/types\/product"}],"replies":[{"embeddable":true,"href":"https:\/\/hobstop.ee\/lt\/wp-json\/wp\/v2\/comments?post=340908"}],"wp:featuredmedia":[{"embeddable":true,"href":"https:\/\/hobstop.ee\/lt\/wp-json\/wp\/v2\/media\/353320"}],"wp:attachment":[{"href":"https:\/\/hobstop.ee\/lt\/wp-json\/wp\/v2\/media?parent=340908"}],"wp:term":[{"taxonomy":"product_cat","embeddable":true,"href":"https:\/\/hobstop.ee\/lt\/wp-json\/wp\/v2\/product_cat?post=340908"},{"taxonomy":"product_tag","embeddable":true,"href":"https:\/\/hobstop.ee\/lt\/wp-json\/wp\/v2\/product_tag?post=340908"}],"curies":[{"name":"wp","href":"https:\/\/api.w.org\/{rel}","templated":true}]}}