{"id":340912,"date":"2020-04-01T14:56:41","date_gmt":"2020-04-01T11:56:47","guid":{"rendered":"https:\/\/sharks.ee\/vunder_2019\/product\/serdis-is-vielos-rayher\/"},"modified":"2020-04-01T14:56:47","modified_gmt":"2020-04-01T11:56:47","slug":"serdis-is-vielos-rayher","status":"publish","type":"product","link":"https:\/\/hobstop.ee\/lt\/produktas\/serdis-is-vielos-rayher\/","title":{"rendered":"\u0160erdis i\u0161 vielos Rayher"},"content":{"rendered":"<p>Pasigaminkite patys \u017eiedus juvelyriniams dirbiniams, sprunklius, pakabukus, auskarus ir juvelyrinius dirbinius. Pasirinkite \u012ftvaro form\u0105 (ovali\u0105, apskritimo, trikampio ar kvadrato), \u012fki\u0161kite \u012f ranken\u0105, pritvirtinkite viel\u0105 ant \u012ftvaro ir apvyniokite. Jei norite, galite \u012ftraukti pried\u0173: karoliuk\u0173, juosteli\u0173 ir pan.<\/p>\n","protected":false},"excerpt":{"rendered":"<p>Pasigaminkite patys \u017eiedus juvelyriniams dirbiniams, sprunklius, pakabukus, auskarus ir juvelyrinius dirbinius. Pasirinkite \u012ftvaro form\u0105 (ovali\u0105, apskritimo, trikampio ar kvadrato), \u012fki\u0161kite \u012f ranken\u0105, pritvirtinkite viel\u0105 ant \u012ftvaro ir apvyniokite. Jei norite, galite \u012ftraukti pried\u0173: karoliuk\u0173, juosteli\u0173 ir pan.<\/p>\n","protected":false},"featured_media":353408,"comment_status":"closed","ping_status":"closed","template":"","meta":{"_acf_changed":false,"ep_exclude_from_search":false},"product_cat":[20361],"product_tag":[],"class_list":{"0":"post-340912","1":"product","2":"type-product","3":"status-publish","4":"has-post-thumbnail","6":"product_cat-maaramata","8":"first","9":"instock","10":"taxable","11":"shipping-taxable","12":"product-type-simple"},"acf":[],"yoast_head":"<!-- This site is optimized with the Yoast SEO plugin v24.1 - https:\/\/yoast.com\/wordpress\/plugins\/seo\/ -->\n<title>\u0160erdis i\u0161 vielos Rayher &#8211; Skizze<\/title>\n<meta name=\"robots\" content=\"noindex, follow, max-snippet:-1, max-image-preview:large, max-video-preview:-1\" \/>\n<meta property=\"og:locale\" content=\"lt_LT\" \/>\n<meta property=\"og:type\" content=\"article\" \/>\n<meta property=\"og:title\" content=\"\u0160erdis i\u0161 vielos Rayher &#8211; Skizze\" \/>\n<meta property=\"og:description\" content=\"Pasigaminkite patys \u017eiedus juvelyriniams dirbiniams, sprunklius, pakabukus, auskarus ir juvelyrinius dirbinius. Pasirinkite \u012ftvaro form\u0105 (ovali\u0105, apskritimo, trikampio ar kvadrato), \u012fki\u0161kite \u012f ranken\u0105, pritvirtinkite viel\u0105 ant \u012ftvaro ir apvyniokite. Jei norite, galite \u012ftraukti pried\u0173: karoliuk\u0173, juosteli\u0173 ir pan.\" \/>\n<meta property=\"og:url\" content=\"https:\/\/hobstop.ee\/lt\/produktas\/serdis-is-vielos-rayher\/\" \/>\n<meta property=\"og:site_name\" content=\"Skizze\" \/>\n<meta property=\"article:publisher\" content=\"http:\/\/www.facebook.com\/VunderSkizze\" \/>\n<meta property=\"og:image\" content=\"https:\/\/hobstop.ee\/media\/4871.jpg\" \/>\n\t<meta property=\"og:image:width\" content=\"1024\" \/>\n\t<meta property=\"og:image:height\" content=\"768\" \/>\n\t<meta property=\"og:image:type\" content=\"image\/jpeg\" \/>\n<meta name=\"twitter:card\" content=\"summary_large_image\" \/>\n<script type=\"application\/ld+json\" class=\"yoast-schema-graph\">{\"@context\":\"https:\/\/schema.org\",\"@graph\":[{\"@type\":\"WebPage\",\"@id\":\"https:\/\/hobstop.ee\/lt\/produktas\/serdis-is-vielos-rayher\/\",\"url\":\"https:\/\/hobstop.ee\/lt\/produktas\/serdis-is-vielos-rayher\/\",\"name\":\"\u0160erdis i\u0161 vielos Rayher &#8211; Skizze\",\"isPartOf\":{\"@id\":\"https:\/\/hobstop.ee\/lt\/#website\"},\"primaryImageOfPage\":{\"@id\":\"https:\/\/hobstop.ee\/lt\/produktas\/serdis-is-vielos-rayher\/#primaryimage\"},\"image\":{\"@id\":\"https:\/\/hobstop.ee\/lt\/produktas\/serdis-is-vielos-rayher\/#primaryimage\"},\"thumbnailUrl\":\"https:\/\/hobstop.ee\/media\/4871.jpg\",\"datePublished\":\"2020-04-01T11:56:47+00:00\",\"dateModified\":\"2020-04-01T11:56:47+00:00\",\"breadcrumb\":{\"@id\":\"https:\/\/hobstop.ee\/lt\/produktas\/serdis-is-vielos-rayher\/#breadcrumb\"},\"inLanguage\":\"lt\",\"potentialAction\":[{\"@type\":\"ReadAction\",\"target\":[\"https:\/\/hobstop.ee\/lt\/produktas\/serdis-is-vielos-rayher\/\"]}]},{\"@type\":\"ImageObject\",\"inLanguage\":\"lt\",\"@id\":\"https:\/\/hobstop.ee\/lt\/produktas\/serdis-is-vielos-rayher\/#primaryimage\",\"url\":\"https:\/\/hobstop.ee\/media\/4871.jpg\",\"contentUrl\":\"https:\/\/hobstop.ee\/media\/4871.jpg\",\"width\":1024,\"height\":768},{\"@type\":\"BreadcrumbList\",\"@id\":\"https:\/\/hobstop.ee\/lt\/produktas\/serdis-is-vielos-rayher\/#breadcrumb\",\"itemListElement\":[{\"@type\":\"ListItem\",\"position\":1,\"name\":\"Avaleht\",\"item\":\"https:\/\/hobstop.ee\/lt\/\"},{\"@type\":\"ListItem\",\"position\":2,\"name\":\"Parduotuv\u0117\",\"item\":\"https:\/\/hobstop.ee\/lt\/parduotuve\/\"},{\"@type\":\"ListItem\",\"position\":3,\"name\":\"\u0160erdis i\u0161 vielos Rayher\"}]},{\"@type\":\"WebSite\",\"@id\":\"https:\/\/hobstop.ee\/lt\/#website\",\"url\":\"https:\/\/hobstop.ee\/lt\/\",\"name\":\"Skizze\",\"description\":\"Dail\u0117s, pom\u0117gi\u0173 ir mokykliniai reikm\u0117nys\",\"publisher\":{\"@id\":\"https:\/\/hobstop.ee\/lt\/#organization\"},\"potentialAction\":[{\"@type\":\"SearchAction\",\"target\":{\"@type\":\"EntryPoint\",\"urlTemplate\":\"https:\/\/hobstop.ee\/lt\/?s={search_term_string}\"},\"query-input\":{\"@type\":\"PropertyValueSpecification\",\"valueRequired\":true,\"valueName\":\"search_term_string\"}}],\"inLanguage\":\"lt\"},{\"@type\":\"Organization\",\"@id\":\"https:\/\/hobstop.ee\/lt\/#organization\",\"name\":\"Vunder AS\",\"url\":\"https:\/\/hobstop.ee\/lt\/\",\"logo\":{\"@type\":\"ImageObject\",\"inLanguage\":\"lt\",\"@id\":\"https:\/\/hobstop.ee\/lt\/#\/schema\/logo\/image\/\",\"url\":\"https:\/\/hobstop.ee\/media\/vunder-logo.png\",\"contentUrl\":\"https:\/\/hobstop.ee\/media\/vunder-logo.png\",\"width\":127,\"height\":55,\"caption\":\"Vunder AS\"},\"image\":{\"@id\":\"https:\/\/hobstop.ee\/lt\/#\/schema\/logo\/image\/\"},\"sameAs\":[\"http:\/\/www.facebook.com\/VunderSkizze\"]}]}<\/script>\n<!-- \/ Yoast SEO plugin. -->","yoast_head_json":{"title":"\u0160erdis i\u0161 vielos Rayher &#8211; Skizze","robots":{"index":"noindex","follow":"follow","max-snippet":"max-snippet:-1","max-image-preview":"max-image-preview:large","max-video-preview":"max-video-preview:-1"},"og_locale":"lt_LT","og_type":"article","og_title":"\u0160erdis i\u0161 vielos Rayher &#8211; Skizze","og_description":"Pasigaminkite patys \u017eiedus juvelyriniams dirbiniams, sprunklius, pakabukus, auskarus ir juvelyrinius dirbinius. Pasirinkite \u012ftvaro form\u0105 (ovali\u0105, apskritimo, trikampio ar kvadrato), \u012fki\u0161kite \u012f ranken\u0105, pritvirtinkite viel\u0105 ant \u012ftvaro ir apvyniokite. Jei norite, galite \u012ftraukti pried\u0173: karoliuk\u0173, juosteli\u0173 ir pan.","og_url":"https:\/\/hobstop.ee\/lt\/produktas\/serdis-is-vielos-rayher\/","og_site_name":"Skizze","article_publisher":"http:\/\/www.facebook.com\/VunderSkizze","og_image":[{"width":1024,"height":768,"url":"https:\/\/hobstop.ee\/media\/4871.jpg","type":"image\/jpeg"}],"twitter_card":"summary_large_image","schema":{"@context":"https:\/\/schema.org","@graph":[{"@type":"WebPage","@id":"https:\/\/hobstop.ee\/lt\/produktas\/serdis-is-vielos-rayher\/","url":"https:\/\/hobstop.ee\/lt\/produktas\/serdis-is-vielos-rayher\/","name":"\u0160erdis i\u0161 vielos Rayher &#8211; Skizze","isPartOf":{"@id":"https:\/\/hobstop.ee\/lt\/#website"},"primaryImageOfPage":{"@id":"https:\/\/hobstop.ee\/lt\/produktas\/serdis-is-vielos-rayher\/#primaryimage"},"image":{"@id":"https:\/\/hobstop.ee\/lt\/produktas\/serdis-is-vielos-rayher\/#primaryimage"},"thumbnailUrl":"https:\/\/hobstop.ee\/media\/4871.jpg","datePublished":"2020-04-01T11:56:47+00:00","dateModified":"2020-04-01T11:56:47+00:00","breadcrumb":{"@id":"https:\/\/hobstop.ee\/lt\/produktas\/serdis-is-vielos-rayher\/#breadcrumb"},"inLanguage":"lt","potentialAction":[{"@type":"ReadAction","target":["https:\/\/hobstop.ee\/lt\/produktas\/serdis-is-vielos-rayher\/"]}]},{"@type":"ImageObject","inLanguage":"lt","@id":"https:\/\/hobstop.ee\/lt\/produktas\/serdis-is-vielos-rayher\/#primaryimage","url":"https:\/\/hobstop.ee\/media\/4871.jpg","contentUrl":"https:\/\/hobstop.ee\/media\/4871.jpg","width":1024,"height":768},{"@type":"BreadcrumbList","@id":"https:\/\/hobstop.ee\/lt\/produktas\/serdis-is-vielos-rayher\/#breadcrumb","itemListElement":[{"@type":"ListItem","position":1,"name":"Avaleht","item":"https:\/\/hobstop.ee\/lt\/"},{"@type":"ListItem","position":2,"name":"Parduotuv\u0117","item":"https:\/\/hobstop.ee\/lt\/parduotuve\/"},{"@type":"ListItem","position":3,"name":"\u0160erdis i\u0161 vielos Rayher"}]},{"@type":"WebSite","@id":"https:\/\/hobstop.ee\/lt\/#website","url":"https:\/\/hobstop.ee\/lt\/","name":"Skizze","description":"Dail\u0117s, pom\u0117gi\u0173 ir mokykliniai reikm\u0117nys","publisher":{"@id":"https:\/\/hobstop.ee\/lt\/#organization"},"potentialAction":[{"@type":"SearchAction","target":{"@type":"EntryPoint","urlTemplate":"https:\/\/hobstop.ee\/lt\/?s={search_term_string}"},"query-input":{"@type":"PropertyValueSpecification","valueRequired":true,"valueName":"search_term_string"}}],"inLanguage":"lt"},{"@type":"Organization","@id":"https:\/\/hobstop.ee\/lt\/#organization","name":"Vunder AS","url":"https:\/\/hobstop.ee\/lt\/","logo":{"@type":"ImageObject","inLanguage":"lt","@id":"https:\/\/hobstop.ee\/lt\/#\/schema\/logo\/image\/","url":"https:\/\/hobstop.ee\/media\/vunder-logo.png","contentUrl":"https:\/\/hobstop.ee\/media\/vunder-logo.png","width":127,"height":55,"caption":"Vunder AS"},"image":{"@id":"https:\/\/hobstop.ee\/lt\/#\/schema\/logo\/image\/"},"sameAs":["http:\/\/www.facebook.com\/VunderSkizze"]}]}},"_links":{"self":[{"href":"https:\/\/hobstop.ee\/lt\/wp-json\/wp\/v2\/product\/340912","targetHints":{"allow":["GET"]}}],"collection":[{"href":"https:\/\/hobstop.ee\/lt\/wp-json\/wp\/v2\/product"}],"about":[{"href":"https:\/\/hobstop.ee\/lt\/wp-json\/wp\/v2\/types\/product"}],"replies":[{"embeddable":true,"href":"https:\/\/hobstop.ee\/lt\/wp-json\/wp\/v2\/comments?post=340912"}],"wp:featuredmedia":[{"embeddable":true,"href":"https:\/\/hobstop.ee\/lt\/wp-json\/wp\/v2\/media\/353408"}],"wp:attachment":[{"href":"https:\/\/hobstop.ee\/lt\/wp-json\/wp\/v2\/media?parent=340912"}],"wp:term":[{"taxonomy":"product_cat","embeddable":true,"href":"https:\/\/hobstop.ee\/lt\/wp-json\/wp\/v2\/product_cat?post=340912"},{"taxonomy":"product_tag","embeddable":true,"href":"https:\/\/hobstop.ee\/lt\/wp-json\/wp\/v2\/product_tag?post=340912"}],"curies":[{"name":"wp","href":"https:\/\/api.w.org\/{rel}","templated":true}]}}