{"id":340936,"date":"2020-04-01T14:57:32","date_gmt":"2020-04-01T11:57:38","guid":{"rendered":"https:\/\/sharks.ee\/vunder_2019\/product\/veltinis-rankdarbiams-rayher-0-8-1mm-20x30cm\/"},"modified":"2020-04-01T14:57:38","modified_gmt":"2020-04-01T11:57:38","slug":"veltinis-rankdarbiams-rayher-0-8-1mm-20x30cm","status":"publish","type":"product","link":"https:\/\/hobstop.ee\/lt\/produktas\/veltinis-rankdarbiams-rayher-0-8-1mm-20x30cm\/","title":{"rendered":"Veltinis rankdarbiams Rayher 0.8-1mm 20x30cm"},"content":{"rendered":"<p>Dekoravimas, ma\u017eesni siuvimo ar modeliavimo darbai \u2013 su \u0161iuo spalvingu veltiniu j\u016bs\u0173 k\u016brybin\u0117s galimyb\u0117s yra neribotos. Pakuot\u0117je yra 10 skirting\u0173 spalv\u0173 veltinio lak\u0161t\u0173 (20x30cm), kuri\u0173 storis yra nuo 0,8 iki 1 mm. Rankdarbi\u0173 veltinis \u201eRayher\u201c yra pagamintas i\u0161 100 proc. viskoz\u0117s.<\/p>\n","protected":false},"excerpt":{"rendered":"<p>Dekoravimas, ma\u017eesni siuvimo ar modeliavimo darbai \u2013 su \u0161iuo spalvingu veltiniu j\u016bs\u0173 k\u016brybin\u0117s galimyb\u0117s yra neribotos. Pakuot\u0117je yra 10 skirting\u0173 spalv\u0173 veltinio lak\u0161t\u0173 (20x30cm), kuri\u0173 storis yra nuo 0,8 iki 1 mm. Rankdarbi\u0173 veltinis \u201eRayher\u201c yra pagamintas i\u0161 100 proc. viskoz\u0117s.<\/p>\n","protected":false},"featured_media":353368,"comment_status":"closed","ping_status":"closed","template":"","meta":{"_acf_changed":false,"ep_exclude_from_search":false},"product_cat":[20361],"product_tag":[],"class_list":{"0":"post-340936","1":"product","2":"type-product","3":"status-publish","4":"has-post-thumbnail","6":"product_cat-maaramata","8":"first","9":"instock","10":"taxable","11":"shipping-taxable","12":"product-type-simple"},"acf":[],"yoast_head":"<!-- This site is optimized with the Yoast SEO plugin v24.1 - https:\/\/yoast.com\/wordpress\/plugins\/seo\/ -->\n<title>Veltinis rankdarbiams Rayher 0.8-1mm 20x30cm &#8211; Skizze<\/title>\n<meta name=\"robots\" content=\"noindex, follow, max-snippet:-1, max-image-preview:large, max-video-preview:-1\" \/>\n<meta property=\"og:locale\" content=\"lt_LT\" \/>\n<meta property=\"og:type\" content=\"article\" \/>\n<meta property=\"og:title\" content=\"Veltinis rankdarbiams Rayher 0.8-1mm 20x30cm &#8211; Skizze\" \/>\n<meta property=\"og:description\" content=\"Dekoravimas, ma\u017eesni siuvimo ar modeliavimo darbai \u2013 su \u0161iuo spalvingu veltiniu j\u016bs\u0173 k\u016brybin\u0117s galimyb\u0117s yra neribotos. Pakuot\u0117je yra 10 skirting\u0173 spalv\u0173 veltinio lak\u0161t\u0173 (20x30cm), kuri\u0173 storis yra nuo 0,8 iki 1 mm. Rankdarbi\u0173 veltinis \u201eRayher\u201c yra pagamintas i\u0161 100 proc. viskoz\u0117s.\" \/>\n<meta property=\"og:url\" content=\"https:\/\/hobstop.ee\/lt\/produktas\/veltinis-rankdarbiams-rayher-0-8-1mm-20x30cm\/\" \/>\n<meta property=\"og:site_name\" content=\"Skizze\" \/>\n<meta property=\"article:publisher\" content=\"http:\/\/www.facebook.com\/VunderSkizze\" \/>\n<meta property=\"og:image\" content=\"https:\/\/hobstop.ee\/media\/4890.jpg\" \/>\n\t<meta property=\"og:image:width\" content=\"1024\" \/>\n\t<meta property=\"og:image:height\" content=\"768\" \/>\n\t<meta property=\"og:image:type\" content=\"image\/jpeg\" \/>\n<meta name=\"twitter:card\" content=\"summary_large_image\" \/>\n<script type=\"application\/ld+json\" class=\"yoast-schema-graph\">{\"@context\":\"https:\/\/schema.org\",\"@graph\":[{\"@type\":\"WebPage\",\"@id\":\"https:\/\/hobstop.ee\/lt\/produktas\/veltinis-rankdarbiams-rayher-0-8-1mm-20x30cm\/\",\"url\":\"https:\/\/hobstop.ee\/lt\/produktas\/veltinis-rankdarbiams-rayher-0-8-1mm-20x30cm\/\",\"name\":\"Veltinis rankdarbiams Rayher 0.8-1mm 20x30cm &#8211; Skizze\",\"isPartOf\":{\"@id\":\"https:\/\/hobstop.ee\/lt\/#website\"},\"primaryImageOfPage\":{\"@id\":\"https:\/\/hobstop.ee\/lt\/produktas\/veltinis-rankdarbiams-rayher-0-8-1mm-20x30cm\/#primaryimage\"},\"image\":{\"@id\":\"https:\/\/hobstop.ee\/lt\/produktas\/veltinis-rankdarbiams-rayher-0-8-1mm-20x30cm\/#primaryimage\"},\"thumbnailUrl\":\"https:\/\/hobstop.ee\/media\/4890.jpg\",\"datePublished\":\"2020-04-01T11:57:38+00:00\",\"dateModified\":\"2020-04-01T11:57:38+00:00\",\"breadcrumb\":{\"@id\":\"https:\/\/hobstop.ee\/lt\/produktas\/veltinis-rankdarbiams-rayher-0-8-1mm-20x30cm\/#breadcrumb\"},\"inLanguage\":\"lt\",\"potentialAction\":[{\"@type\":\"ReadAction\",\"target\":[\"https:\/\/hobstop.ee\/lt\/produktas\/veltinis-rankdarbiams-rayher-0-8-1mm-20x30cm\/\"]}]},{\"@type\":\"ImageObject\",\"inLanguage\":\"lt\",\"@id\":\"https:\/\/hobstop.ee\/lt\/produktas\/veltinis-rankdarbiams-rayher-0-8-1mm-20x30cm\/#primaryimage\",\"url\":\"https:\/\/hobstop.ee\/media\/4890.jpg\",\"contentUrl\":\"https:\/\/hobstop.ee\/media\/4890.jpg\",\"width\":1024,\"height\":768},{\"@type\":\"BreadcrumbList\",\"@id\":\"https:\/\/hobstop.ee\/lt\/produktas\/veltinis-rankdarbiams-rayher-0-8-1mm-20x30cm\/#breadcrumb\",\"itemListElement\":[{\"@type\":\"ListItem\",\"position\":1,\"name\":\"Avaleht\",\"item\":\"https:\/\/hobstop.ee\/lt\/\"},{\"@type\":\"ListItem\",\"position\":2,\"name\":\"Parduotuv\u0117\",\"item\":\"https:\/\/hobstop.ee\/lt\/parduotuve\/\"},{\"@type\":\"ListItem\",\"position\":3,\"name\":\"Veltinis rankdarbiams Rayher 0.8-1mm 20x30cm\"}]},{\"@type\":\"WebSite\",\"@id\":\"https:\/\/hobstop.ee\/lt\/#website\",\"url\":\"https:\/\/hobstop.ee\/lt\/\",\"name\":\"Skizze\",\"description\":\"Dail\u0117s, pom\u0117gi\u0173 ir mokykliniai reikm\u0117nys\",\"publisher\":{\"@id\":\"https:\/\/hobstop.ee\/lt\/#organization\"},\"potentialAction\":[{\"@type\":\"SearchAction\",\"target\":{\"@type\":\"EntryPoint\",\"urlTemplate\":\"https:\/\/hobstop.ee\/lt\/?s={search_term_string}\"},\"query-input\":{\"@type\":\"PropertyValueSpecification\",\"valueRequired\":true,\"valueName\":\"search_term_string\"}}],\"inLanguage\":\"lt\"},{\"@type\":\"Organization\",\"@id\":\"https:\/\/hobstop.ee\/lt\/#organization\",\"name\":\"Vunder AS\",\"url\":\"https:\/\/hobstop.ee\/lt\/\",\"logo\":{\"@type\":\"ImageObject\",\"inLanguage\":\"lt\",\"@id\":\"https:\/\/hobstop.ee\/lt\/#\/schema\/logo\/image\/\",\"url\":\"https:\/\/hobstop.ee\/media\/vunder-logo.png\",\"contentUrl\":\"https:\/\/hobstop.ee\/media\/vunder-logo.png\",\"width\":127,\"height\":55,\"caption\":\"Vunder AS\"},\"image\":{\"@id\":\"https:\/\/hobstop.ee\/lt\/#\/schema\/logo\/image\/\"},\"sameAs\":[\"http:\/\/www.facebook.com\/VunderSkizze\"]}]}<\/script>\n<!-- \/ Yoast SEO plugin. -->","yoast_head_json":{"title":"Veltinis rankdarbiams Rayher 0.8-1mm 20x30cm &#8211; Skizze","robots":{"index":"noindex","follow":"follow","max-snippet":"max-snippet:-1","max-image-preview":"max-image-preview:large","max-video-preview":"max-video-preview:-1"},"og_locale":"lt_LT","og_type":"article","og_title":"Veltinis rankdarbiams Rayher 0.8-1mm 20x30cm &#8211; Skizze","og_description":"Dekoravimas, ma\u017eesni siuvimo ar modeliavimo darbai \u2013 su \u0161iuo spalvingu veltiniu j\u016bs\u0173 k\u016brybin\u0117s galimyb\u0117s yra neribotos. Pakuot\u0117je yra 10 skirting\u0173 spalv\u0173 veltinio lak\u0161t\u0173 (20x30cm), kuri\u0173 storis yra nuo 0,8 iki 1 mm. Rankdarbi\u0173 veltinis \u201eRayher\u201c yra pagamintas i\u0161 100 proc. viskoz\u0117s.","og_url":"https:\/\/hobstop.ee\/lt\/produktas\/veltinis-rankdarbiams-rayher-0-8-1mm-20x30cm\/","og_site_name":"Skizze","article_publisher":"http:\/\/www.facebook.com\/VunderSkizze","og_image":[{"width":1024,"height":768,"url":"https:\/\/hobstop.ee\/media\/4890.jpg","type":"image\/jpeg"}],"twitter_card":"summary_large_image","schema":{"@context":"https:\/\/schema.org","@graph":[{"@type":"WebPage","@id":"https:\/\/hobstop.ee\/lt\/produktas\/veltinis-rankdarbiams-rayher-0-8-1mm-20x30cm\/","url":"https:\/\/hobstop.ee\/lt\/produktas\/veltinis-rankdarbiams-rayher-0-8-1mm-20x30cm\/","name":"Veltinis rankdarbiams Rayher 0.8-1mm 20x30cm &#8211; Skizze","isPartOf":{"@id":"https:\/\/hobstop.ee\/lt\/#website"},"primaryImageOfPage":{"@id":"https:\/\/hobstop.ee\/lt\/produktas\/veltinis-rankdarbiams-rayher-0-8-1mm-20x30cm\/#primaryimage"},"image":{"@id":"https:\/\/hobstop.ee\/lt\/produktas\/veltinis-rankdarbiams-rayher-0-8-1mm-20x30cm\/#primaryimage"},"thumbnailUrl":"https:\/\/hobstop.ee\/media\/4890.jpg","datePublished":"2020-04-01T11:57:38+00:00","dateModified":"2020-04-01T11:57:38+00:00","breadcrumb":{"@id":"https:\/\/hobstop.ee\/lt\/produktas\/veltinis-rankdarbiams-rayher-0-8-1mm-20x30cm\/#breadcrumb"},"inLanguage":"lt","potentialAction":[{"@type":"ReadAction","target":["https:\/\/hobstop.ee\/lt\/produktas\/veltinis-rankdarbiams-rayher-0-8-1mm-20x30cm\/"]}]},{"@type":"ImageObject","inLanguage":"lt","@id":"https:\/\/hobstop.ee\/lt\/produktas\/veltinis-rankdarbiams-rayher-0-8-1mm-20x30cm\/#primaryimage","url":"https:\/\/hobstop.ee\/media\/4890.jpg","contentUrl":"https:\/\/hobstop.ee\/media\/4890.jpg","width":1024,"height":768},{"@type":"BreadcrumbList","@id":"https:\/\/hobstop.ee\/lt\/produktas\/veltinis-rankdarbiams-rayher-0-8-1mm-20x30cm\/#breadcrumb","itemListElement":[{"@type":"ListItem","position":1,"name":"Avaleht","item":"https:\/\/hobstop.ee\/lt\/"},{"@type":"ListItem","position":2,"name":"Parduotuv\u0117","item":"https:\/\/hobstop.ee\/lt\/parduotuve\/"},{"@type":"ListItem","position":3,"name":"Veltinis rankdarbiams Rayher 0.8-1mm 20x30cm"}]},{"@type":"WebSite","@id":"https:\/\/hobstop.ee\/lt\/#website","url":"https:\/\/hobstop.ee\/lt\/","name":"Skizze","description":"Dail\u0117s, pom\u0117gi\u0173 ir mokykliniai reikm\u0117nys","publisher":{"@id":"https:\/\/hobstop.ee\/lt\/#organization"},"potentialAction":[{"@type":"SearchAction","target":{"@type":"EntryPoint","urlTemplate":"https:\/\/hobstop.ee\/lt\/?s={search_term_string}"},"query-input":{"@type":"PropertyValueSpecification","valueRequired":true,"valueName":"search_term_string"}}],"inLanguage":"lt"},{"@type":"Organization","@id":"https:\/\/hobstop.ee\/lt\/#organization","name":"Vunder AS","url":"https:\/\/hobstop.ee\/lt\/","logo":{"@type":"ImageObject","inLanguage":"lt","@id":"https:\/\/hobstop.ee\/lt\/#\/schema\/logo\/image\/","url":"https:\/\/hobstop.ee\/media\/vunder-logo.png","contentUrl":"https:\/\/hobstop.ee\/media\/vunder-logo.png","width":127,"height":55,"caption":"Vunder AS"},"image":{"@id":"https:\/\/hobstop.ee\/lt\/#\/schema\/logo\/image\/"},"sameAs":["http:\/\/www.facebook.com\/VunderSkizze"]}]}},"_links":{"self":[{"href":"https:\/\/hobstop.ee\/lt\/wp-json\/wp\/v2\/product\/340936","targetHints":{"allow":["GET"]}}],"collection":[{"href":"https:\/\/hobstop.ee\/lt\/wp-json\/wp\/v2\/product"}],"about":[{"href":"https:\/\/hobstop.ee\/lt\/wp-json\/wp\/v2\/types\/product"}],"replies":[{"embeddable":true,"href":"https:\/\/hobstop.ee\/lt\/wp-json\/wp\/v2\/comments?post=340936"}],"wp:featuredmedia":[{"embeddable":true,"href":"https:\/\/hobstop.ee\/lt\/wp-json\/wp\/v2\/media\/353368"}],"wp:attachment":[{"href":"https:\/\/hobstop.ee\/lt\/wp-json\/wp\/v2\/media?parent=340936"}],"wp:term":[{"taxonomy":"product_cat","embeddable":true,"href":"https:\/\/hobstop.ee\/lt\/wp-json\/wp\/v2\/product_cat?post=340936"},{"taxonomy":"product_tag","embeddable":true,"href":"https:\/\/hobstop.ee\/lt\/wp-json\/wp\/v2\/product_tag?post=340936"}],"curies":[{"name":"wp","href":"https:\/\/api.w.org\/{rel}","templated":true}]}}