{"id":340956,"date":"2020-04-01T14:58:14","date_gmt":"2020-04-01T11:58:20","guid":{"rendered":"https:\/\/sharks.ee\/vunder_2019\/product\/dekoracijos-kartono-remelyje-rayher-medinis-pagrindas-figurelems-istatyti\/"},"modified":"2020-04-01T14:58:20","modified_gmt":"2020-04-01T11:58:20","slug":"dekoracijos-kartono-remelyje-rayher-medinis-pagrindas-figurelems-istatyti","status":"publish","type":"product","link":"https:\/\/hobstop.ee\/lt\/produktas\/dekoracijos-kartono-remelyje-rayher-medinis-pagrindas-figurelems-istatyti\/","title":{"rendered":"Dekoracijos kartono r\u0117melyje Rayher medinis pagrindas fig\u016br\u0117l\u0117ms \u012fstatyti"},"content":{"rendered":"","protected":false},"excerpt":{"rendered":"","protected":false},"featured_media":353328,"comment_status":"closed","ping_status":"closed","template":"","meta":{"_acf_changed":false,"ep_exclude_from_search":false},"product_cat":[20361],"product_tag":[],"class_list":{"0":"post-340956","1":"product","2":"type-product","3":"status-publish","4":"has-post-thumbnail","6":"product_cat-maaramata","8":"first","9":"instock","10":"taxable","11":"shipping-taxable","12":"product-type-simple"},"acf":[],"yoast_head":"<!-- This site is optimized with the Yoast SEO plugin v24.1 - https:\/\/yoast.com\/wordpress\/plugins\/seo\/ -->\n<title>Dekoracijos kartono r\u0117melyje Rayher medinis pagrindas fig\u016br\u0117l\u0117ms \u012fstatyti &#8211; Skizze<\/title>\n<meta name=\"robots\" content=\"noindex, follow, max-snippet:-1, max-image-preview:large, max-video-preview:-1\" \/>\n<meta property=\"og:locale\" content=\"lt_LT\" \/>\n<meta property=\"og:type\" content=\"article\" \/>\n<meta property=\"og:title\" content=\"Dekoracijos kartono r\u0117melyje Rayher medinis pagrindas fig\u016br\u0117l\u0117ms \u012fstatyti &#8211; Skizze\" \/>\n<meta property=\"og:url\" content=\"https:\/\/hobstop.ee\/lt\/produktas\/dekoracijos-kartono-remelyje-rayher-medinis-pagrindas-figurelems-istatyti\/\" \/>\n<meta property=\"og:site_name\" content=\"Skizze\" \/>\n<meta property=\"article:publisher\" content=\"http:\/\/www.facebook.com\/VunderSkizze\" \/>\n<meta property=\"og:image\" content=\"https:\/\/hobstop.ee\/media\/4931.jpg\" \/>\n\t<meta property=\"og:image:width\" content=\"1024\" \/>\n\t<meta property=\"og:image:height\" content=\"768\" \/>\n\t<meta property=\"og:image:type\" content=\"image\/jpeg\" \/>\n<meta name=\"twitter:card\" content=\"summary_large_image\" \/>\n<script type=\"application\/ld+json\" class=\"yoast-schema-graph\">{\"@context\":\"https:\/\/schema.org\",\"@graph\":[{\"@type\":\"WebPage\",\"@id\":\"https:\/\/hobstop.ee\/lt\/produktas\/dekoracijos-kartono-remelyje-rayher-medinis-pagrindas-figurelems-istatyti\/\",\"url\":\"https:\/\/hobstop.ee\/lt\/produktas\/dekoracijos-kartono-remelyje-rayher-medinis-pagrindas-figurelems-istatyti\/\",\"name\":\"Dekoracijos kartono r\u0117melyje Rayher medinis pagrindas fig\u016br\u0117l\u0117ms \u012fstatyti &#8211; Skizze\",\"isPartOf\":{\"@id\":\"https:\/\/hobstop.ee\/lt\/#website\"},\"primaryImageOfPage\":{\"@id\":\"https:\/\/hobstop.ee\/lt\/produktas\/dekoracijos-kartono-remelyje-rayher-medinis-pagrindas-figurelems-istatyti\/#primaryimage\"},\"image\":{\"@id\":\"https:\/\/hobstop.ee\/lt\/produktas\/dekoracijos-kartono-remelyje-rayher-medinis-pagrindas-figurelems-istatyti\/#primaryimage\"},\"thumbnailUrl\":\"https:\/\/hobstop.ee\/media\/4931.jpg\",\"datePublished\":\"2020-04-01T11:58:20+00:00\",\"dateModified\":\"2020-04-01T11:58:20+00:00\",\"breadcrumb\":{\"@id\":\"https:\/\/hobstop.ee\/lt\/produktas\/dekoracijos-kartono-remelyje-rayher-medinis-pagrindas-figurelems-istatyti\/#breadcrumb\"},\"inLanguage\":\"lt\",\"potentialAction\":[{\"@type\":\"ReadAction\",\"target\":[\"https:\/\/hobstop.ee\/lt\/produktas\/dekoracijos-kartono-remelyje-rayher-medinis-pagrindas-figurelems-istatyti\/\"]}]},{\"@type\":\"ImageObject\",\"inLanguage\":\"lt\",\"@id\":\"https:\/\/hobstop.ee\/lt\/produktas\/dekoracijos-kartono-remelyje-rayher-medinis-pagrindas-figurelems-istatyti\/#primaryimage\",\"url\":\"https:\/\/hobstop.ee\/media\/4931.jpg\",\"contentUrl\":\"https:\/\/hobstop.ee\/media\/4931.jpg\",\"width\":1024,\"height\":768},{\"@type\":\"BreadcrumbList\",\"@id\":\"https:\/\/hobstop.ee\/lt\/produktas\/dekoracijos-kartono-remelyje-rayher-medinis-pagrindas-figurelems-istatyti\/#breadcrumb\",\"itemListElement\":[{\"@type\":\"ListItem\",\"position\":1,\"name\":\"Avaleht\",\"item\":\"https:\/\/hobstop.ee\/lt\/\"},{\"@type\":\"ListItem\",\"position\":2,\"name\":\"Parduotuv\u0117\",\"item\":\"https:\/\/hobstop.ee\/lt\/parduotuve\/\"},{\"@type\":\"ListItem\",\"position\":3,\"name\":\"Dekoracijos kartono r\u0117melyje Rayher medinis pagrindas fig\u016br\u0117l\u0117ms \u012fstatyti\"}]},{\"@type\":\"WebSite\",\"@id\":\"https:\/\/hobstop.ee\/lt\/#website\",\"url\":\"https:\/\/hobstop.ee\/lt\/\",\"name\":\"Skizze\",\"description\":\"Dail\u0117s, pom\u0117gi\u0173 ir mokykliniai reikm\u0117nys\",\"publisher\":{\"@id\":\"https:\/\/hobstop.ee\/lt\/#organization\"},\"potentialAction\":[{\"@type\":\"SearchAction\",\"target\":{\"@type\":\"EntryPoint\",\"urlTemplate\":\"https:\/\/hobstop.ee\/lt\/?s={search_term_string}\"},\"query-input\":{\"@type\":\"PropertyValueSpecification\",\"valueRequired\":true,\"valueName\":\"search_term_string\"}}],\"inLanguage\":\"lt\"},{\"@type\":\"Organization\",\"@id\":\"https:\/\/hobstop.ee\/lt\/#organization\",\"name\":\"Vunder AS\",\"url\":\"https:\/\/hobstop.ee\/lt\/\",\"logo\":{\"@type\":\"ImageObject\",\"inLanguage\":\"lt\",\"@id\":\"https:\/\/hobstop.ee\/lt\/#\/schema\/logo\/image\/\",\"url\":\"https:\/\/hobstop.ee\/media\/vunder-logo.png\",\"contentUrl\":\"https:\/\/hobstop.ee\/media\/vunder-logo.png\",\"width\":127,\"height\":55,\"caption\":\"Vunder AS\"},\"image\":{\"@id\":\"https:\/\/hobstop.ee\/lt\/#\/schema\/logo\/image\/\"},\"sameAs\":[\"http:\/\/www.facebook.com\/VunderSkizze\"]}]}<\/script>\n<!-- \/ Yoast SEO plugin. -->","yoast_head_json":{"title":"Dekoracijos kartono r\u0117melyje Rayher medinis pagrindas fig\u016br\u0117l\u0117ms \u012fstatyti &#8211; Skizze","robots":{"index":"noindex","follow":"follow","max-snippet":"max-snippet:-1","max-image-preview":"max-image-preview:large","max-video-preview":"max-video-preview:-1"},"og_locale":"lt_LT","og_type":"article","og_title":"Dekoracijos kartono r\u0117melyje Rayher medinis pagrindas fig\u016br\u0117l\u0117ms \u012fstatyti &#8211; Skizze","og_url":"https:\/\/hobstop.ee\/lt\/produktas\/dekoracijos-kartono-remelyje-rayher-medinis-pagrindas-figurelems-istatyti\/","og_site_name":"Skizze","article_publisher":"http:\/\/www.facebook.com\/VunderSkizze","og_image":[{"width":1024,"height":768,"url":"https:\/\/hobstop.ee\/media\/4931.jpg","type":"image\/jpeg"}],"twitter_card":"summary_large_image","schema":{"@context":"https:\/\/schema.org","@graph":[{"@type":"WebPage","@id":"https:\/\/hobstop.ee\/lt\/produktas\/dekoracijos-kartono-remelyje-rayher-medinis-pagrindas-figurelems-istatyti\/","url":"https:\/\/hobstop.ee\/lt\/produktas\/dekoracijos-kartono-remelyje-rayher-medinis-pagrindas-figurelems-istatyti\/","name":"Dekoracijos kartono r\u0117melyje Rayher medinis pagrindas fig\u016br\u0117l\u0117ms \u012fstatyti &#8211; Skizze","isPartOf":{"@id":"https:\/\/hobstop.ee\/lt\/#website"},"primaryImageOfPage":{"@id":"https:\/\/hobstop.ee\/lt\/produktas\/dekoracijos-kartono-remelyje-rayher-medinis-pagrindas-figurelems-istatyti\/#primaryimage"},"image":{"@id":"https:\/\/hobstop.ee\/lt\/produktas\/dekoracijos-kartono-remelyje-rayher-medinis-pagrindas-figurelems-istatyti\/#primaryimage"},"thumbnailUrl":"https:\/\/hobstop.ee\/media\/4931.jpg","datePublished":"2020-04-01T11:58:20+00:00","dateModified":"2020-04-01T11:58:20+00:00","breadcrumb":{"@id":"https:\/\/hobstop.ee\/lt\/produktas\/dekoracijos-kartono-remelyje-rayher-medinis-pagrindas-figurelems-istatyti\/#breadcrumb"},"inLanguage":"lt","potentialAction":[{"@type":"ReadAction","target":["https:\/\/hobstop.ee\/lt\/produktas\/dekoracijos-kartono-remelyje-rayher-medinis-pagrindas-figurelems-istatyti\/"]}]},{"@type":"ImageObject","inLanguage":"lt","@id":"https:\/\/hobstop.ee\/lt\/produktas\/dekoracijos-kartono-remelyje-rayher-medinis-pagrindas-figurelems-istatyti\/#primaryimage","url":"https:\/\/hobstop.ee\/media\/4931.jpg","contentUrl":"https:\/\/hobstop.ee\/media\/4931.jpg","width":1024,"height":768},{"@type":"BreadcrumbList","@id":"https:\/\/hobstop.ee\/lt\/produktas\/dekoracijos-kartono-remelyje-rayher-medinis-pagrindas-figurelems-istatyti\/#breadcrumb","itemListElement":[{"@type":"ListItem","position":1,"name":"Avaleht","item":"https:\/\/hobstop.ee\/lt\/"},{"@type":"ListItem","position":2,"name":"Parduotuv\u0117","item":"https:\/\/hobstop.ee\/lt\/parduotuve\/"},{"@type":"ListItem","position":3,"name":"Dekoracijos kartono r\u0117melyje Rayher medinis pagrindas fig\u016br\u0117l\u0117ms \u012fstatyti"}]},{"@type":"WebSite","@id":"https:\/\/hobstop.ee\/lt\/#website","url":"https:\/\/hobstop.ee\/lt\/","name":"Skizze","description":"Dail\u0117s, pom\u0117gi\u0173 ir mokykliniai reikm\u0117nys","publisher":{"@id":"https:\/\/hobstop.ee\/lt\/#organization"},"potentialAction":[{"@type":"SearchAction","target":{"@type":"EntryPoint","urlTemplate":"https:\/\/hobstop.ee\/lt\/?s={search_term_string}"},"query-input":{"@type":"PropertyValueSpecification","valueRequired":true,"valueName":"search_term_string"}}],"inLanguage":"lt"},{"@type":"Organization","@id":"https:\/\/hobstop.ee\/lt\/#organization","name":"Vunder AS","url":"https:\/\/hobstop.ee\/lt\/","logo":{"@type":"ImageObject","inLanguage":"lt","@id":"https:\/\/hobstop.ee\/lt\/#\/schema\/logo\/image\/","url":"https:\/\/hobstop.ee\/media\/vunder-logo.png","contentUrl":"https:\/\/hobstop.ee\/media\/vunder-logo.png","width":127,"height":55,"caption":"Vunder AS"},"image":{"@id":"https:\/\/hobstop.ee\/lt\/#\/schema\/logo\/image\/"},"sameAs":["http:\/\/www.facebook.com\/VunderSkizze"]}]}},"_links":{"self":[{"href":"https:\/\/hobstop.ee\/lt\/wp-json\/wp\/v2\/product\/340956","targetHints":{"allow":["GET"]}}],"collection":[{"href":"https:\/\/hobstop.ee\/lt\/wp-json\/wp\/v2\/product"}],"about":[{"href":"https:\/\/hobstop.ee\/lt\/wp-json\/wp\/v2\/types\/product"}],"replies":[{"embeddable":true,"href":"https:\/\/hobstop.ee\/lt\/wp-json\/wp\/v2\/comments?post=340956"}],"wp:featuredmedia":[{"embeddable":true,"href":"https:\/\/hobstop.ee\/lt\/wp-json\/wp\/v2\/media\/353328"}],"wp:attachment":[{"href":"https:\/\/hobstop.ee\/lt\/wp-json\/wp\/v2\/media?parent=340956"}],"wp:term":[{"taxonomy":"product_cat","embeddable":true,"href":"https:\/\/hobstop.ee\/lt\/wp-json\/wp\/v2\/product_cat?post=340956"},{"taxonomy":"product_tag","embeddable":true,"href":"https:\/\/hobstop.ee\/lt\/wp-json\/wp\/v2\/product_tag?post=340956"}],"curies":[{"name":"wp","href":"https:\/\/api.w.org\/{rel}","templated":true}]}}