{"id":340960,"date":"2020-04-01T14:58:23","date_gmt":"2020-04-01T11:58:28","guid":{"rendered":"https:\/\/sharks.ee\/vunder_2019\/product\/medinis-stovas-knygoms-rayher\/"},"modified":"2020-04-01T14:58:28","modified_gmt":"2020-04-01T11:58:28","slug":"medinis-stovas-knygoms-rayher","status":"publish","type":"product","link":"https:\/\/hobstop.ee\/lt\/produktas\/medinis-stovas-knygoms-rayher\/","title":{"rendered":"Medinis stovas knygoms Rayher"},"content":{"rendered":"<p>Ant \u0161io stovo saugiai pastatysite savo plan\u0161etin\u012f kompiuter\u012f (vis\u0173 standartini\u0173 dyd\u017ei\u0173), \u017eurnalus, receptus ir pan. Tiesiog atlenkite stov\u0105 ir pareguliuokite skaitymo kamp\u0105. Galima pasirinkti tris reguliuojamus skaitymo kampus. Nenaudojam\u0105 plan\u0161etinio kompiuterio ar knyg\u0173 stov\u0105 galima sulankstyti, tod\u0117l jis neu\u017eima daug vietos. Galima naudoti nat\u016bralios i\u0161vaizdos arba nuda\u017eyti kreidiniais arba dekoratyviniais da\u017eai \u2013 k\u016brybin\u0117s galimyb\u0117s yra neribotos. Nuda\u017eyt\u0105 pavir\u0161i\u0173 rekomenduojame padengti apsauginiu lako sluoksniu.<\/p>\n","protected":false},"excerpt":{"rendered":"<p>Ant \u0161io stovo saugiai pastatysite savo plan\u0161etin\u012f kompiuter\u012f (vis\u0173 standartini\u0173 dyd\u017ei\u0173), \u017eurnalus, receptus ir pan. Tiesiog atlenkite stov\u0105 ir pareguliuokite skaitymo kamp\u0105. Galima pasirinkti tris reguliuojamus skaitymo kampus. Nenaudojam\u0105 plan\u0161etinio kompiuterio ar knyg\u0173 stov\u0105 galima sulankstyti, tod\u0117l jis neu\u017eima daug vietos. Galima naudoti nat\u016bralios i\u0161vaizdos arba nuda\u017eyti kreidiniais arba dekoratyviniais da\u017eai \u2013 k\u016brybin\u0117s galimyb\u0117s yra neribotos. Nuda\u017eyt\u0105 pavir\u0161i\u0173 rekomenduojame padengti apsauginiu lako sluoksniu.<\/p>\n","protected":false},"featured_media":353404,"comment_status":"closed","ping_status":"closed","template":"","meta":{"_acf_changed":false,"ep_exclude_from_search":false},"product_cat":[20361],"product_tag":[],"class_list":{"0":"post-340960","1":"product","2":"type-product","3":"status-publish","4":"has-post-thumbnail","6":"product_cat-maaramata","8":"first","9":"instock","10":"taxable","11":"shipping-taxable","12":"product-type-simple"},"acf":[],"yoast_head":"<!-- This site is optimized with the Yoast SEO plugin v24.1 - https:\/\/yoast.com\/wordpress\/plugins\/seo\/ -->\n<title>Medinis stovas knygoms Rayher &#8211; Skizze<\/title>\n<meta name=\"robots\" content=\"noindex, follow, max-snippet:-1, max-image-preview:large, max-video-preview:-1\" \/>\n<meta property=\"og:locale\" content=\"lt_LT\" \/>\n<meta property=\"og:type\" content=\"article\" \/>\n<meta property=\"og:title\" content=\"Medinis stovas knygoms Rayher &#8211; Skizze\" \/>\n<meta property=\"og:description\" content=\"Ant \u0161io stovo saugiai pastatysite savo plan\u0161etin\u012f kompiuter\u012f (vis\u0173 standartini\u0173 dyd\u017ei\u0173), \u017eurnalus, receptus ir pan. Tiesiog atlenkite stov\u0105 ir pareguliuokite skaitymo kamp\u0105. Galima pasirinkti tris reguliuojamus skaitymo kampus. Nenaudojam\u0105 plan\u0161etinio kompiuterio ar knyg\u0173 stov\u0105 galima sulankstyti, tod\u0117l jis neu\u017eima daug vietos. Galima naudoti nat\u016bralios i\u0161vaizdos arba nuda\u017eyti kreidiniais arba dekoratyviniais da\u017eai \u2013 k\u016brybin\u0117s galimyb\u0117s yra neribotos. Nuda\u017eyt\u0105 pavir\u0161i\u0173 rekomenduojame padengti apsauginiu lako sluoksniu.\" \/>\n<meta property=\"og:url\" content=\"https:\/\/hobstop.ee\/lt\/produktas\/medinis-stovas-knygoms-rayher\/\" \/>\n<meta property=\"og:site_name\" content=\"Skizze\" \/>\n<meta property=\"article:publisher\" content=\"http:\/\/www.facebook.com\/VunderSkizze\" \/>\n<meta property=\"og:image\" content=\"https:\/\/hobstop.ee\/media\/4946.jpg\" \/>\n\t<meta property=\"og:image:width\" content=\"1024\" \/>\n\t<meta property=\"og:image:height\" content=\"768\" \/>\n\t<meta property=\"og:image:type\" content=\"image\/jpeg\" \/>\n<meta name=\"twitter:card\" content=\"summary_large_image\" \/>\n<script type=\"application\/ld+json\" class=\"yoast-schema-graph\">{\"@context\":\"https:\/\/schema.org\",\"@graph\":[{\"@type\":\"WebPage\",\"@id\":\"https:\/\/hobstop.ee\/lt\/produktas\/medinis-stovas-knygoms-rayher\/\",\"url\":\"https:\/\/hobstop.ee\/lt\/produktas\/medinis-stovas-knygoms-rayher\/\",\"name\":\"Medinis stovas knygoms Rayher &#8211; Skizze\",\"isPartOf\":{\"@id\":\"https:\/\/www.hobstop.ee\/lt\/#website\"},\"primaryImageOfPage\":{\"@id\":\"https:\/\/hobstop.ee\/lt\/produktas\/medinis-stovas-knygoms-rayher\/#primaryimage\"},\"image\":{\"@id\":\"https:\/\/hobstop.ee\/lt\/produktas\/medinis-stovas-knygoms-rayher\/#primaryimage\"},\"thumbnailUrl\":\"https:\/\/hobstop.ee\/media\/4946.jpg\",\"datePublished\":\"2020-04-01T11:58:28+00:00\",\"dateModified\":\"2020-04-01T11:58:28+00:00\",\"breadcrumb\":{\"@id\":\"https:\/\/hobstop.ee\/lt\/produktas\/medinis-stovas-knygoms-rayher\/#breadcrumb\"},\"inLanguage\":\"lt\",\"potentialAction\":[{\"@type\":\"ReadAction\",\"target\":[\"https:\/\/hobstop.ee\/lt\/produktas\/medinis-stovas-knygoms-rayher\/\"]}]},{\"@type\":\"ImageObject\",\"inLanguage\":\"lt\",\"@id\":\"https:\/\/hobstop.ee\/lt\/produktas\/medinis-stovas-knygoms-rayher\/#primaryimage\",\"url\":\"https:\/\/hobstop.ee\/media\/4946.jpg\",\"contentUrl\":\"https:\/\/hobstop.ee\/media\/4946.jpg\",\"width\":1024,\"height\":768},{\"@type\":\"BreadcrumbList\",\"@id\":\"https:\/\/hobstop.ee\/lt\/produktas\/medinis-stovas-knygoms-rayher\/#breadcrumb\",\"itemListElement\":[{\"@type\":\"ListItem\",\"position\":1,\"name\":\"Avaleht\",\"item\":\"https:\/\/hobstop.ee\/lt\/\"},{\"@type\":\"ListItem\",\"position\":2,\"name\":\"Parduotuv\u0117\",\"item\":\"https:\/\/www.hobstop.ee\/lt\/parduotuve\/\"},{\"@type\":\"ListItem\",\"position\":3,\"name\":\"Medinis stovas knygoms Rayher\"}]},{\"@type\":\"WebSite\",\"@id\":\"https:\/\/www.hobstop.ee\/lt\/#website\",\"url\":\"https:\/\/www.hobstop.ee\/lt\/\",\"name\":\"Skizze\",\"description\":\"Dail\u0117s, pom\u0117gi\u0173 ir mokykliniai reikm\u0117nys\",\"publisher\":{\"@id\":\"https:\/\/www.hobstop.ee\/lt\/#organization\"},\"potentialAction\":[{\"@type\":\"SearchAction\",\"target\":{\"@type\":\"EntryPoint\",\"urlTemplate\":\"https:\/\/www.hobstop.ee\/lt\/?s={search_term_string}\"},\"query-input\":{\"@type\":\"PropertyValueSpecification\",\"valueRequired\":true,\"valueName\":\"search_term_string\"}}],\"inLanguage\":\"lt\"},{\"@type\":\"Organization\",\"@id\":\"https:\/\/www.hobstop.ee\/lt\/#organization\",\"name\":\"Vunder AS\",\"url\":\"https:\/\/www.hobstop.ee\/lt\/\",\"logo\":{\"@type\":\"ImageObject\",\"inLanguage\":\"lt\",\"@id\":\"https:\/\/www.hobstop.ee\/lt\/#\/schema\/logo\/image\/\",\"url\":\"https:\/\/hobstop.ee\/media\/vunder-logo.png\",\"contentUrl\":\"https:\/\/hobstop.ee\/media\/vunder-logo.png\",\"width\":127,\"height\":55,\"caption\":\"Vunder AS\"},\"image\":{\"@id\":\"https:\/\/www.hobstop.ee\/lt\/#\/schema\/logo\/image\/\"},\"sameAs\":[\"http:\/\/www.facebook.com\/VunderSkizze\"]}]}<\/script>\n<!-- \/ Yoast SEO plugin. -->","yoast_head_json":{"title":"Medinis stovas knygoms Rayher &#8211; Skizze","robots":{"index":"noindex","follow":"follow","max-snippet":"max-snippet:-1","max-image-preview":"max-image-preview:large","max-video-preview":"max-video-preview:-1"},"og_locale":"lt_LT","og_type":"article","og_title":"Medinis stovas knygoms Rayher &#8211; Skizze","og_description":"Ant \u0161io stovo saugiai pastatysite savo plan\u0161etin\u012f kompiuter\u012f (vis\u0173 standartini\u0173 dyd\u017ei\u0173), \u017eurnalus, receptus ir pan. Tiesiog atlenkite stov\u0105 ir pareguliuokite skaitymo kamp\u0105. Galima pasirinkti tris reguliuojamus skaitymo kampus. Nenaudojam\u0105 plan\u0161etinio kompiuterio ar knyg\u0173 stov\u0105 galima sulankstyti, tod\u0117l jis neu\u017eima daug vietos. Galima naudoti nat\u016bralios i\u0161vaizdos arba nuda\u017eyti kreidiniais arba dekoratyviniais da\u017eai \u2013 k\u016brybin\u0117s galimyb\u0117s yra neribotos. Nuda\u017eyt\u0105 pavir\u0161i\u0173 rekomenduojame padengti apsauginiu lako sluoksniu.","og_url":"https:\/\/hobstop.ee\/lt\/produktas\/medinis-stovas-knygoms-rayher\/","og_site_name":"Skizze","article_publisher":"http:\/\/www.facebook.com\/VunderSkizze","og_image":[{"width":1024,"height":768,"url":"https:\/\/hobstop.ee\/media\/4946.jpg","type":"image\/jpeg"}],"twitter_card":"summary_large_image","schema":{"@context":"https:\/\/schema.org","@graph":[{"@type":"WebPage","@id":"https:\/\/hobstop.ee\/lt\/produktas\/medinis-stovas-knygoms-rayher\/","url":"https:\/\/hobstop.ee\/lt\/produktas\/medinis-stovas-knygoms-rayher\/","name":"Medinis stovas knygoms Rayher &#8211; Skizze","isPartOf":{"@id":"https:\/\/www.hobstop.ee\/lt\/#website"},"primaryImageOfPage":{"@id":"https:\/\/hobstop.ee\/lt\/produktas\/medinis-stovas-knygoms-rayher\/#primaryimage"},"image":{"@id":"https:\/\/hobstop.ee\/lt\/produktas\/medinis-stovas-knygoms-rayher\/#primaryimage"},"thumbnailUrl":"https:\/\/hobstop.ee\/media\/4946.jpg","datePublished":"2020-04-01T11:58:28+00:00","dateModified":"2020-04-01T11:58:28+00:00","breadcrumb":{"@id":"https:\/\/hobstop.ee\/lt\/produktas\/medinis-stovas-knygoms-rayher\/#breadcrumb"},"inLanguage":"lt","potentialAction":[{"@type":"ReadAction","target":["https:\/\/hobstop.ee\/lt\/produktas\/medinis-stovas-knygoms-rayher\/"]}]},{"@type":"ImageObject","inLanguage":"lt","@id":"https:\/\/hobstop.ee\/lt\/produktas\/medinis-stovas-knygoms-rayher\/#primaryimage","url":"https:\/\/hobstop.ee\/media\/4946.jpg","contentUrl":"https:\/\/hobstop.ee\/media\/4946.jpg","width":1024,"height":768},{"@type":"BreadcrumbList","@id":"https:\/\/hobstop.ee\/lt\/produktas\/medinis-stovas-knygoms-rayher\/#breadcrumb","itemListElement":[{"@type":"ListItem","position":1,"name":"Avaleht","item":"https:\/\/hobstop.ee\/lt\/"},{"@type":"ListItem","position":2,"name":"Parduotuv\u0117","item":"https:\/\/www.hobstop.ee\/lt\/parduotuve\/"},{"@type":"ListItem","position":3,"name":"Medinis stovas knygoms Rayher"}]},{"@type":"WebSite","@id":"https:\/\/www.hobstop.ee\/lt\/#website","url":"https:\/\/www.hobstop.ee\/lt\/","name":"Skizze","description":"Dail\u0117s, pom\u0117gi\u0173 ir mokykliniai reikm\u0117nys","publisher":{"@id":"https:\/\/www.hobstop.ee\/lt\/#organization"},"potentialAction":[{"@type":"SearchAction","target":{"@type":"EntryPoint","urlTemplate":"https:\/\/www.hobstop.ee\/lt\/?s={search_term_string}"},"query-input":{"@type":"PropertyValueSpecification","valueRequired":true,"valueName":"search_term_string"}}],"inLanguage":"lt"},{"@type":"Organization","@id":"https:\/\/www.hobstop.ee\/lt\/#organization","name":"Vunder AS","url":"https:\/\/www.hobstop.ee\/lt\/","logo":{"@type":"ImageObject","inLanguage":"lt","@id":"https:\/\/www.hobstop.ee\/lt\/#\/schema\/logo\/image\/","url":"https:\/\/hobstop.ee\/media\/vunder-logo.png","contentUrl":"https:\/\/hobstop.ee\/media\/vunder-logo.png","width":127,"height":55,"caption":"Vunder AS"},"image":{"@id":"https:\/\/www.hobstop.ee\/lt\/#\/schema\/logo\/image\/"},"sameAs":["http:\/\/www.facebook.com\/VunderSkizze"]}]}},"_links":{"self":[{"href":"https:\/\/hobstop.ee\/lt\/wp-json\/wp\/v2\/product\/340960","targetHints":{"allow":["GET"]}}],"collection":[{"href":"https:\/\/hobstop.ee\/lt\/wp-json\/wp\/v2\/product"}],"about":[{"href":"https:\/\/hobstop.ee\/lt\/wp-json\/wp\/v2\/types\/product"}],"replies":[{"embeddable":true,"href":"https:\/\/hobstop.ee\/lt\/wp-json\/wp\/v2\/comments?post=340960"}],"wp:featuredmedia":[{"embeddable":true,"href":"https:\/\/hobstop.ee\/lt\/wp-json\/wp\/v2\/media\/353404"}],"wp:attachment":[{"href":"https:\/\/hobstop.ee\/lt\/wp-json\/wp\/v2\/media?parent=340960"}],"wp:term":[{"taxonomy":"product_cat","embeddable":true,"href":"https:\/\/hobstop.ee\/lt\/wp-json\/wp\/v2\/product_cat?post=340960"},{"taxonomy":"product_tag","embeddable":true,"href":"https:\/\/hobstop.ee\/lt\/wp-json\/wp\/v2\/product_tag?post=340960"}],"curies":[{"name":"wp","href":"https:\/\/api.w.org\/{rel}","templated":true}]}}