{"id":340968,"date":"2020-04-01T14:58:39","date_gmt":"2020-04-01T11:58:45","guid":{"rendered":"https:\/\/sharks.ee\/vunder_2019\/product\/led-lempute-daylight-dienos-sviesos-e27\/"},"modified":"2020-04-01T14:58:45","modified_gmt":"2020-04-01T11:58:45","slug":"led-lempute-daylight-dienos-sviesos-e27","status":"publish","type":"product","link":"https:\/\/hobstop.ee\/lt\/produktas\/led-lempute-daylight-dienos-sviesos-e27\/","title":{"rendered":"LED lemput\u0117 Daylight (dienos \u0161viesos) E27"},"content":{"rendered":"<p>Auk\u0161tos kokyb\u0117s LED lemput\u0117, skleid\u017eianti tikr\u0105, 6000\u00baK, dienos \u0161vies\u0105.  Saugokite savo akis ir reg\u0117jim\u0105 bei pamatykite spalvas tokias, kokios jos yra i\u0161 tikr\u0173j\u0173! Lemput\u0117 akimirksniu \u012fsijungia visu ry\u0161kumu ir sunaudoja ma\u017edaug 80 proc. ma\u017eiau energijos*. 15 000 valand\u0173 ** ry\u0161kios dienos \u0161viesos ir ma\u017edaug 40 000 perjungimo cikl\u0173. Itin saugi \u2013 beveik ne\u012fkaistanti ir pagaminta i\u0161 atsparios d\u016b\u017eiams med\u017eiagos \u0160viesos srautas nereguliuojamas.<br \/>\n*apytiksliai sutaupoma, palyginus su kaitrine lempute; **15 met\u0173 \u0161viesos; ~2,7 valandos per dien\u0105<\/p>\n","protected":false},"excerpt":{"rendered":"<p>Auk\u0161tos kokyb\u0117s LED lemput\u0117, skleid\u017eianti tikr\u0105, 6000\u00baK, dienos \u0161vies\u0105. Saugokite savo akis ir reg\u0117jim\u0105 bei pamatykite spalvas tokias, kokios jos yra i\u0161 tikr\u0173j\u0173! Lemput\u0117 akimirksniu \u012fsijungia visu ry\u0161kumu ir sunaudoja ma\u017edaug 80 proc. ma\u017eiau energijos*. 15 000 valand\u0173 ** ry\u0161kios dienos \u0161viesos ir ma\u017edaug 40 000 perjungimo cikl\u0173. Itin saugi \u2013 beveik ne\u012fkaistanti ir pagaminta i\u0161 atsparios d\u016b\u017eiams med\u017eiagos \u0160viesos srautas nereguliuojamas. *apytiksliai sutaupoma, palyginus su kaitrine lempute; **15 met\u0173 \u0161viesos; ~2,7 valandos per dien\u0105<\/p>\n","protected":false},"featured_media":354068,"comment_status":"closed","ping_status":"closed","template":"","meta":{"_acf_changed":false,"ep_exclude_from_search":false},"product_cat":[20361],"product_tag":[],"class_list":{"0":"post-340968","1":"product","2":"type-product","3":"status-publish","4":"has-post-thumbnail","6":"product_cat-maaramata","8":"first","9":"instock","10":"taxable","11":"shipping-taxable","12":"product-type-simple"},"acf":[],"yoast_head":"<!-- This site is optimized with the Yoast SEO plugin v24.1 - https:\/\/yoast.com\/wordpress\/plugins\/seo\/ -->\n<title>LED lemput\u0117 Daylight (dienos \u0161viesos) E27 &#8211; Skizze<\/title>\n<meta name=\"robots\" content=\"noindex, follow, max-snippet:-1, max-image-preview:large, max-video-preview:-1\" \/>\n<meta property=\"og:locale\" content=\"lt_LT\" \/>\n<meta property=\"og:type\" content=\"article\" \/>\n<meta property=\"og:title\" content=\"LED lemput\u0117 Daylight (dienos \u0161viesos) E27 &#8211; Skizze\" \/>\n<meta property=\"og:description\" content=\"Auk\u0161tos kokyb\u0117s LED lemput\u0117, skleid\u017eianti tikr\u0105, 6000\u00baK, dienos \u0161vies\u0105. Saugokite savo akis ir reg\u0117jim\u0105 bei pamatykite spalvas tokias, kokios jos yra i\u0161 tikr\u0173j\u0173! Lemput\u0117 akimirksniu \u012fsijungia visu ry\u0161kumu ir sunaudoja ma\u017edaug 80 proc. ma\u017eiau energijos*. 15 000 valand\u0173 ** ry\u0161kios dienos \u0161viesos ir ma\u017edaug 40 000 perjungimo cikl\u0173. Itin saugi \u2013 beveik ne\u012fkaistanti ir pagaminta i\u0161 atsparios d\u016b\u017eiams med\u017eiagos \u0160viesos srautas nereguliuojamas. *apytiksliai sutaupoma, palyginus su kaitrine lempute; **15 met\u0173 \u0161viesos; ~2,7 valandos per dien\u0105\" \/>\n<meta property=\"og:url\" content=\"https:\/\/hobstop.ee\/lt\/produktas\/led-lempute-daylight-dienos-sviesos-e27\/\" \/>\n<meta property=\"og:site_name\" content=\"Skizze\" \/>\n<meta property=\"article:publisher\" content=\"http:\/\/www.facebook.com\/VunderSkizze\" \/>\n<meta property=\"og:image\" content=\"https:\/\/hobstop.ee\/media\/5055.jpg\" \/>\n\t<meta property=\"og:image:width\" content=\"1024\" \/>\n\t<meta property=\"og:image:height\" content=\"768\" \/>\n\t<meta property=\"og:image:type\" content=\"image\/jpeg\" \/>\n<meta name=\"twitter:card\" content=\"summary_large_image\" \/>\n<script type=\"application\/ld+json\" class=\"yoast-schema-graph\">{\"@context\":\"https:\/\/schema.org\",\"@graph\":[{\"@type\":\"WebPage\",\"@id\":\"https:\/\/hobstop.ee\/lt\/produktas\/led-lempute-daylight-dienos-sviesos-e27\/\",\"url\":\"https:\/\/hobstop.ee\/lt\/produktas\/led-lempute-daylight-dienos-sviesos-e27\/\",\"name\":\"LED lemput\u0117 Daylight (dienos \u0161viesos) E27 &#8211; Skizze\",\"isPartOf\":{\"@id\":\"https:\/\/hobstop.ee\/lt\/#website\"},\"primaryImageOfPage\":{\"@id\":\"https:\/\/hobstop.ee\/lt\/produktas\/led-lempute-daylight-dienos-sviesos-e27\/#primaryimage\"},\"image\":{\"@id\":\"https:\/\/hobstop.ee\/lt\/produktas\/led-lempute-daylight-dienos-sviesos-e27\/#primaryimage\"},\"thumbnailUrl\":\"https:\/\/hobstop.ee\/media\/5055.jpg\",\"datePublished\":\"2020-04-01T11:58:45+00:00\",\"dateModified\":\"2020-04-01T11:58:45+00:00\",\"breadcrumb\":{\"@id\":\"https:\/\/hobstop.ee\/lt\/produktas\/led-lempute-daylight-dienos-sviesos-e27\/#breadcrumb\"},\"inLanguage\":\"lt\",\"potentialAction\":[{\"@type\":\"ReadAction\",\"target\":[\"https:\/\/hobstop.ee\/lt\/produktas\/led-lempute-daylight-dienos-sviesos-e27\/\"]}]},{\"@type\":\"ImageObject\",\"inLanguage\":\"lt\",\"@id\":\"https:\/\/hobstop.ee\/lt\/produktas\/led-lempute-daylight-dienos-sviesos-e27\/#primaryimage\",\"url\":\"https:\/\/hobstop.ee\/media\/5055.jpg\",\"contentUrl\":\"https:\/\/hobstop.ee\/media\/5055.jpg\",\"width\":1024,\"height\":768},{\"@type\":\"BreadcrumbList\",\"@id\":\"https:\/\/hobstop.ee\/lt\/produktas\/led-lempute-daylight-dienos-sviesos-e27\/#breadcrumb\",\"itemListElement\":[{\"@type\":\"ListItem\",\"position\":1,\"name\":\"Avaleht\",\"item\":\"https:\/\/hobstop.ee\/lt\/\"},{\"@type\":\"ListItem\",\"position\":2,\"name\":\"Parduotuv\u0117\",\"item\":\"https:\/\/hobstop.ee\/lt\/parduotuve\/\"},{\"@type\":\"ListItem\",\"position\":3,\"name\":\"LED lemput\u0117 Daylight (dienos \u0161viesos) E27\"}]},{\"@type\":\"WebSite\",\"@id\":\"https:\/\/hobstop.ee\/lt\/#website\",\"url\":\"https:\/\/hobstop.ee\/lt\/\",\"name\":\"Skizze\",\"description\":\"Dail\u0117s, pom\u0117gi\u0173 ir mokykliniai reikm\u0117nys\",\"publisher\":{\"@id\":\"https:\/\/hobstop.ee\/lt\/#organization\"},\"potentialAction\":[{\"@type\":\"SearchAction\",\"target\":{\"@type\":\"EntryPoint\",\"urlTemplate\":\"https:\/\/hobstop.ee\/lt\/?s={search_term_string}\"},\"query-input\":{\"@type\":\"PropertyValueSpecification\",\"valueRequired\":true,\"valueName\":\"search_term_string\"}}],\"inLanguage\":\"lt\"},{\"@type\":\"Organization\",\"@id\":\"https:\/\/hobstop.ee\/lt\/#organization\",\"name\":\"Vunder AS\",\"url\":\"https:\/\/hobstop.ee\/lt\/\",\"logo\":{\"@type\":\"ImageObject\",\"inLanguage\":\"lt\",\"@id\":\"https:\/\/hobstop.ee\/lt\/#\/schema\/logo\/image\/\",\"url\":\"https:\/\/hobstop.ee\/media\/vunder-logo.png\",\"contentUrl\":\"https:\/\/hobstop.ee\/media\/vunder-logo.png\",\"width\":127,\"height\":55,\"caption\":\"Vunder AS\"},\"image\":{\"@id\":\"https:\/\/hobstop.ee\/lt\/#\/schema\/logo\/image\/\"},\"sameAs\":[\"http:\/\/www.facebook.com\/VunderSkizze\"]}]}<\/script>\n<!-- \/ Yoast SEO plugin. -->","yoast_head_json":{"title":"LED lemput\u0117 Daylight (dienos \u0161viesos) E27 &#8211; Skizze","robots":{"index":"noindex","follow":"follow","max-snippet":"max-snippet:-1","max-image-preview":"max-image-preview:large","max-video-preview":"max-video-preview:-1"},"og_locale":"lt_LT","og_type":"article","og_title":"LED lemput\u0117 Daylight (dienos \u0161viesos) E27 &#8211; Skizze","og_description":"Auk\u0161tos kokyb\u0117s LED lemput\u0117, skleid\u017eianti tikr\u0105, 6000\u00baK, dienos \u0161vies\u0105. Saugokite savo akis ir reg\u0117jim\u0105 bei pamatykite spalvas tokias, kokios jos yra i\u0161 tikr\u0173j\u0173! Lemput\u0117 akimirksniu \u012fsijungia visu ry\u0161kumu ir sunaudoja ma\u017edaug 80 proc. ma\u017eiau energijos*. 15 000 valand\u0173 ** ry\u0161kios dienos \u0161viesos ir ma\u017edaug 40 000 perjungimo cikl\u0173. Itin saugi \u2013 beveik ne\u012fkaistanti ir pagaminta i\u0161 atsparios d\u016b\u017eiams med\u017eiagos \u0160viesos srautas nereguliuojamas. *apytiksliai sutaupoma, palyginus su kaitrine lempute; **15 met\u0173 \u0161viesos; ~2,7 valandos per dien\u0105","og_url":"https:\/\/hobstop.ee\/lt\/produktas\/led-lempute-daylight-dienos-sviesos-e27\/","og_site_name":"Skizze","article_publisher":"http:\/\/www.facebook.com\/VunderSkizze","og_image":[{"width":1024,"height":768,"url":"https:\/\/hobstop.ee\/media\/5055.jpg","type":"image\/jpeg"}],"twitter_card":"summary_large_image","schema":{"@context":"https:\/\/schema.org","@graph":[{"@type":"WebPage","@id":"https:\/\/hobstop.ee\/lt\/produktas\/led-lempute-daylight-dienos-sviesos-e27\/","url":"https:\/\/hobstop.ee\/lt\/produktas\/led-lempute-daylight-dienos-sviesos-e27\/","name":"LED lemput\u0117 Daylight (dienos \u0161viesos) E27 &#8211; Skizze","isPartOf":{"@id":"https:\/\/hobstop.ee\/lt\/#website"},"primaryImageOfPage":{"@id":"https:\/\/hobstop.ee\/lt\/produktas\/led-lempute-daylight-dienos-sviesos-e27\/#primaryimage"},"image":{"@id":"https:\/\/hobstop.ee\/lt\/produktas\/led-lempute-daylight-dienos-sviesos-e27\/#primaryimage"},"thumbnailUrl":"https:\/\/hobstop.ee\/media\/5055.jpg","datePublished":"2020-04-01T11:58:45+00:00","dateModified":"2020-04-01T11:58:45+00:00","breadcrumb":{"@id":"https:\/\/hobstop.ee\/lt\/produktas\/led-lempute-daylight-dienos-sviesos-e27\/#breadcrumb"},"inLanguage":"lt","potentialAction":[{"@type":"ReadAction","target":["https:\/\/hobstop.ee\/lt\/produktas\/led-lempute-daylight-dienos-sviesos-e27\/"]}]},{"@type":"ImageObject","inLanguage":"lt","@id":"https:\/\/hobstop.ee\/lt\/produktas\/led-lempute-daylight-dienos-sviesos-e27\/#primaryimage","url":"https:\/\/hobstop.ee\/media\/5055.jpg","contentUrl":"https:\/\/hobstop.ee\/media\/5055.jpg","width":1024,"height":768},{"@type":"BreadcrumbList","@id":"https:\/\/hobstop.ee\/lt\/produktas\/led-lempute-daylight-dienos-sviesos-e27\/#breadcrumb","itemListElement":[{"@type":"ListItem","position":1,"name":"Avaleht","item":"https:\/\/hobstop.ee\/lt\/"},{"@type":"ListItem","position":2,"name":"Parduotuv\u0117","item":"https:\/\/hobstop.ee\/lt\/parduotuve\/"},{"@type":"ListItem","position":3,"name":"LED lemput\u0117 Daylight (dienos \u0161viesos) E27"}]},{"@type":"WebSite","@id":"https:\/\/hobstop.ee\/lt\/#website","url":"https:\/\/hobstop.ee\/lt\/","name":"Skizze","description":"Dail\u0117s, pom\u0117gi\u0173 ir mokykliniai reikm\u0117nys","publisher":{"@id":"https:\/\/hobstop.ee\/lt\/#organization"},"potentialAction":[{"@type":"SearchAction","target":{"@type":"EntryPoint","urlTemplate":"https:\/\/hobstop.ee\/lt\/?s={search_term_string}"},"query-input":{"@type":"PropertyValueSpecification","valueRequired":true,"valueName":"search_term_string"}}],"inLanguage":"lt"},{"@type":"Organization","@id":"https:\/\/hobstop.ee\/lt\/#organization","name":"Vunder AS","url":"https:\/\/hobstop.ee\/lt\/","logo":{"@type":"ImageObject","inLanguage":"lt","@id":"https:\/\/hobstop.ee\/lt\/#\/schema\/logo\/image\/","url":"https:\/\/hobstop.ee\/media\/vunder-logo.png","contentUrl":"https:\/\/hobstop.ee\/media\/vunder-logo.png","width":127,"height":55,"caption":"Vunder AS"},"image":{"@id":"https:\/\/hobstop.ee\/lt\/#\/schema\/logo\/image\/"},"sameAs":["http:\/\/www.facebook.com\/VunderSkizze"]}]}},"_links":{"self":[{"href":"https:\/\/hobstop.ee\/lt\/wp-json\/wp\/v2\/product\/340968","targetHints":{"allow":["GET"]}}],"collection":[{"href":"https:\/\/hobstop.ee\/lt\/wp-json\/wp\/v2\/product"}],"about":[{"href":"https:\/\/hobstop.ee\/lt\/wp-json\/wp\/v2\/types\/product"}],"replies":[{"embeddable":true,"href":"https:\/\/hobstop.ee\/lt\/wp-json\/wp\/v2\/comments?post=340968"}],"wp:featuredmedia":[{"embeddable":true,"href":"https:\/\/hobstop.ee\/lt\/wp-json\/wp\/v2\/media\/354068"}],"wp:attachment":[{"href":"https:\/\/hobstop.ee\/lt\/wp-json\/wp\/v2\/media?parent=340968"}],"wp:term":[{"taxonomy":"product_cat","embeddable":true,"href":"https:\/\/hobstop.ee\/lt\/wp-json\/wp\/v2\/product_cat?post=340968"},{"taxonomy":"product_tag","embeddable":true,"href":"https:\/\/hobstop.ee\/lt\/wp-json\/wp\/v2\/product_tag?post=340968"}],"curies":[{"name":"wp","href":"https:\/\/api.w.org\/{rel}","templated":true}]}}