{"id":340976,"date":"2020-04-01T14:58:55","date_gmt":"2020-04-01T11:59:01","guid":{"rendered":"https:\/\/sharks.ee\/vunder_2019\/product\/spalvotas-piestukas-derwent-lightfast-medine-dezute\/"},"modified":"2021-08-06T15:13:53","modified_gmt":"2021-08-06T12:13:53","slug":"spalvotas-piestukas-derwent-lightfast-medine-dezute","status":"publish","type":"product","link":"https:\/\/hobstop.ee\/lt\/produktas\/spalvotas-piestukas-derwent-lightfast-medine-dezute\/","title":{"rendered":"Spalvotas pie\u0161tukas Derwent Lightfast medin\u0117 d\u0117\u017eut\u0117"},"content":{"rendered":"<p>Ry\u0161ki\u0173 spalv\u0173 ir visi\u0161kai atspar\u016bs blukimui aliejiniai spalvoti pie\u0161tukai \u201eDerwent Lightfast\u201c.  Naujausi\u0173 technologij\u0173 pagrindu pagaminta \u0161erdel\u0117 yra atspari blukimui ir u\u017etikrina, kad meno k\u016briniai muziejaus s\u0105lygomis nei\u0161bluks iki 100 met\u0173. Lygi aliejin\u0117 \u0161erdel\u0117 sukuria turtingas ir gyvybingas spalvas, kurias galima mai\u0161yti tarpusavyje ir sukurti \u012f tapyt\u0105 paveiksl\u0105 pana\u0161ius efektus, o kietas galiukas idealiai tinka detaliems pie\u0161iniams. Aliejaus pagrindu pagaminta \u0161erdel\u0117 suteikia nuostabias mai\u0161ymo ir sluoksniavimo galimybes. Kaip ir aliejinius da\u017eus, galima mai\u0161yti ir skiesti tirpiklio pagrindu pagaminta priemone; su aliejin\u0117mis terp\u0117mis mai\u0161omas pie\u0161tukas turi aliejiniams da\u017eams b\u016bding\u0173 savybi\u0173.<\/p>\n<p>&#8211; Visi\u0161kai atsparus blukimui, visos spalvos yra profesionalios kokyb\u0117s ir atitinka ASTM D6901 ir blukimo skal\u0119 \u201eBlue Wool Scale\u201c ISO 105.<br \/>\n&#8211; Naujausi\u0173 technologij\u0173 pagrindu pagaminta aliejin\u0117 \u0161erdel\u0117 sukuria sodrias ir gyvas spalvas.<br \/>\n&#8211; Spalvas galima mai\u0161yti tarpusavyje ir sukurti \u012f tapyt\u0105 paveiksl\u0105 pana\u0161ius efektus.<br \/>\n&#8211; Kietas galiukas idealiai tinka detaliems pie\u0161iniams ir sluoksniavimui.<br \/>\n&#8211; Didelis puikiai dengian\u010di\u0173 spalv\u0173 pasirinkimas.<\/p>\n","protected":false},"excerpt":{"rendered":"<p>Ry\u0161ki\u0173 spalv\u0173 ir visi\u0161kai atspar\u016bs blukimui aliejiniai spalvoti pie\u0161tukai \u201eDerwent Lightfast\u201c. Naujausi\u0173 technologij\u0173 pagrindu pagaminta \u0161erdel\u0117 yra atspari blukimui ir u\u017etikrina, kad meno k\u016briniai muziejaus s\u0105lygomis nei\u0161bluks iki 100 met\u0173. Lygi aliejin\u0117 \u0161erdel\u0117 sukuria turtingas ir gyvybingas spalvas, kurias galima mai\u0161yti tarpusavyje ir sukurti \u012f tapyt\u0105 paveiksl\u0105 pana\u0161ius efektus, o kietas galiukas idealiai tinka detaliems pie\u0161iniams. Aliejaus pagrindu pagaminta \u0161erdel\u0117 suteikia nuostabias mai\u0161ymo ir sluoksniavimo galimybes. Kaip ir aliejinius da\u017eus, galima mai\u0161yti ir skiesti tirpiklio pagrindu pagaminta priemone; su aliejin\u0117mis terp\u0117mis mai\u0161omas pie\u0161tukas turi aliejiniams da\u017eams b\u016bding\u0173 savybi\u0173. &#8211; Visi\u0161kai atsparus blukimui, visos spalvos yra profesionalios kokyb\u0117s ir atitinka ASTM D6901 ir blukimo skal\u0119 \u201eBlue Wool Scale\u201c ISO 105. &#8211; Naujausi\u0173 technologij\u0173 pagrindu pagaminta aliejin\u0117 \u0161erdel\u0117 sukuria sodrias ir gyvas spalvas. &#8211; Spalvas galima mai\u0161yti tarpusavyje ir sukurti \u012f tapyt\u0105 paveiksl\u0105 pana\u0161ius efektus. &#8211; Kietas galiukas idealiai tinka detaliems pie\u0161iniams ir sluoksniavimui. &#8211; Didelis puikiai dengian\u010di\u0173 spalv\u0173 pasirinkimas.<\/p>\n","protected":false},"featured_media":353292,"comment_status":"closed","ping_status":"closed","template":"","meta":{"_acf_changed":false,"ep_exclude_from_search":false},"product_cat":[20361],"product_tag":[],"class_list":{"0":"post-340976","1":"product","2":"type-product","3":"status-publish","4":"has-post-thumbnail","6":"product_cat-maaramata","8":"first","9":"instock","10":"taxable","11":"shipping-taxable","12":"product-type-simple"},"acf":[],"yoast_head":"<!-- This site is optimized with the Yoast SEO plugin v24.1 - https:\/\/yoast.com\/wordpress\/plugins\/seo\/ -->\n<title>Spalvotas pie\u0161tukas Derwent Lightfast medin\u0117 d\u0117\u017eut\u0117 &#8211; Skizze<\/title>\n<meta name=\"robots\" content=\"noindex, follow, max-snippet:-1, max-image-preview:large, max-video-preview:-1\" \/>\n<meta property=\"og:locale\" content=\"lt_LT\" \/>\n<meta property=\"og:type\" content=\"article\" \/>\n<meta property=\"og:title\" content=\"Spalvotas pie\u0161tukas Derwent Lightfast medin\u0117 d\u0117\u017eut\u0117 &#8211; Skizze\" \/>\n<meta property=\"og:description\" content=\"Ry\u0161ki\u0173 spalv\u0173 ir visi\u0161kai atspar\u016bs blukimui aliejiniai spalvoti pie\u0161tukai \u201eDerwent Lightfast\u201c. Naujausi\u0173 technologij\u0173 pagrindu pagaminta \u0161erdel\u0117 yra atspari blukimui ir u\u017etikrina, kad meno k\u016briniai muziejaus s\u0105lygomis nei\u0161bluks iki 100 met\u0173. Lygi aliejin\u0117 \u0161erdel\u0117 sukuria turtingas ir gyvybingas spalvas, kurias galima mai\u0161yti tarpusavyje ir sukurti \u012f tapyt\u0105 paveiksl\u0105 pana\u0161ius efektus, o kietas galiukas idealiai tinka detaliems pie\u0161iniams. Aliejaus pagrindu pagaminta \u0161erdel\u0117 suteikia nuostabias mai\u0161ymo ir sluoksniavimo galimybes. Kaip ir aliejinius da\u017eus, galima mai\u0161yti ir skiesti tirpiklio pagrindu pagaminta priemone; su aliejin\u0117mis terp\u0117mis mai\u0161omas pie\u0161tukas turi aliejiniams da\u017eams b\u016bding\u0173 savybi\u0173. &#8211; Visi\u0161kai atsparus blukimui, visos spalvos yra profesionalios kokyb\u0117s ir atitinka ASTM D6901 ir blukimo skal\u0119 \u201eBlue Wool Scale\u201c ISO 105. &#8211; Naujausi\u0173 technologij\u0173 pagrindu pagaminta aliejin\u0117 \u0161erdel\u0117 sukuria sodrias ir gyvas spalvas. &#8211; Spalvas galima mai\u0161yti tarpusavyje ir sukurti \u012f tapyt\u0105 paveiksl\u0105 pana\u0161ius efektus. &#8211; Kietas galiukas idealiai tinka detaliems pie\u0161iniams ir sluoksniavimui. &#8211; Didelis puikiai dengian\u010di\u0173 spalv\u0173 pasirinkimas.\" \/>\n<meta property=\"og:url\" content=\"https:\/\/hobstop.ee\/lt\/produktas\/spalvotas-piestukas-derwent-lightfast-medine-dezute\/\" \/>\n<meta property=\"og:site_name\" content=\"Skizze\" \/>\n<meta property=\"article:publisher\" content=\"http:\/\/www.facebook.com\/VunderSkizze\" \/>\n<meta property=\"article:modified_time\" content=\"2021-08-06T12:13:53+00:00\" \/>\n<meta property=\"og:image\" content=\"https:\/\/hobstop.ee\/media\/5063.JPG\" \/>\n\t<meta property=\"og:image:width\" content=\"1024\" \/>\n\t<meta property=\"og:image:height\" content=\"768\" \/>\n\t<meta property=\"og:image:type\" content=\"image\/jpeg\" \/>\n<meta name=\"twitter:card\" content=\"summary_large_image\" \/>\n<meta name=\"twitter:label1\" content=\"Est. reading time\" \/>\n\t<meta name=\"twitter:data1\" content=\"1 minute\" \/>\n<script type=\"application\/ld+json\" class=\"yoast-schema-graph\">{\"@context\":\"https:\/\/schema.org\",\"@graph\":[{\"@type\":\"WebPage\",\"@id\":\"https:\/\/hobstop.ee\/lt\/produktas\/spalvotas-piestukas-derwent-lightfast-medine-dezute\/\",\"url\":\"https:\/\/hobstop.ee\/lt\/produktas\/spalvotas-piestukas-derwent-lightfast-medine-dezute\/\",\"name\":\"Spalvotas pie\u0161tukas Derwent Lightfast medin\u0117 d\u0117\u017eut\u0117 &#8211; Skizze\",\"isPartOf\":{\"@id\":\"https:\/\/hobstop.ee\/lt\/#website\"},\"primaryImageOfPage\":{\"@id\":\"https:\/\/hobstop.ee\/lt\/produktas\/spalvotas-piestukas-derwent-lightfast-medine-dezute\/#primaryimage\"},\"image\":{\"@id\":\"https:\/\/hobstop.ee\/lt\/produktas\/spalvotas-piestukas-derwent-lightfast-medine-dezute\/#primaryimage\"},\"thumbnailUrl\":\"https:\/\/hobstop.ee\/media\/5063.JPG\",\"datePublished\":\"2020-04-01T11:59:01+00:00\",\"dateModified\":\"2021-08-06T12:13:53+00:00\",\"breadcrumb\":{\"@id\":\"https:\/\/hobstop.ee\/lt\/produktas\/spalvotas-piestukas-derwent-lightfast-medine-dezute\/#breadcrumb\"},\"inLanguage\":\"lt\",\"potentialAction\":[{\"@type\":\"ReadAction\",\"target\":[\"https:\/\/hobstop.ee\/lt\/produktas\/spalvotas-piestukas-derwent-lightfast-medine-dezute\/\"]}]},{\"@type\":\"ImageObject\",\"inLanguage\":\"lt\",\"@id\":\"https:\/\/hobstop.ee\/lt\/produktas\/spalvotas-piestukas-derwent-lightfast-medine-dezute\/#primaryimage\",\"url\":\"https:\/\/hobstop.ee\/media\/5063.JPG\",\"contentUrl\":\"https:\/\/hobstop.ee\/media\/5063.JPG\",\"width\":1024,\"height\":768},{\"@type\":\"BreadcrumbList\",\"@id\":\"https:\/\/hobstop.ee\/lt\/produktas\/spalvotas-piestukas-derwent-lightfast-medine-dezute\/#breadcrumb\",\"itemListElement\":[{\"@type\":\"ListItem\",\"position\":1,\"name\":\"Avaleht\",\"item\":\"https:\/\/hobstop.ee\/lt\/\"},{\"@type\":\"ListItem\",\"position\":2,\"name\":\"Parduotuv\u0117\",\"item\":\"https:\/\/hobstop.ee\/lt\/parduotuve\/\"},{\"@type\":\"ListItem\",\"position\":3,\"name\":\"Spalvotas pie\u0161tukas Derwent Lightfast medin\u0117 d\u0117\u017eut\u0117\"}]},{\"@type\":\"WebSite\",\"@id\":\"https:\/\/hobstop.ee\/lt\/#website\",\"url\":\"https:\/\/hobstop.ee\/lt\/\",\"name\":\"Skizze\",\"description\":\"Dail\u0117s, pom\u0117gi\u0173 ir mokykliniai reikm\u0117nys\",\"publisher\":{\"@id\":\"https:\/\/hobstop.ee\/lt\/#organization\"},\"potentialAction\":[{\"@type\":\"SearchAction\",\"target\":{\"@type\":\"EntryPoint\",\"urlTemplate\":\"https:\/\/hobstop.ee\/lt\/?s={search_term_string}\"},\"query-input\":{\"@type\":\"PropertyValueSpecification\",\"valueRequired\":true,\"valueName\":\"search_term_string\"}}],\"inLanguage\":\"lt\"},{\"@type\":\"Organization\",\"@id\":\"https:\/\/hobstop.ee\/lt\/#organization\",\"name\":\"Vunder AS\",\"url\":\"https:\/\/hobstop.ee\/lt\/\",\"logo\":{\"@type\":\"ImageObject\",\"inLanguage\":\"lt\",\"@id\":\"https:\/\/hobstop.ee\/lt\/#\/schema\/logo\/image\/\",\"url\":\"https:\/\/hobstop.ee\/media\/vunder-logo.png\",\"contentUrl\":\"https:\/\/hobstop.ee\/media\/vunder-logo.png\",\"width\":127,\"height\":55,\"caption\":\"Vunder AS\"},\"image\":{\"@id\":\"https:\/\/hobstop.ee\/lt\/#\/schema\/logo\/image\/\"},\"sameAs\":[\"http:\/\/www.facebook.com\/VunderSkizze\"]}]}<\/script>\n<!-- \/ Yoast SEO plugin. -->","yoast_head_json":{"title":"Spalvotas pie\u0161tukas Derwent Lightfast medin\u0117 d\u0117\u017eut\u0117 &#8211; Skizze","robots":{"index":"noindex","follow":"follow","max-snippet":"max-snippet:-1","max-image-preview":"max-image-preview:large","max-video-preview":"max-video-preview:-1"},"og_locale":"lt_LT","og_type":"article","og_title":"Spalvotas pie\u0161tukas Derwent Lightfast medin\u0117 d\u0117\u017eut\u0117 &#8211; Skizze","og_description":"Ry\u0161ki\u0173 spalv\u0173 ir visi\u0161kai atspar\u016bs blukimui aliejiniai spalvoti pie\u0161tukai \u201eDerwent Lightfast\u201c. Naujausi\u0173 technologij\u0173 pagrindu pagaminta \u0161erdel\u0117 yra atspari blukimui ir u\u017etikrina, kad meno k\u016briniai muziejaus s\u0105lygomis nei\u0161bluks iki 100 met\u0173. Lygi aliejin\u0117 \u0161erdel\u0117 sukuria turtingas ir gyvybingas spalvas, kurias galima mai\u0161yti tarpusavyje ir sukurti \u012f tapyt\u0105 paveiksl\u0105 pana\u0161ius efektus, o kietas galiukas idealiai tinka detaliems pie\u0161iniams. Aliejaus pagrindu pagaminta \u0161erdel\u0117 suteikia nuostabias mai\u0161ymo ir sluoksniavimo galimybes. Kaip ir aliejinius da\u017eus, galima mai\u0161yti ir skiesti tirpiklio pagrindu pagaminta priemone; su aliejin\u0117mis terp\u0117mis mai\u0161omas pie\u0161tukas turi aliejiniams da\u017eams b\u016bding\u0173 savybi\u0173. &#8211; Visi\u0161kai atsparus blukimui, visos spalvos yra profesionalios kokyb\u0117s ir atitinka ASTM D6901 ir blukimo skal\u0119 \u201eBlue Wool Scale\u201c ISO 105. &#8211; Naujausi\u0173 technologij\u0173 pagrindu pagaminta aliejin\u0117 \u0161erdel\u0117 sukuria sodrias ir gyvas spalvas. &#8211; Spalvas galima mai\u0161yti tarpusavyje ir sukurti \u012f tapyt\u0105 paveiksl\u0105 pana\u0161ius efektus. &#8211; Kietas galiukas idealiai tinka detaliems pie\u0161iniams ir sluoksniavimui. &#8211; Didelis puikiai dengian\u010di\u0173 spalv\u0173 pasirinkimas.","og_url":"https:\/\/hobstop.ee\/lt\/produktas\/spalvotas-piestukas-derwent-lightfast-medine-dezute\/","og_site_name":"Skizze","article_publisher":"http:\/\/www.facebook.com\/VunderSkizze","article_modified_time":"2021-08-06T12:13:53+00:00","og_image":[{"width":1024,"height":768,"url":"https:\/\/hobstop.ee\/media\/5063.JPG","type":"image\/jpeg"}],"twitter_card":"summary_large_image","twitter_misc":{"Est. reading time":"1 minute"},"schema":{"@context":"https:\/\/schema.org","@graph":[{"@type":"WebPage","@id":"https:\/\/hobstop.ee\/lt\/produktas\/spalvotas-piestukas-derwent-lightfast-medine-dezute\/","url":"https:\/\/hobstop.ee\/lt\/produktas\/spalvotas-piestukas-derwent-lightfast-medine-dezute\/","name":"Spalvotas pie\u0161tukas Derwent Lightfast medin\u0117 d\u0117\u017eut\u0117 &#8211; Skizze","isPartOf":{"@id":"https:\/\/hobstop.ee\/lt\/#website"},"primaryImageOfPage":{"@id":"https:\/\/hobstop.ee\/lt\/produktas\/spalvotas-piestukas-derwent-lightfast-medine-dezute\/#primaryimage"},"image":{"@id":"https:\/\/hobstop.ee\/lt\/produktas\/spalvotas-piestukas-derwent-lightfast-medine-dezute\/#primaryimage"},"thumbnailUrl":"https:\/\/hobstop.ee\/media\/5063.JPG","datePublished":"2020-04-01T11:59:01+00:00","dateModified":"2021-08-06T12:13:53+00:00","breadcrumb":{"@id":"https:\/\/hobstop.ee\/lt\/produktas\/spalvotas-piestukas-derwent-lightfast-medine-dezute\/#breadcrumb"},"inLanguage":"lt","potentialAction":[{"@type":"ReadAction","target":["https:\/\/hobstop.ee\/lt\/produktas\/spalvotas-piestukas-derwent-lightfast-medine-dezute\/"]}]},{"@type":"ImageObject","inLanguage":"lt","@id":"https:\/\/hobstop.ee\/lt\/produktas\/spalvotas-piestukas-derwent-lightfast-medine-dezute\/#primaryimage","url":"https:\/\/hobstop.ee\/media\/5063.JPG","contentUrl":"https:\/\/hobstop.ee\/media\/5063.JPG","width":1024,"height":768},{"@type":"BreadcrumbList","@id":"https:\/\/hobstop.ee\/lt\/produktas\/spalvotas-piestukas-derwent-lightfast-medine-dezute\/#breadcrumb","itemListElement":[{"@type":"ListItem","position":1,"name":"Avaleht","item":"https:\/\/hobstop.ee\/lt\/"},{"@type":"ListItem","position":2,"name":"Parduotuv\u0117","item":"https:\/\/hobstop.ee\/lt\/parduotuve\/"},{"@type":"ListItem","position":3,"name":"Spalvotas pie\u0161tukas Derwent Lightfast medin\u0117 d\u0117\u017eut\u0117"}]},{"@type":"WebSite","@id":"https:\/\/hobstop.ee\/lt\/#website","url":"https:\/\/hobstop.ee\/lt\/","name":"Skizze","description":"Dail\u0117s, pom\u0117gi\u0173 ir mokykliniai reikm\u0117nys","publisher":{"@id":"https:\/\/hobstop.ee\/lt\/#organization"},"potentialAction":[{"@type":"SearchAction","target":{"@type":"EntryPoint","urlTemplate":"https:\/\/hobstop.ee\/lt\/?s={search_term_string}"},"query-input":{"@type":"PropertyValueSpecification","valueRequired":true,"valueName":"search_term_string"}}],"inLanguage":"lt"},{"@type":"Organization","@id":"https:\/\/hobstop.ee\/lt\/#organization","name":"Vunder AS","url":"https:\/\/hobstop.ee\/lt\/","logo":{"@type":"ImageObject","inLanguage":"lt","@id":"https:\/\/hobstop.ee\/lt\/#\/schema\/logo\/image\/","url":"https:\/\/hobstop.ee\/media\/vunder-logo.png","contentUrl":"https:\/\/hobstop.ee\/media\/vunder-logo.png","width":127,"height":55,"caption":"Vunder AS"},"image":{"@id":"https:\/\/hobstop.ee\/lt\/#\/schema\/logo\/image\/"},"sameAs":["http:\/\/www.facebook.com\/VunderSkizze"]}]}},"_links":{"self":[{"href":"https:\/\/hobstop.ee\/lt\/wp-json\/wp\/v2\/product\/340976","targetHints":{"allow":["GET"]}}],"collection":[{"href":"https:\/\/hobstop.ee\/lt\/wp-json\/wp\/v2\/product"}],"about":[{"href":"https:\/\/hobstop.ee\/lt\/wp-json\/wp\/v2\/types\/product"}],"replies":[{"embeddable":true,"href":"https:\/\/hobstop.ee\/lt\/wp-json\/wp\/v2\/comments?post=340976"}],"wp:featuredmedia":[{"embeddable":true,"href":"https:\/\/hobstop.ee\/lt\/wp-json\/wp\/v2\/media\/353292"}],"wp:attachment":[{"href":"https:\/\/hobstop.ee\/lt\/wp-json\/wp\/v2\/media?parent=340976"}],"wp:term":[{"taxonomy":"product_cat","embeddable":true,"href":"https:\/\/hobstop.ee\/lt\/wp-json\/wp\/v2\/product_cat?post=340976"},{"taxonomy":"product_tag","embeddable":true,"href":"https:\/\/hobstop.ee\/lt\/wp-json\/wp\/v2\/product_tag?post=340976"}],"curies":[{"name":"wp","href":"https:\/\/api.w.org\/{rel}","templated":true}]}}