{"id":340980,"date":"2020-04-01T15:01:38","date_gmt":"2020-04-01T12:01:43","guid":{"rendered":"https:\/\/sharks.ee\/vunder_2019\/product\/zymeklis-derwent-paint-pen\/"},"modified":"2021-08-06T15:14:29","modified_gmt":"2021-08-06T12:14:29","slug":"zymeklis-derwent-paint-pen","status":"publish","type":"product","link":"https:\/\/hobstop.ee\/lt\/produktas\/zymeklis-derwent-paint-pen\/","title":{"rendered":"\u017dymeklis Derwent Paint Pen"},"content":{"rendered":"<p>Itin atspar\u016bs blukimui matini\u0173 spalv\u0173 teptukiniai flomasteriai \u201eDerwent Paint Pens\u201c. Auk\u0161tos kokyb\u0117s 0,5 flomasteriai su taip vadinamu japoni\u0161ku galiuku yra labai patvar\u016bs ir leid\u017eia pasiekti unikalius spalv\u0173 efektus \u2013 nuo plon\u0173 linij\u0173 ir pla\u010di\u0173 sluoksni\u0173 iki \u012fdomi\u0173 pursl\u0173.<\/p>\n<p>&#8211; Flomasteriais pasieksite unikalius spalvinius efektus \u2013 nuo plon\u0173 linij\u0173 ir pla\u010di\u0173 sluoksni\u0173 iki \u012fdomi\u0173 pursl\u0173.<br \/>\n&#8211; Ry\u0161kios matin\u0117s spalvos, kurias galima sluoksniuoti ir mai\u0161yti tarpusavyje.<br \/>\n&#8211; Vandenyje tirpi sud\u0117tis \u2013 teptuku sukurkite \u012fkvepian\u010dius skaidrius pot\u0117pius. I\u0161d\u017ei\u016bv\u0119 da\u017eai u\u017esifiksuoja.<br \/>\n&#8211; Tinka naudoti ant audinio, stiklo ir med\u017eio, suteikia neribotas eskiz\u0173 ir spalvinimo galimybes \u012fvairiausiems projektams.<br \/>\n&#8211; Visos spalvos yra neblunkan\u010dios.<\/p>\n","protected":false},"excerpt":{"rendered":"<p>Itin atspar\u016bs blukimui matini\u0173 spalv\u0173 teptukiniai flomasteriai \u201eDerwent Paint Pens\u201c. Auk\u0161tos kokyb\u0117s 0,5 flomasteriai su taip vadinamu japoni\u0161ku galiuku yra labai patvar\u016bs ir leid\u017eia pasiekti unikalius spalv\u0173 efektus \u2013 nuo plon\u0173 linij\u0173 ir pla\u010di\u0173 sluoksni\u0173 iki \u012fdomi\u0173 pursl\u0173. &#8211; Flomasteriais pasieksite unikalius spalvinius efektus \u2013 nuo plon\u0173 linij\u0173 ir pla\u010di\u0173 sluoksni\u0173 iki \u012fdomi\u0173 pursl\u0173. &#8211; Ry\u0161kios matin\u0117s spalvos, kurias galima sluoksniuoti ir mai\u0161yti tarpusavyje. &#8211; Vandenyje tirpi sud\u0117tis \u2013 teptuku sukurkite \u012fkvepian\u010dius skaidrius pot\u0117pius. I\u0161d\u017ei\u016bv\u0119 da\u017eai u\u017esifiksuoja. &#8211; Tinka naudoti ant audinio, stiklo ir med\u017eio, suteikia neribotas eskiz\u0173 ir spalvinimo galimybes \u012fvairiausiems projektams. &#8211; Visos spalvos yra neblunkan\u010dios.<\/p>\n","protected":false},"featured_media":353280,"comment_status":"closed","ping_status":"closed","template":"","meta":{"_acf_changed":false,"ep_exclude_from_search":false},"product_cat":[20361],"product_tag":[],"class_list":{"0":"post-340980","1":"product","2":"type-product","3":"status-publish","4":"has-post-thumbnail","6":"product_cat-maaramata","8":"first","9":"instock","10":"taxable","11":"shipping-taxable","12":"product-type-simple"},"acf":[],"yoast_head":"<!-- This site is optimized with the Yoast SEO plugin v24.1 - https:\/\/yoast.com\/wordpress\/plugins\/seo\/ -->\n<title>\u017dymeklis Derwent Paint Pen &#8211; Skizze<\/title>\n<meta name=\"robots\" content=\"noindex, follow, max-snippet:-1, max-image-preview:large, max-video-preview:-1\" \/>\n<meta property=\"og:locale\" content=\"lt_LT\" \/>\n<meta property=\"og:type\" content=\"article\" \/>\n<meta property=\"og:title\" content=\"\u017dymeklis Derwent Paint Pen &#8211; Skizze\" \/>\n<meta property=\"og:description\" content=\"Itin atspar\u016bs blukimui matini\u0173 spalv\u0173 teptukiniai flomasteriai \u201eDerwent Paint Pens\u201c. Auk\u0161tos kokyb\u0117s 0,5 flomasteriai su taip vadinamu japoni\u0161ku galiuku yra labai patvar\u016bs ir leid\u017eia pasiekti unikalius spalv\u0173 efektus \u2013 nuo plon\u0173 linij\u0173 ir pla\u010di\u0173 sluoksni\u0173 iki \u012fdomi\u0173 pursl\u0173. &#8211; Flomasteriais pasieksite unikalius spalvinius efektus \u2013 nuo plon\u0173 linij\u0173 ir pla\u010di\u0173 sluoksni\u0173 iki \u012fdomi\u0173 pursl\u0173. &#8211; Ry\u0161kios matin\u0117s spalvos, kurias galima sluoksniuoti ir mai\u0161yti tarpusavyje. &#8211; Vandenyje tirpi sud\u0117tis \u2013 teptuku sukurkite \u012fkvepian\u010dius skaidrius pot\u0117pius. I\u0161d\u017ei\u016bv\u0119 da\u017eai u\u017esifiksuoja. &#8211; Tinka naudoti ant audinio, stiklo ir med\u017eio, suteikia neribotas eskiz\u0173 ir spalvinimo galimybes \u012fvairiausiems projektams. &#8211; Visos spalvos yra neblunkan\u010dios.\" \/>\n<meta property=\"og:url\" content=\"https:\/\/hobstop.ee\/lt\/produktas\/zymeklis-derwent-paint-pen\/\" \/>\n<meta property=\"og:site_name\" content=\"Skizze\" \/>\n<meta property=\"article:publisher\" content=\"http:\/\/www.facebook.com\/VunderSkizze\" \/>\n<meta property=\"article:modified_time\" content=\"2021-08-06T12:14:29+00:00\" \/>\n<meta property=\"og:image\" content=\"https:\/\/hobstop.ee\/media\/5064.JPG\" \/>\n\t<meta property=\"og:image:width\" content=\"1024\" \/>\n\t<meta property=\"og:image:height\" content=\"768\" \/>\n\t<meta property=\"og:image:type\" content=\"image\/jpeg\" \/>\n<meta name=\"twitter:card\" content=\"summary_large_image\" \/>\n<meta name=\"twitter:label1\" content=\"Est. reading time\" \/>\n\t<meta name=\"twitter:data1\" content=\"1 minute\" \/>\n<script type=\"application\/ld+json\" class=\"yoast-schema-graph\">{\"@context\":\"https:\/\/schema.org\",\"@graph\":[{\"@type\":\"WebPage\",\"@id\":\"https:\/\/hobstop.ee\/lt\/produktas\/zymeklis-derwent-paint-pen\/\",\"url\":\"https:\/\/hobstop.ee\/lt\/produktas\/zymeklis-derwent-paint-pen\/\",\"name\":\"\u017dymeklis Derwent Paint Pen &#8211; Skizze\",\"isPartOf\":{\"@id\":\"https:\/\/hobstop.ee\/lt\/#website\"},\"primaryImageOfPage\":{\"@id\":\"https:\/\/hobstop.ee\/lt\/produktas\/zymeklis-derwent-paint-pen\/#primaryimage\"},\"image\":{\"@id\":\"https:\/\/hobstop.ee\/lt\/produktas\/zymeklis-derwent-paint-pen\/#primaryimage\"},\"thumbnailUrl\":\"https:\/\/hobstop.ee\/media\/5064.JPG\",\"datePublished\":\"2020-04-01T12:01:43+00:00\",\"dateModified\":\"2021-08-06T12:14:29+00:00\",\"breadcrumb\":{\"@id\":\"https:\/\/hobstop.ee\/lt\/produktas\/zymeklis-derwent-paint-pen\/#breadcrumb\"},\"inLanguage\":\"lt\",\"potentialAction\":[{\"@type\":\"ReadAction\",\"target\":[\"https:\/\/hobstop.ee\/lt\/produktas\/zymeklis-derwent-paint-pen\/\"]}]},{\"@type\":\"ImageObject\",\"inLanguage\":\"lt\",\"@id\":\"https:\/\/hobstop.ee\/lt\/produktas\/zymeklis-derwent-paint-pen\/#primaryimage\",\"url\":\"https:\/\/hobstop.ee\/media\/5064.JPG\",\"contentUrl\":\"https:\/\/hobstop.ee\/media\/5064.JPG\",\"width\":1024,\"height\":768},{\"@type\":\"BreadcrumbList\",\"@id\":\"https:\/\/hobstop.ee\/lt\/produktas\/zymeklis-derwent-paint-pen\/#breadcrumb\",\"itemListElement\":[{\"@type\":\"ListItem\",\"position\":1,\"name\":\"Avaleht\",\"item\":\"https:\/\/hobstop.ee\/lt\/\"},{\"@type\":\"ListItem\",\"position\":2,\"name\":\"Parduotuv\u0117\",\"item\":\"https:\/\/hobstop.ee\/lt\/parduotuve\/\"},{\"@type\":\"ListItem\",\"position\":3,\"name\":\"\u017dymeklis Derwent Paint Pen\"}]},{\"@type\":\"WebSite\",\"@id\":\"https:\/\/hobstop.ee\/lt\/#website\",\"url\":\"https:\/\/hobstop.ee\/lt\/\",\"name\":\"Skizze\",\"description\":\"Dail\u0117s, pom\u0117gi\u0173 ir mokykliniai reikm\u0117nys\",\"publisher\":{\"@id\":\"https:\/\/hobstop.ee\/lt\/#organization\"},\"potentialAction\":[{\"@type\":\"SearchAction\",\"target\":{\"@type\":\"EntryPoint\",\"urlTemplate\":\"https:\/\/hobstop.ee\/lt\/?s={search_term_string}\"},\"query-input\":{\"@type\":\"PropertyValueSpecification\",\"valueRequired\":true,\"valueName\":\"search_term_string\"}}],\"inLanguage\":\"lt\"},{\"@type\":\"Organization\",\"@id\":\"https:\/\/hobstop.ee\/lt\/#organization\",\"name\":\"Vunder AS\",\"url\":\"https:\/\/hobstop.ee\/lt\/\",\"logo\":{\"@type\":\"ImageObject\",\"inLanguage\":\"lt\",\"@id\":\"https:\/\/hobstop.ee\/lt\/#\/schema\/logo\/image\/\",\"url\":\"https:\/\/hobstop.ee\/media\/vunder-logo.png\",\"contentUrl\":\"https:\/\/hobstop.ee\/media\/vunder-logo.png\",\"width\":127,\"height\":55,\"caption\":\"Vunder AS\"},\"image\":{\"@id\":\"https:\/\/hobstop.ee\/lt\/#\/schema\/logo\/image\/\"},\"sameAs\":[\"http:\/\/www.facebook.com\/VunderSkizze\"]}]}<\/script>\n<!-- \/ Yoast SEO plugin. -->","yoast_head_json":{"title":"\u017dymeklis Derwent Paint Pen &#8211; Skizze","robots":{"index":"noindex","follow":"follow","max-snippet":"max-snippet:-1","max-image-preview":"max-image-preview:large","max-video-preview":"max-video-preview:-1"},"og_locale":"lt_LT","og_type":"article","og_title":"\u017dymeklis Derwent Paint Pen &#8211; Skizze","og_description":"Itin atspar\u016bs blukimui matini\u0173 spalv\u0173 teptukiniai flomasteriai \u201eDerwent Paint Pens\u201c. Auk\u0161tos kokyb\u0117s 0,5 flomasteriai su taip vadinamu japoni\u0161ku galiuku yra labai patvar\u016bs ir leid\u017eia pasiekti unikalius spalv\u0173 efektus \u2013 nuo plon\u0173 linij\u0173 ir pla\u010di\u0173 sluoksni\u0173 iki \u012fdomi\u0173 pursl\u0173. &#8211; Flomasteriais pasieksite unikalius spalvinius efektus \u2013 nuo plon\u0173 linij\u0173 ir pla\u010di\u0173 sluoksni\u0173 iki \u012fdomi\u0173 pursl\u0173. &#8211; Ry\u0161kios matin\u0117s spalvos, kurias galima sluoksniuoti ir mai\u0161yti tarpusavyje. &#8211; Vandenyje tirpi sud\u0117tis \u2013 teptuku sukurkite \u012fkvepian\u010dius skaidrius pot\u0117pius. I\u0161d\u017ei\u016bv\u0119 da\u017eai u\u017esifiksuoja. &#8211; Tinka naudoti ant audinio, stiklo ir med\u017eio, suteikia neribotas eskiz\u0173 ir spalvinimo galimybes \u012fvairiausiems projektams. &#8211; Visos spalvos yra neblunkan\u010dios.","og_url":"https:\/\/hobstop.ee\/lt\/produktas\/zymeklis-derwent-paint-pen\/","og_site_name":"Skizze","article_publisher":"http:\/\/www.facebook.com\/VunderSkizze","article_modified_time":"2021-08-06T12:14:29+00:00","og_image":[{"width":1024,"height":768,"url":"https:\/\/hobstop.ee\/media\/5064.JPG","type":"image\/jpeg"}],"twitter_card":"summary_large_image","twitter_misc":{"Est. reading time":"1 minute"},"schema":{"@context":"https:\/\/schema.org","@graph":[{"@type":"WebPage","@id":"https:\/\/hobstop.ee\/lt\/produktas\/zymeklis-derwent-paint-pen\/","url":"https:\/\/hobstop.ee\/lt\/produktas\/zymeklis-derwent-paint-pen\/","name":"\u017dymeklis Derwent Paint Pen &#8211; Skizze","isPartOf":{"@id":"https:\/\/hobstop.ee\/lt\/#website"},"primaryImageOfPage":{"@id":"https:\/\/hobstop.ee\/lt\/produktas\/zymeklis-derwent-paint-pen\/#primaryimage"},"image":{"@id":"https:\/\/hobstop.ee\/lt\/produktas\/zymeklis-derwent-paint-pen\/#primaryimage"},"thumbnailUrl":"https:\/\/hobstop.ee\/media\/5064.JPG","datePublished":"2020-04-01T12:01:43+00:00","dateModified":"2021-08-06T12:14:29+00:00","breadcrumb":{"@id":"https:\/\/hobstop.ee\/lt\/produktas\/zymeklis-derwent-paint-pen\/#breadcrumb"},"inLanguage":"lt","potentialAction":[{"@type":"ReadAction","target":["https:\/\/hobstop.ee\/lt\/produktas\/zymeklis-derwent-paint-pen\/"]}]},{"@type":"ImageObject","inLanguage":"lt","@id":"https:\/\/hobstop.ee\/lt\/produktas\/zymeklis-derwent-paint-pen\/#primaryimage","url":"https:\/\/hobstop.ee\/media\/5064.JPG","contentUrl":"https:\/\/hobstop.ee\/media\/5064.JPG","width":1024,"height":768},{"@type":"BreadcrumbList","@id":"https:\/\/hobstop.ee\/lt\/produktas\/zymeklis-derwent-paint-pen\/#breadcrumb","itemListElement":[{"@type":"ListItem","position":1,"name":"Avaleht","item":"https:\/\/hobstop.ee\/lt\/"},{"@type":"ListItem","position":2,"name":"Parduotuv\u0117","item":"https:\/\/hobstop.ee\/lt\/parduotuve\/"},{"@type":"ListItem","position":3,"name":"\u017dymeklis Derwent Paint Pen"}]},{"@type":"WebSite","@id":"https:\/\/hobstop.ee\/lt\/#website","url":"https:\/\/hobstop.ee\/lt\/","name":"Skizze","description":"Dail\u0117s, pom\u0117gi\u0173 ir mokykliniai reikm\u0117nys","publisher":{"@id":"https:\/\/hobstop.ee\/lt\/#organization"},"potentialAction":[{"@type":"SearchAction","target":{"@type":"EntryPoint","urlTemplate":"https:\/\/hobstop.ee\/lt\/?s={search_term_string}"},"query-input":{"@type":"PropertyValueSpecification","valueRequired":true,"valueName":"search_term_string"}}],"inLanguage":"lt"},{"@type":"Organization","@id":"https:\/\/hobstop.ee\/lt\/#organization","name":"Vunder AS","url":"https:\/\/hobstop.ee\/lt\/","logo":{"@type":"ImageObject","inLanguage":"lt","@id":"https:\/\/hobstop.ee\/lt\/#\/schema\/logo\/image\/","url":"https:\/\/hobstop.ee\/media\/vunder-logo.png","contentUrl":"https:\/\/hobstop.ee\/media\/vunder-logo.png","width":127,"height":55,"caption":"Vunder AS"},"image":{"@id":"https:\/\/hobstop.ee\/lt\/#\/schema\/logo\/image\/"},"sameAs":["http:\/\/www.facebook.com\/VunderSkizze"]}]}},"_links":{"self":[{"href":"https:\/\/hobstop.ee\/lt\/wp-json\/wp\/v2\/product\/340980","targetHints":{"allow":["GET"]}}],"collection":[{"href":"https:\/\/hobstop.ee\/lt\/wp-json\/wp\/v2\/product"}],"about":[{"href":"https:\/\/hobstop.ee\/lt\/wp-json\/wp\/v2\/types\/product"}],"replies":[{"embeddable":true,"href":"https:\/\/hobstop.ee\/lt\/wp-json\/wp\/v2\/comments?post=340980"}],"wp:featuredmedia":[{"embeddable":true,"href":"https:\/\/hobstop.ee\/lt\/wp-json\/wp\/v2\/media\/353280"}],"wp:attachment":[{"href":"https:\/\/hobstop.ee\/lt\/wp-json\/wp\/v2\/media?parent=340980"}],"wp:term":[{"taxonomy":"product_cat","embeddable":true,"href":"https:\/\/hobstop.ee\/lt\/wp-json\/wp\/v2\/product_cat?post=340980"},{"taxonomy":"product_tag","embeddable":true,"href":"https:\/\/hobstop.ee\/lt\/wp-json\/wp\/v2\/product_tag?post=340980"}],"curies":[{"name":"wp","href":"https:\/\/api.w.org\/{rel}","templated":true}]}}