{"id":341004,"date":"2020-04-01T15:02:26","date_gmt":"2020-04-01T12:02:32","guid":{"rendered":"https:\/\/sharks.ee\/vunder_2019\/product\/akrilinis-gruntas-pastelei-sennelier\/"},"modified":"2020-04-01T15:02:32","modified_gmt":"2020-04-01T12:02:32","slug":"akrilinis-gruntas-pastelei-sennelier","status":"publish","type":"product","link":"https:\/\/hobstop.ee\/lt\/produktas\/akrilinis-gruntas-pastelei-sennelier\/","title":{"rendered":"Akrilinis gruntas pastelei Sennelier"},"content":{"rendered":"<p>Pastel\u0117ms skirtas baltas akrilo gruntas \u201eSennelier\u201c suteikia pavir\u0161iams (drobei, popieriui) tarsi nu\u0161lifuot\u0105, mikropluo\u0161t\u0105 primenan\u010di\u0105 tekst\u016br\u0105, tod\u0117l puikiai tinka pie\u0161ti pastele, anglimi ir kreida. Galima naudoti nat\u016bral\u0173 arba spalvinti mai\u0161ant su akrilo da\u017eais. Skied\u017eiamas vandeniu, greitai d\u017ei\u016bstantis.<\/p>\n","protected":false},"excerpt":{"rendered":"<p>Pastel\u0117ms skirtas baltas akrilo gruntas \u201eSennelier\u201c suteikia pavir\u0161iams (drobei, popieriui) tarsi nu\u0161lifuot\u0105, mikropluo\u0161t\u0105 primenan\u010di\u0105 tekst\u016br\u0105, tod\u0117l puikiai tinka pie\u0161ti pastele, anglimi ir kreida. Galima naudoti nat\u016bral\u0173 arba spalvinti mai\u0161ant su akrilo da\u017eais. Skied\u017eiamas vandeniu, greitai d\u017ei\u016bstantis.<\/p>\n","protected":false},"featured_media":353424,"comment_status":"closed","ping_status":"closed","template":"","meta":{"_acf_changed":false,"ep_exclude_from_search":false},"product_cat":[20361],"product_tag":[],"class_list":{"0":"post-341004","1":"product","2":"type-product","3":"status-publish","4":"has-post-thumbnail","6":"product_cat-maaramata","8":"first","9":"instock","10":"taxable","11":"shipping-taxable","12":"product-type-simple"},"acf":[],"yoast_head":"<!-- This site is optimized with the Yoast SEO plugin v24.1 - https:\/\/yoast.com\/wordpress\/plugins\/seo\/ -->\n<title>Akrilinis gruntas pastelei Sennelier &#8211; Skizze<\/title>\n<meta name=\"robots\" content=\"noindex, follow, max-snippet:-1, max-image-preview:large, max-video-preview:-1\" \/>\n<meta property=\"og:locale\" content=\"lt_LT\" \/>\n<meta property=\"og:type\" content=\"article\" \/>\n<meta property=\"og:title\" content=\"Akrilinis gruntas pastelei Sennelier &#8211; Skizze\" \/>\n<meta property=\"og:description\" content=\"Pastel\u0117ms skirtas baltas akrilo gruntas \u201eSennelier\u201c suteikia pavir\u0161iams (drobei, popieriui) tarsi nu\u0161lifuot\u0105, mikropluo\u0161t\u0105 primenan\u010di\u0105 tekst\u016br\u0105, tod\u0117l puikiai tinka pie\u0161ti pastele, anglimi ir kreida. Galima naudoti nat\u016bral\u0173 arba spalvinti mai\u0161ant su akrilo da\u017eais. Skied\u017eiamas vandeniu, greitai d\u017ei\u016bstantis.\" \/>\n<meta property=\"og:url\" content=\"https:\/\/hobstop.ee\/lt\/produktas\/akrilinis-gruntas-pastelei-sennelier\/\" \/>\n<meta property=\"og:site_name\" content=\"Skizze\" \/>\n<meta property=\"article:publisher\" content=\"http:\/\/www.facebook.com\/VunderSkizze\" \/>\n<meta property=\"og:image\" content=\"https:\/\/hobstop.ee\/media\/5077.jpg\" \/>\n\t<meta property=\"og:image:width\" content=\"1024\" \/>\n\t<meta property=\"og:image:height\" content=\"768\" \/>\n\t<meta property=\"og:image:type\" content=\"image\/jpeg\" \/>\n<meta name=\"twitter:card\" content=\"summary_large_image\" \/>\n<script type=\"application\/ld+json\" class=\"yoast-schema-graph\">{\"@context\":\"https:\/\/schema.org\",\"@graph\":[{\"@type\":\"WebPage\",\"@id\":\"https:\/\/hobstop.ee\/lt\/produktas\/akrilinis-gruntas-pastelei-sennelier\/\",\"url\":\"https:\/\/hobstop.ee\/lt\/produktas\/akrilinis-gruntas-pastelei-sennelier\/\",\"name\":\"Akrilinis gruntas pastelei Sennelier &#8211; Skizze\",\"isPartOf\":{\"@id\":\"https:\/\/www.hobstop.ee\/lt\/#website\"},\"primaryImageOfPage\":{\"@id\":\"https:\/\/hobstop.ee\/lt\/produktas\/akrilinis-gruntas-pastelei-sennelier\/#primaryimage\"},\"image\":{\"@id\":\"https:\/\/hobstop.ee\/lt\/produktas\/akrilinis-gruntas-pastelei-sennelier\/#primaryimage\"},\"thumbnailUrl\":\"https:\/\/hobstop.ee\/media\/5077.jpg\",\"datePublished\":\"2020-04-01T12:02:32+00:00\",\"dateModified\":\"2020-04-01T12:02:32+00:00\",\"breadcrumb\":{\"@id\":\"https:\/\/hobstop.ee\/lt\/produktas\/akrilinis-gruntas-pastelei-sennelier\/#breadcrumb\"},\"inLanguage\":\"lt\",\"potentialAction\":[{\"@type\":\"ReadAction\",\"target\":[\"https:\/\/hobstop.ee\/lt\/produktas\/akrilinis-gruntas-pastelei-sennelier\/\"]}]},{\"@type\":\"ImageObject\",\"inLanguage\":\"lt\",\"@id\":\"https:\/\/hobstop.ee\/lt\/produktas\/akrilinis-gruntas-pastelei-sennelier\/#primaryimage\",\"url\":\"https:\/\/hobstop.ee\/media\/5077.jpg\",\"contentUrl\":\"https:\/\/hobstop.ee\/media\/5077.jpg\",\"width\":1024,\"height\":768},{\"@type\":\"BreadcrumbList\",\"@id\":\"https:\/\/hobstop.ee\/lt\/produktas\/akrilinis-gruntas-pastelei-sennelier\/#breadcrumb\",\"itemListElement\":[{\"@type\":\"ListItem\",\"position\":1,\"name\":\"Avaleht\",\"item\":\"https:\/\/hobstop.ee\/lt\/\"},{\"@type\":\"ListItem\",\"position\":2,\"name\":\"Parduotuv\u0117\",\"item\":\"https:\/\/www.hobstop.ee\/lt\/parduotuve\/\"},{\"@type\":\"ListItem\",\"position\":3,\"name\":\"Akrilinis gruntas pastelei Sennelier\"}]},{\"@type\":\"WebSite\",\"@id\":\"https:\/\/www.hobstop.ee\/lt\/#website\",\"url\":\"https:\/\/www.hobstop.ee\/lt\/\",\"name\":\"Skizze\",\"description\":\"Dail\u0117s, pom\u0117gi\u0173 ir mokykliniai reikm\u0117nys\",\"publisher\":{\"@id\":\"https:\/\/www.hobstop.ee\/lt\/#organization\"},\"potentialAction\":[{\"@type\":\"SearchAction\",\"target\":{\"@type\":\"EntryPoint\",\"urlTemplate\":\"https:\/\/www.hobstop.ee\/lt\/?s={search_term_string}\"},\"query-input\":{\"@type\":\"PropertyValueSpecification\",\"valueRequired\":true,\"valueName\":\"search_term_string\"}}],\"inLanguage\":\"lt\"},{\"@type\":\"Organization\",\"@id\":\"https:\/\/www.hobstop.ee\/lt\/#organization\",\"name\":\"Vunder AS\",\"url\":\"https:\/\/www.hobstop.ee\/lt\/\",\"logo\":{\"@type\":\"ImageObject\",\"inLanguage\":\"lt\",\"@id\":\"https:\/\/www.hobstop.ee\/lt\/#\/schema\/logo\/image\/\",\"url\":\"https:\/\/hobstop.ee\/media\/vunder-logo.png\",\"contentUrl\":\"https:\/\/hobstop.ee\/media\/vunder-logo.png\",\"width\":127,\"height\":55,\"caption\":\"Vunder AS\"},\"image\":{\"@id\":\"https:\/\/www.hobstop.ee\/lt\/#\/schema\/logo\/image\/\"},\"sameAs\":[\"http:\/\/www.facebook.com\/VunderSkizze\"]}]}<\/script>\n<!-- \/ Yoast SEO plugin. -->","yoast_head_json":{"title":"Akrilinis gruntas pastelei Sennelier &#8211; Skizze","robots":{"index":"noindex","follow":"follow","max-snippet":"max-snippet:-1","max-image-preview":"max-image-preview:large","max-video-preview":"max-video-preview:-1"},"og_locale":"lt_LT","og_type":"article","og_title":"Akrilinis gruntas pastelei Sennelier &#8211; Skizze","og_description":"Pastel\u0117ms skirtas baltas akrilo gruntas \u201eSennelier\u201c suteikia pavir\u0161iams (drobei, popieriui) tarsi nu\u0161lifuot\u0105, mikropluo\u0161t\u0105 primenan\u010di\u0105 tekst\u016br\u0105, tod\u0117l puikiai tinka pie\u0161ti pastele, anglimi ir kreida. Galima naudoti nat\u016bral\u0173 arba spalvinti mai\u0161ant su akrilo da\u017eais. Skied\u017eiamas vandeniu, greitai d\u017ei\u016bstantis.","og_url":"https:\/\/hobstop.ee\/lt\/produktas\/akrilinis-gruntas-pastelei-sennelier\/","og_site_name":"Skizze","article_publisher":"http:\/\/www.facebook.com\/VunderSkizze","og_image":[{"width":1024,"height":768,"url":"https:\/\/hobstop.ee\/media\/5077.jpg","type":"image\/jpeg"}],"twitter_card":"summary_large_image","schema":{"@context":"https:\/\/schema.org","@graph":[{"@type":"WebPage","@id":"https:\/\/hobstop.ee\/lt\/produktas\/akrilinis-gruntas-pastelei-sennelier\/","url":"https:\/\/hobstop.ee\/lt\/produktas\/akrilinis-gruntas-pastelei-sennelier\/","name":"Akrilinis gruntas pastelei Sennelier &#8211; Skizze","isPartOf":{"@id":"https:\/\/www.hobstop.ee\/lt\/#website"},"primaryImageOfPage":{"@id":"https:\/\/hobstop.ee\/lt\/produktas\/akrilinis-gruntas-pastelei-sennelier\/#primaryimage"},"image":{"@id":"https:\/\/hobstop.ee\/lt\/produktas\/akrilinis-gruntas-pastelei-sennelier\/#primaryimage"},"thumbnailUrl":"https:\/\/hobstop.ee\/media\/5077.jpg","datePublished":"2020-04-01T12:02:32+00:00","dateModified":"2020-04-01T12:02:32+00:00","breadcrumb":{"@id":"https:\/\/hobstop.ee\/lt\/produktas\/akrilinis-gruntas-pastelei-sennelier\/#breadcrumb"},"inLanguage":"lt","potentialAction":[{"@type":"ReadAction","target":["https:\/\/hobstop.ee\/lt\/produktas\/akrilinis-gruntas-pastelei-sennelier\/"]}]},{"@type":"ImageObject","inLanguage":"lt","@id":"https:\/\/hobstop.ee\/lt\/produktas\/akrilinis-gruntas-pastelei-sennelier\/#primaryimage","url":"https:\/\/hobstop.ee\/media\/5077.jpg","contentUrl":"https:\/\/hobstop.ee\/media\/5077.jpg","width":1024,"height":768},{"@type":"BreadcrumbList","@id":"https:\/\/hobstop.ee\/lt\/produktas\/akrilinis-gruntas-pastelei-sennelier\/#breadcrumb","itemListElement":[{"@type":"ListItem","position":1,"name":"Avaleht","item":"https:\/\/hobstop.ee\/lt\/"},{"@type":"ListItem","position":2,"name":"Parduotuv\u0117","item":"https:\/\/www.hobstop.ee\/lt\/parduotuve\/"},{"@type":"ListItem","position":3,"name":"Akrilinis gruntas pastelei Sennelier"}]},{"@type":"WebSite","@id":"https:\/\/www.hobstop.ee\/lt\/#website","url":"https:\/\/www.hobstop.ee\/lt\/","name":"Skizze","description":"Dail\u0117s, pom\u0117gi\u0173 ir mokykliniai reikm\u0117nys","publisher":{"@id":"https:\/\/www.hobstop.ee\/lt\/#organization"},"potentialAction":[{"@type":"SearchAction","target":{"@type":"EntryPoint","urlTemplate":"https:\/\/www.hobstop.ee\/lt\/?s={search_term_string}"},"query-input":{"@type":"PropertyValueSpecification","valueRequired":true,"valueName":"search_term_string"}}],"inLanguage":"lt"},{"@type":"Organization","@id":"https:\/\/www.hobstop.ee\/lt\/#organization","name":"Vunder AS","url":"https:\/\/www.hobstop.ee\/lt\/","logo":{"@type":"ImageObject","inLanguage":"lt","@id":"https:\/\/www.hobstop.ee\/lt\/#\/schema\/logo\/image\/","url":"https:\/\/hobstop.ee\/media\/vunder-logo.png","contentUrl":"https:\/\/hobstop.ee\/media\/vunder-logo.png","width":127,"height":55,"caption":"Vunder AS"},"image":{"@id":"https:\/\/www.hobstop.ee\/lt\/#\/schema\/logo\/image\/"},"sameAs":["http:\/\/www.facebook.com\/VunderSkizze"]}]}},"_links":{"self":[{"href":"https:\/\/hobstop.ee\/lt\/wp-json\/wp\/v2\/product\/341004","targetHints":{"allow":["GET"]}}],"collection":[{"href":"https:\/\/hobstop.ee\/lt\/wp-json\/wp\/v2\/product"}],"about":[{"href":"https:\/\/hobstop.ee\/lt\/wp-json\/wp\/v2\/types\/product"}],"replies":[{"embeddable":true,"href":"https:\/\/hobstop.ee\/lt\/wp-json\/wp\/v2\/comments?post=341004"}],"wp:featuredmedia":[{"embeddable":true,"href":"https:\/\/hobstop.ee\/lt\/wp-json\/wp\/v2\/media\/353424"}],"wp:attachment":[{"href":"https:\/\/hobstop.ee\/lt\/wp-json\/wp\/v2\/media?parent=341004"}],"wp:term":[{"taxonomy":"product_cat","embeddable":true,"href":"https:\/\/hobstop.ee\/lt\/wp-json\/wp\/v2\/product_cat?post=341004"},{"taxonomy":"product_tag","embeddable":true,"href":"https:\/\/hobstop.ee\/lt\/wp-json\/wp\/v2\/product_tag?post=341004"}],"curies":[{"name":"wp","href":"https:\/\/api.w.org\/{rel}","templated":true}]}}