{"id":341012,"date":"2020-04-01T15:02:43","date_gmt":"2020-04-01T12:02:49","guid":{"rendered":"https:\/\/sharks.ee\/vunder_2019\/product\/teksto-zymeklis-maped-fluo-peps-ultra-soft-transparent\/"},"modified":"2020-04-01T15:02:49","modified_gmt":"2020-04-01T12:02:49","slug":"teksto-zymeklis-maped-fluo-peps-ultra-soft-transparent","status":"publish","type":"product","link":"https:\/\/hobstop.ee\/lt\/produktas\/teksto-zymeklis-maped-fluo-peps-ultra-soft-transparent\/","title":{"rendered":"Teksto \u017eymeklis Maped Fluo Peps Ultra Soft Transparent"},"content":{"rendered":"<p>Fluorescencinio \u017eymeklio \u201eMaped Fluo Peps\u201c spalvos  j\u016bs\u0173 u\u017era\u0161us tiesiog privers i\u0161\u0161okti i\u0161 puslapio. \u201eFluo Peps\u201c u\u017epildytas kokybi\u0161ku, \u0161viesai atspariu ir tolygiai paskirstomu tu\u0161u. Tinka \u012fvairi\u0173 r\u016b\u0161i\u0173 popieriui: paprastam, fotopopieriui, faksiniam popieriui ir pan. Naujovi\u0161kas \u017eymeklis \u201eFluo Peps Ultra Soft\u201c su itin mink\u0161tu galiuku. Nusklembtas galiukas (ra\u0161ymo linija 1\u20135 mm) puikiai prisitaiko prie \u017eymimo teksto, galima \u017eym\u0117ti net ir nelygius pavir\u0161ius.<\/p>\n","protected":false},"excerpt":{"rendered":"<p>Fluorescencinio \u017eymeklio \u201eMaped Fluo Peps\u201c spalvos j\u016bs\u0173 u\u017era\u0161us tiesiog privers i\u0161\u0161okti i\u0161 puslapio. \u201eFluo Peps\u201c u\u017epildytas kokybi\u0161ku, \u0161viesai atspariu ir tolygiai paskirstomu tu\u0161u. Tinka \u012fvairi\u0173 r\u016b\u0161i\u0173 popieriui: paprastam, fotopopieriui, faksiniam popieriui ir pan. Naujovi\u0161kas \u017eymeklis \u201eFluo Peps Ultra Soft\u201c su itin mink\u0161tu galiuku. Nusklembtas galiukas (ra\u0161ymo linija 1\u20135 mm) puikiai prisitaiko prie \u017eymimo teksto, galima \u017eym\u0117ti net ir nelygius pavir\u0161ius.<\/p>\n","protected":false},"featured_media":353468,"comment_status":"closed","ping_status":"closed","template":"","meta":{"_acf_changed":false,"ep_exclude_from_search":false},"product_cat":[20361],"product_tag":[],"class_list":{"0":"post-341012","1":"product","2":"type-product","3":"status-publish","4":"has-post-thumbnail","6":"product_cat-maaramata","8":"first","9":"instock","10":"taxable","11":"shipping-taxable","12":"product-type-simple"},"acf":[],"yoast_head":"<!-- This site is optimized with the Yoast SEO plugin v24.1 - https:\/\/yoast.com\/wordpress\/plugins\/seo\/ -->\n<title>Teksto \u017eymeklis Maped Fluo Peps Ultra Soft Transparent &#8211; Skizze<\/title>\n<meta name=\"robots\" content=\"noindex, follow, max-snippet:-1, max-image-preview:large, max-video-preview:-1\" \/>\n<meta property=\"og:locale\" content=\"lt_LT\" \/>\n<meta property=\"og:type\" content=\"article\" \/>\n<meta property=\"og:title\" content=\"Teksto \u017eymeklis Maped Fluo Peps Ultra Soft Transparent &#8211; Skizze\" \/>\n<meta property=\"og:description\" content=\"Fluorescencinio \u017eymeklio \u201eMaped Fluo Peps\u201c spalvos j\u016bs\u0173 u\u017era\u0161us tiesiog privers i\u0161\u0161okti i\u0161 puslapio. \u201eFluo Peps\u201c u\u017epildytas kokybi\u0161ku, \u0161viesai atspariu ir tolygiai paskirstomu tu\u0161u. Tinka \u012fvairi\u0173 r\u016b\u0161i\u0173 popieriui: paprastam, fotopopieriui, faksiniam popieriui ir pan. Naujovi\u0161kas \u017eymeklis \u201eFluo Peps Ultra Soft\u201c su itin mink\u0161tu galiuku. Nusklembtas galiukas (ra\u0161ymo linija 1\u20135 mm) puikiai prisitaiko prie \u017eymimo teksto, galima \u017eym\u0117ti net ir nelygius pavir\u0161ius.\" \/>\n<meta property=\"og:url\" content=\"https:\/\/hobstop.ee\/lt\/produktas\/teksto-zymeklis-maped-fluo-peps-ultra-soft-transparent\/\" \/>\n<meta property=\"og:site_name\" content=\"Skizze\" \/>\n<meta property=\"article:publisher\" content=\"http:\/\/www.facebook.com\/VunderSkizze\" \/>\n<meta property=\"og:image\" content=\"https:\/\/www.hobstop.ee\/media\/5079.jpg\" \/>\n\t<meta property=\"og:image:width\" content=\"1024\" \/>\n\t<meta property=\"og:image:height\" content=\"768\" \/>\n\t<meta property=\"og:image:type\" content=\"image\/jpeg\" \/>\n<meta name=\"twitter:card\" content=\"summary_large_image\" \/>\n<script type=\"application\/ld+json\" class=\"yoast-schema-graph\">{\"@context\":\"https:\/\/schema.org\",\"@graph\":[{\"@type\":\"WebPage\",\"@id\":\"https:\/\/hobstop.ee\/lt\/produktas\/teksto-zymeklis-maped-fluo-peps-ultra-soft-transparent\/\",\"url\":\"https:\/\/hobstop.ee\/lt\/produktas\/teksto-zymeklis-maped-fluo-peps-ultra-soft-transparent\/\",\"name\":\"Teksto \u017eymeklis Maped Fluo Peps Ultra Soft Transparent &#8211; Skizze\",\"isPartOf\":{\"@id\":\"https:\/\/hobstop.ee\/lt\/#website\"},\"primaryImageOfPage\":{\"@id\":\"https:\/\/hobstop.ee\/lt\/produktas\/teksto-zymeklis-maped-fluo-peps-ultra-soft-transparent\/#primaryimage\"},\"image\":{\"@id\":\"https:\/\/hobstop.ee\/lt\/produktas\/teksto-zymeklis-maped-fluo-peps-ultra-soft-transparent\/#primaryimage\"},\"thumbnailUrl\":\"https:\/\/hobstop.ee\/media\/5079.jpg\",\"datePublished\":\"2020-04-01T12:02:49+00:00\",\"dateModified\":\"2020-04-01T12:02:49+00:00\",\"breadcrumb\":{\"@id\":\"https:\/\/hobstop.ee\/lt\/produktas\/teksto-zymeklis-maped-fluo-peps-ultra-soft-transparent\/#breadcrumb\"},\"inLanguage\":\"lt\",\"potentialAction\":[{\"@type\":\"ReadAction\",\"target\":[\"https:\/\/hobstop.ee\/lt\/produktas\/teksto-zymeklis-maped-fluo-peps-ultra-soft-transparent\/\"]}]},{\"@type\":\"ImageObject\",\"inLanguage\":\"lt\",\"@id\":\"https:\/\/hobstop.ee\/lt\/produktas\/teksto-zymeklis-maped-fluo-peps-ultra-soft-transparent\/#primaryimage\",\"url\":\"https:\/\/hobstop.ee\/media\/5079.jpg\",\"contentUrl\":\"https:\/\/hobstop.ee\/media\/5079.jpg\",\"width\":1024,\"height\":768},{\"@type\":\"BreadcrumbList\",\"@id\":\"https:\/\/hobstop.ee\/lt\/produktas\/teksto-zymeklis-maped-fluo-peps-ultra-soft-transparent\/#breadcrumb\",\"itemListElement\":[{\"@type\":\"ListItem\",\"position\":1,\"name\":\"Avaleht\",\"item\":\"https:\/\/hobstop.ee\/lt\/\"},{\"@type\":\"ListItem\",\"position\":2,\"name\":\"Parduotuv\u0117\",\"item\":\"https:\/\/hobstop.ee\/lt\/parduotuve\/\"},{\"@type\":\"ListItem\",\"position\":3,\"name\":\"Teksto \u017eymeklis Maped Fluo Peps Ultra Soft Transparent\"}]},{\"@type\":\"WebSite\",\"@id\":\"https:\/\/hobstop.ee\/lt\/#website\",\"url\":\"https:\/\/hobstop.ee\/lt\/\",\"name\":\"Skizze\",\"description\":\"Dail\u0117s, pom\u0117gi\u0173 ir mokykliniai reikm\u0117nys\",\"publisher\":{\"@id\":\"https:\/\/hobstop.ee\/lt\/#organization\"},\"potentialAction\":[{\"@type\":\"SearchAction\",\"target\":{\"@type\":\"EntryPoint\",\"urlTemplate\":\"https:\/\/hobstop.ee\/lt\/?s={search_term_string}\"},\"query-input\":{\"@type\":\"PropertyValueSpecification\",\"valueRequired\":true,\"valueName\":\"search_term_string\"}}],\"inLanguage\":\"lt\"},{\"@type\":\"Organization\",\"@id\":\"https:\/\/hobstop.ee\/lt\/#organization\",\"name\":\"Vunder AS\",\"url\":\"https:\/\/hobstop.ee\/lt\/\",\"logo\":{\"@type\":\"ImageObject\",\"inLanguage\":\"lt\",\"@id\":\"https:\/\/hobstop.ee\/lt\/#\/schema\/logo\/image\/\",\"url\":\"https:\/\/hobstop.ee\/media\/vunder-logo.png\",\"contentUrl\":\"https:\/\/hobstop.ee\/media\/vunder-logo.png\",\"width\":127,\"height\":55,\"caption\":\"Vunder AS\"},\"image\":{\"@id\":\"https:\/\/hobstop.ee\/lt\/#\/schema\/logo\/image\/\"},\"sameAs\":[\"http:\/\/www.facebook.com\/VunderSkizze\"]}]}<\/script>\n<!-- \/ Yoast SEO plugin. -->","yoast_head_json":{"title":"Teksto \u017eymeklis Maped Fluo Peps Ultra Soft Transparent &#8211; Skizze","robots":{"index":"noindex","follow":"follow","max-snippet":"max-snippet:-1","max-image-preview":"max-image-preview:large","max-video-preview":"max-video-preview:-1"},"og_locale":"lt_LT","og_type":"article","og_title":"Teksto \u017eymeklis Maped Fluo Peps Ultra Soft Transparent &#8211; Skizze","og_description":"Fluorescencinio \u017eymeklio \u201eMaped Fluo Peps\u201c spalvos j\u016bs\u0173 u\u017era\u0161us tiesiog privers i\u0161\u0161okti i\u0161 puslapio. \u201eFluo Peps\u201c u\u017epildytas kokybi\u0161ku, \u0161viesai atspariu ir tolygiai paskirstomu tu\u0161u. Tinka \u012fvairi\u0173 r\u016b\u0161i\u0173 popieriui: paprastam, fotopopieriui, faksiniam popieriui ir pan. Naujovi\u0161kas \u017eymeklis \u201eFluo Peps Ultra Soft\u201c su itin mink\u0161tu galiuku. Nusklembtas galiukas (ra\u0161ymo linija 1\u20135 mm) puikiai prisitaiko prie \u017eymimo teksto, galima \u017eym\u0117ti net ir nelygius pavir\u0161ius.","og_url":"https:\/\/hobstop.ee\/lt\/produktas\/teksto-zymeklis-maped-fluo-peps-ultra-soft-transparent\/","og_site_name":"Skizze","article_publisher":"http:\/\/www.facebook.com\/VunderSkizze","og_image":[{"width":1024,"height":768,"url":"https:\/\/www.hobstop.ee\/media\/5079.jpg","type":"image\/jpeg"}],"twitter_card":"summary_large_image","schema":{"@context":"https:\/\/schema.org","@graph":[{"@type":"WebPage","@id":"https:\/\/hobstop.ee\/lt\/produktas\/teksto-zymeklis-maped-fluo-peps-ultra-soft-transparent\/","url":"https:\/\/hobstop.ee\/lt\/produktas\/teksto-zymeklis-maped-fluo-peps-ultra-soft-transparent\/","name":"Teksto \u017eymeklis Maped Fluo Peps Ultra Soft Transparent &#8211; Skizze","isPartOf":{"@id":"https:\/\/hobstop.ee\/lt\/#website"},"primaryImageOfPage":{"@id":"https:\/\/hobstop.ee\/lt\/produktas\/teksto-zymeklis-maped-fluo-peps-ultra-soft-transparent\/#primaryimage"},"image":{"@id":"https:\/\/hobstop.ee\/lt\/produktas\/teksto-zymeklis-maped-fluo-peps-ultra-soft-transparent\/#primaryimage"},"thumbnailUrl":"https:\/\/hobstop.ee\/media\/5079.jpg","datePublished":"2020-04-01T12:02:49+00:00","dateModified":"2020-04-01T12:02:49+00:00","breadcrumb":{"@id":"https:\/\/hobstop.ee\/lt\/produktas\/teksto-zymeklis-maped-fluo-peps-ultra-soft-transparent\/#breadcrumb"},"inLanguage":"lt","potentialAction":[{"@type":"ReadAction","target":["https:\/\/hobstop.ee\/lt\/produktas\/teksto-zymeklis-maped-fluo-peps-ultra-soft-transparent\/"]}]},{"@type":"ImageObject","inLanguage":"lt","@id":"https:\/\/hobstop.ee\/lt\/produktas\/teksto-zymeklis-maped-fluo-peps-ultra-soft-transparent\/#primaryimage","url":"https:\/\/hobstop.ee\/media\/5079.jpg","contentUrl":"https:\/\/hobstop.ee\/media\/5079.jpg","width":1024,"height":768},{"@type":"BreadcrumbList","@id":"https:\/\/hobstop.ee\/lt\/produktas\/teksto-zymeklis-maped-fluo-peps-ultra-soft-transparent\/#breadcrumb","itemListElement":[{"@type":"ListItem","position":1,"name":"Avaleht","item":"https:\/\/hobstop.ee\/lt\/"},{"@type":"ListItem","position":2,"name":"Parduotuv\u0117","item":"https:\/\/hobstop.ee\/lt\/parduotuve\/"},{"@type":"ListItem","position":3,"name":"Teksto \u017eymeklis Maped Fluo Peps Ultra Soft Transparent"}]},{"@type":"WebSite","@id":"https:\/\/hobstop.ee\/lt\/#website","url":"https:\/\/hobstop.ee\/lt\/","name":"Skizze","description":"Dail\u0117s, pom\u0117gi\u0173 ir mokykliniai reikm\u0117nys","publisher":{"@id":"https:\/\/hobstop.ee\/lt\/#organization"},"potentialAction":[{"@type":"SearchAction","target":{"@type":"EntryPoint","urlTemplate":"https:\/\/hobstop.ee\/lt\/?s={search_term_string}"},"query-input":{"@type":"PropertyValueSpecification","valueRequired":true,"valueName":"search_term_string"}}],"inLanguage":"lt"},{"@type":"Organization","@id":"https:\/\/hobstop.ee\/lt\/#organization","name":"Vunder AS","url":"https:\/\/hobstop.ee\/lt\/","logo":{"@type":"ImageObject","inLanguage":"lt","@id":"https:\/\/hobstop.ee\/lt\/#\/schema\/logo\/image\/","url":"https:\/\/hobstop.ee\/media\/vunder-logo.png","contentUrl":"https:\/\/hobstop.ee\/media\/vunder-logo.png","width":127,"height":55,"caption":"Vunder AS"},"image":{"@id":"https:\/\/hobstop.ee\/lt\/#\/schema\/logo\/image\/"},"sameAs":["http:\/\/www.facebook.com\/VunderSkizze"]}]}},"_links":{"self":[{"href":"https:\/\/hobstop.ee\/lt\/wp-json\/wp\/v2\/product\/341012","targetHints":{"allow":["GET"]}}],"collection":[{"href":"https:\/\/hobstop.ee\/lt\/wp-json\/wp\/v2\/product"}],"about":[{"href":"https:\/\/hobstop.ee\/lt\/wp-json\/wp\/v2\/types\/product"}],"replies":[{"embeddable":true,"href":"https:\/\/hobstop.ee\/lt\/wp-json\/wp\/v2\/comments?post=341012"}],"wp:featuredmedia":[{"embeddable":true,"href":"https:\/\/hobstop.ee\/lt\/wp-json\/wp\/v2\/media\/353468"}],"wp:attachment":[{"href":"https:\/\/hobstop.ee\/lt\/wp-json\/wp\/v2\/media?parent=341012"}],"wp:term":[{"taxonomy":"product_cat","embeddable":true,"href":"https:\/\/hobstop.ee\/lt\/wp-json\/wp\/v2\/product_cat?post=341012"},{"taxonomy":"product_tag","embeddable":true,"href":"https:\/\/hobstop.ee\/lt\/wp-json\/wp\/v2\/product_tag?post=341012"}],"curies":[{"name":"wp","href":"https:\/\/api.w.org\/{rel}","templated":true}]}}