{"id":341020,"date":"2020-04-01T15:02:59","date_gmt":"2020-04-01T12:03:04","guid":{"rendered":"https:\/\/sharks.ee\/vunder_2019\/product\/flomasteris-maped-colorpeps-duo-stamp\/"},"modified":"2020-04-01T15:03:04","modified_gmt":"2020-04-01T12:03:04","slug":"flomasteris-maped-colorpeps-duo-stamp","status":"publish","type":"product","link":"https:\/\/hobstop.ee\/lt\/produktas\/flomasteris-maped-colorpeps-duo-stamp\/","title":{"rendered":"Flomasteris Maped Color&#8217;Peps Duo Stamp"},"content":{"rendered":"<p>Du viename: flomasteris ir antspaudas. Flomasteriais \u201eMaped Color&#8217;Peps Duo\u201c vaikai vienu metu gali pie\u0161ti ir antspauduoti. Flomasteris turi du galiukus: viename gale yra didelis 7,5mm skersmens pie\u0161ti ir spalvoti skirtas k\u016bgio formos antgalis, o kitame gale antspaudas. Vaikai gali pie\u0161ti savitus, ry\u0161ki\u0173 spalv\u0173 pie\u0161inius. Flomasteris yra storas, tod\u0117l j\u012f yra lengva laikyti. Pigment\u0105 galima nuplauti i\u0161 daugumos tekstil\u0117s gamini\u0173 ir nuo odos su muilu ir vandeniu.<\/p>\n","protected":false},"excerpt":{"rendered":"<p>Du viename: flomasteris ir antspaudas. Flomasteriais \u201eMaped Color&#8217;Peps Duo\u201c vaikai vienu metu gali pie\u0161ti ir antspauduoti. Flomasteris turi du galiukus: viename gale yra didelis 7,5mm skersmens pie\u0161ti ir spalvoti skirtas k\u016bgio formos antgalis, o kitame gale antspaudas. Vaikai gali pie\u0161ti savitus, ry\u0161ki\u0173 spalv\u0173 pie\u0161inius. Flomasteris yra storas, tod\u0117l j\u012f yra lengva laikyti. Pigment\u0105 galima nuplauti i\u0161 daugumos tekstil\u0117s gamini\u0173 ir nuo odos su muilu ir vandeniu.<\/p>\n","protected":false},"featured_media":353460,"comment_status":"closed","ping_status":"closed","template":"","meta":{"_acf_changed":false,"ep_exclude_from_search":false},"product_cat":[20361],"product_tag":[],"class_list":{"0":"post-341020","1":"product","2":"type-product","3":"status-publish","4":"has-post-thumbnail","6":"product_cat-maaramata","8":"first","9":"instock","10":"taxable","11":"shipping-taxable","12":"product-type-simple"},"acf":[],"yoast_head":"<!-- This site is optimized with the Yoast SEO plugin v24.1 - https:\/\/yoast.com\/wordpress\/plugins\/seo\/ -->\n<title>Flomasteris Maped Color&#039;Peps Duo Stamp &#8211; Skizze<\/title>\n<meta name=\"robots\" content=\"noindex, follow, max-snippet:-1, max-image-preview:large, max-video-preview:-1\" \/>\n<meta property=\"og:locale\" content=\"lt_LT\" \/>\n<meta property=\"og:type\" content=\"article\" \/>\n<meta property=\"og:title\" content=\"Flomasteris Maped Color&#039;Peps Duo Stamp &#8211; Skizze\" \/>\n<meta property=\"og:description\" content=\"Du viename: flomasteris ir antspaudas. Flomasteriais \u201eMaped Color&#8217;Peps Duo\u201c vaikai vienu metu gali pie\u0161ti ir antspauduoti. Flomasteris turi du galiukus: viename gale yra didelis 7,5mm skersmens pie\u0161ti ir spalvoti skirtas k\u016bgio formos antgalis, o kitame gale antspaudas. Vaikai gali pie\u0161ti savitus, ry\u0161ki\u0173 spalv\u0173 pie\u0161inius. Flomasteris yra storas, tod\u0117l j\u012f yra lengva laikyti. Pigment\u0105 galima nuplauti i\u0161 daugumos tekstil\u0117s gamini\u0173 ir nuo odos su muilu ir vandeniu.\" \/>\n<meta property=\"og:url\" content=\"https:\/\/hobstop.ee\/lt\/produktas\/flomasteris-maped-colorpeps-duo-stamp\/\" \/>\n<meta property=\"og:site_name\" content=\"Skizze\" \/>\n<meta property=\"article:publisher\" content=\"http:\/\/www.facebook.com\/VunderSkizze\" \/>\n<meta property=\"og:image\" content=\"https:\/\/hobstop.ee\/media\/5081.jpg\" \/>\n\t<meta property=\"og:image:width\" content=\"1024\" \/>\n\t<meta property=\"og:image:height\" content=\"768\" \/>\n\t<meta property=\"og:image:type\" content=\"image\/jpeg\" \/>\n<meta name=\"twitter:card\" content=\"summary_large_image\" \/>\n<script type=\"application\/ld+json\" class=\"yoast-schema-graph\">{\"@context\":\"https:\/\/schema.org\",\"@graph\":[{\"@type\":\"WebPage\",\"@id\":\"https:\/\/hobstop.ee\/lt\/produktas\/flomasteris-maped-colorpeps-duo-stamp\/\",\"url\":\"https:\/\/hobstop.ee\/lt\/produktas\/flomasteris-maped-colorpeps-duo-stamp\/\",\"name\":\"Flomasteris Maped Color'Peps Duo Stamp &#8211; Skizze\",\"isPartOf\":{\"@id\":\"https:\/\/hobstop.ee\/lt\/#website\"},\"primaryImageOfPage\":{\"@id\":\"https:\/\/hobstop.ee\/lt\/produktas\/flomasteris-maped-colorpeps-duo-stamp\/#primaryimage\"},\"image\":{\"@id\":\"https:\/\/hobstop.ee\/lt\/produktas\/flomasteris-maped-colorpeps-duo-stamp\/#primaryimage\"},\"thumbnailUrl\":\"https:\/\/hobstop.ee\/media\/5081.jpg\",\"datePublished\":\"2020-04-01T12:03:04+00:00\",\"dateModified\":\"2020-04-01T12:03:04+00:00\",\"breadcrumb\":{\"@id\":\"https:\/\/hobstop.ee\/lt\/produktas\/flomasteris-maped-colorpeps-duo-stamp\/#breadcrumb\"},\"inLanguage\":\"lt\",\"potentialAction\":[{\"@type\":\"ReadAction\",\"target\":[\"https:\/\/hobstop.ee\/lt\/produktas\/flomasteris-maped-colorpeps-duo-stamp\/\"]}]},{\"@type\":\"ImageObject\",\"inLanguage\":\"lt\",\"@id\":\"https:\/\/hobstop.ee\/lt\/produktas\/flomasteris-maped-colorpeps-duo-stamp\/#primaryimage\",\"url\":\"https:\/\/hobstop.ee\/media\/5081.jpg\",\"contentUrl\":\"https:\/\/hobstop.ee\/media\/5081.jpg\",\"width\":1024,\"height\":768},{\"@type\":\"BreadcrumbList\",\"@id\":\"https:\/\/hobstop.ee\/lt\/produktas\/flomasteris-maped-colorpeps-duo-stamp\/#breadcrumb\",\"itemListElement\":[{\"@type\":\"ListItem\",\"position\":1,\"name\":\"Avaleht\",\"item\":\"https:\/\/hobstop.ee\/lt\/\"},{\"@type\":\"ListItem\",\"position\":2,\"name\":\"Parduotuv\u0117\",\"item\":\"https:\/\/hobstop.ee\/lt\/parduotuve\/\"},{\"@type\":\"ListItem\",\"position\":3,\"name\":\"Flomasteris Maped Color&#8217;Peps Duo Stamp\"}]},{\"@type\":\"WebSite\",\"@id\":\"https:\/\/hobstop.ee\/lt\/#website\",\"url\":\"https:\/\/hobstop.ee\/lt\/\",\"name\":\"Skizze\",\"description\":\"Dail\u0117s, pom\u0117gi\u0173 ir mokykliniai reikm\u0117nys\",\"publisher\":{\"@id\":\"https:\/\/hobstop.ee\/lt\/#organization\"},\"potentialAction\":[{\"@type\":\"SearchAction\",\"target\":{\"@type\":\"EntryPoint\",\"urlTemplate\":\"https:\/\/hobstop.ee\/lt\/?s={search_term_string}\"},\"query-input\":{\"@type\":\"PropertyValueSpecification\",\"valueRequired\":true,\"valueName\":\"search_term_string\"}}],\"inLanguage\":\"lt\"},{\"@type\":\"Organization\",\"@id\":\"https:\/\/hobstop.ee\/lt\/#organization\",\"name\":\"Vunder AS\",\"url\":\"https:\/\/hobstop.ee\/lt\/\",\"logo\":{\"@type\":\"ImageObject\",\"inLanguage\":\"lt\",\"@id\":\"https:\/\/hobstop.ee\/lt\/#\/schema\/logo\/image\/\",\"url\":\"https:\/\/hobstop.ee\/media\/vunder-logo.png\",\"contentUrl\":\"https:\/\/hobstop.ee\/media\/vunder-logo.png\",\"width\":127,\"height\":55,\"caption\":\"Vunder AS\"},\"image\":{\"@id\":\"https:\/\/hobstop.ee\/lt\/#\/schema\/logo\/image\/\"},\"sameAs\":[\"http:\/\/www.facebook.com\/VunderSkizze\"]}]}<\/script>\n<!-- \/ Yoast SEO plugin. -->","yoast_head_json":{"title":"Flomasteris Maped Color'Peps Duo Stamp &#8211; Skizze","robots":{"index":"noindex","follow":"follow","max-snippet":"max-snippet:-1","max-image-preview":"max-image-preview:large","max-video-preview":"max-video-preview:-1"},"og_locale":"lt_LT","og_type":"article","og_title":"Flomasteris Maped Color'Peps Duo Stamp &#8211; Skizze","og_description":"Du viename: flomasteris ir antspaudas. Flomasteriais \u201eMaped Color&#8217;Peps Duo\u201c vaikai vienu metu gali pie\u0161ti ir antspauduoti. Flomasteris turi du galiukus: viename gale yra didelis 7,5mm skersmens pie\u0161ti ir spalvoti skirtas k\u016bgio formos antgalis, o kitame gale antspaudas. Vaikai gali pie\u0161ti savitus, ry\u0161ki\u0173 spalv\u0173 pie\u0161inius. Flomasteris yra storas, tod\u0117l j\u012f yra lengva laikyti. Pigment\u0105 galima nuplauti i\u0161 daugumos tekstil\u0117s gamini\u0173 ir nuo odos su muilu ir vandeniu.","og_url":"https:\/\/hobstop.ee\/lt\/produktas\/flomasteris-maped-colorpeps-duo-stamp\/","og_site_name":"Skizze","article_publisher":"http:\/\/www.facebook.com\/VunderSkizze","og_image":[{"width":1024,"height":768,"url":"https:\/\/hobstop.ee\/media\/5081.jpg","type":"image\/jpeg"}],"twitter_card":"summary_large_image","schema":{"@context":"https:\/\/schema.org","@graph":[{"@type":"WebPage","@id":"https:\/\/hobstop.ee\/lt\/produktas\/flomasteris-maped-colorpeps-duo-stamp\/","url":"https:\/\/hobstop.ee\/lt\/produktas\/flomasteris-maped-colorpeps-duo-stamp\/","name":"Flomasteris Maped Color'Peps Duo Stamp &#8211; Skizze","isPartOf":{"@id":"https:\/\/hobstop.ee\/lt\/#website"},"primaryImageOfPage":{"@id":"https:\/\/hobstop.ee\/lt\/produktas\/flomasteris-maped-colorpeps-duo-stamp\/#primaryimage"},"image":{"@id":"https:\/\/hobstop.ee\/lt\/produktas\/flomasteris-maped-colorpeps-duo-stamp\/#primaryimage"},"thumbnailUrl":"https:\/\/hobstop.ee\/media\/5081.jpg","datePublished":"2020-04-01T12:03:04+00:00","dateModified":"2020-04-01T12:03:04+00:00","breadcrumb":{"@id":"https:\/\/hobstop.ee\/lt\/produktas\/flomasteris-maped-colorpeps-duo-stamp\/#breadcrumb"},"inLanguage":"lt","potentialAction":[{"@type":"ReadAction","target":["https:\/\/hobstop.ee\/lt\/produktas\/flomasteris-maped-colorpeps-duo-stamp\/"]}]},{"@type":"ImageObject","inLanguage":"lt","@id":"https:\/\/hobstop.ee\/lt\/produktas\/flomasteris-maped-colorpeps-duo-stamp\/#primaryimage","url":"https:\/\/hobstop.ee\/media\/5081.jpg","contentUrl":"https:\/\/hobstop.ee\/media\/5081.jpg","width":1024,"height":768},{"@type":"BreadcrumbList","@id":"https:\/\/hobstop.ee\/lt\/produktas\/flomasteris-maped-colorpeps-duo-stamp\/#breadcrumb","itemListElement":[{"@type":"ListItem","position":1,"name":"Avaleht","item":"https:\/\/hobstop.ee\/lt\/"},{"@type":"ListItem","position":2,"name":"Parduotuv\u0117","item":"https:\/\/hobstop.ee\/lt\/parduotuve\/"},{"@type":"ListItem","position":3,"name":"Flomasteris Maped Color&#8217;Peps Duo Stamp"}]},{"@type":"WebSite","@id":"https:\/\/hobstop.ee\/lt\/#website","url":"https:\/\/hobstop.ee\/lt\/","name":"Skizze","description":"Dail\u0117s, pom\u0117gi\u0173 ir mokykliniai reikm\u0117nys","publisher":{"@id":"https:\/\/hobstop.ee\/lt\/#organization"},"potentialAction":[{"@type":"SearchAction","target":{"@type":"EntryPoint","urlTemplate":"https:\/\/hobstop.ee\/lt\/?s={search_term_string}"},"query-input":{"@type":"PropertyValueSpecification","valueRequired":true,"valueName":"search_term_string"}}],"inLanguage":"lt"},{"@type":"Organization","@id":"https:\/\/hobstop.ee\/lt\/#organization","name":"Vunder AS","url":"https:\/\/hobstop.ee\/lt\/","logo":{"@type":"ImageObject","inLanguage":"lt","@id":"https:\/\/hobstop.ee\/lt\/#\/schema\/logo\/image\/","url":"https:\/\/hobstop.ee\/media\/vunder-logo.png","contentUrl":"https:\/\/hobstop.ee\/media\/vunder-logo.png","width":127,"height":55,"caption":"Vunder AS"},"image":{"@id":"https:\/\/hobstop.ee\/lt\/#\/schema\/logo\/image\/"},"sameAs":["http:\/\/www.facebook.com\/VunderSkizze"]}]}},"_links":{"self":[{"href":"https:\/\/hobstop.ee\/lt\/wp-json\/wp\/v2\/product\/341020","targetHints":{"allow":["GET"]}}],"collection":[{"href":"https:\/\/hobstop.ee\/lt\/wp-json\/wp\/v2\/product"}],"about":[{"href":"https:\/\/hobstop.ee\/lt\/wp-json\/wp\/v2\/types\/product"}],"replies":[{"embeddable":true,"href":"https:\/\/hobstop.ee\/lt\/wp-json\/wp\/v2\/comments?post=341020"}],"wp:featuredmedia":[{"embeddable":true,"href":"https:\/\/hobstop.ee\/lt\/wp-json\/wp\/v2\/media\/353460"}],"wp:attachment":[{"href":"https:\/\/hobstop.ee\/lt\/wp-json\/wp\/v2\/media?parent=341020"}],"wp:term":[{"taxonomy":"product_cat","embeddable":true,"href":"https:\/\/hobstop.ee\/lt\/wp-json\/wp\/v2\/product_cat?post=341020"},{"taxonomy":"product_tag","embeddable":true,"href":"https:\/\/hobstop.ee\/lt\/wp-json\/wp\/v2\/product_tag?post=341020"}],"curies":[{"name":"wp","href":"https:\/\/api.w.org\/{rel}","templated":true}]}}