{"id":341024,"date":"2020-04-01T15:03:07","date_gmt":"2020-04-01T12:03:14","guid":{"rendered":"https:\/\/sharks.ee\/vunder_2019\/product\/spalvotas-piestukas-maped-colorpeps-oops\/"},"modified":"2020-04-01T15:03:14","modified_gmt":"2020-04-01T12:03:14","slug":"spalvotas-piestukas-maped-colorpeps-oops","status":"publish","type":"product","link":"https:\/\/hobstop.ee\/lt\/produktas\/spalvotas-piestukas-maped-colorpeps-oops\/","title":{"rendered":"Spalvotas pie\u0161tukas Maped Color&#8217;Peps Oops!"},"content":{"rendered":"<p>Puikai spalvinantys ir trinantys spalvoti pie\u0161tukai \u201eMaped Color\u2019Peps Oops!\u201c su trintuku. Klaidas lengvai i\u0161taisysite, pie\u0161inius nuspalvosite, i\u0161trinsite jau nuspalvotas vietas ir sukursite naujus ra\u0161tus. Puikiai tinka mokyklai, namams ir keliaujant. Spalvoti pie\u0161tukai \u201eMaped Color\u2019Peps Oops!\u201c yra pagaminti i\u0161 dervos, o ne i\u0161 medienos. Trikampio formos pie\u0161tukas lengvai suimamas ir patogus, skirtas m\u0117gstantiems men\u0105, norintiems pie\u0161ti, spalvinti ir praturtinti spalvomis savo pie\u0161inius vaikams. Ry\u0161kios spalvos ir lengvai padro\u017eiama tvirta \u0161erdel\u0117 (2,9mm skersmens).<\/p>\n","protected":false},"excerpt":{"rendered":"<p>Puikai spalvinantys ir trinantys spalvoti pie\u0161tukai \u201eMaped Color\u2019Peps Oops!\u201c su trintuku. Klaidas lengvai i\u0161taisysite, pie\u0161inius nuspalvosite, i\u0161trinsite jau nuspalvotas vietas ir sukursite naujus ra\u0161tus. Puikiai tinka mokyklai, namams ir keliaujant. Spalvoti pie\u0161tukai \u201eMaped Color\u2019Peps Oops!\u201c yra pagaminti i\u0161 dervos, o ne i\u0161 medienos. Trikampio formos pie\u0161tukas lengvai suimamas ir patogus, skirtas m\u0117gstantiems men\u0105, norintiems pie\u0161ti, spalvinti ir praturtinti spalvomis savo pie\u0161inius vaikams. Ry\u0161kios spalvos ir lengvai padro\u017eiama tvirta \u0161erdel\u0117 (2,9mm skersmens).<\/p>\n","protected":false},"featured_media":353456,"comment_status":"closed","ping_status":"closed","template":"","meta":{"_acf_changed":false,"ep_exclude_from_search":false},"product_cat":[20361],"product_tag":[],"class_list":{"0":"post-341024","1":"product","2":"type-product","3":"status-publish","4":"has-post-thumbnail","6":"product_cat-maaramata","8":"first","9":"instock","10":"taxable","11":"shipping-taxable","12":"product-type-simple"},"acf":[],"yoast_head":"<!-- This site is optimized with the Yoast SEO plugin v24.1 - https:\/\/yoast.com\/wordpress\/plugins\/seo\/ -->\n<title>Spalvotas pie\u0161tukas Maped Color&#039;Peps Oops! &#8211; Skizze<\/title>\n<meta name=\"robots\" content=\"noindex, follow, max-snippet:-1, max-image-preview:large, max-video-preview:-1\" \/>\n<meta property=\"og:locale\" content=\"lt_LT\" \/>\n<meta property=\"og:type\" content=\"article\" \/>\n<meta property=\"og:title\" content=\"Spalvotas pie\u0161tukas Maped Color&#039;Peps Oops! &#8211; Skizze\" \/>\n<meta property=\"og:description\" content=\"Puikai spalvinantys ir trinantys spalvoti pie\u0161tukai \u201eMaped Color\u2019Peps Oops!\u201c su trintuku. Klaidas lengvai i\u0161taisysite, pie\u0161inius nuspalvosite, i\u0161trinsite jau nuspalvotas vietas ir sukursite naujus ra\u0161tus. Puikiai tinka mokyklai, namams ir keliaujant. Spalvoti pie\u0161tukai \u201eMaped Color\u2019Peps Oops!\u201c yra pagaminti i\u0161 dervos, o ne i\u0161 medienos. Trikampio formos pie\u0161tukas lengvai suimamas ir patogus, skirtas m\u0117gstantiems men\u0105, norintiems pie\u0161ti, spalvinti ir praturtinti spalvomis savo pie\u0161inius vaikams. Ry\u0161kios spalvos ir lengvai padro\u017eiama tvirta \u0161erdel\u0117 (2,9mm skersmens).\" \/>\n<meta property=\"og:url\" content=\"https:\/\/hobstop.ee\/lt\/produktas\/spalvotas-piestukas-maped-colorpeps-oops\/\" \/>\n<meta property=\"og:site_name\" content=\"Skizze\" \/>\n<meta property=\"article:publisher\" content=\"http:\/\/www.facebook.com\/VunderSkizze\" \/>\n<meta property=\"og:image\" content=\"https:\/\/hobstop.ee\/media\/5082.jpg\" \/>\n\t<meta property=\"og:image:width\" content=\"1024\" \/>\n\t<meta property=\"og:image:height\" content=\"768\" \/>\n\t<meta property=\"og:image:type\" content=\"image\/jpeg\" \/>\n<meta name=\"twitter:card\" content=\"summary_large_image\" \/>\n<script type=\"application\/ld+json\" class=\"yoast-schema-graph\">{\"@context\":\"https:\/\/schema.org\",\"@graph\":[{\"@type\":\"WebPage\",\"@id\":\"https:\/\/hobstop.ee\/lt\/produktas\/spalvotas-piestukas-maped-colorpeps-oops\/\",\"url\":\"https:\/\/hobstop.ee\/lt\/produktas\/spalvotas-piestukas-maped-colorpeps-oops\/\",\"name\":\"Spalvotas pie\u0161tukas Maped Color'Peps Oops! &#8211; Skizze\",\"isPartOf\":{\"@id\":\"https:\/\/hobstop.ee\/lt\/#website\"},\"primaryImageOfPage\":{\"@id\":\"https:\/\/hobstop.ee\/lt\/produktas\/spalvotas-piestukas-maped-colorpeps-oops\/#primaryimage\"},\"image\":{\"@id\":\"https:\/\/hobstop.ee\/lt\/produktas\/spalvotas-piestukas-maped-colorpeps-oops\/#primaryimage\"},\"thumbnailUrl\":\"https:\/\/hobstop.ee\/media\/5082.jpg\",\"datePublished\":\"2020-04-01T12:03:14+00:00\",\"dateModified\":\"2020-04-01T12:03:14+00:00\",\"breadcrumb\":{\"@id\":\"https:\/\/hobstop.ee\/lt\/produktas\/spalvotas-piestukas-maped-colorpeps-oops\/#breadcrumb\"},\"inLanguage\":\"lt\",\"potentialAction\":[{\"@type\":\"ReadAction\",\"target\":[\"https:\/\/hobstop.ee\/lt\/produktas\/spalvotas-piestukas-maped-colorpeps-oops\/\"]}]},{\"@type\":\"ImageObject\",\"inLanguage\":\"lt\",\"@id\":\"https:\/\/hobstop.ee\/lt\/produktas\/spalvotas-piestukas-maped-colorpeps-oops\/#primaryimage\",\"url\":\"https:\/\/hobstop.ee\/media\/5082.jpg\",\"contentUrl\":\"https:\/\/hobstop.ee\/media\/5082.jpg\",\"width\":1024,\"height\":768},{\"@type\":\"BreadcrumbList\",\"@id\":\"https:\/\/hobstop.ee\/lt\/produktas\/spalvotas-piestukas-maped-colorpeps-oops\/#breadcrumb\",\"itemListElement\":[{\"@type\":\"ListItem\",\"position\":1,\"name\":\"Avaleht\",\"item\":\"https:\/\/hobstop.ee\/lt\/\"},{\"@type\":\"ListItem\",\"position\":2,\"name\":\"Parduotuv\u0117\",\"item\":\"https:\/\/hobstop.ee\/lt\/parduotuve\/\"},{\"@type\":\"ListItem\",\"position\":3,\"name\":\"Spalvotas pie\u0161tukas Maped Color&#8217;Peps Oops!\"}]},{\"@type\":\"WebSite\",\"@id\":\"https:\/\/hobstop.ee\/lt\/#website\",\"url\":\"https:\/\/hobstop.ee\/lt\/\",\"name\":\"Skizze\",\"description\":\"Dail\u0117s, pom\u0117gi\u0173 ir mokykliniai reikm\u0117nys\",\"publisher\":{\"@id\":\"https:\/\/hobstop.ee\/lt\/#organization\"},\"potentialAction\":[{\"@type\":\"SearchAction\",\"target\":{\"@type\":\"EntryPoint\",\"urlTemplate\":\"https:\/\/hobstop.ee\/lt\/?s={search_term_string}\"},\"query-input\":{\"@type\":\"PropertyValueSpecification\",\"valueRequired\":true,\"valueName\":\"search_term_string\"}}],\"inLanguage\":\"lt\"},{\"@type\":\"Organization\",\"@id\":\"https:\/\/hobstop.ee\/lt\/#organization\",\"name\":\"Vunder AS\",\"url\":\"https:\/\/hobstop.ee\/lt\/\",\"logo\":{\"@type\":\"ImageObject\",\"inLanguage\":\"lt\",\"@id\":\"https:\/\/hobstop.ee\/lt\/#\/schema\/logo\/image\/\",\"url\":\"https:\/\/hobstop.ee\/media\/vunder-logo.png\",\"contentUrl\":\"https:\/\/hobstop.ee\/media\/vunder-logo.png\",\"width\":127,\"height\":55,\"caption\":\"Vunder AS\"},\"image\":{\"@id\":\"https:\/\/hobstop.ee\/lt\/#\/schema\/logo\/image\/\"},\"sameAs\":[\"http:\/\/www.facebook.com\/VunderSkizze\"]}]}<\/script>\n<!-- \/ Yoast SEO plugin. -->","yoast_head_json":{"title":"Spalvotas pie\u0161tukas Maped Color'Peps Oops! &#8211; Skizze","robots":{"index":"noindex","follow":"follow","max-snippet":"max-snippet:-1","max-image-preview":"max-image-preview:large","max-video-preview":"max-video-preview:-1"},"og_locale":"lt_LT","og_type":"article","og_title":"Spalvotas pie\u0161tukas Maped Color'Peps Oops! &#8211; Skizze","og_description":"Puikai spalvinantys ir trinantys spalvoti pie\u0161tukai \u201eMaped Color\u2019Peps Oops!\u201c su trintuku. Klaidas lengvai i\u0161taisysite, pie\u0161inius nuspalvosite, i\u0161trinsite jau nuspalvotas vietas ir sukursite naujus ra\u0161tus. Puikiai tinka mokyklai, namams ir keliaujant. Spalvoti pie\u0161tukai \u201eMaped Color\u2019Peps Oops!\u201c yra pagaminti i\u0161 dervos, o ne i\u0161 medienos. Trikampio formos pie\u0161tukas lengvai suimamas ir patogus, skirtas m\u0117gstantiems men\u0105, norintiems pie\u0161ti, spalvinti ir praturtinti spalvomis savo pie\u0161inius vaikams. Ry\u0161kios spalvos ir lengvai padro\u017eiama tvirta \u0161erdel\u0117 (2,9mm skersmens).","og_url":"https:\/\/hobstop.ee\/lt\/produktas\/spalvotas-piestukas-maped-colorpeps-oops\/","og_site_name":"Skizze","article_publisher":"http:\/\/www.facebook.com\/VunderSkizze","og_image":[{"width":1024,"height":768,"url":"https:\/\/hobstop.ee\/media\/5082.jpg","type":"image\/jpeg"}],"twitter_card":"summary_large_image","schema":{"@context":"https:\/\/schema.org","@graph":[{"@type":"WebPage","@id":"https:\/\/hobstop.ee\/lt\/produktas\/spalvotas-piestukas-maped-colorpeps-oops\/","url":"https:\/\/hobstop.ee\/lt\/produktas\/spalvotas-piestukas-maped-colorpeps-oops\/","name":"Spalvotas pie\u0161tukas Maped Color'Peps Oops! &#8211; Skizze","isPartOf":{"@id":"https:\/\/hobstop.ee\/lt\/#website"},"primaryImageOfPage":{"@id":"https:\/\/hobstop.ee\/lt\/produktas\/spalvotas-piestukas-maped-colorpeps-oops\/#primaryimage"},"image":{"@id":"https:\/\/hobstop.ee\/lt\/produktas\/spalvotas-piestukas-maped-colorpeps-oops\/#primaryimage"},"thumbnailUrl":"https:\/\/hobstop.ee\/media\/5082.jpg","datePublished":"2020-04-01T12:03:14+00:00","dateModified":"2020-04-01T12:03:14+00:00","breadcrumb":{"@id":"https:\/\/hobstop.ee\/lt\/produktas\/spalvotas-piestukas-maped-colorpeps-oops\/#breadcrumb"},"inLanguage":"lt","potentialAction":[{"@type":"ReadAction","target":["https:\/\/hobstop.ee\/lt\/produktas\/spalvotas-piestukas-maped-colorpeps-oops\/"]}]},{"@type":"ImageObject","inLanguage":"lt","@id":"https:\/\/hobstop.ee\/lt\/produktas\/spalvotas-piestukas-maped-colorpeps-oops\/#primaryimage","url":"https:\/\/hobstop.ee\/media\/5082.jpg","contentUrl":"https:\/\/hobstop.ee\/media\/5082.jpg","width":1024,"height":768},{"@type":"BreadcrumbList","@id":"https:\/\/hobstop.ee\/lt\/produktas\/spalvotas-piestukas-maped-colorpeps-oops\/#breadcrumb","itemListElement":[{"@type":"ListItem","position":1,"name":"Avaleht","item":"https:\/\/hobstop.ee\/lt\/"},{"@type":"ListItem","position":2,"name":"Parduotuv\u0117","item":"https:\/\/hobstop.ee\/lt\/parduotuve\/"},{"@type":"ListItem","position":3,"name":"Spalvotas pie\u0161tukas Maped Color&#8217;Peps Oops!"}]},{"@type":"WebSite","@id":"https:\/\/hobstop.ee\/lt\/#website","url":"https:\/\/hobstop.ee\/lt\/","name":"Skizze","description":"Dail\u0117s, pom\u0117gi\u0173 ir mokykliniai reikm\u0117nys","publisher":{"@id":"https:\/\/hobstop.ee\/lt\/#organization"},"potentialAction":[{"@type":"SearchAction","target":{"@type":"EntryPoint","urlTemplate":"https:\/\/hobstop.ee\/lt\/?s={search_term_string}"},"query-input":{"@type":"PropertyValueSpecification","valueRequired":true,"valueName":"search_term_string"}}],"inLanguage":"lt"},{"@type":"Organization","@id":"https:\/\/hobstop.ee\/lt\/#organization","name":"Vunder AS","url":"https:\/\/hobstop.ee\/lt\/","logo":{"@type":"ImageObject","inLanguage":"lt","@id":"https:\/\/hobstop.ee\/lt\/#\/schema\/logo\/image\/","url":"https:\/\/hobstop.ee\/media\/vunder-logo.png","contentUrl":"https:\/\/hobstop.ee\/media\/vunder-logo.png","width":127,"height":55,"caption":"Vunder AS"},"image":{"@id":"https:\/\/hobstop.ee\/lt\/#\/schema\/logo\/image\/"},"sameAs":["http:\/\/www.facebook.com\/VunderSkizze"]}]}},"_links":{"self":[{"href":"https:\/\/hobstop.ee\/lt\/wp-json\/wp\/v2\/product\/341024","targetHints":{"allow":["GET"]}}],"collection":[{"href":"https:\/\/hobstop.ee\/lt\/wp-json\/wp\/v2\/product"}],"about":[{"href":"https:\/\/hobstop.ee\/lt\/wp-json\/wp\/v2\/types\/product"}],"replies":[{"embeddable":true,"href":"https:\/\/hobstop.ee\/lt\/wp-json\/wp\/v2\/comments?post=341024"}],"wp:featuredmedia":[{"embeddable":true,"href":"https:\/\/hobstop.ee\/lt\/wp-json\/wp\/v2\/media\/353456"}],"wp:attachment":[{"href":"https:\/\/hobstop.ee\/lt\/wp-json\/wp\/v2\/media?parent=341024"}],"wp:term":[{"taxonomy":"product_cat","embeddable":true,"href":"https:\/\/hobstop.ee\/lt\/wp-json\/wp\/v2\/product_cat?post=341024"},{"taxonomy":"product_tag","embeddable":true,"href":"https:\/\/hobstop.ee\/lt\/wp-json\/wp\/v2\/product_tag?post=341024"}],"curies":[{"name":"wp","href":"https:\/\/api.w.org\/{rel}","templated":true}]}}