{"id":341032,"date":"2020-04-01T15:03:24","date_gmt":"2020-04-01T12:03:31","guid":{"rendered":"https:\/\/sharks.ee\/vunder_2019\/product\/pjaustymo-padeklas-apli\/"},"modified":"2020-04-01T15:03:31","modified_gmt":"2020-04-01T12:03:31","slug":"pjaustymo-padeklas-apli","status":"publish","type":"product","link":"https:\/\/hobstop.ee\/lt\/produktas\/pjaustymo-padeklas-apli\/","title":{"rendered":"Pjaustymo pad\u0117klas Apli"},"content":{"rendered":"<p>Pjaustymo pad\u0117klas \u201eApli\u201c puikiai tinka rankdarbiams ir projektams, stalo pavir\u0161i\u0173 apsaugo nuo pj\u016bvi\u0173 ir subrai\u017eym\u0173. Pjaustymo pad\u0117klas \u201eApli\u201c yra pagamintas i\u0161 3mm storio PVC med\u017eiagos. Med\u017eiaga yra savaime u\u017esitraukianti, pj\u016bviai i\u0161nyksta savaime, tod\u0117l peiliai ir pjaustytuvai ilgai i\u0161lieka a\u0161tr\u016bs.  Kad j\u016bs\u0173 projektai b\u016bt\u0173 kuo tikslesni, ant pjaustymo pad\u0117klo taip pat yra atspausdintas cm ir mm tinklelis, o taip pat \u012fvairi\u0173 kamp\u0173 \u017eym\u0117jimas. Pad\u0117kl\u0105 taip pat puikiai tinka naudoti kaip pel\u0117s kilim\u0117l\u012f.<\/p>\n","protected":false},"excerpt":{"rendered":"<p>Pjaustymo pad\u0117klas \u201eApli\u201c puikiai tinka rankdarbiams ir projektams, stalo pavir\u0161i\u0173 apsaugo nuo pj\u016bvi\u0173 ir subrai\u017eym\u0173. Pjaustymo pad\u0117klas \u201eApli\u201c yra pagamintas i\u0161 3mm storio PVC med\u017eiagos. Med\u017eiaga yra savaime u\u017esitraukianti, pj\u016bviai i\u0161nyksta savaime, tod\u0117l peiliai ir pjaustytuvai ilgai i\u0161lieka a\u0161tr\u016bs. Kad j\u016bs\u0173 projektai b\u016bt\u0173 kuo tikslesni, ant pjaustymo pad\u0117klo taip pat yra atspausdintas cm ir mm tinklelis, o taip pat \u012fvairi\u0173 kamp\u0173 \u017eym\u0117jimas. Pad\u0117kl\u0105 taip pat puikiai tinka naudoti kaip pel\u0117s kilim\u0117l\u012f.<\/p>\n","protected":false},"featured_media":353448,"comment_status":"closed","ping_status":"closed","template":"","meta":{"_acf_changed":false,"ep_exclude_from_search":false},"product_cat":[20361],"product_tag":[],"class_list":{"0":"post-341032","1":"product","2":"type-product","3":"status-publish","4":"has-post-thumbnail","6":"product_cat-maaramata","8":"first","9":"instock","10":"taxable","11":"shipping-taxable","12":"product-type-simple"},"acf":[],"yoast_head":"<!-- This site is optimized with the Yoast SEO plugin v24.1 - https:\/\/yoast.com\/wordpress\/plugins\/seo\/ -->\n<title>Pjaustymo pad\u0117klas Apli &#8211; Skizze<\/title>\n<meta name=\"robots\" content=\"noindex, follow, max-snippet:-1, max-image-preview:large, max-video-preview:-1\" \/>\n<meta property=\"og:locale\" content=\"lt_LT\" \/>\n<meta property=\"og:type\" content=\"article\" \/>\n<meta property=\"og:title\" content=\"Pjaustymo pad\u0117klas Apli &#8211; Skizze\" \/>\n<meta property=\"og:description\" content=\"Pjaustymo pad\u0117klas \u201eApli\u201c puikiai tinka rankdarbiams ir projektams, stalo pavir\u0161i\u0173 apsaugo nuo pj\u016bvi\u0173 ir subrai\u017eym\u0173. Pjaustymo pad\u0117klas \u201eApli\u201c yra pagamintas i\u0161 3mm storio PVC med\u017eiagos. Med\u017eiaga yra savaime u\u017esitraukianti, pj\u016bviai i\u0161nyksta savaime, tod\u0117l peiliai ir pjaustytuvai ilgai i\u0161lieka a\u0161tr\u016bs. Kad j\u016bs\u0173 projektai b\u016bt\u0173 kuo tikslesni, ant pjaustymo pad\u0117klo taip pat yra atspausdintas cm ir mm tinklelis, o taip pat \u012fvairi\u0173 kamp\u0173 \u017eym\u0117jimas. Pad\u0117kl\u0105 taip pat puikiai tinka naudoti kaip pel\u0117s kilim\u0117l\u012f.\" \/>\n<meta property=\"og:url\" content=\"https:\/\/hobstop.ee\/lt\/produktas\/pjaustymo-padeklas-apli\/\" \/>\n<meta property=\"og:site_name\" content=\"Skizze\" \/>\n<meta property=\"article:publisher\" content=\"http:\/\/www.facebook.com\/VunderSkizze\" \/>\n<meta property=\"og:image\" content=\"https:\/\/hobstop.ee\/media\/5085.jpg\" \/>\n\t<meta property=\"og:image:width\" content=\"1024\" \/>\n\t<meta property=\"og:image:height\" content=\"768\" \/>\n\t<meta property=\"og:image:type\" content=\"image\/jpeg\" \/>\n<meta name=\"twitter:card\" content=\"summary_large_image\" \/>\n<script type=\"application\/ld+json\" class=\"yoast-schema-graph\">{\"@context\":\"https:\/\/schema.org\",\"@graph\":[{\"@type\":\"WebPage\",\"@id\":\"https:\/\/hobstop.ee\/lt\/produktas\/pjaustymo-padeklas-apli\/\",\"url\":\"https:\/\/hobstop.ee\/lt\/produktas\/pjaustymo-padeklas-apli\/\",\"name\":\"Pjaustymo pad\u0117klas Apli &#8211; Skizze\",\"isPartOf\":{\"@id\":\"https:\/\/www.hobstop.ee\/lt\/#website\"},\"primaryImageOfPage\":{\"@id\":\"https:\/\/hobstop.ee\/lt\/produktas\/pjaustymo-padeklas-apli\/#primaryimage\"},\"image\":{\"@id\":\"https:\/\/hobstop.ee\/lt\/produktas\/pjaustymo-padeklas-apli\/#primaryimage\"},\"thumbnailUrl\":\"https:\/\/hobstop.ee\/media\/5085.jpg\",\"datePublished\":\"2020-04-01T12:03:31+00:00\",\"dateModified\":\"2020-04-01T12:03:31+00:00\",\"breadcrumb\":{\"@id\":\"https:\/\/hobstop.ee\/lt\/produktas\/pjaustymo-padeklas-apli\/#breadcrumb\"},\"inLanguage\":\"lt\",\"potentialAction\":[{\"@type\":\"ReadAction\",\"target\":[\"https:\/\/hobstop.ee\/lt\/produktas\/pjaustymo-padeklas-apli\/\"]}]},{\"@type\":\"ImageObject\",\"inLanguage\":\"lt\",\"@id\":\"https:\/\/hobstop.ee\/lt\/produktas\/pjaustymo-padeklas-apli\/#primaryimage\",\"url\":\"https:\/\/hobstop.ee\/media\/5085.jpg\",\"contentUrl\":\"https:\/\/hobstop.ee\/media\/5085.jpg\",\"width\":1024,\"height\":768},{\"@type\":\"BreadcrumbList\",\"@id\":\"https:\/\/hobstop.ee\/lt\/produktas\/pjaustymo-padeklas-apli\/#breadcrumb\",\"itemListElement\":[{\"@type\":\"ListItem\",\"position\":1,\"name\":\"Avaleht\",\"item\":\"https:\/\/hobstop.ee\/lt\/\"},{\"@type\":\"ListItem\",\"position\":2,\"name\":\"Parduotuv\u0117\",\"item\":\"https:\/\/www.hobstop.ee\/lt\/parduotuve\/\"},{\"@type\":\"ListItem\",\"position\":3,\"name\":\"Pjaustymo pad\u0117klas Apli\"}]},{\"@type\":\"WebSite\",\"@id\":\"https:\/\/www.hobstop.ee\/lt\/#website\",\"url\":\"https:\/\/www.hobstop.ee\/lt\/\",\"name\":\"Skizze\",\"description\":\"Dail\u0117s, pom\u0117gi\u0173 ir mokykliniai reikm\u0117nys\",\"publisher\":{\"@id\":\"https:\/\/www.hobstop.ee\/lt\/#organization\"},\"potentialAction\":[{\"@type\":\"SearchAction\",\"target\":{\"@type\":\"EntryPoint\",\"urlTemplate\":\"https:\/\/www.hobstop.ee\/lt\/?s={search_term_string}\"},\"query-input\":{\"@type\":\"PropertyValueSpecification\",\"valueRequired\":true,\"valueName\":\"search_term_string\"}}],\"inLanguage\":\"lt\"},{\"@type\":\"Organization\",\"@id\":\"https:\/\/www.hobstop.ee\/lt\/#organization\",\"name\":\"Vunder AS\",\"url\":\"https:\/\/www.hobstop.ee\/lt\/\",\"logo\":{\"@type\":\"ImageObject\",\"inLanguage\":\"lt\",\"@id\":\"https:\/\/www.hobstop.ee\/lt\/#\/schema\/logo\/image\/\",\"url\":\"https:\/\/hobstop.ee\/media\/vunder-logo.png\",\"contentUrl\":\"https:\/\/hobstop.ee\/media\/vunder-logo.png\",\"width\":127,\"height\":55,\"caption\":\"Vunder AS\"},\"image\":{\"@id\":\"https:\/\/www.hobstop.ee\/lt\/#\/schema\/logo\/image\/\"},\"sameAs\":[\"http:\/\/www.facebook.com\/VunderSkizze\"]}]}<\/script>\n<!-- \/ Yoast SEO plugin. -->","yoast_head_json":{"title":"Pjaustymo pad\u0117klas Apli &#8211; Skizze","robots":{"index":"noindex","follow":"follow","max-snippet":"max-snippet:-1","max-image-preview":"max-image-preview:large","max-video-preview":"max-video-preview:-1"},"og_locale":"lt_LT","og_type":"article","og_title":"Pjaustymo pad\u0117klas Apli &#8211; Skizze","og_description":"Pjaustymo pad\u0117klas \u201eApli\u201c puikiai tinka rankdarbiams ir projektams, stalo pavir\u0161i\u0173 apsaugo nuo pj\u016bvi\u0173 ir subrai\u017eym\u0173. Pjaustymo pad\u0117klas \u201eApli\u201c yra pagamintas i\u0161 3mm storio PVC med\u017eiagos. Med\u017eiaga yra savaime u\u017esitraukianti, pj\u016bviai i\u0161nyksta savaime, tod\u0117l peiliai ir pjaustytuvai ilgai i\u0161lieka a\u0161tr\u016bs. Kad j\u016bs\u0173 projektai b\u016bt\u0173 kuo tikslesni, ant pjaustymo pad\u0117klo taip pat yra atspausdintas cm ir mm tinklelis, o taip pat \u012fvairi\u0173 kamp\u0173 \u017eym\u0117jimas. Pad\u0117kl\u0105 taip pat puikiai tinka naudoti kaip pel\u0117s kilim\u0117l\u012f.","og_url":"https:\/\/hobstop.ee\/lt\/produktas\/pjaustymo-padeklas-apli\/","og_site_name":"Skizze","article_publisher":"http:\/\/www.facebook.com\/VunderSkizze","og_image":[{"width":1024,"height":768,"url":"https:\/\/hobstop.ee\/media\/5085.jpg","type":"image\/jpeg"}],"twitter_card":"summary_large_image","schema":{"@context":"https:\/\/schema.org","@graph":[{"@type":"WebPage","@id":"https:\/\/hobstop.ee\/lt\/produktas\/pjaustymo-padeklas-apli\/","url":"https:\/\/hobstop.ee\/lt\/produktas\/pjaustymo-padeklas-apli\/","name":"Pjaustymo pad\u0117klas Apli &#8211; Skizze","isPartOf":{"@id":"https:\/\/www.hobstop.ee\/lt\/#website"},"primaryImageOfPage":{"@id":"https:\/\/hobstop.ee\/lt\/produktas\/pjaustymo-padeklas-apli\/#primaryimage"},"image":{"@id":"https:\/\/hobstop.ee\/lt\/produktas\/pjaustymo-padeklas-apli\/#primaryimage"},"thumbnailUrl":"https:\/\/hobstop.ee\/media\/5085.jpg","datePublished":"2020-04-01T12:03:31+00:00","dateModified":"2020-04-01T12:03:31+00:00","breadcrumb":{"@id":"https:\/\/hobstop.ee\/lt\/produktas\/pjaustymo-padeklas-apli\/#breadcrumb"},"inLanguage":"lt","potentialAction":[{"@type":"ReadAction","target":["https:\/\/hobstop.ee\/lt\/produktas\/pjaustymo-padeklas-apli\/"]}]},{"@type":"ImageObject","inLanguage":"lt","@id":"https:\/\/hobstop.ee\/lt\/produktas\/pjaustymo-padeklas-apli\/#primaryimage","url":"https:\/\/hobstop.ee\/media\/5085.jpg","contentUrl":"https:\/\/hobstop.ee\/media\/5085.jpg","width":1024,"height":768},{"@type":"BreadcrumbList","@id":"https:\/\/hobstop.ee\/lt\/produktas\/pjaustymo-padeklas-apli\/#breadcrumb","itemListElement":[{"@type":"ListItem","position":1,"name":"Avaleht","item":"https:\/\/hobstop.ee\/lt\/"},{"@type":"ListItem","position":2,"name":"Parduotuv\u0117","item":"https:\/\/www.hobstop.ee\/lt\/parduotuve\/"},{"@type":"ListItem","position":3,"name":"Pjaustymo pad\u0117klas Apli"}]},{"@type":"WebSite","@id":"https:\/\/www.hobstop.ee\/lt\/#website","url":"https:\/\/www.hobstop.ee\/lt\/","name":"Skizze","description":"Dail\u0117s, pom\u0117gi\u0173 ir mokykliniai reikm\u0117nys","publisher":{"@id":"https:\/\/www.hobstop.ee\/lt\/#organization"},"potentialAction":[{"@type":"SearchAction","target":{"@type":"EntryPoint","urlTemplate":"https:\/\/www.hobstop.ee\/lt\/?s={search_term_string}"},"query-input":{"@type":"PropertyValueSpecification","valueRequired":true,"valueName":"search_term_string"}}],"inLanguage":"lt"},{"@type":"Organization","@id":"https:\/\/www.hobstop.ee\/lt\/#organization","name":"Vunder AS","url":"https:\/\/www.hobstop.ee\/lt\/","logo":{"@type":"ImageObject","inLanguage":"lt","@id":"https:\/\/www.hobstop.ee\/lt\/#\/schema\/logo\/image\/","url":"https:\/\/hobstop.ee\/media\/vunder-logo.png","contentUrl":"https:\/\/hobstop.ee\/media\/vunder-logo.png","width":127,"height":55,"caption":"Vunder AS"},"image":{"@id":"https:\/\/www.hobstop.ee\/lt\/#\/schema\/logo\/image\/"},"sameAs":["http:\/\/www.facebook.com\/VunderSkizze"]}]}},"_links":{"self":[{"href":"https:\/\/hobstop.ee\/lt\/wp-json\/wp\/v2\/product\/341032","targetHints":{"allow":["GET"]}}],"collection":[{"href":"https:\/\/hobstop.ee\/lt\/wp-json\/wp\/v2\/product"}],"about":[{"href":"https:\/\/hobstop.ee\/lt\/wp-json\/wp\/v2\/types\/product"}],"replies":[{"embeddable":true,"href":"https:\/\/hobstop.ee\/lt\/wp-json\/wp\/v2\/comments?post=341032"}],"wp:featuredmedia":[{"embeddable":true,"href":"https:\/\/hobstop.ee\/lt\/wp-json\/wp\/v2\/media\/353448"}],"wp:attachment":[{"href":"https:\/\/hobstop.ee\/lt\/wp-json\/wp\/v2\/media?parent=341032"}],"wp:term":[{"taxonomy":"product_cat","embeddable":true,"href":"https:\/\/hobstop.ee\/lt\/wp-json\/wp\/v2\/product_cat?post=341032"},{"taxonomy":"product_tag","embeddable":true,"href":"https:\/\/hobstop.ee\/lt\/wp-json\/wp\/v2\/product_tag?post=341032"}],"curies":[{"name":"wp","href":"https:\/\/api.w.org\/{rel}","templated":true}]}}