{"id":341036,"date":"2020-04-01T15:03:33","date_gmt":"2020-04-01T12:03:39","guid":{"rendered":"https:\/\/sharks.ee\/vunder_2019\/product\/pjaustymo-padeklas-apli-premium\/"},"modified":"2020-04-01T15:03:39","modified_gmt":"2020-04-01T12:03:39","slug":"pjaustymo-padeklas-apli-premium","status":"publish","type":"product","link":"https:\/\/hobstop.ee\/lt\/produktas\/pjaustymo-padeklas-apli-premium\/","title":{"rendered":"Pjaustymo pad\u0117klas Apli Premium"},"content":{"rendered":"<p>Pjaustymo pad\u0117klas \u201eApli\u201c puikiai tinka rankdarbiams ir \u012fvairiems projektams, stalo pavir\u0161i\u0173 apsaugo nuo pj\u016bvi\u0173 ir subrai\u017eym\u0173. Pjaustymo pad\u0117klas \u201eApli Premium\u201c yra pagamintas i\u0161 5mm storio PVC med\u017eiagos, tod\u0117l storesnis nei \u012fprastas \u201eApli\u201c pjaustymo pad\u0117klas. Auk\u0161tos kokyb\u0117s ir ypa\u010d tvirtas, tod\u0117l yra itin patvarumus, o pilkos spalvos \u017eym\u0117jimai ir \u0161ablonai ant juodo fono u\u017etikrina dar geresn\u012f pjovimo tikslum\u0105. Pagrindas yra neslidus, o med\u017eiaga yra savaime u\u017esitraukianti, pj\u016bviai i\u0161nyksta savaime, tod\u0117l peiliai ir pjaustytuvai ilgai i\u0161lieka a\u0161tr\u016bs.  Kad j\u016bs\u0173 projektai b\u016bt\u0173 kuo tikslesni, ant pjaustymo pad\u0117klo taip pat yra atspausdintas cm ir mm tinklelis, o taip pat \u012fvairi\u0173 kamp\u0173 \u017eym\u0117jimas. Pad\u0117kl\u0105 taip pat tinka naudoti kaip pel\u0117s kilim\u0117l\u012f.<\/p>\n","protected":false},"excerpt":{"rendered":"<p>Pjaustymo pad\u0117klas \u201eApli\u201c puikiai tinka rankdarbiams ir \u012fvairiems projektams, stalo pavir\u0161i\u0173 apsaugo nuo pj\u016bvi\u0173 ir subrai\u017eym\u0173. Pjaustymo pad\u0117klas \u201eApli Premium\u201c yra pagamintas i\u0161 5mm storio PVC med\u017eiagos, tod\u0117l storesnis nei \u012fprastas \u201eApli\u201c pjaustymo pad\u0117klas. Auk\u0161tos kokyb\u0117s ir ypa\u010d tvirtas, tod\u0117l yra itin patvarumus, o pilkos spalvos \u017eym\u0117jimai ir \u0161ablonai ant juodo fono u\u017etikrina dar geresn\u012f pjovimo tikslum\u0105. Pagrindas yra neslidus, o med\u017eiaga yra savaime u\u017esitraukianti, pj\u016bviai i\u0161nyksta savaime, tod\u0117l peiliai ir pjaustytuvai ilgai i\u0161lieka a\u0161tr\u016bs. Kad j\u016bs\u0173 projektai b\u016bt\u0173 kuo tikslesni, ant pjaustymo pad\u0117klo taip pat yra atspausdintas cm ir mm tinklelis, o taip pat \u012fvairi\u0173 kamp\u0173 \u017eym\u0117jimas. Pad\u0117kl\u0105 taip pat tinka naudoti kaip pel\u0117s kilim\u0117l\u012f.<\/p>\n","protected":false},"featured_media":353444,"comment_status":"closed","ping_status":"closed","template":"","meta":{"_acf_changed":false,"ep_exclude_from_search":false},"product_cat":[20361],"product_tag":[],"class_list":{"0":"post-341036","1":"product","2":"type-product","3":"status-publish","4":"has-post-thumbnail","6":"product_cat-maaramata","8":"first","9":"instock","10":"taxable","11":"shipping-taxable","12":"product-type-simple"},"acf":[],"yoast_head":"<!-- This site is optimized with the Yoast SEO plugin v24.1 - https:\/\/yoast.com\/wordpress\/plugins\/seo\/ -->\n<title>Pjaustymo pad\u0117klas Apli Premium &#8211; Skizze<\/title>\n<meta name=\"robots\" content=\"noindex, follow, max-snippet:-1, max-image-preview:large, max-video-preview:-1\" \/>\n<meta property=\"og:locale\" content=\"lt_LT\" \/>\n<meta property=\"og:type\" content=\"article\" \/>\n<meta property=\"og:title\" content=\"Pjaustymo pad\u0117klas Apli Premium &#8211; Skizze\" \/>\n<meta property=\"og:description\" content=\"Pjaustymo pad\u0117klas \u201eApli\u201c puikiai tinka rankdarbiams ir \u012fvairiems projektams, stalo pavir\u0161i\u0173 apsaugo nuo pj\u016bvi\u0173 ir subrai\u017eym\u0173. Pjaustymo pad\u0117klas \u201eApli Premium\u201c yra pagamintas i\u0161 5mm storio PVC med\u017eiagos, tod\u0117l storesnis nei \u012fprastas \u201eApli\u201c pjaustymo pad\u0117klas. Auk\u0161tos kokyb\u0117s ir ypa\u010d tvirtas, tod\u0117l yra itin patvarumus, o pilkos spalvos \u017eym\u0117jimai ir \u0161ablonai ant juodo fono u\u017etikrina dar geresn\u012f pjovimo tikslum\u0105. Pagrindas yra neslidus, o med\u017eiaga yra savaime u\u017esitraukianti, pj\u016bviai i\u0161nyksta savaime, tod\u0117l peiliai ir pjaustytuvai ilgai i\u0161lieka a\u0161tr\u016bs. Kad j\u016bs\u0173 projektai b\u016bt\u0173 kuo tikslesni, ant pjaustymo pad\u0117klo taip pat yra atspausdintas cm ir mm tinklelis, o taip pat \u012fvairi\u0173 kamp\u0173 \u017eym\u0117jimas. Pad\u0117kl\u0105 taip pat tinka naudoti kaip pel\u0117s kilim\u0117l\u012f.\" \/>\n<meta property=\"og:url\" content=\"https:\/\/hobstop.ee\/lt\/produktas\/pjaustymo-padeklas-apli-premium\/\" \/>\n<meta property=\"og:site_name\" content=\"Skizze\" \/>\n<meta property=\"article:publisher\" content=\"http:\/\/www.facebook.com\/VunderSkizze\" \/>\n<meta property=\"og:image\" content=\"https:\/\/hobstop.ee\/media\/5086.jpg\" \/>\n\t<meta property=\"og:image:width\" content=\"1024\" \/>\n\t<meta property=\"og:image:height\" content=\"768\" \/>\n\t<meta property=\"og:image:type\" content=\"image\/jpeg\" \/>\n<meta name=\"twitter:card\" content=\"summary_large_image\" \/>\n<meta name=\"twitter:label1\" content=\"Est. reading time\" \/>\n\t<meta name=\"twitter:data1\" content=\"1 minute\" \/>\n<script type=\"application\/ld+json\" class=\"yoast-schema-graph\">{\"@context\":\"https:\/\/schema.org\",\"@graph\":[{\"@type\":\"WebPage\",\"@id\":\"https:\/\/hobstop.ee\/lt\/produktas\/pjaustymo-padeklas-apli-premium\/\",\"url\":\"https:\/\/hobstop.ee\/lt\/produktas\/pjaustymo-padeklas-apli-premium\/\",\"name\":\"Pjaustymo pad\u0117klas Apli Premium &#8211; Skizze\",\"isPartOf\":{\"@id\":\"https:\/\/hobstop.ee\/lt\/#website\"},\"primaryImageOfPage\":{\"@id\":\"https:\/\/hobstop.ee\/lt\/produktas\/pjaustymo-padeklas-apli-premium\/#primaryimage\"},\"image\":{\"@id\":\"https:\/\/hobstop.ee\/lt\/produktas\/pjaustymo-padeklas-apli-premium\/#primaryimage\"},\"thumbnailUrl\":\"https:\/\/hobstop.ee\/media\/5086.jpg\",\"datePublished\":\"2020-04-01T12:03:39+00:00\",\"dateModified\":\"2020-04-01T12:03:39+00:00\",\"breadcrumb\":{\"@id\":\"https:\/\/hobstop.ee\/lt\/produktas\/pjaustymo-padeklas-apli-premium\/#breadcrumb\"},\"inLanguage\":\"lt\",\"potentialAction\":[{\"@type\":\"ReadAction\",\"target\":[\"https:\/\/hobstop.ee\/lt\/produktas\/pjaustymo-padeklas-apli-premium\/\"]}]},{\"@type\":\"ImageObject\",\"inLanguage\":\"lt\",\"@id\":\"https:\/\/hobstop.ee\/lt\/produktas\/pjaustymo-padeklas-apli-premium\/#primaryimage\",\"url\":\"https:\/\/hobstop.ee\/media\/5086.jpg\",\"contentUrl\":\"https:\/\/hobstop.ee\/media\/5086.jpg\",\"width\":1024,\"height\":768},{\"@type\":\"BreadcrumbList\",\"@id\":\"https:\/\/hobstop.ee\/lt\/produktas\/pjaustymo-padeklas-apli-premium\/#breadcrumb\",\"itemListElement\":[{\"@type\":\"ListItem\",\"position\":1,\"name\":\"Avaleht\",\"item\":\"https:\/\/hobstop.ee\/lt\/\"},{\"@type\":\"ListItem\",\"position\":2,\"name\":\"Parduotuv\u0117\",\"item\":\"https:\/\/hobstop.ee\/lt\/parduotuve\/\"},{\"@type\":\"ListItem\",\"position\":3,\"name\":\"Pjaustymo pad\u0117klas Apli Premium\"}]},{\"@type\":\"WebSite\",\"@id\":\"https:\/\/hobstop.ee\/lt\/#website\",\"url\":\"https:\/\/hobstop.ee\/lt\/\",\"name\":\"Skizze\",\"description\":\"Dail\u0117s, pom\u0117gi\u0173 ir mokykliniai reikm\u0117nys\",\"publisher\":{\"@id\":\"https:\/\/hobstop.ee\/lt\/#organization\"},\"potentialAction\":[{\"@type\":\"SearchAction\",\"target\":{\"@type\":\"EntryPoint\",\"urlTemplate\":\"https:\/\/hobstop.ee\/lt\/?s={search_term_string}\"},\"query-input\":{\"@type\":\"PropertyValueSpecification\",\"valueRequired\":true,\"valueName\":\"search_term_string\"}}],\"inLanguage\":\"lt\"},{\"@type\":\"Organization\",\"@id\":\"https:\/\/hobstop.ee\/lt\/#organization\",\"name\":\"Vunder AS\",\"url\":\"https:\/\/hobstop.ee\/lt\/\",\"logo\":{\"@type\":\"ImageObject\",\"inLanguage\":\"lt\",\"@id\":\"https:\/\/hobstop.ee\/lt\/#\/schema\/logo\/image\/\",\"url\":\"https:\/\/hobstop.ee\/media\/vunder-logo.png\",\"contentUrl\":\"https:\/\/hobstop.ee\/media\/vunder-logo.png\",\"width\":127,\"height\":55,\"caption\":\"Vunder AS\"},\"image\":{\"@id\":\"https:\/\/hobstop.ee\/lt\/#\/schema\/logo\/image\/\"},\"sameAs\":[\"http:\/\/www.facebook.com\/VunderSkizze\"]}]}<\/script>\n<!-- \/ Yoast SEO plugin. -->","yoast_head_json":{"title":"Pjaustymo pad\u0117klas Apli Premium &#8211; Skizze","robots":{"index":"noindex","follow":"follow","max-snippet":"max-snippet:-1","max-image-preview":"max-image-preview:large","max-video-preview":"max-video-preview:-1"},"og_locale":"lt_LT","og_type":"article","og_title":"Pjaustymo pad\u0117klas Apli Premium &#8211; Skizze","og_description":"Pjaustymo pad\u0117klas \u201eApli\u201c puikiai tinka rankdarbiams ir \u012fvairiems projektams, stalo pavir\u0161i\u0173 apsaugo nuo pj\u016bvi\u0173 ir subrai\u017eym\u0173. Pjaustymo pad\u0117klas \u201eApli Premium\u201c yra pagamintas i\u0161 5mm storio PVC med\u017eiagos, tod\u0117l storesnis nei \u012fprastas \u201eApli\u201c pjaustymo pad\u0117klas. Auk\u0161tos kokyb\u0117s ir ypa\u010d tvirtas, tod\u0117l yra itin patvarumus, o pilkos spalvos \u017eym\u0117jimai ir \u0161ablonai ant juodo fono u\u017etikrina dar geresn\u012f pjovimo tikslum\u0105. Pagrindas yra neslidus, o med\u017eiaga yra savaime u\u017esitraukianti, pj\u016bviai i\u0161nyksta savaime, tod\u0117l peiliai ir pjaustytuvai ilgai i\u0161lieka a\u0161tr\u016bs. Kad j\u016bs\u0173 projektai b\u016bt\u0173 kuo tikslesni, ant pjaustymo pad\u0117klo taip pat yra atspausdintas cm ir mm tinklelis, o taip pat \u012fvairi\u0173 kamp\u0173 \u017eym\u0117jimas. Pad\u0117kl\u0105 taip pat tinka naudoti kaip pel\u0117s kilim\u0117l\u012f.","og_url":"https:\/\/hobstop.ee\/lt\/produktas\/pjaustymo-padeklas-apli-premium\/","og_site_name":"Skizze","article_publisher":"http:\/\/www.facebook.com\/VunderSkizze","og_image":[{"width":1024,"height":768,"url":"https:\/\/hobstop.ee\/media\/5086.jpg","type":"image\/jpeg"}],"twitter_card":"summary_large_image","twitter_misc":{"Est. reading time":"1 minute"},"schema":{"@context":"https:\/\/schema.org","@graph":[{"@type":"WebPage","@id":"https:\/\/hobstop.ee\/lt\/produktas\/pjaustymo-padeklas-apli-premium\/","url":"https:\/\/hobstop.ee\/lt\/produktas\/pjaustymo-padeklas-apli-premium\/","name":"Pjaustymo pad\u0117klas Apli Premium &#8211; Skizze","isPartOf":{"@id":"https:\/\/hobstop.ee\/lt\/#website"},"primaryImageOfPage":{"@id":"https:\/\/hobstop.ee\/lt\/produktas\/pjaustymo-padeklas-apli-premium\/#primaryimage"},"image":{"@id":"https:\/\/hobstop.ee\/lt\/produktas\/pjaustymo-padeklas-apli-premium\/#primaryimage"},"thumbnailUrl":"https:\/\/hobstop.ee\/media\/5086.jpg","datePublished":"2020-04-01T12:03:39+00:00","dateModified":"2020-04-01T12:03:39+00:00","breadcrumb":{"@id":"https:\/\/hobstop.ee\/lt\/produktas\/pjaustymo-padeklas-apli-premium\/#breadcrumb"},"inLanguage":"lt","potentialAction":[{"@type":"ReadAction","target":["https:\/\/hobstop.ee\/lt\/produktas\/pjaustymo-padeklas-apli-premium\/"]}]},{"@type":"ImageObject","inLanguage":"lt","@id":"https:\/\/hobstop.ee\/lt\/produktas\/pjaustymo-padeklas-apli-premium\/#primaryimage","url":"https:\/\/hobstop.ee\/media\/5086.jpg","contentUrl":"https:\/\/hobstop.ee\/media\/5086.jpg","width":1024,"height":768},{"@type":"BreadcrumbList","@id":"https:\/\/hobstop.ee\/lt\/produktas\/pjaustymo-padeklas-apli-premium\/#breadcrumb","itemListElement":[{"@type":"ListItem","position":1,"name":"Avaleht","item":"https:\/\/hobstop.ee\/lt\/"},{"@type":"ListItem","position":2,"name":"Parduotuv\u0117","item":"https:\/\/hobstop.ee\/lt\/parduotuve\/"},{"@type":"ListItem","position":3,"name":"Pjaustymo pad\u0117klas Apli Premium"}]},{"@type":"WebSite","@id":"https:\/\/hobstop.ee\/lt\/#website","url":"https:\/\/hobstop.ee\/lt\/","name":"Skizze","description":"Dail\u0117s, pom\u0117gi\u0173 ir mokykliniai reikm\u0117nys","publisher":{"@id":"https:\/\/hobstop.ee\/lt\/#organization"},"potentialAction":[{"@type":"SearchAction","target":{"@type":"EntryPoint","urlTemplate":"https:\/\/hobstop.ee\/lt\/?s={search_term_string}"},"query-input":{"@type":"PropertyValueSpecification","valueRequired":true,"valueName":"search_term_string"}}],"inLanguage":"lt"},{"@type":"Organization","@id":"https:\/\/hobstop.ee\/lt\/#organization","name":"Vunder AS","url":"https:\/\/hobstop.ee\/lt\/","logo":{"@type":"ImageObject","inLanguage":"lt","@id":"https:\/\/hobstop.ee\/lt\/#\/schema\/logo\/image\/","url":"https:\/\/hobstop.ee\/media\/vunder-logo.png","contentUrl":"https:\/\/hobstop.ee\/media\/vunder-logo.png","width":127,"height":55,"caption":"Vunder AS"},"image":{"@id":"https:\/\/hobstop.ee\/lt\/#\/schema\/logo\/image\/"},"sameAs":["http:\/\/www.facebook.com\/VunderSkizze"]}]}},"_links":{"self":[{"href":"https:\/\/hobstop.ee\/lt\/wp-json\/wp\/v2\/product\/341036","targetHints":{"allow":["GET"]}}],"collection":[{"href":"https:\/\/hobstop.ee\/lt\/wp-json\/wp\/v2\/product"}],"about":[{"href":"https:\/\/hobstop.ee\/lt\/wp-json\/wp\/v2\/types\/product"}],"replies":[{"embeddable":true,"href":"https:\/\/hobstop.ee\/lt\/wp-json\/wp\/v2\/comments?post=341036"}],"wp:featuredmedia":[{"embeddable":true,"href":"https:\/\/hobstop.ee\/lt\/wp-json\/wp\/v2\/media\/353444"}],"wp:attachment":[{"href":"https:\/\/hobstop.ee\/lt\/wp-json\/wp\/v2\/media?parent=341036"}],"wp:term":[{"taxonomy":"product_cat","embeddable":true,"href":"https:\/\/hobstop.ee\/lt\/wp-json\/wp\/v2\/product_cat?post=341036"},{"taxonomy":"product_tag","embeddable":true,"href":"https:\/\/hobstop.ee\/lt\/wp-json\/wp\/v2\/product_tag?post=341036"}],"curies":[{"name":"wp","href":"https:\/\/api.w.org\/{rel}","templated":true}]}}