{"id":341048,"date":"2020-04-01T15:03:58","date_gmt":"2020-04-01T12:04:04","guid":{"rendered":"https:\/\/sharks.ee\/vunder_2019\/product\/lipni-putu-mase-apli-5x5x3mm\/"},"modified":"2020-04-01T15:04:04","modified_gmt":"2020-04-01T12:04:04","slug":"lipni-putu-mase-apli-5x5x3mm","status":"publish","type":"product","link":"https:\/\/hobstop.ee\/lt\/produktas\/lipni-putu-mase-apli-5x5x3mm\/","title":{"rendered":"Lipni put\u0173 mas\u0117 Apli 5x5x3mm"},"content":{"rendered":"<p>Putplas\u010dio juost\u0105 primenan\u010dios supjaustytos 3D lipnios pagalv\u0117l\u0117s su t\u016brio efektu. Idealiai tinka suteikti apimt\u012f ir 3D efektus rankdarbiams, nuotraukomis ir skrebinimo kompozicijomis (raid\u0117mis, dekoracijomis ir kt.). Lengvai naudojamos. Nuimkite nuo lapo lipni\u0105 kempin\u0117l\u0119, pad\u0117kite ant pavir\u0161iaus ir paspauskite, kad gerai prilipt\u0173; nuimkite vir\u0161utin\u012f popieri\u0173, pad\u0117kite ir \u0161velniai paspauskite ant norimo pavir\u0161iaus.<\/p>\n","protected":false},"excerpt":{"rendered":"<p>Putplas\u010dio juost\u0105 primenan\u010dios supjaustytos 3D lipnios pagalv\u0117l\u0117s su t\u016brio efektu. Idealiai tinka suteikti apimt\u012f ir 3D efektus rankdarbiams, nuotraukomis ir skrebinimo kompozicijomis (raid\u0117mis, dekoracijomis ir kt.). Lengvai naudojamos. Nuimkite nuo lapo lipni\u0105 kempin\u0117l\u0119, pad\u0117kite ant pavir\u0161iaus ir paspauskite, kad gerai prilipt\u0173; nuimkite vir\u0161utin\u012f popieri\u0173, pad\u0117kite ir \u0161velniai paspauskite ant norimo pavir\u0161iaus.<\/p>\n","protected":false},"featured_media":353440,"comment_status":"closed","ping_status":"closed","template":"","meta":{"_acf_changed":false,"ep_exclude_from_search":false},"product_cat":[20361],"product_tag":[],"class_list":{"0":"post-341048","1":"product","2":"type-product","3":"status-publish","4":"has-post-thumbnail","6":"product_cat-maaramata","8":"first","9":"instock","10":"taxable","11":"shipping-taxable","12":"product-type-simple"},"acf":[],"yoast_head":"<!-- This site is optimized with the Yoast SEO plugin v24.1 - https:\/\/yoast.com\/wordpress\/plugins\/seo\/ -->\n<title>Lipni put\u0173 mas\u0117 Apli 5x5x3mm &#8211; Skizze<\/title>\n<meta name=\"robots\" content=\"noindex, follow, max-snippet:-1, max-image-preview:large, max-video-preview:-1\" \/>\n<meta property=\"og:locale\" content=\"lt_LT\" \/>\n<meta property=\"og:type\" content=\"article\" \/>\n<meta property=\"og:title\" content=\"Lipni put\u0173 mas\u0117 Apli 5x5x3mm &#8211; Skizze\" \/>\n<meta property=\"og:description\" content=\"Putplas\u010dio juost\u0105 primenan\u010dios supjaustytos 3D lipnios pagalv\u0117l\u0117s su t\u016brio efektu. Idealiai tinka suteikti apimt\u012f ir 3D efektus rankdarbiams, nuotraukomis ir skrebinimo kompozicijomis (raid\u0117mis, dekoracijomis ir kt.). Lengvai naudojamos. Nuimkite nuo lapo lipni\u0105 kempin\u0117l\u0119, pad\u0117kite ant pavir\u0161iaus ir paspauskite, kad gerai prilipt\u0173; nuimkite vir\u0161utin\u012f popieri\u0173, pad\u0117kite ir \u0161velniai paspauskite ant norimo pavir\u0161iaus.\" \/>\n<meta property=\"og:url\" content=\"https:\/\/hobstop.ee\/lt\/produktas\/lipni-putu-mase-apli-5x5x3mm\/\" \/>\n<meta property=\"og:site_name\" content=\"Skizze\" \/>\n<meta property=\"article:publisher\" content=\"http:\/\/www.facebook.com\/VunderSkizze\" \/>\n<meta property=\"og:image\" content=\"https:\/\/hobstop.ee\/media\/5091.jpg\" \/>\n\t<meta property=\"og:image:width\" content=\"1024\" \/>\n\t<meta property=\"og:image:height\" content=\"768\" \/>\n\t<meta property=\"og:image:type\" content=\"image\/jpeg\" \/>\n<meta name=\"twitter:card\" content=\"summary_large_image\" \/>\n<script type=\"application\/ld+json\" class=\"yoast-schema-graph\">{\"@context\":\"https:\/\/schema.org\",\"@graph\":[{\"@type\":\"WebPage\",\"@id\":\"https:\/\/hobstop.ee\/lt\/produktas\/lipni-putu-mase-apli-5x5x3mm\/\",\"url\":\"https:\/\/hobstop.ee\/lt\/produktas\/lipni-putu-mase-apli-5x5x3mm\/\",\"name\":\"Lipni put\u0173 mas\u0117 Apli 5x5x3mm &#8211; Skizze\",\"isPartOf\":{\"@id\":\"https:\/\/hobstop.ee\/lt\/#website\"},\"primaryImageOfPage\":{\"@id\":\"https:\/\/hobstop.ee\/lt\/produktas\/lipni-putu-mase-apli-5x5x3mm\/#primaryimage\"},\"image\":{\"@id\":\"https:\/\/hobstop.ee\/lt\/produktas\/lipni-putu-mase-apli-5x5x3mm\/#primaryimage\"},\"thumbnailUrl\":\"https:\/\/hobstop.ee\/media\/5091.jpg\",\"datePublished\":\"2020-04-01T12:04:04+00:00\",\"dateModified\":\"2020-04-01T12:04:04+00:00\",\"breadcrumb\":{\"@id\":\"https:\/\/hobstop.ee\/lt\/produktas\/lipni-putu-mase-apli-5x5x3mm\/#breadcrumb\"},\"inLanguage\":\"lt\",\"potentialAction\":[{\"@type\":\"ReadAction\",\"target\":[\"https:\/\/hobstop.ee\/lt\/produktas\/lipni-putu-mase-apli-5x5x3mm\/\"]}]},{\"@type\":\"ImageObject\",\"inLanguage\":\"lt\",\"@id\":\"https:\/\/hobstop.ee\/lt\/produktas\/lipni-putu-mase-apli-5x5x3mm\/#primaryimage\",\"url\":\"https:\/\/hobstop.ee\/media\/5091.jpg\",\"contentUrl\":\"https:\/\/hobstop.ee\/media\/5091.jpg\",\"width\":1024,\"height\":768},{\"@type\":\"BreadcrumbList\",\"@id\":\"https:\/\/hobstop.ee\/lt\/produktas\/lipni-putu-mase-apli-5x5x3mm\/#breadcrumb\",\"itemListElement\":[{\"@type\":\"ListItem\",\"position\":1,\"name\":\"Avaleht\",\"item\":\"https:\/\/hobstop.ee\/lt\/\"},{\"@type\":\"ListItem\",\"position\":2,\"name\":\"Parduotuv\u0117\",\"item\":\"https:\/\/hobstop.ee\/lt\/parduotuve\/\"},{\"@type\":\"ListItem\",\"position\":3,\"name\":\"Lipni put\u0173 mas\u0117 Apli 5x5x3mm\"}]},{\"@type\":\"WebSite\",\"@id\":\"https:\/\/hobstop.ee\/lt\/#website\",\"url\":\"https:\/\/hobstop.ee\/lt\/\",\"name\":\"Skizze\",\"description\":\"Dail\u0117s, pom\u0117gi\u0173 ir mokykliniai reikm\u0117nys\",\"publisher\":{\"@id\":\"https:\/\/hobstop.ee\/lt\/#organization\"},\"potentialAction\":[{\"@type\":\"SearchAction\",\"target\":{\"@type\":\"EntryPoint\",\"urlTemplate\":\"https:\/\/hobstop.ee\/lt\/?s={search_term_string}\"},\"query-input\":{\"@type\":\"PropertyValueSpecification\",\"valueRequired\":true,\"valueName\":\"search_term_string\"}}],\"inLanguage\":\"lt\"},{\"@type\":\"Organization\",\"@id\":\"https:\/\/hobstop.ee\/lt\/#organization\",\"name\":\"Vunder AS\",\"url\":\"https:\/\/hobstop.ee\/lt\/\",\"logo\":{\"@type\":\"ImageObject\",\"inLanguage\":\"lt\",\"@id\":\"https:\/\/hobstop.ee\/lt\/#\/schema\/logo\/image\/\",\"url\":\"https:\/\/hobstop.ee\/media\/vunder-logo.png\",\"contentUrl\":\"https:\/\/hobstop.ee\/media\/vunder-logo.png\",\"width\":127,\"height\":55,\"caption\":\"Vunder AS\"},\"image\":{\"@id\":\"https:\/\/hobstop.ee\/lt\/#\/schema\/logo\/image\/\"},\"sameAs\":[\"http:\/\/www.facebook.com\/VunderSkizze\"]}]}<\/script>\n<!-- \/ Yoast SEO plugin. -->","yoast_head_json":{"title":"Lipni put\u0173 mas\u0117 Apli 5x5x3mm &#8211; Skizze","robots":{"index":"noindex","follow":"follow","max-snippet":"max-snippet:-1","max-image-preview":"max-image-preview:large","max-video-preview":"max-video-preview:-1"},"og_locale":"lt_LT","og_type":"article","og_title":"Lipni put\u0173 mas\u0117 Apli 5x5x3mm &#8211; Skizze","og_description":"Putplas\u010dio juost\u0105 primenan\u010dios supjaustytos 3D lipnios pagalv\u0117l\u0117s su t\u016brio efektu. Idealiai tinka suteikti apimt\u012f ir 3D efektus rankdarbiams, nuotraukomis ir skrebinimo kompozicijomis (raid\u0117mis, dekoracijomis ir kt.). Lengvai naudojamos. Nuimkite nuo lapo lipni\u0105 kempin\u0117l\u0119, pad\u0117kite ant pavir\u0161iaus ir paspauskite, kad gerai prilipt\u0173; nuimkite vir\u0161utin\u012f popieri\u0173, pad\u0117kite ir \u0161velniai paspauskite ant norimo pavir\u0161iaus.","og_url":"https:\/\/hobstop.ee\/lt\/produktas\/lipni-putu-mase-apli-5x5x3mm\/","og_site_name":"Skizze","article_publisher":"http:\/\/www.facebook.com\/VunderSkizze","og_image":[{"width":1024,"height":768,"url":"https:\/\/hobstop.ee\/media\/5091.jpg","type":"image\/jpeg"}],"twitter_card":"summary_large_image","schema":{"@context":"https:\/\/schema.org","@graph":[{"@type":"WebPage","@id":"https:\/\/hobstop.ee\/lt\/produktas\/lipni-putu-mase-apli-5x5x3mm\/","url":"https:\/\/hobstop.ee\/lt\/produktas\/lipni-putu-mase-apli-5x5x3mm\/","name":"Lipni put\u0173 mas\u0117 Apli 5x5x3mm &#8211; Skizze","isPartOf":{"@id":"https:\/\/hobstop.ee\/lt\/#website"},"primaryImageOfPage":{"@id":"https:\/\/hobstop.ee\/lt\/produktas\/lipni-putu-mase-apli-5x5x3mm\/#primaryimage"},"image":{"@id":"https:\/\/hobstop.ee\/lt\/produktas\/lipni-putu-mase-apli-5x5x3mm\/#primaryimage"},"thumbnailUrl":"https:\/\/hobstop.ee\/media\/5091.jpg","datePublished":"2020-04-01T12:04:04+00:00","dateModified":"2020-04-01T12:04:04+00:00","breadcrumb":{"@id":"https:\/\/hobstop.ee\/lt\/produktas\/lipni-putu-mase-apli-5x5x3mm\/#breadcrumb"},"inLanguage":"lt","potentialAction":[{"@type":"ReadAction","target":["https:\/\/hobstop.ee\/lt\/produktas\/lipni-putu-mase-apli-5x5x3mm\/"]}]},{"@type":"ImageObject","inLanguage":"lt","@id":"https:\/\/hobstop.ee\/lt\/produktas\/lipni-putu-mase-apli-5x5x3mm\/#primaryimage","url":"https:\/\/hobstop.ee\/media\/5091.jpg","contentUrl":"https:\/\/hobstop.ee\/media\/5091.jpg","width":1024,"height":768},{"@type":"BreadcrumbList","@id":"https:\/\/hobstop.ee\/lt\/produktas\/lipni-putu-mase-apli-5x5x3mm\/#breadcrumb","itemListElement":[{"@type":"ListItem","position":1,"name":"Avaleht","item":"https:\/\/hobstop.ee\/lt\/"},{"@type":"ListItem","position":2,"name":"Parduotuv\u0117","item":"https:\/\/hobstop.ee\/lt\/parduotuve\/"},{"@type":"ListItem","position":3,"name":"Lipni put\u0173 mas\u0117 Apli 5x5x3mm"}]},{"@type":"WebSite","@id":"https:\/\/hobstop.ee\/lt\/#website","url":"https:\/\/hobstop.ee\/lt\/","name":"Skizze","description":"Dail\u0117s, pom\u0117gi\u0173 ir mokykliniai reikm\u0117nys","publisher":{"@id":"https:\/\/hobstop.ee\/lt\/#organization"},"potentialAction":[{"@type":"SearchAction","target":{"@type":"EntryPoint","urlTemplate":"https:\/\/hobstop.ee\/lt\/?s={search_term_string}"},"query-input":{"@type":"PropertyValueSpecification","valueRequired":true,"valueName":"search_term_string"}}],"inLanguage":"lt"},{"@type":"Organization","@id":"https:\/\/hobstop.ee\/lt\/#organization","name":"Vunder AS","url":"https:\/\/hobstop.ee\/lt\/","logo":{"@type":"ImageObject","inLanguage":"lt","@id":"https:\/\/hobstop.ee\/lt\/#\/schema\/logo\/image\/","url":"https:\/\/hobstop.ee\/media\/vunder-logo.png","contentUrl":"https:\/\/hobstop.ee\/media\/vunder-logo.png","width":127,"height":55,"caption":"Vunder AS"},"image":{"@id":"https:\/\/hobstop.ee\/lt\/#\/schema\/logo\/image\/"},"sameAs":["http:\/\/www.facebook.com\/VunderSkizze"]}]}},"_links":{"self":[{"href":"https:\/\/hobstop.ee\/lt\/wp-json\/wp\/v2\/product\/341048","targetHints":{"allow":["GET"]}}],"collection":[{"href":"https:\/\/hobstop.ee\/lt\/wp-json\/wp\/v2\/product"}],"about":[{"href":"https:\/\/hobstop.ee\/lt\/wp-json\/wp\/v2\/types\/product"}],"replies":[{"embeddable":true,"href":"https:\/\/hobstop.ee\/lt\/wp-json\/wp\/v2\/comments?post=341048"}],"wp:featuredmedia":[{"embeddable":true,"href":"https:\/\/hobstop.ee\/lt\/wp-json\/wp\/v2\/media\/353440"}],"wp:attachment":[{"href":"https:\/\/hobstop.ee\/lt\/wp-json\/wp\/v2\/media?parent=341048"}],"wp:term":[{"taxonomy":"product_cat","embeddable":true,"href":"https:\/\/hobstop.ee\/lt\/wp-json\/wp\/v2\/product_cat?post=341048"},{"taxonomy":"product_tag","embeddable":true,"href":"https:\/\/hobstop.ee\/lt\/wp-json\/wp\/v2\/product_tag?post=341048"}],"curies":[{"name":"wp","href":"https:\/\/api.w.org\/{rel}","templated":true}]}}