{"id":341084,"date":"2020-04-01T15:05:09","date_gmt":"2020-04-01T12:05:15","guid":{"rendered":"https:\/\/sharks.ee\/vunder_2019\/product\/geliniai-rasikliai-istrinamas-mg-ierase-ii\/"},"modified":"2020-04-01T15:05:15","modified_gmt":"2020-04-01T12:05:15","slug":"geliniai-rasikliai-istrinamas-mg-ierase-ii","status":"publish","type":"product","link":"https:\/\/hobstop.ee\/lt\/produktas\/geliniai-rasikliai-istrinamas-mg-ierase-ii\/","title":{"rendered":"Geliniai ra\u0161ikliai i\u0161trinamas M&#038;G iErase II"},"content":{"rendered":"<p>I\u0161trinamas, temperat\u016bros skirtumams jautrus tu\u0161as. Tekst\u0105 galima pa\u017eym\u0117ti, \u017eymes i\u0161trinti ir v\u0117l pa\u017eym\u0117ti, o tekstas i\u0161liks nepa\u017eeistas.<\/p>\n","protected":false},"excerpt":{"rendered":"<p>I\u0161trinamas, temperat\u016bros skirtumams jautrus tu\u0161as. Tekst\u0105 galima pa\u017eym\u0117ti, \u017eymes i\u0161trinti ir v\u0117l pa\u017eym\u0117ti, o tekstas i\u0161liks nepa\u017eeistas.<\/p>\n","protected":false},"featured_media":353524,"comment_status":"closed","ping_status":"closed","template":"","meta":{"_acf_changed":false,"ep_exclude_from_search":false},"product_cat":[20361],"product_tag":[],"class_list":{"0":"post-341084","1":"product","2":"type-product","3":"status-publish","4":"has-post-thumbnail","6":"product_cat-maaramata","8":"first","9":"instock","10":"taxable","11":"shipping-taxable","12":"product-type-simple"},"acf":[],"yoast_head":"<!-- This site is optimized with the Yoast SEO plugin v24.1 - https:\/\/yoast.com\/wordpress\/plugins\/seo\/ -->\n<title>Geliniai ra\u0161ikliai i\u0161trinamas M&amp;G iErase II &#8211; Skizze<\/title>\n<meta name=\"robots\" content=\"noindex, follow, max-snippet:-1, max-image-preview:large, max-video-preview:-1\" \/>\n<meta property=\"og:locale\" content=\"lt_LT\" \/>\n<meta property=\"og:type\" content=\"article\" \/>\n<meta property=\"og:title\" content=\"Geliniai ra\u0161ikliai i\u0161trinamas M&amp;G iErase II &#8211; Skizze\" \/>\n<meta property=\"og:description\" content=\"I\u0161trinamas, temperat\u016bros skirtumams jautrus tu\u0161as. Tekst\u0105 galima pa\u017eym\u0117ti, \u017eymes i\u0161trinti ir v\u0117l pa\u017eym\u0117ti, o tekstas i\u0161liks nepa\u017eeistas.\" \/>\n<meta property=\"og:url\" content=\"https:\/\/hobstop.ee\/lt\/produktas\/geliniai-rasikliai-istrinamas-mg-ierase-ii\/\" \/>\n<meta property=\"og:site_name\" content=\"Skizze\" \/>\n<meta property=\"article:publisher\" content=\"http:\/\/www.facebook.com\/VunderSkizze\" \/>\n<meta property=\"og:image\" content=\"https:\/\/hobstop.ee\/media\/5103.jpg\" \/>\n\t<meta property=\"og:image:width\" content=\"1024\" \/>\n\t<meta property=\"og:image:height\" content=\"768\" \/>\n\t<meta property=\"og:image:type\" content=\"image\/jpeg\" \/>\n<meta name=\"twitter:card\" content=\"summary_large_image\" \/>\n<script type=\"application\/ld+json\" class=\"yoast-schema-graph\">{\"@context\":\"https:\/\/schema.org\",\"@graph\":[{\"@type\":\"WebPage\",\"@id\":\"https:\/\/hobstop.ee\/lt\/produktas\/geliniai-rasikliai-istrinamas-mg-ierase-ii\/\",\"url\":\"https:\/\/hobstop.ee\/lt\/produktas\/geliniai-rasikliai-istrinamas-mg-ierase-ii\/\",\"name\":\"Geliniai ra\u0161ikliai i\u0161trinamas M&G iErase II &#8211; Skizze\",\"isPartOf\":{\"@id\":\"https:\/\/hobstop.ee\/lt\/#website\"},\"primaryImageOfPage\":{\"@id\":\"https:\/\/hobstop.ee\/lt\/produktas\/geliniai-rasikliai-istrinamas-mg-ierase-ii\/#primaryimage\"},\"image\":{\"@id\":\"https:\/\/hobstop.ee\/lt\/produktas\/geliniai-rasikliai-istrinamas-mg-ierase-ii\/#primaryimage\"},\"thumbnailUrl\":\"https:\/\/hobstop.ee\/media\/5103.jpg\",\"datePublished\":\"2020-04-01T12:05:15+00:00\",\"dateModified\":\"2020-04-01T12:05:15+00:00\",\"breadcrumb\":{\"@id\":\"https:\/\/hobstop.ee\/lt\/produktas\/geliniai-rasikliai-istrinamas-mg-ierase-ii\/#breadcrumb\"},\"inLanguage\":\"lt\",\"potentialAction\":[{\"@type\":\"ReadAction\",\"target\":[\"https:\/\/hobstop.ee\/lt\/produktas\/geliniai-rasikliai-istrinamas-mg-ierase-ii\/\"]}]},{\"@type\":\"ImageObject\",\"inLanguage\":\"lt\",\"@id\":\"https:\/\/hobstop.ee\/lt\/produktas\/geliniai-rasikliai-istrinamas-mg-ierase-ii\/#primaryimage\",\"url\":\"https:\/\/hobstop.ee\/media\/5103.jpg\",\"contentUrl\":\"https:\/\/hobstop.ee\/media\/5103.jpg\",\"width\":1024,\"height\":768},{\"@type\":\"BreadcrumbList\",\"@id\":\"https:\/\/hobstop.ee\/lt\/produktas\/geliniai-rasikliai-istrinamas-mg-ierase-ii\/#breadcrumb\",\"itemListElement\":[{\"@type\":\"ListItem\",\"position\":1,\"name\":\"Avaleht\",\"item\":\"https:\/\/hobstop.ee\/lt\/\"},{\"@type\":\"ListItem\",\"position\":2,\"name\":\"Parduotuv\u0117\",\"item\":\"https:\/\/hobstop.ee\/lt\/parduotuve\/\"},{\"@type\":\"ListItem\",\"position\":3,\"name\":\"Geliniai ra\u0161ikliai i\u0161trinamas M&#038;G iErase II\"}]},{\"@type\":\"WebSite\",\"@id\":\"https:\/\/hobstop.ee\/lt\/#website\",\"url\":\"https:\/\/hobstop.ee\/lt\/\",\"name\":\"Skizze\",\"description\":\"Dail\u0117s, pom\u0117gi\u0173 ir mokykliniai reikm\u0117nys\",\"publisher\":{\"@id\":\"https:\/\/hobstop.ee\/lt\/#organization\"},\"potentialAction\":[{\"@type\":\"SearchAction\",\"target\":{\"@type\":\"EntryPoint\",\"urlTemplate\":\"https:\/\/hobstop.ee\/lt\/?s={search_term_string}\"},\"query-input\":{\"@type\":\"PropertyValueSpecification\",\"valueRequired\":true,\"valueName\":\"search_term_string\"}}],\"inLanguage\":\"lt\"},{\"@type\":\"Organization\",\"@id\":\"https:\/\/hobstop.ee\/lt\/#organization\",\"name\":\"Vunder AS\",\"url\":\"https:\/\/hobstop.ee\/lt\/\",\"logo\":{\"@type\":\"ImageObject\",\"inLanguage\":\"lt\",\"@id\":\"https:\/\/hobstop.ee\/lt\/#\/schema\/logo\/image\/\",\"url\":\"https:\/\/hobstop.ee\/media\/vunder-logo.png\",\"contentUrl\":\"https:\/\/hobstop.ee\/media\/vunder-logo.png\",\"width\":127,\"height\":55,\"caption\":\"Vunder AS\"},\"image\":{\"@id\":\"https:\/\/hobstop.ee\/lt\/#\/schema\/logo\/image\/\"},\"sameAs\":[\"http:\/\/www.facebook.com\/VunderSkizze\"]}]}<\/script>\n<!-- \/ Yoast SEO plugin. -->","yoast_head_json":{"title":"Geliniai ra\u0161ikliai i\u0161trinamas M&G iErase II &#8211; Skizze","robots":{"index":"noindex","follow":"follow","max-snippet":"max-snippet:-1","max-image-preview":"max-image-preview:large","max-video-preview":"max-video-preview:-1"},"og_locale":"lt_LT","og_type":"article","og_title":"Geliniai ra\u0161ikliai i\u0161trinamas M&G iErase II &#8211; Skizze","og_description":"I\u0161trinamas, temperat\u016bros skirtumams jautrus tu\u0161as. Tekst\u0105 galima pa\u017eym\u0117ti, \u017eymes i\u0161trinti ir v\u0117l pa\u017eym\u0117ti, o tekstas i\u0161liks nepa\u017eeistas.","og_url":"https:\/\/hobstop.ee\/lt\/produktas\/geliniai-rasikliai-istrinamas-mg-ierase-ii\/","og_site_name":"Skizze","article_publisher":"http:\/\/www.facebook.com\/VunderSkizze","og_image":[{"width":1024,"height":768,"url":"https:\/\/hobstop.ee\/media\/5103.jpg","type":"image\/jpeg"}],"twitter_card":"summary_large_image","schema":{"@context":"https:\/\/schema.org","@graph":[{"@type":"WebPage","@id":"https:\/\/hobstop.ee\/lt\/produktas\/geliniai-rasikliai-istrinamas-mg-ierase-ii\/","url":"https:\/\/hobstop.ee\/lt\/produktas\/geliniai-rasikliai-istrinamas-mg-ierase-ii\/","name":"Geliniai ra\u0161ikliai i\u0161trinamas M&G iErase II &#8211; Skizze","isPartOf":{"@id":"https:\/\/hobstop.ee\/lt\/#website"},"primaryImageOfPage":{"@id":"https:\/\/hobstop.ee\/lt\/produktas\/geliniai-rasikliai-istrinamas-mg-ierase-ii\/#primaryimage"},"image":{"@id":"https:\/\/hobstop.ee\/lt\/produktas\/geliniai-rasikliai-istrinamas-mg-ierase-ii\/#primaryimage"},"thumbnailUrl":"https:\/\/hobstop.ee\/media\/5103.jpg","datePublished":"2020-04-01T12:05:15+00:00","dateModified":"2020-04-01T12:05:15+00:00","breadcrumb":{"@id":"https:\/\/hobstop.ee\/lt\/produktas\/geliniai-rasikliai-istrinamas-mg-ierase-ii\/#breadcrumb"},"inLanguage":"lt","potentialAction":[{"@type":"ReadAction","target":["https:\/\/hobstop.ee\/lt\/produktas\/geliniai-rasikliai-istrinamas-mg-ierase-ii\/"]}]},{"@type":"ImageObject","inLanguage":"lt","@id":"https:\/\/hobstop.ee\/lt\/produktas\/geliniai-rasikliai-istrinamas-mg-ierase-ii\/#primaryimage","url":"https:\/\/hobstop.ee\/media\/5103.jpg","contentUrl":"https:\/\/hobstop.ee\/media\/5103.jpg","width":1024,"height":768},{"@type":"BreadcrumbList","@id":"https:\/\/hobstop.ee\/lt\/produktas\/geliniai-rasikliai-istrinamas-mg-ierase-ii\/#breadcrumb","itemListElement":[{"@type":"ListItem","position":1,"name":"Avaleht","item":"https:\/\/hobstop.ee\/lt\/"},{"@type":"ListItem","position":2,"name":"Parduotuv\u0117","item":"https:\/\/hobstop.ee\/lt\/parduotuve\/"},{"@type":"ListItem","position":3,"name":"Geliniai ra\u0161ikliai i\u0161trinamas M&#038;G iErase II"}]},{"@type":"WebSite","@id":"https:\/\/hobstop.ee\/lt\/#website","url":"https:\/\/hobstop.ee\/lt\/","name":"Skizze","description":"Dail\u0117s, pom\u0117gi\u0173 ir mokykliniai reikm\u0117nys","publisher":{"@id":"https:\/\/hobstop.ee\/lt\/#organization"},"potentialAction":[{"@type":"SearchAction","target":{"@type":"EntryPoint","urlTemplate":"https:\/\/hobstop.ee\/lt\/?s={search_term_string}"},"query-input":{"@type":"PropertyValueSpecification","valueRequired":true,"valueName":"search_term_string"}}],"inLanguage":"lt"},{"@type":"Organization","@id":"https:\/\/hobstop.ee\/lt\/#organization","name":"Vunder AS","url":"https:\/\/hobstop.ee\/lt\/","logo":{"@type":"ImageObject","inLanguage":"lt","@id":"https:\/\/hobstop.ee\/lt\/#\/schema\/logo\/image\/","url":"https:\/\/hobstop.ee\/media\/vunder-logo.png","contentUrl":"https:\/\/hobstop.ee\/media\/vunder-logo.png","width":127,"height":55,"caption":"Vunder AS"},"image":{"@id":"https:\/\/hobstop.ee\/lt\/#\/schema\/logo\/image\/"},"sameAs":["http:\/\/www.facebook.com\/VunderSkizze"]}]}},"_links":{"self":[{"href":"https:\/\/hobstop.ee\/lt\/wp-json\/wp\/v2\/product\/341084","targetHints":{"allow":["GET"]}}],"collection":[{"href":"https:\/\/hobstop.ee\/lt\/wp-json\/wp\/v2\/product"}],"about":[{"href":"https:\/\/hobstop.ee\/lt\/wp-json\/wp\/v2\/types\/product"}],"replies":[{"embeddable":true,"href":"https:\/\/hobstop.ee\/lt\/wp-json\/wp\/v2\/comments?post=341084"}],"wp:featuredmedia":[{"embeddable":true,"href":"https:\/\/hobstop.ee\/lt\/wp-json\/wp\/v2\/media\/353524"}],"wp:attachment":[{"href":"https:\/\/hobstop.ee\/lt\/wp-json\/wp\/v2\/media?parent=341084"}],"wp:term":[{"taxonomy":"product_cat","embeddable":true,"href":"https:\/\/hobstop.ee\/lt\/wp-json\/wp\/v2\/product_cat?post=341084"},{"taxonomy":"product_tag","embeddable":true,"href":"https:\/\/hobstop.ee\/lt\/wp-json\/wp\/v2\/product_tag?post=341084"}],"curies":[{"name":"wp","href":"https:\/\/api.w.org\/{rel}","templated":true}]}}