{"id":341160,"date":"2020-04-01T15:08:03","date_gmt":"2020-04-01T12:08:07","guid":{"rendered":"https:\/\/sharks.ee\/vunder_2019\/product\/marmuravimo-dazu-rinkinys-marabu-easy-marble-lovely-hearts\/"},"modified":"2020-04-01T15:08:07","modified_gmt":"2020-04-01T12:08:07","slug":"marmuravimo-dazu-rinkinys-marabu-easy-marble-lovely-hearts","status":"publish","type":"product","link":"https:\/\/hobstop.ee\/lt\/produktas\/marmuravimo-dazu-rinkinys-marabu-easy-marble-lovely-hearts\/","title":{"rendered":"Marmuravimo da\u017e\u0173 rinkinys Marabu Easy Marble Lovely Hearts"},"content":{"rendered":"<p>Dabar marmurinius pie\u0161inius galima kurti kur kas lengviau: keli la\u0161ai ir baigta! Idealiai tinka sukurti marmurin\u012f pie\u0161in\u012f ant plastiko, stiklo, akrilo, medienos, papje ma\u0161\u0117 (popieriaus mas\u0117s), tu\u0161\u010diaviduri\u0173 kiau\u0161ini\u0173, poliesterio, japoni\u0161ko ir kit\u0173 popieriaus r\u016b\u0161i\u0173, \u012fvairi\u0173 audini\u0173 ir \u0161ilko. Visi da\u017eomi daiktai turi b\u016bti \u0161var\u016bs ir be da\u017e\u0173 sluoksnio. Da\u017eai yra pagaminti organinio skiediklio pagrindu. I\u0161d\u017eiuvusius galima liesti po 15 minu\u010di\u0173. Kai daiktai gerai i\u0161d\u017eiovinami, jie gali b\u016bti nuvaloma dr\u0117gnu skudur\u0117liu, ta\u010diau j\u0173 negalima plauti indaplov\u0117je ar dubenyje.<\/p>\n","protected":false},"excerpt":{"rendered":"<p>Dabar marmurinius pie\u0161inius galima kurti kur kas lengviau: keli la\u0161ai ir baigta! Idealiai tinka sukurti marmurin\u012f pie\u0161in\u012f ant plastiko, stiklo, akrilo, medienos, papje ma\u0161\u0117 (popieriaus mas\u0117s), tu\u0161\u010diaviduri\u0173 kiau\u0161ini\u0173, poliesterio, japoni\u0161ko ir kit\u0173 popieriaus r\u016b\u0161i\u0173, \u012fvairi\u0173 audini\u0173 ir \u0161ilko. Visi da\u017eomi daiktai turi b\u016bti \u0161var\u016bs ir be da\u017e\u0173 sluoksnio. Da\u017eai yra pagaminti organinio skiediklio pagrindu. I\u0161d\u017eiuvusius galima liesti po 15 minu\u010di\u0173. Kai daiktai gerai i\u0161d\u017eiovinami, jie gali b\u016bti nuvaloma dr\u0117gnu skudur\u0117liu, ta\u010diau j\u0173 negalima plauti indaplov\u0117je ar dubenyje.<\/p>\n","protected":false},"featured_media":353528,"comment_status":"closed","ping_status":"closed","template":"","meta":{"_acf_changed":false,"ep_exclude_from_search":false},"product_cat":[20361],"product_tag":[],"class_list":{"0":"post-341160","1":"product","2":"type-product","3":"status-publish","4":"has-post-thumbnail","6":"product_cat-maaramata","8":"first","9":"instock","10":"taxable","11":"shipping-taxable","12":"product-type-simple"},"acf":[],"yoast_head":"<!-- This site is optimized with the Yoast SEO plugin v24.1 - https:\/\/yoast.com\/wordpress\/plugins\/seo\/ -->\n<title>Marmuravimo da\u017e\u0173 rinkinys Marabu Easy Marble Lovely Hearts &#8211; Skizze<\/title>\n<meta name=\"robots\" content=\"noindex, follow, max-snippet:-1, max-image-preview:large, max-video-preview:-1\" \/>\n<meta property=\"og:locale\" content=\"lt_LT\" \/>\n<meta property=\"og:type\" content=\"article\" \/>\n<meta property=\"og:title\" content=\"Marmuravimo da\u017e\u0173 rinkinys Marabu Easy Marble Lovely Hearts &#8211; Skizze\" \/>\n<meta property=\"og:description\" content=\"Dabar marmurinius pie\u0161inius galima kurti kur kas lengviau: keli la\u0161ai ir baigta! Idealiai tinka sukurti marmurin\u012f pie\u0161in\u012f ant plastiko, stiklo, akrilo, medienos, papje ma\u0161\u0117 (popieriaus mas\u0117s), tu\u0161\u010diaviduri\u0173 kiau\u0161ini\u0173, poliesterio, japoni\u0161ko ir kit\u0173 popieriaus r\u016b\u0161i\u0173, \u012fvairi\u0173 audini\u0173 ir \u0161ilko. Visi da\u017eomi daiktai turi b\u016bti \u0161var\u016bs ir be da\u017e\u0173 sluoksnio. Da\u017eai yra pagaminti organinio skiediklio pagrindu. I\u0161d\u017eiuvusius galima liesti po 15 minu\u010di\u0173. Kai daiktai gerai i\u0161d\u017eiovinami, jie gali b\u016bti nuvaloma dr\u0117gnu skudur\u0117liu, ta\u010diau j\u0173 negalima plauti indaplov\u0117je ar dubenyje.\" \/>\n<meta property=\"og:url\" content=\"https:\/\/hobstop.ee\/lt\/produktas\/marmuravimo-dazu-rinkinys-marabu-easy-marble-lovely-hearts\/\" \/>\n<meta property=\"og:site_name\" content=\"Skizze\" \/>\n<meta property=\"article:publisher\" content=\"http:\/\/www.facebook.com\/VunderSkizze\" \/>\n<meta property=\"og:image\" content=\"https:\/\/hobstop.ee\/media\/5123.jpg\" \/>\n\t<meta property=\"og:image:width\" content=\"1024\" \/>\n\t<meta property=\"og:image:height\" content=\"768\" \/>\n\t<meta property=\"og:image:type\" content=\"image\/jpeg\" \/>\n<meta name=\"twitter:card\" content=\"summary_large_image\" \/>\n<script type=\"application\/ld+json\" class=\"yoast-schema-graph\">{\"@context\":\"https:\/\/schema.org\",\"@graph\":[{\"@type\":\"WebPage\",\"@id\":\"https:\/\/hobstop.ee\/lt\/produktas\/marmuravimo-dazu-rinkinys-marabu-easy-marble-lovely-hearts\/\",\"url\":\"https:\/\/hobstop.ee\/lt\/produktas\/marmuravimo-dazu-rinkinys-marabu-easy-marble-lovely-hearts\/\",\"name\":\"Marmuravimo da\u017e\u0173 rinkinys Marabu Easy Marble Lovely Hearts &#8211; Skizze\",\"isPartOf\":{\"@id\":\"https:\/\/hobstop.ee\/lt\/#website\"},\"primaryImageOfPage\":{\"@id\":\"https:\/\/hobstop.ee\/lt\/produktas\/marmuravimo-dazu-rinkinys-marabu-easy-marble-lovely-hearts\/#primaryimage\"},\"image\":{\"@id\":\"https:\/\/hobstop.ee\/lt\/produktas\/marmuravimo-dazu-rinkinys-marabu-easy-marble-lovely-hearts\/#primaryimage\"},\"thumbnailUrl\":\"https:\/\/hobstop.ee\/media\/5123.jpg\",\"datePublished\":\"2020-04-01T12:08:07+00:00\",\"dateModified\":\"2020-04-01T12:08:07+00:00\",\"breadcrumb\":{\"@id\":\"https:\/\/hobstop.ee\/lt\/produktas\/marmuravimo-dazu-rinkinys-marabu-easy-marble-lovely-hearts\/#breadcrumb\"},\"inLanguage\":\"lt\",\"potentialAction\":[{\"@type\":\"ReadAction\",\"target\":[\"https:\/\/hobstop.ee\/lt\/produktas\/marmuravimo-dazu-rinkinys-marabu-easy-marble-lovely-hearts\/\"]}]},{\"@type\":\"ImageObject\",\"inLanguage\":\"lt\",\"@id\":\"https:\/\/hobstop.ee\/lt\/produktas\/marmuravimo-dazu-rinkinys-marabu-easy-marble-lovely-hearts\/#primaryimage\",\"url\":\"https:\/\/hobstop.ee\/media\/5123.jpg\",\"contentUrl\":\"https:\/\/hobstop.ee\/media\/5123.jpg\",\"width\":1024,\"height\":768},{\"@type\":\"BreadcrumbList\",\"@id\":\"https:\/\/hobstop.ee\/lt\/produktas\/marmuravimo-dazu-rinkinys-marabu-easy-marble-lovely-hearts\/#breadcrumb\",\"itemListElement\":[{\"@type\":\"ListItem\",\"position\":1,\"name\":\"Avaleht\",\"item\":\"https:\/\/hobstop.ee\/lt\/\"},{\"@type\":\"ListItem\",\"position\":2,\"name\":\"Parduotuv\u0117\",\"item\":\"https:\/\/hobstop.ee\/lt\/parduotuve\/\"},{\"@type\":\"ListItem\",\"position\":3,\"name\":\"Marmuravimo da\u017e\u0173 rinkinys Marabu Easy Marble Lovely Hearts\"}]},{\"@type\":\"WebSite\",\"@id\":\"https:\/\/hobstop.ee\/lt\/#website\",\"url\":\"https:\/\/hobstop.ee\/lt\/\",\"name\":\"Skizze\",\"description\":\"Dail\u0117s, pom\u0117gi\u0173 ir mokykliniai reikm\u0117nys\",\"publisher\":{\"@id\":\"https:\/\/hobstop.ee\/lt\/#organization\"},\"potentialAction\":[{\"@type\":\"SearchAction\",\"target\":{\"@type\":\"EntryPoint\",\"urlTemplate\":\"https:\/\/hobstop.ee\/lt\/?s={search_term_string}\"},\"query-input\":{\"@type\":\"PropertyValueSpecification\",\"valueRequired\":true,\"valueName\":\"search_term_string\"}}],\"inLanguage\":\"lt\"},{\"@type\":\"Organization\",\"@id\":\"https:\/\/hobstop.ee\/lt\/#organization\",\"name\":\"Vunder AS\",\"url\":\"https:\/\/hobstop.ee\/lt\/\",\"logo\":{\"@type\":\"ImageObject\",\"inLanguage\":\"lt\",\"@id\":\"https:\/\/hobstop.ee\/lt\/#\/schema\/logo\/image\/\",\"url\":\"https:\/\/hobstop.ee\/media\/vunder-logo.png\",\"contentUrl\":\"https:\/\/hobstop.ee\/media\/vunder-logo.png\",\"width\":127,\"height\":55,\"caption\":\"Vunder AS\"},\"image\":{\"@id\":\"https:\/\/hobstop.ee\/lt\/#\/schema\/logo\/image\/\"},\"sameAs\":[\"http:\/\/www.facebook.com\/VunderSkizze\"]}]}<\/script>\n<!-- \/ Yoast SEO plugin. -->","yoast_head_json":{"title":"Marmuravimo da\u017e\u0173 rinkinys Marabu Easy Marble Lovely Hearts &#8211; Skizze","robots":{"index":"noindex","follow":"follow","max-snippet":"max-snippet:-1","max-image-preview":"max-image-preview:large","max-video-preview":"max-video-preview:-1"},"og_locale":"lt_LT","og_type":"article","og_title":"Marmuravimo da\u017e\u0173 rinkinys Marabu Easy Marble Lovely Hearts &#8211; Skizze","og_description":"Dabar marmurinius pie\u0161inius galima kurti kur kas lengviau: keli la\u0161ai ir baigta! Idealiai tinka sukurti marmurin\u012f pie\u0161in\u012f ant plastiko, stiklo, akrilo, medienos, papje ma\u0161\u0117 (popieriaus mas\u0117s), tu\u0161\u010diaviduri\u0173 kiau\u0161ini\u0173, poliesterio, japoni\u0161ko ir kit\u0173 popieriaus r\u016b\u0161i\u0173, \u012fvairi\u0173 audini\u0173 ir \u0161ilko. Visi da\u017eomi daiktai turi b\u016bti \u0161var\u016bs ir be da\u017e\u0173 sluoksnio. Da\u017eai yra pagaminti organinio skiediklio pagrindu. I\u0161d\u017eiuvusius galima liesti po 15 minu\u010di\u0173. Kai daiktai gerai i\u0161d\u017eiovinami, jie gali b\u016bti nuvaloma dr\u0117gnu skudur\u0117liu, ta\u010diau j\u0173 negalima plauti indaplov\u0117je ar dubenyje.","og_url":"https:\/\/hobstop.ee\/lt\/produktas\/marmuravimo-dazu-rinkinys-marabu-easy-marble-lovely-hearts\/","og_site_name":"Skizze","article_publisher":"http:\/\/www.facebook.com\/VunderSkizze","og_image":[{"width":1024,"height":768,"url":"https:\/\/hobstop.ee\/media\/5123.jpg","type":"image\/jpeg"}],"twitter_card":"summary_large_image","schema":{"@context":"https:\/\/schema.org","@graph":[{"@type":"WebPage","@id":"https:\/\/hobstop.ee\/lt\/produktas\/marmuravimo-dazu-rinkinys-marabu-easy-marble-lovely-hearts\/","url":"https:\/\/hobstop.ee\/lt\/produktas\/marmuravimo-dazu-rinkinys-marabu-easy-marble-lovely-hearts\/","name":"Marmuravimo da\u017e\u0173 rinkinys Marabu Easy Marble Lovely Hearts &#8211; Skizze","isPartOf":{"@id":"https:\/\/hobstop.ee\/lt\/#website"},"primaryImageOfPage":{"@id":"https:\/\/hobstop.ee\/lt\/produktas\/marmuravimo-dazu-rinkinys-marabu-easy-marble-lovely-hearts\/#primaryimage"},"image":{"@id":"https:\/\/hobstop.ee\/lt\/produktas\/marmuravimo-dazu-rinkinys-marabu-easy-marble-lovely-hearts\/#primaryimage"},"thumbnailUrl":"https:\/\/hobstop.ee\/media\/5123.jpg","datePublished":"2020-04-01T12:08:07+00:00","dateModified":"2020-04-01T12:08:07+00:00","breadcrumb":{"@id":"https:\/\/hobstop.ee\/lt\/produktas\/marmuravimo-dazu-rinkinys-marabu-easy-marble-lovely-hearts\/#breadcrumb"},"inLanguage":"lt","potentialAction":[{"@type":"ReadAction","target":["https:\/\/hobstop.ee\/lt\/produktas\/marmuravimo-dazu-rinkinys-marabu-easy-marble-lovely-hearts\/"]}]},{"@type":"ImageObject","inLanguage":"lt","@id":"https:\/\/hobstop.ee\/lt\/produktas\/marmuravimo-dazu-rinkinys-marabu-easy-marble-lovely-hearts\/#primaryimage","url":"https:\/\/hobstop.ee\/media\/5123.jpg","contentUrl":"https:\/\/hobstop.ee\/media\/5123.jpg","width":1024,"height":768},{"@type":"BreadcrumbList","@id":"https:\/\/hobstop.ee\/lt\/produktas\/marmuravimo-dazu-rinkinys-marabu-easy-marble-lovely-hearts\/#breadcrumb","itemListElement":[{"@type":"ListItem","position":1,"name":"Avaleht","item":"https:\/\/hobstop.ee\/lt\/"},{"@type":"ListItem","position":2,"name":"Parduotuv\u0117","item":"https:\/\/hobstop.ee\/lt\/parduotuve\/"},{"@type":"ListItem","position":3,"name":"Marmuravimo da\u017e\u0173 rinkinys Marabu Easy Marble Lovely Hearts"}]},{"@type":"WebSite","@id":"https:\/\/hobstop.ee\/lt\/#website","url":"https:\/\/hobstop.ee\/lt\/","name":"Skizze","description":"Dail\u0117s, pom\u0117gi\u0173 ir mokykliniai reikm\u0117nys","publisher":{"@id":"https:\/\/hobstop.ee\/lt\/#organization"},"potentialAction":[{"@type":"SearchAction","target":{"@type":"EntryPoint","urlTemplate":"https:\/\/hobstop.ee\/lt\/?s={search_term_string}"},"query-input":{"@type":"PropertyValueSpecification","valueRequired":true,"valueName":"search_term_string"}}],"inLanguage":"lt"},{"@type":"Organization","@id":"https:\/\/hobstop.ee\/lt\/#organization","name":"Vunder AS","url":"https:\/\/hobstop.ee\/lt\/","logo":{"@type":"ImageObject","inLanguage":"lt","@id":"https:\/\/hobstop.ee\/lt\/#\/schema\/logo\/image\/","url":"https:\/\/hobstop.ee\/media\/vunder-logo.png","contentUrl":"https:\/\/hobstop.ee\/media\/vunder-logo.png","width":127,"height":55,"caption":"Vunder AS"},"image":{"@id":"https:\/\/hobstop.ee\/lt\/#\/schema\/logo\/image\/"},"sameAs":["http:\/\/www.facebook.com\/VunderSkizze"]}]}},"_links":{"self":[{"href":"https:\/\/hobstop.ee\/lt\/wp-json\/wp\/v2\/product\/341160","targetHints":{"allow":["GET"]}}],"collection":[{"href":"https:\/\/hobstop.ee\/lt\/wp-json\/wp\/v2\/product"}],"about":[{"href":"https:\/\/hobstop.ee\/lt\/wp-json\/wp\/v2\/types\/product"}],"replies":[{"embeddable":true,"href":"https:\/\/hobstop.ee\/lt\/wp-json\/wp\/v2\/comments?post=341160"}],"wp:featuredmedia":[{"embeddable":true,"href":"https:\/\/hobstop.ee\/lt\/wp-json\/wp\/v2\/media\/353528"}],"wp:attachment":[{"href":"https:\/\/hobstop.ee\/lt\/wp-json\/wp\/v2\/media?parent=341160"}],"wp:term":[{"taxonomy":"product_cat","embeddable":true,"href":"https:\/\/hobstop.ee\/lt\/wp-json\/wp\/v2\/product_cat?post=341160"},{"taxonomy":"product_tag","embeddable":true,"href":"https:\/\/hobstop.ee\/lt\/wp-json\/wp\/v2\/product_tag?post=341160"}],"curies":[{"name":"wp","href":"https:\/\/api.w.org\/{rel}","templated":true}]}}