{"id":341938,"date":"2021-08-06T15:17:36","date_gmt":"2021-08-06T12:17:36","guid":{"rendered":"https:\/\/sharks.ee\/vunder_2019\/?post_type=product&#038;p=341938"},"modified":"2021-08-06T15:17:36","modified_gmt":"2021-08-06T12:17:36","slug":"antspaudu-rinkinys-maped-creativ-early-age-priedais","status":"publish","type":"product","link":"https:\/\/hobstop.ee\/lt\/produktas\/antspaudu-rinkinys-maped-creativ-early-age-priedais\/","title":{"rendered":"Antspaud\u0173 rinkinys Maped Creativ Early Age priedais"},"content":{"rendered":"<p>Mink\u0161ti ir juokingi spaudai vaikams nuo 2 met\u0173 am\u017eiaus.<br \/>\n&#8211; Malon\u016bs liesti, ma\u017eoms rankut\u0117ms pritaikyti spaudai.<br \/>\n&#8211; Ry\u0161kios spalvos.<\/p>\n<p>Rinkinyje yra:<br \/>\n4 ergonomi\u0161ki \u012fvairi\u0173 ra\u0161t\u0173 spaudai (plunksna, \u017evaig\u017ed\u0117, kat\u0117, sraig\u0117).<br \/>\nRaudono tu\u0161o pagalv\u0117l\u0117.<\/p>\n","protected":false},"excerpt":{"rendered":"<p>Mink\u0161ti ir juokingi spaudai vaikams nuo 2 met\u0173 am\u017eiaus. &#8211; Malon\u016bs liesti, ma\u017eoms rankut\u0117ms pritaikyti spaudai. &#8211; Ry\u0161kios spalvos. Rinkinyje yra: 4 ergonomi\u0161ki \u012fvairi\u0173 ra\u0161t\u0173 spaudai (plunksna, \u017evaig\u017ed\u0117, kat\u0117, sraig\u0117). Raudono tu\u0161o pagalv\u0117l\u0117.<\/p>\n","protected":false},"featured_media":353560,"comment_status":"closed","ping_status":"closed","template":"","meta":{"_acf_changed":false,"ep_exclude_from_search":false},"product_cat":[20361],"product_tag":[],"class_list":{"0":"post-341938","1":"product","2":"type-product","3":"status-publish","4":"has-post-thumbnail","6":"product_cat-maaramata","8":"first","9":"instock","10":"taxable","11":"shipping-taxable","12":"product-type-simple"},"acf":[],"yoast_head":"<!-- This site is optimized with the Yoast SEO plugin v24.1 - https:\/\/yoast.com\/wordpress\/plugins\/seo\/ -->\n<title>Antspaud\u0173 rinkinys Maped Creativ Early Age priedais &#8211; Skizze<\/title>\n<meta name=\"robots\" content=\"noindex, follow, max-snippet:-1, max-image-preview:large, max-video-preview:-1\" \/>\n<meta property=\"og:locale\" content=\"lt_LT\" \/>\n<meta property=\"og:type\" content=\"article\" \/>\n<meta property=\"og:title\" content=\"Antspaud\u0173 rinkinys Maped Creativ Early Age priedais &#8211; Skizze\" \/>\n<meta property=\"og:description\" content=\"Mink\u0161ti ir juokingi spaudai vaikams nuo 2 met\u0173 am\u017eiaus. &#8211; Malon\u016bs liesti, ma\u017eoms rankut\u0117ms pritaikyti spaudai. &#8211; Ry\u0161kios spalvos. Rinkinyje yra: 4 ergonomi\u0161ki \u012fvairi\u0173 ra\u0161t\u0173 spaudai (plunksna, \u017evaig\u017ed\u0117, kat\u0117, sraig\u0117). Raudono tu\u0161o pagalv\u0117l\u0117.\" \/>\n<meta property=\"og:url\" content=\"https:\/\/hobstop.ee\/lt\/produktas\/antspaudu-rinkinys-maped-creativ-early-age-priedais\/\" \/>\n<meta property=\"og:site_name\" content=\"Skizze\" \/>\n<meta property=\"article:publisher\" content=\"http:\/\/www.facebook.com\/VunderSkizze\" \/>\n<meta property=\"og:image\" content=\"https:\/\/hobstop.ee\/media\/5127.jpg\" \/>\n\t<meta property=\"og:image:width\" content=\"1024\" \/>\n\t<meta property=\"og:image:height\" content=\"768\" \/>\n\t<meta property=\"og:image:type\" content=\"image\/jpeg\" \/>\n<meta name=\"twitter:card\" content=\"summary_large_image\" \/>\n<script type=\"application\/ld+json\" class=\"yoast-schema-graph\">{\"@context\":\"https:\/\/schema.org\",\"@graph\":[{\"@type\":\"WebPage\",\"@id\":\"https:\/\/hobstop.ee\/lt\/produktas\/antspaudu-rinkinys-maped-creativ-early-age-priedais\/\",\"url\":\"https:\/\/hobstop.ee\/lt\/produktas\/antspaudu-rinkinys-maped-creativ-early-age-priedais\/\",\"name\":\"Antspaud\u0173 rinkinys Maped Creativ Early Age priedais &#8211; Skizze\",\"isPartOf\":{\"@id\":\"https:\/\/hobstop.ee\/lt\/#website\"},\"primaryImageOfPage\":{\"@id\":\"https:\/\/hobstop.ee\/lt\/produktas\/antspaudu-rinkinys-maped-creativ-early-age-priedais\/#primaryimage\"},\"image\":{\"@id\":\"https:\/\/hobstop.ee\/lt\/produktas\/antspaudu-rinkinys-maped-creativ-early-age-priedais\/#primaryimage\"},\"thumbnailUrl\":\"https:\/\/hobstop.ee\/media\/5127.jpg\",\"datePublished\":\"2021-08-06T12:17:36+00:00\",\"dateModified\":\"2021-08-06T12:17:36+00:00\",\"breadcrumb\":{\"@id\":\"https:\/\/hobstop.ee\/lt\/produktas\/antspaudu-rinkinys-maped-creativ-early-age-priedais\/#breadcrumb\"},\"inLanguage\":\"lt\",\"potentialAction\":[{\"@type\":\"ReadAction\",\"target\":[\"https:\/\/hobstop.ee\/lt\/produktas\/antspaudu-rinkinys-maped-creativ-early-age-priedais\/\"]}]},{\"@type\":\"ImageObject\",\"inLanguage\":\"lt\",\"@id\":\"https:\/\/hobstop.ee\/lt\/produktas\/antspaudu-rinkinys-maped-creativ-early-age-priedais\/#primaryimage\",\"url\":\"https:\/\/hobstop.ee\/media\/5127.jpg\",\"contentUrl\":\"https:\/\/hobstop.ee\/media\/5127.jpg\",\"width\":1024,\"height\":768},{\"@type\":\"BreadcrumbList\",\"@id\":\"https:\/\/hobstop.ee\/lt\/produktas\/antspaudu-rinkinys-maped-creativ-early-age-priedais\/#breadcrumb\",\"itemListElement\":[{\"@type\":\"ListItem\",\"position\":1,\"name\":\"Avaleht\",\"item\":\"https:\/\/hobstop.ee\/lt\/\"},{\"@type\":\"ListItem\",\"position\":2,\"name\":\"Parduotuv\u0117\",\"item\":\"https:\/\/hobstop.ee\/lt\/parduotuve\/\"},{\"@type\":\"ListItem\",\"position\":3,\"name\":\"Antspaud\u0173 rinkinys Maped Creativ Early Age priedais\"}]},{\"@type\":\"WebSite\",\"@id\":\"https:\/\/hobstop.ee\/lt\/#website\",\"url\":\"https:\/\/hobstop.ee\/lt\/\",\"name\":\"Skizze\",\"description\":\"Dail\u0117s, pom\u0117gi\u0173 ir mokykliniai reikm\u0117nys\",\"publisher\":{\"@id\":\"https:\/\/hobstop.ee\/lt\/#organization\"},\"potentialAction\":[{\"@type\":\"SearchAction\",\"target\":{\"@type\":\"EntryPoint\",\"urlTemplate\":\"https:\/\/hobstop.ee\/lt\/?s={search_term_string}\"},\"query-input\":{\"@type\":\"PropertyValueSpecification\",\"valueRequired\":true,\"valueName\":\"search_term_string\"}}],\"inLanguage\":\"lt\"},{\"@type\":\"Organization\",\"@id\":\"https:\/\/hobstop.ee\/lt\/#organization\",\"name\":\"Vunder AS\",\"url\":\"https:\/\/hobstop.ee\/lt\/\",\"logo\":{\"@type\":\"ImageObject\",\"inLanguage\":\"lt\",\"@id\":\"https:\/\/hobstop.ee\/lt\/#\/schema\/logo\/image\/\",\"url\":\"https:\/\/hobstop.ee\/media\/vunder-logo.png\",\"contentUrl\":\"https:\/\/hobstop.ee\/media\/vunder-logo.png\",\"width\":127,\"height\":55,\"caption\":\"Vunder AS\"},\"image\":{\"@id\":\"https:\/\/hobstop.ee\/lt\/#\/schema\/logo\/image\/\"},\"sameAs\":[\"http:\/\/www.facebook.com\/VunderSkizze\"]}]}<\/script>\n<!-- \/ Yoast SEO plugin. -->","yoast_head_json":{"title":"Antspaud\u0173 rinkinys Maped Creativ Early Age priedais &#8211; Skizze","robots":{"index":"noindex","follow":"follow","max-snippet":"max-snippet:-1","max-image-preview":"max-image-preview:large","max-video-preview":"max-video-preview:-1"},"og_locale":"lt_LT","og_type":"article","og_title":"Antspaud\u0173 rinkinys Maped Creativ Early Age priedais &#8211; Skizze","og_description":"Mink\u0161ti ir juokingi spaudai vaikams nuo 2 met\u0173 am\u017eiaus. &#8211; Malon\u016bs liesti, ma\u017eoms rankut\u0117ms pritaikyti spaudai. &#8211; Ry\u0161kios spalvos. Rinkinyje yra: 4 ergonomi\u0161ki \u012fvairi\u0173 ra\u0161t\u0173 spaudai (plunksna, \u017evaig\u017ed\u0117, kat\u0117, sraig\u0117). Raudono tu\u0161o pagalv\u0117l\u0117.","og_url":"https:\/\/hobstop.ee\/lt\/produktas\/antspaudu-rinkinys-maped-creativ-early-age-priedais\/","og_site_name":"Skizze","article_publisher":"http:\/\/www.facebook.com\/VunderSkizze","og_image":[{"width":1024,"height":768,"url":"https:\/\/hobstop.ee\/media\/5127.jpg","type":"image\/jpeg"}],"twitter_card":"summary_large_image","schema":{"@context":"https:\/\/schema.org","@graph":[{"@type":"WebPage","@id":"https:\/\/hobstop.ee\/lt\/produktas\/antspaudu-rinkinys-maped-creativ-early-age-priedais\/","url":"https:\/\/hobstop.ee\/lt\/produktas\/antspaudu-rinkinys-maped-creativ-early-age-priedais\/","name":"Antspaud\u0173 rinkinys Maped Creativ Early Age priedais &#8211; Skizze","isPartOf":{"@id":"https:\/\/hobstop.ee\/lt\/#website"},"primaryImageOfPage":{"@id":"https:\/\/hobstop.ee\/lt\/produktas\/antspaudu-rinkinys-maped-creativ-early-age-priedais\/#primaryimage"},"image":{"@id":"https:\/\/hobstop.ee\/lt\/produktas\/antspaudu-rinkinys-maped-creativ-early-age-priedais\/#primaryimage"},"thumbnailUrl":"https:\/\/hobstop.ee\/media\/5127.jpg","datePublished":"2021-08-06T12:17:36+00:00","dateModified":"2021-08-06T12:17:36+00:00","breadcrumb":{"@id":"https:\/\/hobstop.ee\/lt\/produktas\/antspaudu-rinkinys-maped-creativ-early-age-priedais\/#breadcrumb"},"inLanguage":"lt","potentialAction":[{"@type":"ReadAction","target":["https:\/\/hobstop.ee\/lt\/produktas\/antspaudu-rinkinys-maped-creativ-early-age-priedais\/"]}]},{"@type":"ImageObject","inLanguage":"lt","@id":"https:\/\/hobstop.ee\/lt\/produktas\/antspaudu-rinkinys-maped-creativ-early-age-priedais\/#primaryimage","url":"https:\/\/hobstop.ee\/media\/5127.jpg","contentUrl":"https:\/\/hobstop.ee\/media\/5127.jpg","width":1024,"height":768},{"@type":"BreadcrumbList","@id":"https:\/\/hobstop.ee\/lt\/produktas\/antspaudu-rinkinys-maped-creativ-early-age-priedais\/#breadcrumb","itemListElement":[{"@type":"ListItem","position":1,"name":"Avaleht","item":"https:\/\/hobstop.ee\/lt\/"},{"@type":"ListItem","position":2,"name":"Parduotuv\u0117","item":"https:\/\/hobstop.ee\/lt\/parduotuve\/"},{"@type":"ListItem","position":3,"name":"Antspaud\u0173 rinkinys Maped Creativ Early Age priedais"}]},{"@type":"WebSite","@id":"https:\/\/hobstop.ee\/lt\/#website","url":"https:\/\/hobstop.ee\/lt\/","name":"Skizze","description":"Dail\u0117s, pom\u0117gi\u0173 ir mokykliniai reikm\u0117nys","publisher":{"@id":"https:\/\/hobstop.ee\/lt\/#organization"},"potentialAction":[{"@type":"SearchAction","target":{"@type":"EntryPoint","urlTemplate":"https:\/\/hobstop.ee\/lt\/?s={search_term_string}"},"query-input":{"@type":"PropertyValueSpecification","valueRequired":true,"valueName":"search_term_string"}}],"inLanguage":"lt"},{"@type":"Organization","@id":"https:\/\/hobstop.ee\/lt\/#organization","name":"Vunder AS","url":"https:\/\/hobstop.ee\/lt\/","logo":{"@type":"ImageObject","inLanguage":"lt","@id":"https:\/\/hobstop.ee\/lt\/#\/schema\/logo\/image\/","url":"https:\/\/hobstop.ee\/media\/vunder-logo.png","contentUrl":"https:\/\/hobstop.ee\/media\/vunder-logo.png","width":127,"height":55,"caption":"Vunder AS"},"image":{"@id":"https:\/\/hobstop.ee\/lt\/#\/schema\/logo\/image\/"},"sameAs":["http:\/\/www.facebook.com\/VunderSkizze"]}]}},"_links":{"self":[{"href":"https:\/\/hobstop.ee\/lt\/wp-json\/wp\/v2\/product\/341938","targetHints":{"allow":["GET"]}}],"collection":[{"href":"https:\/\/hobstop.ee\/lt\/wp-json\/wp\/v2\/product"}],"about":[{"href":"https:\/\/hobstop.ee\/lt\/wp-json\/wp\/v2\/types\/product"}],"replies":[{"embeddable":true,"href":"https:\/\/hobstop.ee\/lt\/wp-json\/wp\/v2\/comments?post=341938"}],"wp:featuredmedia":[{"embeddable":true,"href":"https:\/\/hobstop.ee\/lt\/wp-json\/wp\/v2\/media\/353560"}],"wp:attachment":[{"href":"https:\/\/hobstop.ee\/lt\/wp-json\/wp\/v2\/media?parent=341938"}],"wp:term":[{"taxonomy":"product_cat","embeddable":true,"href":"https:\/\/hobstop.ee\/lt\/wp-json\/wp\/v2\/product_cat?post=341938"},{"taxonomy":"product_tag","embeddable":true,"href":"https:\/\/hobstop.ee\/lt\/wp-json\/wp\/v2\/product_tag?post=341938"}],"curies":[{"name":"wp","href":"https:\/\/api.w.org\/{rel}","templated":true}]}}