{"id":341942,"date":"2021-08-06T15:09:31","date_gmt":"2021-08-06T12:09:31","guid":{"rendered":"https:\/\/sharks.ee\/vunder_2019\/?post_type=product&#038;p=341942"},"modified":"2021-08-06T15:09:31","modified_gmt":"2021-08-06T12:09:31","slug":"tusu-rinkinys-sennelier-artist","status":"publish","type":"product","link":"https:\/\/hobstop.ee\/lt\/produktas\/tusu-rinkinys-sennelier-artist\/","title":{"rendered":"Tu\u0161\u0173 rinkinys Sennelier Artist"},"content":{"rendered":"<p>\u012evairi\u0173 spalv\u0173 kokybi\u0161kas tu\u0161as \u201eSennelier Artist\u201c yra pana\u0161\u016bs \u012f indi\u0161k\u0105 tu\u0161\u0105. Itin tir\u0161to tu\u0161o sud\u0117tyje yra \u0161elako dervos, suteikian\u010dios spalvoms unikalaus blizgesio, ry\u0161kumo ir intensyvumo. Tu\u0161u galima pie\u0161ti teptuku ar plunksna, priklausomai nuo da\u017e\u0173 storio, linija bus ry\u0161ki ir neper\u0161vie\u010diama arba lengva ir skaidri. Tu\u0161as greitai i\u0161d\u017ei\u016bsta ir pasi\u017eymi dideliu atsparumu vandeniui, yra nei\u0161trinamas. Idealiai tinka kaligrafijai, pie\u0161ti teptuku ar plunksna, vandens technikai ir tekstil\u0117s k\u016briniams kurti. Indi\u0161kas tu\u0161as \u201eSennelier\u201c yra tradicinis nei\u0161trinamas gilios juodos spalvos tu\u0161as, pasi\u017eymintis i\u0161skirtin\u0117mis dengiamosiomis savyb\u0117mis ir atsparumu \u0161viesos poveikiui. Galima skiesti vandeniu ir i\u0161gauti \u012fvairaus dengiamumo lygio tirpal\u0105.<\/p>\n","protected":false},"excerpt":{"rendered":"<p>\u012evairi\u0173 spalv\u0173 kokybi\u0161kas tu\u0161as \u201eSennelier Artist\u201c yra pana\u0161\u016bs \u012f indi\u0161k\u0105 tu\u0161\u0105. Itin tir\u0161to tu\u0161o sud\u0117tyje yra \u0161elako dervos, suteikian\u010dios spalvoms unikalaus blizgesio, ry\u0161kumo ir intensyvumo. Tu\u0161u galima pie\u0161ti teptuku ar plunksna, priklausomai nuo da\u017e\u0173 storio, linija bus ry\u0161ki ir neper\u0161vie\u010diama arba lengva ir skaidri. Tu\u0161as greitai i\u0161d\u017ei\u016bsta ir pasi\u017eymi dideliu atsparumu vandeniui, yra nei\u0161trinamas. Idealiai tinka kaligrafijai, pie\u0161ti teptuku ar plunksna, vandens technikai ir tekstil\u0117s k\u016briniams kurti. Indi\u0161kas tu\u0161as \u201eSennelier\u201c yra tradicinis nei\u0161trinamas gilios juodos spalvos tu\u0161as, pasi\u017eymintis i\u0161skirtin\u0117mis dengiamosiomis savyb\u0117mis ir atsparumu \u0161viesos poveikiui. Galima skiesti vandeniu ir i\u0161gauti \u012fvairaus dengiamumo lygio tirpal\u0105.<\/p>\n","protected":false},"featured_media":353580,"comment_status":"closed","ping_status":"closed","template":"","meta":{"_acf_changed":false,"ep_exclude_from_search":false},"product_cat":[20361],"product_tag":[],"class_list":{"0":"post-341942","1":"product","2":"type-product","3":"status-publish","4":"has-post-thumbnail","6":"product_cat-maaramata","8":"first","9":"instock","10":"taxable","11":"shipping-taxable","12":"product-type-simple"},"acf":[],"yoast_head":"<!-- This site is optimized with the Yoast SEO plugin v24.1 - https:\/\/yoast.com\/wordpress\/plugins\/seo\/ -->\n<title>Tu\u0161\u0173 rinkinys Sennelier Artist &#8211; Skizze<\/title>\n<meta name=\"robots\" content=\"noindex, follow, max-snippet:-1, max-image-preview:large, max-video-preview:-1\" \/>\n<meta property=\"og:locale\" content=\"lt_LT\" \/>\n<meta property=\"og:type\" content=\"article\" \/>\n<meta property=\"og:title\" content=\"Tu\u0161\u0173 rinkinys Sennelier Artist &#8211; Skizze\" \/>\n<meta property=\"og:description\" content=\"\u012evairi\u0173 spalv\u0173 kokybi\u0161kas tu\u0161as \u201eSennelier Artist\u201c yra pana\u0161\u016bs \u012f indi\u0161k\u0105 tu\u0161\u0105. Itin tir\u0161to tu\u0161o sud\u0117tyje yra \u0161elako dervos, suteikian\u010dios spalvoms unikalaus blizgesio, ry\u0161kumo ir intensyvumo. Tu\u0161u galima pie\u0161ti teptuku ar plunksna, priklausomai nuo da\u017e\u0173 storio, linija bus ry\u0161ki ir neper\u0161vie\u010diama arba lengva ir skaidri. Tu\u0161as greitai i\u0161d\u017ei\u016bsta ir pasi\u017eymi dideliu atsparumu vandeniui, yra nei\u0161trinamas. Idealiai tinka kaligrafijai, pie\u0161ti teptuku ar plunksna, vandens technikai ir tekstil\u0117s k\u016briniams kurti. Indi\u0161kas tu\u0161as \u201eSennelier\u201c yra tradicinis nei\u0161trinamas gilios juodos spalvos tu\u0161as, pasi\u017eymintis i\u0161skirtin\u0117mis dengiamosiomis savyb\u0117mis ir atsparumu \u0161viesos poveikiui. Galima skiesti vandeniu ir i\u0161gauti \u012fvairaus dengiamumo lygio tirpal\u0105.\" \/>\n<meta property=\"og:url\" content=\"https:\/\/hobstop.ee\/lt\/produktas\/tusu-rinkinys-sennelier-artist\/\" \/>\n<meta property=\"og:site_name\" content=\"Skizze\" \/>\n<meta property=\"article:publisher\" content=\"http:\/\/www.facebook.com\/VunderSkizze\" \/>\n<meta property=\"og:image\" content=\"https:\/\/hobstop.ee\/media\/5141.jpg\" \/>\n\t<meta property=\"og:image:width\" content=\"1024\" \/>\n\t<meta property=\"og:image:height\" content=\"768\" \/>\n\t<meta property=\"og:image:type\" content=\"image\/jpeg\" \/>\n<meta name=\"twitter:card\" content=\"summary_large_image\" \/>\n<meta name=\"twitter:label1\" content=\"Est. reading time\" \/>\n\t<meta name=\"twitter:data1\" content=\"1 minute\" \/>\n<script type=\"application\/ld+json\" class=\"yoast-schema-graph\">{\"@context\":\"https:\/\/schema.org\",\"@graph\":[{\"@type\":\"WebPage\",\"@id\":\"https:\/\/hobstop.ee\/lt\/produktas\/tusu-rinkinys-sennelier-artist\/\",\"url\":\"https:\/\/hobstop.ee\/lt\/produktas\/tusu-rinkinys-sennelier-artist\/\",\"name\":\"Tu\u0161\u0173 rinkinys Sennelier Artist &#8211; Skizze\",\"isPartOf\":{\"@id\":\"https:\/\/hobstop.ee\/lt\/#website\"},\"primaryImageOfPage\":{\"@id\":\"https:\/\/hobstop.ee\/lt\/produktas\/tusu-rinkinys-sennelier-artist\/#primaryimage\"},\"image\":{\"@id\":\"https:\/\/hobstop.ee\/lt\/produktas\/tusu-rinkinys-sennelier-artist\/#primaryimage\"},\"thumbnailUrl\":\"https:\/\/hobstop.ee\/media\/5141.jpg\",\"datePublished\":\"2021-08-06T12:09:31+00:00\",\"dateModified\":\"2021-08-06T12:09:31+00:00\",\"breadcrumb\":{\"@id\":\"https:\/\/hobstop.ee\/lt\/produktas\/tusu-rinkinys-sennelier-artist\/#breadcrumb\"},\"inLanguage\":\"lt\",\"potentialAction\":[{\"@type\":\"ReadAction\",\"target\":[\"https:\/\/hobstop.ee\/lt\/produktas\/tusu-rinkinys-sennelier-artist\/\"]}]},{\"@type\":\"ImageObject\",\"inLanguage\":\"lt\",\"@id\":\"https:\/\/hobstop.ee\/lt\/produktas\/tusu-rinkinys-sennelier-artist\/#primaryimage\",\"url\":\"https:\/\/hobstop.ee\/media\/5141.jpg\",\"contentUrl\":\"https:\/\/hobstop.ee\/media\/5141.jpg\",\"width\":1024,\"height\":768},{\"@type\":\"BreadcrumbList\",\"@id\":\"https:\/\/hobstop.ee\/lt\/produktas\/tusu-rinkinys-sennelier-artist\/#breadcrumb\",\"itemListElement\":[{\"@type\":\"ListItem\",\"position\":1,\"name\":\"Avaleht\",\"item\":\"https:\/\/hobstop.ee\/lt\/\"},{\"@type\":\"ListItem\",\"position\":2,\"name\":\"Parduotuv\u0117\",\"item\":\"https:\/\/hobstop.ee\/lt\/parduotuve\/\"},{\"@type\":\"ListItem\",\"position\":3,\"name\":\"Tu\u0161\u0173 rinkinys Sennelier Artist\"}]},{\"@type\":\"WebSite\",\"@id\":\"https:\/\/hobstop.ee\/lt\/#website\",\"url\":\"https:\/\/hobstop.ee\/lt\/\",\"name\":\"Skizze\",\"description\":\"Dail\u0117s, pom\u0117gi\u0173 ir mokykliniai reikm\u0117nys\",\"publisher\":{\"@id\":\"https:\/\/hobstop.ee\/lt\/#organization\"},\"potentialAction\":[{\"@type\":\"SearchAction\",\"target\":{\"@type\":\"EntryPoint\",\"urlTemplate\":\"https:\/\/hobstop.ee\/lt\/?s={search_term_string}\"},\"query-input\":{\"@type\":\"PropertyValueSpecification\",\"valueRequired\":true,\"valueName\":\"search_term_string\"}}],\"inLanguage\":\"lt\"},{\"@type\":\"Organization\",\"@id\":\"https:\/\/hobstop.ee\/lt\/#organization\",\"name\":\"Vunder AS\",\"url\":\"https:\/\/hobstop.ee\/lt\/\",\"logo\":{\"@type\":\"ImageObject\",\"inLanguage\":\"lt\",\"@id\":\"https:\/\/hobstop.ee\/lt\/#\/schema\/logo\/image\/\",\"url\":\"https:\/\/hobstop.ee\/media\/vunder-logo.png\",\"contentUrl\":\"https:\/\/hobstop.ee\/media\/vunder-logo.png\",\"width\":127,\"height\":55,\"caption\":\"Vunder AS\"},\"image\":{\"@id\":\"https:\/\/hobstop.ee\/lt\/#\/schema\/logo\/image\/\"},\"sameAs\":[\"http:\/\/www.facebook.com\/VunderSkizze\"]}]}<\/script>\n<!-- \/ Yoast SEO plugin. -->","yoast_head_json":{"title":"Tu\u0161\u0173 rinkinys Sennelier Artist &#8211; Skizze","robots":{"index":"noindex","follow":"follow","max-snippet":"max-snippet:-1","max-image-preview":"max-image-preview:large","max-video-preview":"max-video-preview:-1"},"og_locale":"lt_LT","og_type":"article","og_title":"Tu\u0161\u0173 rinkinys Sennelier Artist &#8211; Skizze","og_description":"\u012evairi\u0173 spalv\u0173 kokybi\u0161kas tu\u0161as \u201eSennelier Artist\u201c yra pana\u0161\u016bs \u012f indi\u0161k\u0105 tu\u0161\u0105. Itin tir\u0161to tu\u0161o sud\u0117tyje yra \u0161elako dervos, suteikian\u010dios spalvoms unikalaus blizgesio, ry\u0161kumo ir intensyvumo. Tu\u0161u galima pie\u0161ti teptuku ar plunksna, priklausomai nuo da\u017e\u0173 storio, linija bus ry\u0161ki ir neper\u0161vie\u010diama arba lengva ir skaidri. Tu\u0161as greitai i\u0161d\u017ei\u016bsta ir pasi\u017eymi dideliu atsparumu vandeniui, yra nei\u0161trinamas. Idealiai tinka kaligrafijai, pie\u0161ti teptuku ar plunksna, vandens technikai ir tekstil\u0117s k\u016briniams kurti. Indi\u0161kas tu\u0161as \u201eSennelier\u201c yra tradicinis nei\u0161trinamas gilios juodos spalvos tu\u0161as, pasi\u017eymintis i\u0161skirtin\u0117mis dengiamosiomis savyb\u0117mis ir atsparumu \u0161viesos poveikiui. Galima skiesti vandeniu ir i\u0161gauti \u012fvairaus dengiamumo lygio tirpal\u0105.","og_url":"https:\/\/hobstop.ee\/lt\/produktas\/tusu-rinkinys-sennelier-artist\/","og_site_name":"Skizze","article_publisher":"http:\/\/www.facebook.com\/VunderSkizze","og_image":[{"width":1024,"height":768,"url":"https:\/\/hobstop.ee\/media\/5141.jpg","type":"image\/jpeg"}],"twitter_card":"summary_large_image","twitter_misc":{"Est. reading time":"1 minute"},"schema":{"@context":"https:\/\/schema.org","@graph":[{"@type":"WebPage","@id":"https:\/\/hobstop.ee\/lt\/produktas\/tusu-rinkinys-sennelier-artist\/","url":"https:\/\/hobstop.ee\/lt\/produktas\/tusu-rinkinys-sennelier-artist\/","name":"Tu\u0161\u0173 rinkinys Sennelier Artist &#8211; Skizze","isPartOf":{"@id":"https:\/\/hobstop.ee\/lt\/#website"},"primaryImageOfPage":{"@id":"https:\/\/hobstop.ee\/lt\/produktas\/tusu-rinkinys-sennelier-artist\/#primaryimage"},"image":{"@id":"https:\/\/hobstop.ee\/lt\/produktas\/tusu-rinkinys-sennelier-artist\/#primaryimage"},"thumbnailUrl":"https:\/\/hobstop.ee\/media\/5141.jpg","datePublished":"2021-08-06T12:09:31+00:00","dateModified":"2021-08-06T12:09:31+00:00","breadcrumb":{"@id":"https:\/\/hobstop.ee\/lt\/produktas\/tusu-rinkinys-sennelier-artist\/#breadcrumb"},"inLanguage":"lt","potentialAction":[{"@type":"ReadAction","target":["https:\/\/hobstop.ee\/lt\/produktas\/tusu-rinkinys-sennelier-artist\/"]}]},{"@type":"ImageObject","inLanguage":"lt","@id":"https:\/\/hobstop.ee\/lt\/produktas\/tusu-rinkinys-sennelier-artist\/#primaryimage","url":"https:\/\/hobstop.ee\/media\/5141.jpg","contentUrl":"https:\/\/hobstop.ee\/media\/5141.jpg","width":1024,"height":768},{"@type":"BreadcrumbList","@id":"https:\/\/hobstop.ee\/lt\/produktas\/tusu-rinkinys-sennelier-artist\/#breadcrumb","itemListElement":[{"@type":"ListItem","position":1,"name":"Avaleht","item":"https:\/\/hobstop.ee\/lt\/"},{"@type":"ListItem","position":2,"name":"Parduotuv\u0117","item":"https:\/\/hobstop.ee\/lt\/parduotuve\/"},{"@type":"ListItem","position":3,"name":"Tu\u0161\u0173 rinkinys Sennelier Artist"}]},{"@type":"WebSite","@id":"https:\/\/hobstop.ee\/lt\/#website","url":"https:\/\/hobstop.ee\/lt\/","name":"Skizze","description":"Dail\u0117s, pom\u0117gi\u0173 ir mokykliniai reikm\u0117nys","publisher":{"@id":"https:\/\/hobstop.ee\/lt\/#organization"},"potentialAction":[{"@type":"SearchAction","target":{"@type":"EntryPoint","urlTemplate":"https:\/\/hobstop.ee\/lt\/?s={search_term_string}"},"query-input":{"@type":"PropertyValueSpecification","valueRequired":true,"valueName":"search_term_string"}}],"inLanguage":"lt"},{"@type":"Organization","@id":"https:\/\/hobstop.ee\/lt\/#organization","name":"Vunder AS","url":"https:\/\/hobstop.ee\/lt\/","logo":{"@type":"ImageObject","inLanguage":"lt","@id":"https:\/\/hobstop.ee\/lt\/#\/schema\/logo\/image\/","url":"https:\/\/hobstop.ee\/media\/vunder-logo.png","contentUrl":"https:\/\/hobstop.ee\/media\/vunder-logo.png","width":127,"height":55,"caption":"Vunder AS"},"image":{"@id":"https:\/\/hobstop.ee\/lt\/#\/schema\/logo\/image\/"},"sameAs":["http:\/\/www.facebook.com\/VunderSkizze"]}]}},"_links":{"self":[{"href":"https:\/\/hobstop.ee\/lt\/wp-json\/wp\/v2\/product\/341942","targetHints":{"allow":["GET"]}}],"collection":[{"href":"https:\/\/hobstop.ee\/lt\/wp-json\/wp\/v2\/product"}],"about":[{"href":"https:\/\/hobstop.ee\/lt\/wp-json\/wp\/v2\/types\/product"}],"replies":[{"embeddable":true,"href":"https:\/\/hobstop.ee\/lt\/wp-json\/wp\/v2\/comments?post=341942"}],"wp:featuredmedia":[{"embeddable":true,"href":"https:\/\/hobstop.ee\/lt\/wp-json\/wp\/v2\/media\/353580"}],"wp:attachment":[{"href":"https:\/\/hobstop.ee\/lt\/wp-json\/wp\/v2\/media?parent=341942"}],"wp:term":[{"taxonomy":"product_cat","embeddable":true,"href":"https:\/\/hobstop.ee\/lt\/wp-json\/wp\/v2\/product_cat?post=341942"},{"taxonomy":"product_tag","embeddable":true,"href":"https:\/\/hobstop.ee\/lt\/wp-json\/wp\/v2\/product_tag?post=341942"}],"curies":[{"name":"wp","href":"https:\/\/api.w.org\/{rel}","templated":true}]}}