{"id":341962,"date":"2021-08-06T15:29:28","date_gmt":"2021-08-06T12:29:28","guid":{"rendered":"https:\/\/sharks.ee\/vunder_2019\/?post_type=product&#038;p=341962"},"modified":"2021-08-06T15:29:39","modified_gmt":"2021-08-06T12:29:39","slug":"aliejines-pasteles-mg-arts","status":"publish","type":"product","link":"https:\/\/hobstop.ee\/lt\/produktas\/aliejines-pasteles-mg-arts\/","title":{"rendered":"Aliejin\u0117s pastel\u0117s M&#038;G Arts"},"content":{"rendered":"<p>Aliejin\u0117s pastel\u0117s \u201eM&#038;G Arts\u201c yra skirtos pradedantiems ir vertinantiems prieinamos kainos kokybi\u0161kus gaminius bei norintiems i\u0161reik\u0161ti savo k\u016brybi\u0161kum\u0105 dailininkams. Mink\u0161tos tekst\u016bros ir puikiai dengian\u010dios aliejin\u0117s pastel\u0117s yra puiki savirai\u0161kos priemon\u0117 visiems, kurie vertina pie\u0161im\u0105 pastele. Pie\u0161iniai bus i\u0161rai\u0161kingesni ir ry\u0161kesni, jeigu aliejin\u0117mis pastel\u0117mis \u201eM&#038;G Arts\u201c pie\u0161ite storesniais sluoksniais ir mai\u0161ysite j\u0173 spalvas. Pasteli\u0173 sud\u0117tyje yra ry\u0161ki\u0173 pigment\u0173, aliejaus ir va\u0161ko, o sodri j\u0173 tekst\u016bra primena aliejinius da\u017eus, tod\u0117l terpentinu galima padaryti spalv\u0173 per\u0117jimus, sukurti \u012f aliejin\u0119 tapyb\u0105 pana\u0161ius efektus ir netgi naudoti ant aliejiniais da\u017eais tapyt\u0173 paveiksl\u0173. Kiekvienas gali tapti dailininku!<\/p>\n","protected":false},"excerpt":{"rendered":"<p>Aliejin\u0117s pastel\u0117s \u201eM&#038;G Arts\u201c yra skirtos pradedantiems ir vertinantiems prieinamos kainos kokybi\u0161kus gaminius bei norintiems i\u0161reik\u0161ti savo k\u016brybi\u0161kum\u0105 dailininkams. Mink\u0161tos tekst\u016bros ir puikiai dengian\u010dios aliejin\u0117s pastel\u0117s yra puiki savirai\u0161kos priemon\u0117 visiems, kurie vertina pie\u0161im\u0105 pastele. Pie\u0161iniai bus i\u0161rai\u0161kingesni ir ry\u0161kesni, jeigu aliejin\u0117mis pastel\u0117mis \u201eM&#038;G Arts\u201c pie\u0161ite storesniais sluoksniais ir mai\u0161ysite j\u0173 spalvas. Pasteli\u0173 sud\u0117tyje yra ry\u0161ki\u0173 pigment\u0173, aliejaus ir va\u0161ko, o sodri j\u0173 tekst\u016bra primena aliejinius da\u017eus, tod\u0117l terpentinu galima padaryti spalv\u0173 per\u0117jimus, sukurti \u012f aliejin\u0119 tapyb\u0105 pana\u0161ius efektus ir netgi naudoti ant aliejiniais da\u017eais tapyt\u0173 paveiksl\u0173. Kiekvienas gali tapti dailininku!<\/p>\n","protected":false},"featured_media":353704,"comment_status":"closed","ping_status":"closed","template":"","meta":{"_acf_changed":false,"ep_exclude_from_search":false},"product_cat":[20361],"product_tag":[],"class_list":{"0":"post-341962","1":"product","2":"type-product","3":"status-publish","4":"has-post-thumbnail","6":"product_cat-maaramata","8":"first","9":"instock","10":"taxable","11":"shipping-taxable","12":"product-type-simple"},"acf":[],"yoast_head":"<!-- This site is optimized with the Yoast SEO plugin v24.1 - https:\/\/yoast.com\/wordpress\/plugins\/seo\/ -->\n<title>Aliejin\u0117s pastel\u0117s M&amp;G Arts &#8211; Skizze<\/title>\n<meta name=\"robots\" content=\"noindex, follow, max-snippet:-1, max-image-preview:large, max-video-preview:-1\" \/>\n<meta property=\"og:locale\" content=\"lt_LT\" \/>\n<meta property=\"og:type\" content=\"article\" \/>\n<meta property=\"og:title\" content=\"Aliejin\u0117s pastel\u0117s M&amp;G Arts &#8211; Skizze\" \/>\n<meta property=\"og:description\" content=\"Aliejin\u0117s pastel\u0117s \u201eM&#038;G Arts\u201c yra skirtos pradedantiems ir vertinantiems prieinamos kainos kokybi\u0161kus gaminius bei norintiems i\u0161reik\u0161ti savo k\u016brybi\u0161kum\u0105 dailininkams. Mink\u0161tos tekst\u016bros ir puikiai dengian\u010dios aliejin\u0117s pastel\u0117s yra puiki savirai\u0161kos priemon\u0117 visiems, kurie vertina pie\u0161im\u0105 pastele. Pie\u0161iniai bus i\u0161rai\u0161kingesni ir ry\u0161kesni, jeigu aliejin\u0117mis pastel\u0117mis \u201eM&#038;G Arts\u201c pie\u0161ite storesniais sluoksniais ir mai\u0161ysite j\u0173 spalvas. Pasteli\u0173 sud\u0117tyje yra ry\u0161ki\u0173 pigment\u0173, aliejaus ir va\u0161ko, o sodri j\u0173 tekst\u016bra primena aliejinius da\u017eus, tod\u0117l terpentinu galima padaryti spalv\u0173 per\u0117jimus, sukurti \u012f aliejin\u0119 tapyb\u0105 pana\u0161ius efektus ir netgi naudoti ant aliejiniais da\u017eais tapyt\u0173 paveiksl\u0173. Kiekvienas gali tapti dailininku!\" \/>\n<meta property=\"og:url\" content=\"https:\/\/hobstop.ee\/lt\/produktas\/aliejines-pasteles-mg-arts\/\" \/>\n<meta property=\"og:site_name\" content=\"Skizze\" \/>\n<meta property=\"article:publisher\" content=\"http:\/\/www.facebook.com\/VunderSkizze\" \/>\n<meta property=\"article:modified_time\" content=\"2021-08-06T12:29:39+00:00\" \/>\n<meta property=\"og:image\" content=\"https:\/\/hobstop.ee\/media\/5158.jpg\" \/>\n\t<meta property=\"og:image:width\" content=\"1024\" \/>\n\t<meta property=\"og:image:height\" content=\"768\" \/>\n\t<meta property=\"og:image:type\" content=\"image\/jpeg\" \/>\n<meta name=\"twitter:card\" content=\"summary_large_image\" \/>\n<meta name=\"twitter:label1\" content=\"Est. reading time\" \/>\n\t<meta name=\"twitter:data1\" content=\"1 minute\" \/>\n<script type=\"application\/ld+json\" class=\"yoast-schema-graph\">{\"@context\":\"https:\/\/schema.org\",\"@graph\":[{\"@type\":\"WebPage\",\"@id\":\"https:\/\/hobstop.ee\/lt\/produktas\/aliejines-pasteles-mg-arts\/\",\"url\":\"https:\/\/hobstop.ee\/lt\/produktas\/aliejines-pasteles-mg-arts\/\",\"name\":\"Aliejin\u0117s pastel\u0117s M&G Arts &#8211; Skizze\",\"isPartOf\":{\"@id\":\"https:\/\/hobstop.ee\/lt\/#website\"},\"primaryImageOfPage\":{\"@id\":\"https:\/\/hobstop.ee\/lt\/produktas\/aliejines-pasteles-mg-arts\/#primaryimage\"},\"image\":{\"@id\":\"https:\/\/hobstop.ee\/lt\/produktas\/aliejines-pasteles-mg-arts\/#primaryimage\"},\"thumbnailUrl\":\"https:\/\/hobstop.ee\/media\/5158.jpg\",\"datePublished\":\"2021-08-06T12:29:28+00:00\",\"dateModified\":\"2021-08-06T12:29:39+00:00\",\"breadcrumb\":{\"@id\":\"https:\/\/hobstop.ee\/lt\/produktas\/aliejines-pasteles-mg-arts\/#breadcrumb\"},\"inLanguage\":\"lt\",\"potentialAction\":[{\"@type\":\"ReadAction\",\"target\":[\"https:\/\/hobstop.ee\/lt\/produktas\/aliejines-pasteles-mg-arts\/\"]}]},{\"@type\":\"ImageObject\",\"inLanguage\":\"lt\",\"@id\":\"https:\/\/hobstop.ee\/lt\/produktas\/aliejines-pasteles-mg-arts\/#primaryimage\",\"url\":\"https:\/\/hobstop.ee\/media\/5158.jpg\",\"contentUrl\":\"https:\/\/hobstop.ee\/media\/5158.jpg\",\"width\":1024,\"height\":768},{\"@type\":\"BreadcrumbList\",\"@id\":\"https:\/\/hobstop.ee\/lt\/produktas\/aliejines-pasteles-mg-arts\/#breadcrumb\",\"itemListElement\":[{\"@type\":\"ListItem\",\"position\":1,\"name\":\"Avaleht\",\"item\":\"https:\/\/hobstop.ee\/lt\/\"},{\"@type\":\"ListItem\",\"position\":2,\"name\":\"Parduotuv\u0117\",\"item\":\"https:\/\/hobstop.ee\/lt\/parduotuve\/\"},{\"@type\":\"ListItem\",\"position\":3,\"name\":\"Aliejin\u0117s pastel\u0117s M&#038;G Arts\"}]},{\"@type\":\"WebSite\",\"@id\":\"https:\/\/hobstop.ee\/lt\/#website\",\"url\":\"https:\/\/hobstop.ee\/lt\/\",\"name\":\"Skizze\",\"description\":\"Dail\u0117s, pom\u0117gi\u0173 ir mokykliniai reikm\u0117nys\",\"publisher\":{\"@id\":\"https:\/\/hobstop.ee\/lt\/#organization\"},\"potentialAction\":[{\"@type\":\"SearchAction\",\"target\":{\"@type\":\"EntryPoint\",\"urlTemplate\":\"https:\/\/hobstop.ee\/lt\/?s={search_term_string}\"},\"query-input\":{\"@type\":\"PropertyValueSpecification\",\"valueRequired\":true,\"valueName\":\"search_term_string\"}}],\"inLanguage\":\"lt\"},{\"@type\":\"Organization\",\"@id\":\"https:\/\/hobstop.ee\/lt\/#organization\",\"name\":\"Vunder AS\",\"url\":\"https:\/\/hobstop.ee\/lt\/\",\"logo\":{\"@type\":\"ImageObject\",\"inLanguage\":\"lt\",\"@id\":\"https:\/\/hobstop.ee\/lt\/#\/schema\/logo\/image\/\",\"url\":\"https:\/\/hobstop.ee\/media\/vunder-logo.png\",\"contentUrl\":\"https:\/\/hobstop.ee\/media\/vunder-logo.png\",\"width\":127,\"height\":55,\"caption\":\"Vunder AS\"},\"image\":{\"@id\":\"https:\/\/hobstop.ee\/lt\/#\/schema\/logo\/image\/\"},\"sameAs\":[\"http:\/\/www.facebook.com\/VunderSkizze\"]}]}<\/script>\n<!-- \/ Yoast SEO plugin. -->","yoast_head_json":{"title":"Aliejin\u0117s pastel\u0117s M&G Arts &#8211; Skizze","robots":{"index":"noindex","follow":"follow","max-snippet":"max-snippet:-1","max-image-preview":"max-image-preview:large","max-video-preview":"max-video-preview:-1"},"og_locale":"lt_LT","og_type":"article","og_title":"Aliejin\u0117s pastel\u0117s M&G Arts &#8211; Skizze","og_description":"Aliejin\u0117s pastel\u0117s \u201eM&#038;G Arts\u201c yra skirtos pradedantiems ir vertinantiems prieinamos kainos kokybi\u0161kus gaminius bei norintiems i\u0161reik\u0161ti savo k\u016brybi\u0161kum\u0105 dailininkams. Mink\u0161tos tekst\u016bros ir puikiai dengian\u010dios aliejin\u0117s pastel\u0117s yra puiki savirai\u0161kos priemon\u0117 visiems, kurie vertina pie\u0161im\u0105 pastele. Pie\u0161iniai bus i\u0161rai\u0161kingesni ir ry\u0161kesni, jeigu aliejin\u0117mis pastel\u0117mis \u201eM&#038;G Arts\u201c pie\u0161ite storesniais sluoksniais ir mai\u0161ysite j\u0173 spalvas. Pasteli\u0173 sud\u0117tyje yra ry\u0161ki\u0173 pigment\u0173, aliejaus ir va\u0161ko, o sodri j\u0173 tekst\u016bra primena aliejinius da\u017eus, tod\u0117l terpentinu galima padaryti spalv\u0173 per\u0117jimus, sukurti \u012f aliejin\u0119 tapyb\u0105 pana\u0161ius efektus ir netgi naudoti ant aliejiniais da\u017eais tapyt\u0173 paveiksl\u0173. Kiekvienas gali tapti dailininku!","og_url":"https:\/\/hobstop.ee\/lt\/produktas\/aliejines-pasteles-mg-arts\/","og_site_name":"Skizze","article_publisher":"http:\/\/www.facebook.com\/VunderSkizze","article_modified_time":"2021-08-06T12:29:39+00:00","og_image":[{"width":1024,"height":768,"url":"https:\/\/hobstop.ee\/media\/5158.jpg","type":"image\/jpeg"}],"twitter_card":"summary_large_image","twitter_misc":{"Est. reading time":"1 minute"},"schema":{"@context":"https:\/\/schema.org","@graph":[{"@type":"WebPage","@id":"https:\/\/hobstop.ee\/lt\/produktas\/aliejines-pasteles-mg-arts\/","url":"https:\/\/hobstop.ee\/lt\/produktas\/aliejines-pasteles-mg-arts\/","name":"Aliejin\u0117s pastel\u0117s M&G Arts &#8211; Skizze","isPartOf":{"@id":"https:\/\/hobstop.ee\/lt\/#website"},"primaryImageOfPage":{"@id":"https:\/\/hobstop.ee\/lt\/produktas\/aliejines-pasteles-mg-arts\/#primaryimage"},"image":{"@id":"https:\/\/hobstop.ee\/lt\/produktas\/aliejines-pasteles-mg-arts\/#primaryimage"},"thumbnailUrl":"https:\/\/hobstop.ee\/media\/5158.jpg","datePublished":"2021-08-06T12:29:28+00:00","dateModified":"2021-08-06T12:29:39+00:00","breadcrumb":{"@id":"https:\/\/hobstop.ee\/lt\/produktas\/aliejines-pasteles-mg-arts\/#breadcrumb"},"inLanguage":"lt","potentialAction":[{"@type":"ReadAction","target":["https:\/\/hobstop.ee\/lt\/produktas\/aliejines-pasteles-mg-arts\/"]}]},{"@type":"ImageObject","inLanguage":"lt","@id":"https:\/\/hobstop.ee\/lt\/produktas\/aliejines-pasteles-mg-arts\/#primaryimage","url":"https:\/\/hobstop.ee\/media\/5158.jpg","contentUrl":"https:\/\/hobstop.ee\/media\/5158.jpg","width":1024,"height":768},{"@type":"BreadcrumbList","@id":"https:\/\/hobstop.ee\/lt\/produktas\/aliejines-pasteles-mg-arts\/#breadcrumb","itemListElement":[{"@type":"ListItem","position":1,"name":"Avaleht","item":"https:\/\/hobstop.ee\/lt\/"},{"@type":"ListItem","position":2,"name":"Parduotuv\u0117","item":"https:\/\/hobstop.ee\/lt\/parduotuve\/"},{"@type":"ListItem","position":3,"name":"Aliejin\u0117s pastel\u0117s M&#038;G Arts"}]},{"@type":"WebSite","@id":"https:\/\/hobstop.ee\/lt\/#website","url":"https:\/\/hobstop.ee\/lt\/","name":"Skizze","description":"Dail\u0117s, pom\u0117gi\u0173 ir mokykliniai reikm\u0117nys","publisher":{"@id":"https:\/\/hobstop.ee\/lt\/#organization"},"potentialAction":[{"@type":"SearchAction","target":{"@type":"EntryPoint","urlTemplate":"https:\/\/hobstop.ee\/lt\/?s={search_term_string}"},"query-input":{"@type":"PropertyValueSpecification","valueRequired":true,"valueName":"search_term_string"}}],"inLanguage":"lt"},{"@type":"Organization","@id":"https:\/\/hobstop.ee\/lt\/#organization","name":"Vunder AS","url":"https:\/\/hobstop.ee\/lt\/","logo":{"@type":"ImageObject","inLanguage":"lt","@id":"https:\/\/hobstop.ee\/lt\/#\/schema\/logo\/image\/","url":"https:\/\/hobstop.ee\/media\/vunder-logo.png","contentUrl":"https:\/\/hobstop.ee\/media\/vunder-logo.png","width":127,"height":55,"caption":"Vunder AS"},"image":{"@id":"https:\/\/hobstop.ee\/lt\/#\/schema\/logo\/image\/"},"sameAs":["http:\/\/www.facebook.com\/VunderSkizze"]}]}},"_links":{"self":[{"href":"https:\/\/hobstop.ee\/lt\/wp-json\/wp\/v2\/product\/341962","targetHints":{"allow":["GET"]}}],"collection":[{"href":"https:\/\/hobstop.ee\/lt\/wp-json\/wp\/v2\/product"}],"about":[{"href":"https:\/\/hobstop.ee\/lt\/wp-json\/wp\/v2\/types\/product"}],"replies":[{"embeddable":true,"href":"https:\/\/hobstop.ee\/lt\/wp-json\/wp\/v2\/comments?post=341962"}],"wp:featuredmedia":[{"embeddable":true,"href":"https:\/\/hobstop.ee\/lt\/wp-json\/wp\/v2\/media\/353704"}],"wp:attachment":[{"href":"https:\/\/hobstop.ee\/lt\/wp-json\/wp\/v2\/media?parent=341962"}],"wp:term":[{"taxonomy":"product_cat","embeddable":true,"href":"https:\/\/hobstop.ee\/lt\/wp-json\/wp\/v2\/product_cat?post=341962"},{"taxonomy":"product_tag","embeddable":true,"href":"https:\/\/hobstop.ee\/lt\/wp-json\/wp\/v2\/product_tag?post=341962"}],"curies":[{"name":"wp","href":"https:\/\/api.w.org\/{rel}","templated":true}]}}