{"id":341982,"date":"2021-08-06T15:17:55","date_gmt":"2021-08-06T12:17:55","guid":{"rendered":"https:\/\/sharks.ee\/vunder_2019\/?post_type=product&#038;p=341982"},"modified":"2021-08-06T15:17:55","modified_gmt":"2021-08-06T12:17:55","slug":"skriestuvas-dezuteje-maped-no308","status":"publish","type":"product","link":"https:\/\/hobstop.ee\/lt\/produktas\/skriestuvas-dezuteje-maped-no308\/","title":{"rendered":"Skriestuvas d\u0117\u017eut\u0117je Maped No308"},"content":{"rendered":"<p>Techninis skriestuvas \u201eMaped N\u00b0308\u201c yra sukurtas taip, kad atitikt\u0173 auk\u0161\u010diausius tikslumo ir patikimumo reikalavimus. \u201eKneepads\u201c filialas u\u017etikrina linijos stabilum\u0105 ir tikslum\u0105. Maksimalus skersmuo \u2013 30cm. Puikiai tinka studentams ir profesionalams, ie\u0161kantiems kokybi\u0161ko ir patvaraus skriestuvo.<\/p>\n<p>Rinkinyje yra:<br \/>\nKlasikinis techninis \u201eMaped\u201c skriestuvas<br \/>\nPapildomos \u0161erdel\u0117s<br \/>\nParkerio adapteris<br \/>\nPapildomas var\u017etelis<\/p>\n","protected":false},"excerpt":{"rendered":"<p>Techninis skriestuvas \u201eMaped N\u00b0308\u201c yra sukurtas taip, kad atitikt\u0173 auk\u0161\u010diausius tikslumo ir patikimumo reikalavimus. \u201eKneepads\u201c filialas u\u017etikrina linijos stabilum\u0105 ir tikslum\u0105. Maksimalus skersmuo \u2013 30cm. Puikiai tinka studentams ir profesionalams, ie\u0161kantiems kokybi\u0161ko ir patvaraus skriestuvo. Rinkinyje yra: Klasikinis techninis \u201eMaped\u201c skriestuvas Papildomos \u0161erdel\u0117s Parkerio adapteris Papildomas var\u017etelis<\/p>\n","protected":false},"featured_media":354392,"comment_status":"closed","ping_status":"closed","template":"","meta":{"_acf_changed":false,"ep_exclude_from_search":false},"product_cat":[20361],"product_tag":[],"class_list":{"0":"post-341982","1":"product","2":"type-product","3":"status-publish","4":"has-post-thumbnail","6":"product_cat-maaramata","8":"first","9":"instock","10":"taxable","11":"shipping-taxable","12":"product-type-simple"},"acf":[],"yoast_head":"<!-- This site is optimized with the Yoast SEO plugin v24.1 - https:\/\/yoast.com\/wordpress\/plugins\/seo\/ -->\n<title>Skriestuvas d\u0117\u017eut\u0117je Maped No308 &#8211; Skizze<\/title>\n<meta name=\"robots\" content=\"noindex, follow, max-snippet:-1, max-image-preview:large, max-video-preview:-1\" \/>\n<meta property=\"og:locale\" content=\"lt_LT\" \/>\n<meta property=\"og:type\" content=\"article\" \/>\n<meta property=\"og:title\" content=\"Skriestuvas d\u0117\u017eut\u0117je Maped No308 &#8211; Skizze\" \/>\n<meta property=\"og:description\" content=\"Techninis skriestuvas \u201eMaped N\u00b0308\u201c yra sukurtas taip, kad atitikt\u0173 auk\u0161\u010diausius tikslumo ir patikimumo reikalavimus. \u201eKneepads\u201c filialas u\u017etikrina linijos stabilum\u0105 ir tikslum\u0105. Maksimalus skersmuo \u2013 30cm. Puikiai tinka studentams ir profesionalams, ie\u0161kantiems kokybi\u0161ko ir patvaraus skriestuvo. Rinkinyje yra: Klasikinis techninis \u201eMaped\u201c skriestuvas Papildomos \u0161erdel\u0117s Parkerio adapteris Papildomas var\u017etelis\" \/>\n<meta property=\"og:url\" content=\"https:\/\/hobstop.ee\/lt\/produktas\/skriestuvas-dezuteje-maped-no308\/\" \/>\n<meta property=\"og:site_name\" content=\"Skizze\" \/>\n<meta property=\"article:publisher\" content=\"http:\/\/www.facebook.com\/VunderSkizze\" \/>\n<meta property=\"og:image\" content=\"https:\/\/hobstop.ee\/media\/5188.jpg\" \/>\n\t<meta property=\"og:image:width\" content=\"1024\" \/>\n\t<meta property=\"og:image:height\" content=\"768\" \/>\n\t<meta property=\"og:image:type\" content=\"image\/jpeg\" \/>\n<meta name=\"twitter:card\" content=\"summary_large_image\" \/>\n<script type=\"application\/ld+json\" class=\"yoast-schema-graph\">{\"@context\":\"https:\/\/schema.org\",\"@graph\":[{\"@type\":\"WebPage\",\"@id\":\"https:\/\/hobstop.ee\/lt\/produktas\/skriestuvas-dezuteje-maped-no308\/\",\"url\":\"https:\/\/hobstop.ee\/lt\/produktas\/skriestuvas-dezuteje-maped-no308\/\",\"name\":\"Skriestuvas d\u0117\u017eut\u0117je Maped No308 &#8211; Skizze\",\"isPartOf\":{\"@id\":\"https:\/\/www.hobstop.ee\/lt\/#website\"},\"primaryImageOfPage\":{\"@id\":\"https:\/\/hobstop.ee\/lt\/produktas\/skriestuvas-dezuteje-maped-no308\/#primaryimage\"},\"image\":{\"@id\":\"https:\/\/hobstop.ee\/lt\/produktas\/skriestuvas-dezuteje-maped-no308\/#primaryimage\"},\"thumbnailUrl\":\"https:\/\/hobstop.ee\/media\/5188.jpg\",\"datePublished\":\"2021-08-06T12:17:55+00:00\",\"dateModified\":\"2021-08-06T12:17:55+00:00\",\"breadcrumb\":{\"@id\":\"https:\/\/hobstop.ee\/lt\/produktas\/skriestuvas-dezuteje-maped-no308\/#breadcrumb\"},\"inLanguage\":\"lt\",\"potentialAction\":[{\"@type\":\"ReadAction\",\"target\":[\"https:\/\/hobstop.ee\/lt\/produktas\/skriestuvas-dezuteje-maped-no308\/\"]}]},{\"@type\":\"ImageObject\",\"inLanguage\":\"lt\",\"@id\":\"https:\/\/hobstop.ee\/lt\/produktas\/skriestuvas-dezuteje-maped-no308\/#primaryimage\",\"url\":\"https:\/\/hobstop.ee\/media\/5188.jpg\",\"contentUrl\":\"https:\/\/hobstop.ee\/media\/5188.jpg\",\"width\":1024,\"height\":768},{\"@type\":\"BreadcrumbList\",\"@id\":\"https:\/\/hobstop.ee\/lt\/produktas\/skriestuvas-dezuteje-maped-no308\/#breadcrumb\",\"itemListElement\":[{\"@type\":\"ListItem\",\"position\":1,\"name\":\"Avaleht\",\"item\":\"https:\/\/hobstop.ee\/lt\/\"},{\"@type\":\"ListItem\",\"position\":2,\"name\":\"Parduotuv\u0117\",\"item\":\"https:\/\/www.hobstop.ee\/lt\/parduotuve\/\"},{\"@type\":\"ListItem\",\"position\":3,\"name\":\"Skriestuvas d\u0117\u017eut\u0117je Maped No308\"}]},{\"@type\":\"WebSite\",\"@id\":\"https:\/\/www.hobstop.ee\/lt\/#website\",\"url\":\"https:\/\/www.hobstop.ee\/lt\/\",\"name\":\"Skizze\",\"description\":\"Dail\u0117s, pom\u0117gi\u0173 ir mokykliniai reikm\u0117nys\",\"publisher\":{\"@id\":\"https:\/\/www.hobstop.ee\/lt\/#organization\"},\"potentialAction\":[{\"@type\":\"SearchAction\",\"target\":{\"@type\":\"EntryPoint\",\"urlTemplate\":\"https:\/\/www.hobstop.ee\/lt\/?s={search_term_string}\"},\"query-input\":{\"@type\":\"PropertyValueSpecification\",\"valueRequired\":true,\"valueName\":\"search_term_string\"}}],\"inLanguage\":\"lt\"},{\"@type\":\"Organization\",\"@id\":\"https:\/\/www.hobstop.ee\/lt\/#organization\",\"name\":\"Vunder AS\",\"url\":\"https:\/\/www.hobstop.ee\/lt\/\",\"logo\":{\"@type\":\"ImageObject\",\"inLanguage\":\"lt\",\"@id\":\"https:\/\/www.hobstop.ee\/lt\/#\/schema\/logo\/image\/\",\"url\":\"https:\/\/hobstop.ee\/media\/vunder-logo.png\",\"contentUrl\":\"https:\/\/hobstop.ee\/media\/vunder-logo.png\",\"width\":127,\"height\":55,\"caption\":\"Vunder AS\"},\"image\":{\"@id\":\"https:\/\/www.hobstop.ee\/lt\/#\/schema\/logo\/image\/\"},\"sameAs\":[\"http:\/\/www.facebook.com\/VunderSkizze\"]}]}<\/script>\n<!-- \/ Yoast SEO plugin. -->","yoast_head_json":{"title":"Skriestuvas d\u0117\u017eut\u0117je Maped No308 &#8211; Skizze","robots":{"index":"noindex","follow":"follow","max-snippet":"max-snippet:-1","max-image-preview":"max-image-preview:large","max-video-preview":"max-video-preview:-1"},"og_locale":"lt_LT","og_type":"article","og_title":"Skriestuvas d\u0117\u017eut\u0117je Maped No308 &#8211; Skizze","og_description":"Techninis skriestuvas \u201eMaped N\u00b0308\u201c yra sukurtas taip, kad atitikt\u0173 auk\u0161\u010diausius tikslumo ir patikimumo reikalavimus. \u201eKneepads\u201c filialas u\u017etikrina linijos stabilum\u0105 ir tikslum\u0105. Maksimalus skersmuo \u2013 30cm. Puikiai tinka studentams ir profesionalams, ie\u0161kantiems kokybi\u0161ko ir patvaraus skriestuvo. Rinkinyje yra: Klasikinis techninis \u201eMaped\u201c skriestuvas Papildomos \u0161erdel\u0117s Parkerio adapteris Papildomas var\u017etelis","og_url":"https:\/\/hobstop.ee\/lt\/produktas\/skriestuvas-dezuteje-maped-no308\/","og_site_name":"Skizze","article_publisher":"http:\/\/www.facebook.com\/VunderSkizze","og_image":[{"width":1024,"height":768,"url":"https:\/\/hobstop.ee\/media\/5188.jpg","type":"image\/jpeg"}],"twitter_card":"summary_large_image","schema":{"@context":"https:\/\/schema.org","@graph":[{"@type":"WebPage","@id":"https:\/\/hobstop.ee\/lt\/produktas\/skriestuvas-dezuteje-maped-no308\/","url":"https:\/\/hobstop.ee\/lt\/produktas\/skriestuvas-dezuteje-maped-no308\/","name":"Skriestuvas d\u0117\u017eut\u0117je Maped No308 &#8211; Skizze","isPartOf":{"@id":"https:\/\/www.hobstop.ee\/lt\/#website"},"primaryImageOfPage":{"@id":"https:\/\/hobstop.ee\/lt\/produktas\/skriestuvas-dezuteje-maped-no308\/#primaryimage"},"image":{"@id":"https:\/\/hobstop.ee\/lt\/produktas\/skriestuvas-dezuteje-maped-no308\/#primaryimage"},"thumbnailUrl":"https:\/\/hobstop.ee\/media\/5188.jpg","datePublished":"2021-08-06T12:17:55+00:00","dateModified":"2021-08-06T12:17:55+00:00","breadcrumb":{"@id":"https:\/\/hobstop.ee\/lt\/produktas\/skriestuvas-dezuteje-maped-no308\/#breadcrumb"},"inLanguage":"lt","potentialAction":[{"@type":"ReadAction","target":["https:\/\/hobstop.ee\/lt\/produktas\/skriestuvas-dezuteje-maped-no308\/"]}]},{"@type":"ImageObject","inLanguage":"lt","@id":"https:\/\/hobstop.ee\/lt\/produktas\/skriestuvas-dezuteje-maped-no308\/#primaryimage","url":"https:\/\/hobstop.ee\/media\/5188.jpg","contentUrl":"https:\/\/hobstop.ee\/media\/5188.jpg","width":1024,"height":768},{"@type":"BreadcrumbList","@id":"https:\/\/hobstop.ee\/lt\/produktas\/skriestuvas-dezuteje-maped-no308\/#breadcrumb","itemListElement":[{"@type":"ListItem","position":1,"name":"Avaleht","item":"https:\/\/hobstop.ee\/lt\/"},{"@type":"ListItem","position":2,"name":"Parduotuv\u0117","item":"https:\/\/www.hobstop.ee\/lt\/parduotuve\/"},{"@type":"ListItem","position":3,"name":"Skriestuvas d\u0117\u017eut\u0117je Maped No308"}]},{"@type":"WebSite","@id":"https:\/\/www.hobstop.ee\/lt\/#website","url":"https:\/\/www.hobstop.ee\/lt\/","name":"Skizze","description":"Dail\u0117s, pom\u0117gi\u0173 ir mokykliniai reikm\u0117nys","publisher":{"@id":"https:\/\/www.hobstop.ee\/lt\/#organization"},"potentialAction":[{"@type":"SearchAction","target":{"@type":"EntryPoint","urlTemplate":"https:\/\/www.hobstop.ee\/lt\/?s={search_term_string}"},"query-input":{"@type":"PropertyValueSpecification","valueRequired":true,"valueName":"search_term_string"}}],"inLanguage":"lt"},{"@type":"Organization","@id":"https:\/\/www.hobstop.ee\/lt\/#organization","name":"Vunder AS","url":"https:\/\/www.hobstop.ee\/lt\/","logo":{"@type":"ImageObject","inLanguage":"lt","@id":"https:\/\/www.hobstop.ee\/lt\/#\/schema\/logo\/image\/","url":"https:\/\/hobstop.ee\/media\/vunder-logo.png","contentUrl":"https:\/\/hobstop.ee\/media\/vunder-logo.png","width":127,"height":55,"caption":"Vunder AS"},"image":{"@id":"https:\/\/www.hobstop.ee\/lt\/#\/schema\/logo\/image\/"},"sameAs":["http:\/\/www.facebook.com\/VunderSkizze"]}]}},"_links":{"self":[{"href":"https:\/\/hobstop.ee\/lt\/wp-json\/wp\/v2\/product\/341982","targetHints":{"allow":["GET"]}}],"collection":[{"href":"https:\/\/hobstop.ee\/lt\/wp-json\/wp\/v2\/product"}],"about":[{"href":"https:\/\/hobstop.ee\/lt\/wp-json\/wp\/v2\/types\/product"}],"replies":[{"embeddable":true,"href":"https:\/\/hobstop.ee\/lt\/wp-json\/wp\/v2\/comments?post=341982"}],"wp:featuredmedia":[{"embeddable":true,"href":"https:\/\/hobstop.ee\/lt\/wp-json\/wp\/v2\/media\/354392"}],"wp:attachment":[{"href":"https:\/\/hobstop.ee\/lt\/wp-json\/wp\/v2\/media?parent=341982"}],"wp:term":[{"taxonomy":"product_cat","embeddable":true,"href":"https:\/\/hobstop.ee\/lt\/wp-json\/wp\/v2\/product_cat?post=341982"},{"taxonomy":"product_tag","embeddable":true,"href":"https:\/\/hobstop.ee\/lt\/wp-json\/wp\/v2\/product_tag?post=341982"}],"curies":[{"name":"wp","href":"https:\/\/api.w.org\/{rel}","templated":true}]}}